{"id":1015,"date":"2024-12-23T16:23:01","date_gmt":"2024-12-23T16:23:01","guid":{"rendered":"https:\/\/circle2learning.eu\/es\/?page_id=1015"},"modified":"2025-01-06T10:55:33","modified_gmt":"2025-01-06T10:55:33","slug":"vlogs","status":"publish","type":"page","link":"https:\/\/circle2learning.eu\/es\/vlogs\/","title":{"rendered":"Vlogs"},"content":{"rendered":"<p>[et_pb_section fb_built=&#8221;1&#8243; _builder_version=&#8221;4.19.5&#8243; _module_preset=&#8221;default&#8221; locked=&#8221;off&#8221; global_colors_info=&#8221;{}&#8221;][et_pb_row admin_label=&#8221;title&#8221; _builder_version=&#8221;4.27.2&#8243; _module_preset=&#8221;default&#8221; global_colors_info=&#8221;{}&#8221;][et_pb_column type=&#8221;4_4&#8243; _builder_version=&#8221;4.27.2&#8243; _module_preset=&#8221;default&#8221; global_colors_info=&#8221;{}&#8221;][et_pb_heading title=&#8221;VLOGS&#8221; _builder_version=&#8221;4.27.4&#8243; _module_preset=&#8221;default&#8221; title_font=&#8221;|700|||||||&#8221; title_font_size=&#8221;3em&#8221; background_color=&#8221;#f4ede5&#8243; custom_margin=&#8221;||||false|false&#8221; custom_padding=&#8221;4em||2em|1em|false|false&#8221; title_font_size_tablet=&#8221;3em&#8221; title_font_size_phone=&#8221;3em&#8221; title_font_size_last_edited=&#8221;on|desktop&#8221; box_shadow_style=&#8221;preset4&#8243; box_shadow_horizontal=&#8221;21em&#8221; box_shadow_vertical=&#8221;0px&#8221; box_shadow_color=&#8221;#f4ede5&#8243; global_colors_info=&#8221;{}&#8221;][\/et_pb_heading][\/et_pb_column][\/et_pb_row][et_pb_row column_structure=&#8221;1_2,1_2&#8243; module_class=&#8221;parent-column&#8221; _builder_version=&#8221;4.27.4&#8243; _module_preset=&#8221;default&#8221; animation_style=&#8221;fade&#8221; locked=&#8221;off&#8221; global_colors_info=&#8221;{}&#8221;][et_pb_column type=&#8221;1_2&#8243; _builder_version=&#8221;4.27.0&#8243; _module_preset=&#8221;default&#8221; global_colors_info=&#8221;{}&#8221;][et_pb_text _builder_version=&#8221;4.27.4&#8243; _module_preset=&#8221;default&#8221; text_font=&#8221;||||||||&#8221; text_font_size=&#8221;1.5em&#8221; text_line_height=&#8221;1.6em&#8221; custom_margin=&#8221;||||false|false&#8221; hover_enabled=&#8221;0&#8243; text_font_size_tablet=&#8221;1.3em&#8221; text_font_size_phone=&#8221;1.1em&#8221; text_font_size_last_edited=&#8221;on|desktop&#8221; global_colors_info=&#8221;{}&#8221; sticky_enabled=&#8221;0&#8243;]<\/p>\n<p>\u00bf Sientes curiosidad acerca de la Econom\u00eda Circular y su potencial para remodelar nuestro mundo? Acomp\u00e1\u00f1anos en un viaje para comprender y adoptar este innovador enfoque de la sostenibilidad.<\/p>\n<blockquote style=\"border-left: 5px solid #f4ede5;\">\n<p><strong>Recursos de YouTube para informarse sobre la Econom\u00eda Circular<\/strong><\/p>\n<p data-sourcepos=\"13:1-13:62\"><strong>\u00a0<\/strong><\/p>\n<\/blockquote>\n<p>Hemos creado una gran cantidad de contenidos y vlogs informativos y atractivos sobre la Econom\u00eda Circular. Desde explicaciones de expertos hasta estudios de casos reales, en ellos encontrar\u00e1s todo lo que necesitas para convertirte en un defensor de la Econom\u00eda Circular.<\/p>\n<p>[\/et_pb_text][et_pb_button button_url=&#8221;https:\/\/www.youtube.com\/@circle9319&#8243; url_new_window=&#8221;on&#8221; button_text=&#8221;CONTENIDOS DE YOUTUBE&#8221; module_class=&#8221;divi-portable-button&#8221; _builder_version=&#8221;4.27.4&#8243; _module_preset=&#8221;4c19bb9d-ae95-4f74-b938-9ae177f23a56&#8243; custom_margin=&#8221;40px||10px||false|false&#8221; animation_style=&#8221;slide&#8221; animation_direction=&#8221;right&#8221; hover_enabled=&#8221;0&#8243; custom_css_free_form=&#8221;selector {||  transition: 0.2s;||}||||selector:hover {||  transform: scale(1.05);||}&#8221; locked=&#8221;off&#8221; global_colors_info=&#8221;{}&#8221; sticky_enabled=&#8221;0&#8243;][\/et_pb_button][et_pb_button button_url=&#8221;https:\/\/youtube.com\/playlist?list=PL66RgjqejwtvkQRJnwcLeX1VyrTxNH_D9&#038;si=BgSQ48PDliKhJy9O&#8221; url_new_window=&#8221;on&#8221; button_text=&#8221;Lista de Vlogs&#8221; module_class=&#8221;divi-portable-button&#8221; _builder_version=&#8221;4.27.4&#8243; _module_preset=&#8221;4c19bb9d-ae95-4f74-b938-9ae177f23a56&#8243; custom_margin=&#8221;40px||10px||false|false&#8221; animation_style=&#8221;slide&#8221; animation_direction=&#8221;right&#8221; hover_enabled=&#8221;0&#8243; custom_css_free_form=&#8221;selector {||  transition: 0.2s;||}||||selector:hover {||  transform: scale(1.05);||}&#8221; locked=&#8221;off&#8221; global_colors_info=&#8221;{}&#8221; sticky_enabled=&#8221;0&#8243;][\/et_pb_button][et_pb_toggle title=&#8221;Nuestro canal en YouTube&#8221; open_toggle_text_color=&#8221;rgba(10,10,10,0.4)&#8221; open_toggle_background_color=&#8221;RGBA(255,255,255,0)&#8221; closed_toggle_text_color=&#8221;#0a0a0a&#8221; closed_toggle_background_color=&#8221;RGBA(255,255,255,0)&#8221; icon_color=&#8221;#0a0a0a&#8221; toggle_icon=&#8221;&#x49;||divi||400&#8243; use_icon_font_size=&#8221;on&#8221; icon_font_size=&#8221;40px&#8221; open_icon_color=&#8221;rgba(10,10,10,0.4)&#8221; open_toggle_icon=&#8221;&#x49;||divi||400&#8243; open_use_icon_font_size=&#8221;on&#8221; open_icon_font_size=&#8221;40px&#8221; _builder_version=&#8221;4.27.4&#8243; _module_preset=&#8221;default&#8221; title_font=&#8221;Inter|600||on|||||&#8221; title_letter_spacing=&#8221;0.2em&#8221; closed_title_font=&#8221;Inter|600||on|||||&#8221; closed_title_letter_spacing=&#8221;0.2em&#8221; custom_margin=&#8221;40px||||false|false&#8221; custom_padding=&#8221;25px|25px|25px|25px|true|true&#8221; hover_enabled=&#8221;0&#8243; border_width_all=&#8221;2px&#8221; border_color_all=&#8221;#0a0a0a&#8221; locked=&#8221;off&#8221; global_colors_info=&#8221;{}&#8221; sticky_enabled=&#8221;0&#8243;]<\/p>\n<div class=\"divi-module-destination\"><\/div>\n<p>[\/et_pb_toggle][et_pb_code _builder_version=&#8221;4.27.4&#8243; _module_preset=&#8221;default&#8221; global_colors_info=&#8221;{}&#8221;]<script><!-- [et_pb_line_break_holder] -->(function ($) {<!-- [et_pb_line_break_holder] -->  $(document).ready(function () {<!-- [et_pb_line_break_holder] --> <!-- [et_pb_line_break_holder] -->    $('.divi-portable-button').parent().each(function () {<!-- [et_pb_line_break_holder] -->      $(this).closest('.parent-column').find('.divi-module-destination').append($(this));<!-- [et_pb_line_break_holder] -->    });<!-- [et_pb_line_break_holder] --> <!-- [et_pb_line_break_holder] -->  });<!-- [et_pb_line_break_holder] -->})(jQuery);<!-- [et_pb_line_break_holder] --><\/script>[\/et_pb_code][\/et_pb_column][et_pb_column type=&#8221;1_2&#8243; _builder_version=&#8221;4.27.0&#8243; _module_preset=&#8221;default&#8221; global_colors_info=&#8221;{}&#8221;][et_pb_image src=&#8221;https:\/\/circle2learning.eu\/wp-content\/uploads\/2024\/12\/samuel-ramos-camera-unsplash-800.webp&#8221; alt=&#8221;Photo of a vintage camera by Samuel Ramos on Unsplash&#8221; title_text=&#8221;Photo by Samuel Ramos on Unsplash&#8221; _builder_version=&#8221;4.27.4&#8243; _module_preset=&#8221;default&#8221; box_shadow_style=&#8221;preset4&#8243; box_shadow_horizontal=&#8221;40px&#8221; box_shadow_vertical=&#8221;40px&#8221; box_shadow_color=&#8221;#f4ede5&#8243; global_colors_info=&#8221;{}&#8221;][\/et_pb_image][\/et_pb_column][\/et_pb_row][\/et_pb_section]<\/p>\n","protected":false},"excerpt":{"rendered":"<p>\u00bf Sientes curiosidad acerca de la Econom\u00eda Circular y su potencial para remodelar nuestro mundo? Acomp\u00e1\u00f1anos en un viaje para comprender y adoptar este innovador enfoque de la sostenibilidad. Recursos de YouTube para informarse sobre la Econom\u00eda Circular \u00a0 Hemos creado una gran cantidad de contenidos y vlogs informativos y atractivos sobre la Econom\u00eda Circular. [&hellip;]<\/p>\n","protected":false},"author":8,"featured_media":0,"parent":0,"menu_order":0,"comment_status":"closed","ping_status":"closed","template":"","meta":{"_et_pb_use_builder":"on","_et_pb_old_content":"","_et_gb_content_width":"","footnotes":""},"class_list":["post-1015","page","type-page","status-publish","hentry"],"_links":{"self":[{"href":"https:\/\/circle2learning.eu\/es\/wp-json\/wp\/v2\/pages\/1015","targetHints":{"allow":["GET"]}}],"collection":[{"href":"https:\/\/circle2learning.eu\/es\/wp-json\/wp\/v2\/pages"}],"about":[{"href":"https:\/\/circle2learning.eu\/es\/wp-json\/wp\/v2\/types\/page"}],"author":[{"embeddable":true,"href":"https:\/\/circle2learning.eu\/es\/wp-json\/wp\/v2\/users\/8"}],"replies":[{"embeddable":true,"href":"https:\/\/circle2learning.eu\/es\/wp-json\/wp\/v2\/comments?post=1015"}],"version-history":[{"count":9,"href":"https:\/\/circle2learning.eu\/es\/wp-json\/wp\/v2\/pages\/1015\/revisions"}],"predecessor-version":[{"id":1237,"href":"https:\/\/circle2learning.eu\/es\/wp-json\/wp\/v2\/pages\/1015\/revisions\/1237"}],"wp:attachment":[{"href":"https:\/\/circle2learning.eu\/es\/wp-json\/wp\/v2\/media?parent=1015"}],"curies":[{"name":"wp","href":"https:\/\/api.w.org\/{rel}","templated":true}]}}