{"id":1356,"date":"2025-01-27T15:12:23","date_gmt":"2025-01-27T15:12:23","guid":{"rendered":"https:\/\/circle2learning.eu\/es\/?page_id=1356"},"modified":"2025-02-02T16:36:39","modified_gmt":"2025-02-02T16:36:39","slug":"network","status":"publish","type":"page","link":"https:\/\/circle2learning.eu\/es\/network\/","title":{"rendered":"Network"},"content":{"rendered":"<p>[et_pb_section fb_built=&#8221;1&#8243; _builder_version=&#8221;4.19.5&#8243; _module_preset=&#8221;default&#8221; locked=&#8221;off&#8221; global_colors_info=&#8221;{}&#8221;][et_pb_row admin_label=&#8221;title&#8221; _builder_version=&#8221;4.27.2&#8243; _module_preset=&#8221;default&#8221; global_colors_info=&#8221;{}&#8221;][et_pb_column type=&#8221;4_4&#8243; _builder_version=&#8221;4.27.2&#8243; _module_preset=&#8221;default&#8221; global_colors_info=&#8221;{}&#8221;][et_pb_heading title=&#8221;RED DE CIRCLE2&#8243; _builder_version=&#8221;4.27.4&#8243; _module_preset=&#8221;default&#8221; title_font=&#8221;|700|||||||&#8221; title_font_size=&#8221;3em&#8221; background_color=&#8221;#f4ede5&#8243; custom_margin=&#8221;||||false|false&#8221; custom_padding=&#8221;4em||2em|1em|false|false&#8221; title_font_size_tablet=&#8221;3em&#8221; title_font_size_phone=&#8221;3em&#8221; title_font_size_last_edited=&#8221;on|desktop&#8221; box_shadow_style=&#8221;preset4&#8243; box_shadow_horizontal=&#8221;21em&#8221; box_shadow_vertical=&#8221;0px&#8221; box_shadow_color=&#8221;#f4ede5&#8243; global_colors_info=&#8221;{}&#8221;][\/et_pb_heading][\/et_pb_column][\/et_pb_row][et_pb_row _builder_version=&#8221;4.27.2&#8243; _module_preset=&#8221;default&#8221; animation_style=&#8221;fade&#8221; global_colors_info=&#8221;{}&#8221;][et_pb_column type=&#8221;4_4&#8243; _builder_version=&#8221;4.27.0&#8243; _module_preset=&#8221;default&#8221; global_colors_info=&#8221;{}&#8221;][et_pb_text _builder_version=&#8221;4.27.4&#8243; _module_preset=&#8221;default&#8221; text_font=&#8221;||||||||&#8221; text_font_size=&#8221;1.5em&#8221; text_line_height=&#8221;1.6em&#8221; text_font_size_tablet=&#8221;1.3em&#8221; text_font_size_phone=&#8221;1.1em&#8221; text_font_size_last_edited=&#8221;on|desktop&#8221; global_colors_info=&#8221;{}&#8221;]<\/p>\n<p><strong>CIRCLE2<\/strong> fomenta la colaboraci\u00f3n entre los proveedores de ense\u00f1anza y formaci\u00f3n profesional (<strong>EFP<\/strong>) y peque\u00f1as y medianas empresas (<strong>PYMES<\/strong>) que aplican activamente pr\u00e1cticas de econom\u00eda circular o est\u00e1n comprometidas con la sostenibilidad.<\/p>\n<p>Descubre nuestra red en el mapa.<\/p>\n<p>[\/et_pb_text][\/et_pb_column][\/et_pb_row][\/et_pb_section][et_pb_section fb_built=&#8221;1&#8243; _builder_version=&#8221;4.25.1&#8243; _module_preset=&#8221;default&#8221; custom_padding=&#8221;||100px||false|false&#8221; locked=&#8221;off&#8221; global_colors_info=&#8221;{}&#8221;][et_pb_row _builder_version=&#8221;4.25.1&#8243; _module_preset=&#8221;default&#8221; global_colors_info=&#8221;{}&#8221;][et_pb_column type=&#8221;4_4&#8243; _builder_version=&#8221;4.25.1&#8243; _module_preset=&#8221;default&#8221; global_colors_info=&#8221;{}&#8221;][et_pb_divider color=&#8221;#f4ede5&#8243; divider_weight=&#8221;20px&#8221; _builder_version=&#8221;4.27.4&#8243; _module_preset=&#8221;default&#8221; global_colors_info=&#8221;{}&#8221;][\/et_pb_divider][et_pb_text _builder_version=&#8221;4.27.4&#8243; _module_preset=&#8221;default&#8221; header_font=&#8221;|700|||||||&#8221; header_font_size=&#8221;3em&#8221; header_2_font=&#8221;|700|||||||&#8221; header_2_font_size=&#8221;3em&#8221; animation_style=&#8221;slide&#8221; animation_direction=&#8221;right&#8221; header_font_size_tablet=&#8221;3em&#8221; header_font_size_phone=&#8221;3em&#8221; header_font_size_last_edited=&#8221;on|phone&#8221; global_colors_info=&#8221;{}&#8221;]<\/p>\n<h1 style=\"text-align: center;\"><strong>RED DE EFP<\/strong><\/h1>\n<p>[\/et_pb_text][et_pb_code _builder_version=&#8221;4.25.1&#8243; _module_preset=&#8221;default&#8221; text_orientation=&#8221;center&#8221; module_alignment=&#8221;center&#8221; custom_padding=&#8221;||0px|||&#8221; global_colors_info=&#8221;{}&#8221;]<\/p>\n<div style=\"height:480px; border:0px solid #eee; display:inline-block; overflow:hidden;\"><!-- [et_pb_line_break_holder] -->  <iframe style=\"position:relative; top:-65px; border:none;\"src=\"https:\/\/www.google.com\/maps\/d\/embed?mid=1BjlkMUMpUDNViUJB63tVYKz_MDzFCME&#038;ehbc=2E312F\" width=\"1080\" height=\"480\"><\/iframe><\/div>\n<p>[\/et_pb_code][et_pb_gallery gallery_ids=&#8221;1385,1427,1426,1425,1424,1423,1422,1421,1420,1419,1418,1417,1416,1415,1414,1413,1412,1411,1410,1409,1408,1407,1406,1405,1404,1403,1402,1401,1400,1399,1398,1397,1396,1395,1394,1393,1392,1391,1390,1389,1388,1387,1386&#8243; posts_number=&#8221;8&#8243; orientation=&#8221;portrait&#8221; show_title_and_caption=&#8221;off&#8221; zoom_icon_color=&#8221;RGBA(255,255,255,0)&#8221; hover_overlay_color=&#8221;RGBA(255,255,255,0)&#8221; _builder_version=&#8221;4.27.4&#8243; _module_preset=&#8221;default&#8221; pagination_text_align=&#8221;center&#8221; width=&#8221;100%&#8221; max_width=&#8221;50%&#8221; module_alignment=&#8221;center&#8221; custom_margin=&#8221;||100px||false|false&#8221; animation_style=&#8221;fade&#8221; global_colors_info=&#8221;{}&#8221;][\/et_pb_gallery][\/et_pb_column][\/et_pb_row][et_pb_row _builder_version=&#8221;4.25.1&#8243; _module_preset=&#8221;default&#8221; global_colors_info=&#8221;{}&#8221;][et_pb_column type=&#8221;4_4&#8243; _builder_version=&#8221;4.25.1&#8243; _module_preset=&#8221;default&#8221; global_colors_info=&#8221;{}&#8221;][et_pb_divider color=&#8221;#f4ede5&#8243; divider_weight=&#8221;20px&#8221; _builder_version=&#8221;4.27.4&#8243; _module_preset=&#8221;default&#8221; locked=&#8221;off&#8221; global_colors_info=&#8221;{}&#8221;][\/et_pb_divider][et_pb_text _builder_version=&#8221;4.25.1&#8243; _module_preset=&#8221;default&#8221; header_font=&#8221;|700|||||||&#8221; header_font_size=&#8221;3em&#8221; header_2_font=&#8221;|700|||||||&#8221; header_2_font_size=&#8221;3em&#8221; animation_style=&#8221;slide&#8221; animation_direction=&#8221;right&#8221; header_font_size_tablet=&#8221;3em&#8221; header_font_size_phone=&#8221;3em&#8221; header_font_size_last_edited=&#8221;on|phone&#8221; global_colors_info=&#8221;{}&#8221;]<\/p>\n<h1 style=\"text-align: center;\"><strong>RED DE PYMES<\/strong><\/h1>\n<p>[\/et_pb_text][et_pb_code _builder_version=&#8221;4.25.1&#8243; _module_preset=&#8221;default&#8221; global_colors_info=&#8221;{}&#8221;]<\/p>\n<div style=\"height:480px; border:0px solid #eee; display:inline-block; overflow:hidden;\"><!-- [et_pb_line_break_holder] -->  <iframe style=\"position:relative; top:-65px; border:none;\"src=\"https:\/\/www.google.com\/maps\/d\/embed?mid=1EF_SP7T2m7Kmn9WglgSShpP9TlnCxCc&#038;ehbc=2E312F\" width=\"1080\" height=\"480\"><\/iframe><\/div>\n<p>[\/et_pb_code][et_pb_gallery gallery_ids=&#8221;1359,1384,1383,1382,1381,1380,1379,1378,1377,1376,1375,1374,1373,1372,1371,1370,1369,1368,1367,1366,1365,1364,1363,1362,1361,1360&#8243; posts_number=&#8221;8&#8243; orientation=&#8221;portrait&#8221; show_title_and_caption=&#8221;off&#8221; zoom_icon_color=&#8221;RGBA(255,255,255,0)&#8221; hover_overlay_color=&#8221;RGBA(255,255,255,0)&#8221; _builder_version=&#8221;4.27.4&#8243; _module_preset=&#8221;default&#8221; pagination_text_align=&#8221;center&#8221; width=&#8221;100%&#8221; max_width=&#8221;50%&#8221; module_alignment=&#8221;center&#8221; custom_margin=&#8221;||100px||false|false&#8221; animation_style=&#8221;fade&#8221; global_colors_info=&#8221;{}&#8221;][\/et_pb_gallery][\/et_pb_column][\/et_pb_row][\/et_pb_section][et_pb_section fb_built=&#8221;1&#8243; _builder_version=&#8221;4.27.0&#8243; _module_preset=&#8221;default&#8221; background_color=&#8221;#FFFFFF&#8221; module_alignment=&#8221;center&#8221; locked=&#8221;off&#8221; global_colors_info=&#8221;{}&#8221;][et_pb_row _builder_version=&#8221;4.25.2&#8243; _module_preset=&#8221;default&#8221; custom_margin=&#8221;||25px||false|false&#8221; custom_padding=&#8221;12px|12px|12px|12px|false|false&#8221; global_colors_info=&#8221;{}&#8221;][et_pb_column type=&#8221;4_4&#8243; _builder_version=&#8221;4.25.2&#8243; _module_preset=&#8221;default&#8221; global_colors_info=&#8221;{}&#8221;][et_pb_image src=&#8221;https:\/\/circle2learning.eu\/es\/wp-content\/uploads\/2024\/10\/Financiado-por-la-Union-Europea.png&#8221; title_text=&#8221;Financiado por la Uni\u00f3n Europea&#8221; _builder_version=&#8221;4.27.0&#8243; _module_preset=&#8221;default&#8221; width=&#8221;40%&#8221; width_tablet=&#8221;60%&#8221; width_phone=&#8221;80%&#8221; width_last_edited=&#8221;on|phone&#8221; module_alignment=&#8221;center&#8221; border_radii=&#8221;on|1px|1px|1px|1px&#8221; border_width_all=&#8221;2px&#8221; border_color_all=&#8221;#FFFFFF&#8221; global_colors_info=&#8221;{}&#8221;][\/et_pb_image][\/et_pb_column][\/et_pb_row][et_pb_row _builder_version=&#8221;4.25.2&#8243; _module_preset=&#8221;default&#8221; custom_margin=&#8221;||||false|false&#8221; custom_padding=&#8221;0px|0px|0px|0px|false|false&#8221; global_colors_info=&#8221;{}&#8221;][et_pb_column type=&#8221;4_4&#8243; _builder_version=&#8221;4.25.2&#8243; _module_preset=&#8221;default&#8221; global_colors_info=&#8221;{}&#8221;][et_pb_text _builder_version=&#8221;4.27.0&#8243; _module_preset=&#8221;_initial&#8221; text_text_color=&#8221;#000000&#8243; text_line_height=&#8221;1.2em&#8221; header_text_color=&#8221;#000000&#8243; header_2_text_color=&#8221;#000000&#8243; custom_margin=&#8221;0px|0px|0px|0px|false|false&#8221; custom_padding=&#8221;0px|0px|0px|0px|false|false&#8221; text_font_size_tablet=&#8221;12px&#8221; text_font_size_phone=&#8221;11px&#8221; text_font_size_last_edited=&#8221;on|phone&#8221; global_colors_info=&#8221;{}&#8221;]<\/p>\n<p style=\"text-align: center;\"><strong>N\u00famero Proyecto: 2022-1-LT01-KA220-VET-000085809<\/strong><\/p>\n<p style=\"text-align: center;\">Financiado por la Uni\u00f3n Europea. Las opiniones y puntos de vista expresados solo comprometen a su(s) autor(es) y no reflejan necesariamente los de la Uni\u00f3n Europea o los de la Agencia Ejecutiva Europea de Educaci\u00f3n y Cultura (EACEA). Ni la Uni\u00f3n Europea ni la EACEA pueden ser considerados responsables de ellos.<\/p>\n<p>[\/et_pb_text][et_pb_text _builder_version=&#8221;4.27.0&#8243; _module_preset=&#8221;_initial&#8221; text_font=&#8221;||||||||&#8221; header_text_color=&#8221;#000000&#8243; header_2_text_color=&#8221;#000000&#8243; text_orientation=&#8221;center&#8221; custom_padding=&#8221;10px||||false|false&#8221; text_font_size_tablet=&#8221;12px&#8221; text_font_size_phone=&#8221;11px&#8221; text_font_size_last_edited=&#8221;on|phone&#8221; global_colors_info=&#8221;{}&#8221;]<\/p>\n<p style=\"text-align: center;\"><a href=\"https:\/\/circle2learning.eu\/es\/privacy-policy\/\" target=\"_blank\" rel=\"noopener\" title=\"Privacy Policy\">Privacy Policy<\/a><\/p>\n<p>[\/et_pb_text][\/et_pb_column][\/et_pb_row][\/et_pb_section]<\/p>\n","protected":false},"excerpt":{"rendered":"<p>CIRCLE2 fomenta la colaboraci\u00f3n entre los proveedores de ense\u00f1anza y formaci\u00f3n profesional (EFP) y peque\u00f1as y medianas empresas (PYMES) que aplican activamente pr\u00e1cticas de econom\u00eda circular o est\u00e1n comprometidas con la sostenibilidad. Descubre nuestra red en el mapa.RED DE EFPRED DE PYMESN\u00famero Proyecto: 2022-1-LT01-KA220-VET-000085809 Financiado por la Uni\u00f3n Europea. Las opiniones y puntos de vista [&hellip;]<\/p>\n","protected":false},"author":8,"featured_media":0,"parent":0,"menu_order":0,"comment_status":"closed","ping_status":"closed","template":"","meta":{"_et_pb_use_builder":"on","_et_pb_old_content":"","_et_gb_content_width":"","footnotes":""},"class_list":["post-1356","page","type-page","status-publish","hentry"],"_links":{"self":[{"href":"https:\/\/circle2learning.eu\/es\/wp-json\/wp\/v2\/pages\/1356","targetHints":{"allow":["GET"]}}],"collection":[{"href":"https:\/\/circle2learning.eu\/es\/wp-json\/wp\/v2\/pages"}],"about":[{"href":"https:\/\/circle2learning.eu\/es\/wp-json\/wp\/v2\/types\/page"}],"author":[{"embeddable":true,"href":"https:\/\/circle2learning.eu\/es\/wp-json\/wp\/v2\/users\/8"}],"replies":[{"embeddable":true,"href":"https:\/\/circle2learning.eu\/es\/wp-json\/wp\/v2\/comments?post=1356"}],"version-history":[{"count":4,"href":"https:\/\/circle2learning.eu\/es\/wp-json\/wp\/v2\/pages\/1356\/revisions"}],"predecessor-version":[{"id":1533,"href":"https:\/\/circle2learning.eu\/es\/wp-json\/wp\/v2\/pages\/1356\/revisions\/1533"}],"wp:attachment":[{"href":"https:\/\/circle2learning.eu\/es\/wp-json\/wp\/v2\/media?parent=1356"}],"curies":[{"name":"wp","href":"https:\/\/api.w.org\/{rel}","templated":true}]}}