{"id":1431,"date":"2025-01-27T15:20:13","date_gmt":"2025-01-27T15:20:13","guid":{"rendered":"https:\/\/circle2learning.eu\/es\/?page_id=1431"},"modified":"2025-02-09T16:43:54","modified_gmt":"2025-02-09T16:43:54","slug":"news","status":"publish","type":"page","link":"https:\/\/circle2learning.eu\/es\/news\/","title":{"rendered":"Noticias"},"content":{"rendered":"<p>[et_pb_section fb_built=&#8221;1&#8243; _builder_version=&#8221;4.22.2&#8243; _module_preset=&#8221;default&#8221; global_colors_info=&#8221;{}&#8221;][et_pb_row column_structure=&#8221;3_4,1_4&#8243; _builder_version=&#8221;4.22.2&#8243; _module_preset=&#8221;default&#8221; global_colors_info=&#8221;{}&#8221;][et_pb_column type=&#8221;3_4&#8243; _builder_version=&#8221;4.22.2&#8243; _module_preset=&#8221;default&#8221; global_colors_info=&#8221;{}&#8221;][et_pb_text _builder_version=&#8221;4.27.4&#8243; _module_preset=&#8221;_initial&#8221; header_text_color=&#8221;#000000&#8243; header_2_text_color=&#8221;#000000&#8243; custom_padding=&#8221;2px|||||&#8221; global_colors_info=&#8221;{}&#8221;]<\/p>\n<h2><strong>Noticias sobre CIRCLE2 y consejos sobre econom\u00eda circular<\/strong><\/h2>\n<p>&nbsp;<\/p>\n<p>En Circle2, nos dedicamos a concienciar a los profesionales de FP sobre los principios y las ventajas de la Econom\u00eda Circular. Nuestra misi\u00f3n es ofrecerte las \u00faltimas noticias, ideas y valiosos consejos que te ayuden en este cambio de paradigma sostenible. Descubre entrevistas cautivadoras, art\u00edculos informativos y contenidos que te ayudar\u00e1n a comprender mejor la Econom\u00eda Circular y su impacto en las distintas industrias. Mantente al tanto de nuestras actualizaciones y emb\u00e1rcate con nosotros en este viaje transformador.<\/p>\n<p>&nbsp;<\/p>\n<p>[\/et_pb_text][et_pb_image src=&#8221;https:\/\/circle2learning.eu\/es\/wp-content\/uploads\/2025\/01\/Welcome.jpeg&#8221; title_text=&#8221;Welcome&#8221; _builder_version=&#8221;4.22.2&#8243; _module_preset=&#8221;default&#8221; hover_enabled=&#8221;0&#8243; global_colors_info=&#8221;{}&#8221; sticky_enabled=&#8221;0&#8243;][\/et_pb_image][\/et_pb_column][et_pb_column type=&#8221;1_4&#8243; _builder_version=&#8221;4.22.2&#8243; _module_preset=&#8221;default&#8221; global_colors_info=&#8221;{}&#8221;][et_pb_blog posts_number=&#8221;4&#8243; use_manual_excerpt=&#8221;off&#8221; excerpt_length=&#8221;0&#8243; show_author=&#8221;off&#8221; show_date=&#8221;off&#8221; _builder_version=&#8221;4.27.4&#8243; _module_preset=&#8221;default&#8221; pagination_font_size=&#8221;20px&#8221; custom_margin=&#8221;||||true|true&#8221; custom_padding=&#8221;||||true|true&#8221; link_option_url_new_window=&#8221;on&#8221; sticky_limit_bottom=&#8221;body&#8221; hover_enabled=&#8221;0&#8243; border_radii_fullwidth=&#8221;off|||10px|10px&#8221; border_color_all_fullwidth=&#8221;rgba(2,2,2,0.11)&#8221; border_width_bottom_fullwidth=&#8221;2px&#8221; border_color_bottom_fullwidth=&#8221;#D6D6D6&#8243; border_radii_image=&#8221;off|12px|12px||&#8221; border_width_top_image=&#8221;2px&#8221; border_color_top_image=&#8221;#D6D6D6&#8243; border_color_right_image=&#8221;#D6D6D6&#8243; global_colors_info=&#8221;{}&#8221; sticky_enabled=&#8221;0&#8243;][\/et_pb_blog][\/et_pb_column][\/et_pb_row][\/et_pb_section]<\/p>\n","protected":false},"excerpt":{"rendered":"<p>Noticias sobre CIRCLE2 y consejos sobre econom\u00eda circular &nbsp; En Circle2, nos dedicamos a concienciar a los profesionales de FP sobre los principios y las ventajas de la Econom\u00eda Circular. Nuestra misi\u00f3n es ofrecerte las \u00faltimas noticias, ideas y valiosos consejos que te ayuden en este cambio de paradigma sostenible. Descubre entrevistas cautivadoras, art\u00edculos informativos [&hellip;]<\/p>\n","protected":false},"author":8,"featured_media":0,"parent":0,"menu_order":0,"comment_status":"closed","ping_status":"closed","template":"","meta":{"_et_pb_use_builder":"on","_et_pb_old_content":"","_et_gb_content_width":"","footnotes":""},"class_list":["post-1431","page","type-page","status-publish","hentry"],"_links":{"self":[{"href":"https:\/\/circle2learning.eu\/es\/wp-json\/wp\/v2\/pages\/1431","targetHints":{"allow":["GET"]}}],"collection":[{"href":"https:\/\/circle2learning.eu\/es\/wp-json\/wp\/v2\/pages"}],"about":[{"href":"https:\/\/circle2learning.eu\/es\/wp-json\/wp\/v2\/types\/page"}],"author":[{"embeddable":true,"href":"https:\/\/circle2learning.eu\/es\/wp-json\/wp\/v2\/users\/8"}],"replies":[{"embeddable":true,"href":"https:\/\/circle2learning.eu\/es\/wp-json\/wp\/v2\/comments?post=1431"}],"version-history":[{"count":7,"href":"https:\/\/circle2learning.eu\/es\/wp-json\/wp\/v2\/pages\/1431\/revisions"}],"predecessor-version":[{"id":1582,"href":"https:\/\/circle2learning.eu\/es\/wp-json\/wp\/v2\/pages\/1431\/revisions\/1582"}],"wp:attachment":[{"href":"https:\/\/circle2learning.eu\/es\/wp-json\/wp\/v2\/media?parent=1431"}],"curies":[{"name":"wp","href":"https:\/\/api.w.org\/{rel}","templated":true}]}}