{"id":29,"date":"2023-02-22T16:28:05","date_gmt":"2023-02-22T16:28:05","guid":{"rendered":"https:\/\/circle2learning.eu\/es\/?page_id=29"},"modified":"2024-04-18T10:56:22","modified_gmt":"2024-04-18T10:56:22","slug":"about","status":"publish","type":"page","link":"https:\/\/circle2learning.eu\/es\/about\/","title":{"rendered":"About"},"content":{"rendered":"<p>[et_pb_section fb_built=&#8221;1&#8243; _builder_version=&#8221;4.20.2&#8243; _module_preset=&#8221;default&#8221; global_colors_info=&#8221;{}&#8221;][et_pb_row _builder_version=&#8221;4.20.4&#8243; _module_preset=&#8221;default&#8221; global_colors_info=&#8221;{}&#8221;][et_pb_column type=&#8221;4_4&#8243; _builder_version=&#8221;4.20.4&#8243; _module_preset=&#8221;default&#8221; global_colors_info=&#8221;{}&#8221;][et_pb_text _builder_version=&#8221;4.20.4&#8243; _module_preset=&#8221;default&#8221; global_colors_info=&#8221;{}&#8221;]<\/p>\n<p>El proyecto CIRCLE 2 es un proyecto apoyado por Erasmus, que forma parte del Programa de Asociaciones Estrat\u00e9gicas KA2. CIRCular economy through integrated LEarning in VET, ha sido desarrollado para apoyar el sector de la FP, introduciendo los conceptos de la Econom\u00eda Circular a los formadores y sus formados en los sectores del Turismo, Transporte y Agricultura.<\/p>\n<p>Tras la finalizaci\u00f3n del Proyecto CIRCLE 1, se ha desarrollado el aprendizaje del CIRCLE 2 para proporcionar contenidos y recursos adicionales a la formaci\u00f3n profesional en los sectores del Turismo, Transporte y Agricultura. Cada sector es un empleador importante en toda Europa y las oportunidades para una mayor eficiencia son significativas.<\/p>\n<p>[\/et_pb_text][\/et_pb_column][\/et_pb_row][et_pb_row _builder_version=&#8221;4.20.4&#8243; _module_preset=&#8221;default&#8221; global_colors_info=&#8221;{}&#8221;][et_pb_column type=&#8221;4_4&#8243; _builder_version=&#8221;4.20.4&#8243; _module_preset=&#8221;default&#8221; global_colors_info=&#8221;{}&#8221;][et_pb_video src=&#8221;https:\/\/youtu.be\/Jns45DcJGsI&#8221; image_src=&#8221;https:\/\/circle2learning.eu\/es\/wp-content\/uploads\/2023\/04\/Untitled-design-1-1.png&#8221; _builder_version=&#8221;4.21.0&#8243; _module_preset=&#8221;default&#8221; hover_enabled=&#8221;0&#8243; global_colors_info=&#8221;{}&#8221; sticky_enabled=&#8221;0&#8243;][\/et_pb_video][\/et_pb_column][\/et_pb_row][et_pb_row _builder_version=&#8221;4.20.4&#8243; _module_preset=&#8221;default&#8221; global_colors_info=&#8221;{}&#8221;][et_pb_column type=&#8221;4_4&#8243; _builder_version=&#8221;4.20.4&#8243; _module_preset=&#8221;default&#8221; global_colors_info=&#8221;{}&#8221;][et_pb_blurb title=&#8221;SOCIOS&#8221; _builder_version=&#8221;4.21.0&#8243; _module_preset=&#8221;default&#8221; global_colors_info=&#8221;{}&#8221;]<\/p>\n<p class=\"_04xlpA direction-ltr align-start para-style-body\">Este proyecto consiste en un consorcio representativo de la cooperaci\u00f3n europea para el desarrollo.<\/p>\n<p class=\"_04xlpA direction-ltr align-start para-style-body\">Se trata de una oportunidad para que todos los participantes aprendan unos de los otros y para trabajar desde distintas perspectivas, mezclando educaci\u00f3n, investigaci\u00f3n y actividades empresariales. Nuestros socios son:<\/p>\n<p class=\"_04xlpA direction-ltr align-start para-style-body\"><span class=\"S1PPyQ\"><\/span><\/p>\n<ul>\n<li><span class=\"S1PPyQ\">El Panevezio darbo rinkos mokymo centras, de Lituania<\/span><span class=\"S1PPyQ\"><\/span><\/li>\n<\/ul>\n<p><span class=\"S1PPyQ\"><\/span><\/p>\n<ul>\n<li><span class=\"S1PPyQ\">Bluebook srl, de Italia<\/span><\/li>\n<\/ul>\n<ul>\n<li><span class=\"S1PPyQ\">El Solski Center Celje, de Eslovenia<\/span><\/li>\n<\/ul>\n<p><span class=\"S1PPyQ\"><\/span><\/p>\n<ul>\n<li><span class=\"S1PPyQ\">Tarsus Ticaret Ve Sanayi Odasi, de Turqu\u00eda<\/span><\/li>\n<\/ul>\n<p><span class=\"S1PPyQ\"><\/span><\/p>\n<ul>\n<li><span class=\"S1PPyQ\">La Glasgow Caledonian University, de Escocia \u2013 Reino Unido<\/span><\/li>\n<\/ul>\n<p><span class=\"S1PPyQ\"><\/span><\/p>\n<ul>\n<li><span class=\"S1PPyQ\"><span>La Asociaci\u00f3n Asturiana para la Cooperaci\u00f3n Internacional (AACI), de Espa\u00f1a<\/span><\/span><\/li>\n<\/ul>\n<p>[\/et_pb_blurb][\/et_pb_column][\/et_pb_row][et_pb_row _builder_version=&#8221;4.21.0&#8243; _module_preset=&#8221;default&#8221; global_colors_info=&#8221;{}&#8221;][et_pb_column type=&#8221;4_4&#8243; _builder_version=&#8221;4.21.0&#8243; _module_preset=&#8221;default&#8221; global_colors_info=&#8221;{}&#8221;][et_pb_social_media_follow _builder_version=&#8221;4.21.0&#8243; _module_preset=&#8221;default&#8221; global_colors_info=&#8221;{}&#8221;][et_pb_social_media_follow_network social_network=&#8221;facebook&#8221; url=&#8221;https:\/\/www.facebook.com\/circleerasmus&#8221; _builder_version=&#8221;4.21.0&#8243; _module_preset=&#8221;default&#8221; background_color=&#8221;#3b5998&#8243; global_colors_info=&#8221;{}&#8221; follow_button=&#8221;off&#8221; url_new_window=&#8221;on&#8221;]facebook[\/et_pb_social_media_follow_network][et_pb_social_media_follow_network social_network=&#8221;tiktok&#8221; url=&#8221;https:\/\/www.tiktok.com\/@circle2learning&#8221; _builder_version=&#8221;4.21.0&#8243; _module_preset=&#8221;default&#8221; background_color=&#8221;#fe2c55&#8243; global_colors_info=&#8221;{}&#8221; follow_button=&#8221;off&#8221; url_new_window=&#8221;on&#8221;]tiktok[\/et_pb_social_media_follow_network][et_pb_social_media_follow_network social_network=&#8221;youtube&#8221; url=&#8221;https:\/\/www.youtube.com\/@circle9319&#8243; _builder_version=&#8221;4.21.0&#8243; _module_preset=&#8221;default&#8221; background_color=&#8221;#a82400&#8243; global_colors_info=&#8221;{}&#8221; follow_button=&#8221;off&#8221; url_new_window=&#8221;on&#8221;]youtube[\/et_pb_social_media_follow_network][\/et_pb_social_media_follow][\/et_pb_column][\/et_pb_row][\/et_pb_section]<\/p>\n","protected":false},"excerpt":{"rendered":"<p>El proyecto CIRCLE 2 es un proyecto apoyado por Erasmus, que forma parte del Programa de Asociaciones Estrat\u00e9gicas KA2. CIRCular economy through integrated LEarning in VET, ha sido desarrollado para apoyar el sector de la FP, introduciendo los conceptos de la Econom\u00eda Circular a los formadores y sus formados en los sectores del Turismo, Transporte [&hellip;]<\/p>\n","protected":false},"author":2,"featured_media":0,"parent":0,"menu_order":0,"comment_status":"closed","ping_status":"closed","template":"","meta":{"_et_pb_use_builder":"on","_et_pb_old_content":"","_et_gb_content_width":"","footnotes":""},"class_list":["post-29","page","type-page","status-publish","hentry"],"_links":{"self":[{"href":"https:\/\/circle2learning.eu\/es\/wp-json\/wp\/v2\/pages\/29","targetHints":{"allow":["GET"]}}],"collection":[{"href":"https:\/\/circle2learning.eu\/es\/wp-json\/wp\/v2\/pages"}],"about":[{"href":"https:\/\/circle2learning.eu\/es\/wp-json\/wp\/v2\/types\/page"}],"author":[{"embeddable":true,"href":"https:\/\/circle2learning.eu\/es\/wp-json\/wp\/v2\/users\/2"}],"replies":[{"embeddable":true,"href":"https:\/\/circle2learning.eu\/es\/wp-json\/wp\/v2\/comments?post=29"}],"version-history":[{"count":24,"href":"https:\/\/circle2learning.eu\/es\/wp-json\/wp\/v2\/pages\/29\/revisions"}],"predecessor-version":[{"id":840,"href":"https:\/\/circle2learning.eu\/es\/wp-json\/wp\/v2\/pages\/29\/revisions\/840"}],"wp:attachment":[{"href":"https:\/\/circle2learning.eu\/es\/wp-json\/wp\/v2\/media?parent=29"}],"curies":[{"name":"wp","href":"https:\/\/api.w.org\/{rel}","templated":true}]}}