{"id":33,"date":"2023-02-22T16:28:43","date_gmt":"2023-02-22T16:28:43","guid":{"rendered":"https:\/\/circle2learning.eu\/es\/?page_id=33"},"modified":"2024-11-17T22:41:20","modified_gmt":"2024-11-17T22:41:20","slug":"training","status":"publish","type":"page","link":"https:\/\/circle2learning.eu\/es\/training\/","title":{"rendered":"Training"},"content":{"rendered":"<p>[et_pb_section fb_built=&#8221;1&#8243; _builder_version=&#8221;4.19.5&#8243; _module_preset=&#8221;default&#8221; global_colors_info=&#8221;{}&#8221;][et_pb_row admin_label=&#8221;title&#8221; _builder_version=&#8221;4.27.2&#8243; _module_preset=&#8221;default&#8221; global_colors_info=&#8221;{}&#8221;][et_pb_column type=&#8221;4_4&#8243; _builder_version=&#8221;4.27.2&#8243; _module_preset=&#8221;default&#8221; global_colors_info=&#8221;{}&#8221;][et_pb_heading title=&#8221;Introducci\u00f3n a los materiales de formaci\u00f3n&#8221; _builder_version=&#8221;4.27.2&#8243; _module_preset=&#8221;default&#8221; title_font=&#8221;|700|||||||&#8221; title_font_size=&#8221;3em&#8221; background_color=&#8221;#f4ede5&#8243; custom_margin=&#8221;||||false|false&#8221; custom_padding=&#8221;4em||2em|1em|false|false&#8221; box_shadow_style=&#8221;preset4&#8243; box_shadow_horizontal=&#8221;21em&#8221; box_shadow_vertical=&#8221;0px&#8221; box_shadow_color=&#8221;#f4ede5&#8243; global_colors_info=&#8221;{}&#8221;][\/et_pb_heading][\/et_pb_column][\/et_pb_row][et_pb_row _builder_version=&#8221;4.27.2&#8243; _module_preset=&#8221;default&#8221; animation_style=&#8221;fade&#8221; global_colors_info=&#8221;{}&#8221;][et_pb_column type=&#8221;4_4&#8243; _builder_version=&#8221;4.27.0&#8243; _module_preset=&#8221;default&#8221; global_colors_info=&#8221;{}&#8221;][et_pb_text _builder_version=&#8221;4.27.0&#8243; _module_preset=&#8221;_initial&#8221; text_font=&#8221;||||||||&#8221; text_text_color=&#8221;#000000&#8243; text_font_size=&#8221;1.5em&#8221; text_line_height=&#8221;1.6em&#8221; header_text_color=&#8221;#000000&#8243; header_2_text_color=&#8221;#000000&#8243; text_font_size_tablet=&#8221;1.3em&#8221; text_font_size_phone=&#8221;1.1em&#8221; text_font_size_last_edited=&#8221;on|desktop&#8221; global_colors_info=&#8221;{}&#8221;]<\/p>\n<p>Este proyecto ha desarrollado <strong>m\u00f3dulos de formaci\u00f3n interactivos<\/strong> para los sectores del <strong>turismo<\/strong>, del <strong>transporte<\/strong> y de la <strong>agricultura<\/strong>, utilizando el plugin de c\u00f3digo abierto H5P.El proyecto ha desarrollado m\u00f3dulos de formaci\u00f3n interactivos para los sectores del turismo, del transporte y de la agricultura, utilizando el plugin de c\u00f3digo abierto <strong>H5P<\/strong>.<\/p>\n<p>Cada m\u00f3dulo incluye entrevistas en v\u00eddeo con representantes de peque\u00f1as y medianas empresas, organizaciones y aut\u00f3nomos, as\u00ed como recursos descargables (PDF, Excel, Word).<br \/>Estos materiales est\u00e1n dise\u00f1ados para ayudar a los formadores de EFP a transmitir los principios de la econom\u00eda circular y sus aplicaciones pr\u00e1cticas en entornos reales.<\/p>\n<p>El equipo del proyecto dise\u00f1\u00f3 estos materiales bajo la coordinaci\u00f3n de la <a href=\"https:\/\/www.gcu.ac.uk\/\" target=\"_blank\" rel=\"noopener\">GCU\u2014Glasgow Caledonian University<\/a> (de Escocia, Reino Unido).<\/p>\n<p>Todos los materiales est\u00e1n disponibles en ingl\u00e9s, espa\u00f1ol, italiano, turco, lituano y esloveno.<\/p>\n<p>[\/et_pb_text][\/et_pb_column][\/et_pb_row][\/et_pb_section][et_pb_section fb_built=&#8221;1&#8243; admin_label=&#8221;Call to Action&#8221; _builder_version=&#8221;4.27.2&#8243; _module_preset=&#8221;default&#8221; custom_padding=&#8221;0px||8vw||false|false&#8221; animation_style=&#8221;fade&#8221; saved_tabs=&#8221;all&#8221; collapsed=&#8221;on&#8221; global_colors_info=&#8221;{}&#8221;][et_pb_row column_structure=&#8221;2_5,3_5&#8243; make_equal=&#8221;on&#8221; _builder_version=&#8221;4.27.2&#8243; _module_preset=&#8221;default&#8221; background_color=&#8221;gcid-fa957022-7f68-4c63-9382-2437a00591d9&#8243; custom_margin=&#8221;||||false|false&#8221; custom_padding=&#8221;0px||0px||true|false&#8221; box_shadow_style=&#8221;preset4&#8243; box_shadow_horizontal=&#8221;21em&#8221; box_shadow_vertical=&#8221;0px&#8221; box_shadow_color=&#8221;gcid-fa957022-7f68-4c63-9382-2437a00591d9&#8243; box_shadow_color_tablet=&#8221;RGBA(255,255,255,0)&#8221; box_shadow_color_phone=&#8221;&#8221; box_shadow_color_last_edited=&#8221;on|tablet&#8221; global_colors_info=&#8221;{%22gcid-fa957022-7f68-4c63-9382-2437a00591d9%22:%91%22background_color%22,%22box_shadow_color%22%93}&#8221;][et_pb_column type=&#8221;2_5&#8243; _builder_version=&#8221;4.19.2&#8243; _module_preset=&#8221;default&#8221; use_background_color_gradient=&#8221;on&#8221; background_color_gradient_direction=&#8221;90deg&#8221; background_color_gradient_stops=&#8221;#ffffff 70%|gcid-fa957022-7f68-4c63-9382-2437a00591d9 70%&#8221; global_colors_info=&#8221;{%22gcid-fa957022-7f68-4c63-9382-2437a00591d9%22:%91%22background_color_gradient_stops%22%93}&#8221;][et_pb_image src=&#8221;https:\/\/circle2learning.eu\/es\/wp-content\/uploads\/2023\/02\/Beach-small.jpg&#8221; alt=&#8221;beach&#8221; title_text=&#8221;Beach small&#8221; _builder_version=&#8221;4.27.2&#8243; _module_preset=&#8221;default&#8221; max_width=&#8221;600px&#8221; max_height=&#8221;402px&#8221; custom_margin=&#8221;8vw|-8vw|-4vw||false|false&#8221; custom_margin_tablet=&#8221;0vw|0vw|0vw||false|false&#8221; custom_margin_phone=&#8221;&#8221; custom_margin_last_edited=&#8221;on|tablet&#8221; global_colors_info=&#8221;{}&#8221;][\/et_pb_image][\/et_pb_column][et_pb_column type=&#8221;3_5&#8243; _builder_version=&#8221;4.27.2&#8243; _module_preset=&#8221;default&#8221; custom_padding=&#8221;4vw|||8vw|false|false&#8221; custom_padding_tablet=&#8221;0vw|30px|30px|30px|false|true&#8221; custom_padding_phone=&#8221;|20px|20px|20px|false|true&#8221; custom_padding_last_edited=&#8221;on|desktop&#8221; global_colors_info=&#8221;{}&#8221;][et_pb_text _builder_version=&#8221;4.27.0&#8243; _module_preset=&#8221;_initial&#8221; header_text_color=&#8221;#000000&#8243; header_2_font=&#8221;|700|||||||&#8221; header_2_text_color=&#8221;#000000&#8243; header_2_font_size=&#8221;3em&#8221; animation_style=&#8221;slide&#8221; animation_direction=&#8221;right&#8221; header_2_font_size_tablet=&#8221;3em&#8221; header_2_font_size_phone=&#8221;2.5em&#8221; global_colors_info=&#8221;{}&#8221;]<\/p>\n<h2>Turismo<\/h2>\n<p>[\/et_pb_text][et_pb_text _builder_version=&#8221;4.27.0&#8243; _module_preset=&#8221;_initial&#8221; text_font=&#8221;||||||||&#8221; text_text_color=&#8221;#000000&#8243; text_font_size=&#8221;1.2em&#8221; text_line_height=&#8221;1.8em&#8221; header_text_color=&#8221;#000000&#8243; header_2_text_color=&#8221;#000000&#8243; text_font_size_tablet=&#8221;1.2em&#8221; text_font_size_phone=&#8221;1.1em&#8221; text_font_size_last_edited=&#8221;on|desktop&#8221; global_colors_info=&#8221;{}&#8221;]<\/p>\n<p>El sector tur\u00edstico en la UE mueve 666.000 millones de euros, es decir, el 3,98% del PIB regional, y proporciona 11,9 millones de puestos de trabajo. Este sector est\u00e1 formado por muchos tipos diferentes de empresas, como agencias de viajes, establecimientos de hosteler\u00eda y restauraci\u00f3n, y es clave para la econom\u00eda de las regiones costeras, las ciudades y los pa\u00edses. \u00bfC\u00f3mo puede el sector tur\u00edstico apoyar los principios de una econom\u00eda circular sostenible? En este curso se estudiar\u00e1n el alojamiento y la alimentaci\u00f3n, el transporte tur\u00edstico, los eventos y los lugares de inter\u00e9s.<\/p>\n<p>[\/et_pb_text][et_pb_button button_url=&#8221;https:\/\/circle2learning.eu\/es\/tourism\/&#8221; url_new_window=&#8221;on&#8221; button_text=&#8221;Para saber m\u00e1s&#8221; _builder_version=&#8221;4.27.0&#8243; _module_preset=&#8221;_initial&#8221; custom_button=&#8221;on&#8221; button_text_size=&#8221;14px&#8221; button_text_color=&#8221;#000000&#8243; button_border_radius=&#8221;0px&#8221; button_letter_spacing=&#8221;0.2em&#8221; button_font=&#8221;Inter|600||on|||||&#8221; custom_margin=&#8221;||10px||false|false&#8221; custom_padding=&#8221;16px|24px|16px|24px|true|true&#8221; animation_style=&#8221;slide&#8221; animation_direction=&#8221;right&#8221; hover_enabled=&#8221;0&#8243; global_colors_info=&#8221;{}&#8221; sticky_enabled=&#8221;0&#8243;][\/et_pb_button][\/et_pb_column][\/et_pb_row][\/et_pb_section][et_pb_section fb_built=&#8221;1&#8243; admin_label=&#8221;Call to Action&#8221; _builder_version=&#8221;4.27.2&#8243; _module_preset=&#8221;default&#8221; custom_padding=&#8221;0px||8vw||false|false&#8221; animation_style=&#8221;fade&#8221; saved_tabs=&#8221;all&#8221; collapsed=&#8221;on&#8221; global_colors_info=&#8221;{}&#8221;][et_pb_row column_structure=&#8221;2_5,3_5&#8243; make_equal=&#8221;on&#8221; _builder_version=&#8221;4.27.2&#8243; _module_preset=&#8221;default&#8221; background_color=&#8221;gcid-fa957022-7f68-4c63-9382-2437a00591d9&#8243; custom_padding=&#8221;0px||0px||true|false&#8221; box_shadow_style=&#8221;preset4&#8243; box_shadow_horizontal=&#8221;21em&#8221; box_shadow_vertical=&#8221;0px&#8221; box_shadow_color=&#8221;gcid-fa957022-7f68-4c63-9382-2437a00591d9&#8243; box_shadow_color_tablet=&#8221;RGBA(255,255,255,0)&#8221; box_shadow_color_phone=&#8221;&#8221; box_shadow_color_last_edited=&#8221;on|tablet&#8221; global_colors_info=&#8221;{%22gcid-fa957022-7f68-4c63-9382-2437a00591d9%22:%91%22background_color%22,%22box_shadow_color%22%93}&#8221;][et_pb_column type=&#8221;2_5&#8243; _builder_version=&#8221;4.19.2&#8243; _module_preset=&#8221;default&#8221; use_background_color_gradient=&#8221;on&#8221; background_color_gradient_direction=&#8221;90deg&#8221; background_color_gradient_stops=&#8221;#ffffff 70%|gcid-fa957022-7f68-4c63-9382-2437a00591d9 70%&#8221; global_colors_info=&#8221;{%22gcid-fa957022-7f68-4c63-9382-2437a00591d9%22:%91%22background_color_gradient_stops%22%93}&#8221;][et_pb_image src=&#8221;https:\/\/circle2learning.eu\/es\/wp-content\/uploads\/2024\/11\/Train-e1730647305294.webp&#8221; alt=&#8221;train&#8221; title_text=&#8221;Train&#8221; _builder_version=&#8221;4.27.2&#8243; _module_preset=&#8221;default&#8221; max_width=&#8221;600px&#8221; max_height=&#8221;402px&#8221; custom_margin=&#8221;8vw|-8vw|-4vw||false|false&#8221; custom_margin_tablet=&#8221;0vw|0vw|0vw||false|false&#8221; custom_margin_phone=&#8221;&#8221; custom_margin_last_edited=&#8221;on|tablet&#8221; global_colors_info=&#8221;{}&#8221;][\/et_pb_image][\/et_pb_column][et_pb_column type=&#8221;3_5&#8243; _builder_version=&#8221;4.19.2&#8243; _module_preset=&#8221;default&#8221; custom_padding=&#8221;4vw|||8vw|false|false&#8221; custom_padding_tablet=&#8221;0vw|30px|30px|30px|false|true&#8221; custom_padding_phone=&#8221;|20px|20px|20px|false|true&#8221; custom_padding_last_edited=&#8221;on|desktop&#8221; global_colors_info=&#8221;{}&#8221;][et_pb_text _builder_version=&#8221;4.27.0&#8243; _module_preset=&#8221;_initial&#8221; header_text_color=&#8221;#000000&#8243; header_2_font=&#8221;|700|||||||&#8221; header_2_text_color=&#8221;#000000&#8243; header_2_font_size=&#8221;3em&#8221; animation_style=&#8221;slide&#8221; animation_direction=&#8221;right&#8221; header_2_font_size_tablet=&#8221;3em&#8221; header_2_font_size_phone=&#8221;2.5em&#8221; header_2_font_size_last_edited=&#8221;on|phone&#8221; global_colors_info=&#8221;{}&#8221;]<\/p>\n<h2>Transporte<\/h2>\n<p>[\/et_pb_text][et_pb_text _builder_version=&#8221;4.27.0&#8243; _module_preset=&#8221;_initial&#8221; text_font=&#8221;||||||||&#8221; text_text_color=&#8221;#000000&#8243; text_font_size=&#8221;1.2em&#8221; text_line_height=&#8221;1.8em&#8221; header_text_color=&#8221;#000000&#8243; header_2_text_color=&#8221;#000000&#8243; text_font_size_tablet=&#8221;1.2em&#8221; text_font_size_phone=&#8221;1.1em&#8221; text_font_size_last_edited=&#8221;on|desktop&#8221; global_colors_info=&#8221;{}&#8221;]<\/p>\n<p>En la UE, los servicios de Transporte aportan 664.000 millones de euros (o el 9% del VAB) y son clave para el sostenimiento de las econom\u00edas de los miembros de la UE, ya que apoyan la libre circulaci\u00f3n de mercanc\u00edas y personas. M\u00e1s de 11 millones de personas trabajan en ese sector, que sigue dependiendo en gran medida de los combustibles f\u00f3siles para cubrir sus necesidades energ\u00e9ticas. Este curso estudia la relaci\u00f3n del sector con el consumo de materiales.<\/p>\n<p>[\/et_pb_text][et_pb_button button_url=&#8221;https:\/\/circle2learning.eu\/es\/transport\/&#8221; url_new_window=&#8221;on&#8221; button_text=&#8221;Para saber m\u00e1s&#8221; _builder_version=&#8221;4.27.0&#8243; _module_preset=&#8221;_initial&#8221; custom_button=&#8221;on&#8221; button_text_size=&#8221;14px&#8221; button_text_color=&#8221;#000000&#8243; button_border_radius=&#8221;0px&#8221; button_letter_spacing=&#8221;0.2em&#8221; button_font=&#8221;Inter|600||on|||||&#8221; custom_margin=&#8221;||10px||false|false&#8221; custom_padding=&#8221;16px|24px|16px|24px|true|true&#8221; animation_style=&#8221;slide&#8221; animation_direction=&#8221;right&#8221; hover_enabled=&#8221;0&#8243; global_colors_info=&#8221;{}&#8221; sticky_enabled=&#8221;0&#8243;][\/et_pb_button][\/et_pb_column][\/et_pb_row][\/et_pb_section][et_pb_section fb_built=&#8221;1&#8243; admin_label=&#8221;Call to Action&#8221; _builder_version=&#8221;4.27.2&#8243; _module_preset=&#8221;default&#8221; custom_padding=&#8221;0px||8vw||false|false&#8221; animation_style=&#8221;fade&#8221; saved_tabs=&#8221;all&#8221; collapsed=&#8221;on&#8221; global_colors_info=&#8221;{}&#8221;][et_pb_row column_structure=&#8221;2_5,3_5&#8243; make_equal=&#8221;on&#8221; _builder_version=&#8221;4.27.2&#8243; _module_preset=&#8221;default&#8221; background_color=&#8221;gcid-fa957022-7f68-4c63-9382-2437a00591d9&#8243; custom_padding=&#8221;0px||0px||true|false&#8221; box_shadow_style=&#8221;preset4&#8243; box_shadow_horizontal=&#8221;21em&#8221; box_shadow_vertical=&#8221;0px&#8221; box_shadow_color=&#8221;gcid-fa957022-7f68-4c63-9382-2437a00591d9&#8243; box_shadow_color_tablet=&#8221;RGBA(255,255,255,0)&#8221; box_shadow_color_phone=&#8221;&#8221; box_shadow_color_last_edited=&#8221;on|tablet&#8221; global_colors_info=&#8221;{%22gcid-fa957022-7f68-4c63-9382-2437a00591d9%22:%91%22background_color%22,%22box_shadow_color%22%93}&#8221;][et_pb_column type=&#8221;2_5&#8243; _builder_version=&#8221;4.19.2&#8243; _module_preset=&#8221;default&#8221; use_background_color_gradient=&#8221;on&#8221; background_color_gradient_direction=&#8221;90deg&#8221; background_color_gradient_stops=&#8221;#ffffff 70%|gcid-fa957022-7f68-4c63-9382-2437a00591d9 70%&#8221; global_colors_info=&#8221;{%22gcid-fa957022-7f68-4c63-9382-2437a00591d9%22:%91%22background_color_gradient_stops%22%93}&#8221;][et_pb_image src=&#8221;https:\/\/circle2learning.eu\/es\/wp-content\/uploads\/2023\/02\/rapeseed-small.jpg&#8221; alt=&#8221;rapeseed&#8221; title_text=&#8221;rapeseed small&#8221; _builder_version=&#8221;4.27.2&#8243; _module_preset=&#8221;default&#8221; max_width=&#8221;600px&#8221; max_height=&#8221;402px&#8221; custom_margin=&#8221;8vw|-8vw|-4vw||false|false&#8221; custom_margin_tablet=&#8221;0vw|0vw|0vw||false|false&#8221; custom_margin_phone=&#8221;&#8221; custom_margin_last_edited=&#8221;on|tablet&#8221; global_colors_info=&#8221;{}&#8221;][\/et_pb_image][\/et_pb_column][et_pb_column type=&#8221;3_5&#8243; _builder_version=&#8221;4.19.2&#8243; _module_preset=&#8221;default&#8221; custom_padding=&#8221;4vw|||8vw|false|false&#8221; custom_padding_tablet=&#8221;0vw|30px|30px|30px|false|true&#8221; custom_padding_phone=&#8221;|20px|20px|20px|false|true&#8221; custom_padding_last_edited=&#8221;on|desktop&#8221; global_colors_info=&#8221;{}&#8221;][et_pb_text _builder_version=&#8221;4.27.0&#8243; _module_preset=&#8221;_initial&#8221; header_text_color=&#8221;#000000&#8243; header_2_font=&#8221;|700|||||||&#8221; header_2_text_color=&#8221;#000000&#8243; header_2_font_size=&#8221;3em&#8221; animation_style=&#8221;slide&#8221; animation_direction=&#8221;right&#8221; header_2_font_size_tablet=&#8221;3em&#8221; header_2_font_size_phone=&#8221;2.5em&#8221; header_2_font_size_last_edited=&#8221;on|phone&#8221; global_colors_info=&#8221;{}&#8221;]<\/p>\n<h2>Agricultura<\/h2>\n<p>[\/et_pb_text][et_pb_text _builder_version=&#8221;4.27.0&#8243; _module_preset=&#8221;_initial&#8221; text_font=&#8221;||||||||&#8221; text_text_color=&#8221;#000000&#8243; text_font_size=&#8221;1.2em&#8221; text_line_height=&#8221;1.8em&#8221; header_text_color=&#8221;#000000&#8243; header_2_text_color=&#8221;#000000&#8243; text_font_size_tablet=&#8221;1.2em&#8221; text_font_size_phone=&#8221;1.1em&#8221; text_font_size_last_edited=&#8221;on|desktop&#8221; global_colors_info=&#8221;{}&#8221;]<\/p>\n<p>En 2022, el sector agr\u00edcola de la UE aport\u00f3 222.000 millones de euros y fue uno de los principales exportadores netos al resto del mundo. Ese sector tambi\u00e9n proporciona empleo fijo a 20 millones de personas. Sin embargo, el mercado de la agricultura puede resultar algo vol\u00e1til debido a los efectos de la competencia mundial, del cambio clim\u00e1tico y los costes de insumos como los fertilizantes. Este curso estudia c\u00f3mo el sector agr\u00edcola puede desarrollarse de forma m\u00e1s sostenible a trav\u00e9s de los principios de la econom\u00eda circular.<\/p>\n<p>[\/et_pb_text][et_pb_button button_url=&#8221;https:\/\/circle2learning.eu\/es\/agriculture\/&#8221; url_new_window=&#8221;on&#8221; button_text=&#8221;Para saber m\u00e1s&#8221; _builder_version=&#8221;4.27.0&#8243; _module_preset=&#8221;_initial&#8221; custom_button=&#8221;on&#8221; button_text_size=&#8221;14px&#8221; button_text_color=&#8221;#000000&#8243; button_border_radius=&#8221;0px&#8221; button_letter_spacing=&#8221;0.2em&#8221; button_font=&#8221;Inter|600||on|||||&#8221; custom_margin=&#8221;||10px||false|false&#8221; custom_padding=&#8221;16px|24px|16px|24px|true|true&#8221; animation_style=&#8221;slide&#8221; animation_direction=&#8221;right&#8221; hover_enabled=&#8221;0&#8243; global_colors_info=&#8221;{}&#8221; sticky_enabled=&#8221;0&#8243;][\/et_pb_button][\/et_pb_column][\/et_pb_row][\/et_pb_section]<\/p>\n","protected":false},"excerpt":{"rendered":"<p>Este proyecto ha desarrollado m\u00f3dulos de formaci\u00f3n interactivos para los sectores del turismo, del transporte y de la agricultura, utilizando el plugin de c\u00f3digo abierto H5P.El proyecto ha desarrollado m\u00f3dulos de formaci\u00f3n interactivos para los sectores del turismo, del transporte y de la agricultura, utilizando el plugin de c\u00f3digo abierto H5P. Cada m\u00f3dulo incluye entrevistas [&hellip;]<\/p>\n","protected":false},"author":2,"featured_media":0,"parent":0,"menu_order":0,"comment_status":"closed","ping_status":"closed","template":"","meta":{"_et_pb_use_builder":"on","_et_pb_old_content":"<!-- wp:divi\/placeholder \/-->","_et_gb_content_width":"","footnotes":""},"class_list":["post-33","page","type-page","status-publish","hentry"],"_links":{"self":[{"href":"https:\/\/circle2learning.eu\/es\/wp-json\/wp\/v2\/pages\/33","targetHints":{"allow":["GET"]}}],"collection":[{"href":"https:\/\/circle2learning.eu\/es\/wp-json\/wp\/v2\/pages"}],"about":[{"href":"https:\/\/circle2learning.eu\/es\/wp-json\/wp\/v2\/types\/page"}],"author":[{"embeddable":true,"href":"https:\/\/circle2learning.eu\/es\/wp-json\/wp\/v2\/users\/2"}],"replies":[{"embeddable":true,"href":"https:\/\/circle2learning.eu\/es\/wp-json\/wp\/v2\/comments?post=33"}],"version-history":[{"count":25,"href":"https:\/\/circle2learning.eu\/es\/wp-json\/wp\/v2\/pages\/33\/revisions"}],"predecessor-version":[{"id":942,"href":"https:\/\/circle2learning.eu\/es\/wp-json\/wp\/v2\/pages\/33\/revisions\/942"}],"wp:attachment":[{"href":"https:\/\/circle2learning.eu\/es\/wp-json\/wp\/v2\/media?parent=33"}],"curies":[{"name":"wp","href":"https:\/\/api.w.org\/{rel}","templated":true}]}}