{"id":35,"date":"2023-02-22T16:29:04","date_gmt":"2023-02-22T16:29:04","guid":{"rendered":"https:\/\/circle2learning.eu\/es\/?page_id=35"},"modified":"2024-11-17T23:00:03","modified_gmt":"2024-11-17T23:00:03","slug":"circular-thinking","status":"publish","type":"page","link":"https:\/\/circle2learning.eu\/es\/circular-thinking\/","title":{"rendered":"Circular Thinking"},"content":{"rendered":"<p>[et_pb_section fb_built=&#8221;1&#8243; _builder_version=&#8221;4.20.2&#8243; _module_preset=&#8221;default&#8221; global_colors_info=&#8221;{}&#8221;][et_pb_row column_structure=&#8221;1_2,1_2&#8243; _builder_version=&#8221;4.20.4&#8243; _module_preset=&#8221;default&#8221; global_colors_info=&#8221;{}&#8221;][et_pb_column type=&#8221;1_2&#8243; _builder_version=&#8221;4.20.4&#8243; _module_preset=&#8221;default&#8221; global_colors_info=&#8221;{}&#8221;][et_pb_image src=&#8221;https:\/\/circle2learning.eu\/es\/wp-content\/uploads\/2023\/04\/What-4.png&#8221; title_text=&#8221;What (4)&#8221; _builder_version=&#8221;4.20.4&#8243; _module_preset=&#8221;default&#8221; global_colors_info=&#8221;{}&#8221;][\/et_pb_image][\/et_pb_column][et_pb_column type=&#8221;1_2&#8243; _builder_version=&#8221;4.20.4&#8243; _module_preset=&#8221;default&#8221; global_colors_info=&#8221;{}&#8221;][et_pb_text _builder_version=&#8221;4.20.4&#8243; _module_preset=&#8221;default&#8221; text_font_size=&#8221;16px&#8221; text_line_height=&#8221;1.8em&#8221; global_colors_info=&#8221;{}&#8221;]<\/p>\n<div class=\"et_pb_module et_pb_text et_pb_text_0  et_pb_text_align_left et_pb_bg_layout_light\">\n<div class=\"et_pb_text_inner\">\n<p>Una econom\u00eda circular es un sistema econ\u00f3mico cuyo objetivo es mantener los recursos en uso durante el mayor tiempo posible, con un m\u00ednimo de residuos y contaminaci\u00f3n.<\/p>\n<p>En una econom\u00eda circular, los recursos son utilizados, reutilizados y regenerados en lugar de ser eliminados como residuos. Esto se consigue mediante el dise\u00f1o de productos, servicios y sistemas que son regenerativos y restauradores por naturaleza.<\/p>\n<p>El modelo de econom\u00eda circular ofrece muchas ventajas, como la reducci\u00f3n del impacto medioambiental de la producci\u00f3n y del consumo, la mejora de la eficiencia de los recursos y la creaci\u00f3n de nuevas oportunidades de negocio. Tambi\u00e9n apoya el crecimiento econ\u00f3mico sostenible y puede contribuir a crear una econom\u00eda m\u00e1s resiliente y estable.<\/p>\n<\/div>\n<\/div>\n<p>[\/et_pb_text][\/et_pb_column][\/et_pb_row][et_pb_row column_structure=&#8221;1_2,1_2&#8243; _builder_version=&#8221;4.21.0&#8243; _module_preset=&#8221;default&#8221; global_colors_info=&#8221;{}&#8221;][et_pb_column type=&#8221;1_2&#8243; _builder_version=&#8221;4.21.0&#8243; _module_preset=&#8221;default&#8221; global_colors_info=&#8221;{}&#8221;][et_pb_text _builder_version=&#8221;4.21.0&#8243; _module_preset=&#8221;default&#8221; global_colors_info=&#8221;{}&#8221;]<\/p>\n<h4><strong>Obtener el m\u00e1ximo valor de los recursos<\/strong><\/h4>\n<p>La econom\u00eda circular contrasta con la econom\u00eda lineal, en la que se coge, se fabrica y se desecha. Nuestro objetivo en la econom\u00eda circular es minimizar las exigencias que imponemos a los recursos naturales y reducir la cantidad que desperdiciamos en el proceso de fabricaci\u00f3n y consumo. Este enfoque en la minimizaci\u00f3n de residuos y en retrasar y recuperar los residuos de nuevo en el ciclo econ\u00f3mico es fundamental para convertirnos en una sociedad m\u00e1s circular.<\/p>\n<p>Sin embargo, \u00bfc\u00f3mo podemos aplicar este planteamiento a los sectores del Turismo, Transporte y Agricultura?<\/p>\n<p><strong>El Turismo <\/strong>constituye principalmente una industria de servicios en la que no es inmediatamente obvio d\u00f3nde se consumen los recursos materiales y d\u00f3nde existen oportunidades para reducir los residuos. Sin embargo, tanto los hoteles como los restaurantes, los organizadores de eventos o las empresas y agencias de viajes adquieren bienes.<\/p>\n<p><strong>El Transporte<\/strong>\u00a0o el movimiento de personas y mercanc\u00edas, requieren veh\u00edculos y combustible, y ambos exigen un consumo de los recursos.<\/p>\n<p><strong>La Agricultura<\/strong> es, fundamentalmente, una bio econom\u00eda que produce productos comestibles para el consumo. Sus pr\u00e1cticas se han desarrollado a escala industrial y se producen residuos en todas las etapas.<\/p>\n<p><strong><\/strong><\/p>\n<p>&nbsp;<\/p>\n<p>[\/et_pb_text][\/et_pb_column][et_pb_column type=&#8221;1_2&#8243; _builder_version=&#8221;4.21.0&#8243; _module_preset=&#8221;default&#8221; global_colors_info=&#8221;{}&#8221;][et_pb_image src=&#8221;https:\/\/circle2learning.eu\/es\/wp-content\/uploads\/2023\/06\/circular-economy.jpg&#8221; title_text=&#8221;Print&#8221; _builder_version=&#8221;4.21.0&#8243; _module_preset=&#8221;default&#8221; global_colors_info=&#8221;{}&#8221;][\/et_pb_image][\/et_pb_column][\/et_pb_row][\/et_pb_section]<\/p>\n","protected":false},"excerpt":{"rendered":"<p>Una econom\u00eda circular es un sistema econ\u00f3mico cuyo objetivo es mantener los recursos en uso durante el mayor tiempo posible, con un m\u00ednimo de residuos y contaminaci\u00f3n. En una econom\u00eda circular, los recursos son utilizados, reutilizados y regenerados en lugar de ser eliminados como residuos. Esto se consigue mediante el dise\u00f1o de productos, servicios y [&hellip;]<\/p>\n","protected":false},"author":2,"featured_media":0,"parent":0,"menu_order":0,"comment_status":"closed","ping_status":"closed","template":"","meta":{"_et_pb_use_builder":"on","_et_pb_old_content":"","_et_gb_content_width":"","footnotes":""},"class_list":["post-35","page","type-page","status-publish","hentry"],"_links":{"self":[{"href":"https:\/\/circle2learning.eu\/es\/wp-json\/wp\/v2\/pages\/35","targetHints":{"allow":["GET"]}}],"collection":[{"href":"https:\/\/circle2learning.eu\/es\/wp-json\/wp\/v2\/pages"}],"about":[{"href":"https:\/\/circle2learning.eu\/es\/wp-json\/wp\/v2\/types\/page"}],"author":[{"embeddable":true,"href":"https:\/\/circle2learning.eu\/es\/wp-json\/wp\/v2\/users\/2"}],"replies":[{"embeddable":true,"href":"https:\/\/circle2learning.eu\/es\/wp-json\/wp\/v2\/comments?post=35"}],"version-history":[{"count":26,"href":"https:\/\/circle2learning.eu\/es\/wp-json\/wp\/v2\/pages\/35\/revisions"}],"predecessor-version":[{"id":948,"href":"https:\/\/circle2learning.eu\/es\/wp-json\/wp\/v2\/pages\/35\/revisions\/948"}],"wp:attachment":[{"href":"https:\/\/circle2learning.eu\/es\/wp-json\/wp\/v2\/media?parent=35"}],"curies":[{"name":"wp","href":"https:\/\/api.w.org\/{rel}","templated":true}]}}