{"id":420,"date":"2023-06-06T15:08:30","date_gmt":"2023-06-06T15:08:30","guid":{"rendered":"https:\/\/circle2learning.eu\/es\/?page_id=420"},"modified":"2025-02-07T14:42:59","modified_gmt":"2025-02-07T14:42:59","slug":"transport","status":"publish","type":"page","link":"https:\/\/circle2learning.eu\/es\/transport\/","title":{"rendered":"Transporte"},"content":{"rendered":"<p>[et_pb_section fb_built=&#8221;1&#8243; fullwidth=&#8221;on&#8221; _builder_version=&#8221;4.21.0&#8243; _module_preset=&#8221;default&#8221; background_color=&#8221;#595959&#8243; global_colors_info=&#8221;{}&#8221;][et_pb_fullwidth_slider use_bg_overlay=&#8221;off&#8221; _builder_version=&#8221;4.21.0&#8243; _module_preset=&#8221;default&#8221; header_font=&#8221;|700|||||||&#8221; header_letter_spacing=&#8221;1px&#8221; header_line_height=&#8221;1.1em&#8221; body_font=&#8221;|600|||||||&#8221; body_font_size=&#8221;16px&#8221; body_letter_spacing=&#8221;1px&#8221; body_line_height=&#8221;1.8em&#8221; background_color=&#8221;#7c7c7c&#8221; background_color_tablet=&#8221;#686868&#8243; background_color_phone=&#8221;#999999&#8243; background_last_edited=&#8221;off|tablet&#8221; background_enable_color_tablet=&#8221;on&#8221; background_enable_color_phone=&#8221;on&#8221; global_colors_info=&#8221;{}&#8221;][et_pb_slide heading=&#8221;El Transporte&#8221; image=&#8221;https:\/\/circle2learning.eu\/es\/wp-content\/uploads\/2023\/02\/Train.jpg&#8221; _builder_version=&#8221;4.21.0&#8243; _module_preset=&#8221;default&#8221; background_color=&#8221;#707070&#8243; background_enable_color=&#8221;on&#8221; global_colors_info=&#8221;{}&#8221; sticky_transition=&#8221;on&#8221;]<\/p>\n<p>El sector del transporte desempe\u00f1a un papel relevante en el desarrollo de la sostenibilidad, ya que incide directamente en diversos aspectos medioambientales, sociales y econ\u00f3micos. Al integrar los principios de sostenibilidad en la planificaci\u00f3n y las operaciones de transporte, podemos crear un sector del transporte m\u00e1s respetuoso con el medio ambiente, socialmente inclusivo y econ\u00f3micamente viable. Esta secci\u00f3n contiene materiales de formaci\u00f3n sobre la integraci\u00f3n de la econom\u00eda circular en el sector del transporte.<\/p>\n<p>[\/et_pb_slide][\/et_pb_fullwidth_slider][\/et_pb_section][et_pb_section fb_built=&#8221;1&#8243; specialty=&#8221;on&#8221; admin_label=&#8221;All Courses&#8221; _builder_version=&#8221;4.16&#8243; custom_padding=&#8221;100px|0px|100px|0px&#8221; global_colors_info=&#8221;{}&#8221;][et_pb_column type=&#8221;1_3&#8243; _builder_version=&#8221;4.16&#8243; custom_padding=&#8221;|||&#8221; global_colors_info=&#8221;{}&#8221; parallax__hover=&#8221;off&#8221; parallax_method__hover=&#8221;on&#8221; custom_padding__hover=&#8221;|||&#8221;][et_pb_text _builder_version=&#8221;4.21.0&#8243; header_font=&#8221;||||||||&#8221; header_2_font=&#8221;|700|||||||&#8221; header_2_text_color=&#8221;#7272ff&#8221; header_2_font_size=&#8221;36px&#8221; header_2_line_height=&#8221;1.3em&#8221; custom_margin=&#8221;||20px|&#8221; animation_style=&#8221;slide&#8221; animation_direction=&#8221;bottom&#8221; animation_intensity_slide=&#8221;10%&#8221; locked=&#8221;off&#8221; global_colors_info=&#8221;{}&#8221; header_font_size__hover=&#8221;30px&#8221; header_font_size__hover_enabled=&#8221;30px&#8221; header_letter_spacing__hover=&#8221;0px&#8221; header_letter_spacing__hover_enabled=&#8221;0px&#8221; header_text_shadow_style__hover=&#8221;none&#8221; header_text_shadow_style__hover_enabled=&#8221;none&#8221; header_text_shadow_color__hover=&#8221;rgba(0,0,0,0.4)&#8221; header_text_shadow_color__hover_enabled=&#8221;rgba(0,0,0,0.4)&#8221;]<\/p>\n<h2>Unidades Did\u00e1cticas:<\/h2>\n<h2>La Econom\u00eda Circular y el Transporte\u00a0<\/h2>\n<p>[\/et_pb_text][et_pb_divider color=&#8221;#09e1c0&#8243; divider_weight=&#8221;4px&#8221; disabled_on=&#8221;on|on|off&#8221; _builder_version=&#8221;4.16&#8243; background_size=&#8221;initial&#8221; background_position=&#8221;top_left&#8221; background_repeat=&#8221;repeat&#8221; max_width=&#8221;40px&#8221; module_alignment=&#8221;left&#8221; custom_margin=&#8221;||10px|&#8221; animation_style=&#8221;zoom&#8221; animation_direction=&#8221;left&#8221; saved_tabs=&#8221;all&#8221; locked=&#8221;off&#8221; global_colors_info=&#8221;{}&#8221;][\/et_pb_divider][et_pb_text _builder_version=&#8221;4.21.0&#8243; text_font=&#8221;||||||||&#8221; text_text_color=&#8221;#8585bd&#8221; text_font_size=&#8221;16px&#8221; text_line_height=&#8221;1.9em&#8221; header_font=&#8221;||||||||&#8221; header_4_font=&#8221;|700|||||||&#8221; header_4_font_size=&#8221;16px&#8221; header_4_line_height=&#8221;1.9em&#8221; animation_style=&#8221;zoom&#8221; animation_intensity_zoom=&#8221;6%&#8221; locked=&#8221;off&#8221; global_colors_info=&#8221;{}&#8221;]<\/p>\n<h4>El sector del Transporte emplea a un amplio abanico de personas con distintas cualificaciones.<\/h4>\n<p>El sector del Transporte en Europa desempe\u00f1a un papel fundamental a la hora de facilitar el crecimiento econ\u00f3mico, promover la integraci\u00f3n regional y conectar personas y mercanc\u00edas en todo el continente. Abarca varias formas de transporte: por carretera, ferroviario, a\u00e9reo y mar\u00edtimo, cada una de las cuales contribuye a la red global de transporte.<\/p>\n<p>La Econom\u00eda Circular es una excelente oportunidad para que los alumnos y los profesores de Formaci\u00f3n Profesional sit\u00faen la sostenibilidad y la Econom\u00eda Circular en el centro de su actividad. Todos los sectores pueden definir nuevas formas de operar que impliquen menos residuos, reduzcan el impacto del carbono y sean m\u00e1s eficientes desde el punto de vista energ\u00e9tico.<\/p>\n<p>[\/et_pb_text][et_pb_divider divider_weight=&#8221;4px&#8221; _builder_version=&#8221;4.21.0&#8243; _module_preset=&#8221;default&#8221; global_colors_info=&#8221;{}&#8221;][\/et_pb_divider][et_pb_blurb title=&#8221;M\u00f3dulo de recursos 1&#8243; url=&#8221;https:\/\/circle2learning.eu\/es\/transport-resource-pack-1\/&#8221; image=&#8221;https:\/\/circle2learning.eu\/es\/wp-content\/uploads\/2023\/06\/icons8-books-80.png&#8221; icon_placement=&#8221;left&#8221; image_icon_width=&#8221;180%&#8221; _builder_version=&#8221;4.21.0&#8243; _module_preset=&#8221;default&#8221; header_font=&#8221;|700|||||||&#8221; header_line_height=&#8221;1.5em&#8221; body_text_color=&#8221;#000000&#8243; body_line_height=&#8221;1.9em&#8221; link_option_url=&#8221;https:\/\/circle2learning.eu\/es\/transport-resource-pack-1\/&#8221; global_colors_info=&#8221;{}&#8221;]<\/p>\n<p>Accede a archivos y herramientas de utilidad en tu recorrido por la Econom\u00eda Circular.<strong>Estos recursos pueden ser utilizados de forma individual.<\/strong><\/p>\n<p>[\/et_pb_blurb][et_pb_blurb title=&#8221;M\u00f3dulo de recursos 2&#8243; url=&#8221;https:\/\/circle2learning.eu\/es\/transport-resource-pack-2\/&#8221; image=&#8221;https:\/\/circle2learning.eu\/es\/wp-content\/uploads\/2023\/06\/icons8-books-80.png&#8221; icon_placement=&#8221;left&#8221; _builder_version=&#8221;4.21.0&#8243; _module_preset=&#8221;default&#8221; header_font=&#8221;|700|||||||&#8221; header_line_height=&#8221;1.5em&#8221; body_text_color=&#8221;#000000&#8243; body_line_height=&#8221;1.9em&#8221; link_option_url=&#8221;https:\/\/circle2learning.eu\/es\/transport-resource-pack-2\/&#8221; global_colors_info=&#8221;{}&#8221;]<\/p>\n<p>Accede a archivos y herramientas de utilidad en tu recorrido por la Econom\u00eda Circular. <strong>Estos recursos pueden ser utilizados para trabajo en grupo.<\/strong><\/p>\n<p>[\/et_pb_blurb][et_pb_blurb title=&#8221;Entrevistas sobre el Transporte&#8221; url=&#8221;https:\/\/circle2learning.eu\/es\/wp-content\/uploads\/2025\/02\/CIRCLE2_Interviews_Transport_ES.pdf&#8221; image=&#8221;https:\/\/circle2learning.eu\/es\/wp-content\/uploads\/2023\/06\/icons8-books-80.png&#8221; icon_placement=&#8221;left&#8221; _builder_version=&#8221;4.27.4&#8243; _module_preset=&#8221;default&#8221; header_font=&#8221;|700|||||||&#8221; header_line_height=&#8221;1.5em&#8221; body_text_color=&#8221;#000000&#8243; body_line_height=&#8221;1.9em&#8221; hover_enabled=&#8221;0&#8243; global_colors_info=&#8221;{}&#8221; url_new_window=&#8221;on&#8221; link_option_url_new_window=&#8221;on&#8221; link_option_url=&#8221;https:\/\/circle2learning.eu\/es\/wp-content\/uploads\/2025\/02\/CIRCLE2_Interviews_Transport_ES.pdf&#8221; sticky_enabled=&#8221;0&#8243;]<\/p>\n<p>Un conjunto de entrevistas sobre la Econom\u00eda Circular y el sector del Transporte<\/p>\n<p>[\/et_pb_blurb][\/et_pb_column][et_pb_column type=&#8221;2_3&#8243; specialty_columns=&#8221;2&#8243; _builder_version=&#8221;4.16&#8243; custom_padding=&#8221;|||&#8221; global_colors_info=&#8221;{}&#8221; parallax__hover=&#8221;off&#8221; parallax_method__hover=&#8221;on&#8221; custom_padding__hover=&#8221;|||&#8221;][et_pb_row_inner use_custom_gutter=&#8221;on&#8221; gutter_width=&#8221;1&#8243; _builder_version=&#8221;4.19.5&#8243; width=&#8221;100%&#8221; custom_margin=&#8221;|106px||||&#8221; custom_padding=&#8221;0px|0px|0px|0px&#8221; animation_style=&#8221;zoom&#8221; animation_intensity_zoom=&#8221;6%&#8221; box_shadow_style=&#8221;preset1&#8243; box_shadow_vertical=&#8221;10px&#8221; box_shadow_blur=&#8221;60px&#8221; box_shadow_color=&#8221;rgba(71,74,182,0.12)&#8221; global_colors_info=&#8221;{}&#8221;][et_pb_column_inner saved_specialty_column_type=&#8221;2_3&#8243; module_class=&#8221;et_pb_column_1_2&#8243; _builder_version=&#8221;4.16&#8243; custom_padding=&#8221;|||&#8221; global_colors_info=&#8221;{}&#8221; parallax__hover=&#8221;off&#8221; parallax_method__hover=&#8221;on&#8221; module_class__hover=&#8221;et_pb_column_1_2&#8243; custom_padding__hover=&#8221;|||&#8221;][et_pb_blurb title=&#8221;1. El Transporte y la Econom\u00eda Circular &#8221; url=&#8221;https:\/\/circle2learning.eu\/es\/transport-and-ce\/&#8221; image=&#8221;https:\/\/circle2learning.eu\/es\/wp-content\/uploads\/2023\/07\/bus-stop.png&#8221; icon_placement=&#8221;left&#8221; image_icon_width=&#8221;64px&#8221; content_max_width=&#8221;1100px&#8221; _builder_version=&#8221;4.21.0&#8243; header_font=&#8221;|on|||&#8221; header_text_color=&#8221;#2e2545&#8243; header_line_height=&#8221;1.5em&#8221; body_text_color=&#8221;#000000&#8243; body_line_height=&#8221;1.9em&#8221; background_color=&#8221;#ffffff&#8221; width=&#8221;100%&#8221; custom_margin=&#8221;|||&#8221; custom_padding=&#8221;30px|30px|30px|30px&#8221; animation_style=&#8221;zoom&#8221; animation_direction=&#8221;bottom&#8221; animation_intensity_zoom=&#8221;20%&#8221; animation_starting_opacity=&#8221;100%&#8221; link_option_url=&#8221;https:\/\/circle2learning.eu\/es\/transport-and-ce\/&#8221; box_shadow_style=&#8221;preset7&#8243; box_shadow_horizontal=&#8221;-1px&#8221; box_shadow_vertical=&#8221;-1px&#8221; box_shadow_color=&#8221;rgba(71,74,182,0.12)&#8221; image_max_width=&#8221;64px&#8221; locked=&#8221;off&#8221; global_colors_info=&#8221;{}&#8221;]<\/p>\n<p><a href=\"https:\/\/circle2learning.eu\/es\/tourism-1\/\" target=\"_blank\" rel=\"noopener\"><\/a>El Transporte y la Econom\u00eda Circular son dos conceptos cada vez m\u00e1s importantes en el mundo actual. Descubra c\u00f3mo la adopci\u00f3n de los principios de la Econom\u00eda Circular puede reducir la huella medioambiental y crear un sector del Transporte m\u00e1s respetuoso con el medio ambiente, socialmente inclusivo y econ\u00f3micamente viable.<\/p>\n<p>[\/et_pb_blurb][et_pb_blurb title=&#8221;2. La Econom\u00eda Circular en la Log\u00edstica &#8211; La circulaci\u00f3n de mercanc\u00edas&#8221; url=&#8221;https:\/\/circle2learning.eu\/es\/transport-and-logistics\/&#8221; image=&#8221;https:\/\/circle2learning.eu\/es\/wp-content\/uploads\/2023\/07\/logistics.png&#8221; icon_placement=&#8221;left&#8221; image_icon_width=&#8221;64px&#8221; content_max_width=&#8221;1100px&#8221; _builder_version=&#8221;4.21.0&#8243; header_font=&#8221;|on|||&#8221; header_text_color=&#8221;#2e2545&#8243; header_line_height=&#8221;1.5em&#8221; body_text_color=&#8221;#000000&#8243; body_line_height=&#8221;1.9em&#8221; background_color=&#8221;#ffffff&#8221; custom_margin=&#8221;|||&#8221; custom_padding=&#8221;30px|30px|30px|30px&#8221; animation_style=&#8221;zoom&#8221; animation_direction=&#8221;bottom&#8221; animation_intensity_zoom=&#8221;20%&#8221; animation_starting_opacity=&#8221;100%&#8221; link_option_url=&#8221;https:\/\/circle2learning.eu\/es\/transport-and-logistics\/&#8221; box_shadow_style=&#8221;preset7&#8243; box_shadow_horizontal=&#8221;-1px&#8221; box_shadow_vertical=&#8221;-1px&#8221; box_shadow_color=&#8221;rgba(71,74,182,0.12)&#8221; image_max_width=&#8221;64px&#8221; locked=&#8221;off&#8221; global_colors_info=&#8221;{}&#8221;]<\/p>\n<p style=\"text-align: justify;\">La Econom\u00eda Circular ofrece un marco convincente para transformar el movimiento de mercanc\u00edas dentro del sector log\u00edstico. Al dar prioridad a la eficiencia de los recursos, la reducci\u00f3n de residuos y la colaboraci\u00f3n, la log\u00edstica de la Econom\u00eda Circular puede contribuir a una cadena de suministro m\u00e1s sostenible y resistente, al tiempo que genera beneficios econ\u00f3micos y medioambientales.<\/p>\n<p>[\/et_pb_blurb][et_pb_blurb title=&#8221;3. El Transporte y la circulaci\u00f3n de personas&#8221; url=&#8221;https:\/\/circle2learning.eu\/es\/transport-and-people\/&#8221; image=&#8221;https:\/\/circle2learning.eu\/es\/wp-content\/uploads\/2023\/07\/public-transport.png&#8221; icon_placement=&#8221;left&#8221; image_icon_width=&#8221;64px&#8221; content_max_width=&#8221;1100px&#8221; _builder_version=&#8221;4.21.0&#8243; header_font=&#8221;|on|||&#8221; header_text_color=&#8221;#2e2545&#8243; header_line_height=&#8221;1.5em&#8221; body_text_color=&#8221;#000000&#8243; body_line_height=&#8221;1.9em&#8221; background_color=&#8221;#ffffff&#8221; custom_margin=&#8221;|||&#8221; custom_padding=&#8221;30px|30px|30px|30px&#8221; animation_style=&#8221;zoom&#8221; animation_direction=&#8221;bottom&#8221; animation_intensity_zoom=&#8221;20%&#8221; animation_starting_opacity=&#8221;100%&#8221; link_option_url=&#8221;https:\/\/circle2learning.eu\/es\/transport-and-people\/&#8221; box_shadow_style=&#8221;preset7&#8243; box_shadow_horizontal=&#8221;-1px&#8221; box_shadow_vertical=&#8221;-1px&#8221; box_shadow_color=&#8221;rgba(71,74,182,0.12)&#8221; image_max_width=&#8221;64px&#8221; locked=&#8221;off&#8221; global_colors_info=&#8221;{}&#8221;]<\/p>\n<p><span>El concepto de la Econom\u00eda Circular aplicado a la circulaci\u00f3n de las personas hace hincapi\u00e9 en sistemas de transporte sostenibles, en la reducci\u00f3n de las emisiones y en la mejora del bienestar. Al promover modos de transporte activos, servicios de movilidad compartidos y una asignaci\u00f3n eficiente de los recursos, las pr\u00e1cticas de la Econom\u00eda Circular pueden transformar la forma en que las personas se desplazan, fomentando una sociedad m\u00e1s sostenible e integradora.<\/span><span><\/span><\/p>\n<p>[\/et_pb_blurb][et_pb_blurb title=&#8221;4. Innovaci\u00f3n en los veh\u00edculos&#8221; url=&#8221;https:\/\/circle2learning.eu\/es\/transport-and-innovation\/&#8221; image=&#8221;https:\/\/circle2learning.eu\/es\/wp-content\/uploads\/2023\/07\/innovation.png&#8221; icon_placement=&#8221;left&#8221; image_icon_width=&#8221;64px&#8221; content_max_width=&#8221;1100px&#8221; _builder_version=&#8221;4.21.0&#8243; header_font=&#8221;|on|||&#8221; header_text_color=&#8221;#2e2545&#8243; header_line_height=&#8221;1.5em&#8221; body_text_color=&#8221;#000000&#8243; body_line_height=&#8221;1.9em&#8221; background_color=&#8221;#ffffff&#8221; custom_margin=&#8221;|||&#8221; custom_padding=&#8221;30px|30px|30px|30px&#8221; animation_style=&#8221;zoom&#8221; animation_direction=&#8221;bottom&#8221; animation_intensity_zoom=&#8221;20%&#8221; animation_starting_opacity=&#8221;100%&#8221; link_option_url=&#8221;https:\/\/circle2learning.eu\/es\/transport-and-innovation\/&#8221; box_shadow_style=&#8221;preset7&#8243; box_shadow_horizontal=&#8221;-1px&#8221; box_shadow_vertical=&#8221;-1px&#8221; box_shadow_color=&#8221;rgba(71,74,182,0.12)&#8221; image_max_width=&#8221;64px&#8221; locked=&#8221;off&#8221; global_colors_info=&#8221;{}&#8221;]<\/p>\n<p style=\"text-align: justify;\">La innovaci\u00f3n en los veh\u00edculos desempe\u00f1a un papel fundamental en la transici\u00f3n hacia una econom\u00eda m\u00e1s sostenible y circular. La integraci\u00f3n de los principios de la Econom\u00eda Circular en las fases de dise\u00f1o, producci\u00f3n, uso y fin de vida de los veh\u00edculos ofrece oportunidades para maximizar la eficiencia de los recursos, reducir los residuos y minimizar el impacto medioambiental.<\/p>\n<p>[\/et_pb_blurb][et_pb_blurb title=&#8221;5. La tecnolog\u00eda de los veh\u00edculos el\u00e9ctricos&#8221; url=&#8221;https:\/\/circle2learning.eu\/es\/transport-and-electric-vehicles\/&#8221; image=&#8221;https:\/\/circle2learning.eu\/es\/wp-content\/uploads\/2023\/07\/eco-car.png&#8221; icon_placement=&#8221;left&#8221; image_icon_width=&#8221;64px&#8221; content_max_width=&#8221;1100px&#8221; _builder_version=&#8221;4.21.0&#8243; header_font=&#8221;|on|||&#8221; header_text_color=&#8221;#2e2545&#8243; header_line_height=&#8221;1.5em&#8221; body_text_color=&#8221;#000000&#8243; body_line_height=&#8221;1.9em&#8221; background_color=&#8221;#ffffff&#8221; custom_margin=&#8221;|||&#8221; custom_padding=&#8221;30px|30px|30px|30px&#8221; animation_style=&#8221;zoom&#8221; animation_direction=&#8221;bottom&#8221; animation_intensity_zoom=&#8221;20%&#8221; animation_starting_opacity=&#8221;100%&#8221; link_option_url=&#8221;https:\/\/circle2learning.eu\/es\/transport-and-electric-vehicles\/&#8221; box_shadow_style=&#8221;preset7&#8243; box_shadow_horizontal=&#8221;-1px&#8221; box_shadow_vertical=&#8221;-1px&#8221; box_shadow_color=&#8221;rgba(71,74,182,0.12)&#8221; image_max_width=&#8221;64px&#8221; locked=&#8221;off&#8221; global_colors_info=&#8221;{}&#8221;]<\/p>\n<p style=\"text-align: justify;\">La aparici\u00f3n de los veh\u00edculos el\u00e9ctricos (EV) ha supuesto una oportunidad transformadora para impulsar los principios de la Econom\u00eda Circular. Mediante el uso de materiales reciclados, innovaciones en las bater\u00edas, infraestructuras de carga eficientes y optimizaci\u00f3n basada en datos, un planteamiento de Econom\u00eda Circular maximiza la eficiencia de los recursos y minimiza los residuos a lo largo del ciclo de vida de los veh\u00edculos el\u00e9ctricos.<\/p>\n<p>[\/et_pb_blurb][et_pb_blurb title=&#8221;6. Digitalizaci\u00f3n en los sistemas de transporte&#8221; url=&#8221;https:\/\/circle2learning.eu\/es\/transport-and-digitization\/&#8221; image=&#8221;https:\/\/circle2learning.eu\/es\/wp-content\/uploads\/2023\/07\/map.png&#8221; icon_placement=&#8221;left&#8221; image_icon_width=&#8221;64px&#8221; content_max_width=&#8221;1100px&#8221; _builder_version=&#8221;4.21.0&#8243; header_font=&#8221;|on|||&#8221; header_text_color=&#8221;#2e2545&#8243; header_line_height=&#8221;1.5em&#8221; body_text_color=&#8221;#000000&#8243; body_line_height=&#8221;1.9em&#8221; background_color=&#8221;#ffffff&#8221; custom_margin=&#8221;|||&#8221; custom_padding=&#8221;30px|30px|30px|30px&#8221; animation_style=&#8221;zoom&#8221; animation_direction=&#8221;bottom&#8221; animation_intensity_zoom=&#8221;20%&#8221; animation_starting_opacity=&#8221;100%&#8221; link_option_url=&#8221;https:\/\/circle2learning.eu\/es\/transport-and-digitization\/&#8221; box_shadow_style=&#8221;preset7&#8243; box_shadow_horizontal=&#8221;-1px&#8221; box_shadow_vertical=&#8221;-1px&#8221; box_shadow_color=&#8221;rgba(71,74,182,0.12)&#8221; image_max_width=&#8221;64px&#8221; locked=&#8221;off&#8221; global_colors_info=&#8221;{}&#8221;]<\/p>\n<p style=\"text-align: justify;\">La digitalizaci\u00f3n facilita la optimizaci\u00f3n de las rutas y de los medios de transporte, minimizando el consumo de energ\u00eda y reduciendo las emisiones de carbono. Mediante la recopilaci\u00f3n y el an\u00e1lisis de datos en tiempo real, los operadores del sector del Transporte pueden tomar decisiones informadas sobre la planificaci\u00f3n de rutas, la utilizaci\u00f3n de veh\u00edculos y la optimizaci\u00f3n de la carga. Esta optimizaci\u00f3n permite reducir los trayectos en vac\u00edo, mejorar la utilizaci\u00f3n de los activos y aumentar la eficiencia general de los recursos.<\/p>\n<p>[\/et_pb_blurb][\/et_pb_column_inner][\/et_pb_row_inner][\/et_pb_column][\/et_pb_section]<\/p>\n","protected":false},"excerpt":{"rendered":"<p>El sector del transporte desempe\u00f1a un papel relevante en el desarrollo de la sostenibilidad, ya que incide directamente en diversos aspectos medioambientales, sociales y econ\u00f3micos. Al integrar los principios de sostenibilidad en la planificaci\u00f3n y las operaciones de transporte, podemos crear un sector del transporte m\u00e1s respetuoso con el medio ambiente, socialmente inclusivo y econ\u00f3micamente [&hellip;]<\/p>\n","protected":false},"author":4,"featured_media":0,"parent":0,"menu_order":0,"comment_status":"closed","ping_status":"closed","template":"","meta":{"_et_pb_use_builder":"on","_et_pb_old_content":"","_et_gb_content_width":"","footnotes":""},"class_list":["post-420","page","type-page","status-publish","hentry"],"_links":{"self":[{"href":"https:\/\/circle2learning.eu\/es\/wp-json\/wp\/v2\/pages\/420","targetHints":{"allow":["GET"]}}],"collection":[{"href":"https:\/\/circle2learning.eu\/es\/wp-json\/wp\/v2\/pages"}],"about":[{"href":"https:\/\/circle2learning.eu\/es\/wp-json\/wp\/v2\/types\/page"}],"author":[{"embeddable":true,"href":"https:\/\/circle2learning.eu\/es\/wp-json\/wp\/v2\/users\/4"}],"replies":[{"embeddable":true,"href":"https:\/\/circle2learning.eu\/es\/wp-json\/wp\/v2\/comments?post=420"}],"version-history":[{"count":42,"href":"https:\/\/circle2learning.eu\/es\/wp-json\/wp\/v2\/pages\/420\/revisions"}],"predecessor-version":[{"id":1556,"href":"https:\/\/circle2learning.eu\/es\/wp-json\/wp\/v2\/pages\/420\/revisions\/1556"}],"wp:attachment":[{"href":"https:\/\/circle2learning.eu\/es\/wp-json\/wp\/v2\/media?parent=420"}],"curies":[{"name":"wp","href":"https:\/\/api.w.org\/{rel}","templated":true}]}}