{"id":438,"date":"2023-06-12T10:27:54","date_gmt":"2023-06-12T10:27:54","guid":{"rendered":"https:\/\/circle2learning.eu\/es\/?page_id=438"},"modified":"2025-02-07T14:47:25","modified_gmt":"2025-02-07T14:47:25","slug":"agriculture","status":"publish","type":"page","link":"https:\/\/circle2learning.eu\/es\/agriculture\/","title":{"rendered":"Agriculture"},"content":{"rendered":"<p>[et_pb_section fb_built=&#8221;1&#8243; fullwidth=&#8221;on&#8221; _builder_version=&#8221;4.21.0&#8243; _module_preset=&#8221;default&#8221; background_color=&#8221;RGBA(255,255,255,0)&#8221; background_image=&#8221;https:\/\/circle2learning.eu\/es\/wp-content\/uploads\/2023\/04\/jan-kopriva-LTMaAwxanGk-unsplash-scaled.jpg&#8221; global_colors_info=&#8221;{}&#8221;][et_pb_fullwidth_slider use_bg_overlay=&#8221;off&#8221; _builder_version=&#8221;4.21.0&#8243; _module_preset=&#8221;default&#8221; header_font=&#8221;|700|||||||&#8221; header_letter_spacing=&#8221;1px&#8221; header_line_height=&#8221;1.7em&#8221; body_font=&#8221;|600|||||||&#8221; body_font_size=&#8221;16px&#8221; body_letter_spacing=&#8221;1px&#8221; body_line_height=&#8221;1.8em&#8221; background_color=&#8221;RGBA(255,255,255,0)&#8221; background_image=&#8221;https:\/\/circle2learning.eu\/es\/wp-content\/uploads\/2023\/04\/carles-rabada-hd2jIyRo7iY-unsplash-scaled.jpg&#8221; animation_style=&#8221;fade&#8221; background_color_tablet=&#8221;#686868&#8243; background_color_phone=&#8221;#999999&#8243; background_last_edited=&#8221;off|tablet&#8221; background_enable_color_tablet=&#8221;on&#8221; background_enable_color_phone=&#8221;on&#8221; global_colors_info=&#8221;{}&#8221;][et_pb_slide heading=&#8221;Agricultura&#8221; _builder_version=&#8221;4.21.0&#8243; _module_preset=&#8221;default&#8221; body_font=&#8221;|700|||||||&#8221; body_font_size=&#8221;20px&#8221; body_letter_spacing=&#8221;2px&#8221; background_color=&#8221;#6daa1d&#8221; background_enable_color=&#8221;on&#8221; body_text_shadow_style=&#8221;preset5&#8243; text_shadow_style=&#8221;preset2&#8243; text_shadow_horizontal_length=&#8221;0.11em&#8221; text_shadow_vertical_length=&#8221;0.17em&#8221; global_colors_info=&#8221;{}&#8221; sticky_transition=&#8221;on&#8221;]<\/p>\n<p style=\"text-align: justify;\">La Agricultura desempe\u00f1a un papel vital en la econom\u00eda, en la seguridad alimentaria y en el desarrollo rural de Europa. Mediante la integraci\u00f3n de los principios de la Econom\u00eda Circular, el sector agr\u00edcola en Europa aspira a una transici\u00f3n hacia un sistema m\u00e1s sostenible y eficiente en el uso de los recursos. Esta secci\u00f3n contiene materiales de formaci\u00f3n sobre la integraci\u00f3n de la Agricultura y la Econom\u00eda Circular.<\/p>\n<p>[\/et_pb_slide][\/et_pb_fullwidth_slider][\/et_pb_section][et_pb_section fb_built=&#8221;1&#8243; specialty=&#8221;on&#8221; admin_label=&#8221;All Courses&#8221; _builder_version=&#8221;4.16&#8243; custom_padding=&#8221;100px|0px|100px|0px&#8221; global_colors_info=&#8221;{}&#8221;][et_pb_column type=&#8221;1_3&#8243; _builder_version=&#8221;4.16&#8243; custom_padding=&#8221;|||&#8221; global_colors_info=&#8221;{}&#8221; parallax__hover=&#8221;off&#8221; parallax_method__hover=&#8221;on&#8221; custom_padding__hover=&#8221;|||&#8221;][et_pb_text _builder_version=&#8221;4.21.0&#8243; header_font=&#8221;||||||||&#8221; header_2_font=&#8221;|700|||||||&#8221; header_2_text_color=&#8221;#7272ff&#8221; header_2_font_size=&#8221;36px&#8221; header_2_line_height=&#8221;1.3em&#8221; custom_margin=&#8221;||20px|&#8221; animation_style=&#8221;slide&#8221; animation_direction=&#8221;bottom&#8221; animation_intensity_slide=&#8221;10%&#8221; locked=&#8221;off&#8221; global_colors_info=&#8221;{}&#8221; header_font_size__hover=&#8221;30px&#8221; header_font_size__hover_enabled=&#8221;30px&#8221; header_letter_spacing__hover=&#8221;0px&#8221; header_letter_spacing__hover_enabled=&#8221;0px&#8221; header_text_shadow_style__hover=&#8221;none&#8221; header_text_shadow_style__hover_enabled=&#8221;none&#8221; header_text_shadow_color__hover=&#8221;rgba(0,0,0,0.4)&#8221; header_text_shadow_color__hover_enabled=&#8221;rgba(0,0,0,0.4)&#8221;]<\/p>\n<h2>Unidades did\u00e1cticas: La Econom\u00eda Circular y la Agricultura\u00a0<\/h2>\n<p>[\/et_pb_text][et_pb_divider color=&#8221;#09e1c0&#8243; divider_weight=&#8221;4px&#8221; disabled_on=&#8221;on|on|off&#8221; _builder_version=&#8221;4.16&#8243; background_size=&#8221;initial&#8221; background_position=&#8221;top_left&#8221; background_repeat=&#8221;repeat&#8221; max_width=&#8221;40px&#8221; module_alignment=&#8221;left&#8221; custom_margin=&#8221;||10px|&#8221; animation_style=&#8221;zoom&#8221; animation_direction=&#8221;left&#8221; saved_tabs=&#8221;all&#8221; locked=&#8221;off&#8221; global_colors_info=&#8221;{}&#8221;][\/et_pb_divider][et_pb_text _builder_version=&#8221;4.21.0&#8243; text_font=&#8221;||||||||&#8221; text_text_color=&#8221;#8585bd&#8221; text_font_size=&#8221;16px&#8221; text_line_height=&#8221;1.9em&#8221; header_font=&#8221;||||||||&#8221; header_4_font=&#8221;|700|||||||&#8221; header_4_font_size=&#8221;16px&#8221; header_4_line_height=&#8221;1.9em&#8221; animation_style=&#8221;zoom&#8221; animation_intensity_zoom=&#8221;6%&#8221; locked=&#8221;off&#8221; global_colors_info=&#8221;{}&#8221;]<\/p>\n<h4>El sector agr\u00edcola emplea a un amplio abanico de personas con distintas cualificaciones.<\/h4>\n<p>El sector agr\u00edcola en Europa y el concepto de Econom\u00eda Circular est\u00e1n estrechamente relacionados, ya que se est\u00e1n realizando esfuerzos para promover pr\u00e1cticas sostenibles, reducir los residuos y maximizar la eficiencia de los recursos.<\/p>\n<p>Los m\u00f3dulos de Econom\u00eda Circular ofrecen a los alumnos de Formaci\u00f3n Profesional y a los formadores la oportunidad de situar la sostenibilidad y la Econom\u00eda Circular en el centro de lo que hacen. Todos los sectores est\u00e1n en condiciones de definir nuevas formas de operar que impliquen menos residuos, reduzcan el impacto del CO2 y sean m\u00e1s eficientes desde un punto de vista energ\u00e9tico.<\/p>\n<p>[\/et_pb_text][et_pb_divider divider_weight=&#8221;4px&#8221; _builder_version=&#8221;4.21.0&#8243; _module_preset=&#8221;default&#8221; global_colors_info=&#8221;{}&#8221;][\/et_pb_divider][et_pb_blurb title=&#8221;M\u00f3dulo de recursos 1&#8243; url=&#8221;https:\/\/circle2learning.eu\/es\/agriculture-resource-pack-1\/&#8221; image=&#8221;https:\/\/circle2learning.eu\/es\/wp-content\/uploads\/2023\/06\/icons8-books-80.png&#8221; icon_placement=&#8221;left&#8221; image_icon_width=&#8221;180%&#8221; _builder_version=&#8221;4.21.0&#8243; _module_preset=&#8221;default&#8221; header_font=&#8221;|700|||||||&#8221; header_line_height=&#8221;1.5em&#8221; body_text_color=&#8221;#000000&#8243; body_line_height=&#8221;1.9em&#8221; link_option_url=&#8221;https:\/\/circle2learning.eu\/es\/agriculture-resource-pack-1\/&#8221; global_colors_info=&#8221;{}&#8221;]<\/p>\n<p>Accede a archivos y herramientas relevantes para un recorrido por la Econom\u00eda Circular.<\/p>\n<p>[\/et_pb_blurb][et_pb_blurb title=&#8221;M\u00f3dulo de recursos 2&#8243; url=&#8221;https:\/\/circle2learning.eu\/es\/agriculture-resource-pack-2\/&#8221; image=&#8221;https:\/\/circle2learning.eu\/es\/wp-content\/uploads\/2023\/06\/icons8-books-80.png&#8221; icon_placement=&#8221;left&#8221; _builder_version=&#8221;4.21.0&#8243; _module_preset=&#8221;default&#8221; header_font=&#8221;|700|||||||&#8221; header_line_height=&#8221;1.5em&#8221; body_text_color=&#8221;#000000&#8243; body_line_height=&#8221;1.9em&#8221; link_option_url=&#8221;https:\/\/circle2learning.eu\/es\/agriculture-resource-pack-2\/&#8221; global_colors_info=&#8221;{}&#8221;]<\/p>\n<p>Accede a archivos y herramientas relevantes para un recorrido por la Econom\u00eda Circular.<\/p>\n<p>[\/et_pb_blurb][et_pb_blurb title=&#8221;Entrevistas sobre la Agricultura&#8221; image=&#8221;https:\/\/circle2learning.eu\/es\/wp-content\/uploads\/2023\/06\/icons8-books-80.png&#8221; icon_placement=&#8221;left&#8221; _builder_version=&#8221;4.27.4&#8243; _module_preset=&#8221;default&#8221; header_font=&#8221;|700|||||||&#8221; header_line_height=&#8221;1.5em&#8221; body_text_color=&#8221;#000000&#8243; body_line_height=&#8221;1.9em&#8221; link_option_url=&#8221;https:\/\/circle2learning.eu\/es\/wp-content\/uploads\/2025\/02\/CIRCLE2_Interviews_Agriculture_ES.pdf&#8221; hover_enabled=&#8221;0&#8243; global_colors_info=&#8221;{}&#8221; url=&#8221;https:\/\/circle2learning.eu\/es\/wp-content\/uploads\/2025\/02\/CIRCLE2_Interviews_Agriculture_ES.pdf&#8221; url_new_window=&#8221;on&#8221; link_option_url_new_window=&#8221;on&#8221; sticky_enabled=&#8221;0&#8243;]<\/p>\n<p>Una compilaci\u00f3n de entrevistas realizadas en el \u00e1mbito de la Agricultura<\/p>\n<p>[\/et_pb_blurb][\/et_pb_column][et_pb_column type=&#8221;2_3&#8243; specialty_columns=&#8221;2&#8243; _builder_version=&#8221;4.16&#8243; custom_padding=&#8221;|||&#8221; global_colors_info=&#8221;{}&#8221; parallax__hover=&#8221;off&#8221; parallax_method__hover=&#8221;on&#8221; custom_padding__hover=&#8221;|||&#8221;][et_pb_row_inner use_custom_gutter=&#8221;on&#8221; gutter_width=&#8221;1&#8243; _builder_version=&#8221;4.19.5&#8243; width=&#8221;100%&#8221; custom_margin=&#8221;|106px||||&#8221; custom_padding=&#8221;0px|0px|0px|0px&#8221; animation_style=&#8221;zoom&#8221; animation_intensity_zoom=&#8221;6%&#8221; box_shadow_style=&#8221;preset1&#8243; box_shadow_vertical=&#8221;10px&#8221; box_shadow_blur=&#8221;60px&#8221; box_shadow_color=&#8221;rgba(71,74,182,0.12)&#8221; global_colors_info=&#8221;{}&#8221;][et_pb_column_inner saved_specialty_column_type=&#8221;2_3&#8243; module_class=&#8221;et_pb_column_1_2&#8243; _builder_version=&#8221;4.16&#8243; custom_padding=&#8221;|||&#8221; global_colors_info=&#8221;{}&#8221; parallax__hover=&#8221;off&#8221; parallax_method__hover=&#8221;on&#8221; module_class__hover=&#8221;et_pb_column_1_2&#8243; custom_padding__hover=&#8221;|||&#8221;][et_pb_blurb title=&#8221;1. La Agricultura y la Econom\u00eda Circular&#8221; url=&#8221;https:\/\/circle2learning.eu\/es\/agriculture-and-ce\/&#8221; image=&#8221;https:\/\/circle2learning.eu\/es\/wp-content\/uploads\/2023\/07\/agriculture.png&#8221; icon_placement=&#8221;left&#8221; image_icon_width=&#8221;64px&#8221; content_max_width=&#8221;1100px&#8221; _builder_version=&#8221;4.21.0&#8243; header_font=&#8221;|on|||&#8221; header_text_color=&#8221;#2e2545&#8243; header_line_height=&#8221;1.5em&#8221; body_text_color=&#8221;#000000&#8243; body_line_height=&#8221;1.9em&#8221; background_color=&#8221;#ffffff&#8221; width=&#8221;100%&#8221; custom_margin=&#8221;|||&#8221; custom_padding=&#8221;30px|30px|30px|30px&#8221; animation_style=&#8221;zoom&#8221; animation_direction=&#8221;bottom&#8221; animation_intensity_zoom=&#8221;20%&#8221; animation_starting_opacity=&#8221;100%&#8221; link_option_url=&#8221;https:\/\/circle2learning.eu\/es\/agriculture-and-ce\/&#8221; box_shadow_style=&#8221;preset7&#8243; box_shadow_horizontal=&#8221;-1px&#8221; box_shadow_vertical=&#8221;-1px&#8221; box_shadow_color=&#8221;rgba(71,74,182,0.12)&#8221; image_max_width=&#8221;64px&#8221; locked=&#8221;off&#8221; global_colors_info=&#8221;{}&#8221;]<\/p>\n<p>La Agricultura y la Econom\u00eda Circular son conceptos interconectados que encierran un inmenso potencial para las pr\u00e1cticas agr\u00edcolas sostenibles y eficientes en el uso de los recursos. Esta secci\u00f3n abarca la econom\u00eda circular en el contexto de la Agricultura, buscando optimizar el uso de los recursos naturales, reducir el impacto ambiental y mejorar la productividad agr\u00edcola en general.<\/p>\n<p>[\/et_pb_blurb][et_pb_blurb title=&#8221;2. La Agricultura y los Insumos Agr\u00edcolas&#8221; url=&#8221;https:\/\/circle2learning.eu\/es\/agriculture-and-farm-inputs\/&#8221; image=&#8221;https:\/\/circle2learning.eu\/es\/wp-content\/uploads\/2023\/07\/agriculture-1.png&#8221; icon_placement=&#8221;left&#8221; image_icon_width=&#8221;64px&#8221; content_max_width=&#8221;1100px&#8221; _builder_version=&#8221;4.27.0&#8243; header_font=&#8221;|on|||&#8221; header_text_color=&#8221;#2e2545&#8243; header_line_height=&#8221;1.5em&#8221; body_text_color=&#8221;#000000&#8243; body_line_height=&#8221;1.9em&#8221; background_color=&#8221;#ffffff&#8221; width=&#8221;100%&#8221; custom_margin=&#8221;|||&#8221; custom_padding=&#8221;30px|30px|30px|30px&#8221; animation_style=&#8221;zoom&#8221; animation_direction=&#8221;bottom&#8221; animation_intensity_zoom=&#8221;20%&#8221; animation_starting_opacity=&#8221;100%&#8221; link_option_url=&#8221;https:\/\/circle2learning.eu\/es\/agriculture-and-farm-inputs\/&#8221; box_shadow_style=&#8221;preset7&#8243; box_shadow_horizontal=&#8221;-1px&#8221; box_shadow_vertical=&#8221;-1px&#8221; box_shadow_color=&#8221;rgba(71,74,182,0.12)&#8221; image_max_width=&#8221;64px&#8221; locked=&#8221;off&#8221; global_colors_info=&#8221;{}&#8221;]<\/p>\n<p>La Econom\u00eda Circular en la Agricultura y los Insumos Agr\u00edcolas representan un enfoque transformador que pretende hacer que las pr\u00e1cticas agrarias sean m\u00e1s sostenibles, eficientes en el uso de los recursos y respetuosas con el medio ambiente. Esta secci\u00f3n se centra en el abastecimiento sostenible, la agricultura de precisi\u00f3n y mucho m\u00e1s. Adoptar un planteamiento circular es esencial para crear un sector agr\u00edcola resistente, sostenible y regenerativo que satisfaga las necesidades del presente sin comprometer la capacidad de las generaciones futuras para satisfacer sus propias necesidades.<\/p>\n<p>[\/et_pb_blurb][et_pb_blurb title=&#8221;3. Evitar el desperdicio alimentario en la etapa de producci\u00f3n&#8221; url=&#8221;https:\/\/circle2learning.eu\/es\/agriculture-and-production\/&#8221; image=&#8221;https:\/\/circle2learning.eu\/es\/wp-content\/uploads\/2023\/07\/food-waste.png&#8221; icon_placement=&#8221;left&#8221; image_icon_width=&#8221;64px&#8221; content_max_width=&#8221;1100px&#8221; _builder_version=&#8221;4.21.0&#8243; header_font=&#8221;|on|||&#8221; header_text_color=&#8221;#2e2545&#8243; header_line_height=&#8221;1.5em&#8221; body_text_color=&#8221;#000000&#8243; body_line_height=&#8221;1.9em&#8221; background_color=&#8221;#ffffff&#8221; custom_margin=&#8221;|||&#8221; custom_padding=&#8221;30px|30px|30px|30px&#8221; animation_style=&#8221;zoom&#8221; animation_direction=&#8221;bottom&#8221; animation_intensity_zoom=&#8221;20%&#8221; animation_starting_opacity=&#8221;100%&#8221; link_option_url=&#8221;https:\/\/circle2learning.eu\/es\/agriculture-and-production\/&#8221; box_shadow_style=&#8221;preset7&#8243; box_shadow_horizontal=&#8221;-1px&#8221; box_shadow_vertical=&#8221;-1px&#8221; box_shadow_color=&#8221;rgba(71,74,182,0.12)&#8221; image_max_width=&#8221;64px&#8221; locked=&#8221;off&#8221; global_colors_info=&#8221;{}&#8221;]<\/p>\n<p>Evitar el desperdicio alimentario en la etapa de producci\u00f3n es un aspecto fundamental para afrontar el reto mundial del desperdicio alimentario. Se refiere a las medidas proactivas adoptadas por productores, agricultores e industrias agr\u00edcolas para minimizar la p\u00e9rdida y el desperdicio alimentario durante las distintas etapas de la producci\u00f3n de comida. Esta secci\u00f3n trata de las estrategias a aplicar para evitar el desperdicio alimentario en la fase de producci\u00f3n.<\/p>\n<p>[\/et_pb_blurb][et_pb_blurb title=&#8221;4. Residuos alimentarios de origen no natural en la agricultura&#8221; url=&#8221;https:\/\/circle2learning.eu\/es\/agriculture-and-non-natural-waste\/&#8221; image=&#8221;https:\/\/circle2learning.eu\/es\/wp-content\/uploads\/2023\/07\/garbage.png&#8221; icon_placement=&#8221;left&#8221; image_icon_width=&#8221;64px&#8221; content_max_width=&#8221;1100px&#8221; _builder_version=&#8221;4.21.0&#8243; header_font=&#8221;|on|||&#8221; header_text_color=&#8221;#2e2545&#8243; header_line_height=&#8221;1.5em&#8221; body_text_color=&#8221;#000000&#8243; body_line_height=&#8221;1.9em&#8221; background_color=&#8221;#ffffff&#8221; custom_margin=&#8221;|||&#8221; custom_padding=&#8221;30px|30px|30px|30px&#8221; animation_style=&#8221;zoom&#8221; animation_direction=&#8221;bottom&#8221; animation_intensity_zoom=&#8221;20%&#8221; animation_starting_opacity=&#8221;100%&#8221; link_option_url=&#8221;https:\/\/circle2learning.eu\/es\/agriculture-and-non-natural-waste\/&#8221; box_shadow_style=&#8221;preset7&#8243; box_shadow_horizontal=&#8221;-1px&#8221; box_shadow_vertical=&#8221;-1px&#8221; box_shadow_color=&#8221;rgba(71,74,182,0.12)&#8221; image_max_width=&#8221;64px&#8221; locked=&#8221;off&#8221; global_colors_info=&#8221;{}&#8221;]<\/p>\n<p>Esta secci\u00f3n trata de los residuos alimentarios no naturales en el sector agr\u00edcola. Este tipo de residuos se produce a lo largo de las etapas de producci\u00f3n, manipulaci\u00f3n y distribuci\u00f3n de la actividad agr\u00edcola y puede tener importantes implicaciones sociales, econ\u00f3micas y medioambientales. Al minimizar el desperdicio alimentario en la Agricultura, podemos garantizar una mejor utilizaci\u00f3n de los recursos, mejorar la seguridad alimentaria y reducir el impacto medioambiental asociado a la producci\u00f3n y eliminaci\u00f3n de alimentos.<\/p>\n<p>[\/et_pb_blurb][et_pb_blurb title=&#8221;5. Valorizaci\u00f3n de los residuos agr\u00edcolas&#8221; url=&#8221;https:\/\/circle2learning.eu\/es\/agriculture-value-from-organic-wastes\/&#8221; image=&#8221;https:\/\/circle2learning.eu\/es\/wp-content\/uploads\/2023\/07\/fertilizer.png&#8221; icon_placement=&#8221;left&#8221; image_icon_width=&#8221;64px&#8221; content_max_width=&#8221;1100px&#8221; _builder_version=&#8221;4.21.0&#8243; header_font=&#8221;|on|||&#8221; header_text_color=&#8221;#2e2545&#8243; header_line_height=&#8221;1.5em&#8221; body_text_color=&#8221;#000000&#8243; body_line_height=&#8221;1.9em&#8221; background_color=&#8221;#ffffff&#8221; custom_margin=&#8221;|||&#8221; custom_padding=&#8221;30px|30px|30px|30px&#8221; animation_style=&#8221;zoom&#8221; animation_direction=&#8221;bottom&#8221; animation_intensity_zoom=&#8221;20%&#8221; animation_starting_opacity=&#8221;100%&#8221; link_option_url=&#8221;https:\/\/circle2learning.eu\/es\/agriculture-value-from-organic-wastes\/&#8221; box_shadow_style=&#8221;preset7&#8243; box_shadow_horizontal=&#8221;-1px&#8221; box_shadow_vertical=&#8221;-1px&#8221; box_shadow_color=&#8221;rgba(71,74,182,0.12)&#8221; image_max_width=&#8221;64px&#8221; locked=&#8221;off&#8221; global_colors_info=&#8221;{}&#8221;]<\/p>\n<p>A\u00f1adir valor a partir de los residuos agrarios es un planteamiento sostenible e innovador que convierte los residuos en un recurso valioso. Los residuos org\u00e1nicos, como los restos de comida, residuos agr\u00edcolas y residuos <em>verdes<\/em>, pueden ser transformados mediante diversos procesos de modo a crear productos \u00fatiles, generar energ\u00eda y contribuir a una econom\u00eda circular.<\/p>\n<p>[\/et_pb_blurb][et_pb_blurb title=&#8221;6. La agricultura de carbono&#8221; url=&#8221;https:\/\/circle2learning.eu\/es\/agriculture-and-carbon\/&#8221; image=&#8221;https:\/\/circle2learning.eu\/es\/wp-content\/uploads\/2023\/07\/co2.png&#8221; icon_placement=&#8221;left&#8221; image_icon_width=&#8221;64px&#8221; content_max_width=&#8221;1100px&#8221; _builder_version=&#8221;4.21.0&#8243; header_font=&#8221;|on|||&#8221; header_text_color=&#8221;#2e2545&#8243; header_line_height=&#8221;1.5em&#8221; body_text_color=&#8221;#000000&#8243; body_line_height=&#8221;1.9em&#8221; background_color=&#8221;#ffffff&#8221; custom_margin=&#8221;|||&#8221; custom_padding=&#8221;30px|30px|30px|30px&#8221; animation_style=&#8221;zoom&#8221; animation_direction=&#8221;bottom&#8221; animation_intensity_zoom=&#8221;20%&#8221; animation_starting_opacity=&#8221;100%&#8221; link_option_url=&#8221;https:\/\/circle2learning.eu\/es\/agriculture-and-carbon\/&#8221; box_shadow_style=&#8221;preset7&#8243; box_shadow_horizontal=&#8221;-1px&#8221; box_shadow_vertical=&#8221;-1px&#8221; box_shadow_color=&#8221;rgba(71,74,182,0.12)&#8221; image_max_width=&#8221;64px&#8221; locked=&#8221;off&#8221; global_colors_info=&#8221;{}&#8221;]<\/p>\n<p>El carbono y el sector agr\u00edcola mantienen una relaci\u00f3n compleja e interconectada. La Agricultura desempe\u00f1a un papel significativo tanto en su contribuci\u00f3n a las emisiones de carbono como en su mitigaci\u00f3n, lo que la convierte en un actor crucial en la lucha contra el cambio clim\u00e1tico. Al adoptar una agricultura clim\u00e1ticamente inteligente y pr\u00e1cticas respetuosas con el carbono, este sector puede contribuir significativamente a los esfuerzos mundiales para combatir el cambio clim\u00e1tico, garantizando al mismo tiempo la seguridad alimentaria y el desarrollo sostenible.<\/p>\n<p>[\/et_pb_blurb][\/et_pb_column_inner][\/et_pb_row_inner][\/et_pb_column][\/et_pb_section]<\/p>\n","protected":false},"excerpt":{"rendered":"<p>La Agricultura desempe\u00f1a un papel vital en la econom\u00eda, en la seguridad alimentaria y en el desarrollo rural de Europa. Mediante la integraci\u00f3n de los principios de la Econom\u00eda Circular, el sector agr\u00edcola en Europa aspira a una transici\u00f3n hacia un sistema m\u00e1s sostenible y eficiente en el uso de los recursos. Esta secci\u00f3n contiene [&hellip;]<\/p>\n","protected":false},"author":4,"featured_media":0,"parent":0,"menu_order":0,"comment_status":"closed","ping_status":"closed","template":"","meta":{"_et_pb_use_builder":"on","_et_pb_old_content":"","_et_gb_content_width":"","footnotes":""},"class_list":["post-438","page","type-page","status-publish","hentry"],"_links":{"self":[{"href":"https:\/\/circle2learning.eu\/es\/wp-json\/wp\/v2\/pages\/438","targetHints":{"allow":["GET"]}}],"collection":[{"href":"https:\/\/circle2learning.eu\/es\/wp-json\/wp\/v2\/pages"}],"about":[{"href":"https:\/\/circle2learning.eu\/es\/wp-json\/wp\/v2\/types\/page"}],"author":[{"embeddable":true,"href":"https:\/\/circle2learning.eu\/es\/wp-json\/wp\/v2\/users\/4"}],"replies":[{"embeddable":true,"href":"https:\/\/circle2learning.eu\/es\/wp-json\/wp\/v2\/comments?post=438"}],"version-history":[{"count":30,"href":"https:\/\/circle2learning.eu\/es\/wp-json\/wp\/v2\/pages\/438\/revisions"}],"predecessor-version":[{"id":1558,"href":"https:\/\/circle2learning.eu\/es\/wp-json\/wp\/v2\/pages\/438\/revisions\/1558"}],"wp:attachment":[{"href":"https:\/\/circle2learning.eu\/es\/wp-json\/wp\/v2\/media?parent=438"}],"curies":[{"name":"wp","href":"https:\/\/api.w.org\/{rel}","templated":true}]}}