{"id":561,"date":"2023-07-04T07:53:03","date_gmt":"2023-07-04T07:53:03","guid":{"rendered":"https:\/\/circle2learning.eu\/es\/?page_id=561"},"modified":"2025-01-15T18:21:55","modified_gmt":"2025-01-15T18:21:55","slug":"tourism-resource-pack-2","status":"publish","type":"page","link":"https:\/\/circle2learning.eu\/es\/tourism-resource-pack-2\/","title":{"rendered":"Tourism Resource Pack 2"},"content":{"rendered":"<p>[et_pb_section fb_built=&#8221;1&#8243; _builder_version=&#8221;4.21.0&#8243; _module_preset=&#8221;default&#8221; global_colors_info=&#8221;{}&#8221;][et_pb_row _builder_version=&#8221;4.21.0&#8243; _module_preset=&#8221;default&#8221; global_colors_info=&#8221;{}&#8221;][et_pb_column type=&#8221;4_4&#8243; _builder_version=&#8221;4.21.0&#8243; _module_preset=&#8221;default&#8221; global_colors_info=&#8221;{}&#8221;][et_pb_text _builder_version=&#8221;4.27.4&#8243; _module_preset=&#8221;default&#8221; global_colors_info=&#8221;{}&#8221;]<\/p>\n<h2><strong>Modulo de recursos 2<br \/><\/strong><\/h2>\n<p>[\/et_pb_text][et_pb_button button_url=&#8221;https:\/\/circle2learning.eu\/es\/wp-content\/uploads\/2025\/01\/Tourism-ES-RP2.zip&#8221; url_new_window=&#8221;on&#8221; button_text=&#8221;Descargar el modulo de recursos 2 en un fichero Zip aqu\u00ed&#8221; _builder_version=&#8221;4.27.4&#8243; _module_preset=&#8221;default&#8221; hover_enabled=&#8221;0&#8243; custom_css_before=&#8221;et-download-button&#8221; global_colors_info=&#8221;{}&#8221; sticky_enabled=&#8221;0&#8243;][\/et_pb_button][\/et_pb_column][\/et_pb_row][et_pb_row column_structure=&#8221;1_3,2_3&#8243; _builder_version=&#8221;4.21.0&#8243; _module_preset=&#8221;default&#8221; global_colors_info=&#8221;{}&#8221;][et_pb_column type=&#8221;1_3&#8243; _builder_version=&#8221;4.21.0&#8243; _module_preset=&#8221;default&#8221; global_colors_info=&#8221;{}&#8221;][et_pb_image src=&#8221;https:\/\/circle2learning.eu\/es\/wp-content\/uploads\/2023\/07\/Resource-Pack-2-1.png&#8221; title_text=&#8221;Resource Pack 2-1&#8243; _builder_version=&#8221;4.21.0&#8243; _module_preset=&#8221;default&#8221; global_colors_info=&#8221;{}&#8221;][\/et_pb_image][\/et_pb_column][et_pb_column type=&#8221;2_3&#8243; _builder_version=&#8221;4.21.0&#8243; _module_preset=&#8221;default&#8221; global_colors_info=&#8221;{}&#8221;][et_pb_text _builder_version=&#8221;4.21.0&#8243; _module_preset=&#8221;default&#8221; global_colors_info=&#8221;{}&#8221;]<\/p>\n<h4><strong>Ejercicio de an\u00e1lisis del modelo de fuerzas\u00a0<\/strong><\/h4>\n<p>Las mejoras medioambientales de las pr\u00e1cticas en el lugar de trabajo suelen encontrar resistencia. Este ejercicio adopta los principios de la primera ley de Newton, que establece que un objeto permanecer\u00e1 en una posici\u00f3n a menos que act\u00fae sobre \u00e9l una fuerza desequilibrada. En la econom\u00eda circular, hay fuerzas como la regulaci\u00f3n o los objetivos de reciclaje que impulsan la agenda circular, mientras que hay fuerzas resistentes que impiden el movimiento. Trabaja en equipo para explorar estas fuerzas.<\/p>\n<p>[\/et_pb_text][\/et_pb_column][\/et_pb_row][et_pb_row column_structure=&#8221;1_3,2_3&#8243; _builder_version=&#8221;4.21.0&#8243; _module_preset=&#8221;default&#8221; locked=&#8221;off&#8221; global_colors_info=&#8221;{}&#8221;][et_pb_column type=&#8221;1_3&#8243; _builder_version=&#8221;4.21.0&#8243; _module_preset=&#8221;default&#8221; global_colors_info=&#8221;{}&#8221;][et_pb_image src=&#8221;https:\/\/circle2learning.eu\/wp-content\/uploads\/2024\/04\/Small-image.png&#8221; title_text=&#8221;Small image&#8221; _builder_version=&#8221;4.24.3&#8243; _module_preset=&#8221;default&#8221; global_colors_info=&#8221;{}&#8221;][\/et_pb_image][\/et_pb_column][et_pb_column type=&#8221;2_3&#8243; _builder_version=&#8221;4.21.0&#8243; _module_preset=&#8221;default&#8221; global_colors_info=&#8221;{}&#8221;][et_pb_text _builder_version=&#8221;4.24.3&#8243; _module_preset=&#8221;default&#8221; custom_padding=&#8221;||0px|||&#8221; global_colors_info=&#8221;{}&#8221;]<\/p>\n<h4><strong><br \/>Calculadora de emisiones de CO2<\/strong><\/h4>\n<p>Cada d\u00eda tomamos decisiones sobre nuestros medios de transporte. Sin embargo, no somos conscientes de las consecuencias medioambientales de nuestros desplazamientos. Utiliza esta sencilla herramienta de c\u00e1lculo para comparar tus desplazamientos.<\/p>\n<p>[\/et_pb_text][\/et_pb_column][\/et_pb_row][et_pb_row column_structure=&#8221;1_3,2_3&#8243; _builder_version=&#8221;4.21.0&#8243; _module_preset=&#8221;default&#8221; global_colors_info=&#8221;{}&#8221;][et_pb_column type=&#8221;1_3&#8243; _builder_version=&#8221;4.21.0&#8243; _module_preset=&#8221;default&#8221; global_colors_info=&#8221;{}&#8221;][et_pb_image src=&#8221;https:\/\/circle2learning.eu\/es\/wp-content\/uploads\/2023\/07\/Resource-Pack-2-2.png&#8221; title_text=&#8221;Resource Pack 2-2&#8243; _builder_version=&#8221;4.21.0&#8243; _module_preset=&#8221;default&#8221; global_colors_info=&#8221;{}&#8221;][\/et_pb_image][\/et_pb_column][et_pb_column type=&#8221;2_3&#8243; _builder_version=&#8221;4.21.0&#8243; _module_preset=&#8221;default&#8221; global_colors_info=&#8221;{}&#8221;][et_pb_text _builder_version=&#8221;4.21.0&#8243; _module_preset=&#8221;default&#8221; global_colors_info=&#8221;{}&#8221;]<\/p>\n<h4><strong>La alimentaci\u00f3n y su impacto medioambiental<\/strong><\/h4>\n<p>Existe una estrecha relaci\u00f3n entre los alimentos como recurso consumido y su impacto en las emisiones de CO2. Hay que entender muy bien esta relaci\u00f3n o, de hecho, qu\u00e9 alimentos son m\u00e1s beneficiosos para el medio ambiente. En un peque\u00f1o grupo, explora el impacto de las emisiones de CO2 de diferentes platos que puedas encontrar en un restaurante y estudia qu\u00e9 cambios se pueden hacer para reducir su impacto en t\u00e9rminos de emisiones de CO2.<\/p>\n<p>[\/et_pb_text][\/et_pb_column][\/et_pb_row][\/et_pb_section]<\/p>\n","protected":false},"excerpt":{"rendered":"<p>Modulo de recursos 2Ejercicio de an\u00e1lisis del modelo de fuerzas\u00a0 Las mejoras medioambientales de las pr\u00e1cticas en el lugar de trabajo suelen encontrar resistencia. Este ejercicio adopta los principios de la primera ley de Newton, que establece que un objeto permanecer\u00e1 en una posici\u00f3n a menos que act\u00fae sobre \u00e9l una fuerza desequilibrada. En la [&hellip;]<\/p>\n","protected":false},"author":2,"featured_media":0,"parent":0,"menu_order":0,"comment_status":"closed","ping_status":"closed","template":"","meta":{"_et_pb_use_builder":"on","_et_pb_old_content":"","_et_gb_content_width":"","footnotes":""},"class_list":["post-561","page","type-page","status-publish","hentry"],"_links":{"self":[{"href":"https:\/\/circle2learning.eu\/es\/wp-json\/wp\/v2\/pages\/561","targetHints":{"allow":["GET"]}}],"collection":[{"href":"https:\/\/circle2learning.eu\/es\/wp-json\/wp\/v2\/pages"}],"about":[{"href":"https:\/\/circle2learning.eu\/es\/wp-json\/wp\/v2\/types\/page"}],"author":[{"embeddable":true,"href":"https:\/\/circle2learning.eu\/es\/wp-json\/wp\/v2\/users\/2"}],"replies":[{"embeddable":true,"href":"https:\/\/circle2learning.eu\/es\/wp-json\/wp\/v2\/comments?post=561"}],"version-history":[{"count":13,"href":"https:\/\/circle2learning.eu\/es\/wp-json\/wp\/v2\/pages\/561\/revisions"}],"predecessor-version":[{"id":1327,"href":"https:\/\/circle2learning.eu\/es\/wp-json\/wp\/v2\/pages\/561\/revisions\/1327"}],"wp:attachment":[{"href":"https:\/\/circle2learning.eu\/es\/wp-json\/wp\/v2\/media?parent=561"}],"curies":[{"name":"wp","href":"https:\/\/api.w.org\/{rel}","templated":true}]}}