{"id":590,"date":"2023-07-04T10:28:28","date_gmt":"2023-07-04T10:28:28","guid":{"rendered":"https:\/\/circle2learning.eu\/es\/?page_id=590"},"modified":"2025-02-10T11:45:14","modified_gmt":"2025-02-10T11:45:14","slug":"agriculture-resource-pack-1","status":"publish","type":"page","link":"https:\/\/circle2learning.eu\/es\/agriculture-resource-pack-1\/","title":{"rendered":"Agriculture Resource Pack 1"},"content":{"rendered":"<p>[et_pb_section fb_built=&#8221;1&#8243; _builder_version=&#8221;4.21.0&#8243; _module_preset=&#8221;default&#8221; custom_padding=&#8221;||13px|||&#8221; locked=&#8221;off&#8221; global_colors_info=&#8221;{}&#8221;][et_pb_row column_structure=&#8221;1_2,1_2&#8243; _builder_version=&#8221;4.27.3&#8243; _module_preset=&#8221;default&#8221; global_colors_info=&#8221;{}&#8221;][et_pb_column type=&#8221;1_2&#8243; _builder_version=&#8221;4.27.3&#8243; _module_preset=&#8221;default&#8221; global_colors_info=&#8221;{}&#8221;][et_pb_text _builder_version=&#8221;4.27.4&#8243; _module_preset=&#8221;default&#8221; global_colors_info=&#8221;{}&#8221;]<\/p>\n<h2><strong>M\u00f3dulo de recursos 1<\/strong><\/h2>\n<p>[\/et_pb_text][\/et_pb_column][et_pb_column type=&#8221;1_2&#8243; _builder_version=&#8221;4.27.3&#8243; _module_preset=&#8221;default&#8221; global_colors_info=&#8221;{}&#8221;][\/et_pb_column][\/et_pb_row][et_pb_row column_structure=&#8221;1_2,1_2&#8243; _builder_version=&#8221;4.27.3&#8243; _module_preset=&#8221;default&#8221; global_colors_info=&#8221;{}&#8221;][et_pb_column type=&#8221;1_2&#8243; _builder_version=&#8221;4.27.3&#8243; _module_preset=&#8221;default&#8221; global_colors_info=&#8221;{}&#8221;][et_pb_button button_url=&#8221;https:\/\/circle2learning.eu\/es\/wp-content\/uploads\/2025\/02\/Agri-ES-RP1.zip&#8221; url_new_window=&#8221;on&#8221; button_text=&#8221;Descargar un archivo Zip del m\u00f3dulo de recursos 1 aqu\u00ed&#8221; _builder_version=&#8221;4.27.4&#8243; _module_preset=&#8221;default&#8221; z_index=&#8221;0&#8243; hover_enabled=&#8221;0&#8243; custom_css_before=&#8221;et-download-button&#8221; locked=&#8221;off&#8221; global_colors_info=&#8221;{}&#8221; sticky_enabled=&#8221;0&#8243;][\/et_pb_button][\/et_pb_column][et_pb_column type=&#8221;1_2&#8243; _builder_version=&#8221;4.27.3&#8243; _module_preset=&#8221;default&#8221; global_colors_info=&#8221;{}&#8221;][\/et_pb_column][\/et_pb_row][et_pb_row column_structure=&#8221;1_2,1_2&#8243; module_class=&#8221;freightcalculator&#8221; _builder_version=&#8221;4.27.2&#8243; _module_preset=&#8221;default&#8221; min_height=&#8221;319.6px&#8221; custom_margin=&#8221;-2px|auto||auto||&#8221; custom_padding=&#8221;||15px|||&#8221; global_colors_info=&#8221;{}&#8221;][et_pb_column type=&#8221;1_2&#8243; _builder_version=&#8221;4.22.0&#8243; _module_preset=&#8221;default&#8221; global_colors_info=&#8221;{}&#8221;][et_pb_image src=&#8221;https:\/\/circle2learning.eu\/wp-content\/uploads\/2024\/12\/Agric-tool-1.png&#8221; title_text=&#8221;Agric tool 1&#8243; _builder_version=&#8221;4.27.4&#8243; _module_preset=&#8221;default&#8221; width=&#8221;83%&#8221; min_height=&#8221;260.6px&#8221; height=&#8221;152px&#8221; global_colors_info=&#8221;{}&#8221;][\/et_pb_image][\/et_pb_column][et_pb_column type=&#8221;1_2&#8243; _builder_version=&#8221;4.22.0&#8243; _module_preset=&#8221;default&#8221; global_colors_info=&#8221;{}&#8221;][et_pb_text _builder_version=&#8221;4.27.4&#8243; _module_preset=&#8221;default&#8221; custom_padding=&#8221;|||0px||&#8221; global_colors_info=&#8221;{}&#8221;]<\/p>\n<h4><strong>Emisiones de las actividades agr\u00edcolas<\/strong><\/h4>\n<p>A partir de una selecci\u00f3n de las actividades agrarias m\u00e1s habituales, esta herramienta destaca las emisiones de gases de efecto invernadero (GEI) m\u00e1s comunes, su impacto y sugiere soluciones circulares para minimizarlo.<\/p>\n<p>[\/et_pb_text][\/et_pb_column][\/et_pb_row][et_pb_row column_structure=&#8221;1_2,1_2&#8243; _builder_version=&#8221;4.27.3&#8243; _module_preset=&#8221;default&#8221; global_colors_info=&#8221;{}&#8221;][et_pb_column type=&#8221;1_2&#8243; _builder_version=&#8221;4.27.3&#8243; _module_preset=&#8221;default&#8221; global_colors_info=&#8221;{}&#8221;][et_pb_image src=&#8221;https:\/\/circle2learning.eu\/wp-content\/uploads\/2024\/12\/small-steps.png&#8221; title_text=&#8221;small steps&#8221; _builder_version=&#8221;4.27.4&#8243; _module_preset=&#8221;default&#8221; global_colors_info=&#8221;{}&#8221;][\/et_pb_image][\/et_pb_column][et_pb_column type=&#8221;1_2&#8243; _builder_version=&#8221;4.27.3&#8243; _module_preset=&#8221;default&#8221; global_colors_info=&#8221;{}&#8221;][et_pb_text _builder_version=&#8221;4.27.4&#8243; _module_preset=&#8221;default&#8221; global_colors_info=&#8221;{}&#8221;]<\/p>\n<h4><strong>Peque\u00f1os pasos hacia una agricultura sostenible<\/strong><\/h4>\n<p>Incluso peque\u00f1as medidas espec\u00edficas pueden contribuir a mejorar el impacto medioambiental de las pr\u00e1cticas agr\u00edcolas. A partir de plantas de cultivo com\u00fan, este ejercicio anima al usuario a considerar el uso del agua, el mantillo y la opci\u00f3n de compostar los recortes o restos de plantas.<\/p>\n<p>[\/et_pb_text][\/et_pb_column][\/et_pb_row][et_pb_row column_structure=&#8221;1_2,1_2&#8243; module_class=&#8221;freightcalculator&#8221; _builder_version=&#8221;4.27.2&#8243; _module_preset=&#8221;default&#8221; min_height=&#8221;319.6px&#8221; custom_margin=&#8221;-2px|auto||auto||&#8221; custom_padding=&#8221;||15px|||&#8221; link_option_url_new_window=&#8221;on&#8221; custom_css_free_form=&#8221;.freightcalculator {||  transition: all 0.3s ease-in-out;||}||||.freightcalculator:hover {||  transform: scale(1.01);||}&#8221; global_colors_info=&#8221;{}&#8221;][et_pb_column type=&#8221;1_2&#8243; _builder_version=&#8221;4.22.0&#8243; _module_preset=&#8221;default&#8221; global_colors_info=&#8221;{}&#8221;][et_pb_image src=&#8221;https:\/\/circle2learning.eu\/wp-content\/uploads\/2024\/12\/cows-forest-scaled.jpeg&#8221; alt=&#8221;Freight Calculator&#8221; title_text=&#8221;Small herd of cows grazing in organic pasture field&#8221; url=&#8221;https:\/\/circle2learning.eu\/freight-calculator\/&#8221; url_new_window=&#8221;on&#8221; _builder_version=&#8221;4.27.4&#8243; _module_preset=&#8221;default&#8221; width=&#8221;100%&#8221; max_width=&#8221;80%&#8221; min_height=&#8221;100%&#8221; height=&#8221;100%&#8221; global_colors_info=&#8221;{}&#8221;][\/et_pb_image][\/et_pb_column][et_pb_column type=&#8221;1_2&#8243; _builder_version=&#8221;4.22.0&#8243; _module_preset=&#8221;default&#8221; global_colors_info=&#8221;{}&#8221;][et_pb_text _builder_version=&#8221;4.27.4&#8243; _module_preset=&#8221;default&#8221; custom_padding=&#8221;|||0px||&#8221; link_option_url_new_window=&#8221;on&#8221; global_colors_info=&#8221;{}&#8221;]<\/p>\n<h4><strong>Calculadora de emisiones de la agricultura<\/strong><\/h4>\n<p data-sourcepos=\"5:1-5:19\">La ganader\u00eda y la gesti\u00f3n forestal son dos actividades agrarias que pueden tener efectos muy diferentes sobre el cambio clim\u00e1tico. Esta calculadora de emisiones agr\u00edcolas se centra en esas dos actividades y ofrece una estimaci\u00f3n aproximada. Aunque se reconoce que la herramienta es un enfoque simplificado, permite elegir el tipo y el tama\u00f1o del ganado y estimar sus emisiones asociadas. Asimismo, la elecci\u00f3n de la disponibilidad de tierras y los cambios en la silvicultura pueden determinar el grado de captura de CO2.<\/p>\n<p>[\/et_pb_text][\/et_pb_column][\/et_pb_row][\/et_pb_section]<\/p>\n","protected":false},"excerpt":{"rendered":"<p>M\u00f3dulo de recursos 1Emisiones de las actividades agr\u00edcolas A partir de una selecci\u00f3n de las actividades agrarias m\u00e1s habituales, esta herramienta destaca las emisiones de gases de efecto invernadero (GEI) m\u00e1s comunes, su impacto y sugiere soluciones circulares para minimizarlo.Peque\u00f1os pasos hacia una agricultura sostenible Incluso peque\u00f1as medidas espec\u00edficas pueden contribuir a mejorar el impacto [&hellip;]<\/p>\n","protected":false},"author":2,"featured_media":0,"parent":0,"menu_order":0,"comment_status":"closed","ping_status":"closed","template":"","meta":{"_et_pb_use_builder":"on","_et_pb_old_content":"","_et_gb_content_width":"","footnotes":""},"class_list":["post-590","page","type-page","status-publish","hentry"],"_links":{"self":[{"href":"https:\/\/circle2learning.eu\/es\/wp-json\/wp\/v2\/pages\/590","targetHints":{"allow":["GET"]}}],"collection":[{"href":"https:\/\/circle2learning.eu\/es\/wp-json\/wp\/v2\/pages"}],"about":[{"href":"https:\/\/circle2learning.eu\/es\/wp-json\/wp\/v2\/types\/page"}],"author":[{"embeddable":true,"href":"https:\/\/circle2learning.eu\/es\/wp-json\/wp\/v2\/users\/2"}],"replies":[{"embeddable":true,"href":"https:\/\/circle2learning.eu\/es\/wp-json\/wp\/v2\/comments?post=590"}],"version-history":[{"count":8,"href":"https:\/\/circle2learning.eu\/es\/wp-json\/wp\/v2\/pages\/590\/revisions"}],"predecessor-version":[{"id":1591,"href":"https:\/\/circle2learning.eu\/es\/wp-json\/wp\/v2\/pages\/590\/revisions\/1591"}],"wp:attachment":[{"href":"https:\/\/circle2learning.eu\/es\/wp-json\/wp\/v2\/media?parent=590"}],"curies":[{"name":"wp","href":"https:\/\/api.w.org\/{rel}","templated":true}]}}