{"id":594,"date":"2023-07-04T10:31:18","date_gmt":"2023-07-04T10:31:18","guid":{"rendered":"https:\/\/circle2learning.eu\/es\/?page_id=594"},"modified":"2025-02-10T11:44:22","modified_gmt":"2025-02-10T11:44:22","slug":"agriculture-resource-pack-2","status":"publish","type":"page","link":"https:\/\/circle2learning.eu\/es\/agriculture-resource-pack-2\/","title":{"rendered":"Agriculture Resource Pack 2"},"content":{"rendered":"<p>[et_pb_section fb_built=&#8221;1&#8243; _builder_version=&#8221;4.21.0&#8243; _module_preset=&#8221;default&#8221; custom_padding=&#8221;||13px|||&#8221; locked=&#8221;off&#8221; global_colors_info=&#8221;{}&#8221;][et_pb_row column_structure=&#8221;1_2,1_2&#8243; _builder_version=&#8221;4.27.3&#8243; _module_preset=&#8221;default&#8221; global_colors_info=&#8221;{}&#8221;][et_pb_column type=&#8221;1_2&#8243; _builder_version=&#8221;4.27.3&#8243; _module_preset=&#8221;default&#8221; global_colors_info=&#8221;{}&#8221;][et_pb_text _builder_version=&#8221;4.27.4&#8243; _module_preset=&#8221;default&#8221; global_colors_info=&#8221;{}&#8221;]<\/p>\n<h2><strong>Modulo de recursos 2<\/strong><\/h2>\n<p>[\/et_pb_text][\/et_pb_column][et_pb_column type=&#8221;1_2&#8243; _builder_version=&#8221;4.27.3&#8243; _module_preset=&#8221;default&#8221; global_colors_info=&#8221;{}&#8221;][\/et_pb_column][\/et_pb_row][et_pb_row column_structure=&#8221;1_2,1_2&#8243; _builder_version=&#8221;4.27.3&#8243; _module_preset=&#8221;default&#8221; global_colors_info=&#8221;{}&#8221;][et_pb_column type=&#8221;1_2&#8243; _builder_version=&#8221;4.27.3&#8243; _module_preset=&#8221;default&#8221; global_colors_info=&#8221;{}&#8221;][et_pb_button button_url=&#8221;https:\/\/circle2learning.eu\/es\/wp-content\/uploads\/2025\/01\/Agri-ES-RP2.zip&#8221; url_new_window=&#8221;on&#8221; button_text=&#8221;Descargar archivo Zip del modulo de recursos 2 aqu\u00ed&#8221; _builder_version=&#8221;4.27.4&#8243; _module_preset=&#8221;default&#8221; z_index=&#8221;0&#8243; hover_enabled=&#8221;0&#8243; custom_css_before=&#8221;et-download-button&#8221; locked=&#8221;off&#8221; global_colors_info=&#8221;{}&#8221; sticky_enabled=&#8221;0&#8243;][\/et_pb_button][\/et_pb_column][et_pb_column type=&#8221;1_2&#8243; _builder_version=&#8221;4.27.3&#8243; _module_preset=&#8221;default&#8221; global_colors_info=&#8221;{}&#8221;][\/et_pb_column][\/et_pb_row][et_pb_row column_structure=&#8221;1_2,1_2&#8243; module_class=&#8221;freightcalculator&#8221; _builder_version=&#8221;4.27.2&#8243; _module_preset=&#8221;default&#8221; min_height=&#8221;319.6px&#8221; custom_margin=&#8221;-2px|auto||auto||&#8221; custom_padding=&#8221;||15px|||&#8221; global_colors_info=&#8221;{}&#8221;][et_pb_column type=&#8221;1_2&#8243; _builder_version=&#8221;4.22.0&#8243; _module_preset=&#8221;default&#8221; global_colors_info=&#8221;{}&#8221;][et_pb_image src=&#8221;https:\/\/circle2learning.eu\/wp-content\/uploads\/2024\/12\/Dairy-farm-practices.png&#8221; title_text=&#8221;Dairy farm practices&#8221; align=&#8221;center&#8221; _builder_version=&#8221;4.27.4&#8243; _module_preset=&#8221;default&#8221; width=&#8221;83%&#8221; min_height=&#8221;260.6px&#8221; height=&#8221;152px&#8221; global_colors_info=&#8221;{}&#8221;][\/et_pb_image][\/et_pb_column][et_pb_column type=&#8221;1_2&#8243; _builder_version=&#8221;4.22.0&#8243; _module_preset=&#8221;default&#8221; global_colors_info=&#8221;{}&#8221;][et_pb_text _builder_version=&#8221;4.27.4&#8243; _module_preset=&#8221;default&#8221; custom_padding=&#8221;|||0px||&#8221; global_colors_info=&#8221;{}&#8221;]<\/p>\n<h4><strong>Aprovechamiento de los subproductos en la<\/strong> <strong>producci\u00f3n lechera<\/strong><\/h4>\n<p>Aunque la explotaci\u00f3n lechera se centra en la producci\u00f3n de leche, existen otros productos que surgen en la granja como resultado de las actividades de orde\u00f1o. Entre ellos se encuentran las aguas residuales l\u00edquidas y el esti\u00e9rcol. Su gesti\u00f3n requiere una cuidadosa consideraci\u00f3n, pero son ricos en nutrientes y, con el proceso adecuado, pueden reutilizarse en la tierra como fertilizantes naturales. Experimenta con la herramienta y explora las opciones. El archivo est\u00e1 en formato html y puede abrirse empleando el navegador que prefieras.<\/p>\n<p>[\/et_pb_text][\/et_pb_column][\/et_pb_row][et_pb_row column_structure=&#8221;1_2,1_2&#8243; _builder_version=&#8221;4.27.3&#8243; _module_preset=&#8221;default&#8221; global_colors_info=&#8221;{}&#8221;][et_pb_column type=&#8221;1_2&#8243; _builder_version=&#8221;4.27.3&#8243; _module_preset=&#8221;default&#8221; global_colors_info=&#8221;{}&#8221;][et_pb_image src=&#8221;https:\/\/circle2learning.eu\/wp-content\/uploads\/2025\/01\/food-waste-avoidance.jpg&#8221; title_text=&#8221;food waste avoidance&#8221; _builder_version=&#8221;4.27.4&#8243; _module_preset=&#8221;default&#8221; global_colors_info=&#8221;{}&#8221;][\/et_pb_image][\/et_pb_column][et_pb_column type=&#8221;1_2&#8243; _builder_version=&#8221;4.27.3&#8243; _module_preset=&#8221;default&#8221; global_colors_info=&#8221;{}&#8221;][et_pb_text _builder_version=&#8221;4.27.4&#8243; _module_preset=&#8221;default&#8221; global_colors_info=&#8221;{}&#8221;]<\/p>\n<h4><strong>Evitar el desperdicio en las explotaciones agr\u00edcolas<\/strong><\/h4>\n<p>La agricultura est\u00e1 al principio de la cadena alimentaria, pero existen oportunidades para reducir los residuos agr\u00edcolas y evitar la producci\u00f3n de residuos alimentarios. Prueba este cuestionario y comprueba hasta qu\u00e9 punto est\u00e1s avanzando en una estrategia de sostenibilidad y econom\u00eda circular en tu explotaci\u00f3n.<\/p>\n<p>[\/et_pb_text][\/et_pb_column][\/et_pb_row][et_pb_row column_structure=&#8221;1_2,1_2&#8243; module_class=&#8221;freightcalculator&#8221; _builder_version=&#8221;4.27.2&#8243; _module_preset=&#8221;default&#8221; min_height=&#8221;319.6px&#8221; custom_margin=&#8221;-2px|auto||auto||&#8221; custom_padding=&#8221;||15px|||&#8221; link_option_url_new_window=&#8221;on&#8221; custom_css_free_form=&#8221;.freightcalculator {||  transition: all 0.3s ease-in-out;||}||||.freightcalculator:hover {||  transform: scale(1.01);||}&#8221; global_colors_info=&#8221;{}&#8221;][et_pb_column type=&#8221;1_2&#8243; _builder_version=&#8221;4.22.0&#8243; _module_preset=&#8221;default&#8221; global_colors_info=&#8221;{}&#8221;][et_pb_image src=&#8221;https:\/\/circle2learning.eu\/wp-content\/uploads\/2025\/01\/food-hunger.png&#8221; alt=&#8221;Freight Calculator&#8221; title_text=&#8221;food hunger&#8221; url=&#8221;https:\/\/circle2learning.eu\/freight-calculator\/&#8221; url_new_window=&#8221;on&#8221; align=&#8221;center&#8221; _builder_version=&#8221;4.27.4&#8243; _module_preset=&#8221;default&#8221; width=&#8221;100%&#8221; max_width=&#8221;80%&#8221; min_height=&#8221;100%&#8221; height=&#8221;100%&#8221; global_colors_info=&#8221;{}&#8221;][\/et_pb_image][\/et_pb_column][et_pb_column type=&#8221;1_2&#8243; _builder_version=&#8221;4.22.0&#8243; _module_preset=&#8221;default&#8221; global_colors_info=&#8221;{}&#8221;][et_pb_text _builder_version=&#8221;4.27.4&#8243; _module_preset=&#8221;default&#8221; custom_padding=&#8221;|||0px||&#8221; link_option_url_new_window=&#8221;on&#8221; global_colors_info=&#8221;{}&#8221;]<\/p>\n<h4><strong>Seguridad alimentaria y agricultura circular &#8211; Ejercicios de aprendizaje<\/strong><\/h4>\n<p data-sourcepos=\"5:1-5:19\">Esta herramienta contiene tres ejercicios que los alumnos y los formadores podr\u00e1n utilizar en clase. Se presentan tres art\u00edculos destacados sobre la relaci\u00f3n entre la agricultura y el hambre, que est\u00e1n disponibles en diferentes idiomas en los enlaces proporcionados. A continuaci\u00f3n, se pide a los alumnos que debatan los problemas que plantean la agricultura y la satisfacci\u00f3n de las necesidades alimentarias mundiales. Se proporciona un documento Word y una presentaci\u00f3n para el aula.<\/p>\n<p>[\/et_pb_text][\/et_pb_column][\/et_pb_row][et_pb_row column_structure=&#8221;1_2,1_2&#8243; _builder_version=&#8221;4.27.3&#8243; _module_preset=&#8221;default&#8221; locked=&#8221;off&#8221; global_colors_info=&#8221;{}&#8221;][et_pb_column type=&#8221;1_2&#8243; _builder_version=&#8221;4.27.3&#8243; _module_preset=&#8221;default&#8221; global_colors_info=&#8221;{}&#8221;][et_pb_image src=&#8221;https:\/\/circle2learning.eu\/wp-content\/uploads\/2025\/01\/agri-image-v2.png&#8221; title_text=&#8221;agri image v2&#8243; _builder_version=&#8221;4.27.4&#8243; _module_preset=&#8221;default&#8221; global_colors_info=&#8221;{}&#8221;][\/et_pb_image][\/et_pb_column][et_pb_column type=&#8221;1_2&#8243; _builder_version=&#8221;4.27.3&#8243; _module_preset=&#8221;default&#8221; global_colors_info=&#8221;{}&#8221;][et_pb_text _builder_version=&#8221;4.27.4&#8243; _module_preset=&#8221;default&#8221; global_colors_info=&#8221;{}&#8221;]<\/p>\n<h4><strong>\u00bfAplicar el planteamiento de la econom\u00eda circular a la agricultura? &#8211; prueba esta herramienta<\/strong><\/h4>\n<p>Este proyecto ha puesto de relieve algunas de las importantes decisiones que puede tomar el sector agr\u00edcola para fomentar la sostenibilidad, la econom\u00eda circular y las posibilidades de reducir las emisiones de CO2 asociadas a un importante sector europeo. Pon a prueba tus conocimientos con este sencillo ejercicio basado en una herramienta de interpretaci\u00f3n.<\/p>\n<p>[\/et_pb_text][\/et_pb_column][\/et_pb_row][\/et_pb_section]<\/p>\n","protected":false},"excerpt":{"rendered":"<p>Modulo de recursos 2Aprovechamiento de los subproductos en la producci\u00f3n lechera Aunque la explotaci\u00f3n lechera se centra en la producci\u00f3n de leche, existen otros productos que surgen en la granja como resultado de las actividades de orde\u00f1o. Entre ellos se encuentran las aguas residuales l\u00edquidas y el esti\u00e9rcol. Su gesti\u00f3n requiere una cuidadosa consideraci\u00f3n, pero [&hellip;]<\/p>\n","protected":false},"author":2,"featured_media":0,"parent":0,"menu_order":0,"comment_status":"closed","ping_status":"closed","template":"","meta":{"_et_pb_use_builder":"on","_et_pb_old_content":"","_et_gb_content_width":"","footnotes":""},"class_list":["post-594","page","type-page","status-publish","hentry"],"_links":{"self":[{"href":"https:\/\/circle2learning.eu\/es\/wp-json\/wp\/v2\/pages\/594","targetHints":{"allow":["GET"]}}],"collection":[{"href":"https:\/\/circle2learning.eu\/es\/wp-json\/wp\/v2\/pages"}],"about":[{"href":"https:\/\/circle2learning.eu\/es\/wp-json\/wp\/v2\/types\/page"}],"author":[{"embeddable":true,"href":"https:\/\/circle2learning.eu\/es\/wp-json\/wp\/v2\/users\/2"}],"replies":[{"embeddable":true,"href":"https:\/\/circle2learning.eu\/es\/wp-json\/wp\/v2\/comments?post=594"}],"version-history":[{"count":10,"href":"https:\/\/circle2learning.eu\/es\/wp-json\/wp\/v2\/pages\/594\/revisions"}],"predecessor-version":[{"id":1590,"href":"https:\/\/circle2learning.eu\/es\/wp-json\/wp\/v2\/pages\/594\/revisions\/1590"}],"wp:attachment":[{"href":"https:\/\/circle2learning.eu\/es\/wp-json\/wp\/v2\/media?parent=594"}],"curies":[{"name":"wp","href":"https:\/\/api.w.org\/{rel}","templated":true}]}}