{"id":67,"date":"2023-02-28T17:56:29","date_gmt":"2023-02-28T17:56:29","guid":{"rendered":"https:\/\/circle2learning.eu\/es\/?page_id=67"},"modified":"2025-02-07T14:40:27","modified_gmt":"2025-02-07T14:40:27","slug":"tourism","status":"publish","type":"page","link":"https:\/\/circle2learning.eu\/es\/tourism\/","title":{"rendered":"Tourism"},"content":{"rendered":"<p>[et_pb_section fb_built=&#8221;1&#8243; fullwidth=&#8221;on&#8221; _builder_version=&#8221;4.19.5&#8243; _module_preset=&#8221;default&#8221; global_colors_info=&#8221;{}&#8221;][et_pb_fullwidth_slider _builder_version=&#8221;4.21.0&#8243; _module_preset=&#8221;default&#8221; header_font=&#8221;|600|||||||&#8221; header_letter_spacing=&#8221;1px&#8221; header_line_height=&#8221;1.1em&#8221; body_font=&#8221;|600|||||||&#8221; body_font_size=&#8221;18px&#8221; body_letter_spacing=&#8221;1px&#8221; body_line_height=&#8221;1.8em&#8221; global_colors_info=&#8221;{}&#8221;][et_pb_slide heading=&#8221;Turismo&#8221; image=&#8221;https:\/\/circle2learning.eu\/es\/wp-content\/uploads\/2023\/02\/beach-gd8e66c392_1280.jpg&#8221; _builder_version=&#8221;4.20.4&#8243; _module_preset=&#8221;default&#8221; global_colors_info=&#8221;{}&#8221; sticky_transition=&#8221;on&#8221;]<\/p>\n<p><span>El sector tur\u00edstico es uno de los principales contribuyentes al crecimiento de la econom\u00eda mundial, generando empleo e ingresos para millones de personas en todo el mundo. Tambi\u00e9n tiene el potencial de fomentar el entendimiento intercultural y promover el desarrollo sostenible. Esta secci\u00f3n explora la econom\u00eda circular y el sector tur\u00edstico.<\/span><\/p>\n<p>[\/et_pb_slide][\/et_pb_fullwidth_slider][\/et_pb_section][et_pb_section fb_built=&#8221;1&#8243; specialty=&#8221;on&#8221; admin_label=&#8221;All Courses&#8221; _builder_version=&#8221;4.16&#8243; custom_padding=&#8221;100px|0px|100px|0px&#8221; global_colors_info=&#8221;{}&#8221;][et_pb_column type=&#8221;1_3&#8243; _builder_version=&#8221;4.16&#8243; custom_padding=&#8221;|||&#8221; global_colors_info=&#8221;{}&#8221; parallax__hover=&#8221;off&#8221; parallax_method__hover=&#8221;on&#8221; custom_padding__hover=&#8221;|||&#8221;][et_pb_text _builder_version=&#8221;4.21.0&#8243; text_text_color=&#8221;#000000&#8243; header_font=&#8221;||||||||&#8221; header_text_color=&#8221;#000000&#8243; header_2_font=&#8221;|700|||||||&#8221; header_2_text_color=&#8221;#7272ff&#8221; header_2_font_size=&#8221;36px&#8221; header_2_line_height=&#8221;1.3em&#8221; custom_margin=&#8221;||20px|&#8221; animation_style=&#8221;slide&#8221; animation_direction=&#8221;bottom&#8221; animation_intensity_slide=&#8221;10%&#8221; locked=&#8221;off&#8221; global_colors_info=&#8221;{}&#8221; header_font_size__hover=&#8221;30px&#8221; header_font_size__hover_enabled=&#8221;30px&#8221; header_letter_spacing__hover=&#8221;0px&#8221; header_letter_spacing__hover_enabled=&#8221;0px&#8221; header_text_shadow_style__hover=&#8221;none&#8221; header_text_shadow_style__hover_enabled=&#8221;none&#8221; header_text_shadow_color__hover=&#8221;rgba(0,0,0,0.4)&#8221; header_text_shadow_color__hover_enabled=&#8221;rgba(0,0,0,0.4)&#8221;]<\/p>\n<h2>Unidades did\u00e1cticas:<\/h2>\n<h2>La Econom\u00eda Circular y el Turismo<\/h2>\n<p>[\/et_pb_text][et_pb_divider color=&#8221;#09e1c0&#8243; divider_weight=&#8221;4px&#8221; disabled_on=&#8221;on|on|off&#8221; _builder_version=&#8221;4.16&#8243; background_size=&#8221;initial&#8221; background_position=&#8221;top_left&#8221; background_repeat=&#8221;repeat&#8221; max_width=&#8221;40px&#8221; module_alignment=&#8221;left&#8221; custom_margin=&#8221;||10px|&#8221; animation_style=&#8221;zoom&#8221; animation_direction=&#8221;left&#8221; saved_tabs=&#8221;all&#8221; locked=&#8221;off&#8221; global_colors_info=&#8221;{}&#8221;][\/et_pb_divider][et_pb_text _builder_version=&#8221;4.21.0&#8243; text_font=&#8221;||||||||&#8221; text_text_color=&#8221;#000000&#8243; text_font_size=&#8221;16px&#8221; text_line_height=&#8221;1.9em&#8221; header_font=&#8221;||||||||&#8221; header_4_font=&#8221;|700|||||||&#8221; header_4_font_size=&#8221;16px&#8221; header_4_line_height=&#8221;1.9em&#8221; animation_style=&#8221;zoom&#8221; animation_intensity_zoom=&#8221;6%&#8221; locked=&#8221;off&#8221; global_colors_info=&#8221;{}&#8221;]<\/p>\n<h4>El sector tur\u00edstico genera empleo para un amplio abanico de personas con distintas cualificaciones.<\/h4>\n<p>La industria del Turismo en toda Europa es un importante sector de empleo. La econom\u00eda circular es una oportunidad para que los alumnos y docentes de formaci\u00f3n profesional sit\u00faen la sostenibilidad y la econom\u00eda circular en el centro de sus actuaciones. Todos los sectores pueden definir nuevas formas de operar que impliquen menos residuos, reduzcan el impacto del carbono y sean m\u00e1s eficientes desde el punto de vista energ\u00e9tico.<\/p>\n<p>[\/et_pb_text][et_pb_divider divider_weight=&#8221;4px&#8221; _builder_version=&#8221;4.21.0&#8243; _module_preset=&#8221;default&#8221; global_colors_info=&#8221;{}&#8221;][\/et_pb_divider][et_pb_blurb title=&#8221;M\u00f3dulo de recursos 1&#8243; url=&#8221;https:\/\/circle2learning.eu\/es\/tourism-resource-pack-1\/&#8221; image=&#8221;https:\/\/circle2learning.eu\/es\/wp-content\/uploads\/2023\/06\/icons8-books-80.png&#8221; icon_placement=&#8221;left&#8221; image_icon_width=&#8221;180%&#8221; _builder_version=&#8221;4.21.0&#8243; _module_preset=&#8221;default&#8221; header_font=&#8221;|700|||||||&#8221; header_line_height=&#8221;1.5em&#8221; body_text_color=&#8221;#000000&#8243; body_line_height=&#8221;1.9em&#8221; link_option_url=&#8221;https:\/\/circle2learning.eu\/es\/tourism-resource-pack-1\/&#8221; global_colors_info=&#8221;{}&#8221;]<\/p>\n<p>En este m\u00f3dulo encontramos materiales de formaci\u00f3n que pueden ser utilizados por los alumnos <strong>de forma individual<\/strong>.<\/p>\n<p>[\/et_pb_blurb][et_pb_blurb title=&#8221;M\u00f3dulo de recursos 2&#8243; url=&#8221;https:\/\/circle2learning.eu\/es\/tourism-resource-pack-2\/&#8221; image=&#8221;https:\/\/circle2learning.eu\/es\/wp-content\/uploads\/2023\/06\/icons8-books-80.png&#8221; icon_placement=&#8221;left&#8221; _builder_version=&#8221;4.21.0&#8243; _module_preset=&#8221;default&#8221; header_font=&#8221;|700|||||||&#8221; header_line_height=&#8221;1.5em&#8221; body_text_color=&#8221;#000000&#8243; body_line_height=&#8221;1.9em&#8221; link_option_url=&#8221;https:\/\/circle2learning.eu\/es\/tourism-resource-pack-2\/&#8221; global_colors_info=&#8221;{}&#8221;]<\/p>\n<p>Con este m\u00f3dulo, los alumnos, los formadores y las empresas podr\u00e1n trabajar <strong>de forma conjunta<\/strong>.<\/p>\n<p>[\/et_pb_blurb][et_pb_blurb title=&#8221;Entrevistas sobre el Turismo&#8221; url=&#8221;https:\/\/circle2learning.eu\/es\/wp-content\/uploads\/2025\/02\/CIRCLE2_Interviews_Tourism_ES.pdf&#8221; image=&#8221;https:\/\/circle2learning.eu\/es\/wp-content\/uploads\/2023\/06\/icons8-books-80.png&#8221; icon_placement=&#8221;left&#8221; _builder_version=&#8221;4.27.4&#8243; _module_preset=&#8221;default&#8221; header_font=&#8221;|700|||||||&#8221; header_line_height=&#8221;1.5em&#8221; body_text_color=&#8221;#000000&#8243; body_line_height=&#8221;1.9em&#8221; link_option_url=&#8221;https:\/\/circle2learning.eu\/es\/wp-content\/uploads\/2025\/02\/CIRCLE2_Interviews_Tourism_ES.pdf&#8221; link_option_url_new_window=&#8221;on&#8221; hover_enabled=&#8221;0&#8243; global_colors_info=&#8221;{}&#8221; url_new_window=&#8221;on&#8221; sticky_enabled=&#8221;0&#8243;]<\/p>\n<p>Una compilaci\u00f3n de entrevistas realizadas sobre Econom\u00eda Circular en el \u00e1mbito del Turismo.<\/p>\n<p>[\/et_pb_blurb][\/et_pb_column][et_pb_column type=&#8221;2_3&#8243; specialty_columns=&#8221;2&#8243; _builder_version=&#8221;4.16&#8243; custom_padding=&#8221;|||&#8221; global_colors_info=&#8221;{}&#8221; parallax__hover=&#8221;off&#8221; parallax_method__hover=&#8221;on&#8221; custom_padding__hover=&#8221;|||&#8221;][et_pb_row_inner use_custom_gutter=&#8221;on&#8221; gutter_width=&#8221;1&#8243; _builder_version=&#8221;4.19.5&#8243; width=&#8221;100%&#8221; custom_margin=&#8221;|106px||||&#8221; custom_padding=&#8221;0px|0px|0px|0px&#8221; animation_style=&#8221;zoom&#8221; animation_intensity_zoom=&#8221;6%&#8221; box_shadow_style=&#8221;preset1&#8243; box_shadow_vertical=&#8221;10px&#8221; box_shadow_blur=&#8221;60px&#8221; box_shadow_color=&#8221;rgba(71,74,182,0.12)&#8221; global_colors_info=&#8221;{}&#8221;][et_pb_column_inner saved_specialty_column_type=&#8221;2_3&#8243; module_class=&#8221;et_pb_column_1_2&#8243; _builder_version=&#8221;4.16&#8243; custom_padding=&#8221;|||&#8221; global_colors_info=&#8221;{}&#8221; parallax__hover=&#8221;off&#8221; parallax_method__hover=&#8221;on&#8221; module_class__hover=&#8221;et_pb_column_1_2&#8243; custom_padding__hover=&#8221;|||&#8221;][et_pb_blurb title=&#8221;1. El Turismo y la Econom\u00eda Circular&#8221; url=&#8221;https:\/\/circle2learning.eu\/es\/tourism-1\/&#8221; image=&#8221;https:\/\/circle2learning.eu\/es\/wp-content\/uploads\/2023\/03\/icons8-tourism-64.png&#8221; icon_placement=&#8221;left&#8221; image_icon_width=&#8221;64px&#8221; content_max_width=&#8221;1100px&#8221; _builder_version=&#8221;4.21.0&#8243; header_font=&#8221;|on|||&#8221; header_text_color=&#8221;#2e2545&#8243; header_line_height=&#8221;1.5em&#8221; body_text_color=&#8221;#000000&#8243; body_line_height=&#8221;1.9em&#8221; background_color=&#8221;#ffffff&#8221; width=&#8221;100%&#8221; custom_margin=&#8221;|||&#8221; custom_padding=&#8221;30px|30px|30px|30px&#8221; animation_style=&#8221;zoom&#8221; animation_direction=&#8221;bottom&#8221; animation_intensity_zoom=&#8221;20%&#8221; animation_starting_opacity=&#8221;100%&#8221; link_option_url=&#8221;https:\/\/circle2learning.eu\/es\/tourism-1\/&#8221; box_shadow_style=&#8221;preset7&#8243; box_shadow_horizontal=&#8221;-1px&#8221; box_shadow_vertical=&#8221;-1px&#8221; box_shadow_color=&#8221;rgba(71,74,182,0.12)&#8221; image_max_width=&#8221;64px&#8221; locked=&#8221;off&#8221; global_colors_info=&#8221;{}&#8221;]<\/p>\n<p><a href=\"https:\/\/circle2learning.eu\/es\/tourism-1\/\" target=\"_blank\" rel=\"noopener\"><\/a><span>El Turismo y la Econom\u00eda Circular son dos conceptos cada vez m\u00e1s importantes en el mundo actual. Descubramos c\u00f3mo la adopci\u00f3n de los principios de la econom\u00eda circular puede reducir la huella medioambiental y contribuir a la conservaci\u00f3n de los recursos naturales en el sector tur\u00edstico.<\/span><\/p>\n<p>[\/et_pb_blurb][et_pb_blurb title=&#8221;2. La Hosteler\u00eda y la Econom\u00eda Circular&#8221; url=&#8221;https:\/\/circle2learning.eu\/es\/tourism-2\/&#8221; image=&#8221;https:\/\/circle2learning.eu\/es\/wp-content\/uploads\/2023\/03\/icons8-accomodation-64.png&#8221; icon_placement=&#8221;left&#8221; image_icon_width=&#8221;64px&#8221; content_max_width=&#8221;1100px&#8221; _builder_version=&#8221;4.21.0&#8243; header_font=&#8221;|on|||&#8221; header_text_color=&#8221;#2e2545&#8243; header_line_height=&#8221;1.5em&#8221; body_text_color=&#8221;#000000&#8243; body_line_height=&#8221;1.9em&#8221; background_color=&#8221;#ffffff&#8221; custom_margin=&#8221;|||&#8221; custom_padding=&#8221;30px|30px|30px|30px&#8221; animation_style=&#8221;zoom&#8221; animation_direction=&#8221;bottom&#8221; animation_intensity_zoom=&#8221;20%&#8221; animation_starting_opacity=&#8221;100%&#8221; link_option_url=&#8221;https:\/\/circle2learning.eu\/es\/tourism-2\/&#8221; box_shadow_style=&#8221;preset7&#8243; box_shadow_horizontal=&#8221;-1px&#8221; box_shadow_vertical=&#8221;-1px&#8221; box_shadow_color=&#8221;rgba(71,74,182,0.12)&#8221; image_max_width=&#8221;64px&#8221; locked=&#8221;off&#8221; global_colors_info=&#8221;{}&#8221;]<\/p>\n<p>Aplicando los principios de la econom\u00eda circular, los establecimientos de hosteler\u00eda pueden ser m\u00e1s sostenibles. Descubramos c\u00f3mo los hosteleros pueden adoptar los principios de la econom\u00eda circular para reducir su impacto ambiental, minimizar los residuos y la contaminaci\u00f3n y promover pr\u00e1cticas m\u00e1s sostenibles.<\/p>\n<p>[\/et_pb_blurb][et_pb_blurb title=&#8221;3. La Alimentaci\u00f3n y la Econom\u00eda Circular&#8221; url=&#8221;https:\/\/circle2learning.eu\/es\/tourism-3\/&#8221; image=&#8221;https:\/\/circle2learning.eu\/es\/wp-content\/uploads\/2023\/03\/icons8-eating-64.png&#8221; icon_placement=&#8221;left&#8221; image_icon_width=&#8221;64px&#8221; content_max_width=&#8221;1100px&#8221; _builder_version=&#8221;4.21.0&#8243; header_font=&#8221;|on|||&#8221; header_text_color=&#8221;#2e2545&#8243; header_line_height=&#8221;1.5em&#8221; body_text_color=&#8221;#000000&#8243; body_line_height=&#8221;1.9em&#8221; background_color=&#8221;#ffffff&#8221; custom_margin=&#8221;|||&#8221; custom_padding=&#8221;30px|30px|30px|30px&#8221; animation_style=&#8221;zoom&#8221; animation_direction=&#8221;bottom&#8221; animation_intensity_zoom=&#8221;20%&#8221; animation_starting_opacity=&#8221;100%&#8221; link_option_url=&#8221;https:\/\/circle2learning.eu\/es\/tourism-3\/&#8221; box_shadow_style=&#8221;preset7&#8243; box_shadow_horizontal=&#8221;-1px&#8221; box_shadow_vertical=&#8221;-1px&#8221; box_shadow_color=&#8221;rgba(71,74,182,0.12)&#8221; image_max_width=&#8221;64px&#8221; locked=&#8221;off&#8221; global_colors_info=&#8221;{}&#8221;]<\/p>\n<p>La industria alimentaria puede adoptar los principios de la econom\u00eda circular para reducir su impacto medioambiental y promover la sostenibilidad. Descubramos c\u00f3mo este sector puede ser m\u00e1s sostenible, reduciendo su impacto ambiental y apoyando la transici\u00f3n hacia una econom\u00eda m\u00e1s eficiente adoptando los principios de la econom\u00eda circular.<\/p>\n<p>[\/et_pb_blurb][et_pb_blurb title=&#8221;4. El Transporte y la Econom\u00eda Circular&#8221; url=&#8221;https:\/\/circle2learning.eu\/es\/tourism-4\/&#8221; image=&#8221;https:\/\/circle2learning.eu\/es\/wp-content\/uploads\/2023\/03\/icons8-bus-64.png&#8221; icon_placement=&#8221;left&#8221; image_icon_width=&#8221;64px&#8221; content_max_width=&#8221;1100px&#8221; _builder_version=&#8221;4.21.0&#8243; header_font=&#8221;|on|||&#8221; header_text_color=&#8221;#2e2545&#8243; header_line_height=&#8221;1.5em&#8221; body_text_color=&#8221;#000000&#8243; body_line_height=&#8221;1.9em&#8221; background_color=&#8221;#ffffff&#8221; custom_margin=&#8221;|||&#8221; custom_padding=&#8221;30px|30px|30px|30px&#8221; animation_style=&#8221;zoom&#8221; animation_direction=&#8221;bottom&#8221; animation_intensity_zoom=&#8221;20%&#8221; animation_starting_opacity=&#8221;100%&#8221; link_option_url=&#8221;https:\/\/circle2learning.eu\/es\/tourism-4\/&#8221; box_shadow_style=&#8221;preset7&#8243; box_shadow_horizontal=&#8221;-1px&#8221; box_shadow_vertical=&#8221;-1px&#8221; box_shadow_color=&#8221;rgba(71,74,182,0.12)&#8221; image_max_width=&#8221;64px&#8221; locked=&#8221;off&#8221; global_colors_info=&#8221;{}&#8221;]<\/p>\n<p>El Transporte es un sector muy importante que puede f\u00e1cilmente adoptar los principios de la econom\u00eda circular de modo a reducir su impacto medioambiental y promover la sostenibilidad. Descubramos c\u00f3mo el sector del Transporte puede volverse m\u00e1s sostenible, reduciendo su impacto medioambiental y apoyando la transici\u00f3n hacia una econom\u00eda m\u00e1s eficiente, adoptando los principios de la econom\u00eda circular.<\/p>\n<p>[\/et_pb_blurb][et_pb_text _builder_version=&#8221;4.21.0&#8243; _module_preset=&#8221;default&#8221; global_colors_info=&#8221;{}&#8221;][\/et_pb_text][et_pb_blurb title=&#8221;5. La Organizaci\u00f3n de Eventos Tur\u00edsticos y la Econom\u00eda Circular&#8221; url=&#8221;https:\/\/circle2learning.eu\/es\/tourism-5\/&#8221; image=&#8221;https:\/\/circle2learning.eu\/es\/wp-content\/uploads\/2023\/03\/icons8-party-48.png&#8221; icon_placement=&#8221;left&#8221; image_icon_width=&#8221;64px&#8221; content_max_width=&#8221;1100px&#8221; _builder_version=&#8221;4.21.0&#8243; header_font=&#8221;|on|||&#8221; header_text_color=&#8221;#2e2545&#8243; header_line_height=&#8221;1.5em&#8221; body_text_color=&#8221;#000000&#8243; body_line_height=&#8221;1.9em&#8221; background_color=&#8221;#ffffff&#8221; custom_margin=&#8221;|||&#8221; custom_padding=&#8221;30px|30px|30px|30px&#8221; animation_style=&#8221;zoom&#8221; animation_direction=&#8221;bottom&#8221; animation_intensity_zoom=&#8221;20%&#8221; animation_starting_opacity=&#8221;100%&#8221; link_option_url=&#8221;https:\/\/circle2learning.eu\/es\/tourism-5\/&#8221; box_shadow_style=&#8221;preset7&#8243; box_shadow_horizontal=&#8221;-1px&#8221; box_shadow_vertical=&#8221;-1px&#8221; box_shadow_color=&#8221;rgba(71,74,182,0.12)&#8221; image_max_width=&#8221;64px&#8221; locked=&#8221;off&#8221; global_colors_info=&#8221;{}&#8221;]<\/p>\n<p>La organizaci\u00f3n de los eventos tur\u00edsticos puede adoptar los principios de la Econom\u00eda Circular para reducir el impacto medioambiental de dichos eventos, promoviendo la sostenibilidad y apoyando a las comunidades locales. Descubramos c\u00f3mo los principios de la econom\u00eda circular en la gesti\u00f3n de los eventos tur\u00edsticos pueden desarrollar nuevos modelos de negocio que apoyen la sostenibilidad y reduzcan los residuos.<\/p>\n<p>[\/et_pb_blurb][et_pb_blurb title=&#8221;6. Los Lugares de Inter\u00e9s Tur\u00edstico y la Econom\u00eda Circular&#8221; url=&#8221;https:\/\/circle2learning.eu\/es\/tourism-6\/&#8221; image=&#8221;https:\/\/circle2learning.eu\/es\/wp-content\/uploads\/2023\/03\/icons8-map-marker-94.png&#8221; icon_placement=&#8221;left&#8221; image_icon_width=&#8221;64px&#8221; content_max_width=&#8221;1100px&#8221; _builder_version=&#8221;4.21.0&#8243; header_font=&#8221;|on|||&#8221; header_text_color=&#8221;#2e2545&#8243; header_line_height=&#8221;1.5em&#8221; body_text_color=&#8221;#000000&#8243; body_line_height=&#8221;1.9em&#8221; background_color=&#8221;#ffffff&#8221; custom_margin=&#8221;|||&#8221; custom_padding=&#8221;30px|30px|30px|30px&#8221; animation_style=&#8221;zoom&#8221; animation_direction=&#8221;bottom&#8221; animation_intensity_zoom=&#8221;20%&#8221; animation_starting_opacity=&#8221;100%&#8221; link_option_url=&#8221;https:\/\/circle2learning.eu\/es\/tourism-6\/&#8221; box_shadow_style=&#8221;preset7&#8243; box_shadow_horizontal=&#8221;-1px&#8221; box_shadow_vertical=&#8221;-1px&#8221; box_shadow_color=&#8221;rgba(71,74,182,0.12)&#8221; image_max_width=&#8221;64px&#8221; locked=&#8221;off&#8221; global_colors_info=&#8221;{}&#8221;]<\/p>\n<p>Los lugares de inter\u00e9s, como son las atracciones tur\u00edsticas, los enclaves culturales y las reservas naturales, pueden adoptar los principios de la econom\u00eda circular para reducir su impacto ambiental, fomentando la sostenibilidad y apoyando a las comunidades locales. Descubramos c\u00f3mo estos lugares pueden minimizar su impacto ambiental y contribuir a la conservaci\u00f3n de los recursos naturales.<\/p>\n<p>[\/et_pb_blurb][\/et_pb_column_inner][\/et_pb_row_inner][\/et_pb_column][\/et_pb_section]<\/p>\n","protected":false},"excerpt":{"rendered":"<p>El sector tur\u00edstico es uno de los principales contribuyentes al crecimiento de la econom\u00eda mundial, generando empleo e ingresos para millones de personas en todo el mundo. Tambi\u00e9n tiene el potencial de fomentar el entendimiento intercultural y promover el desarrollo sostenible. Esta secci\u00f3n explora la econom\u00eda circular y el sector tur\u00edstico.Unidades did\u00e1cticas: La Econom\u00eda Circular [&hellip;]<\/p>\n","protected":false},"author":2,"featured_media":0,"parent":0,"menu_order":0,"comment_status":"closed","ping_status":"closed","template":"","meta":{"_et_pb_use_builder":"on","_et_pb_old_content":"","_et_gb_content_width":"","footnotes":""},"class_list":["post-67","page","type-page","status-publish","hentry"],"_links":{"self":[{"href":"https:\/\/circle2learning.eu\/es\/wp-json\/wp\/v2\/pages\/67","targetHints":{"allow":["GET"]}}],"collection":[{"href":"https:\/\/circle2learning.eu\/es\/wp-json\/wp\/v2\/pages"}],"about":[{"href":"https:\/\/circle2learning.eu\/es\/wp-json\/wp\/v2\/types\/page"}],"author":[{"embeddable":true,"href":"https:\/\/circle2learning.eu\/es\/wp-json\/wp\/v2\/users\/2"}],"replies":[{"embeddable":true,"href":"https:\/\/circle2learning.eu\/es\/wp-json\/wp\/v2\/comments?post=67"}],"version-history":[{"count":69,"href":"https:\/\/circle2learning.eu\/es\/wp-json\/wp\/v2\/pages\/67\/revisions"}],"predecessor-version":[{"id":1555,"href":"https:\/\/circle2learning.eu\/es\/wp-json\/wp\/v2\/pages\/67\/revisions\/1555"}],"wp:attachment":[{"href":"https:\/\/circle2learning.eu\/es\/wp-json\/wp\/v2\/media?parent=67"}],"curies":[{"name":"wp","href":"https:\/\/api.w.org\/{rel}","templated":true}]}}