{"id":33,"date":"2023-02-22T16:28:43","date_gmt":"2023-02-22T16:28:43","guid":{"rendered":"https:\/\/circle2learning.eu\/it\/?page_id=33"},"modified":"2024-11-15T17:01:38","modified_gmt":"2024-11-15T17:01:38","slug":"training","status":"publish","type":"page","link":"https:\/\/circle2learning.eu\/it\/training\/","title":{"rendered":"Materiali"},"content":{"rendered":"<p>[et_pb_section fb_built=&#8221;1&#8243; _builder_version=&#8221;4.19.5&#8243; _module_preset=&#8221;default&#8221; global_colors_info=&#8221;{}&#8221;][et_pb_row admin_label=&#8221;title&#8221; _builder_version=&#8221;4.27.2&#8243; _module_preset=&#8221;default&#8221; global_colors_info=&#8221;{}&#8221;][et_pb_column type=&#8221;4_4&#8243; _builder_version=&#8221;4.27.2&#8243; _module_preset=&#8221;default&#8221; global_colors_info=&#8221;{}&#8221;][et_pb_heading title=&#8221;Introduzione ai materiali didattici&#8221; _builder_version=&#8221;4.27.2&#8243; _module_preset=&#8221;default&#8221; title_font=&#8221;|700|||||||&#8221; title_font_size=&#8221;3em&#8221; background_color=&#8221;#f4ede5&#8243; custom_margin=&#8221;||||false|false&#8221; custom_padding=&#8221;4em||2em|1em|false|false&#8221; box_shadow_style=&#8221;preset4&#8243; box_shadow_horizontal=&#8221;21em&#8221; box_shadow_vertical=&#8221;0px&#8221; box_shadow_color=&#8221;#f4ede5&#8243; global_colors_info=&#8221;{}&#8221;][\/et_pb_heading][\/et_pb_column][\/et_pb_row][et_pb_row _builder_version=&#8221;4.27.0&#8243; _module_preset=&#8221;default&#8221; global_colors_info=&#8221;{}&#8221;][et_pb_column type=&#8221;4_4&#8243; _builder_version=&#8221;4.27.0&#8243; _module_preset=&#8221;default&#8221; global_colors_info=&#8221;{}&#8221;][et_pb_text _builder_version=&#8221;4.27.2&#8243; _module_preset=&#8221;_initial&#8221; text_font=&#8221;||||||||&#8221; text_font_size=&#8221;1.5em&#8221; text_line_height=&#8221;1.6em&#8221; header_text_color=&#8221;#000000&#8243; header_2_text_color=&#8221;#000000&#8243; text_font_size_tablet=&#8221;1.3em&#8221; text_font_size_phone=&#8221;1.1em&#8221; text_font_size_last_edited=&#8221;on|phone&#8221; global_colors_info=&#8221;{}&#8221;]<\/p>\n<p>Il progetto ha sviluppato moduli di formazione interattivi per i settori del <strong>turismo<\/strong>, dei <strong>trasporti<\/strong> e dell&#8217;<strong>agricoltura<\/strong>, utilizzando il plugin open-source <strong>H5P<\/strong>.<\/p>\n<p>Ogni modulo comprende <strong>video interviste<\/strong> a rappresentanti di piccole e medie imprese, organizzazioni e liberi professionisti e <strong>risorse scaricabili<\/strong> (PDF, Excel, Word).<\/p>\n<p>Questi materiali sono stati realizzati per aiutare gli educatori dell&#8217;istruzione e della formazione professionale a insegnare i principi dell&#8217;economia circolare e le loro applicazioni pratiche in contesti reali.<\/p>\n<p><a href=\"https:\/\/www.gcu.ac.uk\/\" target=\"_blank\" rel=\"noopener\"><span style=\"color: #000000;\">Il team del progetto ha progettato i materiali sotto la guida di<\/span> GCU\u2014Glasgow Caledonian University<\/a> (Scozia, UK).<\/p>\n<p>Tutti i materiali sono disponibili in inglese, spagnolo, italiano, turco, lituano e sloveno.<\/p>\n<p>[\/et_pb_text][\/et_pb_column][\/et_pb_row][\/et_pb_section][et_pb_section fb_built=&#8221;1&#8243; admin_label=&#8221;Call to Action&#8221; _builder_version=&#8221;4.19.2&#8243; _module_preset=&#8221;default&#8221; custom_padding=&#8221;0px||8vw||false|false&#8221; saved_tabs=&#8221;all&#8221; collapsed=&#8221;on&#8221; global_colors_info=&#8221;{}&#8221;][et_pb_row column_structure=&#8221;2_5,3_5&#8243; make_equal=&#8221;on&#8221; _builder_version=&#8221;4.27.2&#8243; _module_preset=&#8221;default&#8221; background_color=&#8221;gcid-fa957022-7f68-4c63-9382-2437a00591d9&#8243; custom_margin=&#8221;||||false|false&#8221; custom_padding=&#8221;0px||0px||true|false&#8221; box_shadow_style=&#8221;preset4&#8243; box_shadow_horizontal=&#8221;21em&#8221; box_shadow_vertical=&#8221;0px&#8221; box_shadow_color=&#8221;gcid-fa957022-7f68-4c63-9382-2437a00591d9&#8243; box_shadow_color_tablet=&#8221;RGBA(255,255,255,0)&#8221; box_shadow_color_phone=&#8221;&#8221; box_shadow_color_last_edited=&#8221;on|tablet&#8221; global_colors_info=&#8221;{%22gcid-fa957022-7f68-4c63-9382-2437a00591d9%22:%91%22background_color%22,%22box_shadow_color%22,%22background_color%22,%22box_shadow_color%22,%22background_color%22,%22box_shadow_color%22%93}&#8221;][et_pb_column type=&#8221;2_5&#8243; _builder_version=&#8221;4.19.2&#8243; _module_preset=&#8221;default&#8221; use_background_color_gradient=&#8221;on&#8221; background_color_gradient_direction=&#8221;90deg&#8221; background_color_gradient_stops=&#8221;#ffffff 70%|gcid-fa957022-7f68-4c63-9382-2437a00591d9 70%&#8221; global_colors_info=&#8221;{%22gcid-fa957022-7f68-4c63-9382-2437a00591d9%22:%91%22background_color_gradient_stops%22%93}&#8221;][et_pb_image src=&#8221;https:\/\/circle2learning.eu\/it\/wp-content\/uploads\/2023\/02\/Beach-small.jpg&#8221; alt=&#8221;beach&#8221; title_text=&#8221;Beach small&#8221; _builder_version=&#8221;4.27.2&#8243; _module_preset=&#8221;default&#8221; max_width=&#8221;600px&#8221; max_height=&#8221;402px&#8221; custom_margin=&#8221;8vw|-8vw|-4vw||false|false&#8221; custom_margin_tablet=&#8221;0vw|0vw|0vw||false|false&#8221; custom_margin_phone=&#8221;&#8221; custom_margin_last_edited=&#8221;on|tablet&#8221; global_colors_info=&#8221;{}&#8221;][\/et_pb_image][\/et_pb_column][et_pb_column type=&#8221;3_5&#8243; _builder_version=&#8221;4.19.2&#8243; _module_preset=&#8221;default&#8221; custom_padding=&#8221;4vw|||8vw|false|false&#8221; custom_padding_tablet=&#8221;0vw|30px|30px|30px|false|true&#8221; custom_padding_phone=&#8221;|20px|20px|20px|false|true&#8221; custom_padding_last_edited=&#8221;on|desktop&#8221; global_colors_info=&#8221;{}&#8221;][et_pb_text _builder_version=&#8221;4.27.2&#8243; _module_preset=&#8221;_initial&#8221; header_text_color=&#8221;#000000&#8243; header_2_font=&#8221;|700|||||||&#8221; header_2_text_color=&#8221;#000000&#8243; header_2_font_size=&#8221;3em&#8221; header_2_line_height=&#8221;1.2em&#8221; header_2_font_size_tablet=&#8221;3em&#8221; header_2_font_size_phone=&#8221;2.5em&#8221; header_2_font_size_last_edited=&#8221;on|desktop&#8221; global_colors_info=&#8221;{}&#8221;]<\/p>\n<h2>Turismo<\/h2>\n<p>[\/et_pb_text][et_pb_text _builder_version=&#8221;4.27.2&#8243; _module_preset=&#8221;_initial&#8221; text_font=&#8221;||||||||&#8221; text_font_size=&#8221;1.2em&#8221; text_line_height=&#8221;1.8em&#8221; header_text_color=&#8221;#000000&#8243; header_2_text_color=&#8221;#000000&#8243; text_font_size_tablet=&#8221;1.2em&#8221; text_font_size_phone=&#8221;1.1em&#8221; text_font_size_last_edited=&#8221;on|desktop&#8221; global_colors_info=&#8221;{}&#8221;]<\/p>\n<p>Il settore turistico dell&#8217;UE vale 666 miliardi di euro, pari al 3,98% del PIL della regione, e fornisce 11,9 milioni di posti di lavoro. Il settore \u00e8 composto da molti tipi diversi di attivit\u00e0, come compagnie di viaggio, alberghi, ristoranti ed \u00e8 fondamentale per le economie delle nazioni. In che modo il settore turistico pu\u00f2 sostenere i principi dell&#8217;economia circolare sostenibile? Questo corso prende in considerazione l&#8217;ospitalit\u00e0, la ristorazione, il trasporto turistico, gli eventi e i luoghi di interesse.<\/p>\n<p>[\/et_pb_text][et_pb_button button_url=&#8221;https:\/\/circle2learning.eu\/it\/tourism\/&#8221; url_new_window=&#8221;on&#8221; button_text=&#8221;Scopri di pi\u00f9&#8221; module_class=&#8221;zoomb&#8221; _builder_version=&#8221;4.27.2&#8243; _module_preset=&#8221;_initial&#8221; custom_button=&#8221;on&#8221; button_text_size=&#8221;14px&#8221; button_text_color=&#8221;#000000&#8243; button_border_radius=&#8221;0px&#8221; button_font=&#8221;Inter|600||on|||||&#8221; custom_margin=&#8221;||10px||false|false&#8221; custom_padding=&#8221;16px|24px|16px|24px|true|true&#8221; custom_css_free_form=&#8221;.zoomb {||  transition: all 0.3s ease-in-out;||}||||.zoomb:hover {||  transform: scale(1.05);||}&#8221; global_colors_info=&#8221;{}&#8221;][\/et_pb_button][\/et_pb_column][\/et_pb_row][\/et_pb_section][et_pb_section fb_built=&#8221;1&#8243; admin_label=&#8221;Call to Action&#8221; _builder_version=&#8221;4.19.2&#8243; _module_preset=&#8221;default&#8221; custom_padding=&#8221;0px||8vw||false|false&#8221; saved_tabs=&#8221;all&#8221; collapsed=&#8221;on&#8221; global_colors_info=&#8221;{}&#8221;][et_pb_row column_structure=&#8221;2_5,3_5&#8243; make_equal=&#8221;on&#8221; _builder_version=&#8221;4.27.2&#8243; _module_preset=&#8221;default&#8221; background_color=&#8221;gcid-fa957022-7f68-4c63-9382-2437a00591d9&#8243; custom_margin=&#8221;||||false|false&#8221; custom_padding=&#8221;0px||0px||true|false&#8221; box_shadow_style=&#8221;preset4&#8243; box_shadow_horizontal=&#8221;21em&#8221; box_shadow_vertical=&#8221;0px&#8221; box_shadow_color=&#8221;gcid-fa957022-7f68-4c63-9382-2437a00591d9&#8243; box_shadow_color_tablet=&#8221;RGBA(255,255,255,0)&#8221; box_shadow_color_phone=&#8221;&#8221; box_shadow_color_last_edited=&#8221;on|tablet&#8221; global_colors_info=&#8221;{%22gcid-fa957022-7f68-4c63-9382-2437a00591d9%22:%91%22background_color%22,%22box_shadow_color%22,%22background_color%22,%22box_shadow_color%22%93}&#8221;][et_pb_column type=&#8221;2_5&#8243; _builder_version=&#8221;4.19.2&#8243; _module_preset=&#8221;default&#8221; use_background_color_gradient=&#8221;on&#8221; background_color_gradient_direction=&#8221;90deg&#8221; background_color_gradient_stops=&#8221;#ffffff 70%|gcid-fa957022-7f68-4c63-9382-2437a00591d9 70%&#8221; global_colors_info=&#8221;{%22gcid-fa957022-7f68-4c63-9382-2437a00591d9%22:%91%22background_color_gradient_stops%22%93}&#8221;][et_pb_image src=&#8221;https:\/\/circle2learning.eu\/it\/wp-content\/uploads\/2024\/11\/Train-e1730647305294.webp&#8221; alt=&#8221;train&#8221; title_text=&#8221;Train&#8221; _builder_version=&#8221;4.27.2&#8243; _module_preset=&#8221;default&#8221; max_width=&#8221;600px&#8221; max_height=&#8221;402px&#8221; custom_margin=&#8221;8vw|-8vw|-4vw||false|false&#8221; custom_margin_tablet=&#8221;0vw|0vw|0vw||false|false&#8221; custom_margin_phone=&#8221;&#8221; custom_margin_last_edited=&#8221;on|tablet&#8221; global_colors_info=&#8221;{}&#8221;][\/et_pb_image][\/et_pb_column][et_pb_column type=&#8221;3_5&#8243; _builder_version=&#8221;4.19.2&#8243; _module_preset=&#8221;default&#8221; custom_padding=&#8221;4vw|||8vw|false|false&#8221; custom_padding_tablet=&#8221;0vw|30px|30px|30px|false|true&#8221; custom_padding_phone=&#8221;|20px|20px|20px|false|true&#8221; custom_padding_last_edited=&#8221;on|desktop&#8221; global_colors_info=&#8221;{}&#8221;][et_pb_text _builder_version=&#8221;4.27.2&#8243; _module_preset=&#8221;_initial&#8221; header_text_color=&#8221;#000000&#8243; header_2_font=&#8221;|700|||||||&#8221; header_2_text_color=&#8221;#000000&#8243; header_2_font_size=&#8221;3em&#8221; header_2_line_height=&#8221;1.2em&#8221; header_2_font_size_tablet=&#8221;3em&#8221; header_2_font_size_phone=&#8221;2.5em&#8221; header_2_font_size_last_edited=&#8221;on|desktop&#8221; global_colors_info=&#8221;{}&#8221;]<\/p>\n<h2><strong>Trasporti<\/strong><\/h2>\n<p>[\/et_pb_text][et_pb_text _builder_version=&#8221;4.27.2&#8243; _module_preset=&#8221;_initial&#8221; text_font=&#8221;||||||||&#8221; text_font_size=&#8221;1.2em&#8221; text_line_height=&#8221;1.8em&#8221; header_text_color=&#8221;#000000&#8243; header_2_text_color=&#8221;#000000&#8243; text_font_size_tablet=&#8221;1.2em&#8221; text_font_size_phone=&#8221;1.1em&#8221; text_font_size_last_edited=&#8221;on|desktop&#8221; global_colors_info=&#8221;{}&#8221;]<\/p>\n<p>Nell&#8217;UE, i servizi di trasporto contribuiscono per 664 miliardi di euro e sono fondamentali per sostenere le economie dei membri dell&#8217;UE, favorendo la libera circolazione di merci e persone. Oltre 11 milioni di persone sono impiegate nel settore, che dipende ancora in larga misura dai combustibili fossili per il suo fabbisogno energetico. Questo corso prende in considerazione la movimentazione delle merci, delle persone, l&#8217;innovazione nei veicoli, i veicoli elettrici e la digitalizzazione nel sistema dei trasporti in relazione all&#8217;economia circolare.<\/p>\n<p>[\/et_pb_text][et_pb_button button_url=&#8221;https:\/\/circle2learning.eu\/it\/transport\/&#8221; url_new_window=&#8221;on&#8221; button_text=&#8221;Scopri di pi\u00f9&#8221; module_class=&#8221;zoomb&#8221; _builder_version=&#8221;4.27.2&#8243; _module_preset=&#8221;_initial&#8221; custom_button=&#8221;on&#8221; button_text_size=&#8221;14px&#8221; button_text_color=&#8221;#000000&#8243; button_border_radius=&#8221;0px&#8221; button_font=&#8221;Inter|600||on|||||&#8221; custom_margin=&#8221;||10px||false|false&#8221; custom_padding=&#8221;16px|24px|16px|24px|true|true&#8221; custom_css_free_form=&#8221;.zoomb {||  transition: all 0.3s ease-in-out;||}||||.zoomb:hover {||  transform: scale(1.05);||}&#8221; global_colors_info=&#8221;{}&#8221;][\/et_pb_button][\/et_pb_column][\/et_pb_row][\/et_pb_section][et_pb_section fb_built=&#8221;1&#8243; admin_label=&#8221;Call to Action&#8221; _builder_version=&#8221;4.19.2&#8243; _module_preset=&#8221;default&#8221; custom_padding=&#8221;0px||8vw||false|false&#8221; saved_tabs=&#8221;all&#8221; collapsed=&#8221;on&#8221; global_colors_info=&#8221;{}&#8221;][et_pb_row column_structure=&#8221;2_5,3_5&#8243; make_equal=&#8221;on&#8221; _builder_version=&#8221;4.27.2&#8243; _module_preset=&#8221;default&#8221; background_color=&#8221;gcid-fa957022-7f68-4c63-9382-2437a00591d9&#8243; custom_margin=&#8221;||||false|false&#8221; custom_padding=&#8221;0px||0px||true|false&#8221; box_shadow_style=&#8221;preset4&#8243; box_shadow_horizontal=&#8221;21em&#8221; box_shadow_vertical=&#8221;0px&#8221; box_shadow_color=&#8221;gcid-fa957022-7f68-4c63-9382-2437a00591d9&#8243; box_shadow_color_tablet=&#8221;RGBA(255,255,255,0)&#8221; box_shadow_color_phone=&#8221;&#8221; box_shadow_color_last_edited=&#8221;on|tablet&#8221; global_colors_info=&#8221;{%22gcid-fa957022-7f68-4c63-9382-2437a00591d9%22:%91%22background_color%22,%22box_shadow_color%22,%22background_color%22,%22box_shadow_color%22,%22background_color%22,%22box_shadow_color%22%93}&#8221;][et_pb_column type=&#8221;2_5&#8243; _builder_version=&#8221;4.19.2&#8243; _module_preset=&#8221;default&#8221; use_background_color_gradient=&#8221;on&#8221; background_color_gradient_direction=&#8221;90deg&#8221; background_color_gradient_stops=&#8221;#ffffff 70%|gcid-fa957022-7f68-4c63-9382-2437a00591d9 70%&#8221; global_colors_info=&#8221;{%22gcid-fa957022-7f68-4c63-9382-2437a00591d9%22:%91%22background_color_gradient_stops%22%93}&#8221;][et_pb_image src=&#8221;https:\/\/circle2learning.eu\/it\/wp-content\/uploads\/2023\/02\/rapeseed-small.jpg&#8221; alt=&#8221;rapeseed&#8221; title_text=&#8221;rapeseed small&#8221; _builder_version=&#8221;4.27.3&#8243; _module_preset=&#8221;default&#8221; min_height_tablet=&#8221;&#8221; min_height_phone=&#8221;&#8221; min_height_last_edited=&#8221;on|phone&#8221; custom_margin=&#8221;8vw|-8vw|-4vw||false|false&#8221; custom_margin_tablet=&#8221;0vw|0vw|0vw||false|false&#8221; custom_margin_phone=&#8221;&#8221; custom_margin_last_edited=&#8221;on|tablet&#8221; custom_css_free_form=&#8221;selector {||  object-fit: cover;||}&#8221; global_colors_info=&#8221;{}&#8221; min_height__hover_enabled=&#8221;off|desktop&#8221;][\/et_pb_image][\/et_pb_column][et_pb_column type=&#8221;3_5&#8243; _builder_version=&#8221;4.19.2&#8243; _module_preset=&#8221;default&#8221; custom_padding=&#8221;4vw|||8vw|false|false&#8221; custom_padding_tablet=&#8221;0vw|30px|30px|30px|false|true&#8221; custom_padding_phone=&#8221;|20px|20px|20px|false|true&#8221; custom_padding_last_edited=&#8221;on|desktop&#8221; global_colors_info=&#8221;{}&#8221;][et_pb_text _builder_version=&#8221;4.27.2&#8243; _module_preset=&#8221;_initial&#8221; header_text_color=&#8221;#000000&#8243; header_2_font=&#8221;|700|||||||&#8221; header_2_text_color=&#8221;#000000&#8243; header_2_font_size=&#8221;3em&#8221; header_2_line_height=&#8221;1.2em&#8221; header_2_font_size_tablet=&#8221;3em&#8221; header_2_font_size_phone=&#8221;2.5em&#8221; header_2_font_size_last_edited=&#8221;on|desktop&#8221; global_colors_info=&#8221;{}&#8221;]<\/p>\n<h2><strong>Agricoltura<\/strong><\/h2>\n<p>[\/et_pb_text][et_pb_text _builder_version=&#8221;4.27.2&#8243; _module_preset=&#8221;_initial&#8221; text_font=&#8221;||||||||&#8221; text_font_size=&#8221;1.2em&#8221; text_line_height=&#8221;1.8em&#8221; header_text_color=&#8221;#000000&#8243; header_2_text_color=&#8221;#000000&#8243; text_font_size_tablet=&#8221;1.2em&#8221; text_font_size_phone=&#8221;1.1em&#8221; text_font_size_last_edited=&#8221;on|desktop&#8221; global_colors_info=&#8221;{}&#8221;]<\/p>\n<p>Nel 2022, il settore agricolo dell&#8217;UE ha contribuito con 222 miliardi di euro ed \u00e8 stato un importante esportatore netto verso il resto del mondo. Il settore offre inoltre un&#8217;occupazione regolare a 20 milioni di persone. Tuttavia, il settore pu\u00f2 essere un mercato volatile con l&#8217;impatto della concorrenza globale, dei cambiamenti climatici e dei costi dei fattori di produzione come i fertilizzanti. Questo corso prende in considerazione come il settore possa svilupparsi in modo pi\u00f9 sostenibile attraverso i principi dell&#8217;economia circolare.<\/p>\n<p>[\/et_pb_text][et_pb_button button_url=&#8221;https:\/\/circle2learning.eu\/it\/agriculture&#8221; url_new_window=&#8221;on&#8221; button_text=&#8221;Scopri di pi\u00f9&#8221; module_class=&#8221;zoomb&#8221; _builder_version=&#8221;4.27.2&#8243; _module_preset=&#8221;_initial&#8221; custom_button=&#8221;on&#8221; button_text_size=&#8221;14px&#8221; button_text_color=&#8221;#000000&#8243; button_border_radius=&#8221;0px&#8221; button_font=&#8221;Inter|600||on|||||&#8221; custom_margin=&#8221;||10px||false|false&#8221; custom_padding=&#8221;16px|24px|16px|24px|true|true&#8221; custom_css_free_form=&#8221;.zoomb {||  transition: all 0.3s ease-in-out;||}||||.zoomb:hover {||  transform: scale(1.05);||}&#8221; global_colors_info=&#8221;{}&#8221;][\/et_pb_button][\/et_pb_column][\/et_pb_row][\/et_pb_section]<\/p>\n","protected":false},"excerpt":{"rendered":"<p>Il progetto ha sviluppato moduli di formazione interattivi per i settori del turismo, dei trasporti e dell&#8217;agricoltura, utilizzando il plugin open-source H5P. Ogni modulo comprende video interviste a rappresentanti di piccole e medie imprese, organizzazioni e liberi professionisti e risorse scaricabili (PDF, Excel, Word). Questi materiali sono stati realizzati per aiutare gli educatori dell&#8217;istruzione e [&hellip;]<\/p>\n","protected":false},"author":2,"featured_media":0,"parent":0,"menu_order":0,"comment_status":"closed","ping_status":"closed","template":"","meta":{"_et_pb_use_builder":"on","_et_pb_old_content":"<!-- wp:divi\/placeholder \/-->","_et_gb_content_width":"","footnotes":""},"class_list":["post-33","page","type-page","status-publish","hentry"],"yoast_head":"<!-- This site is optimized with the Yoast SEO plugin v24.3 - https:\/\/yoast.com\/wordpress\/plugins\/seo\/ -->\n<title>Materiali - Circle2<\/title>\n<meta name=\"robots\" content=\"index, follow, max-snippet:-1, max-image-preview:large, max-video-preview:-1\" \/>\n<link rel=\"canonical\" href=\"https:\/\/circle2learning.eu\/it\/training\/\" \/>\n<meta property=\"og:locale\" content=\"it_IT\" \/>\n<meta property=\"og:type\" content=\"article\" \/>\n<meta property=\"og:title\" content=\"Materiali - Circle2\" \/>\n<meta property=\"og:description\" content=\"Il progetto ha sviluppato moduli di formazione interattivi per i settori del turismo, dei trasporti e dell&#039;agricoltura, utilizzando il plugin open-source H5P. Ogni modulo comprende video interviste a rappresentanti di piccole e medie imprese, organizzazioni e liberi professionisti e risorse scaricabili (PDF, Excel, Word). Questi materiali sono stati realizzati per aiutare gli educatori dell&#039;istruzione e [&hellip;]\" \/>\n<meta property=\"og:url\" content=\"https:\/\/circle2learning.eu\/it\/training\/\" \/>\n<meta property=\"og:site_name\" content=\"Circle2\" \/>\n<meta property=\"article:publisher\" content=\"https:\/\/www.facebook.com\/circleerasmus\" \/>\n<meta property=\"article:modified_time\" content=\"2024-11-15T17:01:38+00:00\" \/>\n<meta name=\"twitter:card\" content=\"summary_large_image\" \/>\n<meta name=\"twitter:label1\" content=\"Tempo di lettura stimato\" \/>\n\t<meta name=\"twitter:data1\" content=\"10 minuti\" \/>\n<script type=\"application\/ld+json\" class=\"yoast-schema-graph\">{\"@context\":\"https:\/\/schema.org\",\"@graph\":[{\"@type\":\"WebPage\",\"@id\":\"https:\/\/circle2learning.eu\/it\/training\/\",\"url\":\"https:\/\/circle2learning.eu\/it\/training\/\",\"name\":\"Materiali - Circle2\",\"isPartOf\":{\"@id\":\"https:\/\/circle2learning.eu\/it\/#website\"},\"datePublished\":\"2023-02-22T16:28:43+00:00\",\"dateModified\":\"2024-11-15T17:01:38+00:00\",\"breadcrumb\":{\"@id\":\"https:\/\/circle2learning.eu\/it\/training\/#breadcrumb\"},\"inLanguage\":\"it-IT\",\"potentialAction\":[{\"@type\":\"ReadAction\",\"target\":[\"https:\/\/circle2learning.eu\/it\/training\/\"]}]},{\"@type\":\"BreadcrumbList\",\"@id\":\"https:\/\/circle2learning.eu\/it\/training\/#breadcrumb\",\"itemListElement\":[{\"@type\":\"ListItem\",\"position\":1,\"name\":\"Home\",\"item\":\"https:\/\/circle2learning.eu\/it\/\"},{\"@type\":\"ListItem\",\"position\":2,\"name\":\"Materiali\"}]},{\"@type\":\"WebSite\",\"@id\":\"https:\/\/circle2learning.eu\/it\/#website\",\"url\":\"https:\/\/circle2learning.eu\/it\/\",\"name\":\"Circle2\",\"description\":\"Educating VETs on Circular Economy\",\"publisher\":{\"@id\":\"https:\/\/circle2learning.eu\/it\/#organization\"},\"potentialAction\":[{\"@type\":\"SearchAction\",\"target\":{\"@type\":\"EntryPoint\",\"urlTemplate\":\"https:\/\/circle2learning.eu\/it\/?s={search_term_string}\"},\"query-input\":{\"@type\":\"PropertyValueSpecification\",\"valueRequired\":true,\"valueName\":\"search_term_string\"}}],\"inLanguage\":\"it-IT\"},{\"@type\":\"Organization\",\"@id\":\"https:\/\/circle2learning.eu\/it\/#organization\",\"name\":\"Circle2\",\"url\":\"https:\/\/circle2learning.eu\/it\/\",\"logo\":{\"@type\":\"ImageObject\",\"inLanguage\":\"it-IT\",\"@id\":\"https:\/\/circle2learning.eu\/it\/#\/schema\/logo\/image\/\",\"url\":\"https:\/\/circle2learning.eu\/it\/wp-content\/uploads\/2024\/05\/cropped-Circle2_favicon.png\",\"contentUrl\":\"https:\/\/circle2learning.eu\/it\/wp-content\/uploads\/2024\/05\/cropped-Circle2_favicon.png\",\"width\":512,\"height\":512,\"caption\":\"Circle2\"},\"image\":{\"@id\":\"https:\/\/circle2learning.eu\/it\/#\/schema\/logo\/image\/\"},\"sameAs\":[\"https:\/\/www.facebook.com\/circleerasmus\",\"https:\/\/www.youtube.com\/@circle9319\",\"https:\/\/www.tiktok.com\/@circle2learning\"]}]}<\/script>\n<!-- \/ Yoast SEO plugin. -->","yoast_head_json":{"title":"Materiali - Circle2","robots":{"index":"index","follow":"follow","max-snippet":"max-snippet:-1","max-image-preview":"max-image-preview:large","max-video-preview":"max-video-preview:-1"},"canonical":"https:\/\/circle2learning.eu\/it\/training\/","og_locale":"it_IT","og_type":"article","og_title":"Materiali - Circle2","og_description":"Il progetto ha sviluppato moduli di formazione interattivi per i settori del turismo, dei trasporti e dell'agricoltura, utilizzando il plugin open-source H5P. Ogni modulo comprende video interviste a rappresentanti di piccole e medie imprese, organizzazioni e liberi professionisti e risorse scaricabili (PDF, Excel, Word). Questi materiali sono stati realizzati per aiutare gli educatori dell'istruzione e [&hellip;]","og_url":"https:\/\/circle2learning.eu\/it\/training\/","og_site_name":"Circle2","article_publisher":"https:\/\/www.facebook.com\/circleerasmus","article_modified_time":"2024-11-15T17:01:38+00:00","twitter_card":"summary_large_image","twitter_misc":{"Tempo di lettura stimato":"10 minuti"},"schema":{"@context":"https:\/\/schema.org","@graph":[{"@type":"WebPage","@id":"https:\/\/circle2learning.eu\/it\/training\/","url":"https:\/\/circle2learning.eu\/it\/training\/","name":"Materiali - Circle2","isPartOf":{"@id":"https:\/\/circle2learning.eu\/it\/#website"},"datePublished":"2023-02-22T16:28:43+00:00","dateModified":"2024-11-15T17:01:38+00:00","breadcrumb":{"@id":"https:\/\/circle2learning.eu\/it\/training\/#breadcrumb"},"inLanguage":"it-IT","potentialAction":[{"@type":"ReadAction","target":["https:\/\/circle2learning.eu\/it\/training\/"]}]},{"@type":"BreadcrumbList","@id":"https:\/\/circle2learning.eu\/it\/training\/#breadcrumb","itemListElement":[{"@type":"ListItem","position":1,"name":"Home","item":"https:\/\/circle2learning.eu\/it\/"},{"@type":"ListItem","position":2,"name":"Materiali"}]},{"@type":"WebSite","@id":"https:\/\/circle2learning.eu\/it\/#website","url":"https:\/\/circle2learning.eu\/it\/","name":"Circle2","description":"Educating VETs on Circular Economy","publisher":{"@id":"https:\/\/circle2learning.eu\/it\/#organization"},"potentialAction":[{"@type":"SearchAction","target":{"@type":"EntryPoint","urlTemplate":"https:\/\/circle2learning.eu\/it\/?s={search_term_string}"},"query-input":{"@type":"PropertyValueSpecification","valueRequired":true,"valueName":"search_term_string"}}],"inLanguage":"it-IT"},{"@type":"Organization","@id":"https:\/\/circle2learning.eu\/it\/#organization","name":"Circle2","url":"https:\/\/circle2learning.eu\/it\/","logo":{"@type":"ImageObject","inLanguage":"it-IT","@id":"https:\/\/circle2learning.eu\/it\/#\/schema\/logo\/image\/","url":"https:\/\/circle2learning.eu\/it\/wp-content\/uploads\/2024\/05\/cropped-Circle2_favicon.png","contentUrl":"https:\/\/circle2learning.eu\/it\/wp-content\/uploads\/2024\/05\/cropped-Circle2_favicon.png","width":512,"height":512,"caption":"Circle2"},"image":{"@id":"https:\/\/circle2learning.eu\/it\/#\/schema\/logo\/image\/"},"sameAs":["https:\/\/www.facebook.com\/circleerasmus","https:\/\/www.youtube.com\/@circle9319","https:\/\/www.tiktok.com\/@circle2learning"]}]}},"_links":{"self":[{"href":"https:\/\/circle2learning.eu\/it\/wp-json\/wp\/v2\/pages\/33","targetHints":{"allow":["GET"]}}],"collection":[{"href":"https:\/\/circle2learning.eu\/it\/wp-json\/wp\/v2\/pages"}],"about":[{"href":"https:\/\/circle2learning.eu\/it\/wp-json\/wp\/v2\/types\/page"}],"author":[{"embeddable":true,"href":"https:\/\/circle2learning.eu\/it\/wp-json\/wp\/v2\/users\/2"}],"replies":[{"embeddable":true,"href":"https:\/\/circle2learning.eu\/it\/wp-json\/wp\/v2\/comments?post=33"}],"version-history":[{"count":69,"href":"https:\/\/circle2learning.eu\/it\/wp-json\/wp\/v2\/pages\/33\/revisions"}],"predecessor-version":[{"id":1844,"href":"https:\/\/circle2learning.eu\/it\/wp-json\/wp\/v2\/pages\/33\/revisions\/1844"}],"wp:attachment":[{"href":"https:\/\/circle2learning.eu\/it\/wp-json\/wp\/v2\/media?parent=33"}],"curies":[{"name":"wp","href":"https:\/\/api.w.org\/{rel}","templated":true}]}}