{"id":561,"date":"2023-07-04T07:53:03","date_gmt":"2023-07-04T07:53:03","guid":{"rendered":"https:\/\/circle2learning.eu\/it\/?page_id=561"},"modified":"2025-01-06T11:18:02","modified_gmt":"2025-01-06T11:18:02","slug":"materiali-per-la-formazione-2","status":"publish","type":"page","link":"https:\/\/circle2learning.eu\/it\/materiali-per-la-formazione-2\/","title":{"rendered":"Materiali per la formazione &#8211; 2"},"content":{"rendered":"<p>[et_pb_section fb_built=&#8221;1&#8243; _builder_version=&#8221;4.21.0&#8243; _module_preset=&#8221;default&#8221; global_colors_info=&#8221;{}&#8221;][et_pb_row _builder_version=&#8221;4.21.0&#8243; _module_preset=&#8221;default&#8221; global_colors_info=&#8221;{}&#8221;][et_pb_column type=&#8221;4_4&#8243; _builder_version=&#8221;4.21.0&#8243; _module_preset=&#8221;default&#8221; global_colors_info=&#8221;{}&#8221;][et_pb_text _builder_version=&#8221;4.22.2&#8243; _module_preset=&#8221;default&#8221; global_colors_info=&#8221;{}&#8221;]<\/p>\n<h2><strong>Materiali per la formazione &#8211; 2<\/strong><\/h2>\n<p>[\/et_pb_text][\/et_pb_column][\/et_pb_row][et_pb_row column_structure=&#8221;1_3,2_3&#8243; _builder_version=&#8221;4.21.0&#8243; _module_preset=&#8221;default&#8221; global_colors_info=&#8221;{}&#8221;][et_pb_column type=&#8221;1_3&#8243; _builder_version=&#8221;4.21.0&#8243; _module_preset=&#8221;default&#8221; global_colors_info=&#8221;{}&#8221;][et_pb_image src=&#8221;https:\/\/circle2learning.eu\/it\/wp-content\/uploads\/2023\/10\/john-schnobrich-2FPjlAyMQTA-unsplash.jpg&#8221; title_text=&#8221;john-schnobrich-2FPjlAyMQTA-unsplash&#8221; url=&#8221;https:\/\/circle2learning.eu\/it\/wp-content\/uploads\/2023\/10\/Analisi-del-campo-di-forza.pdf&#8221; url_new_window=&#8221;on&#8221; _builder_version=&#8221;4.22.2&#8243; _module_preset=&#8221;default&#8221; global_colors_info=&#8221;{}&#8221;][\/et_pb_image][\/et_pb_column][et_pb_column type=&#8221;2_3&#8243; _builder_version=&#8221;4.21.0&#8243; _module_preset=&#8221;default&#8221; global_colors_info=&#8221;{}&#8221;][et_pb_text _builder_version=&#8221;4.22.2&#8243; _module_preset=&#8221;default&#8221; global_colors_info=&#8221;{}&#8221;]<\/p>\n<h4><strong>CIRCLE2 &#8211; Usare l&#8217;analisi del campo di forza<br \/><\/strong><\/h4>\n<p>II cambiamento verso pratiche ambientali pi\u00f9 sostenibili sul posto di lavoro pu\u00f2 incontrare delle resistenze di varia natura. Questo esercizio propone di usare la prima legge di Newton per analizzare le forze che contribuiscono o ostacolano il cambiamento. Lavorate in gruppo per esplorare queste forze.<\/p>\n<blockquote>\n<p><a href=\"https:\/\/circle2learning.eu\/it\/wp-content\/uploads\/2023\/10\/Analisi-del-campo-di-forza.pdf\" target=\"_blank\" rel=\"noopener\"><span style=\"text-decoration: underline;\">Per aprire e scaricare<\/span><\/a><\/p>\n<\/blockquote>\n<p>[\/et_pb_text][\/et_pb_column][\/et_pb_row][et_pb_row column_structure=&#8221;1_3,2_3&#8243; _builder_version=&#8221;4.21.0&#8243; _module_preset=&#8221;default&#8221; global_colors_info=&#8221;{}&#8221;][et_pb_column type=&#8221;1_3&#8243; _builder_version=&#8221;4.21.0&#8243; _module_preset=&#8221;default&#8221; global_colors_info=&#8221;{}&#8221;][et_pb_image src=&#8221;https:\/\/circle2learning.eu\/it\/wp-content\/uploads\/2025\/01\/gerrie-van-der-walt-uOc3ldMSAiY-unsplash-scaled.jpg&#8221; alt=&#8221;Photo by Gerrie van der Walt on Unsplash&#8221; title_text=&#8221;gerrie-van-der-walt-uOc3ldMSAiY-unsplash&#8221; url=&#8221;https:\/\/circle2learning.eu\/it\/wp-content\/uploads\/2023\/10\/Analisi-del-campo-di-forza.pdf&#8221; url_new_window=&#8221;on&#8221; _builder_version=&#8221;4.27.4&#8243; _module_preset=&#8221;default&#8221; global_colors_info=&#8221;{}&#8221;][\/et_pb_image][\/et_pb_column][et_pb_column type=&#8221;2_3&#8243; _builder_version=&#8221;4.21.0&#8243; _module_preset=&#8221;default&#8221; global_colors_info=&#8221;{}&#8221;][et_pb_text _builder_version=&#8221;4.27.4&#8243; _module_preset=&#8221;default&#8221; link_option_url=&#8221;https:\/\/circle2learning.eu\/it\/wp-content\/uploads\/2025\/01\/Calcolo-delle-emissioni-da-viaggio.xlsx&#8221; global_colors_info=&#8221;{}&#8221;]<\/p>\n<h4><strong>CIRCLE2 &#8211; Stima delle emissioni di carbonio per i viaggi<br \/><\/strong><\/h4>\n<p>Ogni giorno prendiamo decisioni sul nostro mezzo di trasporto. Eppure non siamo consapevoli delle conseguenze ambientali del nostro viaggio. Utilizzate questo semplice calcolatore per confrontare i vostri spostamenti.<\/p>\n<blockquote>\n<p><a href=\"https:\/\/circle2learning.eu\/it\/wp-content\/uploads\/2025\/01\/Calcolo-delle-emissioni-da-viaggio.xlsx\" target=\"_blank\" rel=\"noopener\"><span style=\"text-decoration: underline;\">Per aprire e scaricare<\/span><\/a><\/p>\n<\/blockquote>\n<p>[\/et_pb_text][\/et_pb_column][\/et_pb_row][et_pb_row column_structure=&#8221;1_3,2_3&#8243; _builder_version=&#8221;4.21.0&#8243; _module_preset=&#8221;default&#8221; global_colors_info=&#8221;{}&#8221;][et_pb_column type=&#8221;1_3&#8243; _builder_version=&#8221;4.21.0&#8243; _module_preset=&#8221;default&#8221; global_colors_info=&#8221;{}&#8221;][et_pb_image src=&#8221;https:\/\/circle2learning.eu\/it\/wp-content\/uploads\/2023\/10\/Scale.jpeg&#8221; title_text=&#8221;Organic Carrots with Green Tops on an Old Scale with black background&#8221; url=&#8221;https:\/\/circle2learning.eu\/it\/wp-content\/uploads\/2023\/10\/Cibo-ed-Emissioni.pdf&#8221; url_new_window=&#8221;on&#8221; _builder_version=&#8221;4.22.2&#8243; _module_preset=&#8221;default&#8221; global_colors_info=&#8221;{}&#8221;][\/et_pb_image][\/et_pb_column][et_pb_column type=&#8221;2_3&#8243; _builder_version=&#8221;4.21.0&#8243; _module_preset=&#8221;default&#8221; global_colors_info=&#8221;{}&#8221;][et_pb_text _builder_version=&#8221;4.27.4&#8243; _module_preset=&#8221;default&#8221; hover_enabled=&#8221;0&#8243; global_colors_info=&#8221;{}&#8221; link_option_url=&#8221;https:\/\/circle2learning.eu\/it\/wp-content\/uploads\/2025\/01\/Cibo-ed-Emissioni.pdf&#8221; sticky_enabled=&#8221;0&#8243;]<\/p>\n<h4><strong>CIRCLE2 &#8211; Comprendere l&#8217;impatto ambientale degli alimenti<\/strong><\/h4>\n<p>Il cibo \u00e8 una risorsa e, come qualsiasi altra risorsa, richiede energia e materiali per essere prodotto. \u00c8 importante capire la relazione tra la produzione e la quantit\u00e0 di emissioni di carbonio legate agli alimenti; e quindi quali alimenti sono pi\u00f9 vantaggiosi per l&#8217;ambiente. In un piccolo gruppo esplorate l&#8217;impatto di diversi pasti che potreste trovare in un ristorante e vedete quali cambiamenti possono essere fatti per ridurre il loro impatto di carbonio.<\/p>\n<blockquote>\n<p><a href=\"https:\/\/circle2learning.eu\/it\/wp-content\/uploads\/2025\/01\/Cibo-ed-Emissioni.pdf\" target=\"_blank\" rel=\"noopener\"><span style=\"text-decoration: underline;\">Per aprire e scaricare<\/span><\/a><\/p>\n<\/blockquote>\n<p>[\/et_pb_text][\/et_pb_column][\/et_pb_row][\/et_pb_section]<\/p>\n","protected":false},"excerpt":{"rendered":"<p>Materiali per la formazione &#8211; 2CIRCLE2 &#8211; Usare l&#8217;analisi del campo di forza II cambiamento verso pratiche ambientali pi\u00f9 sostenibili sul posto di lavoro pu\u00f2 incontrare delle resistenze di varia natura. Questo esercizio propone di usare la prima legge di Newton per analizzare le forze che contribuiscono o ostacolano il cambiamento. Lavorate in gruppo per [&hellip;]<\/p>\n","protected":false},"author":2,"featured_media":0,"parent":0,"menu_order":0,"comment_status":"closed","ping_status":"closed","template":"","meta":{"_et_pb_use_builder":"on","_et_pb_old_content":"","_et_gb_content_width":"","footnotes":""},"class_list":["post-561","page","type-page","status-publish","hentry"],"yoast_head":"<!-- This site is optimized with the Yoast SEO plugin v24.3 - https:\/\/yoast.com\/wordpress\/plugins\/seo\/ -->\n<title>Materiali per la formazione - 2 - Circle2<\/title>\n<meta name=\"robots\" content=\"index, follow, max-snippet:-1, max-image-preview:large, max-video-preview:-1\" \/>\n<link rel=\"canonical\" href=\"https:\/\/circle2learning.eu\/it\/materiali-per-la-formazione-2\/\" \/>\n<meta property=\"og:locale\" content=\"it_IT\" \/>\n<meta property=\"og:type\" content=\"article\" \/>\n<meta property=\"og:title\" content=\"Materiali per la formazione - 2 - Circle2\" \/>\n<meta property=\"og:description\" content=\"Materiali per la formazione - 2CIRCLE2 - Usare l&#039;analisi del campo di forza II cambiamento verso pratiche ambientali pi\u00f9 sostenibili sul posto di lavoro pu\u00f2 incontrare delle resistenze di varia natura. Questo esercizio propone di usare la prima legge di Newton per analizzare le forze che contribuiscono o ostacolano il cambiamento. Lavorate in gruppo per [&hellip;]\" \/>\n<meta property=\"og:url\" content=\"https:\/\/circle2learning.eu\/it\/materiali-per-la-formazione-2\/\" \/>\n<meta property=\"og:site_name\" content=\"Circle2\" \/>\n<meta property=\"article:publisher\" content=\"https:\/\/www.facebook.com\/circleerasmus\" \/>\n<meta property=\"article:modified_time\" content=\"2025-01-06T11:18:02+00:00\" \/>\n<meta name=\"twitter:card\" content=\"summary_large_image\" \/>\n<meta name=\"twitter:label1\" content=\"Tempo di lettura stimato\" \/>\n\t<meta name=\"twitter:data1\" content=\"3 minuti\" \/>\n<script type=\"application\/ld+json\" class=\"yoast-schema-graph\">{\"@context\":\"https:\/\/schema.org\",\"@graph\":[{\"@type\":\"WebPage\",\"@id\":\"https:\/\/circle2learning.eu\/it\/materiali-per-la-formazione-2\/\",\"url\":\"https:\/\/circle2learning.eu\/it\/materiali-per-la-formazione-2\/\",\"name\":\"Materiali per la formazione - 2 - Circle2\",\"isPartOf\":{\"@id\":\"https:\/\/circle2learning.eu\/it\/#website\"},\"datePublished\":\"2023-07-04T07:53:03+00:00\",\"dateModified\":\"2025-01-06T11:18:02+00:00\",\"breadcrumb\":{\"@id\":\"https:\/\/circle2learning.eu\/it\/materiali-per-la-formazione-2\/#breadcrumb\"},\"inLanguage\":\"it-IT\",\"potentialAction\":[{\"@type\":\"ReadAction\",\"target\":[\"https:\/\/circle2learning.eu\/it\/materiali-per-la-formazione-2\/\"]}]},{\"@type\":\"BreadcrumbList\",\"@id\":\"https:\/\/circle2learning.eu\/it\/materiali-per-la-formazione-2\/#breadcrumb\",\"itemListElement\":[{\"@type\":\"ListItem\",\"position\":1,\"name\":\"Home\",\"item\":\"https:\/\/circle2learning.eu\/it\/\"},{\"@type\":\"ListItem\",\"position\":2,\"name\":\"Materiali per la formazione &#8211; 2\"}]},{\"@type\":\"WebSite\",\"@id\":\"https:\/\/circle2learning.eu\/it\/#website\",\"url\":\"https:\/\/circle2learning.eu\/it\/\",\"name\":\"Circle2\",\"description\":\"Educating VETs on Circular Economy\",\"publisher\":{\"@id\":\"https:\/\/circle2learning.eu\/it\/#organization\"},\"potentialAction\":[{\"@type\":\"SearchAction\",\"target\":{\"@type\":\"EntryPoint\",\"urlTemplate\":\"https:\/\/circle2learning.eu\/it\/?s={search_term_string}\"},\"query-input\":{\"@type\":\"PropertyValueSpecification\",\"valueRequired\":true,\"valueName\":\"search_term_string\"}}],\"inLanguage\":\"it-IT\"},{\"@type\":\"Organization\",\"@id\":\"https:\/\/circle2learning.eu\/it\/#organization\",\"name\":\"Circle2\",\"url\":\"https:\/\/circle2learning.eu\/it\/\",\"logo\":{\"@type\":\"ImageObject\",\"inLanguage\":\"it-IT\",\"@id\":\"https:\/\/circle2learning.eu\/it\/#\/schema\/logo\/image\/\",\"url\":\"https:\/\/circle2learning.eu\/it\/wp-content\/uploads\/2024\/05\/cropped-Circle2_favicon.png\",\"contentUrl\":\"https:\/\/circle2learning.eu\/it\/wp-content\/uploads\/2024\/05\/cropped-Circle2_favicon.png\",\"width\":512,\"height\":512,\"caption\":\"Circle2\"},\"image\":{\"@id\":\"https:\/\/circle2learning.eu\/it\/#\/schema\/logo\/image\/\"},\"sameAs\":[\"https:\/\/www.facebook.com\/circleerasmus\",\"https:\/\/www.youtube.com\/@circle9319\",\"https:\/\/www.tiktok.com\/@circle2learning\"]}]}<\/script>\n<!-- \/ Yoast SEO plugin. -->","yoast_head_json":{"title":"Materiali per la formazione - 2 - Circle2","robots":{"index":"index","follow":"follow","max-snippet":"max-snippet:-1","max-image-preview":"max-image-preview:large","max-video-preview":"max-video-preview:-1"},"canonical":"https:\/\/circle2learning.eu\/it\/materiali-per-la-formazione-2\/","og_locale":"it_IT","og_type":"article","og_title":"Materiali per la formazione - 2 - Circle2","og_description":"Materiali per la formazione - 2CIRCLE2 - Usare l'analisi del campo di forza II cambiamento verso pratiche ambientali pi\u00f9 sostenibili sul posto di lavoro pu\u00f2 incontrare delle resistenze di varia natura. Questo esercizio propone di usare la prima legge di Newton per analizzare le forze che contribuiscono o ostacolano il cambiamento. Lavorate in gruppo per [&hellip;]","og_url":"https:\/\/circle2learning.eu\/it\/materiali-per-la-formazione-2\/","og_site_name":"Circle2","article_publisher":"https:\/\/www.facebook.com\/circleerasmus","article_modified_time":"2025-01-06T11:18:02+00:00","twitter_card":"summary_large_image","twitter_misc":{"Tempo di lettura stimato":"3 minuti"},"schema":{"@context":"https:\/\/schema.org","@graph":[{"@type":"WebPage","@id":"https:\/\/circle2learning.eu\/it\/materiali-per-la-formazione-2\/","url":"https:\/\/circle2learning.eu\/it\/materiali-per-la-formazione-2\/","name":"Materiali per la formazione - 2 - Circle2","isPartOf":{"@id":"https:\/\/circle2learning.eu\/it\/#website"},"datePublished":"2023-07-04T07:53:03+00:00","dateModified":"2025-01-06T11:18:02+00:00","breadcrumb":{"@id":"https:\/\/circle2learning.eu\/it\/materiali-per-la-formazione-2\/#breadcrumb"},"inLanguage":"it-IT","potentialAction":[{"@type":"ReadAction","target":["https:\/\/circle2learning.eu\/it\/materiali-per-la-formazione-2\/"]}]},{"@type":"BreadcrumbList","@id":"https:\/\/circle2learning.eu\/it\/materiali-per-la-formazione-2\/#breadcrumb","itemListElement":[{"@type":"ListItem","position":1,"name":"Home","item":"https:\/\/circle2learning.eu\/it\/"},{"@type":"ListItem","position":2,"name":"Materiali per la formazione &#8211; 2"}]},{"@type":"WebSite","@id":"https:\/\/circle2learning.eu\/it\/#website","url":"https:\/\/circle2learning.eu\/it\/","name":"Circle2","description":"Educating VETs on Circular Economy","publisher":{"@id":"https:\/\/circle2learning.eu\/it\/#organization"},"potentialAction":[{"@type":"SearchAction","target":{"@type":"EntryPoint","urlTemplate":"https:\/\/circle2learning.eu\/it\/?s={search_term_string}"},"query-input":{"@type":"PropertyValueSpecification","valueRequired":true,"valueName":"search_term_string"}}],"inLanguage":"it-IT"},{"@type":"Organization","@id":"https:\/\/circle2learning.eu\/it\/#organization","name":"Circle2","url":"https:\/\/circle2learning.eu\/it\/","logo":{"@type":"ImageObject","inLanguage":"it-IT","@id":"https:\/\/circle2learning.eu\/it\/#\/schema\/logo\/image\/","url":"https:\/\/circle2learning.eu\/it\/wp-content\/uploads\/2024\/05\/cropped-Circle2_favicon.png","contentUrl":"https:\/\/circle2learning.eu\/it\/wp-content\/uploads\/2024\/05\/cropped-Circle2_favicon.png","width":512,"height":512,"caption":"Circle2"},"image":{"@id":"https:\/\/circle2learning.eu\/it\/#\/schema\/logo\/image\/"},"sameAs":["https:\/\/www.facebook.com\/circleerasmus","https:\/\/www.youtube.com\/@circle9319","https:\/\/www.tiktok.com\/@circle2learning"]}]}},"_links":{"self":[{"href":"https:\/\/circle2learning.eu\/it\/wp-json\/wp\/v2\/pages\/561","targetHints":{"allow":["GET"]}}],"collection":[{"href":"https:\/\/circle2learning.eu\/it\/wp-json\/wp\/v2\/pages"}],"about":[{"href":"https:\/\/circle2learning.eu\/it\/wp-json\/wp\/v2\/types\/page"}],"author":[{"embeddable":true,"href":"https:\/\/circle2learning.eu\/it\/wp-json\/wp\/v2\/users\/2"}],"replies":[{"embeddable":true,"href":"https:\/\/circle2learning.eu\/it\/wp-json\/wp\/v2\/comments?post=561"}],"version-history":[{"count":32,"href":"https:\/\/circle2learning.eu\/it\/wp-json\/wp\/v2\/pages\/561\/revisions"}],"predecessor-version":[{"id":1987,"href":"https:\/\/circle2learning.eu\/it\/wp-json\/wp\/v2\/pages\/561\/revisions\/1987"}],"wp:attachment":[{"href":"https:\/\/circle2learning.eu\/it\/wp-json\/wp\/v2\/media?parent=561"}],"curies":[{"name":"wp","href":"https:\/\/api.w.org\/{rel}","templated":true}]}}