{"id":587,"date":"2023-07-04T10:27:39","date_gmt":"2023-07-04T10:27:39","guid":{"rendered":"https:\/\/circle2learning.eu\/it\/?page_id=587"},"modified":"2025-01-03T18:30:35","modified_gmt":"2025-01-03T18:30:35","slug":"transport-resource-pack-2","status":"publish","type":"page","link":"https:\/\/circle2learning.eu\/it\/transport-resource-pack-2\/","title":{"rendered":"Transport Resource Pack 2"},"content":{"rendered":"<p>[et_pb_section fb_built=&#8221;1&#8243; _builder_version=&#8221;4.27.4&#8243; _module_preset=&#8221;default&#8221; custom_padding=&#8221;||0px||false|false&#8221; global_colors_info=&#8221;{}&#8221;][et_pb_row _builder_version=&#8221;4.27.4&#8243; _module_preset=&#8221;default&#8221; custom_padding=&#8221;||0px||false|false&#8221; global_colors_info=&#8221;{}&#8221;][et_pb_column type=&#8221;4_4&#8243; _builder_version=&#8221;4.27.4&#8243; _module_preset=&#8221;default&#8221; global_colors_info=&#8221;{}&#8221;][et_pb_heading title=&#8221;Materiali per la formazione &#8211; 2&#8243; _builder_version=&#8221;4.27.4&#8243; _module_preset=&#8221;default&#8221; title_level=&#8221;h2&#8243; title_font=&#8221;&#8211;et_global_heading_font|700|||||||&#8221; global_colors_info=&#8221;{}&#8221;][\/et_pb_heading][\/et_pb_column][\/et_pb_row][\/et_pb_section][et_pb_section fb_built=&#8221;1&#8243; _builder_version=&#8221;4.21.0&#8243; _module_preset=&#8221;default&#8221; global_colors_info=&#8221;{}&#8221;][et_pb_row column_structure=&#8221;1_2,1_2&#8243; module_class=&#8221;freightcalculator&#8221; _builder_version=&#8221;4.27.0&#8243; _module_preset=&#8221;default&#8221; min_height=&#8221;319.6px&#8221; custom_margin=&#8221;-2px|auto||auto||&#8221; custom_padding=&#8221;||15px|||&#8221; custom_css_free_form=&#8221;.freightcalculator {||  transition: all 0.3s ease-in-out;||}||||.freightcalculator:hover {||  transform: scale(1.05);||}&#8221; global_colors_info=&#8221;{}&#8221;][et_pb_column type=&#8221;1_2&#8243; _builder_version=&#8221;4.25.2&#8243; _module_preset=&#8221;default&#8221; global_colors_info=&#8221;{}&#8221;][et_pb_image src=&#8221;https:\/\/circle2learning.eu\/it\/wp-content\/uploads\/2024\/12\/Img-by-kjpargeter-on-freepik.jpg&#8221; alt=&#8221;Photo by Michael Fousert on Unsplash&#8221; title_text=&#8221;Img by kjpargeter on freepik&#8221; url_new_window=&#8221;on&#8221; align=&#8221;center&#8221; _builder_version=&#8221;4.27.4&#8243; _module_preset=&#8221;default&#8221; width=&#8221;60%&#8221; global_colors_info=&#8221;{}&#8221;][\/et_pb_image][\/et_pb_column][et_pb_column type=&#8221;1_2&#8243; _builder_version=&#8221;4.25.2&#8243; _module_preset=&#8221;default&#8221; global_colors_info=&#8221;{}&#8221;][et_pb_text _builder_version=&#8221;4.27.4&#8243; _module_preset=&#8221;default&#8221; custom_padding=&#8221;|||0px||&#8221; global_colors_info=&#8221;{}&#8221;]<\/p>\n<h4><strong>Strumento per la trasformazione digitale<\/strong><\/h4>\n<p>Scoprite come le aziende digital ready utilizzano la tecnologia digitale per migliorare le operazioni logistiche, movimentare le merci in modo efficiente e ridurre gli sprechi e le emissioni di carbonio.<\/p>\n<p>[\/et_pb_text][et_pb_button button_url=&#8221;https:\/\/circle2learning.eu\/it\/wp-content\/uploads\/2025\/01\/Logistic_Tool_IT.xlsx&#8221; url_new_window=&#8221;on&#8221; button_text=&#8221;Scarica&#8221; button_alignment=&#8221;right&#8221; _builder_version=&#8221;4.27.4&#8243; _module_preset=&#8221;default&#8221; animation_style=&#8221;fade&#8221; global_colors_info=&#8221;{}&#8221;][\/et_pb_button][\/et_pb_column][\/et_pb_row][et_pb_row column_structure=&#8221;1_2,1_2&#8243; module_class=&#8221;freightcalculator&#8221; _builder_version=&#8221;4.25.2&#8243; _module_preset=&#8221;default&#8221; min_height=&#8221;319.6px&#8221; custom_margin=&#8221;-2px|auto||auto||&#8221; custom_padding=&#8221;||15px|||&#8221; link_option_url_new_window=&#8221;on&#8221; custom_css_free_form=&#8221;.freightcalculator {||  transition: all 0.3s ease-in-out;||}||||.freightcalculator:hover {||  transform: scale(1.05);||}&#8221; locked=&#8221;off&#8221; global_colors_info=&#8221;{}&#8221;][et_pb_column type=&#8221;1_2&#8243; _builder_version=&#8221;4.22.0&#8243; _module_preset=&#8221;default&#8221; global_colors_info=&#8221;{}&#8221;][et_pb_image src=&#8221;https:\/\/circle2learning.eu\/it\/wp-content\/uploads\/2024\/12\/Photo-by-Michael-Fousert-on-Unsplash.jpg&#8221; alt=&#8221;Photo by Michael Fousert on Unsplash&#8221; title_text=&#8221;Photo by Michael Fousert on Unsplash&#8221; url_new_window=&#8221;on&#8221; align=&#8221;center&#8221; _builder_version=&#8221;4.27.4&#8243; _module_preset=&#8221;default&#8221; width=&#8221;60%&#8221; locked=&#8221;off&#8221; global_colors_info=&#8221;{}&#8221;][\/et_pb_image][\/et_pb_column][et_pb_column type=&#8221;1_2&#8243; _builder_version=&#8221;4.22.0&#8243; _module_preset=&#8221;default&#8221; global_colors_info=&#8221;{}&#8221;][et_pb_text _builder_version=&#8221;4.27.4&#8243; _module_preset=&#8221;default&#8221; custom_padding=&#8221;|||0px||&#8221; link_option_url_new_window=&#8221;on&#8221; global_colors_info=&#8221;{}&#8221;]<\/p>\n<h4><strong>Scegliere un veicolo elettrico<\/strong><\/h4>\n<p>Uno strumento basato su Excel per esplorare la comprensione dei vantaggi dei veicoli elettrici nella riduzione delle emissioni di carbonio e del riscaldamento globale. Rivolto principalmente ai formatori dell&#8217;industria automobilistica.<\/p>\n<p>[\/et_pb_text][et_pb_button button_url=&#8221;https:\/\/circle2learning.eu\/it\/wp-content\/uploads\/2025\/01\/Check-tool-e-cars_IT.xlsx&#8221; url_new_window=&#8221;on&#8221; button_text=&#8221;Scarica&#8221; button_alignment=&#8221;right&#8221; _builder_version=&#8221;4.27.4&#8243; _module_preset=&#8221;default&#8221; animation_style=&#8221;fade&#8221; locked=&#8221;off&#8221; global_colors_info=&#8221;{}&#8221;][\/et_pb_button][\/et_pb_column][\/et_pb_row][et_pb_row column_structure=&#8221;1_2,1_2&#8243; module_class=&#8221;freightcalculator&#8221; _builder_version=&#8221;4.25.2&#8243; _module_preset=&#8221;default&#8221; min_height=&#8221;319.6px&#8221; custom_margin=&#8221;-2px|auto||auto||&#8221; custom_padding=&#8221;||15px|||&#8221; link_option_url_new_window=&#8221;on&#8221; custom_css_free_form=&#8221;.freightcalculator {||  transition: all 0.3s ease-in-out;||}||||.freightcalculator:hover {||  transform: scale(1.05);||}&#8221; locked=&#8221;off&#8221; global_colors_info=&#8221;{}&#8221;][et_pb_column type=&#8221;1_2&#8243; _builder_version=&#8221;4.22.0&#8243; _module_preset=&#8221;default&#8221; global_colors_info=&#8221;{}&#8221;][et_pb_image src=&#8221;https:\/\/circle2learning.eu\/it\/wp-content\/uploads\/2024\/12\/Photo-by-CHUTTERSNAP-on-Unsplash.jpg&#8221; alt=&#8221;Photo by CHUTTERSNAP on Unsplash&#8221; title_text=&#8221;Photo by CHUTTERSNAP on Unsplash&#8221; url_new_window=&#8221;on&#8221; align=&#8221;center&#8221; _builder_version=&#8221;4.27.4&#8243; _module_preset=&#8221;default&#8221; width=&#8221;60%&#8221; locked=&#8221;off&#8221; global_colors_info=&#8221;{}&#8221;][\/et_pb_image][\/et_pb_column][et_pb_column type=&#8221;1_2&#8243; _builder_version=&#8221;4.22.0&#8243; _module_preset=&#8221;default&#8221; global_colors_info=&#8221;{}&#8221;][et_pb_text _builder_version=&#8221;4.27.4&#8243; _module_preset=&#8221;default&#8221; custom_padding=&#8221;|||0px||&#8221; link_option_url_new_window=&#8221;on&#8221; global_colors_info=&#8221;{}&#8221;]<\/p>\n<h4><strong>Strumento per il trasporto e la logistica aziendale<\/strong><\/h4>\n<p>Questo strumento \u00e8 stato ideato per aiutarvi a creare una panoramica di un&#8217;azienda, dei suoi trasporti e della sua logistica e a identificare se c&#8217;\u00e8 spazio per una pratica pi\u00f9 circolare. Le domande fornite sono una guida per aiutarvi a compilare il modello. \u00c8 quindi possibile utilizzare i moduli relativi ai trasporti per identificare gli approcci all&#8217;economia circolare pertinenti a qualsiasi problema di trasporto e logistica individuato.<\/p>\n<p>[\/et_pb_text][et_pb_button button_url=&#8221;https:\/\/circle2learning.eu\/it\/wp-content\/uploads\/2025\/01\/Trasporti-logistica.xlsx&#8221; url_new_window=&#8221;on&#8221; button_text=&#8221;Scarica&#8221; button_alignment=&#8221;right&#8221; _builder_version=&#8221;4.27.4&#8243; _module_preset=&#8221;default&#8221; animation_style=&#8221;fade&#8221; hover_enabled=&#8221;0&#8243; locked=&#8221;off&#8221; global_colors_info=&#8221;{}&#8221; sticky_enabled=&#8221;0&#8243;][\/et_pb_button][\/et_pb_column][\/et_pb_row][\/et_pb_section]<\/p>\n","protected":false},"excerpt":{"rendered":"<p>Strumento per la trasformazione digitale Scoprite come le aziende digital ready utilizzano la tecnologia digitale per migliorare le operazioni logistiche, movimentare le merci in modo efficiente e ridurre gli sprechi e le emissioni di carbonio.Scegliere un veicolo elettrico Uno strumento basato su Excel per esplorare la comprensione dei vantaggi dei veicoli elettrici nella riduzione delle [&hellip;]<\/p>\n","protected":false},"author":2,"featured_media":0,"parent":0,"menu_order":0,"comment_status":"closed","ping_status":"closed","template":"","meta":{"_et_pb_use_builder":"on","_et_pb_old_content":"","_et_gb_content_width":"","footnotes":""},"class_list":["post-587","page","type-page","status-publish","hentry"],"yoast_head":"<!-- This site is optimized with the Yoast SEO plugin v24.3 - https:\/\/yoast.com\/wordpress\/plugins\/seo\/ -->\n<title>Transport Resource Pack 2 - Circle2<\/title>\n<meta name=\"robots\" content=\"index, follow, max-snippet:-1, max-image-preview:large, max-video-preview:-1\" \/>\n<link rel=\"canonical\" href=\"https:\/\/circle2learning.eu\/it\/transport-resource-pack-2\/\" \/>\n<meta property=\"og:locale\" content=\"it_IT\" \/>\n<meta property=\"og:type\" content=\"article\" \/>\n<meta property=\"og:title\" content=\"Transport Resource Pack 2 - Circle2\" \/>\n<meta property=\"og:description\" content=\"Strumento per la trasformazione digitale Scoprite come le aziende digital ready utilizzano la tecnologia digitale per migliorare le operazioni logistiche, movimentare le merci in modo efficiente e ridurre gli sprechi e le emissioni di carbonio.Scegliere un veicolo elettrico Uno strumento basato su Excel per esplorare la comprensione dei vantaggi dei veicoli elettrici nella riduzione delle [&hellip;]\" \/>\n<meta property=\"og:url\" content=\"https:\/\/circle2learning.eu\/it\/transport-resource-pack-2\/\" \/>\n<meta property=\"og:site_name\" content=\"Circle2\" \/>\n<meta property=\"article:publisher\" content=\"https:\/\/www.facebook.com\/circleerasmus\" \/>\n<meta property=\"article:modified_time\" content=\"2025-01-03T18:30:35+00:00\" \/>\n<meta name=\"twitter:card\" content=\"summary_large_image\" \/>\n<meta name=\"twitter:label1\" content=\"Tempo di lettura stimato\" \/>\n\t<meta name=\"twitter:data1\" content=\"4 minuti\" \/>\n<script type=\"application\/ld+json\" class=\"yoast-schema-graph\">{\"@context\":\"https:\/\/schema.org\",\"@graph\":[{\"@type\":\"WebPage\",\"@id\":\"https:\/\/circle2learning.eu\/it\/transport-resource-pack-2\/\",\"url\":\"https:\/\/circle2learning.eu\/it\/transport-resource-pack-2\/\",\"name\":\"Transport Resource Pack 2 - Circle2\",\"isPartOf\":{\"@id\":\"https:\/\/circle2learning.eu\/it\/#website\"},\"datePublished\":\"2023-07-04T10:27:39+00:00\",\"dateModified\":\"2025-01-03T18:30:35+00:00\",\"breadcrumb\":{\"@id\":\"https:\/\/circle2learning.eu\/it\/transport-resource-pack-2\/#breadcrumb\"},\"inLanguage\":\"it-IT\",\"potentialAction\":[{\"@type\":\"ReadAction\",\"target\":[\"https:\/\/circle2learning.eu\/it\/transport-resource-pack-2\/\"]}]},{\"@type\":\"BreadcrumbList\",\"@id\":\"https:\/\/circle2learning.eu\/it\/transport-resource-pack-2\/#breadcrumb\",\"itemListElement\":[{\"@type\":\"ListItem\",\"position\":1,\"name\":\"Home\",\"item\":\"https:\/\/circle2learning.eu\/it\/\"},{\"@type\":\"ListItem\",\"position\":2,\"name\":\"Transport Resource Pack 2\"}]},{\"@type\":\"WebSite\",\"@id\":\"https:\/\/circle2learning.eu\/it\/#website\",\"url\":\"https:\/\/circle2learning.eu\/it\/\",\"name\":\"Circle2\",\"description\":\"Educating VETs on Circular Economy\",\"publisher\":{\"@id\":\"https:\/\/circle2learning.eu\/it\/#organization\"},\"potentialAction\":[{\"@type\":\"SearchAction\",\"target\":{\"@type\":\"EntryPoint\",\"urlTemplate\":\"https:\/\/circle2learning.eu\/it\/?s={search_term_string}\"},\"query-input\":{\"@type\":\"PropertyValueSpecification\",\"valueRequired\":true,\"valueName\":\"search_term_string\"}}],\"inLanguage\":\"it-IT\"},{\"@type\":\"Organization\",\"@id\":\"https:\/\/circle2learning.eu\/it\/#organization\",\"name\":\"Circle2\",\"url\":\"https:\/\/circle2learning.eu\/it\/\",\"logo\":{\"@type\":\"ImageObject\",\"inLanguage\":\"it-IT\",\"@id\":\"https:\/\/circle2learning.eu\/it\/#\/schema\/logo\/image\/\",\"url\":\"https:\/\/circle2learning.eu\/it\/wp-content\/uploads\/2024\/05\/cropped-Circle2_favicon.png\",\"contentUrl\":\"https:\/\/circle2learning.eu\/it\/wp-content\/uploads\/2024\/05\/cropped-Circle2_favicon.png\",\"width\":512,\"height\":512,\"caption\":\"Circle2\"},\"image\":{\"@id\":\"https:\/\/circle2learning.eu\/it\/#\/schema\/logo\/image\/\"},\"sameAs\":[\"https:\/\/www.facebook.com\/circleerasmus\",\"https:\/\/www.youtube.com\/@circle9319\",\"https:\/\/www.tiktok.com\/@circle2learning\"]}]}<\/script>\n<!-- \/ Yoast SEO plugin. -->","yoast_head_json":{"title":"Transport Resource Pack 2 - Circle2","robots":{"index":"index","follow":"follow","max-snippet":"max-snippet:-1","max-image-preview":"max-image-preview:large","max-video-preview":"max-video-preview:-1"},"canonical":"https:\/\/circle2learning.eu\/it\/transport-resource-pack-2\/","og_locale":"it_IT","og_type":"article","og_title":"Transport Resource Pack 2 - Circle2","og_description":"Strumento per la trasformazione digitale Scoprite come le aziende digital ready utilizzano la tecnologia digitale per migliorare le operazioni logistiche, movimentare le merci in modo efficiente e ridurre gli sprechi e le emissioni di carbonio.Scegliere un veicolo elettrico Uno strumento basato su Excel per esplorare la comprensione dei vantaggi dei veicoli elettrici nella riduzione delle [&hellip;]","og_url":"https:\/\/circle2learning.eu\/it\/transport-resource-pack-2\/","og_site_name":"Circle2","article_publisher":"https:\/\/www.facebook.com\/circleerasmus","article_modified_time":"2025-01-03T18:30:35+00:00","twitter_card":"summary_large_image","twitter_misc":{"Tempo di lettura stimato":"4 minuti"},"schema":{"@context":"https:\/\/schema.org","@graph":[{"@type":"WebPage","@id":"https:\/\/circle2learning.eu\/it\/transport-resource-pack-2\/","url":"https:\/\/circle2learning.eu\/it\/transport-resource-pack-2\/","name":"Transport Resource Pack 2 - Circle2","isPartOf":{"@id":"https:\/\/circle2learning.eu\/it\/#website"},"datePublished":"2023-07-04T10:27:39+00:00","dateModified":"2025-01-03T18:30:35+00:00","breadcrumb":{"@id":"https:\/\/circle2learning.eu\/it\/transport-resource-pack-2\/#breadcrumb"},"inLanguage":"it-IT","potentialAction":[{"@type":"ReadAction","target":["https:\/\/circle2learning.eu\/it\/transport-resource-pack-2\/"]}]},{"@type":"BreadcrumbList","@id":"https:\/\/circle2learning.eu\/it\/transport-resource-pack-2\/#breadcrumb","itemListElement":[{"@type":"ListItem","position":1,"name":"Home","item":"https:\/\/circle2learning.eu\/it\/"},{"@type":"ListItem","position":2,"name":"Transport Resource Pack 2"}]},{"@type":"WebSite","@id":"https:\/\/circle2learning.eu\/it\/#website","url":"https:\/\/circle2learning.eu\/it\/","name":"Circle2","description":"Educating VETs on Circular Economy","publisher":{"@id":"https:\/\/circle2learning.eu\/it\/#organization"},"potentialAction":[{"@type":"SearchAction","target":{"@type":"EntryPoint","urlTemplate":"https:\/\/circle2learning.eu\/it\/?s={search_term_string}"},"query-input":{"@type":"PropertyValueSpecification","valueRequired":true,"valueName":"search_term_string"}}],"inLanguage":"it-IT"},{"@type":"Organization","@id":"https:\/\/circle2learning.eu\/it\/#organization","name":"Circle2","url":"https:\/\/circle2learning.eu\/it\/","logo":{"@type":"ImageObject","inLanguage":"it-IT","@id":"https:\/\/circle2learning.eu\/it\/#\/schema\/logo\/image\/","url":"https:\/\/circle2learning.eu\/it\/wp-content\/uploads\/2024\/05\/cropped-Circle2_favicon.png","contentUrl":"https:\/\/circle2learning.eu\/it\/wp-content\/uploads\/2024\/05\/cropped-Circle2_favicon.png","width":512,"height":512,"caption":"Circle2"},"image":{"@id":"https:\/\/circle2learning.eu\/it\/#\/schema\/logo\/image\/"},"sameAs":["https:\/\/www.facebook.com\/circleerasmus","https:\/\/www.youtube.com\/@circle9319","https:\/\/www.tiktok.com\/@circle2learning"]}]}},"_links":{"self":[{"href":"https:\/\/circle2learning.eu\/it\/wp-json\/wp\/v2\/pages\/587","targetHints":{"allow":["GET"]}}],"collection":[{"href":"https:\/\/circle2learning.eu\/it\/wp-json\/wp\/v2\/pages"}],"about":[{"href":"https:\/\/circle2learning.eu\/it\/wp-json\/wp\/v2\/types\/page"}],"author":[{"embeddable":true,"href":"https:\/\/circle2learning.eu\/it\/wp-json\/wp\/v2\/users\/2"}],"replies":[{"embeddable":true,"href":"https:\/\/circle2learning.eu\/it\/wp-json\/wp\/v2\/comments?post=587"}],"version-history":[{"count":13,"href":"https:\/\/circle2learning.eu\/it\/wp-json\/wp\/v2\/pages\/587\/revisions"}],"predecessor-version":[{"id":1978,"href":"https:\/\/circle2learning.eu\/it\/wp-json\/wp\/v2\/pages\/587\/revisions\/1978"}],"wp:attachment":[{"href":"https:\/\/circle2learning.eu\/it\/wp-json\/wp\/v2\/media?parent=587"}],"curies":[{"name":"wp","href":"https:\/\/api.w.org\/{rel}","templated":true}]}}