{"id":590,"date":"2023-07-04T10:28:28","date_gmt":"2023-07-04T10:28:28","guid":{"rendered":"https:\/\/circle2learning.eu\/it\/?page_id=590"},"modified":"2025-01-26T16:25:28","modified_gmt":"2025-01-26T16:25:28","slug":"agriculture-resource-pack-1","status":"publish","type":"page","link":"https:\/\/circle2learning.eu\/it\/agriculture-resource-pack-1\/","title":{"rendered":"Agriculture Resource Pack 1"},"content":{"rendered":"<p>[et_pb_section fb_built=&#8221;1&#8243; _builder_version=&#8221;4.27.4&#8243; _module_preset=&#8221;default&#8221; custom_padding=&#8221;||0px||false|false&#8221; global_colors_info=&#8221;{}&#8221;][et_pb_row _builder_version=&#8221;4.27.4&#8243; _module_preset=&#8221;default&#8221; custom_padding=&#8221;||0px||false|false&#8221; global_colors_info=&#8221;{}&#8221;][et_pb_column type=&#8221;4_4&#8243; _builder_version=&#8221;4.27.4&#8243; _module_preset=&#8221;default&#8221; global_colors_info=&#8221;{}&#8221;][et_pb_heading title=&#8221;Materiali per la formazione &#8211; 1&#8243; _builder_version=&#8221;4.27.4&#8243; _module_preset=&#8221;default&#8221; title_level=&#8221;h2&#8243; title_font=&#8221;&#8211;et_global_heading_font|700|||||||&#8221; global_colors_info=&#8221;{}&#8221;][\/et_pb_heading][\/et_pb_column][\/et_pb_row][\/et_pb_section][et_pb_section fb_built=&#8221;1&#8243; _builder_version=&#8221;4.21.0&#8243; _module_preset=&#8221;default&#8221; global_colors_info=&#8221;{}&#8221;][et_pb_row column_structure=&#8221;1_2,1_2&#8243; module_class=&#8221;freightcalculator&#8221; _builder_version=&#8221;4.27.4&#8243; _module_preset=&#8221;default&#8221; custom_css_free_form=&#8221;.freightcalculator {||  transition: all 0.3s ease-in-out;||}||||.freightcalculator:hover {||  transform: scale(1.02);||}&#8221; global_colors_info=&#8221;{}&#8221;][et_pb_column type=&#8221;1_2&#8243; _builder_version=&#8221;4.25.2&#8243; _module_preset=&#8221;default&#8221; global_colors_info=&#8221;{}&#8221;][et_pb_image src=&#8221;https:\/\/circle2learning.eu\/it\/wp-content\/uploads\/2025\/01\/Photo-by-Noah-Buscher-on-Unsplash.jpg&#8221; alt=&#8221;Photo by Noah Buscher on Unsplash&#8221; title_text=&#8221;Photo by Noah Buscher on Unsplash&#8221; url_new_window=&#8221;on&#8221; align=&#8221;center&#8221; _builder_version=&#8221;4.27.4&#8243; _module_preset=&#8221;default&#8221; width=&#8221;60%&#8221; global_colors_info=&#8221;{}&#8221;][\/et_pb_image][\/et_pb_column][et_pb_column type=&#8221;1_2&#8243; _builder_version=&#8221;4.25.2&#8243; _module_preset=&#8221;default&#8221; global_colors_info=&#8221;{}&#8221;][et_pb_text _builder_version=&#8221;4.27.4&#8243; _module_preset=&#8221;default&#8221; global_colors_info=&#8221;{}&#8221;]<\/p>\n<h4><strong>Emissioni delle attivit\u00e0 agricole<\/strong><\/h4>\n<p>Da una selezione delle attivit\u00e0 agricole pi\u00f9 comuni, lo strumento evidenzia le emissioni di gas serra pi\u00f9 comuni, il loro impatto e suggerisce soluzioni circolari per ridurre al minimo il loro impatto.<\/p>\n<p>[\/et_pb_text][et_pb_button button_url=&#8221;https:\/\/circle2learning.eu\/it\/wp-content\/uploads\/2025\/01\/Emissioni-delle-attivita-agricole-e-soluzioni.xlsx&#8221; url_new_window=&#8221;on&#8221; button_text=&#8221;Scarica&#8221; button_alignment=&#8221;right&#8221; _builder_version=&#8221;4.27.4&#8243; _module_preset=&#8221;default&#8221; animation_style=&#8221;fade&#8221; global_colors_info=&#8221;{}&#8221;][\/et_pb_button][\/et_pb_column][\/et_pb_row][et_pb_row column_structure=&#8221;1_2,1_2&#8243; module_class=&#8221;freightcalculator&#8221; _builder_version=&#8221;4.27.4&#8243; _module_preset=&#8221;default&#8221; global_colors_info=&#8221;{}&#8221;][et_pb_column type=&#8221;1_2&#8243; _builder_version=&#8221;4.25.2&#8243; _module_preset=&#8221;default&#8221; global_colors_info=&#8221;{}&#8221;][et_pb_image src=&#8221;https:\/\/circle2learning.eu\/it\/wp-content\/uploads\/2025\/01\/Photo-by-Jeremy-Bishop-on-Unsplash.jpg&#8221; alt=&#8221;Photo by Jeremy Bishop on Unsplash&#8221; title_text=&#8221;Photo by Jeremy Bishop on Unsplash&#8221; url_new_window=&#8221;on&#8221; align=&#8221;center&#8221; _builder_version=&#8221;4.27.4&#8243; _module_preset=&#8221;default&#8221; width=&#8221;60%&#8221; global_colors_info=&#8221;{}&#8221;][\/et_pb_image][\/et_pb_column][et_pb_column type=&#8221;1_2&#8243; _builder_version=&#8221;4.25.2&#8243; _module_preset=&#8221;default&#8221; global_colors_info=&#8221;{}&#8221;][et_pb_text _builder_version=&#8221;4.27.4&#8243; _module_preset=&#8221;default&#8221; global_colors_info=&#8221;{}&#8221;]<\/p>\n<h4><strong>Piccoli passi per un&#8217;agricoltura sostenibile<\/strong><\/h4>\n<p>Anche piccoli passi mirati possono fare la differenza per migliorare l&#8217;impatto ambientale delle pratiche agricole. Prendendo in considerazione le piante comunemente coltivate, l&#8217;esercizio incoraggia l&#8217;utente a considerare l&#8217;uso dell&#8217;acqua, della pacciamatura e a optare per il compostaggio degli scarti o delle piante rimaste.<\/p>\n<p>[\/et_pb_text][et_pb_button button_url=&#8221;https:\/\/circle2learning.eu\/it\/wp-content\/uploads\/2025\/01\/Piccoli-passi-in-agricoltura.xlsx&#8221; url_new_window=&#8221;on&#8221; button_text=&#8221;Scarica&#8221; button_alignment=&#8221;right&#8221; _builder_version=&#8221;4.27.4&#8243; _module_preset=&#8221;default&#8221; animation_style=&#8221;fade&#8221; global_colors_info=&#8221;{}&#8221;][\/et_pb_button][\/et_pb_column][\/et_pb_row][et_pb_row column_structure=&#8221;1_2,1_2&#8243; module_class=&#8221;freightcalculator&#8221; _builder_version=&#8221;4.27.4&#8243; _module_preset=&#8221;default&#8221; global_colors_info=&#8221;{}&#8221;][et_pb_column type=&#8221;1_2&#8243; _builder_version=&#8221;4.25.2&#8243; _module_preset=&#8221;default&#8221; global_colors_info=&#8221;{}&#8221;][et_pb_image src=&#8221;https:\/\/circle2learning.eu\/it\/wp-content\/uploads\/2025\/01\/Photo-by-Paulina-Bargielska-on-Unsplash.jpg&#8221; alt=&#8221;Photo by Paulina Bargielska on Unsplash&#8221; title_text=&#8221;Photo by Paulina Bargielska on Unsplash&#8221; url_new_window=&#8221;on&#8221; align=&#8221;center&#8221; _builder_version=&#8221;4.27.4&#8243; _module_preset=&#8221;default&#8221; width=&#8221;60%&#8221; global_colors_info=&#8221;{}&#8221;][\/et_pb_image][\/et_pb_column][et_pb_column type=&#8221;1_2&#8243; _builder_version=&#8221;4.25.2&#8243; _module_preset=&#8221;default&#8221; global_colors_info=&#8221;{}&#8221;][et_pb_text _builder_version=&#8221;4.27.4&#8243; _module_preset=&#8221;default&#8221; global_colors_info=&#8221;{}&#8221;]<\/p>\n<h4><strong>Calcolatore delle emissioni agricole<\/strong><\/h4>\n<p>L&#8217;allevamento e la gestione forestale sono due attivit\u00e0 agricole che possono avere impatti diversi sul cambiamento climatico. Questo calcolatore di emissioni agricole si concentra su queste due attivit\u00e0 agricole e fornisce una stima approssimativa. Pur riconoscendo che si tratta di un approccio semplificato, lo strumento consente di scegliere il tipo e la dimensione del bestiame e di stimare le emissioni associate. Inoltre, la scelta della disponibilit\u00e0 del terreno e dei cambiamenti nelle attivit\u00e0 agricole pu\u00f2 determinare la misura in cui avviene la cattura del carbonio.<\/p>\n<p>[\/et_pb_text][et_pb_button button_url=&#8221;https:\/\/circle2learning.eu\/it\/wp-content\/uploads\/2025\/01\/Calcolarore-delle-emissioni-agricole_.xlsx&#8221; url_new_window=&#8221;on&#8221; button_text=&#8221;Scarica&#8221; button_alignment=&#8221;right&#8221; _builder_version=&#8221;4.27.4&#8243; _module_preset=&#8221;default&#8221; animation_style=&#8221;fade&#8221; hover_enabled=&#8221;0&#8243; global_colors_info=&#8221;{}&#8221; sticky_enabled=&#8221;0&#8243;][\/et_pb_button][\/et_pb_column][\/et_pb_row][\/et_pb_section][et_pb_section fb_built=&#8221;1&#8243; _builder_version=&#8221;4.25.2&#8243; _module_preset=&#8221;default&#8221; background_color=&#8221;#ededed&#8221; module_alignment=&#8221;center&#8221; locked=&#8221;off&#8221; global_colors_info=&#8221;{}&#8221;][et_pb_row _builder_version=&#8221;4.25.2&#8243; _module_preset=&#8221;default&#8221; custom_margin=&#8221;||25px||false|false&#8221; custom_padding=&#8221;12px|12px|12px|12px|false|false&#8221; global_colors_info=&#8221;{}&#8221;][et_pb_column type=&#8221;4_4&#8243; _builder_version=&#8221;4.25.2&#8243; _module_preset=&#8221;default&#8221; global_colors_info=&#8221;{}&#8221;][et_pb_image src=&#8221;https:\/\/circle2learning.eu\/it\/wp-content\/uploads\/2024\/07\/Circle-2-and-EU-trasparente.png&#8221; title_text=&#8221;Circle-2-and-EU-trasparente&#8221; _builder_version=&#8221;4.25.2&#8243; _module_preset=&#8221;default&#8221; width=&#8221;40%&#8221; width_tablet=&#8221;60%&#8221; width_phone=&#8221;80%&#8221; width_last_edited=&#8221;on|phone&#8221; module_alignment=&#8221;center&#8221; border_radii=&#8221;on|1px|1px|1px|1px&#8221; border_width_all=&#8221;2px&#8221; border_color_all=&#8221;#FFFFFF&#8221; global_colors_info=&#8221;{}&#8221;][\/et_pb_image][\/et_pb_column][\/et_pb_row][et_pb_row _builder_version=&#8221;4.25.2&#8243; _module_preset=&#8221;default&#8221; custom_margin=&#8221;||||false|false&#8221; custom_padding=&#8221;0px|0px|0px|0px|false|false&#8221; global_colors_info=&#8221;{}&#8221;][et_pb_column type=&#8221;4_4&#8243; _builder_version=&#8221;4.25.2&#8243; _module_preset=&#8221;default&#8221; global_colors_info=&#8221;{}&#8221;][et_pb_text _builder_version=&#8221;4.25.2&#8243; _module_preset=&#8221;default&#8221; text_font_size=&#8221;11px&#8221; text_line_height=&#8221;1.2em&#8221; custom_margin=&#8221;0px|0px|0px|0px|false|false&#8221; custom_padding=&#8221;0px|0px|0px|0px|false|false&#8221; global_colors_info=&#8221;{}&#8221;]<\/p>\n<p style=\"text-align: center;\"><strong>Numero progetto: 2022-1-LT01-KA220-VET-000085809<\/strong><\/p>\n<p style=\"text-align: center;\">Finanziato dall&#8217;Unione europea. Le opinioni espresse appartengono, tuttavia, al solo o ai soli autori e non riflettono necessariamente le opinioni dell&#8217;Unione europea o dell\u2019Agenzia esecutiva europea per l\u2019istruzione e la cultura (EACEA). N\u00e9 l&#8217;Unione europea n\u00e9 l&#8217;EACEA possono esserne ritenute responsabili.<\/p>\n<p>[\/et_pb_text][et_pb_text _builder_version=&#8221;4.25.2&#8243; _module_preset=&#8221;default&#8221; text_font=&#8221;||||||||&#8221; text_font_size=&#8221;11px&#8221; text_orientation=&#8221;center&#8221; custom_padding=&#8221;10px||||false|false&#8221; global_colors_info=&#8221;{}&#8221;]<\/p>\n<p style=\"text-align: center;\"><a href=\"https:\/\/circle2learning.eu\/it\/privacy-policy\/\" target=\"_blank\" rel=\"noopener\" title=\"Privacy Policy\">Privacy Policy<\/a><\/p>\n<p>[\/et_pb_text][\/et_pb_column][\/et_pb_row][\/et_pb_section]<\/p>\n","protected":false},"excerpt":{"rendered":"<p>Emissioni delle attivit\u00e0 agricole Da una selezione delle attivit\u00e0 agricole pi\u00f9 comuni, lo strumento evidenzia le emissioni di gas serra pi\u00f9 comuni, il loro impatto e suggerisce soluzioni circolari per ridurre al minimo il loro impatto.Piccoli passi per un&#8217;agricoltura sostenibile Anche piccoli passi mirati possono fare la differenza per migliorare l&#8217;impatto ambientale delle pratiche agricole. [&hellip;]<\/p>\n","protected":false},"author":2,"featured_media":0,"parent":0,"menu_order":0,"comment_status":"closed","ping_status":"closed","template":"","meta":{"_et_pb_use_builder":"on","_et_pb_old_content":"","_et_gb_content_width":"","footnotes":""},"class_list":["post-590","page","type-page","status-publish","hentry"],"yoast_head":"<!-- This site is optimized with the Yoast SEO plugin v24.3 - https:\/\/yoast.com\/wordpress\/plugins\/seo\/ -->\n<title>Agriculture Resource Pack 1 - Circle2<\/title>\n<meta name=\"robots\" content=\"index, follow, max-snippet:-1, max-image-preview:large, max-video-preview:-1\" \/>\n<link rel=\"canonical\" href=\"https:\/\/circle2learning.eu\/it\/agriculture-resource-pack-1\/\" \/>\n<meta property=\"og:locale\" content=\"it_IT\" \/>\n<meta property=\"og:type\" content=\"article\" \/>\n<meta property=\"og:title\" content=\"Agriculture Resource Pack 1 - Circle2\" \/>\n<meta property=\"og:description\" content=\"Emissioni delle attivit\u00e0 agricole Da una selezione delle attivit\u00e0 agricole pi\u00f9 comuni, lo strumento evidenzia le emissioni di gas serra pi\u00f9 comuni, il loro impatto e suggerisce soluzioni circolari per ridurre al minimo il loro impatto.Piccoli passi per un&#039;agricoltura sostenibile Anche piccoli passi mirati possono fare la differenza per migliorare l&#039;impatto ambientale delle pratiche agricole. [&hellip;]\" \/>\n<meta property=\"og:url\" content=\"https:\/\/circle2learning.eu\/it\/agriculture-resource-pack-1\/\" \/>\n<meta property=\"og:site_name\" content=\"Circle2\" \/>\n<meta property=\"article:publisher\" content=\"https:\/\/www.facebook.com\/circleerasmus\" \/>\n<meta property=\"article:modified_time\" content=\"2025-01-26T16:25:28+00:00\" \/>\n<meta name=\"twitter:card\" content=\"summary_large_image\" \/>\n<meta name=\"twitter:label1\" content=\"Tempo di lettura stimato\" \/>\n\t<meta name=\"twitter:data1\" content=\"5 minuti\" \/>\n<script type=\"application\/ld+json\" class=\"yoast-schema-graph\">{\"@context\":\"https:\/\/schema.org\",\"@graph\":[{\"@type\":\"WebPage\",\"@id\":\"https:\/\/circle2learning.eu\/it\/agriculture-resource-pack-1\/\",\"url\":\"https:\/\/circle2learning.eu\/it\/agriculture-resource-pack-1\/\",\"name\":\"Agriculture Resource Pack 1 - Circle2\",\"isPartOf\":{\"@id\":\"https:\/\/circle2learning.eu\/it\/#website\"},\"datePublished\":\"2023-07-04T10:28:28+00:00\",\"dateModified\":\"2025-01-26T16:25:28+00:00\",\"breadcrumb\":{\"@id\":\"https:\/\/circle2learning.eu\/it\/agriculture-resource-pack-1\/#breadcrumb\"},\"inLanguage\":\"it-IT\",\"potentialAction\":[{\"@type\":\"ReadAction\",\"target\":[\"https:\/\/circle2learning.eu\/it\/agriculture-resource-pack-1\/\"]}]},{\"@type\":\"BreadcrumbList\",\"@id\":\"https:\/\/circle2learning.eu\/it\/agriculture-resource-pack-1\/#breadcrumb\",\"itemListElement\":[{\"@type\":\"ListItem\",\"position\":1,\"name\":\"Home\",\"item\":\"https:\/\/circle2learning.eu\/it\/\"},{\"@type\":\"ListItem\",\"position\":2,\"name\":\"Agriculture Resource Pack 1\"}]},{\"@type\":\"WebSite\",\"@id\":\"https:\/\/circle2learning.eu\/it\/#website\",\"url\":\"https:\/\/circle2learning.eu\/it\/\",\"name\":\"Circle2\",\"description\":\"Educating VETs on Circular Economy\",\"publisher\":{\"@id\":\"https:\/\/circle2learning.eu\/it\/#organization\"},\"potentialAction\":[{\"@type\":\"SearchAction\",\"target\":{\"@type\":\"EntryPoint\",\"urlTemplate\":\"https:\/\/circle2learning.eu\/it\/?s={search_term_string}\"},\"query-input\":{\"@type\":\"PropertyValueSpecification\",\"valueRequired\":true,\"valueName\":\"search_term_string\"}}],\"inLanguage\":\"it-IT\"},{\"@type\":\"Organization\",\"@id\":\"https:\/\/circle2learning.eu\/it\/#organization\",\"name\":\"Circle2\",\"url\":\"https:\/\/circle2learning.eu\/it\/\",\"logo\":{\"@type\":\"ImageObject\",\"inLanguage\":\"it-IT\",\"@id\":\"https:\/\/circle2learning.eu\/it\/#\/schema\/logo\/image\/\",\"url\":\"https:\/\/circle2learning.eu\/it\/wp-content\/uploads\/2024\/05\/cropped-Circle2_favicon.png\",\"contentUrl\":\"https:\/\/circle2learning.eu\/it\/wp-content\/uploads\/2024\/05\/cropped-Circle2_favicon.png\",\"width\":512,\"height\":512,\"caption\":\"Circle2\"},\"image\":{\"@id\":\"https:\/\/circle2learning.eu\/it\/#\/schema\/logo\/image\/\"},\"sameAs\":[\"https:\/\/www.facebook.com\/circleerasmus\",\"https:\/\/www.youtube.com\/@circle9319\",\"https:\/\/www.tiktok.com\/@circle2learning\"]}]}<\/script>\n<!-- \/ Yoast SEO plugin. -->","yoast_head_json":{"title":"Agriculture Resource Pack 1 - Circle2","robots":{"index":"index","follow":"follow","max-snippet":"max-snippet:-1","max-image-preview":"max-image-preview:large","max-video-preview":"max-video-preview:-1"},"canonical":"https:\/\/circle2learning.eu\/it\/agriculture-resource-pack-1\/","og_locale":"it_IT","og_type":"article","og_title":"Agriculture Resource Pack 1 - Circle2","og_description":"Emissioni delle attivit\u00e0 agricole Da una selezione delle attivit\u00e0 agricole pi\u00f9 comuni, lo strumento evidenzia le emissioni di gas serra pi\u00f9 comuni, il loro impatto e suggerisce soluzioni circolari per ridurre al minimo il loro impatto.Piccoli passi per un'agricoltura sostenibile Anche piccoli passi mirati possono fare la differenza per migliorare l'impatto ambientale delle pratiche agricole. [&hellip;]","og_url":"https:\/\/circle2learning.eu\/it\/agriculture-resource-pack-1\/","og_site_name":"Circle2","article_publisher":"https:\/\/www.facebook.com\/circleerasmus","article_modified_time":"2025-01-26T16:25:28+00:00","twitter_card":"summary_large_image","twitter_misc":{"Tempo di lettura stimato":"5 minuti"},"schema":{"@context":"https:\/\/schema.org","@graph":[{"@type":"WebPage","@id":"https:\/\/circle2learning.eu\/it\/agriculture-resource-pack-1\/","url":"https:\/\/circle2learning.eu\/it\/agriculture-resource-pack-1\/","name":"Agriculture Resource Pack 1 - Circle2","isPartOf":{"@id":"https:\/\/circle2learning.eu\/it\/#website"},"datePublished":"2023-07-04T10:28:28+00:00","dateModified":"2025-01-26T16:25:28+00:00","breadcrumb":{"@id":"https:\/\/circle2learning.eu\/it\/agriculture-resource-pack-1\/#breadcrumb"},"inLanguage":"it-IT","potentialAction":[{"@type":"ReadAction","target":["https:\/\/circle2learning.eu\/it\/agriculture-resource-pack-1\/"]}]},{"@type":"BreadcrumbList","@id":"https:\/\/circle2learning.eu\/it\/agriculture-resource-pack-1\/#breadcrumb","itemListElement":[{"@type":"ListItem","position":1,"name":"Home","item":"https:\/\/circle2learning.eu\/it\/"},{"@type":"ListItem","position":2,"name":"Agriculture Resource Pack 1"}]},{"@type":"WebSite","@id":"https:\/\/circle2learning.eu\/it\/#website","url":"https:\/\/circle2learning.eu\/it\/","name":"Circle2","description":"Educating VETs on Circular Economy","publisher":{"@id":"https:\/\/circle2learning.eu\/it\/#organization"},"potentialAction":[{"@type":"SearchAction","target":{"@type":"EntryPoint","urlTemplate":"https:\/\/circle2learning.eu\/it\/?s={search_term_string}"},"query-input":{"@type":"PropertyValueSpecification","valueRequired":true,"valueName":"search_term_string"}}],"inLanguage":"it-IT"},{"@type":"Organization","@id":"https:\/\/circle2learning.eu\/it\/#organization","name":"Circle2","url":"https:\/\/circle2learning.eu\/it\/","logo":{"@type":"ImageObject","inLanguage":"it-IT","@id":"https:\/\/circle2learning.eu\/it\/#\/schema\/logo\/image\/","url":"https:\/\/circle2learning.eu\/it\/wp-content\/uploads\/2024\/05\/cropped-Circle2_favicon.png","contentUrl":"https:\/\/circle2learning.eu\/it\/wp-content\/uploads\/2024\/05\/cropped-Circle2_favicon.png","width":512,"height":512,"caption":"Circle2"},"image":{"@id":"https:\/\/circle2learning.eu\/it\/#\/schema\/logo\/image\/"},"sameAs":["https:\/\/www.facebook.com\/circleerasmus","https:\/\/www.youtube.com\/@circle9319","https:\/\/www.tiktok.com\/@circle2learning"]}]}},"_links":{"self":[{"href":"https:\/\/circle2learning.eu\/it\/wp-json\/wp\/v2\/pages\/590","targetHints":{"allow":["GET"]}}],"collection":[{"href":"https:\/\/circle2learning.eu\/it\/wp-json\/wp\/v2\/pages"}],"about":[{"href":"https:\/\/circle2learning.eu\/it\/wp-json\/wp\/v2\/types\/page"}],"author":[{"embeddable":true,"href":"https:\/\/circle2learning.eu\/it\/wp-json\/wp\/v2\/users\/2"}],"replies":[{"embeddable":true,"href":"https:\/\/circle2learning.eu\/it\/wp-json\/wp\/v2\/comments?post=590"}],"version-history":[{"count":14,"href":"https:\/\/circle2learning.eu\/it\/wp-json\/wp\/v2\/pages\/590\/revisions"}],"predecessor-version":[{"id":2056,"href":"https:\/\/circle2learning.eu\/it\/wp-json\/wp\/v2\/pages\/590\/revisions\/2056"}],"wp:attachment":[{"href":"https:\/\/circle2learning.eu\/it\/wp-json\/wp\/v2\/media?parent=590"}],"curies":[{"name":"wp","href":"https:\/\/api.w.org\/{rel}","templated":true}]}}