{"id":1171,"date":"2024-11-09T17:29:19","date_gmt":"2024-11-09T17:29:19","guid":{"rendered":"https:\/\/circle2learning.eu\/lt\/?page_id=1171"},"modified":"2025-01-21T18:25:45","modified_gmt":"2025-01-21T18:25:45","slug":"agriculture-and-farm-inputs","status":"publish","type":"page","link":"https:\/\/circle2learning.eu\/lt\/agriculture-and-farm-inputs\/","title":{"rendered":"Agriculture and Farm Inputs"},"content":{"rendered":"<p>[et_pb_section fb_built=&#8221;1&#8243; _builder_version=&#8221;4.27.0&#8243; _module_preset=&#8221;default&#8221; global_colors_info=&#8221;{}&#8221;][et_pb_row _builder_version=&#8221;4.27.0&#8243; _module_preset=&#8221;default&#8221; global_colors_info=&#8221;{}&#8221;][et_pb_column type=&#8221;4_4&#8243; _builder_version=&#8221;4.27.0&#8243; _module_preset=&#8221;default&#8221; global_colors_info=&#8221;{}&#8221;][et_pb_text _builder_version=&#8221;4.27.0&#8243; _module_preset=&#8221;default&#8221; global_colors_info=&#8221;{}&#8221;]<\/p>\n<h2><strong>\u017dem\u0117s \u016bkis ir \u016bkininkavimo priemon\u0117s<\/strong><\/h2>\n<p>Vaizdo \u012fra\u0161as angl\u0173 kalba, galima \u012fjungti lietuvi\u0161kus subtitrus.<\/p>\n<p>[\/et_pb_text][et_pb_video src=&#8221;https:\/\/www.youtube.com\/watch?v=yrQ-SmXgy8M&#038;t=1s&#8221; _builder_version=&#8221;4.27.3&#8243; _module_preset=&#8221;default&#8221; global_colors_info=&#8221;{}&#8221;][\/et_pb_video][et_pb_button button_text=&#8221;Atsisi\u0173skite video med\u017eiagos tekst\u0105 \u010dia&#8221; button_alignment=&#8221;center&#8221; _builder_version=&#8221;4.27.4&#8243; _module_preset=&#8221;default&#8221; hover_enabled=&#8221;0&#8243; global_colors_info=&#8221;{}&#8221; button_url=&#8221;https:\/\/circle2learning.eu\/lt\/wp-content\/uploads\/2025\/01\/Spain_CIRCLE2_Interview_LT.Agri_.pdf&#8221; url_new_window=&#8221;on&#8221; sticky_enabled=&#8221;0&#8243;][\/et_pb_button][\/et_pb_column][\/et_pb_row][et_pb_row _builder_version=&#8221;4.27.0&#8243; _module_preset=&#8221;default&#8221; global_colors_info=&#8221;{}&#8221;][et_pb_column type=&#8221;4_4&#8243; _builder_version=&#8221;4.27.0&#8243; _module_preset=&#8221;default&#8221; global_colors_info=&#8221;{}&#8221;][et_pb_text _builder_version=&#8221;4.27.4&#8243; _module_preset=&#8221;default&#8221; global_colors_info=&#8221;{}&#8221;]<\/p>\n<div class=\"h5p-iframe-wrapper\"><iframe id=\"h5p-iframe-25\" class=\"h5p-iframe\" data-content-id=\"25\" style=\"height:1px\" src=\"about:blank\" frameBorder=\"0\" scrolling=\"no\" title=\"\u017dem\u0117s \u016bkis ir \u016bkininkavimo priemon\u0117s\"><\/iframe><\/div>\n<p>[\/et_pb_text][\/et_pb_column][\/et_pb_row][\/et_pb_section]<\/p>\n","protected":false},"excerpt":{"rendered":"<p>\u017dem\u0117s \u016bkis ir \u016bkininkavimo priemon\u0117s Vaizdo \u012fra\u0161as angl\u0173 kalba, galima \u012fjungti lietuvi\u0161kus subtitrus.<div class=\"h5p-iframe-wrapper\"><iframe id=\"h5p-iframe-25\" class=\"h5p-iframe\" data-content-id=\"25\" style=\"height:1px\" src=\"about:blank\" frameBorder=\"0\" scrolling=\"no\" title=\"\u017dem\u0117s \u016bkis ir \u016bkininkavimo priemon\u0117s\"><\/iframe><\/div><\/p>\n","protected":false},"author":3,"featured_media":0,"parent":0,"menu_order":0,"comment_status":"closed","ping_status":"closed","template":"","meta":{"_et_pb_use_builder":"on","_et_pb_old_content":"","_et_gb_content_width":"","footnotes":""},"class_list":["post-1171","page","type-page","status-publish","hentry"],"_links":{"self":[{"href":"https:\/\/circle2learning.eu\/lt\/wp-json\/wp\/v2\/pages\/1171","targetHints":{"allow":["GET"]}}],"collection":[{"href":"https:\/\/circle2learning.eu\/lt\/wp-json\/wp\/v2\/pages"}],"about":[{"href":"https:\/\/circle2learning.eu\/lt\/wp-json\/wp\/v2\/types\/page"}],"author":[{"embeddable":true,"href":"https:\/\/circle2learning.eu\/lt\/wp-json\/wp\/v2\/users\/3"}],"replies":[{"embeddable":true,"href":"https:\/\/circle2learning.eu\/lt\/wp-json\/wp\/v2\/comments?post=1171"}],"version-history":[{"count":7,"href":"https:\/\/circle2learning.eu\/lt\/wp-json\/wp\/v2\/pages\/1171\/revisions"}],"predecessor-version":[{"id":1430,"href":"https:\/\/circle2learning.eu\/lt\/wp-json\/wp\/v2\/pages\/1171\/revisions\/1430"}],"wp:attachment":[{"href":"https:\/\/circle2learning.eu\/lt\/wp-json\/wp\/v2\/media?parent=1171"}],"curies":[{"name":"wp","href":"https:\/\/api.w.org\/{rel}","templated":true}]}}