{"id":1440,"date":"2025-01-27T10:49:31","date_gmt":"2025-01-27T10:49:31","guid":{"rendered":"https:\/\/circle2learning.eu\/lt\/?page_id=1440"},"modified":"2025-03-10T10:39:51","modified_gmt":"2025-03-10T10:39:51","slug":"network","status":"publish","type":"page","link":"https:\/\/circle2learning.eu\/lt\/network\/","title":{"rendered":"Network"},"content":{"rendered":"<p>[et_pb_section fb_built=&#8221;1&#8243; _builder_version=&#8221;4.19.5&#8243; _module_preset=&#8221;default&#8221; locked=&#8221;off&#8221; global_colors_info=&#8221;{}&#8221;][et_pb_row admin_label=&#8221;title&#8221; _builder_version=&#8221;4.27.2&#8243; _module_preset=&#8221;default&#8221; global_colors_info=&#8221;{}&#8221;][et_pb_column type=&#8221;4_4&#8243; _builder_version=&#8221;4.27.2&#8243; _module_preset=&#8221;default&#8221; global_colors_info=&#8221;{}&#8221;][et_pb_heading title=&#8221;CIRCLE2 BENDRADARBIAVIMO TINKLAS&#8221; _builder_version=&#8221;4.27.4&#8243; _module_preset=&#8221;default&#8221; title_font=&#8221;|700|||||||&#8221; title_font_size=&#8221;3em&#8221; background_color=&#8221;#f4ede5&#8243; custom_margin=&#8221;||||false|false&#8221; custom_padding=&#8221;4em||2em|1em|false|false&#8221; title_font_size_tablet=&#8221;3em&#8221; title_font_size_phone=&#8221;3em&#8221; title_font_size_last_edited=&#8221;on|desktop&#8221; box_shadow_style=&#8221;preset4&#8243; box_shadow_horizontal=&#8221;21em&#8221; box_shadow_vertical=&#8221;0px&#8221; box_shadow_color=&#8221;#f4ede5&#8243; global_colors_info=&#8221;{}&#8221;][\/et_pb_heading][\/et_pb_column][\/et_pb_row][et_pb_row _builder_version=&#8221;4.27.2&#8243; _module_preset=&#8221;default&#8221; animation_style=&#8221;fade&#8221; global_colors_info=&#8221;{}&#8221;][et_pb_column type=&#8221;4_4&#8243; _builder_version=&#8221;4.27.0&#8243; _module_preset=&#8221;default&#8221; global_colors_info=&#8221;{}&#8221;][et_pb_text _builder_version=&#8221;4.27.4&#8243; _module_preset=&#8221;default&#8221; text_font=&#8221;||||||||&#8221; text_font_size=&#8221;1.5em&#8221; text_line_height=&#8221;1.6em&#8221; text_font_size_tablet=&#8221;1.3em&#8221; text_font_size_phone=&#8221;1.1em&#8221; text_font_size_last_edited=&#8221;on|desktop&#8221; global_colors_info=&#8221;{}&#8221;]<\/p>\n<p>CIRCLE2 skatina <strong>profesinio mokymo teik\u0117j\u0173<\/strong> ir <strong>ma\u017e\u0173j\u0173 bei vidutini\u0173 \u012fmoni\u0173<\/strong> (<strong>MV\u012e<\/strong>), kurios aktyviai \u012fgyvendina \u017eiedin\u0117s ekonomikos praktik\u0105 arba yra \u012fsipareigojusios siekti tvarumo, bendradarbiavim\u0105.<\/p>\n<p>Panagrin\u0117kite m\u016bs\u0173 tinkl\u0105 \u017eem\u0117lapyje.<\/p>\n<p>[\/et_pb_text][\/et_pb_column][\/et_pb_row][\/et_pb_section][et_pb_section fb_built=&#8221;1&#8243; _builder_version=&#8221;4.25.1&#8243; _module_preset=&#8221;default&#8221; custom_padding=&#8221;||100px||false|false&#8221; locked=&#8221;off&#8221; global_colors_info=&#8221;{}&#8221;][et_pb_row _builder_version=&#8221;4.25.1&#8243; _module_preset=&#8221;default&#8221; global_colors_info=&#8221;{}&#8221;][et_pb_column type=&#8221;4_4&#8243; _builder_version=&#8221;4.25.1&#8243; _module_preset=&#8221;default&#8221; global_colors_info=&#8221;{}&#8221;][et_pb_divider color=&#8221;#f4ede5&#8243; divider_weight=&#8221;20px&#8221; _builder_version=&#8221;4.27.4&#8243; _module_preset=&#8221;default&#8221; global_colors_info=&#8221;{}&#8221;][\/et_pb_divider][et_pb_text _builder_version=&#8221;4.27.4&#8243; _module_preset=&#8221;default&#8221; header_font=&#8221;|700|||||||&#8221; header_font_size=&#8221;3em&#8221; header_2_font=&#8221;|700|||||||&#8221; header_2_font_size=&#8221;3em&#8221; animation_style=&#8221;slide&#8221; animation_direction=&#8221;right&#8221; header_font_size_tablet=&#8221;3em&#8221; header_font_size_phone=&#8221;3em&#8221; header_font_size_last_edited=&#8221;on|phone&#8221; global_colors_info=&#8221;{}&#8221;]<\/p>\n<h1 style=\"text-align: center;\">PROFESIN\u0116S MOKYKLOS<\/h1>\n<p>[\/et_pb_text][et_pb_code _builder_version=&#8221;4.25.1&#8243; _module_preset=&#8221;default&#8221; text_orientation=&#8221;center&#8221; module_alignment=&#8221;center&#8221; custom_padding=&#8221;||0px|||&#8221; global_colors_info=&#8221;{}&#8221;]<\/p>\n<div style=\"height:480px; border:0px solid #eee; display:inline-block; overflow:hidden;\"><!-- [et_pb_line_break_holder] -->  <iframe style=\"position:relative; top:-65px; border:none;\"src=\"https:\/\/www.google.com\/maps\/d\/embed?mid=1BjlkMUMpUDNViUJB63tVYKz_MDzFCME&#038;ehbc=2E312F\" width=\"1080\" height=\"480\"><\/iframe><\/div>\n<p>[\/et_pb_code][et_pb_gallery gallery_ids=&#8221;1649,1487,1445,1486,1485,1484,1483,1482,1481,1480,1479,1478,1477,1476,1475,1474,1473,1472,1471,1470,1469,1468,1467,1466,1465,1464,1463,1462,1461,1460,1459,1458,1457,1456,1455,1454,1453,1452,1451,1450,1449,1448,1447,1446&#8243; posts_number=&#8221;8&#8243; orientation=&#8221;portrait&#8221; show_title_and_caption=&#8221;off&#8221; zoom_icon_color=&#8221;RGBA(255,255,255,0)&#8221; hover_overlay_color=&#8221;RGBA(255,255,255,0)&#8221; _builder_version=&#8221;4.27.4&#8243; _module_preset=&#8221;default&#8221; pagination_text_align=&#8221;center&#8221; width=&#8221;100%&#8221; max_width=&#8221;50%&#8221; module_alignment=&#8221;center&#8221; custom_margin=&#8221;||100px||false|false&#8221; animation_style=&#8221;fade&#8221; hover_enabled=&#8221;0&#8243; global_colors_info=&#8221;{}&#8221; sticky_enabled=&#8221;0&#8243;][\/et_pb_gallery][\/et_pb_column][\/et_pb_row][et_pb_row _builder_version=&#8221;4.25.1&#8243; _module_preset=&#8221;default&#8221; global_colors_info=&#8221;{}&#8221;][et_pb_column type=&#8221;4_4&#8243; _builder_version=&#8221;4.25.1&#8243; _module_preset=&#8221;default&#8221; global_colors_info=&#8221;{}&#8221;][et_pb_divider color=&#8221;#f4ede5&#8243; divider_weight=&#8221;20px&#8221; _builder_version=&#8221;4.27.4&#8243; _module_preset=&#8221;default&#8221; locked=&#8221;off&#8221; global_colors_info=&#8221;{}&#8221;][\/et_pb_divider][et_pb_text _builder_version=&#8221;4.27.4&#8243; _module_preset=&#8221;default&#8221; header_font=&#8221;|700|||||||&#8221; header_font_size=&#8221;3em&#8221; header_2_font=&#8221;|700|||||||&#8221; header_2_font_size=&#8221;3em&#8221; animation_style=&#8221;slide&#8221; animation_direction=&#8221;right&#8221; header_font_size_tablet=&#8221;3em&#8221; header_font_size_phone=&#8221;3em&#8221; header_font_size_last_edited=&#8221;on|phone&#8221; global_colors_info=&#8221;{}&#8221;]<\/p>\n<h1 style=\"text-align: center;\">MA\u017dOS IR VIDUTIN\u0116S \u012eMON\u0116S<\/h1>\n<p>[\/et_pb_text][et_pb_code _builder_version=&#8221;4.25.1&#8243; _module_preset=&#8221;default&#8221; global_colors_info=&#8221;{}&#8221;]<\/p>\n<div style=\"height:480px; border:0px solid #eee; display:inline-block; overflow:hidden;\"><!-- [et_pb_line_break_holder] -->  <iframe style=\"position:relative; top:-65px; border:none;\"src=\"https:\/\/www.google.com\/maps\/d\/embed?mid=1EF_SP7T2m7Kmn9WglgSShpP9TlnCxCc&#038;ehbc=2E312F\" width=\"1080\" height=\"480\"><\/iframe><\/div>\n<p>[\/et_pb_code][et_pb_gallery gallery_ids=&#8221;1489,1514,1513,1512,1511,1510,1509,1508,1507,1506,1505,1504,1503,1502,1501,1500,1499,1498,1497,1496,1495,1494,1493,1492,1491,1490&#8243; posts_number=&#8221;8&#8243; orientation=&#8221;portrait&#8221; show_title_and_caption=&#8221;off&#8221; zoom_icon_color=&#8221;RGBA(255,255,255,0)&#8221; hover_overlay_color=&#8221;RGBA(255,255,255,0)&#8221; _builder_version=&#8221;4.27.4&#8243; _module_preset=&#8221;default&#8221; pagination_text_align=&#8221;center&#8221; width=&#8221;100%&#8221; max_width=&#8221;50%&#8221; module_alignment=&#8221;center&#8221; custom_margin=&#8221;||100px||false|false&#8221; animation_style=&#8221;fade&#8221; global_colors_info=&#8221;{}&#8221;][\/et_pb_gallery][\/et_pb_column][\/et_pb_row][\/et_pb_section]<\/p>\n","protected":false},"excerpt":{"rendered":"<p>CIRCLE2 skatina profesinio mokymo teik\u0117j\u0173 ir ma\u017e\u0173j\u0173 bei vidutini\u0173 \u012fmoni\u0173 (MV\u012e), kurios aktyviai \u012fgyvendina \u017eiedin\u0117s ekonomikos praktik\u0105 arba yra \u012fsipareigojusios siekti tvarumo, bendradarbiavim\u0105. Panagrin\u0117kite m\u016bs\u0173 tinkl\u0105 \u017eem\u0117lapyje.PROFESIN\u0116S MOKYKLOSMA\u017dOS IR VIDUTIN\u0116S \u012eMON\u0116S<\/p>\n","protected":false},"author":3,"featured_media":0,"parent":0,"menu_order":0,"comment_status":"closed","ping_status":"closed","template":"","meta":{"_et_pb_use_builder":"on","_et_pb_old_content":"","_et_gb_content_width":"","footnotes":""},"class_list":["post-1440","page","type-page","status-publish","hentry"],"_links":{"self":[{"href":"https:\/\/circle2learning.eu\/lt\/wp-json\/wp\/v2\/pages\/1440","targetHints":{"allow":["GET"]}}],"collection":[{"href":"https:\/\/circle2learning.eu\/lt\/wp-json\/wp\/v2\/pages"}],"about":[{"href":"https:\/\/circle2learning.eu\/lt\/wp-json\/wp\/v2\/types\/page"}],"author":[{"embeddable":true,"href":"https:\/\/circle2learning.eu\/lt\/wp-json\/wp\/v2\/users\/3"}],"replies":[{"embeddable":true,"href":"https:\/\/circle2learning.eu\/lt\/wp-json\/wp\/v2\/comments?post=1440"}],"version-history":[{"count":5,"href":"https:\/\/circle2learning.eu\/lt\/wp-json\/wp\/v2\/pages\/1440\/revisions"}],"predecessor-version":[{"id":1650,"href":"https:\/\/circle2learning.eu\/lt\/wp-json\/wp\/v2\/pages\/1440\/revisions\/1650"}],"wp:attachment":[{"href":"https:\/\/circle2learning.eu\/lt\/wp-json\/wp\/v2\/media?parent=1440"}],"curies":[{"name":"wp","href":"https:\/\/api.w.org\/{rel}","templated":true}]}}