{"id":1517,"date":"2025-01-27T11:36:23","date_gmt":"2025-01-27T11:36:23","guid":{"rendered":"https:\/\/circle2learning.eu\/lt\/?page_id=1517"},"modified":"2025-03-03T09:14:10","modified_gmt":"2025-03-03T09:14:10","slug":"news","status":"publish","type":"page","link":"https:\/\/circle2learning.eu\/lt\/news\/","title":{"rendered":"News"},"content":{"rendered":"<p>[et_pb_section fb_built=&#8221;1&#8243; _builder_version=&#8221;4.22.2&#8243; _module_preset=&#8221;default&#8221; global_colors_info=&#8221;{}&#8221;][et_pb_row column_structure=&#8221;3_4,1_4&#8243; _builder_version=&#8221;4.22.2&#8243; _module_preset=&#8221;default&#8221; global_colors_info=&#8221;{}&#8221;][et_pb_column type=&#8221;3_4&#8243; _builder_version=&#8221;4.22.2&#8243; _module_preset=&#8221;default&#8221; global_colors_info=&#8221;{}&#8221;][et_pb_text _builder_version=&#8221;4.27.4&#8243; _module_preset=&#8221;_initial&#8221; header_text_color=&#8221;#000000&#8243; header_2_text_color=&#8221;#000000&#8243; custom_padding=&#8221;2px|||||&#8221; global_colors_info=&#8221;{}&#8221;]<\/p>\n<h2><strong>CIRCLE2 naujienos ir patarimai d\u0117l \u017eiedin\u0117s ekonomikos<\/strong><\/h2>\n<p>&nbsp;<\/p>\n<p><span style=\"font-weight: 400;\">CIRCLE2 siekia sudominti profesinio mokymo specialistus \u017eiedin\u0117s ekonomikos principais ir privalumais. M\u016bs\u0173 misija \u2013 supa\u017eindinti su naujienomis, \u012f\u017evalgomis ir vertingais patarimais, kurie \u012fgalins leistis \u012f tvarumo kelion\u0119 ir \u012fgyvendinti poky\u010dius. <\/span><\/p>\n<p><span style=\"font-weight: 400;\">Atraskite \u012ftraukian\u010dius\u00a0 interviu, informatyvius straipsnius ir vaizduot\u0119 praple\u010diant\u012f turin\u012f, kuris pagilins J\u016bs\u0173 supratim\u0105 apie \u017eiedin\u0119 ekonomik\u0105 ir jos poveik\u012f \u012fvairioms pramon\u0117s \u0161akoms. Sekite m\u016bs\u0173 naujienas ir leiskit\u0117s \u012f \u0161i\u0105 dinami\u0161k\u0105 kelion\u0119 kartu su mumis!<\/span><\/p>\n<p>Pateikiamiems straipsniams angl\u0173 kalba galima \u012fjungti automatin\u012f vertim\u0105 \u012f lietuvi\u0173 kalb\u0105.<span style=\"font-weight: 400;\"><\/span><\/p>\n<p>&nbsp;<\/p>\n<p>[\/et_pb_text][et_pb_image src=&#8221;https:\/\/circle2learning.eu\/lt\/wp-content\/uploads\/2025\/01\/Welcome.jpeg&#8221; title_text=&#8221;Welcome&#8221; _builder_version=&#8221;4.22.2&#8243; _module_preset=&#8221;default&#8221; global_colors_info=&#8221;{}&#8221;][\/et_pb_image][\/et_pb_column][et_pb_column type=&#8221;1_4&#8243; _builder_version=&#8221;4.22.2&#8243; _module_preset=&#8221;default&#8221; global_colors_info=&#8221;{}&#8221;][et_pb_blog posts_number=&#8221;4&#8243; use_manual_excerpt=&#8221;off&#8221; excerpt_length=&#8221;0&#8243; show_author=&#8221;off&#8221; show_date=&#8221;off&#8221; _builder_version=&#8221;4.27.4&#8243; _module_preset=&#8221;default&#8221; pagination_font_size=&#8221;20px&#8221; custom_margin=&#8221;||||true|true&#8221; custom_padding=&#8221;||||true|true&#8221; link_option_url_new_window=&#8221;on&#8221; sticky_limit_bottom=&#8221;body&#8221; border_radii_fullwidth=&#8221;off|||10px|10px&#8221; border_color_all_fullwidth=&#8221;rgba(2,2,2,0.11)&#8221; border_width_bottom_fullwidth=&#8221;2px&#8221; border_color_bottom_fullwidth=&#8221;#D6D6D6&#8243; border_radii_image=&#8221;off|12px|12px||&#8221; border_width_top_image=&#8221;2px&#8221; border_color_top_image=&#8221;#D6D6D6&#8243; border_color_right_image=&#8221;#D6D6D6&#8243; global_colors_info=&#8221;{}&#8221;][\/et_pb_blog][\/et_pb_column][\/et_pb_row][\/et_pb_section]<\/p>\n","protected":false},"excerpt":{"rendered":"<p>CIRCLE2 naujienos ir patarimai d\u0117l \u017eiedin\u0117s ekonomikos &nbsp; CIRCLE2 siekia sudominti profesinio mokymo specialistus \u017eiedin\u0117s ekonomikos principais ir privalumais. M\u016bs\u0173 misija \u2013 supa\u017eindinti su naujienomis, \u012f\u017evalgomis ir vertingais patarimais, kurie \u012fgalins leistis \u012f tvarumo kelion\u0119 ir \u012fgyvendinti poky\u010dius. Atraskite \u012ftraukian\u010dius\u00a0 interviu, informatyvius straipsnius ir vaizduot\u0119 praple\u010diant\u012f turin\u012f, kuris pagilins J\u016bs\u0173 supratim\u0105 apie \u017eiedin\u0119 ekonomik\u0105 ir [&hellip;]<\/p>\n","protected":false},"author":3,"featured_media":0,"parent":0,"menu_order":0,"comment_status":"closed","ping_status":"closed","template":"","meta":{"_et_pb_use_builder":"on","_et_pb_old_content":"","_et_gb_content_width":"","footnotes":""},"class_list":["post-1517","page","type-page","status-publish","hentry"],"_links":{"self":[{"href":"https:\/\/circle2learning.eu\/lt\/wp-json\/wp\/v2\/pages\/1517","targetHints":{"allow":["GET"]}}],"collection":[{"href":"https:\/\/circle2learning.eu\/lt\/wp-json\/wp\/v2\/pages"}],"about":[{"href":"https:\/\/circle2learning.eu\/lt\/wp-json\/wp\/v2\/types\/page"}],"author":[{"embeddable":true,"href":"https:\/\/circle2learning.eu\/lt\/wp-json\/wp\/v2\/users\/3"}],"replies":[{"embeddable":true,"href":"https:\/\/circle2learning.eu\/lt\/wp-json\/wp\/v2\/comments?post=1517"}],"version-history":[{"count":7,"href":"https:\/\/circle2learning.eu\/lt\/wp-json\/wp\/v2\/pages\/1517\/revisions"}],"predecessor-version":[{"id":1647,"href":"https:\/\/circle2learning.eu\/lt\/wp-json\/wp\/v2\/pages\/1517\/revisions\/1647"}],"wp:attachment":[{"href":"https:\/\/circle2learning.eu\/lt\/wp-json\/wp\/v2\/media?parent=1517"}],"curies":[{"name":"wp","href":"https:\/\/api.w.org\/{rel}","templated":true}]}}