{"id":3,"date":"2023-02-22T11:08:20","date_gmt":"2023-02-22T11:08:20","guid":{"rendered":"https:\/\/circle2learning.eu\/lt\/?page_id=3"},"modified":"2024-09-25T16:44:03","modified_gmt":"2024-09-25T16:44:03","slug":"privacy-policy","status":"publish","type":"page","link":"https:\/\/circle2learning.eu\/lt\/privacy-policy\/","title":{"rendered":"Privacy Policy"},"content":{"rendered":"<p>[et_pb_section fb_built=&#8221;1&#8243; admin_label=&#8221;section&#8221; _builder_version=&#8221;4.16&#8243; global_colors_info=&#8221;{}&#8221;][et_pb_row admin_label=&#8221;row&#8221; _builder_version=&#8221;4.16&#8243; background_size=&#8221;initial&#8221; background_position=&#8221;top_left&#8221; background_repeat=&#8221;repeat&#8221; width=&#8221;79.8%&#8221; global_colors_info=&#8221;{}&#8221;][et_pb_column type=&#8221;4_4&#8243; _builder_version=&#8221;4.16&#8243; custom_padding=&#8221;|||&#8221; global_colors_info=&#8221;{}&#8221; custom_padding__hover=&#8221;|||&#8221;][et_pb_text admin_label=&#8221;Text&#8221; _builder_version=&#8221;4.27.0&#8243; background_size=&#8221;initial&#8221; background_position=&#8221;top_left&#8221; background_repeat=&#8221;repeat&#8221; global_colors_info=&#8221;{}&#8221;]<\/p>\n<h1>Privatumo politika<\/h1>\n<p>&nbsp;<\/p>\n<p>\u0160ioje privatumo politikoje pateikiama informacija apie asmens duomen\u0173 rinkimo ir naudojimo svetain\u0117je www.circle2learning.eu (toliau &#8211; svetain\u0117) pob\u016bd\u012f, apimt\u012f ir tiksl\u0105. Svetain\u0117 &#8211; tai Europos Komisijos pagal \u201eErasmus+&#8221; program\u0105 finansuojamo projekto \u201eCIRCLE2: Profesinio mokymo ir verslo kelias \u012f \u017eiedin\u0119 ekonomik\u0105\u201c (projekto nr. 2022-1-LT01-KA220-VET-000085809) rezultatas.<\/p>\n<p>U\u017e visus svetain\u0117je kaupiamus asmens duomenis (jei \u0161ioje privatumo politikoje nenurodyta kitaip) atsakingas projekto CIRCLE2 partneri\u0173 konsorciumas, kur\u012f sudaro:<\/p>\n<ul style=\"box-sizing: border-box; margin: 0px; padding: 0px 0px 23px 1em; border: 0px; outline: 0px; font-size: 14px; text-size-adjust: 100%; vertical-align: baseline; background: #ffffff; list-style: disc; line-height: 26px; color: #000000; font-family: 'Open Sans', Arial, sans-serif; font-style: normal; font-variant-ligatures: normal; font-variant-caps: normal; font-weight: 500; letter-spacing: normal; orphans: 2; text-align: left; text-indent: 0px; text-transform: none; widows: 2; word-spacing: 0px; -webkit-text-stroke-width: 0px; white-space: normal; text-decoration-thickness: initial; text-decoration-style: initial; text-decoration-color: initial;\">\n<li style=\"box-sizing: border-box; margin: 0px; padding: 0px; border: 0px; outline: 0px; font-size: 14px; text-size-adjust: 100%; vertical-align: baseline; background: transparent;\"><span class=\"S1PPyQ\" style=\"box-sizing: border-box; margin: 0px; padding: 0px; border: 0px; outline: 0px; font-size: 14px; text-size-adjust: 100%; vertical-align: baseline; background: transparent;\"><span style=\"box-sizing: border-box; margin: 0px; padding: 0px; border: 0px; outline: 0px; font-size: 14px; text-size-adjust: 100%; vertical-align: baseline; background: transparent; text-decoration: underline; color: #0c71c3;\"><a href=\"https:\/\/www.paneveziomc.lt\/\" style=\"box-sizing: border-box; text-decoration: underline; margin: 0px; padding: 0px; border: 0px; outline: 0px; font-size: 14px; text-size-adjust: 100%; vertical-align: baseline; background: transparent; color: #0c71c3;\">Panev\u0117\u017eio mokymo centras<\/a><\/span>, Lietuva<\/span><\/li>\n<li style=\"box-sizing: border-box; margin: 0px; padding: 0px; border: 0px; outline: 0px; font-size: 14px; text-size-adjust: 100%; vertical-align: baseline; background: transparent;\"><span class=\"S1PPyQ\" style=\"box-sizing: border-box; margin: 0px; padding: 0px; border: 0px; outline: 0px; font-size: 14px; text-size-adjust: 100%; vertical-align: baseline; background: transparent;\"><a href=\"http:\/\/www.gcu.ac.uk\" target=\"_blank\" rel=\"noopener\"><span style=\"box-sizing: border-box; margin: 0px; padding: 0px; border: 0px; outline: 0px; font-size: 14px; text-size-adjust: 100%; vertical-align: baseline; background: transparent; text-decoration: underline; color: #0c71c3;\">The Glasgow Caledonian University<\/span><\/a>, \u0160kotija, UK<\/span><\/li>\n<li style=\"box-sizing: border-box; margin: 0px; padding: 0px; border: 0px; outline: 0px; font-size: 14px; text-size-adjust: 100%; vertical-align: baseline; background: transparent;\"><span style=\"box-sizing: border-box; margin: 0px; padding: 0px; border: 0px; outline: 0px; font-size: 14px; text-size-adjust: 100%; vertical-align: baseline; background: transparent; text-decoration-line: underline; color: #0c71c3;\"><a href=\"https:\/\/www.bluebook.it\/\" style=\"box-sizing: border-box; text-decoration: none; margin: 0px; padding: 0px; border: 0px; outline: 0px; font-size: 14px; text-size-adjust: 100%; vertical-align: baseline; background: transparent; color: #0c71c3;\" target=\"_blank\" rel=\"noopener\">Bluebook srl<\/a><\/span><span style=\"box-sizing: border-box; margin: 0px; padding: 0px; border: 0px; outline: 0px; font-size: 14px; text-size-adjust: 100%; vertical-align: baseline; background: transparent;\">, Italija<\/span><\/li>\n<li style=\"box-sizing: border-box; margin: 0px; padding: 0px; border: 0px; outline: 0px; font-size: 14px; text-size-adjust: 100%; vertical-align: baseline; background: transparent;\"><span class=\"S1PPyQ\" style=\"box-sizing: border-box; margin: 0px; padding: 0px; border: 0px; outline: 0px; font-size: 14px; text-size-adjust: 100%; vertical-align: baseline; background: transparent;\"><span style=\"box-sizing: border-box; margin: 0px; padding: 0px; border: 0px; outline: 0px; font-size: 14px; text-size-adjust: 100%; vertical-align: baseline; background: transparent; text-decoration: underline; color: #0c71c3;\"><a href=\"https:\/\/www.sc-celje.si\/\" style=\"box-sizing: border-box; text-decoration: underline; margin: 0px; padding: 0px; border: 0px; outline: 0px; font-size: 14px; text-size-adjust: 100%; vertical-align: baseline; background: transparent; color: #0c71c3;\">Solski Center Celje,<\/a><\/span><span>\u00a0<\/span>Slov\u0117nija<\/span><\/li>\n<li style=\"box-sizing: border-box; margin: 0px; padding: 0px; border: 0px; outline: 0px; font-size: 14px; text-size-adjust: 100%; vertical-align: baseline; background: transparent;\"><span class=\"S1PPyQ\" style=\"box-sizing: border-box; margin: 0px; padding: 0px; border: 0px; outline: 0px; font-size: 14px; text-size-adjust: 100%; vertical-align: baseline; background: transparent;\"><span style=\"box-sizing: border-box; margin: 0px; padding: 0px; border: 0px; outline: 0px; font-size: 14px; text-size-adjust: 100%; vertical-align: baseline; background: transparent; text-decoration: underline; color: #0c71c3;\">Tarsus Ticaret Ve Sanayi Odasi<\/span>, Turkija<\/span><\/li>\n<li style=\"box-sizing: border-box; margin: 0px; padding: 0px; border: 0px; outline: 0px; font-size: 14px; text-size-adjust: 100%; vertical-align: baseline; background: transparent;\"><span style=\"box-sizing: border-box; margin: 0px; padding: 0px; border: 0px; outline: 0px; font-size: 14px; text-size-adjust: 100%; vertical-align: baseline; background: transparent;\"><span style=\"box-sizing: border-box; margin: 0px; padding: 0px; border: 0px; outline: 0px; font-size: 14px; text-size-adjust: 100%; vertical-align: baseline; background: transparent; text-decoration: underline; color: #0c71c3;\">The Asturian Association for International Cooperation (AACI)<\/span>, Ispanija<\/span><\/li>\n<\/ul>\n<p>(toliau &#8211; \u201emes\u201c, \u201emus\u201c arba \u201em\u016bs\u0173\u201c). Jei \u0161ioje privatumo politikoje nenurodyta kitaip, mes esame atsakinga institucija u\u017e visus svetain\u0117je surinktus asmens duomenis. Daugiau informacijos apie mus ir m\u016bs\u0173 kontaktinius duomenis rasite puslapyje \u201eKontaktai\u201c. Gauti daugiau informacijos apie konsorciumo duomen\u0173 apsaug\u0105 \u0161iuo el. pa\u0161to adresu vaida.sinkeviciene@paneveziomc.lt.<\/p>\n<h2><\/h2>\n<h2>M\u016bs\u0173 renkama informacija ir jos panaudojimas<\/h2>\n<p>Mes nerenkame naudotoj\u0173 asmenin\u0117s identifikavimo informacijos. Mes renkame informacij\u0105, kuri\u0105 siun\u010dia J\u016bs\u0173 nar\u0161ykl\u0117, kai lankot\u0117s m\u016bs\u0173 puslapyje. \u0160ie duomenys gali b\u016bti: kompiuterio interneto protokolo (IP) adresas, nar\u0161ykl\u0117s tipas, nar\u0161ykl\u0117s versija, m\u016bs\u0173 svetain\u0117s puslapiai, kuriuose lankot\u0117s, apsilankymo laikas ir data, \u0161iuose puslapiuose praleistas laikas ir kita statistika. \u0160ie duomenys n\u0117ra susiejami su kitais asmeniniais duomenimis, kuriuos \u012fvedate. IP adresai i\u0161 karto yra nuasmeninami kuo ankstesniame duomen\u0173 rinkimo etape.<\/p>\n<h2><\/h2>\n<h2>Prisijungimo duomenys<\/h2>\n<p>Renkame informacij\u0105, siun\u010diam\u0105 J\u016bs\u0173 nar\u0161ykl\u0117s, kai lankot\u0117s m\u016bs\u0173 svetain\u0117je. Prisijungimo duomenys gali b\u016bti informacija apie J\u016bs\u0173 kompiuterio interneto protokolo (IP) adres\u0105, nar\u0161ykl\u0117s tip\u0105 ir versij\u0105, svetain\u0117s puslapius, kuriuose lankot\u0117s, apsilankymo laik\u0105 ir dat\u0105, \u0161iuose puslapiuose praleist\u0105 laik\u0105 ir kit\u0105 statistik\u0105. \u0160ie duomenys n\u0117ra sujungiami su kitais asmeniniais duomenimis, kuriuos \u012fvedate naudodamiesi svetaine. IP adresai i\u0161 karto nuasmeninami kuo ankstesniame duomen\u0173 rinkimo etape tinkle.<\/p>\n<h2><\/h2>\n<h2>Slapukai<\/h2>\n<p>M\u016bs\u0173 svetain\u0117je naudojami slapukai. Slapukuose n\u0117ra jokios Jus asmeni\u0161kai identifikuojan\u010dios informacijos, ta\u010diau saugoma asmenin\u0117 informacija gali b\u016bti susieta su slapukuose saugoma ir i\u0161 j\u0173 gauta informacija. Svetain\u0117je naudojami slapukai yra b\u016btini prieigos ir navigacijos tikslais; slapukai, kurie \u012fsimena J\u016bs\u0173 pasirinkimus (funkcionalumo slapukai), ir slapukai, stebintys naudojim\u0105. Naudojim\u0105 sekan\u010dius slapukus galite \u201ePriimti\u201c arba \u201eAtmesti\u201c.<\/p>\n<p>Naudotojas gali nustatyti savo interneto nar\u0161ykl\u0119 taip, kad ji atsisakyt\u0173 slapuk\u0173 arba \u012fsp\u0117t\u0173 apie siun\u010diamus slapukus. Tokiu atveju atkreipkite d\u0117mes\u012f, kad kai kurios svetain\u0117s dalys gali neveikti tinkamai.<\/p>\n<h2><\/h2>\n<h2>Google analitika (ang. \u201eGoogle Analytics\u201c)<\/h2>\n<p>\u0160i svetain\u0117 gali naudoti \u201eGoogle Analytics\u201c \u2013 \u201eGoogle Inc.\u201c (toliau \u2013 \u201eGoogle\u201c) teikiam\u0105 interneto analiz\u0117s paslaug\u0105. \u201eGoogle Analytics\u201c naudoja slapukus, kurie yra saugomi j\u016bs\u0173 kompiuteryje, siekiant palengvinti j\u016bs\u0173 naudojimosi svetaine analiz\u0119. \u0160i\u0173 slapuk\u0173 generuojama informacija, tokia kaip laikas, vieta ir da\u017enis, kada lankot\u0117s m\u016bs\u0173 svetain\u0117je, \u012fskaitant j\u016bs\u0173 IP adres\u0105, perduodama \u201eGoogle\u201c ir saugoma j\u0173 serveryje. Naudodami \u201eGoogle Analytics\u201c, m\u016bs\u0173 svetain\u0117 taiko pl\u0117tin\u012f \u201eanonymizeIp\u201c. Taip \u201eGoogle\u201c sutrumpina ir anonimizuoja IP adres\u0105 prie\u0161 j\u012f perduodant. Naudodama \u0161i\u0105 informacij\u0105 \u201eGoogle\u201c analizuoja naudojim\u0105si svetaine, rengia ataskaitas apie veikl\u0105 internete ir teikia kitas su m\u016bs\u0173 svetaine susijusias paslaugas.<\/p>\n<p>Pirm\u0105 kart\u0105 lankydamiesi svetain\u0117je galite pasirinkti, ar \u201esutinkate\u201c, ar \u201enesutinkate\u201c su \u201eGoogle Analytics\u201c naudojimu savo kompiuteryje.<\/p>\n<h2><\/h2>\n<h2>Privatumo politikos pakeitimai<\/h2>\n<p>\u0160i privatumo politika galioja nuo 2022 m. lapkri\u010dio 1 d. ir galios iki jos nuostat\u0173 pakeitimo. Pakeitimai \u012fsigalios i\u0161 karto po j\u0173 paskelbimo puslapyje.<\/p>\n<p>Mes pasiliekame teis\u0119 bet kada atnaujinti ar keisti Privatumo politik\u0105, tod\u0117l periodi\u0161kai susipa\u017einkite su \u0161ia Privatumo politika. Jei tai padarysime, paskelbsime prane\u0161im\u0105 pagrindiniame m\u016bs\u0173 svetain\u0117s puslapyje. Skatiname vartotojus da\u017enai tikrinti \u0161\u012f puslap\u012f ir su\u017einoti apie pakeitimus siekiant apsaugoti surinkt\u0105 asmenin\u0119 informacij\u0105. Naudotojai turi suprasti ir periodi\u0161kai per\u017ei\u016br\u0117ti \u0161i\u0105 privatumo politik\u0105 bei susipa\u017einti su pakeitimais. \u00a0\u00a0<\/p>\n<h2><\/h2>\n<h2>Susisiekite su mumis<\/h2>\n<p>Jei turite koki\u0173 nors klausim\u0173 apie \u0161i\u0105 privatumo politik\u0105, svetain\u0117je vykdom\u0105 veikl\u0105 arba savo veikl\u0105 \u0161ioje svetain\u0117je, susisiekite su mumis.<\/p>\n<p>[\/et_pb_text][\/et_pb_column][\/et_pb_row][\/et_pb_section]<\/p>\n","protected":false},"excerpt":{"rendered":"<p>Privatumo politika &nbsp; \u0160ioje privatumo politikoje pateikiama informacija apie asmens duomen\u0173 rinkimo ir naudojimo svetain\u0117je www.circle2learning.eu (toliau &#8211; svetain\u0117) pob\u016bd\u012f, apimt\u012f ir tiksl\u0105. Svetain\u0117 &#8211; tai Europos Komisijos pagal \u201eErasmus+&#8221; program\u0105 finansuojamo projekto \u201eCIRCLE2: Profesinio mokymo ir verslo kelias \u012f \u017eiedin\u0119 ekonomik\u0105\u201c (projekto nr. 2022-1-LT01-KA220-VET-000085809) rezultatas. U\u017e visus svetain\u0117je kaupiamus asmens duomenis (jei \u0161ioje privatumo [&hellip;]<\/p>\n","protected":false},"author":1,"featured_media":0,"parent":0,"menu_order":0,"comment_status":"closed","ping_status":"open","template":"","meta":{"_et_pb_use_builder":"on","_et_pb_old_content":"<!-- wp:heading --><h2>Who we are<\/h2><!-- \/wp:heading --><!-- wp:paragraph --><p><strong class=\"privacy-policy-tutorial\">Suggested text: <\/strong>Our website address is: https:\/\/circle2learning.eu\/lt.<\/p><!-- \/wp:paragraph --><!-- wp:heading --><h2>Comments<\/h2><!-- \/wp:heading --><!-- wp:paragraph --><p><strong class=\"privacy-policy-tutorial\">Suggested text: <\/strong>When visitors leave comments on the site we collect the data shown in the comments form, and also the visitor&#8217;s IP address and browser user agent string to help spam detection.<\/p><!-- \/wp:paragraph --><!-- wp:paragraph --><p>An anonymized string created from your email address (also called a hash) may be provided to the Gravatar service to see if you are using it. The Gravatar service privacy policy is available here: https:\/\/automattic.com\/privacy\/. After approval of your comment, your profile picture is visible to the public in the context of your comment.<\/p><!-- \/wp:paragraph --><!-- wp:heading --><h2>Media<\/h2><!-- \/wp:heading --><!-- wp:paragraph --><p><strong class=\"privacy-policy-tutorial\">Suggested text: <\/strong>If you upload images to the website, you should avoid uploading images with embedded location data (EXIF GPS) included. Visitors to the website can download and extract any location data from images on the website.<\/p><!-- \/wp:paragraph --><!-- wp:heading --><h2>Cookies<\/h2><!-- \/wp:heading --><!-- wp:paragraph --><p><strong class=\"privacy-policy-tutorial\">Suggested text: <\/strong>If you leave a comment on our site you may opt-in to saving your name, email address and website in cookies. These are for your convenience so that you do not have to fill in your details again when you leave another comment. These cookies will last for one year.<\/p><!-- \/wp:paragraph --><!-- wp:paragraph --><p>If you visit our login page, we will set a temporary cookie to determine if your browser accepts cookies. This cookie contains no personal data and is discarded when you close your browser.<\/p><!-- \/wp:paragraph --><!-- wp:paragraph --><p>When you log in, we will also set up several cookies to save your login information and your screen display choices. Login cookies last for two days, and screen options cookies last for a year. If you select &quot;Remember Me&quot;, your login will persist for two weeks. If you log out of your account, the login cookies will be removed.<\/p><!-- \/wp:paragraph --><!-- wp:paragraph --><p>If you edit or publish an article, an additional cookie will be saved in your browser. This cookie includes no personal data and simply indicates the post ID of the article you just edited. It expires after 1 day.<\/p><!-- \/wp:paragraph --><!-- wp:heading --><h2>Embedded content from other websites<\/h2><!-- \/wp:heading --><!-- wp:paragraph --><p><strong class=\"privacy-policy-tutorial\">Suggested text: <\/strong>Articles on this site may include embedded content (e.g. videos, images, articles, etc.). Embedded content from other websites behaves in the exact same way as if the visitor has visited the other website.<\/p><!-- \/wp:paragraph --><!-- wp:paragraph --><p>These websites may collect data about you, use cookies, embed additional third-party tracking, and monitor your interaction with that embedded content, including tracking your interaction with the embedded content if you have an account and are logged in to that website.<\/p><!-- \/wp:paragraph --><!-- wp:heading --><h2>Who we share your data with<\/h2><!-- \/wp:heading --><!-- wp:paragraph --><p><strong class=\"privacy-policy-tutorial\">Suggested text: <\/strong>If you request a password reset, your IP address will be included in the reset email.<\/p><!-- \/wp:paragraph --><!-- wp:heading --><h2>How long we retain your data<\/h2><!-- \/wp:heading --><!-- wp:paragraph --><p><strong class=\"privacy-policy-tutorial\">Suggested text: <\/strong>If you leave a comment, the comment and its metadata are retained indefinitely. This is so we can recognize and approve any follow-up comments automatically instead of holding them in a moderation queue.<\/p><!-- \/wp:paragraph --><!-- wp:paragraph --><p>For users that register on our website (if any), we also store the personal information they provide in their user profile. All users can see, edit, or delete their personal information at any time (except they cannot change their username). Website administrators can also see and edit that information.<\/p><!-- \/wp:paragraph --><!-- wp:heading --><h2>What rights you have over your data<\/h2><!-- \/wp:heading --><!-- wp:paragraph --><p><strong class=\"privacy-policy-tutorial\">Suggested text: <\/strong>If you have an account on this site, or have left comments, you can request to receive an exported file of the personal data we hold about you, including any data you have provided to us. You can also request that we erase any personal data we hold about you. This does not include any data we are obliged to keep for administrative, legal, or security purposes.<\/p><!-- \/wp:paragraph --><!-- wp:heading --><h2>Where your data is sent<\/h2><!-- \/wp:heading --><!-- wp:paragraph --><p><strong class=\"privacy-policy-tutorial\">Suggested text: <\/strong>Visitor comments may be checked through an automated spam detection service.<\/p><!-- \/wp:paragraph -->","_et_gb_content_width":"","footnotes":""},"class_list":["post-3","page","type-page","status-publish","hentry"],"_links":{"self":[{"href":"https:\/\/circle2learning.eu\/lt\/wp-json\/wp\/v2\/pages\/3","targetHints":{"allow":["GET"]}}],"collection":[{"href":"https:\/\/circle2learning.eu\/lt\/wp-json\/wp\/v2\/pages"}],"about":[{"href":"https:\/\/circle2learning.eu\/lt\/wp-json\/wp\/v2\/types\/page"}],"author":[{"embeddable":true,"href":"https:\/\/circle2learning.eu\/lt\/wp-json\/wp\/v2\/users\/1"}],"replies":[{"embeddable":true,"href":"https:\/\/circle2learning.eu\/lt\/wp-json\/wp\/v2\/comments?post=3"}],"version-history":[{"count":17,"href":"https:\/\/circle2learning.eu\/lt\/wp-json\/wp\/v2\/pages\/3\/revisions"}],"predecessor-version":[{"id":1083,"href":"https:\/\/circle2learning.eu\/lt\/wp-json\/wp\/v2\/pages\/3\/revisions\/1083"}],"wp:attachment":[{"href":"https:\/\/circle2learning.eu\/lt\/wp-json\/wp\/v2\/media?parent=3"}],"curies":[{"name":"wp","href":"https:\/\/api.w.org\/{rel}","templated":true}]}}