{"id":33,"date":"2023-02-22T16:28:43","date_gmt":"2023-02-22T16:28:43","guid":{"rendered":"https:\/\/circle2learning.eu\/lt\/?page_id=33"},"modified":"2024-12-04T17:50:13","modified_gmt":"2024-12-04T17:50:13","slug":"training","status":"publish","type":"page","link":"https:\/\/circle2learning.eu\/lt\/training\/","title":{"rendered":"Training"},"content":{"rendered":"<p>[et_pb_section fb_built=&#8221;1&#8243; fullwidth=&#8221;on&#8221; _builder_version=&#8221;4.19.5&#8243; _module_preset=&#8221;default&#8221; global_colors_info=&#8221;{}&#8221;][\/et_pb_section][et_pb_section fb_built=&#8221;1&#8243; _builder_version=&#8221;4.19.5&#8243; _module_preset=&#8221;default&#8221; global_colors_info=&#8221;{}&#8221;][et_pb_row admin_label=&#8221;title&#8221; _builder_version=&#8221;4.27.2&#8243; _module_preset=&#8221;default&#8221; global_colors_info=&#8221;{}&#8221;][et_pb_column type=&#8221;4_4&#8243; _builder_version=&#8221;4.27.2&#8243; _module_preset=&#8221;default&#8221; global_colors_info=&#8221;{}&#8221;][et_pb_heading title=&#8221;Mokymo med\u017eiaga&#8221; _builder_version=&#8221;4.27.2&#8243; _module_preset=&#8221;default&#8221; title_font=&#8221;|700|||||||&#8221; title_font_size=&#8221;3em&#8221; background_color=&#8221;#f4ede5&#8243; custom_margin=&#8221;||||false|false&#8221; custom_padding=&#8221;4em||2em|1em|false|false&#8221; box_shadow_style=&#8221;preset4&#8243; box_shadow_horizontal=&#8221;21em&#8221; box_shadow_vertical=&#8221;0px&#8221; box_shadow_color=&#8221;#f4ede5&#8243; global_colors_info=&#8221;{}&#8221;][\/et_pb_heading][\/et_pb_column][\/et_pb_row][et_pb_row _builder_version=&#8221;4.27.3&#8243; _module_preset=&#8221;default&#8221; width=&#8221;76.2%&#8221; custom_margin=&#8221;||||false|false&#8221; animation_style=&#8221;fade&#8221; global_colors_info=&#8221;{}&#8221;][et_pb_column type=&#8221;4_4&#8243; _builder_version=&#8221;4.27.0&#8243; _module_preset=&#8221;default&#8221; global_colors_info=&#8221;{}&#8221;][et_pb_text _builder_version=&#8221;4.27.0&#8243; _module_preset=&#8221;_initial&#8221; text_font=&#8221;||||||||&#8221; text_font_size=&#8221;1.5em&#8221; text_line_height=&#8221;1.6em&#8221; header_text_color=&#8221;#000000&#8243; header_2_text_color=&#8221;#000000&#8243; text_font_size_tablet=&#8221;1.3em&#8221; text_font_size_phone=&#8221;1.1em&#8221; text_font_size_last_edited=&#8221;on|phone&#8221; global_colors_info=&#8221;{}&#8221;]<\/p>\n<p>Projekto metu sukurti interaktyv\u016bs mokymo moduliai, skirti <strong>turizmo<\/strong>, <strong>transporto<\/strong> ir <strong>\u017eem\u0117s \u016bkio<\/strong> sektoriams, pasinaudojant atvirojo kodo \u012fskiepiu H5P.<\/p>\n<p>Kiekviename modulyje pateikiami:<\/p>\n<ul>\n<li><span style=\"font-weight: 400;\">vaizdo interviu su ma\u017e\u0173 ir vidutini\u0173 \u012fmoni\u0173, vie\u0161ojo sektoriaus atstovais<\/span>;<\/li>\n<li><span style=\"font-weight: 400;\">interaktyvi mokymo(si) med\u017eiaga<\/span>;<\/li>\n<li>mokymosi i\u0161tekli\u0173 rinkiniai atsisiuntimui (PDF, Excel, Word formatu).<\/li>\n<\/ul>\n<p>Mokomoji med\u017eiaga parengta atliepiant <strong>profesijos mokytoj\u0173<\/strong> poreik\u012f mokyti \u017eiedin\u0117s ekonomikos princip\u0173 ir j\u0173 praktinio pritaikymo \u017evelgiant i\u0161 praktin\u0117s perspektyvos.<\/p>\n<p><span style=\"font-weight: 400;\">Mokytoj\u0173 pageidavimu pareng\u0117me med\u017eiag\u0105, kuri padeda \u017eiedin\u0117s ekonomikos principus paversti lengvai suprantamais ir pritaikomais.<\/span><\/p>\n<p><span style=\"font-weight: 400;\">Projekto med\u017eiagos rengimo proceso lyderis \u2013\u00a0 <\/span><a href=\"https:\/\/www.gcu.ac.uk\/\"><span style=\"font-weight: 400;\">Glasgow Caledonian University, GCU<\/span><\/a><span style=\"font-weight: 400;\"> (\u0160kotija, Jungtin\u0117 Karalyst\u0117), turintis ilgamet\u0119 patirt\u012f \u017eiedin\u0117s ekonomikos srityje.<\/span><\/p>\n<p>Med\u017eiaga parengta angl\u0173, ispan\u0173, ital\u0173, lietuvi\u0173, slov\u0117n\u0173 ir turk\u0173 kalbomis.<\/p>\n<p>[\/et_pb_text][\/et_pb_column][\/et_pb_row][\/et_pb_section][et_pb_section fb_built=&#8221;1&#8243; admin_label=&#8221;Call to Action&#8221; _builder_version=&#8221;4.27.2&#8243; _module_preset=&#8221;default&#8221; custom_padding=&#8221;0px||8vw||false|false&#8221; animation_style=&#8221;fade&#8221; saved_tabs=&#8221;all&#8221; collapsed=&#8221;on&#8221; global_colors_info=&#8221;{}&#8221;][et_pb_row column_structure=&#8221;2_5,3_5&#8243; make_equal=&#8221;on&#8221; _builder_version=&#8221;4.27.2&#8243; _module_preset=&#8221;default&#8221; background_color=&#8221;gcid-fa957022-7f68-4c63-9382-2437a00591d9&#8243; custom_margin=&#8221;||||false|false&#8221; custom_padding=&#8221;0px||0px||true|false&#8221; box_shadow_style=&#8221;preset4&#8243; box_shadow_horizontal=&#8221;21em&#8221; box_shadow_vertical=&#8221;0px&#8221; box_shadow_color=&#8221;gcid-fa957022-7f68-4c63-9382-2437a00591d9&#8243; box_shadow_color_tablet=&#8221;RGBA(255,255,255,0)&#8221; box_shadow_color_phone=&#8221;&#8221; box_shadow_color_last_edited=&#8221;on|tablet&#8221; global_colors_info=&#8221;{%22gcid-fa957022-7f68-4c63-9382-2437a00591d9%22:%91%22background_color%22,%22box_shadow_color%22%93}&#8221;][et_pb_column type=&#8221;2_5&#8243; _builder_version=&#8221;4.19.2&#8243; _module_preset=&#8221;default&#8221; use_background_color_gradient=&#8221;on&#8221; background_color_gradient_direction=&#8221;90deg&#8221; background_color_gradient_stops=&#8221;#ffffff 70%|gcid-fa957022-7f68-4c63-9382-2437a00591d9 70%&#8221; global_colors_info=&#8221;{%22gcid-fa957022-7f68-4c63-9382-2437a00591d9%22:%91%22background_color_gradient_stops%22%93}&#8221;][et_pb_image src=&#8221;https:\/\/circle2learning.eu\/lt\/wp-content\/uploads\/2023\/02\/Beach-small.jpg&#8221; alt=&#8221;beach&#8221; title_text=&#8221;Beach small&#8221; _builder_version=&#8221;4.27.2&#8243; _module_preset=&#8221;default&#8221; max_width=&#8221;600px&#8221; max_height=&#8221;402px&#8221; custom_margin=&#8221;8vw|-8vw|-4vw||false|false&#8221; custom_margin_tablet=&#8221;0vw|0vw|0vw||false|false&#8221; custom_margin_phone=&#8221;&#8221; custom_margin_last_edited=&#8221;on|tablet&#8221; global_colors_info=&#8221;{}&#8221;][\/et_pb_image][\/et_pb_column][et_pb_column type=&#8221;3_5&#8243; _builder_version=&#8221;4.27.2&#8243; _module_preset=&#8221;default&#8221; custom_padding=&#8221;4vw|||8vw|false|false&#8221; custom_padding_tablet=&#8221;0vw|30px|30px|30px|false|true&#8221; custom_padding_phone=&#8221;|20px|20px|20px|false|true&#8221; custom_padding_last_edited=&#8221;on|desktop&#8221; global_colors_info=&#8221;{}&#8221;][et_pb_text _builder_version=&#8221;4.27.0&#8243; _module_preset=&#8221;_initial&#8221; header_text_color=&#8221;#000000&#8243; header_2_font=&#8221;|700|||||||&#8221; header_2_text_color=&#8221;#000000&#8243; header_2_font_size=&#8221;3em&#8221; animation_style=&#8221;slide&#8221; animation_direction=&#8221;right&#8221; header_2_font_size_tablet=&#8221;3em&#8221; header_2_font_size_phone=&#8221;2.5em&#8221; header_2_font_size_last_edited=&#8221;on|phone&#8221; global_colors_info=&#8221;{}&#8221;]<\/p>\n<h2>Turizmas<\/h2>\n<p>[\/et_pb_text][et_pb_text _builder_version=&#8221;4.27.4&#8243; _module_preset=&#8221;_initial&#8221; text_font=&#8221;||||||||&#8221; text_font_size=&#8221;1.2em&#8221; text_line_height=&#8221;1.8em&#8221; header_text_color=&#8221;#000000&#8243; header_2_text_color=&#8221;#000000&#8243; text_font_size_tablet=&#8221;1.2em&#8221; text_font_size_phone=&#8221;1.1em&#8221; text_font_size_last_edited=&#8221;on|phone&#8221; global_colors_info=&#8221;{}&#8221;]<\/p>\n<p><span style=\"font-weight: 400;\">Europos turizmo sektorius \u2013 did\u017eiulis \u016bkio variklis kasmet generuojantis 666 mlrd. eur\u0173 (beveik 4 proc. regiono BVP) ir u\u017etikrinantis darbo vietas net 11,9 mln. \u017emoni\u0173. Tai tarsi sud\u0117tingas mechanizmas, kuriame sukasi kelioni\u0173 organizatoriai, vie\u0161bu\u010diai, restoranai ir daugyb\u0117 kit\u0173 versl\u0173.<\/span><\/p>\n<p><span style=\"font-weight: 400;\">\u0160is sektorius yra gyvybi\u0161kai svarbus pakran\u010di\u0173 regionams, miestams ir visoms valstyb\u0117ms. Ta\u010diau \u0161iandien turizmas ie\u0161ko b\u016bd\u0173 tapti tvarios ateities dalimi.<\/span><\/p>\n<p><span style=\"font-weight: 400;\">Kur gl\u016bdi \u017eiedin\u0117s ekonomikos potencialas? M\u016bs\u0173 parengtoje mokymo med\u017eiagoje nagrin\u0117jame konkre\u010dias galimybes apgyvendinimo, maitinimo, transporto paslaug\u0173 teik\u0117jams, turizmo rengini\u0173 organizatoriams ir lankytin\u0173 viet\u0173 operatoriams.<\/span><\/p>\n<p>[\/et_pb_text][et_pb_button button_url=&#8221;https:\/\/circle2learning.eu\/lt\/tourism\/&#8221; url_new_window=&#8221;on&#8221; button_text=&#8221;Su\u017einokite daugiau&#8221; module_class=&#8221;zoomb&#8221; _builder_version=&#8221;4.27.0&#8243; _module_preset=&#8221;_initial&#8221; custom_button=&#8221;on&#8221; button_text_size=&#8221;14px&#8221; button_text_color=&#8221;#000000&#8243; button_border_radius=&#8221;0px&#8221; button_letter_spacing=&#8221;0.2em&#8221; button_font=&#8221;|600||on|||||&#8221; custom_margin=&#8221;||10px||false|false&#8221; custom_padding=&#8221;16px|24px|16px|24px|true|true&#8221; animation_style=&#8221;slide&#8221; animation_direction=&#8221;right&#8221; custom_css_free_form=&#8221;.zoomb {||  transition: all 0.3s ease-in-out;||}||||.zoomb:hover {||  transform: scale(1.05);||}&#8221; global_colors_info=&#8221;{}&#8221;][\/et_pb_button][\/et_pb_column][\/et_pb_row][\/et_pb_section][et_pb_section fb_built=&#8221;1&#8243; admin_label=&#8221;Call to Action&#8221; _builder_version=&#8221;4.27.2&#8243; _module_preset=&#8221;default&#8221; custom_padding=&#8221;0px||8vw||false|false&#8221; animation_style=&#8221;fade&#8221; saved_tabs=&#8221;all&#8221; collapsed=&#8221;on&#8221; global_colors_info=&#8221;{}&#8221;][et_pb_row column_structure=&#8221;2_5,3_5&#8243; make_equal=&#8221;on&#8221; _builder_version=&#8221;4.27.2&#8243; _module_preset=&#8221;default&#8221; background_color=&#8221;gcid-fa957022-7f68-4c63-9382-2437a00591d9&#8243; custom_padding=&#8221;0px||0px||true|false&#8221; box_shadow_style=&#8221;preset4&#8243; box_shadow_horizontal=&#8221;21em&#8221; box_shadow_vertical=&#8221;0px&#8221; box_shadow_color=&#8221;gcid-fa957022-7f68-4c63-9382-2437a00591d9&#8243; box_shadow_color_tablet=&#8221;RGBA(255,255,255,0)&#8221; box_shadow_color_phone=&#8221;&#8221; box_shadow_color_last_edited=&#8221;on|tablet&#8221; global_colors_info=&#8221;{%22gcid-fa957022-7f68-4c63-9382-2437a00591d9%22:%91%22background_color%22,%22box_shadow_color%22%93}&#8221;][et_pb_column type=&#8221;2_5&#8243; _builder_version=&#8221;4.19.2&#8243; _module_preset=&#8221;default&#8221; use_background_color_gradient=&#8221;on&#8221; background_color_gradient_direction=&#8221;90deg&#8221; background_color_gradient_stops=&#8221;#ffffff 70%|gcid-fa957022-7f68-4c63-9382-2437a00591d9 70%&#8221; global_colors_info=&#8221;{%22gcid-fa957022-7f68-4c63-9382-2437a00591d9%22:%91%22background_color_gradient_stops%22%93}&#8221;][et_pb_image src=&#8221;https:\/\/circle2learning.eu\/lt\/wp-content\/uploads\/2024\/11\/Train-e1730647305294.webp&#8221; alt=&#8221;train&#8221; title_text=&#8221;Train&#8221; _builder_version=&#8221;4.27.2&#8243; _module_preset=&#8221;default&#8221; max_width=&#8221;600px&#8221; max_height=&#8221;402px&#8221; custom_margin=&#8221;8vw|-8vw|-4vw||false|false&#8221; custom_margin_tablet=&#8221;0vw|0vw|0vw||false|false&#8221; custom_margin_phone=&#8221;&#8221; custom_margin_last_edited=&#8221;on|tablet&#8221; global_colors_info=&#8221;{}&#8221;][\/et_pb_image][\/et_pb_column][et_pb_column type=&#8221;3_5&#8243; _builder_version=&#8221;4.19.2&#8243; _module_preset=&#8221;default&#8221; custom_padding=&#8221;4vw|||8vw|false|false&#8221; custom_padding_tablet=&#8221;0vw|30px|30px|30px|false|true&#8221; custom_padding_phone=&#8221;|20px|20px|20px|false|true&#8221; custom_padding_last_edited=&#8221;on|desktop&#8221; global_colors_info=&#8221;{}&#8221;][et_pb_text _builder_version=&#8221;4.27.0&#8243; _module_preset=&#8221;_initial&#8221; header_text_color=&#8221;#000000&#8243; header_2_font=&#8221;|700|||||||&#8221; header_2_text_color=&#8221;#000000&#8243; header_2_font_size=&#8221;3em&#8221; animation_style=&#8221;slide&#8221; animation_direction=&#8221;right&#8221; header_2_font_size_tablet=&#8221;3em&#8221; header_2_font_size_phone=&#8221;2.5em&#8221; header_2_font_size_last_edited=&#8221;on|phone&#8221; global_colors_info=&#8221;{}&#8221;]<\/p>\n<h2>Transportas<\/h2>\n<p>[\/et_pb_text][et_pb_text _builder_version=&#8221;4.27.0&#8243; _module_preset=&#8221;_initial&#8221; text_font=&#8221;||||||||&#8221; text_font_size=&#8221;1.2em&#8221; text_line_height=&#8221;1.8em&#8221; header_text_color=&#8221;#000000&#8243; header_2_text_color=&#8221;#000000&#8243; text_font_size_tablet=&#8221;1.2em&#8221; text_font_size_phone=&#8221;1.1em&#8221; text_font_size_last_edited=&#8221;on|phone&#8221; global_colors_info=&#8221;{}&#8221; custom_padding=&#8221;||2px|||&#8221;]<\/p>\n<p><span style=\"font-weight: 400;\">Transporto sektorius Europos S\u0105jungoje yra gyvybi\u0161kai svarbus: generuoja 664 mlrd. eur\u0173 (apie 9 % BVP) ir u\u017etikrina laisv\u0105 preki\u0173 bei \u017emoni\u0173 jud\u0117jim\u0105. \u0160ioje srityje dirba daugiau nei 11 mln. \u017emoni\u0173, kurie kasdien palaiko ekonomikos gyvybingum\u0105.<\/span><\/p>\n<p><span style=\"font-weight: 400;\">Ta\u010diau kartu tai ir did\u017eiulis i\u0161\u0161\u016bkis tvarumui \u2013 did\u017eioji dalis sektoriaus vis dar priklauso nuo i\u0161kastinio kuro. \u0160ioje mokym\u0173 dalyje nagrin\u0117sime, kaip transportas sunaudoja i\u0161teklius ir kokios yra tvaresn\u0117s alternatyvos.<\/span><\/p>\n<p><span style=\"font-weight: 400;\">\u0160oje dalyje nagrin\u0117jame logiatikos, vie\u0161ojo transporto,automobii\u0173 inovacij\u0173 ir elektromobili\u0173, skaitmenizavimo galimybes prisid\u0117ti prie \u017eiedein\u0117s ekonomikos princip\u0173 \u012fgyvendinimo.<\/span><\/p>\n<p>[\/et_pb_text][et_pb_button button_url=&#8221;https:\/\/circle2learning.eu\/lt\/transport\/&#8221; url_new_window=&#8221;on&#8221; button_text=&#8221;Su\u017einokite daugiau&#8221; module_class=&#8221;zoomb&#8221; _builder_version=&#8221;4.27.0&#8243; _module_preset=&#8221;_initial&#8221; custom_button=&#8221;on&#8221; button_text_size=&#8221;14px&#8221; button_text_color=&#8221;#000000&#8243; button_border_radius=&#8221;0px&#8221; button_letter_spacing=&#8221;0.2em&#8221; button_font=&#8221;|600||on|||||&#8221; custom_margin=&#8221;||10px||false|false&#8221; custom_padding=&#8221;16px|24px|16px|24px|true|true&#8221; animation_style=&#8221;slide&#8221; animation_direction=&#8221;right&#8221; global_colors_info=&#8221;{}&#8221;][\/et_pb_button][\/et_pb_column][\/et_pb_row][\/et_pb_section][et_pb_section fb_built=&#8221;1&#8243; admin_label=&#8221;Call to Action&#8221; _builder_version=&#8221;4.27.2&#8243; _module_preset=&#8221;default&#8221; custom_padding=&#8221;0px||8vw||false|false&#8221; animation_style=&#8221;fade&#8221; saved_tabs=&#8221;all&#8221; collapsed=&#8221;on&#8221; global_colors_info=&#8221;{}&#8221;][et_pb_row column_structure=&#8221;2_5,3_5&#8243; make_equal=&#8221;on&#8221; _builder_version=&#8221;4.27.2&#8243; _module_preset=&#8221;default&#8221; background_color=&#8221;gcid-fa957022-7f68-4c63-9382-2437a00591d9&#8243; custom_padding=&#8221;0px||0px||true|false&#8221; box_shadow_style=&#8221;preset4&#8243; box_shadow_horizontal=&#8221;21em&#8221; box_shadow_vertical=&#8221;0px&#8221; box_shadow_color=&#8221;gcid-fa957022-7f68-4c63-9382-2437a00591d9&#8243; box_shadow_color_tablet=&#8221;RGBA(255,255,255,0)&#8221; box_shadow_color_phone=&#8221;&#8221; box_shadow_color_last_edited=&#8221;on|tablet&#8221; global_colors_info=&#8221;{%22gcid-fa957022-7f68-4c63-9382-2437a00591d9%22:%91%22background_color%22,%22box_shadow_color%22%93}&#8221;][et_pb_column type=&#8221;2_5&#8243; _builder_version=&#8221;4.19.2&#8243; _module_preset=&#8221;default&#8221; use_background_color_gradient=&#8221;on&#8221; background_color_gradient_direction=&#8221;90deg&#8221; background_color_gradient_stops=&#8221;#ffffff 70%|gcid-fa957022-7f68-4c63-9382-2437a00591d9 70%&#8221; global_colors_info=&#8221;{%22gcid-fa957022-7f68-4c63-9382-2437a00591d9%22:%91%22background_color_gradient_stops%22%93}&#8221;][et_pb_image src=&#8221;https:\/\/circle2learning.eu\/lt\/wp-content\/uploads\/2023\/02\/rapeseed-small.jpg&#8221; alt=&#8221;rapeseed&#8221; title_text=&#8221;rapeseed small&#8221; _builder_version=&#8221;4.27.2&#8243; _module_preset=&#8221;default&#8221; max_width=&#8221;600px&#8221; max_height=&#8221;402px&#8221; custom_margin=&#8221;8vw|-8vw|-4vw||false|false&#8221; custom_margin_tablet=&#8221;0vw|0vw|0vw||false|false&#8221; custom_margin_phone=&#8221;&#8221; custom_margin_last_edited=&#8221;on|tablet&#8221; global_colors_info=&#8221;{}&#8221;][\/et_pb_image][\/et_pb_column][et_pb_column type=&#8221;3_5&#8243; _builder_version=&#8221;4.19.2&#8243; _module_preset=&#8221;default&#8221; custom_padding=&#8221;4vw|||8vw|false|false&#8221; custom_padding_tablet=&#8221;0vw|30px|30px|30px|false|true&#8221; custom_padding_phone=&#8221;|20px|20px|20px|false|true&#8221; custom_padding_last_edited=&#8221;on|desktop&#8221; global_colors_info=&#8221;{}&#8221;][et_pb_text _builder_version=&#8221;4.27.0&#8243; _module_preset=&#8221;_initial&#8221; header_text_color=&#8221;#000000&#8243; header_2_font=&#8221;|700|||||||&#8221; header_2_text_color=&#8221;#000000&#8243; header_2_font_size=&#8221;3em&#8221; animation_style=&#8221;slide&#8221; animation_direction=&#8221;right&#8221; header_2_font_size_tablet=&#8221;3em&#8221; header_2_font_size_phone=&#8221;2.5em&#8221; header_2_font_size_last_edited=&#8221;on|phone&#8221; global_colors_info=&#8221;{}&#8221;]<\/p>\n<h2>\u017dem\u0117s \u016bkis<\/h2>\n<p>[\/et_pb_text][et_pb_text _builder_version=&#8221;4.27.0&#8243; _module_preset=&#8221;_initial&#8221; text_font=&#8221;||||||||&#8221; text_font_size=&#8221;1.2em&#8221; text_line_height=&#8221;1.8em&#8221; header_text_color=&#8221;#000000&#8243; header_2_text_color=&#8221;#000000&#8243; text_font_size_tablet=&#8221;1.2em&#8221; text_font_size_phone=&#8221;1.1em&#8221; text_font_size_last_edited=&#8221;on|phone&#8221; global_colors_info=&#8221;{}&#8221;]<\/p>\n<p><span style=\"font-weight: 400;\">\u017dem\u0117s \u016bkis 2022 metais Europos S\u0105jungai buvo svarbus ekonominis ramstis: generavo 222 mlrd. eur\u0173 ir tapo pagrindiniu grynu eksporto \u0161altiniu. \u0160is sektorius i\u0161laiko darbo vietas net 20 mln. \u017emoni\u0173, kurdamas ekonomin\u012f stabilum\u0105.<\/span><\/p>\n<p><span style=\"font-weight: 400;\">Ta\u010diau kartu tai ir labai jautri sritis. \u017dem\u0117s \u016bkis nuolat patiria i\u0161\u0161\u016bki\u0173: nuo pasaulin\u0117s konkurencijos iki klimato kaitos bei brangstan\u010di\u0173 i\u0161tekli\u0173, pavyzd\u017eiui, tr\u0105\u0161\u0173. \u010cia ap\u017evelgsime, kaip \u017eem\u0117s \u016bkis gali tapti tvartesnis, pritaikant \u017eiedin\u0117s ekonomikos principus.<\/span><\/p>\n<p><span style=\"font-weight: 400;\">\u016akininkavimo proces\u0173 tobulinimas, maisto ir ir jas papildan\u010di\u0173 nenat\u016brali\u0173 atliek\u0173, anglies dioksido i\u0161metamo kiekio ma\u017einimas, organini\u0173 atliek\u0173 efektyvus panaudojimas aptariamas \u0161iame skyriuje.<\/span><\/p>\n<p>[\/et_pb_text][et_pb_button button_url=&#8221;https:\/\/circle2learning.eu\/lt\/agriculture\/&#8221; url_new_window=&#8221;on&#8221; button_text=&#8221;Su\u017einokite daugiau&#8221; module_class=&#8221;zoomb&#8221; _builder_version=&#8221;4.27.0&#8243; _module_preset=&#8221;_initial&#8221; custom_button=&#8221;on&#8221; button_text_size=&#8221;14px&#8221; button_text_color=&#8221;#000000&#8243; button_border_radius=&#8221;0px&#8221; button_letter_spacing=&#8221;0.2em&#8221; button_font=&#8221;|600||on|||||&#8221; custom_margin=&#8221;||10px||false|false&#8221; custom_padding=&#8221;16px|24px|16px|24px|true|true&#8221; animation_style=&#8221;slide&#8221; animation_direction=&#8221;right&#8221; global_colors_info=&#8221;{}&#8221;][\/et_pb_button][\/et_pb_column][\/et_pb_row][\/et_pb_section]<\/p>\n","protected":false},"excerpt":{"rendered":"<p>Projekto metu sukurti interaktyv\u016bs mokymo moduliai, skirti turizmo, transporto ir \u017eem\u0117s \u016bkio sektoriams, pasinaudojant atvirojo kodo \u012fskiepiu H5P. Kiekviename modulyje pateikiami: vaizdo interviu su ma\u017e\u0173 ir vidutini\u0173 \u012fmoni\u0173, vie\u0161ojo sektoriaus atstovais; interaktyvi mokymo(si) med\u017eiaga; mokymosi i\u0161tekli\u0173 rinkiniai atsisiuntimui (PDF, Excel, Word formatu). Mokomoji med\u017eiaga parengta atliepiant profesijos mokytoj\u0173 poreik\u012f mokyti \u017eiedin\u0117s ekonomikos princip\u0173 ir j\u0173 [&hellip;]<\/p>\n","protected":false},"author":2,"featured_media":0,"parent":0,"menu_order":0,"comment_status":"closed","ping_status":"closed","template":"","meta":{"_et_pb_use_builder":"on","_et_pb_old_content":"<!-- wp:divi\/placeholder \/-->","_et_gb_content_width":"","footnotes":""},"class_list":["post-33","page","type-page","status-publish","hentry"],"_links":{"self":[{"href":"https:\/\/circle2learning.eu\/lt\/wp-json\/wp\/v2\/pages\/33","targetHints":{"allow":["GET"]}}],"collection":[{"href":"https:\/\/circle2learning.eu\/lt\/wp-json\/wp\/v2\/pages"}],"about":[{"href":"https:\/\/circle2learning.eu\/lt\/wp-json\/wp\/v2\/types\/page"}],"author":[{"embeddable":true,"href":"https:\/\/circle2learning.eu\/lt\/wp-json\/wp\/v2\/users\/2"}],"replies":[{"embeddable":true,"href":"https:\/\/circle2learning.eu\/lt\/wp-json\/wp\/v2\/comments?post=33"}],"version-history":[{"count":38,"href":"https:\/\/circle2learning.eu\/lt\/wp-json\/wp\/v2\/pages\/33\/revisions"}],"predecessor-version":[{"id":1324,"href":"https:\/\/circle2learning.eu\/lt\/wp-json\/wp\/v2\/pages\/33\/revisions\/1324"}],"wp:attachment":[{"href":"https:\/\/circle2learning.eu\/lt\/wp-json\/wp\/v2\/media?parent=33"}],"curies":[{"name":"wp","href":"https:\/\/api.w.org\/{rel}","templated":true}]}}