{"id":420,"date":"2023-06-06T15:08:30","date_gmt":"2023-06-06T15:08:30","guid":{"rendered":"https:\/\/circle2learning.eu\/lt\/?page_id=420"},"modified":"2025-02-07T13:05:14","modified_gmt":"2025-02-07T13:05:14","slug":"transport","status":"publish","type":"page","link":"https:\/\/circle2learning.eu\/lt\/transport\/","title":{"rendered":"Transport"},"content":{"rendered":"<p>[et_pb_section fb_built=&#8221;1&#8243; fullwidth=&#8221;on&#8221; _builder_version=&#8221;4.21.0&#8243; _module_preset=&#8221;default&#8221; background_color=&#8221;#595959&#8243; global_colors_info=&#8221;{}&#8221;][et_pb_fullwidth_slider use_bg_overlay=&#8221;off&#8221; _builder_version=&#8221;4.21.0&#8243; _module_preset=&#8221;default&#8221; header_font=&#8221;|700|||||||&#8221; header_letter_spacing=&#8221;1px&#8221; header_line_height=&#8221;1.1em&#8221; body_font=&#8221;|600|||||||&#8221; body_font_size=&#8221;16px&#8221; body_letter_spacing=&#8221;1px&#8221; body_line_height=&#8221;1.8em&#8221; background_color=&#8221;#7c7c7c&#8221; background_color_tablet=&#8221;#686868&#8243; background_color_phone=&#8221;#999999&#8243; background_last_edited=&#8221;off|tablet&#8221; background_enable_color_tablet=&#8221;on&#8221; background_enable_color_phone=&#8221;on&#8221; global_colors_info=&#8221;{}&#8221;][et_pb_slide heading=&#8221;Transportas&#8221; image=&#8221;https:\/\/circle2learning.eu\/lt\/wp-content\/uploads\/2023\/02\/Train.jpg&#8221; _builder_version=&#8221;4.21.0&#8243; _module_preset=&#8221;default&#8221; background_color=&#8221;#707070&#8243; background_enable_color=&#8221;on&#8221; global_colors_info=&#8221;{}&#8221; sticky_transition=&#8221;on&#8221;]<\/p>\n<p><span>Transportui tenka svarbus vaidmuo darnaus vystymosi srityje, nes jis tiesiogiai veikia \u012fvairius aplinkos, socialinius ir ekonominius aspektus. Integruodami tvarumo principus \u012f transporto planavim\u0105 ir veikl\u0105, galime sukurti aplinkai draugi\u0161kesn\u012f, socialiai \u012ftraukesn\u012f ir ekonomi\u0161kai gyvybingesn\u012f transporto sektori\u0173. \u0160iame skyriuje pateikiama mokymo med\u017eiaga apie transporto ir \u017eiedin\u0117s ekonomikos integracij\u0105.<\/span><\/p>\n<p>[\/et_pb_slide][\/et_pb_fullwidth_slider][\/et_pb_section][et_pb_section fb_built=&#8221;1&#8243; specialty=&#8221;on&#8221; admin_label=&#8221;All Courses&#8221; _builder_version=&#8221;4.16&#8243; custom_padding=&#8221;100px|0px|100px|0px&#8221; global_colors_info=&#8221;{}&#8221;][et_pb_column type=&#8221;1_3&#8243; _builder_version=&#8221;4.16&#8243; custom_padding=&#8221;|||&#8221; global_colors_info=&#8221;{}&#8221; parallax__hover=&#8221;off&#8221; parallax_method__hover=&#8221;on&#8221; custom_padding__hover=&#8221;|||&#8221;][et_pb_text _builder_version=&#8221;4.25.1&#8243; header_font=&#8221;||||||||&#8221; header_2_font=&#8221;|700|||||||&#8221; header_2_text_color=&#8221;#7272ff&#8221; header_2_font_size=&#8221;36px&#8221; header_2_line_height=&#8221;1.3em&#8221; custom_margin=&#8221;||20px|&#8221; animation_style=&#8221;slide&#8221; animation_direction=&#8221;bottom&#8221; animation_intensity_slide=&#8221;10%&#8221; locked=&#8221;off&#8221; global_colors_info=&#8221;{}&#8221; header_font_size__hover=&#8221;30px&#8221; header_font_size__hover_enabled=&#8221;30px&#8221; header_letter_spacing__hover=&#8221;0px&#8221; header_letter_spacing__hover_enabled=&#8221;0px&#8221; header_text_shadow_style__hover=&#8221;none&#8221; header_text_shadow_style__hover_enabled=&#8221;none&#8221; header_text_shadow_color__hover=&#8221;rgba(0,0,0,0.4)&#8221; header_text_shadow_color__hover_enabled=&#8221;rgba(0,0,0,0.4)&#8221;]<\/p>\n<h2><span style=\"color: #008080;\">Mokymo med\u017eiaga apie \u017eiedin\u0119 ekonomik\u0105\u00a0 transporto sektoriuje<\/span><\/h2>\n<p>[\/et_pb_text][et_pb_divider color=&#8221;#09e1c0&#8243; divider_weight=&#8221;4px&#8221; disabled_on=&#8221;on|on|off&#8221; _builder_version=&#8221;4.16&#8243; background_size=&#8221;initial&#8221; background_position=&#8221;top_left&#8221; background_repeat=&#8221;repeat&#8221; max_width=&#8221;40px&#8221; module_alignment=&#8221;left&#8221; custom_margin=&#8221;||10px|&#8221; animation_style=&#8221;zoom&#8221; animation_direction=&#8221;left&#8221; saved_tabs=&#8221;all&#8221; locked=&#8221;off&#8221; global_colors_info=&#8221;{}&#8221;][\/et_pb_divider][et_pb_text _builder_version=&#8221;4.21.0&#8243; text_font=&#8221;||||||||&#8221; text_text_color=&#8221;#000000&#8243; text_font_size=&#8221;16px&#8221; text_line_height=&#8221;1.9em&#8221; header_font=&#8221;||||||||&#8221; header_4_font=&#8221;|700|||||||&#8221; header_4_font_size=&#8221;16px&#8221; header_4_line_height=&#8221;1.9em&#8221; animation_style=&#8221;zoom&#8221; animation_intensity_zoom=&#8221;6%&#8221; locked=&#8221;off&#8221; global_colors_info=&#8221;{}&#8221;]<\/p>\n<h4>\u00a0Transporto sektoriuje dirba daug ir \u012fvairi\u0173 profesij\u0173 bei kompetencij\u0173 turin\u010di\u0173 \u017emoni\u0173<\/h4>\n<p>Europos transporto sektoriui tenka itin svarbus vaidmuo skatinant ekonomikos augim\u0105, regionin\u0119 integracij\u0105 ir \u017emoni\u0173 bei preki\u0173 jud\u0117jim\u0105 visame \u017eemyne. Jis apima \u012fvairias transporto r\u016b\u0161is, \u012fskaitant keli\u0173, gele\u017einkeli\u0173, oro ir j\u016br\u0173 transport\u0105, kuri\u0173 kiekviena yra bendro transporto tinklo dalis.<\/p>\n<p>\u017diedin\u0117 ekonomika &#8211; tai galimyb\u0117 mokiniams ir profesinio mokymo specialistams \u012f savo veikl\u0105 \u012ftraukti tvarum\u0105 ir \u017eiedin\u0119 ekonomik\u0105. Kiekvienas sektorius gali nustatyti naujus veiklos b\u016bdus, leid\u017eian\u010dius generuoti ma\u017eiau atliek\u0173, ma\u017einti anglies dioksido poveik\u012f ir efektyviau naudoti energij\u0105.<\/p>\n<p>[\/et_pb_text][et_pb_divider divider_weight=&#8221;4px&#8221; _builder_version=&#8221;4.21.0&#8243; _module_preset=&#8221;default&#8221; global_colors_info=&#8221;{}&#8221;][\/et_pb_divider][et_pb_blurb title=&#8221;Mokymo(si) i\u0161tekli\u0173 rinkinys 1&#8243; url=&#8221;https:\/\/circle2learning.eu\/lt\/transport-resource-pack-1\/&#8221; image=&#8221;https:\/\/circle2learning.eu\/lt\/wp-content\/uploads\/2023\/06\/icons8-books-80.png&#8221; icon_placement=&#8221;left&#8221; image_icon_width=&#8221;180%&#8221; _builder_version=&#8221;4.25.1&#8243; _module_preset=&#8221;default&#8221; header_font=&#8221;|700|||||||&#8221; header_line_height=&#8221;1.5em&#8221; body_text_color=&#8221;#000000&#8243; body_line_height=&#8221;1.9em&#8221; link_option_url=&#8221;https:\/\/circle2learning.eu\/lt\/transport-resource-pack-1\/&#8221; global_colors_info=&#8221;{}&#8221;]<\/p>\n<p>Pasinaudokite rinkmenomis ir \u012frankiais, kurie gali Jums praversti keliaujant \u017eiedin\u0117s ekonomikos keliu.<\/p>\n<p>\u0160iuos i\u0161teklius mokiniai gali naudoti individualiai.<\/p>\n<p>[\/et_pb_blurb][et_pb_blurb title=&#8221;Mokymo(si) i\u0161tekli\u0173 rinkinys 2&#8243; url=&#8221;https:\/\/circle2learning.eu\/lt\/transport-resource-pack-2\/&#8221; image=&#8221;https:\/\/circle2learning.eu\/lt\/wp-content\/uploads\/2023\/06\/icons8-books-80.png&#8221; icon_placement=&#8221;left&#8221; _builder_version=&#8221;4.25.1&#8243; _module_preset=&#8221;default&#8221; header_font=&#8221;|700|||||||&#8221; header_line_height=&#8221;1.5em&#8221; body_text_color=&#8221;#000000&#8243; body_line_height=&#8221;1.9em&#8221; link_option_url=&#8221;https:\/\/circle2learning.eu\/lt\/transport-resource-pack-2\/&#8221; global_colors_info=&#8221;{}&#8221;]<\/p>\n<p>\u00a0Pasinaudokite rinkmenomis ir \u012frankiais, kurie gali Jums praversti keliaujant \u017eiedin\u0117s ekonomikos keliu. Mokiniai, profesijos mokytojai ir verslo atstovai gali bendradarbiaudami analizuoti \u0161iuos i\u0161teklius.<\/p>\n<p>[\/et_pb_blurb][et_pb_blurb title=&#8221;Praktiniai pavyzd\u017eiai&#8221; url=&#8221;https:\/\/circle2learning.eu\/lt\/wp-content\/uploads\/2025\/02\/Transportas_visa-knyga_lt.pdf&#8221; image=&#8221;https:\/\/circle2learning.eu\/lt\/wp-content\/uploads\/2023\/06\/icons8-books-80.png&#8221; icon_placement=&#8221;left&#8221; _builder_version=&#8221;4.27.4&#8243; _module_preset=&#8221;default&#8221; header_font=&#8221;|700|||||||&#8221; header_line_height=&#8221;1.5em&#8221; body_text_color=&#8221;#000000&#8243; body_line_height=&#8221;1.9em&#8221; link_option_url=&#8221;https:\/\/circle2learning.eu\/lt\/wp-content\/uploads\/2025\/02\/Transportas_visa-knyga_lt.pdf&#8221; hover_enabled=&#8221;0&#8243; global_colors_info=&#8221;{}&#8221; sticky_enabled=&#8221;0&#8243;]<\/p>\n<p>Transporto interviu rinkinys<\/p>\n<p>[\/et_pb_blurb][\/et_pb_column][et_pb_column type=&#8221;2_3&#8243; specialty_columns=&#8221;2&#8243; _builder_version=&#8221;4.16&#8243; custom_padding=&#8221;|||&#8221; global_colors_info=&#8221;{}&#8221; parallax__hover=&#8221;off&#8221; parallax_method__hover=&#8221;on&#8221; custom_padding__hover=&#8221;|||&#8221;][et_pb_row_inner use_custom_gutter=&#8221;on&#8221; gutter_width=&#8221;1&#8243; _builder_version=&#8221;4.19.5&#8243; width=&#8221;100%&#8221; custom_margin=&#8221;|106px||||&#8221; custom_padding=&#8221;0px|0px|0px|0px&#8221; animation_style=&#8221;zoom&#8221; animation_intensity_zoom=&#8221;6%&#8221; box_shadow_style=&#8221;preset1&#8243; box_shadow_vertical=&#8221;10px&#8221; box_shadow_blur=&#8221;60px&#8221; box_shadow_color=&#8221;rgba(71,74,182,0.12)&#8221; global_colors_info=&#8221;{}&#8221;][et_pb_column_inner saved_specialty_column_type=&#8221;2_3&#8243; module_class=&#8221;et_pb_column_1_2&#8243; _builder_version=&#8221;4.16&#8243; custom_padding=&#8221;|||&#8221; global_colors_info=&#8221;{}&#8221; parallax__hover=&#8221;off&#8221; parallax_method__hover=&#8221;on&#8221; module_class__hover=&#8221;et_pb_column_1_2&#8243; custom_padding__hover=&#8221;|||&#8221;][et_pb_blurb title=&#8221;1. Transportas ir \u017eiedin\u0117 ekonomika&#8221; url=&#8221;https:\/\/circle2learning.eu\/lt\/transport-and-ce\/&#8221; image=&#8221;https:\/\/circle2learning.eu\/lt\/wp-content\/uploads\/2023\/07\/bus-stop.png&#8221; icon_placement=&#8221;left&#8221; image_icon_width=&#8221;64px&#8221; content_max_width=&#8221;1100px&#8221; _builder_version=&#8221;4.21.0&#8243; header_font=&#8221;|on|||&#8221; header_text_color=&#8221;#2e2545&#8243; header_line_height=&#8221;1.5em&#8221; body_text_color=&#8221;#000000&#8243; body_line_height=&#8221;1.9em&#8221; background_color=&#8221;#ffffff&#8221; width=&#8221;100%&#8221; custom_margin=&#8221;|||&#8221; custom_padding=&#8221;30px|30px|30px|30px&#8221; animation_style=&#8221;zoom&#8221; animation_direction=&#8221;bottom&#8221; animation_intensity_zoom=&#8221;20%&#8221; animation_starting_opacity=&#8221;100%&#8221; link_option_url=&#8221;https:\/\/circle2learning.eu\/lt\/transport-and-ce\/&#8221; box_shadow_style=&#8221;preset7&#8243; box_shadow_horizontal=&#8221;-1px&#8221; box_shadow_vertical=&#8221;-1px&#8221; box_shadow_color=&#8221;rgba(71,74,182,0.12)&#8221; image_max_width=&#8221;64px&#8221; locked=&#8221;off&#8221; global_colors_info=&#8221;{}&#8221;]<\/p>\n<p><a href=\"https:\/\/circle2learning.eu\/lt\/tourism-1\/\" target=\"_blank\" rel=\"noopener\"><\/a><span>Transportas ir \u017eiedin\u0117 ekonomika &#8211; dvi s\u0105vokos, \u0161iandieniniame pasaulyje \u012fgyjan\u010dios vis didesn\u0119 reik\u0161m\u0119. Su\u017einokite, kaip \u017eiedin\u0117s ekonomikos princip\u0173 taikymas gali suma\u017einti poveik\u012f aplinkai ir sukurti aplinkai draugi\u0161kesn\u012f, socialiai \u012ftraukesn\u012f ir ekonomi\u0161kai gyvybingesn\u012f transporto sektori\u0173.<\/span><\/p>\n<p>[\/et_pb_blurb][et_pb_blurb title=&#8221;2. \u017diedin\u0117 ekonomika logistikoje &#8211; preki\u0173 jud\u0117jimas&#8221; url=&#8221;https:\/\/circle2learning.eu\/lt\/transport-and-logistics\/&#8221; image=&#8221;https:\/\/circle2learning.eu\/lt\/wp-content\/uploads\/2023\/07\/logistics.png&#8221; icon_placement=&#8221;left&#8221; image_icon_width=&#8221;64px&#8221; content_max_width=&#8221;1100px&#8221; _builder_version=&#8221;4.21.0&#8243; header_font=&#8221;|on|||&#8221; header_text_color=&#8221;#2e2545&#8243; header_line_height=&#8221;1.5em&#8221; body_text_color=&#8221;#000000&#8243; body_line_height=&#8221;1.9em&#8221; background_color=&#8221;#ffffff&#8221; custom_margin=&#8221;|||&#8221; custom_padding=&#8221;30px|30px|30px|30px&#8221; animation_style=&#8221;zoom&#8221; animation_direction=&#8221;bottom&#8221; animation_intensity_zoom=&#8221;20%&#8221; animation_starting_opacity=&#8221;100%&#8221; link_option_url=&#8221;https:\/\/circle2learning.eu\/lt\/transport-and-logistics\/&#8221; box_shadow_style=&#8221;preset7&#8243; box_shadow_horizontal=&#8221;-1px&#8221; box_shadow_vertical=&#8221;-1px&#8221; box_shadow_color=&#8221;rgba(71,74,182,0.12)&#8221; image_max_width=&#8221;64px&#8221; locked=&#8221;off&#8221; global_colors_info=&#8221;{}&#8221;]<\/p>\n<p style=\"text-align: left;\"><span>\u017diedin\u0117 ekonomika yra labai svarbi preki\u0173 jud\u0117jimo logistikos sektoriuje pertvarkymo sistema. Teikdama pirmenyb\u0119 i\u0161tekli\u0173 naudojimo efektyvumui, atliek\u0173 ma\u017einimui ir bendradarbiavimui, \u017eiedin\u0117s ekonomikos logistika gali prisid\u0117ti prie tvaresn\u0117s ir atsparesn\u0117s tiekimo grandin\u0117s k\u016brimo, kartu teikdama ekonomin\u0119 ir aplinkosaugin\u0119 naud\u0105.<\/span><\/p>\n<p>[\/et_pb_blurb][et_pb_blurb title=&#8221;3. \u017diedin\u0117 ekonomika logistikoje &#8211; \u017emoni\u0173 jud\u0117jimas&#8221; url=&#8221;https:\/\/circle2learning.eu\/lt\/transport-and-people\/&#8221; image=&#8221;https:\/\/circle2learning.eu\/lt\/wp-content\/uploads\/2023\/07\/public-transport.png&#8221; icon_placement=&#8221;left&#8221; image_icon_width=&#8221;64px&#8221; content_max_width=&#8221;1100px&#8221; _builder_version=&#8221;4.21.0&#8243; header_font=&#8221;|on|||&#8221; header_text_color=&#8221;#2e2545&#8243; header_line_height=&#8221;1.5em&#8221; body_text_color=&#8221;#000000&#8243; body_line_height=&#8221;1.9em&#8221; background_color=&#8221;#ffffff&#8221; custom_margin=&#8221;|||&#8221; custom_padding=&#8221;30px|30px|30px|30px&#8221; animation_style=&#8221;zoom&#8221; animation_direction=&#8221;bottom&#8221; animation_intensity_zoom=&#8221;20%&#8221; animation_starting_opacity=&#8221;100%&#8221; link_option_url=&#8221;https:\/\/circle2learning.eu\/lt\/transport-and-people\/&#8221; box_shadow_style=&#8221;preset7&#8243; box_shadow_horizontal=&#8221;-1px&#8221; box_shadow_vertical=&#8221;-1px&#8221; box_shadow_color=&#8221;rgba(71,74,182,0.12)&#8221; image_max_width=&#8221;64px&#8221; locked=&#8221;off&#8221; global_colors_info=&#8221;{}&#8221;]<\/p>\n<p><span>\u017diedin\u0117s ekonomikos metodas, taikomas \u017emoni\u0173 jud\u0117jimui, akcentuoja tvarias transporto sistemas, ma\u017eesn\u012f i\u0161metam\u0173j\u0173 ter\u0161al\u0173 kiek\u012f ir didesn\u0119 gerov\u0119. \u017diedin\u0117s ekonomikos praktika, skatinanti aktyvias transporto r\u016b\u0161is, bendro judumo paslaugas ir veiksming\u0105 i\u0161tekli\u0173 paskirstym\u0105, gali pakeisti \u017emoni\u0173 keliavimo b\u016bdus ir kurti tvaresn\u0119 bei \u012ftraukesn\u0119 visuomen\u0119.<\/span><\/p>\n<p>[\/et_pb_blurb][et_pb_blurb title=&#8221;4. Transporto priemoni\u0173 inovacijos&#8221; url=&#8221;https:\/\/circle2learning.eu\/lt\/transport-and-innovation\/&#8221; image=&#8221;https:\/\/circle2learning.eu\/lt\/wp-content\/uploads\/2023\/07\/innovation.png&#8221; icon_placement=&#8221;left&#8221; image_icon_width=&#8221;64px&#8221; content_max_width=&#8221;1100px&#8221; _builder_version=&#8221;4.21.0&#8243; header_font=&#8221;|on|||&#8221; header_text_color=&#8221;#2e2545&#8243; header_line_height=&#8221;1.5em&#8221; body_text_color=&#8221;#000000&#8243; body_line_height=&#8221;1.9em&#8221; background_color=&#8221;#ffffff&#8221; custom_margin=&#8221;|||&#8221; custom_padding=&#8221;30px|30px|30px|30px&#8221; animation_style=&#8221;zoom&#8221; animation_direction=&#8221;bottom&#8221; animation_intensity_zoom=&#8221;20%&#8221; animation_starting_opacity=&#8221;100%&#8221; link_option_url=&#8221;https:\/\/circle2learning.eu\/lt\/transport-and-innovation\/&#8221; box_shadow_style=&#8221;preset7&#8243; box_shadow_horizontal=&#8221;-1px&#8221; box_shadow_vertical=&#8221;-1px&#8221; box_shadow_color=&#8221;rgba(71,74,182,0.12)&#8221; image_max_width=&#8221;64px&#8221; locked=&#8221;off&#8221; global_colors_info=&#8221;{}&#8221;]<\/p>\n<p style=\"text-align: left;\"><span>Transporto priemoni\u0173 inovacijos atlieka svarb\u0173 vaidmen\u012f pereinant prie tvaresn\u0117s ir \u017eiedin\u0117s ekonomikos. \u017diedin\u0117s ekonomikos princip\u0173 integravimas \u012f transporto priemoni\u0173 projektavimo, gamybos, naudojimo ir eksploatacijos pabaigos etapus suteikia galimybi\u0173 maksimaliai efektyviai naudoti i\u0161teklius, ma\u017einti atliek\u0173 kiek\u012f ir poveik\u012f aplinkai.<\/span><\/p>\n<p>[\/et_pb_blurb][et_pb_blurb title=&#8221;5. Elektromobili\u0173 technologijos&#8221; url=&#8221;https:\/\/circle2learning.eu\/lt\/transport-and-electric-vehicles\/&#8221; image=&#8221;https:\/\/circle2learning.eu\/lt\/wp-content\/uploads\/2023\/07\/eco-car.png&#8221; icon_placement=&#8221;left&#8221; image_icon_width=&#8221;64px&#8221; content_max_width=&#8221;1100px&#8221; _builder_version=&#8221;4.21.0&#8243; header_font=&#8221;|on|||&#8221; header_text_color=&#8221;#2e2545&#8243; header_line_height=&#8221;1.5em&#8221; body_text_color=&#8221;#000000&#8243; body_line_height=&#8221;1.9em&#8221; background_color=&#8221;#ffffff&#8221; custom_margin=&#8221;|||&#8221; custom_padding=&#8221;30px|30px|30px|30px&#8221; animation_style=&#8221;zoom&#8221; animation_direction=&#8221;bottom&#8221; animation_intensity_zoom=&#8221;20%&#8221; animation_starting_opacity=&#8221;100%&#8221; link_option_url=&#8221;https:\/\/circle2learning.eu\/lt\/transport-and-electric-vehicles\/&#8221; box_shadow_style=&#8221;preset7&#8243; box_shadow_horizontal=&#8221;-1px&#8221; box_shadow_vertical=&#8221;-1px&#8221; box_shadow_color=&#8221;rgba(71,74,182,0.12)&#8221; image_max_width=&#8221;64px&#8221; locked=&#8221;off&#8221; global_colors_info=&#8221;{}&#8221;]<\/p>\n<p style=\"text-align: left;\"><span>Elektromobili\u0173 (EV) atsiradimas suteik\u0117 transformuojan\u010di\u0105 galimyb\u0119 pl\u0117toti \u017eiedin\u0117s ekonomikos principus. Naudojant perdirbtas med\u017eiagas, baterij\u0173 naujoves, efektyvi\u0105 \u012fkrovimo infrastrukt\u016br\u0105 ir duomenimis pagr\u012fst\u0105 optimizavim\u0105, \u017eiedin\u0117s ekonomikos principas maksimaliai padidina i\u0161tekli\u0173 naudojimo efektyvum\u0105 ir suma\u017eina atliek\u0173 kiek\u012f viso elektromobili\u0173 gyvavimo ciklo metu.<\/span><\/p>\n<p>[\/et_pb_blurb][et_pb_blurb title=&#8221;6. Transporto sistemos skaitmenizavimas&#8221; url=&#8221;https:\/\/circle2learning.eu\/lt\/transport-and-digitization\/&#8221; image=&#8221;https:\/\/circle2learning.eu\/lt\/wp-content\/uploads\/2023\/07\/map.png&#8221; icon_placement=&#8221;left&#8221; image_icon_width=&#8221;64px&#8221; content_max_width=&#8221;1100px&#8221; _builder_version=&#8221;4.21.0&#8243; header_font=&#8221;|on|||&#8221; header_text_color=&#8221;#2e2545&#8243; header_line_height=&#8221;1.5em&#8221; body_text_color=&#8221;#000000&#8243; body_line_height=&#8221;1.9em&#8221; background_color=&#8221;#ffffff&#8221; custom_margin=&#8221;|||&#8221; custom_padding=&#8221;30px|30px|30px|30px&#8221; animation_style=&#8221;zoom&#8221; animation_direction=&#8221;bottom&#8221; animation_intensity_zoom=&#8221;20%&#8221; animation_starting_opacity=&#8221;100%&#8221; link_option_url=&#8221;https:\/\/circle2learning.eu\/lt\/transport-and-digitization\/&#8221; box_shadow_style=&#8221;preset7&#8243; box_shadow_horizontal=&#8221;-1px&#8221; box_shadow_vertical=&#8221;-1px&#8221; box_shadow_color=&#8221;rgba(71,74,182,0.12)&#8221; image_max_width=&#8221;64px&#8221; locked=&#8221;off&#8221; global_colors_info=&#8221;{}&#8221;]<\/p>\n<p><span>Skaitmeninimas palengvina transporto mar\u0161rut\u0173 ir r\u016b\u0161i\u0173 optimizavim\u0105, ma\u017eina energijos suvartojim\u0105 ir anglies dioksido i\u0161metim\u0105. Rinkdami ir analizuodami duomenis realiuoju laiku, transporto operatoriai gali priimti pagr\u012fstus sprendimus d\u0117l mar\u0161rut\u0173 planavimo, transporto priemoni\u0173 naudojimo ir krovini\u0173 optimizavimo. Tokio optimizavimo d\u0117ka suma\u017e\u0117ja \u201etu\u0161\u010di\u0173\u201c perve\u017eim\u0173, pager\u0117ja turto panaudojimas ir bendras i\u0161tekli\u0173 naudojimo efektyvumas.<\/span><\/p>\n<p>[\/et_pb_blurb][\/et_pb_column_inner][\/et_pb_row_inner][\/et_pb_column][\/et_pb_section]<\/p>\n","protected":false},"excerpt":{"rendered":"<p>Transportui tenka svarbus vaidmuo darnaus vystymosi srityje, nes jis tiesiogiai veikia \u012fvairius aplinkos, socialinius ir ekonominius aspektus. Integruodami tvarumo principus \u012f transporto planavim\u0105 ir veikl\u0105, galime sukurti aplinkai draugi\u0161kesn\u012f, socialiai \u012ftraukesn\u012f ir ekonomi\u0161kai gyvybingesn\u012f transporto sektori\u0173. \u0160iame skyriuje pateikiama mokymo med\u017eiaga apie transporto ir \u017eiedin\u0117s ekonomikos integracij\u0105.Mokymo med\u017eiaga apie \u017eiedin\u0119 ekonomik\u0105\u00a0 transporto sektoriuje\u00a0Transporto sektoriuje dirba [&hellip;]<\/p>\n","protected":false},"author":4,"featured_media":0,"parent":0,"menu_order":0,"comment_status":"closed","ping_status":"closed","template":"","meta":{"_et_pb_use_builder":"on","_et_pb_old_content":"","_et_gb_content_width":"","footnotes":""},"class_list":["post-420","page","type-page","status-publish","hentry"],"_links":{"self":[{"href":"https:\/\/circle2learning.eu\/lt\/wp-json\/wp\/v2\/pages\/420","targetHints":{"allow":["GET"]}}],"collection":[{"href":"https:\/\/circle2learning.eu\/lt\/wp-json\/wp\/v2\/pages"}],"about":[{"href":"https:\/\/circle2learning.eu\/lt\/wp-json\/wp\/v2\/types\/page"}],"author":[{"embeddable":true,"href":"https:\/\/circle2learning.eu\/lt\/wp-json\/wp\/v2\/users\/4"}],"replies":[{"embeddable":true,"href":"https:\/\/circle2learning.eu\/lt\/wp-json\/wp\/v2\/comments?post=420"}],"version-history":[{"count":40,"href":"https:\/\/circle2learning.eu\/lt\/wp-json\/wp\/v2\/pages\/420\/revisions"}],"predecessor-version":[{"id":1644,"href":"https:\/\/circle2learning.eu\/lt\/wp-json\/wp\/v2\/pages\/420\/revisions\/1644"}],"wp:attachment":[{"href":"https:\/\/circle2learning.eu\/lt\/wp-json\/wp\/v2\/media?parent=420"}],"curies":[{"name":"wp","href":"https:\/\/api.w.org\/{rel}","templated":true}]}}