{"id":438,"date":"2023-06-12T10:27:54","date_gmt":"2023-06-12T10:27:54","guid":{"rendered":"https:\/\/circle2learning.eu\/lt\/?page_id=438"},"modified":"2025-02-07T13:06:04","modified_gmt":"2025-02-07T13:06:04","slug":"agriculture","status":"publish","type":"page","link":"https:\/\/circle2learning.eu\/lt\/agriculture\/","title":{"rendered":"Agriculture"},"content":{"rendered":"<p>[et_pb_section fb_built=&#8221;1&#8243; fullwidth=&#8221;on&#8221; _builder_version=&#8221;4.21.0&#8243; _module_preset=&#8221;default&#8221; background_color=&#8221;RGBA(255,255,255,0)&#8221; background_image=&#8221;https:\/\/circle2learning.eu\/lt\/wp-content\/uploads\/2023\/04\/jan-kopriva-LTMaAwxanGk-unsplash-scaled.jpg&#8221; global_colors_info=&#8221;{}&#8221;][et_pb_fullwidth_slider use_bg_overlay=&#8221;off&#8221; _builder_version=&#8221;4.25.1&#8243; _module_preset=&#8221;default&#8221; header_font=&#8221;|700|||||||&#8221; header_letter_spacing=&#8221;1px&#8221; header_line_height=&#8221;1.7em&#8221; body_font=&#8221;|600|||||||&#8221; body_font_size=&#8221;16px&#8221; body_letter_spacing=&#8221;1px&#8221; body_line_height=&#8221;1.8em&#8221; background_color=&#8221;RGBA(255,255,255,0)&#8221; background_image=&#8221;https:\/\/circle2learning.eu\/lt\/wp-content\/uploads\/2023\/04\/carles-rabada-hd2jIyRo7iY-unsplash-scaled.jpg&#8221; animation_style=&#8221;fade&#8221; background_color_tablet=&#8221;#686868&#8243; background_color_phone=&#8221;#999999&#8243; background_last_edited=&#8221;off|tablet&#8221; background_enable_color_tablet=&#8221;on&#8221; background_enable_color_phone=&#8221;on&#8221; global_colors_info=&#8221;{}&#8221;][et_pb_slide heading=&#8221;\u017dem\u0117s \u016bkis&#8221; _builder_version=&#8221;4.21.0&#8243; _module_preset=&#8221;default&#8221; body_font=&#8221;|700|||||||&#8221; body_font_size=&#8221;20px&#8221; body_letter_spacing=&#8221;2px&#8221; background_color=&#8221;#6daa1d&#8221; background_enable_color=&#8221;on&#8221; body_text_shadow_style=&#8221;preset5&#8243; text_shadow_style=&#8221;preset2&#8243; text_shadow_horizontal_length=&#8221;0.11em&#8221; text_shadow_vertical_length=&#8221;0.17em&#8221; global_colors_info=&#8221;{}&#8221; sticky_transition=&#8221;on&#8221;]<\/p>\n<p style=\"text-align: justify;\"><span>\u017dem\u0117s \u016bkis atlieka svarb\u0173 vaidmen\u012f Europos ekonomikoje, apsir\u016bpinant maistu ir pl\u0117tojant kaimo vietoves. Europos \u017eem\u0117s \u016bkio sektoriuje siekiama pereiti prie tvaresn\u0117s ir efektyviau i\u0161teklius naudojan\u010dios sistemos, \u012egyvendinant \u017eiedin\u0117s ekonomikos principus. \u0160iame skyriuje pateikiama mokymo med\u017eiaga apie \u017eem\u0117s \u016bkio ir \u017eiedin\u0117s ekonomikos integravim\u0105.<\/span><\/p>\n<p>[\/et_pb_slide][\/et_pb_fullwidth_slider][\/et_pb_section][et_pb_section fb_built=&#8221;1&#8243; specialty=&#8221;on&#8221; admin_label=&#8221;All Courses&#8221; _builder_version=&#8221;4.16&#8243; custom_padding=&#8221;100px|0px|100px|0px&#8221; global_colors_info=&#8221;{}&#8221;][et_pb_column type=&#8221;1_3&#8243; _builder_version=&#8221;4.16&#8243; custom_padding=&#8221;|||&#8221; global_colors_info=&#8221;{}&#8221; parallax__hover=&#8221;off&#8221; parallax_method__hover=&#8221;on&#8221; custom_padding__hover=&#8221;|||&#8221;][et_pb_text _builder_version=&#8221;4.25.1&#8243; header_font=&#8221;||||||||&#8221; header_2_font=&#8221;|700|||||||&#8221; header_2_text_color=&#8221;#7272ff&#8221; header_2_font_size=&#8221;36px&#8221; header_2_line_height=&#8221;1.3em&#8221; custom_margin=&#8221;||20px|&#8221; animation_style=&#8221;slide&#8221; animation_direction=&#8221;bottom&#8221; animation_intensity_slide=&#8221;10%&#8221; locked=&#8221;off&#8221; global_colors_info=&#8221;{}&#8221; header_font_size__hover=&#8221;30px&#8221; header_font_size__hover_enabled=&#8221;30px&#8221; header_letter_spacing__hover=&#8221;0px&#8221; header_letter_spacing__hover_enabled=&#8221;0px&#8221; header_text_shadow_style__hover=&#8221;none&#8221; header_text_shadow_style__hover_enabled=&#8221;none&#8221; header_text_shadow_color__hover=&#8221;rgba(0,0,0,0.4)&#8221; header_text_shadow_color__hover_enabled=&#8221;rgba(0,0,0,0.4)&#8221;]<\/p>\n<h2><span style=\"color: #008000;\">\u017diedin\u0117s ekonomikos ir \u017eem\u0117s \u016bkio mokymo med\u017eiaga<\/span><\/h2>\n<p>[\/et_pb_text][et_pb_divider color=&#8221;#09e1c0&#8243; divider_weight=&#8221;4px&#8221; disabled_on=&#8221;on|on|off&#8221; _builder_version=&#8221;4.16&#8243; background_size=&#8221;initial&#8221; background_position=&#8221;top_left&#8221; background_repeat=&#8221;repeat&#8221; max_width=&#8221;40px&#8221; module_alignment=&#8221;left&#8221; custom_margin=&#8221;||10px|&#8221; animation_style=&#8221;zoom&#8221; animation_direction=&#8221;left&#8221; saved_tabs=&#8221;all&#8221; locked=&#8221;off&#8221; global_colors_info=&#8221;{}&#8221;][\/et_pb_divider][et_pb_text _builder_version=&#8221;4.21.0&#8243; text_font=&#8221;||||||||&#8221; text_text_color=&#8221;#000000&#8243; text_font_size=&#8221;16px&#8221; text_line_height=&#8221;1.9em&#8221; header_font=&#8221;||||||||&#8221; header_4_font=&#8221;|700|||||||&#8221; header_4_font_size=&#8221;16px&#8221; header_4_line_height=&#8221;1.9em&#8221; animation_style=&#8221;zoom&#8221; animation_intensity_zoom=&#8221;6%&#8221; locked=&#8221;off&#8221; global_colors_info=&#8221;{}&#8221;]<\/p>\n<h4>\u017dem\u0117s \u016bkyje dirba daug ir \u012fvairi\u0173 profesij\u0173 bei kompetencij\u0173 turin\u010di\u0173 \u017emoni\u0173<\/h4>\n<p><span>Europos \u017eem\u0117s \u016bkio sektorius ir \u017eiedin\u0117s ekonomikos koncepcija yra glaud\u017eiai susij\u0119. Dedamos pastangos skatinti tvari\u0105 praktik\u0105, ma\u017einti atliek\u0173 susidarym\u0105 ir maksimaliai efektyviai naudoti i\u0161teklius.<\/span><\/p>\n<p><span style=\"font-weight: 400;\">\u0160i \u017eiedin\u0117s ekonomikos mokomoji med\u017eiaga suteikia galimyb\u0119 mokiniams ir profesijos mokytojams tvarum\u0105 ir \u017eiedin\u0117s ekonomikos tem\u0105 panagrin\u0117ti i\u0161samiau.<\/span>\u00a0Kiekvienas sektorius gali nusistatyti naujus veiklos b\u016bdus, kurie generuoja ma\u017eiau atliek\u0173, ma\u017eina anglies dioksido poveik\u012f ir efektyviau naudoja energij\u0105.<\/p>\n<p>[\/et_pb_text][et_pb_divider divider_weight=&#8221;4px&#8221; _builder_version=&#8221;4.21.0&#8243; _module_preset=&#8221;default&#8221; global_colors_info=&#8221;{}&#8221;][\/et_pb_divider][et_pb_blurb title=&#8221;Mokymo(si) i\u0161tekli\u0173 rinkinys 1&#8243; url=&#8221;https:\/\/circle2learning.eu\/lt\/agriculture-resource-pack-1\/&#8221; image=&#8221;https:\/\/circle2learning.eu\/lt\/wp-content\/uploads\/2023\/06\/icons8-books-80.png&#8221; icon_placement=&#8221;left&#8221; image_icon_width=&#8221;180%&#8221; _builder_version=&#8221;4.27.4&#8243; _module_preset=&#8221;default&#8221; header_font=&#8221;|700|||||||&#8221; header_line_height=&#8221;1.5em&#8221; body_text_color=&#8221;#000000&#8243; body_line_height=&#8221;1.9em&#8221; link_option_url=&#8221;https:\/\/circle2learning.eu\/lt\/agriculture-resource-pack-1\/&#8221; global_colors_info=&#8221;{}&#8221;]<\/p>\n<p>Pasinaudokite rinkmenomis ir \u012frankiais, kurie gali Jums praversti keliaujant \u017eiedin\u0117s ekonomikos keliu.<\/p>\n<p>\u0160iuos i\u0161teklius mokiniai gali naudoti individualiai.<\/p>\n<p>[\/et_pb_blurb][et_pb_blurb title=&#8221;Mokymo(si) i\u0161tekli\u0173 rinkinys 2&#8243; url=&#8221;https:\/\/circle2learning.eu\/lt\/agriculture-resource-pack-2\/&#8221; image=&#8221;https:\/\/circle2learning.eu\/lt\/wp-content\/uploads\/2023\/06\/icons8-books-80.png&#8221; icon_placement=&#8221;left&#8221; _builder_version=&#8221;4.27.4&#8243; _module_preset=&#8221;default&#8221; header_font=&#8221;|700|||||||&#8221; header_line_height=&#8221;1.5em&#8221; body_text_color=&#8221;#000000&#8243; body_line_height=&#8221;1.9em&#8221; link_option_url=&#8221;https:\/\/circle2learning.eu\/lt\/agriculture-resource-pack-2\/&#8221; global_colors_info=&#8221;{}&#8221;]<\/p>\n<p><span>\u00a0Pasinaudokite rinkmenomis ir \u012frankiais, kurie gali Jums praversti keliaujant \u017eiedin\u0117s ekonomikos keliu. Mokiniai, profesijos mokytojai ir verslo atstovai gali bendradarbiaudami analizuoti \u0161iuos i\u0161teklius.<\/span><\/p>\n<p>[\/et_pb_blurb][et_pb_blurb title=&#8221;Praktiniai pavyzd\u017eiai&#8221; url=&#8221;https:\/\/circle2learning.eu\/lt\/wp-content\/uploads\/2025\/02\/Visa-knyga_AGRI_lt.pdf&#8221; image=&#8221;https:\/\/circle2learning.eu\/lt\/wp-content\/uploads\/2023\/06\/icons8-books-80.png&#8221; icon_placement=&#8221;left&#8221; _builder_version=&#8221;4.27.4&#8243; _module_preset=&#8221;default&#8221; header_font=&#8221;|700|||||||&#8221; header_line_height=&#8221;1.5em&#8221; body_text_color=&#8221;#000000&#8243; body_line_height=&#8221;1.9em&#8221; link_option_url=&#8221;https:\/\/circle2learning.eu\/lt\/wp-content\/uploads\/2025\/02\/Visa-knyga_AGRI_lt.pdf&#8221; link_option_url_new_window=&#8221;on&#8221; hover_enabled=&#8221;0&#8243; global_colors_info=&#8221;{}&#8221; sticky_enabled=&#8221;0&#8243;]<\/p>\n<p>\u017dem\u0117s \u016bkio <span>interviu rinkinys<\/span><\/p>\n<p>[\/et_pb_blurb][\/et_pb_column][et_pb_column type=&#8221;2_3&#8243; specialty_columns=&#8221;2&#8243; _builder_version=&#8221;4.16&#8243; custom_padding=&#8221;|||&#8221; global_colors_info=&#8221;{}&#8221; parallax__hover=&#8221;off&#8221; parallax_method__hover=&#8221;on&#8221; custom_padding__hover=&#8221;|||&#8221;][et_pb_row_inner use_custom_gutter=&#8221;on&#8221; gutter_width=&#8221;1&#8243; _builder_version=&#8221;4.19.5&#8243; width=&#8221;100%&#8221; custom_margin=&#8221;|106px||||&#8221; custom_padding=&#8221;0px|0px|0px|0px&#8221; animation_style=&#8221;zoom&#8221; animation_intensity_zoom=&#8221;6%&#8221; box_shadow_style=&#8221;preset1&#8243; box_shadow_vertical=&#8221;10px&#8221; box_shadow_blur=&#8221;60px&#8221; box_shadow_color=&#8221;rgba(71,74,182,0.12)&#8221; global_colors_info=&#8221;{}&#8221;][et_pb_column_inner saved_specialty_column_type=&#8221;2_3&#8243; module_class=&#8221;et_pb_column_1_2&#8243; _builder_version=&#8221;4.16&#8243; custom_padding=&#8221;|||&#8221; global_colors_info=&#8221;{}&#8221; parallax__hover=&#8221;off&#8221; parallax_method__hover=&#8221;on&#8221; module_class__hover=&#8221;et_pb_column_1_2&#8243; custom_padding__hover=&#8221;|||&#8221;][et_pb_blurb title=&#8221;1. \u017dem\u0117s \u016bkis ir \u017eiedin\u0117 ekonomika&#8221; url=&#8221;https:\/\/circle2learning.eu\/lt\/agriculture-and-ce\/&#8221; image=&#8221;https:\/\/circle2learning.eu\/lt\/wp-content\/uploads\/2023\/07\/agriculture.png&#8221; icon_placement=&#8221;left&#8221; image_icon_width=&#8221;64px&#8221; content_max_width=&#8221;1100px&#8221; _builder_version=&#8221;4.21.0&#8243; header_font=&#8221;|on|||&#8221; header_text_color=&#8221;#2e2545&#8243; header_line_height=&#8221;1.5em&#8221; body_text_color=&#8221;#000000&#8243; body_line_height=&#8221;1.9em&#8221; background_color=&#8221;#ffffff&#8221; width=&#8221;100%&#8221; custom_margin=&#8221;|||&#8221; custom_padding=&#8221;30px|30px|30px|30px&#8221; animation_style=&#8221;zoom&#8221; animation_direction=&#8221;bottom&#8221; animation_intensity_zoom=&#8221;20%&#8221; animation_starting_opacity=&#8221;100%&#8221; link_option_url=&#8221;https:\/\/circle2learning.eu\/lt\/agriculture-and-ce\/&#8221; box_shadow_style=&#8221;preset7&#8243; box_shadow_horizontal=&#8221;-1px&#8221; box_shadow_vertical=&#8221;-1px&#8221; box_shadow_color=&#8221;rgba(71,74,182,0.12)&#8221; image_max_width=&#8221;64px&#8221; locked=&#8221;off&#8221; global_colors_info=&#8221;{}&#8221;]<\/p>\n<p><span>\u017dem\u0117s \u016bkis ir \u017eiedin\u0117 ekonomika \u2013 tai tarpusavyje susijusios s\u0105vokos, turin\u010dios did\u017eiul\u012f potencial\u0105 tvariai ir efektyviai i\u0161teklius naudojan\u010diai \u017eem\u0117s \u016bkio praktikai. \u0160iame skyriuje \u017eiedin\u0117 ekonomika aptariama \u017eem\u0117s \u016bkio kontekste, siekiant optimizuoti gamtos i\u0161tekli\u0173 naudojim\u0105, suma\u017einti poveik\u012f aplinkai ir padidinti bendr\u0105 \u017eem\u0117s \u016bkio produktyvum\u0105.<\/span><\/p>\n<p>[\/et_pb_blurb][et_pb_blurb title=&#8221;2. \u017dem\u0117s \u016bkis ir \u016bkininkavimo priemon\u0117s&#8221; url=&#8221;https:\/\/circle2learning.eu\/lt\/agriculture-and-farm-inputs\/&#8221; image=&#8221;https:\/\/circle2learning.eu\/lt\/wp-content\/uploads\/2023\/07\/agriculture-1.png&#8221; icon_placement=&#8221;left&#8221; image_icon_width=&#8221;64px&#8221; content_max_width=&#8221;1100px&#8221; _builder_version=&#8221;4.27.0&#8243; header_font=&#8221;|on|||&#8221; header_text_color=&#8221;#2e2545&#8243; header_line_height=&#8221;1.5em&#8221; body_text_color=&#8221;#000000&#8243; body_line_height=&#8221;1.9em&#8221; background_color=&#8221;#ffffff&#8221; width=&#8221;100%&#8221; custom_margin=&#8221;|||&#8221; custom_padding=&#8221;30px|30px|30px|30px&#8221; animation_style=&#8221;zoom&#8221; animation_direction=&#8221;bottom&#8221; animation_intensity_zoom=&#8221;20%&#8221; animation_starting_opacity=&#8221;100%&#8221; link_option_url=&#8221;https:\/\/circle2learning.eu\/lt\/agriculture-and-farm-inputs\/&#8221; box_shadow_style=&#8221;preset7&#8243; box_shadow_horizontal=&#8221;-1px&#8221; box_shadow_vertical=&#8221;-1px&#8221; box_shadow_color=&#8221;rgba(71,74,182,0.12)&#8221; image_max_width=&#8221;64px&#8221; locked=&#8221;off&#8221; global_colors_info=&#8221;{}&#8221;]<\/p>\n<p><span>\u017diedin\u0117 ekonomika \u017eem\u0117s \u016bkyje ir \u016bkininkavimo priemon\u0117s \u2013 tai transformacinis po\u017ei\u016bris, kuriuo siekiama, kad \u017eem\u0117s \u016bkio praktika tapt\u0173 tvaresn\u0117, efektyviau naudojanti i\u0161teklius ir tausojanti aplink\u0105. Skyriuje daugiausia d\u0117mesio skiriama tvariems i\u0161tekliams, tiksliajai \u017eemdirbystei ir kt. \u017diedinio po\u017ei\u016brio taikymas yra b\u016btinas siekiant sukurti atspari\u0105, tvari\u0105 ir atsinaujinan\u010di\u0105 \u017eem\u0117s \u016bkio sistem\u0105, kuri tenkint\u0173 dabarties poreikius, nekeldama pavojaus ateities kart\u0173 galimyb\u0117ms patenkinti savo poreikius.<\/span><\/p>\n<p>[\/et_pb_blurb][et_pb_blurb title=&#8221;3. Maisto atliek\u0173 i\u0161vengimas gamybos etape&#8221; url=&#8221;https:\/\/circle2learning.eu\/lt\/agriculture-and-production\/&#8221; image=&#8221;https:\/\/circle2learning.eu\/lt\/wp-content\/uploads\/2023\/07\/food-waste.png&#8221; icon_placement=&#8221;left&#8221; image_icon_width=&#8221;64px&#8221; content_max_width=&#8221;1100px&#8221; _builder_version=&#8221;4.21.0&#8243; header_font=&#8221;|on|||&#8221; header_text_color=&#8221;#2e2545&#8243; header_line_height=&#8221;1.5em&#8221; body_text_color=&#8221;#000000&#8243; body_line_height=&#8221;1.9em&#8221; background_color=&#8221;#ffffff&#8221; custom_margin=&#8221;|||-2px||&#8221; custom_padding=&#8221;30px|30px|30px|30px&#8221; animation_style=&#8221;zoom&#8221; animation_direction=&#8221;bottom&#8221; animation_intensity_zoom=&#8221;20%&#8221; animation_starting_opacity=&#8221;100%&#8221; link_option_url=&#8221;https:\/\/circle2learning.eu\/lt\/agriculture-and-production\/&#8221; box_shadow_style=&#8221;preset7&#8243; box_shadow_horizontal=&#8221;-1px&#8221; box_shadow_vertical=&#8221;-1px&#8221; box_shadow_color=&#8221;rgba(71,74,182,0.12)&#8221; image_max_width=&#8221;64px&#8221; locked=&#8221;off&#8221; global_colors_info=&#8221;{}&#8221;]<\/p>\n<p><span>Maisto atliek\u0173 vengimas gamybos etape yra labai svarbus aspektas sprend\u017eiant pasaulin\u0119 maisto \u0161vaistymo problem\u0105. Tai \u2013 aktyvios priemon\u0117s, kuri\u0173 imasi gamintojai, \u016bkininkai ir \u017eem\u0117s \u016bkio pramon\u0117s \u012fmon\u0117s, siekdami suma\u017einti maisto nuostolius ir liku\u010dius \u012fvairiais maisto gamybos etapais. \u0160iame skyriuje aptariamos strategijos, kurias reikia \u012fgyvendinti siekiant i\u0161vengti maisto atliek\u0173 susidarymo gamybos etape.<\/span><\/p>\n<p>[\/et_pb_blurb][et_pb_blurb title=&#8221;4. Nenat\u016bralios atliekos \u017eem\u0117s \u016bkyje&#8221; url=&#8221;https:\/\/circle2learning.eu\/lt\/agriculture-and-non-natural-waste\/&#8221; image=&#8221;https:\/\/circle2learning.eu\/lt\/wp-content\/uploads\/2023\/07\/garbage.png&#8221; icon_placement=&#8221;left&#8221; image_icon_width=&#8221;64px&#8221; content_max_width=&#8221;1100px&#8221; _builder_version=&#8221;4.21.0&#8243; header_font=&#8221;|on|||&#8221; header_text_color=&#8221;#2e2545&#8243; header_line_height=&#8221;1.5em&#8221; body_text_color=&#8221;#000000&#8243; body_line_height=&#8221;1.9em&#8221; background_color=&#8221;#ffffff&#8221; custom_margin=&#8221;|||&#8221; custom_padding=&#8221;30px|30px|30px|30px&#8221; animation_style=&#8221;zoom&#8221; animation_direction=&#8221;bottom&#8221; animation_intensity_zoom=&#8221;20%&#8221; animation_starting_opacity=&#8221;100%&#8221; link_option_url=&#8221;https:\/\/circle2learning.eu\/lt\/agriculture-and-non-natural-waste\/&#8221; box_shadow_style=&#8221;preset7&#8243; box_shadow_horizontal=&#8221;-1px&#8221; box_shadow_vertical=&#8221;-1px&#8221; box_shadow_color=&#8221;rgba(71,74,182,0.12)&#8221; image_max_width=&#8221;64px&#8221; locked=&#8221;off&#8221; global_colors_info=&#8221;{}&#8221;]<\/p>\n<p><span>\u0160ioje dalyje aptariamos \u017eem\u0117s \u016bkyje susidaran\u010dios nenat\u016bralios atliekos. \u0160ios r\u016b\u0161ies\u00a0 atliekos susidaro visuose \u017eem\u0117s \u016bkio gamybos, tvarkymo ir paskirstymo etapuose ir gali tur\u0117ti didel\u012f socialin\u012f, ekonomin\u012f ir aplinkosaugin\u012f poveik\u012f. Ma\u017eindami atliek\u0173 susidarym\u0105 \u017eem\u0117s \u016bkyje, galime u\u017etikrinti geresn\u012f i\u0161tekli\u0173 panaudojim\u0105, padidinti apsir\u016bpinimo maistu saugum\u0105 ir suma\u017einti su maisto gamyba ir i\u0161metimu susijus\u012f poveik\u012f aplinkai.<\/span><\/p>\n<p>[\/et_pb_blurb][et_pb_blurb title=&#8221;5. Prid\u0117tin\u0117 vert\u0117 i\u0161 organini\u0173 atliek\u0173&#8221; url=&#8221;https:\/\/circle2learning.eu\/lt\/agriculture-value-from-organic-wastes\/&#8221; image=&#8221;https:\/\/circle2learning.eu\/lt\/wp-content\/uploads\/2023\/07\/fertilizer.png&#8221; icon_placement=&#8221;left&#8221; image_icon_width=&#8221;64px&#8221; content_max_width=&#8221;1100px&#8221; _builder_version=&#8221;4.21.0&#8243; header_font=&#8221;|on|||&#8221; header_text_color=&#8221;#2e2545&#8243; header_line_height=&#8221;1.5em&#8221; body_text_color=&#8221;#000000&#8243; body_line_height=&#8221;1.9em&#8221; background_color=&#8221;#ffffff&#8221; custom_margin=&#8221;|||&#8221; custom_padding=&#8221;30px|30px|30px|30px&#8221; animation_style=&#8221;zoom&#8221; animation_direction=&#8221;bottom&#8221; animation_intensity_zoom=&#8221;20%&#8221; animation_starting_opacity=&#8221;100%&#8221; link_option_url=&#8221;https:\/\/circle2learning.eu\/lt\/agriculture-value-from-organic-wastes\/&#8221; box_shadow_style=&#8221;preset7&#8243; box_shadow_horizontal=&#8221;-1px&#8221; box_shadow_vertical=&#8221;-1px&#8221; box_shadow_color=&#8221;rgba(71,74,182,0.12)&#8221; image_max_width=&#8221;64px&#8221; locked=&#8221;off&#8221; global_colors_info=&#8221;{}&#8221;]<\/p>\n<p><span>Organini\u0173 atliek\u0173 prid\u0117tin\u0117s vert\u0117s didinimas \u2013 tai tvarus ir novatori\u0161kas metodas, kuris atliekas paver\u010dia vertingu i\u0161tekliumi. Organin\u0117s atliekos, pavyzd\u017eiui, maisto liku\u010diai, \u017eem\u0117s \u016bkio liekanos ir \u017ealiosios atliekos, gali b\u016bti transformuojamos taikant \u012fvairius procesus, siekiant sukurti naudingus produktus, gaminti energij\u0105 ir prisid\u0117ti prie \u017eiedin\u0117s ekonomikos.<\/span><\/p>\n<p>[\/et_pb_blurb][et_pb_blurb title=&#8221;6. Anglies dioksidas ir \u017eem\u0117s \u016bkio sektorius&#8221; url=&#8221;https:\/\/circle2learning.eu\/lt\/agriculture-and-carbon\/&#8221; image=&#8221;https:\/\/circle2learning.eu\/lt\/wp-content\/uploads\/2023\/07\/co2.png&#8221; icon_placement=&#8221;left&#8221; image_icon_width=&#8221;64px&#8221; content_max_width=&#8221;1100px&#8221; _builder_version=&#8221;4.21.0&#8243; header_font=&#8221;|on|||&#8221; header_text_color=&#8221;#2e2545&#8243; header_line_height=&#8221;1.5em&#8221; body_text_color=&#8221;#000000&#8243; body_line_height=&#8221;1.9em&#8221; background_color=&#8221;#ffffff&#8221; custom_margin=&#8221;|||&#8221; custom_padding=&#8221;30px|30px|30px|30px&#8221; animation_style=&#8221;zoom&#8221; animation_direction=&#8221;bottom&#8221; animation_intensity_zoom=&#8221;20%&#8221; animation_starting_opacity=&#8221;100%&#8221; link_option_url=&#8221;https:\/\/circle2learning.eu\/lt\/agriculture-and-carbon\/&#8221; box_shadow_style=&#8221;preset7&#8243; box_shadow_horizontal=&#8221;-1px&#8221; box_shadow_vertical=&#8221;-1px&#8221; box_shadow_color=&#8221;rgba(71,74,182,0.12)&#8221; image_max_width=&#8221;64px&#8221; locked=&#8221;off&#8221; global_colors_info=&#8221;{}&#8221;]<\/p>\n<p><span>Anglies dioksid\u0105 ir \u017eem\u0117s \u016bkio sektori\u0173 sieja sud\u0117tingi ir tarpusavio ry\u0161iai. \u017dem\u0117s \u016bkiui tenka svarbus vaidmuo tiek didinant, tiek ma\u017einant anglies dioksido i\u0161metim\u0105, tod\u0117l jis yra labai svarbus veik\u0117jas kovojant su klimato kaita. \u012egyvendindamas klimato kaitos po\u017ei\u016briu pa\u017eang\u0173 \u017eem\u0117s \u016bk\u012f ir taikydamas anglies dioksido emisij\u0105 ma\u017einan\u010di\u0105 praktik\u0105, \u0161is sektorius gali svariai prisid\u0117ti prie pasaulini\u0173 pastang\u0173 kovoti su klimato kaita, kartu u\u017etikrindamas apr\u016bpinim\u0105 maistu ir tvar\u0173 vystym\u0105si.<\/span><\/p>\n<p>[\/et_pb_blurb][\/et_pb_column_inner][\/et_pb_row_inner][\/et_pb_column][\/et_pb_section]<\/p>\n","protected":false},"excerpt":{"rendered":"<p>\u017dem\u0117s \u016bkis atlieka svarb\u0173 vaidmen\u012f Europos ekonomikoje, apsir\u016bpinant maistu ir pl\u0117tojant kaimo vietoves. Europos \u017eem\u0117s \u016bkio sektoriuje siekiama pereiti prie tvaresn\u0117s ir efektyviau i\u0161teklius naudojan\u010dios sistemos, \u012egyvendinant \u017eiedin\u0117s ekonomikos principus. \u0160iame skyriuje pateikiama mokymo med\u017eiaga apie \u017eem\u0117s \u016bkio ir \u017eiedin\u0117s ekonomikos integravim\u0105.\u017diedin\u0117s ekonomikos ir \u017eem\u0117s \u016bkio mokymo med\u017eiaga\u017dem\u0117s \u016bkyje dirba daug ir \u012fvairi\u0173 profesij\u0173 bei [&hellip;]<\/p>\n","protected":false},"author":4,"featured_media":0,"parent":0,"menu_order":0,"comment_status":"closed","ping_status":"closed","template":"","meta":{"_et_pb_use_builder":"on","_et_pb_old_content":"","_et_gb_content_width":"","footnotes":""},"class_list":["post-438","page","type-page","status-publish","hentry"],"_links":{"self":[{"href":"https:\/\/circle2learning.eu\/lt\/wp-json\/wp\/v2\/pages\/438","targetHints":{"allow":["GET"]}}],"collection":[{"href":"https:\/\/circle2learning.eu\/lt\/wp-json\/wp\/v2\/pages"}],"about":[{"href":"https:\/\/circle2learning.eu\/lt\/wp-json\/wp\/v2\/types\/page"}],"author":[{"embeddable":true,"href":"https:\/\/circle2learning.eu\/lt\/wp-json\/wp\/v2\/users\/4"}],"replies":[{"embeddable":true,"href":"https:\/\/circle2learning.eu\/lt\/wp-json\/wp\/v2\/comments?post=438"}],"version-history":[{"count":37,"href":"https:\/\/circle2learning.eu\/lt\/wp-json\/wp\/v2\/pages\/438\/revisions"}],"predecessor-version":[{"id":1645,"href":"https:\/\/circle2learning.eu\/lt\/wp-json\/wp\/v2\/pages\/438\/revisions\/1645"}],"wp:attachment":[{"href":"https:\/\/circle2learning.eu\/lt\/wp-json\/wp\/v2\/media?parent=438"}],"curies":[{"name":"wp","href":"https:\/\/api.w.org\/{rel}","templated":true}]}}