{"id":557,"date":"2023-07-04T07:52:23","date_gmt":"2023-07-04T07:52:23","guid":{"rendered":"https:\/\/circle2learning.eu\/lt\/?page_id=557"},"modified":"2025-01-20T17:28:20","modified_gmt":"2025-01-20T17:28:20","slug":"tourism-resource-pack-1","status":"publish","type":"page","link":"https:\/\/circle2learning.eu\/lt\/tourism-resource-pack-1\/","title":{"rendered":"Tourism Resource Pack 1"},"content":{"rendered":"<p>[et_pb_section fb_built=&#8221;1&#8243; _builder_version=&#8221;4.21.0&#8243; _module_preset=&#8221;default&#8221; global_colors_info=&#8221;{}&#8221;][et_pb_row _builder_version=&#8221;4.21.0&#8243; _module_preset=&#8221;default&#8221; global_colors_info=&#8221;{}&#8221;][et_pb_column type=&#8221;4_4&#8243; _builder_version=&#8221;4.21.0&#8243; _module_preset=&#8221;default&#8221; global_colors_info=&#8221;{}&#8221;][et_pb_text _builder_version=&#8221;4.27.0&#8243; _module_preset=&#8221;default&#8221; global_colors_info=&#8221;{}&#8221;]<\/p>\n<h2><strong>Mokymo(si) i\u0161tekli\u0173 rinkinys 1<\/strong><\/h2>\n<p>[\/et_pb_text][et_pb_button button_url=&#8221;https:\/\/circle2learning.eu\/lt\/wp-content\/uploads\/2025\/01\/Zemes-ukis_ZIP-2.zip&#8221; url_new_window=&#8221;on&#8221; button_text=&#8221;Atsisi\u0173sti mokymo(si) i\u0161tekli\u0173 rinkin\u012f zip rinkmenoje&#8221; button_alignment=&#8221;center&#8221; _builder_version=&#8221;4.27.4&#8243; _module_preset=&#8221;default&#8221; hover_enabled=&#8221;0&#8243; custom_css_before=&#8221;et-download-button&#8221; global_colors_info=&#8221;{}&#8221; sticky_enabled=&#8221;0&#8243;][\/et_pb_button][\/et_pb_column][\/et_pb_row][et_pb_row column_structure=&#8221;1_3,2_3&#8243; _builder_version=&#8221;4.21.0&#8243; _module_preset=&#8221;default&#8221; global_colors_info=&#8221;{}&#8221;][et_pb_column type=&#8221;1_3&#8243; _builder_version=&#8221;4.21.0&#8243; _module_preset=&#8221;default&#8221; global_colors_info=&#8221;{}&#8221;][et_pb_image src=&#8221;https:\/\/circle2learning.eu\/lt\/wp-content\/uploads\/2024\/10\/R_2.1.1.png&#8221; title_text=&#8221;R_2.1.1.&#8221; _builder_version=&#8221;4.27.0&#8243; _module_preset=&#8221;default&#8221; global_colors_info=&#8221;{}&#8221;][\/et_pb_image][\/et_pb_column][et_pb_column type=&#8221;2_3&#8243; _builder_version=&#8221;4.21.0&#8243; _module_preset=&#8221;default&#8221; global_colors_info=&#8221;{}&#8221;][et_pb_text _builder_version=&#8221;4.27.0&#8243; _module_preset=&#8221;default&#8221; global_colors_info=&#8221;{}&#8221;]<\/p>\n<h4><strong>CIRCLE renginio skelbimo k\u016brimo \u012frankis<\/strong><\/h4>\n<p>\u0160is \u201eExcel\u201c formatu sukurtas \u012frankis yra rekomendacijos rengini\u0173 tvarumo aspekt\u0173 skatinimui. Tai pad\u0117s Jums u\u017emegzti ry\u0161ius su klientais ir bendramin\u010diais, o \u017eiedin\u0117 ekonomika taps svarbiausia J\u016bs\u0173 rengini\u0173 tema.<\/p>\n<p>[\/et_pb_text][\/et_pb_column][\/et_pb_row][et_pb_row column_structure=&#8221;1_3,2_3&#8243; _builder_version=&#8221;4.21.0&#8243; _module_preset=&#8221;default&#8221; global_colors_info=&#8221;{}&#8221;][et_pb_column type=&#8221;1_3&#8243; _builder_version=&#8221;4.21.0&#8243; _module_preset=&#8221;default&#8221; global_colors_info=&#8221;{}&#8221;][et_pb_image src=&#8221;https:\/\/circle2learning.eu\/lt\/wp-content\/uploads\/2024\/10\/R_2.1.2.png&#8221; title_text=&#8221;R_2.1.2&#8243; _builder_version=&#8221;4.27.0&#8243; _module_preset=&#8221;default&#8221; global_colors_info=&#8221;{}&#8221;][\/et_pb_image][\/et_pb_column][et_pb_column type=&#8221;2_3&#8243; _builder_version=&#8221;4.21.0&#8243; _module_preset=&#8221;default&#8221; global_colors_info=&#8221;{}&#8221;][et_pb_text _builder_version=&#8221;4.27.0&#8243; _module_preset=&#8221;default&#8221; global_colors_info=&#8221;{}&#8221;]<\/p>\n<h4><strong>CIRCLE Lankytin\u0173 viet\u0173 \u012fsivertinimo \u012frankis<br \/><\/strong><\/h4>\n<p>Pasinaudokite \u0161iuo \u012fsivertinimo \u012frankiu ir pasitikrinkite vykdomos veiklos \u017eiedi\u0161kum\u0105 lankytinose vietose, pavyzd\u017eiui, muziejuose ar miesto lankytinose vietose.<\/p>\n<p>[\/et_pb_text][\/et_pb_column][\/et_pb_row][et_pb_row column_structure=&#8221;1_3,2_3&#8243; _builder_version=&#8221;4.21.0&#8243; _module_preset=&#8221;default&#8221; global_colors_info=&#8221;{}&#8221;][et_pb_column type=&#8221;1_3&#8243; _builder_version=&#8221;4.21.0&#8243; _module_preset=&#8221;default&#8221; global_colors_info=&#8221;{}&#8221;][et_pb_image src=&#8221;https:\/\/circle2learning.eu\/lt\/wp-content\/uploads\/2024\/10\/R_2.1.3.png&#8221; title_text=&#8221;R_2.1.3&#8243; _builder_version=&#8221;4.27.0&#8243; _module_preset=&#8221;default&#8221; global_colors_info=&#8221;{}&#8221;][\/et_pb_image][\/et_pb_column][et_pb_column type=&#8221;2_3&#8243; _builder_version=&#8221;4.21.0&#8243; _module_preset=&#8221;default&#8221; global_colors_info=&#8221;{}&#8221;][et_pb_text _builder_version=&#8221;4.27.0&#8243; _module_preset=&#8221;default&#8221; global_colors_info=&#8221;{}&#8221;]<\/p>\n<h4><strong>CIRCLE2. <span>Tvarumo \u017eini\u0173 pasitikrinimo \u012frankis apgyvendinimo paslaugas teikian\u010dioms \u012fstaigoms<\/span><br \/><\/strong><\/h4>\n<p>Naudodamiesi \u0161ia \u201eExcel\u201c pasitikrinimo priemone galite \u012fsivertinti kai kuriuos pagrindinius apgyvendinimo verslo aspektus (pvz., energij\u0105, vanden\u012f, atsargas, baldus, atliekas ir transportavim\u0105), padedan\u010dius u\u017etikrinti tvarum\u0105.<\/p>\n<p>[\/et_pb_text][\/et_pb_column][\/et_pb_row][et_pb_row column_structure=&#8221;1_3,2_3&#8243; _builder_version=&#8221;4.21.0&#8243; _module_preset=&#8221;default&#8221; global_colors_info=&#8221;{}&#8221;][et_pb_column type=&#8221;1_3&#8243; _builder_version=&#8221;4.21.0&#8243; _module_preset=&#8221;default&#8221; global_colors_info=&#8221;{}&#8221;][et_pb_image src=&#8221;https:\/\/circle2learning.eu\/lt\/wp-content\/uploads\/2025\/01\/R_2.1.4.png&#8221; title_text=&#8221;R_2.1.4&#8243; _builder_version=&#8221;4.27.4&#8243; _module_preset=&#8221;default&#8221; global_colors_info=&#8221;{}&#8221;][\/et_pb_image][\/et_pb_column][et_pb_column type=&#8221;2_3&#8243; _builder_version=&#8221;4.21.0&#8243; _module_preset=&#8221;default&#8221; global_colors_info=&#8221;{}&#8221;][et_pb_text _builder_version=&#8221;4.21.0&#8243; _module_preset=&#8221;default&#8221; global_colors_info=&#8221;{}&#8221;]<\/p>\n<h4><strong>CIRCLE Maisto tvarumo pasitikrinimo priemon\u0117<\/strong><\/h4>\n<p>\u0160iame \u012frankyje pateikiami klausimai apie J\u016bs\u0173 maisto tiekimo \u0161altinius, maisto r\u016b\u0161is ir pakuo\u010di\u0173 naudojimo mast\u0105. Su\u017einokite savo rezultatus ir k\u0105 gal\u0117tum\u0117te patobulinti.\u00a0<\/p>\n<p>[\/et_pb_text][\/et_pb_column][\/et_pb_row][\/et_pb_section]<\/p>\n","protected":false},"excerpt":{"rendered":"<p>Mokymo(si) i\u0161tekli\u0173 rinkinys 1CIRCLE renginio skelbimo k\u016brimo \u012frankis \u0160is \u201eExcel\u201c formatu sukurtas \u012frankis yra rekomendacijos rengini\u0173 tvarumo aspekt\u0173 skatinimui. Tai pad\u0117s Jums u\u017emegzti ry\u0161ius su klientais ir bendramin\u010diais, o \u017eiedin\u0117 ekonomika taps svarbiausia J\u016bs\u0173 rengini\u0173 tema.CIRCLE Lankytin\u0173 viet\u0173 \u012fsivertinimo \u012frankis Pasinaudokite \u0161iuo \u012fsivertinimo \u012frankiu ir pasitikrinkite vykdomos veiklos \u017eiedi\u0161kum\u0105 lankytinose vietose, pavyzd\u017eiui, muziejuose ar miesto [&hellip;]<\/p>\n","protected":false},"author":2,"featured_media":0,"parent":0,"menu_order":0,"comment_status":"closed","ping_status":"closed","template":"","meta":{"_et_pb_use_builder":"on","_et_pb_old_content":"","_et_gb_content_width":"","footnotes":""},"class_list":["post-557","page","type-page","status-publish","hentry"],"_links":{"self":[{"href":"https:\/\/circle2learning.eu\/lt\/wp-json\/wp\/v2\/pages\/557","targetHints":{"allow":["GET"]}}],"collection":[{"href":"https:\/\/circle2learning.eu\/lt\/wp-json\/wp\/v2\/pages"}],"about":[{"href":"https:\/\/circle2learning.eu\/lt\/wp-json\/wp\/v2\/types\/page"}],"author":[{"embeddable":true,"href":"https:\/\/circle2learning.eu\/lt\/wp-json\/wp\/v2\/users\/2"}],"replies":[{"embeddable":true,"href":"https:\/\/circle2learning.eu\/lt\/wp-json\/wp\/v2\/comments?post=557"}],"version-history":[{"count":20,"href":"https:\/\/circle2learning.eu\/lt\/wp-json\/wp\/v2\/pages\/557\/revisions"}],"predecessor-version":[{"id":1420,"href":"https:\/\/circle2learning.eu\/lt\/wp-json\/wp\/v2\/pages\/557\/revisions\/1420"}],"wp:attachment":[{"href":"https:\/\/circle2learning.eu\/lt\/wp-json\/wp\/v2\/media?parent=557"}],"curies":[{"name":"wp","href":"https:\/\/api.w.org\/{rel}","templated":true}]}}