{"id":561,"date":"2023-07-04T07:53:03","date_gmt":"2023-07-04T07:53:03","guid":{"rendered":"https:\/\/circle2learning.eu\/lt\/?page_id=561"},"modified":"2025-01-11T12:41:41","modified_gmt":"2025-01-11T12:41:41","slug":"tourism-resource-pack-2","status":"publish","type":"page","link":"https:\/\/circle2learning.eu\/lt\/tourism-resource-pack-2\/","title":{"rendered":"Tourism Resource Pack 2"},"content":{"rendered":"<p>[et_pb_section fb_built=&#8221;1&#8243; _builder_version=&#8221;4.21.0&#8243; _module_preset=&#8221;default&#8221; global_colors_info=&#8221;{}&#8221;][et_pb_row _builder_version=&#8221;4.21.0&#8243; _module_preset=&#8221;default&#8221; global_colors_info=&#8221;{}&#8221;][et_pb_column type=&#8221;4_4&#8243; _builder_version=&#8221;4.21.0&#8243; _module_preset=&#8221;default&#8221; global_colors_info=&#8221;{}&#8221;][et_pb_text _builder_version=&#8221;4.27.0&#8243; _module_preset=&#8221;default&#8221; global_colors_info=&#8221;{}&#8221;]<\/p>\n<h2><strong>Mokymo(si) i\u0161tekli\u0173 rinkinys 2<br \/><\/strong><\/h2>\n<p>[\/et_pb_text][et_pb_button button_url=&#8221;https:\/\/circle2learning.eu\/lt\/wp-content\/uploads\/2025\/01\/Turizmas_ZIP_2.zip&#8221; url_new_window=&#8221;on&#8221; button_text=&#8221;Atsisi\u0173sti mokymo(si) i\u0161tekli\u0173 rinkin\u012f Zip rinkmenoje&#8221; button_alignment=&#8221;center&#8221; _builder_version=&#8221;4.27.4&#8243; _module_preset=&#8221;default&#8221; hover_enabled=&#8221;0&#8243; custom_css_before=&#8221;et-download-button&#8221; global_colors_info=&#8221;{}&#8221; sticky_enabled=&#8221;0&#8243;][\/et_pb_button][\/et_pb_column][\/et_pb_row][et_pb_row column_structure=&#8221;1_3,2_3&#8243; _builder_version=&#8221;4.21.0&#8243; _module_preset=&#8221;default&#8221; global_colors_info=&#8221;{}&#8221;][et_pb_column type=&#8221;1_3&#8243; _builder_version=&#8221;4.21.0&#8243; _module_preset=&#8221;default&#8221; global_colors_info=&#8221;{}&#8221;][et_pb_image src=&#8221;https:\/\/circle2learning.eu\/lt\/wp-content\/uploads\/2024\/10\/R_2.2.1.png&#8221; title_text=&#8221;R_2.2.1&#8243; _builder_version=&#8221;4.27.0&#8243; _module_preset=&#8221;default&#8221; global_colors_info=&#8221;{}&#8221;][\/et_pb_image][\/et_pb_column][et_pb_column type=&#8221;2_3&#8243; _builder_version=&#8221;4.21.0&#8243; _module_preset=&#8221;default&#8221; global_colors_info=&#8221;{}&#8221;][et_pb_text _builder_version=&#8221;4.27.0&#8243; _module_preset=&#8221;default&#8221; global_colors_info=&#8221;{}&#8221;]<\/p>\n<h4><strong>CIRCLE2. <\/strong><strong>Kelion\u0117s CO2 skai\u010diuokl\u0117<\/strong><\/h4>\n<p><span>Kiekvien\u0105 dien\u0105 renkam\u0117s transporto priemon\u0119, ta\u010diau nesusim\u0105stome apie savo kelion\u0117s poveik\u012f aplinkai. \u0160i paprasta skai\u010diuokl\u0117 pad\u0117s Jums \u012fvertinti savo kelion\u0117s poveik\u012f.<\/span><\/p>\n<p>[\/et_pb_text][\/et_pb_column][\/et_pb_row][et_pb_row column_structure=&#8221;1_3,2_3&#8243; _builder_version=&#8221;4.21.0&#8243; _module_preset=&#8221;default&#8221; global_colors_info=&#8221;{}&#8221;][et_pb_column type=&#8221;1_3&#8243; _builder_version=&#8221;4.21.0&#8243; _module_preset=&#8221;default&#8221; global_colors_info=&#8221;{}&#8221;][et_pb_image src=&#8221;https:\/\/circle2learning.eu\/lt\/wp-content\/uploads\/2023\/07\/Resource-Pack-2-2.png&#8221; title_text=&#8221;Resource Pack 2-2&#8243; _builder_version=&#8221;4.21.0&#8243; _module_preset=&#8221;default&#8221; global_colors_info=&#8221;{}&#8221;][\/et_pb_image][\/et_pb_column][et_pb_column type=&#8221;2_3&#8243; _builder_version=&#8221;4.21.0&#8243; _module_preset=&#8221;default&#8221; global_colors_info=&#8221;{}&#8221;][et_pb_text _builder_version=&#8221;4.27.0&#8243; _module_preset=&#8221;default&#8221; global_colors_info=&#8221;{}&#8221;]<\/p>\n<h4><strong>CIRCLE2. Maistas ir jo poveikis aplinkai<\/strong><\/h4>\n<p>Egzistuoja glaudus ry\u0161ys tarp maisto, kaip sunaudojamo i\u0161tekliaus, ir i\u0161skiriamo anglies dioksido poveikio. Labai svarbu suprasti \u0161\u012f ry\u0161\u012f arba i\u0161 ties\u0173 \u017einoti, kokie maisto produktai yra naudingesni aplinkai. Ma\u017eoje grup\u0117je panagrin\u0117kite \u012fvairi\u0173 patiekal\u0173, kuriuos galite rasti restorane, anglies dvideginio poveik\u012f ir su\u017einokite, kokius poky\u010dius galima padaryti, kad suma\u017e\u0117t\u0173 anglies dvideginio poveikis.<\/p>\n<p>[\/et_pb_text][\/et_pb_column][\/et_pb_row][et_pb_row column_structure=&#8221;1_3,2_3&#8243; _builder_version=&#8221;4.21.0&#8243; _module_preset=&#8221;default&#8221; global_colors_info=&#8221;{}&#8221;][et_pb_column type=&#8221;1_3&#8243; _builder_version=&#8221;4.21.0&#8243; _module_preset=&#8221;default&#8221; global_colors_info=&#8221;{}&#8221;][et_pb_image src=&#8221;https:\/\/circle2learning.eu\/lt\/wp-content\/uploads\/2024\/10\/Resouse_2.2.3.png&#8221; title_text=&#8221;Resouse_2.2.3&#8243; _builder_version=&#8221;4.27.0&#8243; _module_preset=&#8221;default&#8221; global_colors_info=&#8221;{}&#8221;][\/et_pb_image][\/et_pb_column][et_pb_column type=&#8221;2_3&#8243; _builder_version=&#8221;4.21.0&#8243; _module_preset=&#8221;default&#8221; global_colors_info=&#8221;{}&#8221;][et_pb_text _builder_version=&#8221;4.27.4&#8243; _module_preset=&#8221;default&#8221; global_colors_info=&#8221;{}&#8221;]<\/p>\n<h4><strong>CIRCLE J\u0117g\u0173 lauko analiz\u0117<br \/><\/strong><\/h4>\n<p>\u012egyvendinant aplinkosauginius poky\u010dius praktikoje susiduriama su pasiprie\u0161inimu. \u0160iame pratime taikomi pirmojo Niutono d\u0117snio principai, teigiantys, kad objektas i\u0161liks tam tikroje pad\u0117tyje, jei jo neveiks nesubalansuotos j\u0117gos. Kalbant apie \u017eiedin\u0119 ekonomik\u0105, veikia tokios j\u0117gos, kaip reguliavimas ar pakartotinio perdirbimo tikslai, skatinantys \u012fgyvendinti \u017eiedin\u0117s ekonomikos strategij\u0105, ir pasiprie\u0161inimo j\u0117gos, trukdan\u010dios poky\u010diams. Dirbdami komandoje panagrin\u0117kite \u0161ias j\u0117gas.<\/p>\n<p>[\/et_pb_text][\/et_pb_column][\/et_pb_row][\/et_pb_section]<\/p>\n","protected":false},"excerpt":{"rendered":"<p>Mokymo(si) i\u0161tekli\u0173 rinkinys 2CIRCLE2. Kelion\u0117s CO2 skai\u010diuokl\u0117 Kiekvien\u0105 dien\u0105 renkam\u0117s transporto priemon\u0119, ta\u010diau nesusim\u0105stome apie savo kelion\u0117s poveik\u012f aplinkai. \u0160i paprasta skai\u010diuokl\u0117 pad\u0117s Jums \u012fvertinti savo kelion\u0117s poveik\u012f.CIRCLE2. Maistas ir jo poveikis aplinkai Egzistuoja glaudus ry\u0161ys tarp maisto, kaip sunaudojamo i\u0161tekliaus, ir i\u0161skiriamo anglies dioksido poveikio. Labai svarbu suprasti \u0161\u012f ry\u0161\u012f arba i\u0161 ties\u0173 \u017einoti, [&hellip;]<\/p>\n","protected":false},"author":2,"featured_media":0,"parent":0,"menu_order":0,"comment_status":"closed","ping_status":"closed","template":"","meta":{"_et_pb_use_builder":"on","_et_pb_old_content":"","_et_gb_content_width":"","footnotes":""},"class_list":["post-561","page","type-page","status-publish","hentry"],"_links":{"self":[{"href":"https:\/\/circle2learning.eu\/lt\/wp-json\/wp\/v2\/pages\/561","targetHints":{"allow":["GET"]}}],"collection":[{"href":"https:\/\/circle2learning.eu\/lt\/wp-json\/wp\/v2\/pages"}],"about":[{"href":"https:\/\/circle2learning.eu\/lt\/wp-json\/wp\/v2\/types\/page"}],"author":[{"embeddable":true,"href":"https:\/\/circle2learning.eu\/lt\/wp-json\/wp\/v2\/users\/2"}],"replies":[{"embeddable":true,"href":"https:\/\/circle2learning.eu\/lt\/wp-json\/wp\/v2\/comments?post=561"}],"version-history":[{"count":13,"href":"https:\/\/circle2learning.eu\/lt\/wp-json\/wp\/v2\/pages\/561\/revisions"}],"predecessor-version":[{"id":1397,"href":"https:\/\/circle2learning.eu\/lt\/wp-json\/wp\/v2\/pages\/561\/revisions\/1397"}],"wp:attachment":[{"href":"https:\/\/circle2learning.eu\/lt\/wp-json\/wp\/v2\/media?parent=561"}],"curies":[{"name":"wp","href":"https:\/\/api.w.org\/{rel}","templated":true}]}}