{"id":584,"date":"2023-07-04T10:26:39","date_gmt":"2023-07-04T10:26:39","guid":{"rendered":"https:\/\/circle2learning.eu\/lt\/?page_id=584"},"modified":"2024-12-28T16:24:56","modified_gmt":"2024-12-28T16:24:56","slug":"transport-resource-pack-1","status":"publish","type":"page","link":"https:\/\/circle2learning.eu\/lt\/transport-resource-pack-1\/","title":{"rendered":"Transport Resource Pack 1"},"content":{"rendered":"<p>[et_pb_section fb_built=&#8221;1&#8243; _builder_version=&#8221;4.21.0&#8243; _module_preset=&#8221;default&#8221; global_colors_info=&#8221;{}&#8221;][et_pb_row column_structure=&#8221;1_2,1_2&#8243; _builder_version=&#8221;4.21.0&#8243; _module_preset=&#8221;default&#8221; global_colors_info=&#8221;{}&#8221;][et_pb_column type=&#8221;1_2&#8243; _builder_version=&#8221;4.21.0&#8243; _module_preset=&#8221;default&#8221; global_colors_info=&#8221;{}&#8221;][et_pb_text _builder_version=&#8221;4.27.3&#8243; _module_preset=&#8221;default&#8221; global_colors_info=&#8221;{}&#8221;]<\/p>\n<h2><strong>Mokymo(si) i\u0161tekli\u0173 rinkinys 1<\/strong><\/h2>\n<p>[\/et_pb_text][\/et_pb_column][et_pb_column type=&#8221;1_2&#8243; _builder_version=&#8221;4.21.0&#8243; _module_preset=&#8221;default&#8221; global_colors_info=&#8221;{}&#8221;][\/et_pb_column][\/et_pb_row][et_pb_row _builder_version=&#8221;4.27.3&#8243; _module_preset=&#8221;default&#8221; global_colors_info=&#8221;{}&#8221;][et_pb_column type=&#8221;4_4&#8243; _builder_version=&#8221;4.27.3&#8243; _module_preset=&#8221;default&#8221; global_colors_info=&#8221;{}&#8221;][et_pb_button button_url=&#8221;https:\/\/circle2learning.eu\/lt\/wp-content\/uploads\/2024\/12\/Transportas_ZIP1.zip&#8221; url_new_window=&#8221;on&#8221; button_text=&#8221;Atsisi\u0173sti mokymo(si) i\u0161tekli\u0173 rinkin\u012f zip rinkmenoje&#8221; button_alignment=&#8221;center&#8221; _builder_version=&#8221;4.27.4&#8243; _module_preset=&#8221;default&#8221; z_index=&#8221;0&#8243; custom_padding=&#8221;|0px||||&#8221; hover_enabled=&#8221;0&#8243; custom_css_before=&#8221;et-download-button&#8221; locked=&#8221;off&#8221; global_colors_info=&#8221;{}&#8221; sticky_enabled=&#8221;0&#8243;][\/et_pb_button][\/et_pb_column][\/et_pb_row][et_pb_row column_structure=&#8221;1_3,2_3&#8243; _builder_version=&#8221;4.27.3&#8243; _module_preset=&#8221;default&#8221; global_colors_info=&#8221;{}&#8221;][et_pb_column type=&#8221;1_3&#8243; _builder_version=&#8221;4.27.3&#8243; _module_preset=&#8221;default&#8221; global_colors_info=&#8221;{}&#8221;][et_pb_image src=&#8221;https:\/\/circle2learning.eu\/lt\/wp-content\/uploads\/2024\/11\/Transport-RP1.png&#8221; title_text=&#8221;Transport RP1-1&#8243; _builder_version=&#8221;4.27.3&#8243; _module_preset=&#8221;default&#8221; global_colors_info=&#8221;{}&#8221;][\/et_pb_image][\/et_pb_column][et_pb_column type=&#8221;2_3&#8243; _builder_version=&#8221;4.27.3&#8243; _module_preset=&#8221;default&#8221; global_colors_info=&#8221;{}&#8221;][et_pb_text _builder_version=&#8221;4.27.3&#8243; _module_preset=&#8221;default&#8221; custom_padding=&#8221;|||0px||&#8221; locked=&#8221;off&#8221; global_colors_info=&#8221;{}&#8221;]<\/p>\n<h4><strong>Automobilio i\u0161laikymo i\u0161laidos ES metams<\/strong><\/h4>\n<p>\u0160is MS Excel programa paremtas \u012frankis leid\u017eia nustatyti \u012fvairi\u0173 tip\u0173 automobili\u0173 finansines ir aplinkosaugines s\u0105naudas.<\/p>\n<p>Naudodamiesi \u0161ia priemone, remdamiesi ES vidurkiais, apskai\u010diuokite savo automobilio finansin\u012f poveik\u012f ir poveik\u012f aplinkai.<\/p>\n<p>[\/et_pb_text][\/et_pb_column][\/et_pb_row][et_pb_row column_structure=&#8221;1_3,2_3&#8243; _builder_version=&#8221;4.27.3&#8243; _module_preset=&#8221;default&#8221; global_colors_info=&#8221;{}&#8221;][et_pb_column type=&#8221;1_3&#8243; _builder_version=&#8221;4.27.3&#8243; _module_preset=&#8221;default&#8221; global_colors_info=&#8221;{}&#8221;][et_pb_image src=&#8221;https:\/\/circle2learning.eu\/lt\/wp-content\/uploads\/2024\/11\/Transport-RP1-2-image.png&#8221; title_text=&#8221;Transport RP1-2 image&#8221; _builder_version=&#8221;4.27.3&#8243; _module_preset=&#8221;default&#8221; global_colors_info=&#8221;{}&#8221;][\/et_pb_image][\/et_pb_column][et_pb_column type=&#8221;2_3&#8243; _builder_version=&#8221;4.27.3&#8243; _module_preset=&#8221;default&#8221; global_colors_info=&#8221;{}&#8221;][et_pb_text _builder_version=&#8221;4.27.3&#8243; _module_preset=&#8221;default&#8221; locked=&#8221;off&#8221; global_colors_info=&#8221;{}&#8221;]<\/p>\n<h4><strong><span>ES vie\u0161ojo transporto i\u0161laid\u0173 skai\u010diuokl\u0117<\/span><\/strong><\/h4>\n<p>\u017diedinis po\u017ei\u016bris atliepia aktyvesn\u012f vie\u0161ojo transporto naudojim\u0105 \u017emoni\u0173 jud\u0117jimui.<\/p>\n<p>Kiek kainuoja naudotis skirtingomis transporto priemon\u0117mis Europoje?<\/p>\n<p>[\/et_pb_text][\/et_pb_column][\/et_pb_row][et_pb_row column_structure=&#8221;1_3,2_3&#8243; _builder_version=&#8221;4.27.3&#8243; _module_preset=&#8221;default&#8221; global_colors_info=&#8221;{}&#8221;][et_pb_column type=&#8221;1_3&#8243; _builder_version=&#8221;4.27.3&#8243; _module_preset=&#8221;default&#8221; global_colors_info=&#8221;{}&#8221;][et_pb_image src=&#8221;https:\/\/circle2learning.eu\/lt\/wp-content\/uploads\/2024\/11\/Transport-RP1-3-Freight-Image.png&#8221; title_text=&#8221;Transport RP1-3 Freight Image&#8221; _builder_version=&#8221;4.27.3&#8243; _module_preset=&#8221;default&#8221; global_colors_info=&#8221;{}&#8221;][\/et_pb_image][\/et_pb_column][et_pb_column type=&#8221;2_3&#8243; _builder_version=&#8221;4.27.3&#8243; _module_preset=&#8221;default&#8221; global_colors_info=&#8221;{}&#8221;][et_pb_text _builder_version=&#8221;4.27.3&#8243; _module_preset=&#8221;default&#8221; custom_padding=&#8221;|||0px||&#8221; link_option_url_new_window=&#8221;on&#8221; locked=&#8221;off&#8221; global_colors_info=&#8221;{}&#8221;]<\/p>\n<h4><strong><b>Krovini\u0173 ve\u017eimo skai\u010diuokl\u0117<\/b><br \/><\/strong><\/h4>\n<p data-sourcepos=\"3:1-3:47\"><strong>Numatomi pristatymo ka\u0161tai<\/strong><\/p>\n<p data-sourcepos=\"5:1-5:19\"><span>Naudodamiesi \u0161ia priemone galite apskai\u010diuoti numatom\u0105 krovinio ve\u017eimo kain\u0105, \u012fvertindami degal\u0173 kain\u0105, atstum\u0105, krovinio svor\u012f ir degal\u0173 naudojimo efektyvum\u0105.<br \/><\/span><\/p>\n<p data-sourcepos=\"5:1-5:19\"><span>Priemone galite naudotis\u00a0<\/span><a href=\"https:\/\/circle2learning.eu\/lt\/freight-calculator\/\" target=\"_blank\" rel=\"noopener\" title=\"Freight Calculator\" style=\"font-size: 14px; background-color: #ffffff;\"><span style=\"font-size: 14px; color: #3366ff;\"><span style=\"font-size: 14px; font-weight: bold;\">tiesiogiai internete <\/span><\/span><\/a><span style=\"font-size: 14px;\">arba atsisi\u0173sti html, cs, javascript arba \u201eExcel&#8221; formatu. Taip pat pateikiame \u012frankio naudojimo instrukcijas, skirtas baziniam ir i\u0161pl\u0117stiniam naudojimui.<\/span><\/p>\n<p>[\/et_pb_text][\/et_pb_column][\/et_pb_row][\/et_pb_section]<\/p>\n","protected":false},"excerpt":{"rendered":"<p>Mokymo(si) i\u0161tekli\u0173 rinkinys 1Automobilio i\u0161laikymo i\u0161laidos ES metams \u0160is MS Excel programa paremtas \u012frankis leid\u017eia nustatyti \u012fvairi\u0173 tip\u0173 automobili\u0173 finansines ir aplinkosaugines s\u0105naudas. Naudodamiesi \u0161ia priemone, remdamiesi ES vidurkiais, apskai\u010diuokite savo automobilio finansin\u012f poveik\u012f ir poveik\u012f aplinkai.ES vie\u0161ojo transporto i\u0161laid\u0173 skai\u010diuokl\u0117 \u017diedinis po\u017ei\u016bris atliepia aktyvesn\u012f vie\u0161ojo transporto naudojim\u0105 \u017emoni\u0173 jud\u0117jimui. Kiek kainuoja naudotis skirtingomis transporto [&hellip;]<\/p>\n","protected":false},"author":2,"featured_media":0,"parent":0,"menu_order":0,"comment_status":"closed","ping_status":"closed","template":"","meta":{"_et_pb_use_builder":"on","_et_pb_old_content":"","_et_gb_content_width":"","footnotes":""},"class_list":["post-584","page","type-page","status-publish","hentry"],"_links":{"self":[{"href":"https:\/\/circle2learning.eu\/lt\/wp-json\/wp\/v2\/pages\/584","targetHints":{"allow":["GET"]}}],"collection":[{"href":"https:\/\/circle2learning.eu\/lt\/wp-json\/wp\/v2\/pages"}],"about":[{"href":"https:\/\/circle2learning.eu\/lt\/wp-json\/wp\/v2\/types\/page"}],"author":[{"embeddable":true,"href":"https:\/\/circle2learning.eu\/lt\/wp-json\/wp\/v2\/users\/2"}],"replies":[{"embeddable":true,"href":"https:\/\/circle2learning.eu\/lt\/wp-json\/wp\/v2\/comments?post=584"}],"version-history":[{"count":18,"href":"https:\/\/circle2learning.eu\/lt\/wp-json\/wp\/v2\/pages\/584\/revisions"}],"predecessor-version":[{"id":1359,"href":"https:\/\/circle2learning.eu\/lt\/wp-json\/wp\/v2\/pages\/584\/revisions\/1359"}],"wp:attachment":[{"href":"https:\/\/circle2learning.eu\/lt\/wp-json\/wp\/v2\/media?parent=584"}],"curies":[{"name":"wp","href":"https:\/\/api.w.org\/{rel}","templated":true}]}}