{"id":587,"date":"2023-07-04T10:27:39","date_gmt":"2023-07-04T10:27:39","guid":{"rendered":"https:\/\/circle2learning.eu\/lt\/?page_id=587"},"modified":"2024-12-28T18:16:37","modified_gmt":"2024-12-28T18:16:37","slug":"transport-resource-pack-2","status":"publish","type":"page","link":"https:\/\/circle2learning.eu\/lt\/transport-resource-pack-2\/","title":{"rendered":"Transport Resource Pack 2"},"content":{"rendered":"<p>[et_pb_section fb_built=&#8221;1&#8243; _builder_version=&#8221;4.21.0&#8243; _module_preset=&#8221;default&#8221; custom_padding=&#8221;||13px|||&#8221; locked=&#8221;off&#8221; global_colors_info=&#8221;{}&#8221;][et_pb_row column_structure=&#8221;1_2,1_2&#8243; _builder_version=&#8221;4.27.3&#8243; _module_preset=&#8221;default&#8221; global_colors_info=&#8221;{}&#8221;][et_pb_column type=&#8221;1_2&#8243; _builder_version=&#8221;4.27.3&#8243; _module_preset=&#8221;default&#8221; global_colors_info=&#8221;{}&#8221;][et_pb_text _builder_version=&#8221;4.27.3&#8243; _module_preset=&#8221;default&#8221; global_colors_info=&#8221;{}&#8221;]<\/p>\n<h2><strong>Mokymo(si) i\u0161tekli\u0173 rinkinys 2<\/strong><\/h2>\n<p>[\/et_pb_text][\/et_pb_column][et_pb_column type=&#8221;1_2&#8243; _builder_version=&#8221;4.27.3&#8243; _module_preset=&#8221;default&#8221; global_colors_info=&#8221;{}&#8221;][\/et_pb_column][\/et_pb_row][et_pb_row _builder_version=&#8221;4.27.3&#8243; _module_preset=&#8221;default&#8221; global_colors_info=&#8221;{}&#8221;][et_pb_column type=&#8221;4_4&#8243; _builder_version=&#8221;4.27.3&#8243; _module_preset=&#8221;default&#8221; global_colors_info=&#8221;{}&#8221;][et_pb_button button_url=&#8221;https:\/\/circle2learning.eu\/lt\/wp-content\/uploads\/2024\/12\/Transportas_ZIP_2.zip&#8221; url_new_window=&#8221;on&#8221; button_text=&#8221;Atsisi\u0173sti mokymo(si) i\u0161tekli\u0173 rinkin\u012f zip rinkmenoje&#8221; button_alignment=&#8221;center&#8221; _builder_version=&#8221;4.27.4&#8243; _module_preset=&#8221;default&#8221; z_index=&#8221;0&#8243; hover_enabled=&#8221;0&#8243; custom_css_before=&#8221;et-download-button&#8221; locked=&#8221;off&#8221; global_colors_info=&#8221;{}&#8221; sticky_enabled=&#8221;0&#8243;][\/et_pb_button][\/et_pb_column][\/et_pb_row][et_pb_row column_structure=&#8221;1_2,1_2&#8243; module_class=&#8221;freightcalculator&#8221; _builder_version=&#8221;4.27.3&#8243; _module_preset=&#8221;default&#8221; min_height=&#8221;319.6px&#8221; custom_margin=&#8221;-2px|auto||auto||&#8221; custom_padding=&#8221;||15px|||&#8221; global_colors_info=&#8221;{}&#8221;][et_pb_column type=&#8221;1_2&#8243; _builder_version=&#8221;4.22.0&#8243; _module_preset=&#8221;default&#8221; global_colors_info=&#8221;{}&#8221;][et_pb_image src=&#8221;https:\/\/circle2learning.eu\/lt\/wp-content\/uploads\/2024\/11\/Transportas_2.3.1_2_Transformacija.png&#8221; title_text=&#8221;Transportas_2.3.1_2_Transformacija&#8221; _builder_version=&#8221;4.27.3&#8243; _module_preset=&#8221;default&#8221; width=&#8221;83%&#8221; min_height=&#8221;260.6px&#8221; height=&#8221;152px&#8221; global_colors_info=&#8221;{}&#8221;][\/et_pb_image][\/et_pb_column][et_pb_column type=&#8221;1_2&#8243; _builder_version=&#8221;4.22.0&#8243; _module_preset=&#8221;default&#8221; global_colors_info=&#8221;{}&#8221;][et_pb_text _builder_version=&#8221;4.27.3&#8243; _module_preset=&#8221;default&#8221; custom_padding=&#8221;|||0px||&#8221; global_colors_info=&#8221;{}&#8221;]<\/p>\n<h4><strong>Skaitmenin\u0117s transformacijos \u012fsivertinimo \u012frankis<\/strong><\/h4>\n<p>Su\u017einokite, kaip \u012fvairios organizacijos naudoja skaitmenines technologijas, kad patobulint\u0173 savo logistikos operacijas, efektyviai gabent\u0173 prekes ir suma\u017eint\u0173 atliek\u0173 bei i\u0161metamo anglies dioksido kiek\u012f.<\/p>\n<p>[\/et_pb_text][\/et_pb_column][\/et_pb_row][et_pb_row column_structure=&#8221;1_2,1_2&#8243; _builder_version=&#8221;4.27.3&#8243; _module_preset=&#8221;default&#8221; global_colors_info=&#8221;{}&#8221;][et_pb_column type=&#8221;1_2&#8243; _builder_version=&#8221;4.27.3&#8243; _module_preset=&#8221;default&#8221; global_colors_info=&#8221;{}&#8221;][et_pb_image src=&#8221;https:\/\/circle2learning.eu\/lt\/wp-content\/uploads\/2024\/11\/Transportas_2.3.2_2.png&#8221; title_text=&#8221;Transportas_2.3.2_2&#8243; _builder_version=&#8221;4.27.3&#8243; _module_preset=&#8221;default&#8221; global_colors_info=&#8221;{}&#8221;][\/et_pb_image][\/et_pb_column][et_pb_column type=&#8221;1_2&#8243; _builder_version=&#8221;4.27.3&#8243; _module_preset=&#8221;default&#8221; global_colors_info=&#8221;{}&#8221;][et_pb_text _builder_version=&#8221;4.27.3&#8243; _module_preset=&#8221;default&#8221; global_colors_info=&#8221;{}&#8221;]<\/p>\n<h4><strong>Elektrin\u0117s transporto priemon\u0117s pasirinkimas<\/strong><\/h4>\n<p>Pasinaudodami \u012frankiu (Excel formatu) su\u017einokite koki\u0105 naud\u0105, ma\u017einant anglies dvideginio i\u0161metim\u0105 ir visuotin\u012f at\u0161ilim\u0105, suteikia elektrini\u0173 transporto priemoni\u0173 naudojimas.<\/p>\n<p>[\/et_pb_text][\/et_pb_column][\/et_pb_row][et_pb_row column_structure=&#8221;1_2,1_2&#8243; module_class=&#8221;freightcalculator&#8221; _builder_version=&#8221;4.27.2&#8243; _module_preset=&#8221;default&#8221; min_height=&#8221;319.6px&#8221; custom_margin=&#8221;-2px|auto||auto||&#8221; custom_padding=&#8221;||15px|||&#8221; link_option_url_new_window=&#8221;on&#8221; custom_css_free_form=&#8221;.freightcalculator {||  transition: all 0.3s ease-in-out;||}||||.freightcalculator:hover {||  transform: scale(1.01);||}&#8221; global_colors_info=&#8221;{}&#8221;][et_pb_column type=&#8221;1_2&#8243; _builder_version=&#8221;4.22.0&#8243; _module_preset=&#8221;default&#8221; global_colors_info=&#8221;{}&#8221;][et_pb_image src=&#8221;https:\/\/circle2learning.eu\/lt\/wp-content\/uploads\/2024\/12\/2.3.1_3_Transportas-ir-logistika.png&#8221; alt=&#8221;Freight Calculator&#8221; title_text=&#8221;2.3.1_3_Transportas ir logistika&#8221; url_new_window=&#8221;on&#8221; align=&#8221;center&#8221; _builder_version=&#8221;4.27.4&#8243; _module_preset=&#8221;default&#8221; width=&#8221;100%&#8221; max_width=&#8221;80%&#8221; min_height=&#8221;100%&#8221; height=&#8221;100%&#8221; global_colors_info=&#8221;{}&#8221;][\/et_pb_image][\/et_pb_column][et_pb_column type=&#8221;1_2&#8243; _builder_version=&#8221;4.22.0&#8243; _module_preset=&#8221;default&#8221; global_colors_info=&#8221;{}&#8221;][et_pb_text _builder_version=&#8221;4.27.3&#8243; _module_preset=&#8221;default&#8221; custom_padding=&#8221;|||0px||&#8221; link_option_url_new_window=&#8221;on&#8221; global_colors_info=&#8221;{}&#8221;]<\/p>\n<h4><strong>\u012emon\u0117s transporto ir logistikos \u012fsivertinimo \u012frankis<\/strong><\/h4>\n<p data-sourcepos=\"3:1-3:47\">Priemon\u0117 skirta pad\u0117ti \u012fvertinti \u012fmon\u0117s transport\u0105, logistik\u0105 ir veikl\u0105, panagrin\u0117ti ar galima pritaikyti daugiau \u017eiedin\u0117s veiklos galimybi\u0173. Pateikti klausimai yra gair\u0117s \u0161ablono u\u017epildymui. Naudodamiesi transporto mokymo med\u017eiaga, galite surasti atitinkamus \u017eiedin\u0117s ekonomikos metodus transporto ir logistikos problem\u0173 sprendimui.<\/p>\n<p>[\/et_pb_text][\/et_pb_column][\/et_pb_row][\/et_pb_section]<\/p>\n","protected":false},"excerpt":{"rendered":"<p>Mokymo(si) i\u0161tekli\u0173 rinkinys 2Skaitmenin\u0117s transformacijos \u012fsivertinimo \u012frankis Su\u017einokite, kaip \u012fvairios organizacijos naudoja skaitmenines technologijas, kad patobulint\u0173 savo logistikos operacijas, efektyviai gabent\u0173 prekes ir suma\u017eint\u0173 atliek\u0173 bei i\u0161metamo anglies dioksido kiek\u012f.Elektrin\u0117s transporto priemon\u0117s pasirinkimas Pasinaudodami \u012frankiu (Excel formatu) su\u017einokite koki\u0105 naud\u0105, ma\u017einant anglies dvideginio i\u0161metim\u0105 ir visuotin\u012f at\u0161ilim\u0105, suteikia elektrini\u0173 transporto priemoni\u0173 naudojimas.\u012emon\u0117s transporto ir logistikos [&hellip;]<\/p>\n","protected":false},"author":2,"featured_media":0,"parent":0,"menu_order":0,"comment_status":"closed","ping_status":"closed","template":"","meta":{"_et_pb_use_builder":"on","_et_pb_old_content":"","_et_gb_content_width":"","footnotes":""},"class_list":["post-587","page","type-page","status-publish","hentry"],"_links":{"self":[{"href":"https:\/\/circle2learning.eu\/lt\/wp-json\/wp\/v2\/pages\/587","targetHints":{"allow":["GET"]}}],"collection":[{"href":"https:\/\/circle2learning.eu\/lt\/wp-json\/wp\/v2\/pages"}],"about":[{"href":"https:\/\/circle2learning.eu\/lt\/wp-json\/wp\/v2\/types\/page"}],"author":[{"embeddable":true,"href":"https:\/\/circle2learning.eu\/lt\/wp-json\/wp\/v2\/users\/2"}],"replies":[{"embeddable":true,"href":"https:\/\/circle2learning.eu\/lt\/wp-json\/wp\/v2\/comments?post=587"}],"version-history":[{"count":16,"href":"https:\/\/circle2learning.eu\/lt\/wp-json\/wp\/v2\/pages\/587\/revisions"}],"predecessor-version":[{"id":1369,"href":"https:\/\/circle2learning.eu\/lt\/wp-json\/wp\/v2\/pages\/587\/revisions\/1369"}],"wp:attachment":[{"href":"https:\/\/circle2learning.eu\/lt\/wp-json\/wp\/v2\/media?parent=587"}],"curies":[{"name":"wp","href":"https:\/\/api.w.org\/{rel}","templated":true}]}}