{"id":590,"date":"2023-07-04T10:28:28","date_gmt":"2023-07-04T10:28:28","guid":{"rendered":"https:\/\/circle2learning.eu\/lt\/?page_id=590"},"modified":"2025-01-12T11:21:22","modified_gmt":"2025-01-12T11:21:22","slug":"agriculture-resource-pack-1","status":"publish","type":"page","link":"https:\/\/circle2learning.eu\/lt\/agriculture-resource-pack-1\/","title":{"rendered":"Agriculture Resource Pack 1"},"content":{"rendered":"<p>[et_pb_section fb_built=&#8221;1&#8243; _builder_version=&#8221;4.21.0&#8243; _module_preset=&#8221;default&#8221; custom_padding=&#8221;||13px|||&#8221; locked=&#8221;off&#8221; global_colors_info=&#8221;{}&#8221;][et_pb_row column_structure=&#8221;1_2,1_2&#8243; _builder_version=&#8221;4.27.3&#8243; _module_preset=&#8221;default&#8221; global_colors_info=&#8221;{}&#8221;][et_pb_column type=&#8221;1_2&#8243; _builder_version=&#8221;4.27.3&#8243; _module_preset=&#8221;default&#8221; global_colors_info=&#8221;{}&#8221;][et_pb_text _builder_version=&#8221;4.27.4&#8243; _module_preset=&#8221;default&#8221; global_colors_info=&#8221;{}&#8221;]<\/p>\n<h2><strong>Mokymo(si) i\u0161tekli\u0173 rinkinys 1<\/strong><\/h2>\n<p>[\/et_pb_text][\/et_pb_column][et_pb_column type=&#8221;1_2&#8243; _builder_version=&#8221;4.27.3&#8243; _module_preset=&#8221;default&#8221; global_colors_info=&#8221;{}&#8221;][\/et_pb_column][\/et_pb_row][et_pb_row _builder_version=&#8221;4.27.4&#8243; _module_preset=&#8221;default&#8221; global_colors_info=&#8221;{}&#8221;][et_pb_column type=&#8221;4_4&#8243; _builder_version=&#8221;4.27.4&#8243; _module_preset=&#8221;default&#8221; global_colors_info=&#8221;{}&#8221;][et_pb_button button_url=&#8221;https:\/\/circle2learning.eu\/lt\/wp-content\/uploads\/2025\/01\/Zemes-ukis_ZIP1.zip&#8221; url_new_window=&#8221;on&#8221; button_text=&#8221;Atsis\u0173sti mokymo(si) i\u0161tekli\u0173 rinkin\u012f zip rinkmenoje&#8221; button_alignment=&#8221;center&#8221; _builder_version=&#8221;4.27.4&#8243; _module_preset=&#8221;default&#8221; z_index=&#8221;0&#8243; custom_padding=&#8221;||0px|||&#8221; hover_enabled=&#8221;0&#8243; custom_css_before=&#8221;et-download-button&#8221; locked=&#8221;off&#8221; global_colors_info=&#8221;{}&#8221; sticky_enabled=&#8221;0&#8243;][\/et_pb_button][\/et_pb_column][\/et_pb_row][et_pb_row column_structure=&#8221;1_2,1_2&#8243; module_class=&#8221;freightcalculator&#8221; _builder_version=&#8221;4.27.2&#8243; _module_preset=&#8221;default&#8221; min_height=&#8221;319.6px&#8221; custom_margin=&#8221;-2px|auto||auto||&#8221; custom_padding=&#8221;||15px|||&#8221; global_colors_info=&#8221;{}&#8221;][et_pb_column type=&#8221;1_2&#8243; _builder_version=&#8221;4.22.0&#8243; _module_preset=&#8221;default&#8221; global_colors_info=&#8221;{}&#8221;][et_pb_image src=&#8221;https:\/\/circle2learning.eu\/wp-content\/uploads\/2024\/12\/Agric-tool-1.png&#8221; title_text=&#8221;Agric tool 1&#8243; _builder_version=&#8221;4.27.4&#8243; _module_preset=&#8221;default&#8221; width=&#8221;83%&#8221; min_height=&#8221;260.6px&#8221; height=&#8221;152px&#8221; global_colors_info=&#8221;{}&#8221;][\/et_pb_image][\/et_pb_column][et_pb_column type=&#8221;1_2&#8243; _builder_version=&#8221;4.22.0&#8243; _module_preset=&#8221;default&#8221; global_colors_info=&#8221;{}&#8221;][et_pb_text _builder_version=&#8221;4.27.4&#8243; _module_preset=&#8221;default&#8221; custom_padding=&#8221;|||0px||&#8221; global_colors_info=&#8221;{}&#8221;]<\/p>\n<h4><strong>\u017dem\u0117s \u016bkio sektoriaus i\u0161metami ter\u0161alai<\/strong><\/h4>\n<p>\u0160is \u012frankis i\u0161skiria da\u017eniausiai vykdomos \u017eem\u0117s \u016bkio veiklos i\u0161metamas \u0161iltnamio efekt\u0105 sukelian\u010dias dujas (\u0160ESD), j\u0173 poveik\u012f ir si\u016blo \u017eiedinius sprendimus, kaip suma\u017einti j\u0173 p\u0117dsakus.<\/p>\n<p>[\/et_pb_text][\/et_pb_column][\/et_pb_row][et_pb_row column_structure=&#8221;1_2,1_2&#8243; _builder_version=&#8221;4.27.3&#8243; _module_preset=&#8221;default&#8221; hover_enabled=&#8221;0&#8243; global_colors_info=&#8221;{}&#8221; sticky_enabled=&#8221;0&#8243;][et_pb_column type=&#8221;1_2&#8243; _builder_version=&#8221;4.27.3&#8243; _module_preset=&#8221;default&#8221; global_colors_info=&#8221;{}&#8221;][et_pb_image src=&#8221;https:\/\/circle2learning.eu\/lt\/wp-content\/uploads\/2025\/01\/Mazi-zingsniai.png&#8221; title_text=&#8221;Mazi zingsniai&#8221; _builder_version=&#8221;4.27.4&#8243; _module_preset=&#8221;default&#8221; hover_enabled=&#8221;0&#8243; global_colors_info=&#8221;{}&#8221; sticky_enabled=&#8221;0&#8243;][\/et_pb_image][\/et_pb_column][et_pb_column type=&#8221;1_2&#8243; _builder_version=&#8221;4.27.3&#8243; _module_preset=&#8221;default&#8221; global_colors_info=&#8221;{}&#8221;][et_pb_text _builder_version=&#8221;4.27.4&#8243; _module_preset=&#8221;default&#8221; global_colors_info=&#8221;{}&#8221;]<\/p>\n<h4><strong>Ma\u017eais \u017eingsneliais \u012f tvar\u0173 \u016bkininkavim\u0105<\/strong><\/h4>\n<p>Net ir nedideli tikslingi \u017eingsniai gali pagerinti \u016bkininkavimo praktikos poveik\u012f aplinkai. U\u017eduotyje skatinama atsi\u017evelgti \u012f \u012fprastai auginam\u0173 augal\u0173 naudojim\u0105, mul\u010diavim\u0105 ir kompostavim\u0105 nupjaut\u0173 ar likusi\u0173 augal\u0173 liekan\u0173.<\/p>\n<p>[\/et_pb_text][\/et_pb_column][\/et_pb_row][et_pb_row column_structure=&#8221;1_2,1_2&#8243; module_class=&#8221;freightcalculator&#8221; _builder_version=&#8221;4.27.2&#8243; _module_preset=&#8221;default&#8221; min_height=&#8221;319.6px&#8221; custom_margin=&#8221;-2px|auto||auto||&#8221; custom_padding=&#8221;||15px|||&#8221; link_option_url_new_window=&#8221;on&#8221; custom_css_free_form=&#8221;.freightcalculator {||  transition: all 0.3s ease-in-out;||}||||.freightcalculator:hover {||  transform: scale(1.01);||}&#8221; global_colors_info=&#8221;{}&#8221;][et_pb_column type=&#8221;1_2&#8243; _builder_version=&#8221;4.22.0&#8243; _module_preset=&#8221;default&#8221; global_colors_info=&#8221;{}&#8221;][et_pb_image src=&#8221;https:\/\/circle2learning.eu\/wp-content\/uploads\/2024\/12\/cows-forest-scaled.jpeg&#8221; alt=&#8221;Freight Calculator&#8221; title_text=&#8221;Small herd of cows grazing in organic pasture field&#8221; url=&#8221;https:\/\/circle2learning.eu\/freight-calculator\/&#8221; url_new_window=&#8221;on&#8221; _builder_version=&#8221;4.27.4&#8243; _module_preset=&#8221;default&#8221; width=&#8221;100%&#8221; max_width=&#8221;80%&#8221; min_height=&#8221;100%&#8221; height=&#8221;100%&#8221; global_colors_info=&#8221;{}&#8221;][\/et_pb_image][\/et_pb_column][et_pb_column type=&#8221;1_2&#8243; _builder_version=&#8221;4.22.0&#8243; _module_preset=&#8221;default&#8221; global_colors_info=&#8221;{}&#8221;][et_pb_text _builder_version=&#8221;4.27.4&#8243; _module_preset=&#8221;default&#8221; custom_padding=&#8221;|||0px||&#8221; link_option_url_new_window=&#8221;on&#8221; global_colors_info=&#8221;{}&#8221;]<\/p>\n<h4><strong>\u017dem\u0117s \u016bkio i\u0161metam\u0173j\u0173 ter\u0161al\u0173 skai\u010diuokl\u0117<br \/><\/strong><\/h4>\n<p data-sourcepos=\"5:1-5:19\"><span><br \/>Gyvulininkyst\u0117 ir mi\u0161kininkyst\u0117 yra dvi \u017eem\u0117s \u016bkio veiklos r\u016b\u0161ys, kurios gali tur\u0117ti gana skirting\u0105 poveik\u012f klimato kaitai. \u0160ioje \u017eem\u0117s \u016bkio i\u0161metam\u0173j\u0173 ter\u0161al\u0173 kiekio skai\u010diuokl\u0117je daugiausia d\u0117mesio skiriama \u0161ioms dviem \u017eem\u0117s \u016bkio veikloms ir pateikiamas apytikslis \u012fvertinimas. Nors pripa\u017e\u012fstama, kad \u0161i priemon\u0117 yra supaprastinta, ji leid\u017eia pasirinkti gyvuli\u0173 r\u016b\u0161\u012f ir dyd\u012f ir \u012fvertinti su j\u0173 auginimu susijus\u012f i\u0161metam\u0173j\u0173 ter\u0161al\u0173 kiek\u012f. Be to, \u017eem\u0117s prieinamumas ir poky\u010diai mi\u0161kininkyst\u0117je gali lemti, kokiu mastu vyksta anglies dioksido kaupimas.<\/span><\/p>\n<p>[\/et_pb_text][\/et_pb_column][\/et_pb_row][\/et_pb_section]<\/p>\n","protected":false},"excerpt":{"rendered":"<p>Mokymo(si) i\u0161tekli\u0173 rinkinys 1\u017dem\u0117s \u016bkio sektoriaus i\u0161metami ter\u0161alai \u0160is \u012frankis i\u0161skiria da\u017eniausiai vykdomos \u017eem\u0117s \u016bkio veiklos i\u0161metamas \u0161iltnamio efekt\u0105 sukelian\u010dias dujas (\u0160ESD), j\u0173 poveik\u012f ir si\u016blo \u017eiedinius sprendimus, kaip suma\u017einti j\u0173 p\u0117dsakus.Ma\u017eais \u017eingsneliais \u012f tvar\u0173 \u016bkininkavim\u0105 Net ir nedideli tikslingi \u017eingsniai gali pagerinti \u016bkininkavimo praktikos poveik\u012f aplinkai. U\u017eduotyje skatinama atsi\u017evelgti \u012f \u012fprastai auginam\u0173 augal\u0173 naudojim\u0105, [&hellip;]<\/p>\n","protected":false},"author":2,"featured_media":0,"parent":0,"menu_order":0,"comment_status":"closed","ping_status":"closed","template":"","meta":{"_et_pb_use_builder":"on","_et_pb_old_content":"","_et_gb_content_width":"","footnotes":""},"class_list":["post-590","page","type-page","status-publish","hentry"],"_links":{"self":[{"href":"https:\/\/circle2learning.eu\/lt\/wp-json\/wp\/v2\/pages\/590","targetHints":{"allow":["GET"]}}],"collection":[{"href":"https:\/\/circle2learning.eu\/lt\/wp-json\/wp\/v2\/pages"}],"about":[{"href":"https:\/\/circle2learning.eu\/lt\/wp-json\/wp\/v2\/types\/page"}],"author":[{"embeddable":true,"href":"https:\/\/circle2learning.eu\/lt\/wp-json\/wp\/v2\/users\/2"}],"replies":[{"embeddable":true,"href":"https:\/\/circle2learning.eu\/lt\/wp-json\/wp\/v2\/comments?post=590"}],"version-history":[{"count":6,"href":"https:\/\/circle2learning.eu\/lt\/wp-json\/wp\/v2\/pages\/590\/revisions"}],"predecessor-version":[{"id":1402,"href":"https:\/\/circle2learning.eu\/lt\/wp-json\/wp\/v2\/pages\/590\/revisions\/1402"}],"wp:attachment":[{"href":"https:\/\/circle2learning.eu\/lt\/wp-json\/wp\/v2\/media?parent=590"}],"curies":[{"name":"wp","href":"https:\/\/api.w.org\/{rel}","templated":true}]}}