{"id":594,"date":"2023-07-04T10:31:18","date_gmt":"2023-07-04T10:31:18","guid":{"rendered":"https:\/\/circle2learning.eu\/lt\/?page_id=594"},"modified":"2025-02-02T14:48:49","modified_gmt":"2025-02-02T14:48:49","slug":"agriculture-resource-pack-2","status":"publish","type":"page","link":"https:\/\/circle2learning.eu\/lt\/agriculture-resource-pack-2\/","title":{"rendered":"Agriculture Resource Pack 2"},"content":{"rendered":"<p>[et_pb_section fb_built=&#8221;1&#8243; _builder_version=&#8221;4.21.0&#8243; _module_preset=&#8221;default&#8221; custom_padding=&#8221;||13px|||&#8221; locked=&#8221;off&#8221; global_colors_info=&#8221;{}&#8221;][et_pb_row column_structure=&#8221;1_2,1_2&#8243; _builder_version=&#8221;4.27.3&#8243; _module_preset=&#8221;default&#8221; global_colors_info=&#8221;{}&#8221;][et_pb_column type=&#8221;1_2&#8243; _builder_version=&#8221;4.27.3&#8243; _module_preset=&#8221;default&#8221; global_colors_info=&#8221;{}&#8221;][et_pb_text _builder_version=&#8221;4.27.4&#8243; _module_preset=&#8221;default&#8221; global_colors_info=&#8221;{}&#8221;]<\/p>\n<h2><strong>Mokymo(si) i\u0161tekli\u0173 rinkinys 2<\/strong><\/h2>\n<p>[\/et_pb_text][\/et_pb_column][et_pb_column type=&#8221;1_2&#8243; _builder_version=&#8221;4.27.3&#8243; _module_preset=&#8221;default&#8221; global_colors_info=&#8221;{}&#8221;][\/et_pb_column][\/et_pb_row][et_pb_row _builder_version=&#8221;4.27.4&#8243; _module_preset=&#8221;default&#8221; global_colors_info=&#8221;{}&#8221;][et_pb_column type=&#8221;4_4&#8243; _builder_version=&#8221;4.27.4&#8243; _module_preset=&#8221;default&#8221; global_colors_info=&#8221;{}&#8221;][et_pb_button button_url=&#8221;https:\/\/circle2learning.eu\/lt\/wp-content\/uploads\/2025\/02\/Zemes-ukis_ZIP2.zip&#8221; url_new_window=&#8221;on&#8221; button_text=&#8221;Atsisi\u0173sti mokymo(si) i\u0161tekli\u0173 rinkin\u012f zip laikmenoje&#8221; button_alignment=&#8221;center&#8221; _builder_version=&#8221;4.27.4&#8243; _module_preset=&#8221;default&#8221; z_index=&#8221;0&#8243; hover_enabled=&#8221;0&#8243; custom_css_before=&#8221;et-download-button&#8221; locked=&#8221;off&#8221; global_colors_info=&#8221;{}&#8221; sticky_enabled=&#8221;0&#8243;][\/et_pb_button][\/et_pb_column][\/et_pb_row][et_pb_row column_structure=&#8221;1_2,1_2&#8243; module_class=&#8221;freightcalculator&#8221; _builder_version=&#8221;4.27.2&#8243; _module_preset=&#8221;default&#8221; min_height=&#8221;319.6px&#8221; custom_margin=&#8221;-2px|auto||auto||&#8221; custom_padding=&#8221;||15px|||&#8221; global_colors_info=&#8221;{}&#8221;][et_pb_column type=&#8221;1_2&#8243; _builder_version=&#8221;4.22.0&#8243; _module_preset=&#8221;default&#8221; global_colors_info=&#8221;{}&#8221;][et_pb_image src=&#8221;https:\/\/circle2learning.eu\/wp-content\/uploads\/2024\/12\/Dairy-farm-practices.png&#8221; title_text=&#8221;Dairy farm practices&#8221; align=&#8221;center&#8221; _builder_version=&#8221;4.27.4&#8243; _module_preset=&#8221;default&#8221; width=&#8221;83%&#8221; min_height=&#8221;260.6px&#8221; height=&#8221;152px&#8221; global_colors_info=&#8221;{}&#8221;][\/et_pb_image][\/et_pb_column][et_pb_column type=&#8221;1_2&#8243; _builder_version=&#8221;4.22.0&#8243; _module_preset=&#8221;default&#8221; global_colors_info=&#8221;{}&#8221;][et_pb_text _builder_version=&#8221;4.27.4&#8243; _module_preset=&#8221;default&#8221; custom_padding=&#8221;|||0px||&#8221; global_colors_info=&#8221;{}&#8221;]<\/p>\n<h4><strong>\u0160alutini\u0173 produkt\u0173 panaudojimas pieno \u016bkyje<\/strong><\/h4>\n<p>Nors pieno \u016bkyje daugiausia d\u0117mesio kreipiama \u012f pieno gamyb\u0105, yra ir kit\u0173 med\u017eiag\u0173, kurios atsiranda \u016bkyje d\u0117l mel\u017eimo veiklos. Tai skystos nuotekos ir m\u0117\u0161las. J\u0173 tvarkym\u0105 reikia kruop\u0161\u010diai apgalvoti, ta\u010diau daug maisting\u0173j\u0173 med\u017eiag\u0173 turintis m\u0117\u0161las, taikant tinkam\u0105 proces\u0105, gali b\u016bti naudingas \u017eemei kaip nat\u016brali tr\u0105\u0161a. I\u0161bandykite \u012frank\u012f ir patyrin\u0117kite galimybes. Failas yra html formato ir tur\u0117t\u0173 atsidaryti J\u016bs\u0173 pasirinktoje nar\u0161ykl\u0117je.<\/p>\n<p>[\/et_pb_text][\/et_pb_column][\/et_pb_row][et_pb_row column_structure=&#8221;1_2,1_2&#8243; _builder_version=&#8221;4.27.3&#8243; _module_preset=&#8221;default&#8221; global_colors_info=&#8221;{}&#8221;][et_pb_column type=&#8221;1_2&#8243; _builder_version=&#8221;4.27.3&#8243; _module_preset=&#8221;default&#8221; global_colors_info=&#8221;{}&#8221;][et_pb_image src=&#8221;https:\/\/circle2learning.eu\/wp-content\/uploads\/2025\/01\/food-waste-avoidance.jpg&#8221; title_text=&#8221;food waste avoidance&#8221; _builder_version=&#8221;4.27.4&#8243; _module_preset=&#8221;default&#8221; global_colors_info=&#8221;{}&#8221;][\/et_pb_image][\/et_pb_column][et_pb_column type=&#8221;1_2&#8243; _builder_version=&#8221;4.27.3&#8243; _module_preset=&#8221;default&#8221; global_colors_info=&#8221;{}&#8221;][et_pb_text _builder_version=&#8221;4.27.4&#8243; _module_preset=&#8221;default&#8221; global_colors_info=&#8221;{}&#8221;]<\/p>\n<h4><strong>Atliek\u0173 i\u0161vengimas \u016bkyje<\/strong><\/h4>\n<p>\u016akininkavimas yra maisto grandin\u0117s prad\u017eia, bet b\u016btent \u010dia yra daug galimybi\u0173 suma\u017einti \u017eem\u0117s \u016bkio atliek\u0173 kiek\u012f ir i\u0161vengti maisto atliek\u0173 susidarymo. Pasinaudokite \u0161iuo klausimynu ir su\u017einokite, kaip Jums sekasi \u012fgyvendinti tvarumo ir \u017eiedin\u0117s ekonomikos darbotvark\u0119 \u016bkio lygmeniu.<\/p>\n<p>[\/et_pb_text][\/et_pb_column][\/et_pb_row][et_pb_row column_structure=&#8221;1_2,1_2&#8243; module_class=&#8221;freightcalculator&#8221; _builder_version=&#8221;4.27.2&#8243; _module_preset=&#8221;default&#8221; min_height=&#8221;319.6px&#8221; custom_margin=&#8221;-2px|auto||auto||&#8221; custom_padding=&#8221;||15px|||&#8221; link_option_url_new_window=&#8221;on&#8221; custom_css_free_form=&#8221;.freightcalculator {||  transition: all 0.3s ease-in-out;||}||||.freightcalculator:hover {||  transform: scale(1.01);||}&#8221; global_colors_info=&#8221;{}&#8221;][et_pb_column type=&#8221;1_2&#8243; _builder_version=&#8221;4.22.0&#8243; _module_preset=&#8221;default&#8221; global_colors_info=&#8221;{}&#8221;][et_pb_image src=&#8221;https:\/\/circle2learning.eu\/wp-content\/uploads\/2025\/01\/food-hunger.png&#8221; alt=&#8221;Freight Calculator&#8221; title_text=&#8221;food hunger&#8221; url=&#8221;https:\/\/circle2learning.eu\/freight-calculator\/&#8221; url_new_window=&#8221;on&#8221; align=&#8221;center&#8221; _builder_version=&#8221;4.27.4&#8243; _module_preset=&#8221;default&#8221; width=&#8221;100%&#8221; max_width=&#8221;80%&#8221; min_height=&#8221;100%&#8221; height=&#8221;100%&#8221; global_colors_info=&#8221;{}&#8221;][\/et_pb_image][\/et_pb_column][et_pb_column type=&#8221;1_2&#8243; _builder_version=&#8221;4.22.0&#8243; _module_preset=&#8221;default&#8221; global_colors_info=&#8221;{}&#8221;][et_pb_text _builder_version=&#8221;4.27.4&#8243; _module_preset=&#8221;default&#8221; custom_padding=&#8221;|||0px||&#8221; link_option_url_new_window=&#8221;on&#8221; global_colors_info=&#8221;{}&#8221;]<\/p>\n<h4><strong>Apr\u016bpinimas maistu ir \u017eiedin\u0117 \u017eemdirbyst\u0117. U\u017eduotys klas\u0117je<br \/><\/strong><\/h4>\n<p data-sourcepos=\"5:1-5:19\"><span>\u0160ioje priemon\u0117je pateikiamos trys u\u017eduotys, kurias mokiniai ir mokytojai gali atlikti klas\u0117je. Pateikiami trys pagrindiniai straipsniai apie \u017eem\u0117s \u016bkio ir bado ry\u0161\u012f. Mokini\u0173 pra\u0161oma aptarti problemas, kurios kyla d\u0117l \u016bkininkavimo ir pasaulini\u0173 maisto poreiki\u0173 tenkinimo. Pateikiamas dokumentas Word formatu ir pateiktis darbui klas\u0117je.<\/span><\/p>\n<p>[\/et_pb_text][\/et_pb_column][\/et_pb_row][et_pb_row column_structure=&#8221;1_2,1_2&#8243; _builder_version=&#8221;4.27.3&#8243; _module_preset=&#8221;default&#8221; locked=&#8221;off&#8221; global_colors_info=&#8221;{}&#8221;][et_pb_column type=&#8221;1_2&#8243; _builder_version=&#8221;4.27.3&#8243; _module_preset=&#8221;default&#8221; global_colors_info=&#8221;{}&#8221;][et_pb_image src=&#8221;https:\/\/circle2learning.eu\/wp-content\/uploads\/2025\/01\/agri-image-v2.png&#8221; title_text=&#8221;agri image v2&#8243; _builder_version=&#8221;4.27.4&#8243; _module_preset=&#8221;default&#8221; global_colors_info=&#8221;{}&#8221;][\/et_pb_image][\/et_pb_column][et_pb_column type=&#8221;1_2&#8243; _builder_version=&#8221;4.27.3&#8243; _module_preset=&#8221;default&#8221; global_colors_info=&#8221;{}&#8221;][et_pb_text _builder_version=&#8221;4.27.4&#8243; _module_preset=&#8221;default&#8221; global_colors_info=&#8221;{}&#8221;]<\/p>\n<h4><strong>Pritaikyti \u017eiedin\u0117s ekonomikos po\u017ei\u016br\u012f \u017eem\u0117s \u016bkyje? &#8211; i\u0161bandykite \u017eini\u0173 \u012frank\u012f<\/strong><\/h4>\n<p>\u0160is projektas i\u0161ry\u0161kino kai kuriuos svarbius sprendimus, kuriuos \u017eem\u0117s \u016bkio sektorius gali priimti remdamas tvarum\u0105, \u017eiedin\u0119 ekonomik\u0105 ir galimybes suma\u017einti anglies dioksido i\u0161metim\u0105, susijus\u012f su pagrindiniu Europos sektoriumi. Patikrinkite savo \u017einias atlikdami \u0161i\u0105 paprast\u0105 \u017eini\u0173 priemon\u0117s u\u017eduot\u012f.<\/p>\n<p>[\/et_pb_text][\/et_pb_column][\/et_pb_row][\/et_pb_section]<\/p>\n","protected":false},"excerpt":{"rendered":"<p>Mokymo(si) i\u0161tekli\u0173 rinkinys 2\u0160alutini\u0173 produkt\u0173 panaudojimas pieno \u016bkyje Nors pieno \u016bkyje daugiausia d\u0117mesio kreipiama \u012f pieno gamyb\u0105, yra ir kit\u0173 med\u017eiag\u0173, kurios atsiranda \u016bkyje d\u0117l mel\u017eimo veiklos. Tai skystos nuotekos ir m\u0117\u0161las. J\u0173 tvarkym\u0105 reikia kruop\u0161\u010diai apgalvoti, ta\u010diau daug maisting\u0173j\u0173 med\u017eiag\u0173 turintis m\u0117\u0161las, taikant tinkam\u0105 proces\u0105, gali b\u016bti naudingas \u017eemei kaip nat\u016brali tr\u0105\u0161a. I\u0161bandykite \u012frank\u012f [&hellip;]<\/p>\n","protected":false},"author":2,"featured_media":0,"parent":0,"menu_order":0,"comment_status":"closed","ping_status":"closed","template":"","meta":{"_et_pb_use_builder":"on","_et_pb_old_content":"","_et_gb_content_width":"","footnotes":""},"class_list":["post-594","page","type-page","status-publish","hentry"],"_links":{"self":[{"href":"https:\/\/circle2learning.eu\/lt\/wp-json\/wp\/v2\/pages\/594","targetHints":{"allow":["GET"]}}],"collection":[{"href":"https:\/\/circle2learning.eu\/lt\/wp-json\/wp\/v2\/pages"}],"about":[{"href":"https:\/\/circle2learning.eu\/lt\/wp-json\/wp\/v2\/types\/page"}],"author":[{"embeddable":true,"href":"https:\/\/circle2learning.eu\/lt\/wp-json\/wp\/v2\/users\/2"}],"replies":[{"embeddable":true,"href":"https:\/\/circle2learning.eu\/lt\/wp-json\/wp\/v2\/comments?post=594"}],"version-history":[{"count":12,"href":"https:\/\/circle2learning.eu\/lt\/wp-json\/wp\/v2\/pages\/594\/revisions"}],"predecessor-version":[{"id":1635,"href":"https:\/\/circle2learning.eu\/lt\/wp-json\/wp\/v2\/pages\/594\/revisions\/1635"}],"wp:attachment":[{"href":"https:\/\/circle2learning.eu\/lt\/wp-json\/wp\/v2\/media?parent=594"}],"curies":[{"name":"wp","href":"https:\/\/api.w.org\/{rel}","templated":true}]}}