{"id":628,"date":"2023-07-04T11:29:58","date_gmt":"2023-07-04T11:29:58","guid":{"rendered":"https:\/\/circle2learning.eu\/lt\/?page_id=628"},"modified":"2024-12-08T16:16:03","modified_gmt":"2024-12-08T16:16:03","slug":"transport-and-electric-vehicles","status":"publish","type":"page","link":"https:\/\/circle2learning.eu\/lt\/transport-and-electric-vehicles\/","title":{"rendered":"Transport and Electric Vehicles"},"content":{"rendered":"<p>[et_pb_section fb_built=&#8221;1&#8243; _builder_version=&#8221;4.21.0&#8243; _module_preset=&#8221;default&#8221; global_colors_info=&#8221;{}&#8221;][et_pb_row _builder_version=&#8221;4.21.0&#8243; _module_preset=&#8221;default&#8221; global_colors_info=&#8221;{}&#8221;][et_pb_column type=&#8221;4_4&#8243; _builder_version=&#8221;4.21.0&#8243; _module_preset=&#8221;default&#8221; global_colors_info=&#8221;{}&#8221;][et_pb_text _builder_version=&#8221;4.25.1&#8243; _module_preset=&#8221;default&#8221; custom_padding=&#8221;||0px|||&#8221; global_colors_info=&#8221;{}&#8221;]<\/p>\n<h1><strong>Elektromobili\u0173 technologijos<\/strong><\/h1>\n<p>[\/et_pb_text][\/et_pb_column][\/et_pb_row][et_pb_row _builder_version=&#8221;4.25.1&#8243; _module_preset=&#8221;default&#8221; global_colors_info=&#8221;{}&#8221;][et_pb_column type=&#8221;4_4&#8243; _builder_version=&#8221;4.25.1&#8243; _module_preset=&#8221;default&#8221; global_colors_info=&#8221;{}&#8221;][et_pb_video src=&#8221;https:\/\/youtu.be\/QgwfVhlOuo8&#8243; _builder_version=&#8221;4.25.1&#8243; _module_preset=&#8221;default&#8221; global_colors_info=&#8221;{}&#8221;][\/et_pb_video][\/et_pb_column][\/et_pb_row][et_pb_row _builder_version=&#8221;4.27.0&#8243; _module_preset=&#8221;default&#8221; global_colors_info=&#8221;{}&#8221;][et_pb_column type=&#8221;4_4&#8243; _builder_version=&#8221;4.27.0&#8243; _module_preset=&#8221;default&#8221; global_colors_info=&#8221;{}&#8221;][et_pb_button button_url=&#8221;https:\/\/circle2learning.eu\/lt\/wp-content\/uploads\/2024\/12\/CIRCLE2_Interview.Transport_Slovenia_LT.pdf&#8221; button_text=&#8221;Atsisi\u0173skite video med\u017eiagos tekst\u0105 \u010dia&#8221; button_alignment=&#8221;center&#8221; _builder_version=&#8221;4.27.4&#8243; _module_preset=&#8221;default&#8221; hover_enabled=&#8221;0&#8243; global_colors_info=&#8221;{}&#8221; sticky_enabled=&#8221;0&#8243;][\/et_pb_button][\/et_pb_column][\/et_pb_row][et_pb_row _builder_version=&#8221;4.27.3&#8243; _module_preset=&#8221;default&#8221; global_colors_info=&#8221;{}&#8221;][et_pb_column type=&#8221;4_4&#8243; _builder_version=&#8221;4.27.3&#8243; _module_preset=&#8221;default&#8221; global_colors_info=&#8221;{}&#8221;][et_pb_text _builder_version=&#8221;4.27.3&#8243; _module_preset=&#8221;default&#8221; global_colors_info=&#8221;{}&#8221;]<\/p>\n<p><span><div class=\"h5p-iframe-wrapper\"><iframe id=\"h5p-iframe-22\" class=\"h5p-iframe\" data-content-id=\"22\" style=\"height:1px\" src=\"about:blank\" frameBorder=\"0\" scrolling=\"no\" title=\"Elektromobili\u0173 technologijos\"><\/iframe><\/div><\/span><\/p>\n<p>[\/et_pb_text][\/et_pb_column][\/et_pb_row][\/et_pb_section]<\/p>\n","protected":false},"excerpt":{"rendered":"<p>Elektromobili\u0173 technologijos<div class=\"h5p-iframe-wrapper\"><iframe id=\"h5p-iframe-22\" class=\"h5p-iframe\" data-content-id=\"22\" style=\"height:1px\" src=\"about:blank\" frameBorder=\"0\" scrolling=\"no\" title=\"Elektromobili\u0173 technologijos\"><\/iframe><\/div><\/p>\n","protected":false},"author":2,"featured_media":0,"parent":0,"menu_order":0,"comment_status":"closed","ping_status":"closed","template":"","meta":{"_et_pb_use_builder":"on","_et_pb_old_content":"","_et_gb_content_width":"","footnotes":""},"class_list":["post-628","page","type-page","status-publish","hentry"],"_links":{"self":[{"href":"https:\/\/circle2learning.eu\/lt\/wp-json\/wp\/v2\/pages\/628","targetHints":{"allow":["GET"]}}],"collection":[{"href":"https:\/\/circle2learning.eu\/lt\/wp-json\/wp\/v2\/pages"}],"about":[{"href":"https:\/\/circle2learning.eu\/lt\/wp-json\/wp\/v2\/types\/page"}],"author":[{"embeddable":true,"href":"https:\/\/circle2learning.eu\/lt\/wp-json\/wp\/v2\/users\/2"}],"replies":[{"embeddable":true,"href":"https:\/\/circle2learning.eu\/lt\/wp-json\/wp\/v2\/comments?post=628"}],"version-history":[{"count":8,"href":"https:\/\/circle2learning.eu\/lt\/wp-json\/wp\/v2\/pages\/628\/revisions"}],"predecessor-version":[{"id":1334,"href":"https:\/\/circle2learning.eu\/lt\/wp-json\/wp\/v2\/pages\/628\/revisions\/1334"}],"wp:attachment":[{"href":"https:\/\/circle2learning.eu\/lt\/wp-json\/wp\/v2\/media?parent=628"}],"curies":[{"name":"wp","href":"https:\/\/api.w.org\/{rel}","templated":true}]}}