{"id":67,"date":"2023-02-28T17:56:29","date_gmt":"2023-02-28T17:56:29","guid":{"rendered":"https:\/\/circle2learning.eu\/lt\/?page_id=67"},"modified":"2025-02-07T13:03:55","modified_gmt":"2025-02-07T13:03:55","slug":"tourism","status":"publish","type":"page","link":"https:\/\/circle2learning.eu\/lt\/tourism\/","title":{"rendered":"Tourism"},"content":{"rendered":"<p>[et_pb_section fb_built=&#8221;1&#8243; fullwidth=&#8221;on&#8221; _builder_version=&#8221;4.19.5&#8243; _module_preset=&#8221;default&#8221; global_colors_info=&#8221;{}&#8221;][et_pb_fullwidth_slider _builder_version=&#8221;4.21.0&#8243; _module_preset=&#8221;default&#8221; header_font=&#8221;|600|||||||&#8221; header_letter_spacing=&#8221;1px&#8221; header_line_height=&#8221;1.1em&#8221; body_font=&#8221;|600|||||||&#8221; body_font_size=&#8221;18px&#8221; body_letter_spacing=&#8221;1px&#8221; body_line_height=&#8221;1.8em&#8221; global_colors_info=&#8221;{}&#8221;][et_pb_slide heading=&#8221;Turizmas&#8221; image=&#8221;https:\/\/circle2learning.eu\/lt\/wp-content\/uploads\/2023\/02\/beach-gd8e66c392_1280.jpg&#8221; _builder_version=&#8221;4.20.4&#8243; _module_preset=&#8221;default&#8221; global_colors_info=&#8221;{}&#8221; sticky_transition=&#8221;on&#8221;]<\/p>\n<p><span><span style=\"font-weight: 400;\">Turizmo industrija yra reik\u0161mingas pasaulin\u0117s ekonomikos veiksnys, milijonams \u017emoni\u0173 visame pasaulyje sukuriantis darbo vietas ir pajamas. Jos d\u0117ka galima paskatinti tarpkult\u016brin\u012f supratim\u0105 ir tvar\u0173 vystym\u0105si.\u00a0<\/span><\/span><\/p>\n<p><span><span style=\"font-weight: 400;\">Apie tai pla\u010diau aptarsime \u0161iame skyriuje.<\/span><\/span><\/p>\n<p>[\/et_pb_slide][\/et_pb_fullwidth_slider][\/et_pb_section][et_pb_section fb_built=&#8221;1&#8243; specialty=&#8221;on&#8221; admin_label=&#8221;All Courses&#8221; _builder_version=&#8221;4.16&#8243; custom_padding=&#8221;100px|0px|100px|0px&#8221; global_colors_info=&#8221;{}&#8221;][et_pb_column type=&#8221;1_3&#8243; _builder_version=&#8221;4.16&#8243; custom_padding=&#8221;|||&#8221; global_colors_info=&#8221;{}&#8221; parallax__hover=&#8221;off&#8221; parallax_method__hover=&#8221;on&#8221; custom_padding__hover=&#8221;|||&#8221;][et_pb_text _builder_version=&#8221;4.25.1&#8243; header_font=&#8221;||||||||&#8221; header_2_font=&#8221;|700|||||||&#8221; header_2_text_color=&#8221;#7272ff&#8221; header_2_font_size=&#8221;36px&#8221; header_2_line_height=&#8221;1.3em&#8221; custom_margin=&#8221;||20px|&#8221; custom_padding=&#8221;1px|||||&#8221; animation_style=&#8221;slide&#8221; animation_direction=&#8221;bottom&#8221; animation_intensity_slide=&#8221;10%&#8221; locked=&#8221;off&#8221; global_colors_info=&#8221;{}&#8221; header_font_size__hover=&#8221;30px&#8221; header_font_size__hover_enabled=&#8221;30px&#8221; header_letter_spacing__hover=&#8221;0px&#8221; header_letter_spacing__hover_enabled=&#8221;0px&#8221; header_text_shadow_style__hover=&#8221;none&#8221; header_text_shadow_style__hover_enabled=&#8221;none&#8221; header_text_shadow_color__hover=&#8221;rgba(0,0,0,0.4)&#8221; header_text_shadow_color__hover_enabled=&#8221;rgba(0,0,0,0.4)&#8221;]<\/p>\n<h2><span style=\"color: #008080;\">Mokymo med\u017eiaga apie \u017eiedin\u0119 ekonomik\u0105 turizme<\/span><\/h2>\n<p>[\/et_pb_text][et_pb_divider color=&#8221;#09e1c0&#8243; divider_weight=&#8221;4px&#8221; disabled_on=&#8221;on|on|off&#8221; _builder_version=&#8221;4.16&#8243; background_size=&#8221;initial&#8221; background_position=&#8221;top_left&#8221; background_repeat=&#8221;repeat&#8221; max_width=&#8221;40px&#8221; module_alignment=&#8221;left&#8221; custom_margin=&#8221;||10px|&#8221; animation_style=&#8221;zoom&#8221; animation_direction=&#8221;left&#8221; saved_tabs=&#8221;all&#8221; locked=&#8221;off&#8221; global_colors_info=&#8221;{}&#8221;][\/et_pb_divider][et_pb_text _builder_version=&#8221;4.21.0&#8243; text_font=&#8221;||||||||&#8221; text_text_color=&#8221;#8585bd&#8221; text_font_size=&#8221;16px&#8221; text_line_height=&#8221;1.9em&#8221; header_font=&#8221;||||||||&#8221; header_4_font=&#8221;|700|||||||&#8221; header_4_font_size=&#8221;16px&#8221; header_4_line_height=&#8221;1.9em&#8221; animation_style=&#8221;zoom&#8221; animation_intensity_zoom=&#8221;6%&#8221; locked=&#8221;off&#8221; global_colors_info=&#8221;{}&#8221;]<\/p>\n<h4>Turizmo sektoriuje dirba daug ir \u012fvairi\u0173 profesij\u0173 bei kompetencij\u0173 turin\u010di\u0173 \u017emoni\u0173<\/h4>\n<p><span style=\"color: #000000;\">Turizmo sektorius Europoje u\u017eima reik\u0161ming\u0105 darbo rinkos dal\u012f.\u00a0 \u0160i mokymo med\u017eiaga apie \u017eiedin\u0119 ekonomik\u0105 \u2013 tai galimyb\u0117 mokiniams ir profesinio mokymo bei verslo atstovams j\u0105 \u012fprasminti savo veikloje. Kiekvienas sektorius gali nusimatyti naujus veiklos b\u016bdus, generuojant ma\u017eiau atliek\u0173, suma\u017einant anglies p\u0117dsak\u0105 ir efektyviau vartojant energij\u0105.<\/span><\/p>\n<p>[\/et_pb_text][et_pb_divider divider_weight=&#8221;4px&#8221; _builder_version=&#8221;4.21.0&#8243; _module_preset=&#8221;default&#8221; global_colors_info=&#8221;{}&#8221;][\/et_pb_divider][et_pb_blurb title=&#8221;Mokymo(si) i\u0161tekli\u0173 rinkinys 1&#8243; url=&#8221;https:\/\/circle2learning.eu\/lt\/tourism-resource-pack-1\/&#8221; image=&#8221;https:\/\/circle2learning.eu\/lt\/wp-content\/uploads\/2023\/06\/icons8-books-80.png&#8221; icon_placement=&#8221;left&#8221; image_icon_width=&#8221;180%&#8221; _builder_version=&#8221;4.25.1&#8243; _module_preset=&#8221;default&#8221; header_font=&#8221;|700|||||||&#8221; header_line_height=&#8221;1.5em&#8221; body_text_color=&#8221;#000000&#8243; body_line_height=&#8221;1.9em&#8221; link_option_url=&#8221;https:\/\/circle2learning.eu\/lt\/tourism-resource-pack-1\/&#8221; global_colors_info=&#8221;{}&#8221;]<\/p>\n<p>Pasinaudokite rinkmenomis ir \u012frankiais, kurie gali jums praversti keliaujant \u017eiedin\u0117s ekonomikos keliu. \u0160iuos i\u0161teklius mokiniai gali naudoti individualiai.<\/p>\n<p>[\/et_pb_blurb][et_pb_blurb title=&#8221;Mokymo(si) i\u0161tekli\u0173 rinkinys 2&#8243; url=&#8221;https:\/\/circle2learning.eu\/lt\/tourism-resource-pack-2\/&#8221; image=&#8221;https:\/\/circle2learning.eu\/lt\/wp-content\/uploads\/2023\/06\/icons8-books-80.png&#8221; icon_placement=&#8221;left&#8221; _builder_version=&#8221;4.25.1&#8243; _module_preset=&#8221;default&#8221; header_font=&#8221;|700|||||||&#8221; header_line_height=&#8221;1.5em&#8221; body_text_color=&#8221;#000000&#8243; body_line_height=&#8221;1.9em&#8221; link_option_url=&#8221;https:\/\/circle2learning.eu\/lt\/tourism-resource-pack-2\/&#8221; global_colors_info=&#8221;{}&#8221;]<\/p>\n<p>Pasinaudokite rinkmenomis ir \u012frankiais, kurie gali jums praversti keliaujant \u017eiedin\u0117s ekonomikos keliu. Mokiniai, d\u0117stytojai ir verslo atstovai gali bendradarbiaudami analizuoti \u0161iuos i\u0161teklius.<\/p>\n<p>[\/et_pb_blurb][et_pb_blurb title=&#8221;Praktiniai pavyzd\u017eiai&#8221; url=&#8221;https:\/\/circle2learning.eu\/lt\/wp-content\/uploads\/2025\/02\/Visa-knyga_lt.pdf&#8221; url_new_window=&#8221;on&#8221; image=&#8221;https:\/\/circle2learning.eu\/lt\/wp-content\/uploads\/2023\/06\/icons8-books-80.png&#8221; icon_placement=&#8221;left&#8221; _builder_version=&#8221;4.27.4&#8243; _module_preset=&#8221;default&#8221; header_font=&#8221;|700|||||||&#8221; header_line_height=&#8221;1.5em&#8221; body_text_color=&#8221;#000000&#8243; body_line_height=&#8221;1.9em&#8221; link_option_url=&#8221;https:\/\/circle2learning.eu\/lt\/wp-content\/uploads\/2025\/02\/Visa-knyga_lt.pdf&#8221; link_option_url_new_window=&#8221;on&#8221; hover_enabled=&#8221;0&#8243; global_colors_info=&#8221;{}&#8221; sticky_enabled=&#8221;0&#8243;]<\/p>\n<p>Turizmo interviu rinkinys<\/p>\n<p>[\/et_pb_blurb][\/et_pb_column][et_pb_column type=&#8221;2_3&#8243; specialty_columns=&#8221;2&#8243; _builder_version=&#8221;4.16&#8243; custom_padding=&#8221;|||&#8221; global_colors_info=&#8221;{}&#8221; parallax__hover=&#8221;off&#8221; parallax_method__hover=&#8221;on&#8221; custom_padding__hover=&#8221;|||&#8221;][et_pb_row_inner use_custom_gutter=&#8221;on&#8221; gutter_width=&#8221;1&#8243; _builder_version=&#8221;4.19.5&#8243; width=&#8221;100%&#8221; custom_margin=&#8221;|106px||||&#8221; custom_padding=&#8221;0px|0px|0px|0px&#8221; animation_style=&#8221;zoom&#8221; animation_intensity_zoom=&#8221;6%&#8221; box_shadow_style=&#8221;preset1&#8243; box_shadow_vertical=&#8221;10px&#8221; box_shadow_blur=&#8221;60px&#8221; box_shadow_color=&#8221;rgba(71,74,182,0.12)&#8221; global_colors_info=&#8221;{}&#8221;][et_pb_column_inner saved_specialty_column_type=&#8221;2_3&#8243; module_class=&#8221;et_pb_column_1_2&#8243; _builder_version=&#8221;4.16&#8243; custom_padding=&#8221;|||&#8221; global_colors_info=&#8221;{}&#8221; parallax__hover=&#8221;off&#8221; parallax_method__hover=&#8221;on&#8221; module_class__hover=&#8221;et_pb_column_1_2&#8243; custom_padding__hover=&#8221;|||&#8221;][et_pb_blurb title=&#8221;1. Turizmas ir \u017eiedin\u0117 ekonomika&#8221; url=&#8221;https:\/\/circle2learning.eu\/lt\/tourism-1\/&#8221; image=&#8221;https:\/\/circle2learning.eu\/lt\/wp-content\/uploads\/2023\/03\/icons8-tourism-64.png&#8221; icon_placement=&#8221;left&#8221; image_icon_width=&#8221;64px&#8221; content_max_width=&#8221;1100px&#8221; _builder_version=&#8221;4.21.0&#8243; header_font=&#8221;|on|||&#8221; header_text_color=&#8221;#2e2545&#8243; header_line_height=&#8221;1.5em&#8221; body_text_color=&#8221;#8585bd&#8221; body_line_height=&#8221;1.9em&#8221; background_color=&#8221;#ffffff&#8221; width=&#8221;100%&#8221; custom_margin=&#8221;|||&#8221; custom_padding=&#8221;30px|30px|30px|30px&#8221; animation_style=&#8221;zoom&#8221; animation_direction=&#8221;bottom&#8221; animation_intensity_zoom=&#8221;20%&#8221; animation_starting_opacity=&#8221;100%&#8221; link_option_url=&#8221;https:\/\/circle2learning.eu\/lt\/tourism-1\/&#8221; box_shadow_style=&#8221;preset7&#8243; box_shadow_horizontal=&#8221;-1px&#8221; box_shadow_vertical=&#8221;-1px&#8221; box_shadow_color=&#8221;rgba(71,74,182,0.12)&#8221; image_max_width=&#8221;64px&#8221; locked=&#8221;off&#8221; global_colors_info=&#8221;{}&#8221;]<\/p>\n<p><a href=\"https:\/\/circle2learning.eu\/lt\/tourism-1\/\" target=\"_blank\" rel=\"noopener\"><\/a><span style=\"color: #000000;\">Turizmas ir \u017eiedin\u0117 ekonomika \u2013 tai dvi s\u0105vokos, kurios \u0161iandieniniame pasaulyje tampa vis svarbesn\u0117s. Su\u017einokite, kaip \u017eiedin\u0117s ekonomikos princip\u0173 taikymas turizmo sektoriuje gali suma\u017einti poveik\u012f aplinkai ir prisid\u0117ti prie gamtos i\u0161tekli\u0173 i\u0161saugojimo.<\/span><\/p>\n<p>[\/et_pb_blurb][et_pb_blurb title=&#8221;2. Apgyvendinimo paslaugos ir \u017eiedin\u0117 ekonomika&#8221; url=&#8221;https:\/\/circle2learning.eu\/lt\/tourism-2\/&#8221; image=&#8221;https:\/\/circle2learning.eu\/lt\/wp-content\/uploads\/2023\/03\/icons8-accomodation-64.png&#8221; icon_placement=&#8221;left&#8221; image_icon_width=&#8221;64px&#8221; content_max_width=&#8221;1100px&#8221; _builder_version=&#8221;4.21.0&#8243; header_font=&#8221;|on|||&#8221; header_text_color=&#8221;#2e2545&#8243; header_line_height=&#8221;1.5em&#8221; body_text_color=&#8221;#8585bd&#8221; body_line_height=&#8221;1.9em&#8221; background_color=&#8221;#ffffff&#8221; custom_margin=&#8221;|||&#8221; custom_padding=&#8221;30px|30px|30px|30px&#8221; animation_style=&#8221;zoom&#8221; animation_direction=&#8221;bottom&#8221; animation_intensity_zoom=&#8221;20%&#8221; animation_starting_opacity=&#8221;100%&#8221; link_option_url=&#8221;https:\/\/circle2learning.eu\/lt\/tourism-2\/&#8221; box_shadow_style=&#8221;preset7&#8243; box_shadow_horizontal=&#8221;-1px&#8221; box_shadow_vertical=&#8221;-1px&#8221; box_shadow_color=&#8221;rgba(71,74,182,0.12)&#8221; image_max_width=&#8221;64px&#8221; locked=&#8221;off&#8221; global_colors_info=&#8221;{}&#8221;]<\/p>\n<p><span style=\"color: #000000;\">Pritaikius \u017eiedin\u0117s ekonomikos principus, vie\u0161bu\u010diai gali tapti tvaresni. Su\u017einokite apie tai pla\u010diau \u2013 kaip suma\u017einti poveik\u012f aplinkai, atliek\u0173 kiek\u012f ir tar\u0161\u0105 bei skatinti tvarias praktikas.<\/span><\/p>\n<p>[\/et_pb_blurb][et_pb_blurb title=&#8221;3. Maitinimo paslaugos ir \u017eiedin\u0117 ekonomika&#8221; url=&#8221;https:\/\/circle2learning.eu\/lt\/tourism-3\/&#8221; image=&#8221;https:\/\/circle2learning.eu\/lt\/wp-content\/uploads\/2023\/03\/icons8-eating-64.png&#8221; icon_placement=&#8221;left&#8221; image_icon_width=&#8221;64px&#8221; content_max_width=&#8221;1100px&#8221; _builder_version=&#8221;4.21.0&#8243; header_font=&#8221;|on|||&#8221; header_text_color=&#8221;#2e2545&#8243; header_line_height=&#8221;1.5em&#8221; body_text_color=&#8221;#8585bd&#8221; body_line_height=&#8221;1.9em&#8221; background_color=&#8221;#ffffff&#8221; custom_margin=&#8221;|||&#8221; custom_padding=&#8221;30px|30px|30px|30px&#8221; animation_style=&#8221;zoom&#8221; animation_direction=&#8221;bottom&#8221; animation_intensity_zoom=&#8221;20%&#8221; animation_starting_opacity=&#8221;100%&#8221; link_option_url=&#8221;https:\/\/circle2learning.eu\/lt\/tourism-3\/&#8221; box_shadow_style=&#8221;preset7&#8243; box_shadow_horizontal=&#8221;-1px&#8221; box_shadow_vertical=&#8221;-1px&#8221; box_shadow_color=&#8221;rgba(71,74,182,0.12)&#8221; image_max_width=&#8221;64px&#8221; locked=&#8221;off&#8221; global_colors_info=&#8221;{}&#8221;]<\/p>\n<p><span style=\"color: #000000;\">Maisto pramon\u0117 gali \u012fgyvendinti \u017eiedin\u0117s ekonomikos principus, siekdama tvarumo ir ma\u017eindama neigiam\u0105 poveik\u012f aplinkai. Kvie\u010diame su\u017einoti kaip maisto pramon\u0117 gali tapti tvaresn\u0117, pereiti prie \u017eiedin\u0117s ekonomikos ir dirbti aplink\u0105 tausojan\u010diu b\u016bdu.<\/span><\/p>\n<p>[\/et_pb_blurb][et_pb_blurb title=&#8221;4. Transporto paslaugos ir \u017eiedin\u0117 ekonomika&#8221; url=&#8221;https:\/\/circle2learning.eu\/lt\/tourism-4\/&#8221; image=&#8221;https:\/\/circle2learning.eu\/lt\/wp-content\/uploads\/2023\/03\/icons8-bus-64.png&#8221; icon_placement=&#8221;left&#8221; image_icon_width=&#8221;64px&#8221; content_max_width=&#8221;1100px&#8221; _builder_version=&#8221;4.21.0&#8243; header_font=&#8221;|on|||&#8221; header_text_color=&#8221;#2e2545&#8243; header_line_height=&#8221;1.5em&#8221; body_text_color=&#8221;#8585bd&#8221; body_line_height=&#8221;1.9em&#8221; background_color=&#8221;#ffffff&#8221; custom_margin=&#8221;|||&#8221; custom_padding=&#8221;30px|30px|30px|30px&#8221; animation_style=&#8221;zoom&#8221; animation_direction=&#8221;bottom&#8221; animation_intensity_zoom=&#8221;20%&#8221; animation_starting_opacity=&#8221;100%&#8221; link_option_url=&#8221;https:\/\/circle2learning.eu\/lt\/tourism-4\/&#8221; box_shadow_style=&#8221;preset7&#8243; box_shadow_horizontal=&#8221;-1px&#8221; box_shadow_vertical=&#8221;-1px&#8221; box_shadow_color=&#8221;rgba(71,74,182,0.12)&#8221; image_max_width=&#8221;64px&#8221; locked=&#8221;off&#8221; global_colors_info=&#8221;{}&#8221;]<\/p>\n<p><span style=\"color: #000000;\">Transportas yra svarbus sektorius, kuriame pritaikius \u017eiedin\u0117s ekonomikos principus gali b\u016bti suma\u017eintas poveikis aplinkai. Su\u017einokite, kaip transporto sektorius gali daryti ma\u017eesn\u012f poveik\u012f aplinkai ir pereiti prie \u017eiedin\u0117s ekonomikos.<\/span><\/p>\n<p>[\/et_pb_blurb][et_pb_text _builder_version=&#8221;4.21.0&#8243; _module_preset=&#8221;default&#8221; global_colors_info=&#8221;{}&#8221;][\/et_pb_text][et_pb_blurb title=&#8221;5. Turizmo rengini\u0173 valdymas ir \u017eiedin\u0117 ekonomika&#8221; url=&#8221;https:\/\/circle2learning.eu\/lt\/tourism-5\/&#8221; image=&#8221;https:\/\/circle2learning.eu\/lt\/wp-content\/uploads\/2023\/03\/icons8-party-48.png&#8221; icon_placement=&#8221;left&#8221; image_icon_width=&#8221;64px&#8221; content_max_width=&#8221;1100px&#8221; _builder_version=&#8221;4.21.0&#8243; header_font=&#8221;|on|||&#8221; header_text_color=&#8221;#2e2545&#8243; header_line_height=&#8221;1.5em&#8221; body_text_color=&#8221;#8585bd&#8221; body_line_height=&#8221;1.9em&#8221; background_color=&#8221;#ffffff&#8221; custom_margin=&#8221;|||&#8221; custom_padding=&#8221;30px|30px|30px|30px&#8221; animation_style=&#8221;zoom&#8221; animation_direction=&#8221;bottom&#8221; animation_intensity_zoom=&#8221;20%&#8221; animation_starting_opacity=&#8221;100%&#8221; link_option_url=&#8221;https:\/\/circle2learning.eu\/lt\/tourism-5\/&#8221; box_shadow_style=&#8221;preset7&#8243; box_shadow_horizontal=&#8221;-1px&#8221; box_shadow_vertical=&#8221;-1px&#8221; box_shadow_color=&#8221;rgba(71,74,182,0.12)&#8221; image_max_width=&#8221;64px&#8221; locked=&#8221;off&#8221; global_colors_info=&#8221;{}&#8221;]<\/p>\n<p><span style=\"color: #000000;\">Turizmo renginiai gali b\u016bti organizuojami pagal \u017eiedin\u0117s ekonomikos principus, taip ma\u017einant poveik\u012f aplinkai, skatinant tvarum\u0105 ir remiant vietos bendruomenes. Su\u017einokite, kaip \u017eiedin\u0117s ekonomikos principai \u0161ioje srityje gali pad\u0117ti kurti naujus \u2013 palaikan\u010dius tvarum\u0105 ir ma\u017einan\u010dius atliek\u0173 kiek\u012f &#8211; verslo modelius.<\/span><\/p>\n<p>[\/et_pb_blurb][et_pb_blurb title=&#8221;6. Lankytinos vietos ir \u017eiedin\u0117 ekonomika&#8221; url=&#8221;https:\/\/circle2learning.eu\/lt\/tourism-6\/&#8221; image=&#8221;https:\/\/circle2learning.eu\/lt\/wp-content\/uploads\/2023\/03\/icons8-map-marker-94.png&#8221; icon_placement=&#8221;left&#8221; image_icon_width=&#8221;64px&#8221; content_max_width=&#8221;1100px&#8221; _builder_version=&#8221;4.21.0&#8243; header_font=&#8221;|on|||&#8221; header_text_color=&#8221;#2e2545&#8243; header_line_height=&#8221;1.5em&#8221; body_text_color=&#8221;#8585bd&#8221; body_line_height=&#8221;1.9em&#8221; background_color=&#8221;#ffffff&#8221; custom_margin=&#8221;|||&#8221; custom_padding=&#8221;30px|30px|30px|30px&#8221; animation_style=&#8221;zoom&#8221; animation_direction=&#8221;bottom&#8221; animation_intensity_zoom=&#8221;20%&#8221; animation_starting_opacity=&#8221;100%&#8221; link_option_url=&#8221;https:\/\/circle2learning.eu\/lt\/tourism-6\/&#8221; box_shadow_style=&#8221;preset7&#8243; box_shadow_horizontal=&#8221;-1px&#8221; box_shadow_vertical=&#8221;-1px&#8221; box_shadow_color=&#8221;rgba(71,74,182,0.12)&#8221; image_max_width=&#8221;64px&#8221; locked=&#8221;off&#8221; global_colors_info=&#8221;{}&#8221;]<\/p>\n<p><span style=\"color: #000000;\">Lankytinos vietos, pavyzd\u017eiui, kult\u016bros objektai ir gamtos draustiniai, gali taikyti \u017eiedin\u0117s ekonomikos principus\u00a0 ir taip suma\u017einti veiklos poveik\u012f aplinkai, skatinti tvarum\u0105 ir remti vietos bendruomenes. Su\u017einokite, kaip \u0161iose vietov\u0117se galima prisid\u0117ti prie gamtos i\u0161tekli\u0173 i\u0161saugojimo.<\/span><\/p>\n<p>[\/et_pb_blurb][\/et_pb_column_inner][\/et_pb_row_inner][\/et_pb_column][\/et_pb_section]<\/p>\n","protected":false},"excerpt":{"rendered":"<p>Turizmo industrija yra reik\u0161mingas pasaulin\u0117s ekonomikos veiksnys, milijonams \u017emoni\u0173 visame pasaulyje sukuriantis darbo vietas ir pajamas. Jos d\u0117ka galima paskatinti tarpkult\u016brin\u012f supratim\u0105 ir tvar\u0173 vystym\u0105si.\u00a0 Apie tai pla\u010diau aptarsime \u0161iame skyriuje.Mokymo med\u017eiaga apie \u017eiedin\u0119 ekonomik\u0105 turizmeTurizmo sektoriuje dirba daug ir \u012fvairi\u0173 profesij\u0173 bei kompetencij\u0173 turin\u010di\u0173 \u017emoni\u0173 Turizmo sektorius Europoje u\u017eima reik\u0161ming\u0105 darbo rinkos dal\u012f.\u00a0 \u0160i [&hellip;]<\/p>\n","protected":false},"author":2,"featured_media":0,"parent":0,"menu_order":0,"comment_status":"closed","ping_status":"closed","template":"","meta":{"_et_pb_use_builder":"on","_et_pb_old_content":"","_et_gb_content_width":"","footnotes":""},"class_list":["post-67","page","type-page","status-publish","hentry"],"_links":{"self":[{"href":"https:\/\/circle2learning.eu\/lt\/wp-json\/wp\/v2\/pages\/67","targetHints":{"allow":["GET"]}}],"collection":[{"href":"https:\/\/circle2learning.eu\/lt\/wp-json\/wp\/v2\/pages"}],"about":[{"href":"https:\/\/circle2learning.eu\/lt\/wp-json\/wp\/v2\/types\/page"}],"author":[{"embeddable":true,"href":"https:\/\/circle2learning.eu\/lt\/wp-json\/wp\/v2\/users\/2"}],"replies":[{"embeddable":true,"href":"https:\/\/circle2learning.eu\/lt\/wp-json\/wp\/v2\/comments?post=67"}],"version-history":[{"count":97,"href":"https:\/\/circle2learning.eu\/lt\/wp-json\/wp\/v2\/pages\/67\/revisions"}],"predecessor-version":[{"id":1643,"href":"https:\/\/circle2learning.eu\/lt\/wp-json\/wp\/v2\/pages\/67\/revisions\/1643"}],"wp:attachment":[{"href":"https:\/\/circle2learning.eu\/lt\/wp-json\/wp\/v2\/media?parent=67"}],"curies":[{"name":"wp","href":"https:\/\/api.w.org\/{rel}","templated":true}]}}