{"id":1337,"date":"2025-01-28T12:50:29","date_gmt":"2025-01-28T12:50:29","guid":{"rendered":"https:\/\/circle2learning.eu\/si\/?page_id=1337"},"modified":"2025-02-03T07:32:50","modified_gmt":"2025-02-03T07:32:50","slug":"news","status":"publish","type":"page","link":"https:\/\/circle2learning.eu\/si\/news\/","title":{"rendered":"News"},"content":{"rendered":"<p>[et_pb_section fb_built=&#8221;1&#8243; _builder_version=&#8221;4.22.2&#8243; _module_preset=&#8221;default&#8221; global_colors_info=&#8221;{}&#8221;][et_pb_row column_structure=&#8221;3_4,1_4&#8243; _builder_version=&#8221;4.22.2&#8243; _module_preset=&#8221;default&#8221; global_colors_info=&#8221;{}&#8221;][et_pb_column type=&#8221;3_4&#8243; _builder_version=&#8221;4.22.2&#8243; _module_preset=&#8221;default&#8221; global_colors_info=&#8221;{}&#8221;][et_pb_text _builder_version=&#8221;4.27.4&#8243; _module_preset=&#8221;_initial&#8221; custom_padding=&#8221;2px|||||&#8221; hover_enabled=&#8221;0&#8243; global_colors_info=&#8221;{}&#8221; sticky_enabled=&#8221;0&#8243;]<\/p>\n<h2><strong>Novice o CIRCLE2 in nasveti o kro\u017enem gospodarstvu<\/strong><\/h2>\n<p>&nbsp;<\/p>\n<p>V podjetju Circle2 si prizadevamo za izobra\u017eevanje poklicnega izobra\u017eevanja in usposabljanja o na\u010delih in prednostih kro\u017enega gospodarstva. Na\u0161e poslanstvo je, da vam posredujemo najnovej\u0161e novice, vpoglede in dragocene nasvete, ki vam bodo pomagali pri tem trajnostnem premiku paradigme. Odkrijte zanimive intervjuje, informativne \u010dlanke in vsebine, ki \u0161irijo va\u0161e misli in s katerimi boste poglobili razumevanje kro\u017enega gospodarstva in njegovega vpliva na razli\u010dne panoge. Spremljajte na\u0161e posodobitve in se z nami podajte na to transformativno potovanje!<\/p>\n<p>&nbsp;<\/p>\n<p>[\/et_pb_text][et_pb_image src=&#8221;https:\/\/circle2learning.eu\/si\/wp-content\/uploads\/2025\/01\/Welcome.jpeg&#8221; title_text=&#8221;Welcome&#8221; _builder_version=&#8221;4.22.2&#8243; _module_preset=&#8221;default&#8221; global_colors_info=&#8221;{}&#8221;][\/et_pb_image][\/et_pb_column][et_pb_column type=&#8221;1_4&#8243; _builder_version=&#8221;4.22.2&#8243; _module_preset=&#8221;default&#8221; global_colors_info=&#8221;{}&#8221;][et_pb_blog posts_number=&#8221;4&#8243; use_manual_excerpt=&#8221;off&#8221; excerpt_length=&#8221;0&#8243; show_author=&#8221;off&#8221; show_date=&#8221;off&#8221; _builder_version=&#8221;4.27.4&#8243; _module_preset=&#8221;default&#8221; pagination_font_size=&#8221;20px&#8221; custom_margin=&#8221;||||true|true&#8221; custom_padding=&#8221;||||true|true&#8221; link_option_url_new_window=&#8221;on&#8221; sticky_limit_bottom=&#8221;body&#8221; border_radii_fullwidth=&#8221;off|||10px|10px&#8221; border_color_all_fullwidth=&#8221;rgba(2,2,2,0.11)&#8221; border_width_bottom_fullwidth=&#8221;2px&#8221; border_color_bottom_fullwidth=&#8221;#D6D6D6&#8243; border_radii_image=&#8221;off|12px|12px||&#8221; border_width_top_image=&#8221;2px&#8221; border_color_top_image=&#8221;#D6D6D6&#8243; border_color_right_image=&#8221;#D6D6D6&#8243; global_colors_info=&#8221;{}&#8221;][\/et_pb_blog][\/et_pb_column][\/et_pb_row][\/et_pb_section][et_pb_section fb_built=&#8221;1&#8243; _builder_version=&#8221;4.27.0&#8243; _module_preset=&#8221;default&#8221; background_color=&#8221;#FFFFFF&#8221; module_alignment=&#8221;center&#8221; locked=&#8221;off&#8221; global_colors_info=&#8221;{}&#8221;][et_pb_row _builder_version=&#8221;4.25.2&#8243; _module_preset=&#8221;default&#8221; custom_margin=&#8221;||25px||false|false&#8221; custom_padding=&#8221;12px|12px|12px|12px|false|false&#8221; global_colors_info=&#8221;{}&#8221;][et_pb_column type=&#8221;4_4&#8243; _builder_version=&#8221;4.25.2&#8243; _module_preset=&#8221;default&#8221; global_colors_info=&#8221;{}&#8221;][et_pb_image src=&#8221;https:\/\/circle2learning.eu\/si\/wp-content\/uploads\/2024\/04\/image.png&#8221; title_text=&#8221;image&#8221; _builder_version=&#8221;4.27.0&#8243; _module_preset=&#8221;default&#8221; width=&#8221;40%&#8221; width_tablet=&#8221;60%&#8221; width_phone=&#8221;80%&#8221; width_last_edited=&#8221;on|phone&#8221; module_alignment=&#8221;center&#8221; border_radii=&#8221;on|1px|1px|1px|1px&#8221; border_width_all=&#8221;2px&#8221; border_color_all=&#8221;#FFFFFF&#8221; global_colors_info=&#8221;{}&#8221;][\/et_pb_image][\/et_pb_column][\/et_pb_row][et_pb_row _builder_version=&#8221;4.25.2&#8243; _module_preset=&#8221;default&#8221; custom_margin=&#8221;||||false|false&#8221; custom_padding=&#8221;0px|0px|0px|0px|false|false&#8221; global_colors_info=&#8221;{}&#8221;][et_pb_column type=&#8221;4_4&#8243; _builder_version=&#8221;4.25.2&#8243; _module_preset=&#8221;default&#8221; global_colors_info=&#8221;{}&#8221;][et_pb_text _builder_version=&#8221;4.27.0&#8243; _module_preset=&#8221;_initial&#8221; text_line_height=&#8221;1.2em&#8221; custom_margin=&#8221;0px|0px|0px|0px|false|false&#8221; custom_padding=&#8221;0px|0px|0px|0px|false|false&#8221; text_font_size_tablet=&#8221;12px&#8221; text_font_size_phone=&#8221;11px&#8221; text_font_size_last_edited=&#8221;on|phone&#8221; global_colors_info=&#8221;{}&#8221;]<\/p>\n<p style=\"text-align: center;\"><strong>\u0160tevilka projekta: 2022-1-LT01-KA220-VET-000085809<\/strong><\/p>\n<p style=\"text-align: center;\">Financirano s strani Evropske unije. Izra\u017eena stali\u0161\u010da in mnenja so zgolj stali\u0161\u010da in mnenja avtorja(-ev) in ni nujno, da odra\u017eajo stali\u0161\u010da in mnenja Evropske unije ali Evropske izvajalske agencije za izobra\u017eevanje in kulturo (EACEA). Zanje ne moreta biti odgovorna niti Evropska unija niti EACEA.<\/p>\n<p>[\/et_pb_text][et_pb_text module_class=&#8221;privacyGrow&#8221; _builder_version=&#8221;4.27.0&#8243; _module_preset=&#8221;_initial&#8221; text_font=&#8221;||||||||&#8221; text_orientation=&#8221;center&#8221; custom_padding=&#8221;10px||||false|false&#8221; text_font_size_tablet=&#8221;12px&#8221; text_font_size_phone=&#8221;11px&#8221; text_font_size_last_edited=&#8221;on|phone&#8221; custom_css_free_form=&#8221;.privacyGrow {||  transition: all 0.3s ease-in-out;||}||||.privacyGrow:hover {||  transform: scale(1.05);||}&#8221; global_colors_info=&#8221;{}&#8221;]<\/p>\n<p style=\"text-align: center;\"><a href=\"https:\/\/circle2learning.eu\/si\/privacy-policy\/\" target=\"_blank\" rel=\"noopener\" title=\"politika zasebnosti\" style=\"color: #8300e9;\">Stran o politiki zasebnosti<\/a><\/p>\n<p>[\/et_pb_text][\/et_pb_column][\/et_pb_row][\/et_pb_section]<\/p>\n","protected":false},"excerpt":{"rendered":"<p>Novice o CIRCLE2 in nasveti o kro\u017enem gospodarstvu &nbsp; V podjetju Circle2 si prizadevamo za izobra\u017eevanje poklicnega izobra\u017eevanja in usposabljanja o na\u010delih in prednostih kro\u017enega gospodarstva. Na\u0161e poslanstvo je, da vam posredujemo najnovej\u0161e novice, vpoglede in dragocene nasvete, ki vam bodo pomagali pri tem trajnostnem premiku paradigme. Odkrijte zanimive intervjuje, informativne \u010dlanke in vsebine, ki [&hellip;]<\/p>\n","protected":false},"author":5,"featured_media":0,"parent":0,"menu_order":0,"comment_status":"closed","ping_status":"closed","template":"","meta":{"_et_pb_use_builder":"on","_et_pb_old_content":"","_et_gb_content_width":"","footnotes":""},"class_list":["post-1337","page","type-page","status-publish","hentry"],"_links":{"self":[{"href":"https:\/\/circle2learning.eu\/si\/wp-json\/wp\/v2\/pages\/1337","targetHints":{"allow":["GET"]}}],"collection":[{"href":"https:\/\/circle2learning.eu\/si\/wp-json\/wp\/v2\/pages"}],"about":[{"href":"https:\/\/circle2learning.eu\/si\/wp-json\/wp\/v2\/types\/page"}],"author":[{"embeddable":true,"href":"https:\/\/circle2learning.eu\/si\/wp-json\/wp\/v2\/users\/5"}],"replies":[{"embeddable":true,"href":"https:\/\/circle2learning.eu\/si\/wp-json\/wp\/v2\/comments?post=1337"}],"version-history":[{"count":3,"href":"https:\/\/circle2learning.eu\/si\/wp-json\/wp\/v2\/pages\/1337\/revisions"}],"predecessor-version":[{"id":1378,"href":"https:\/\/circle2learning.eu\/si\/wp-json\/wp\/v2\/pages\/1337\/revisions\/1378"}],"wp:attachment":[{"href":"https:\/\/circle2learning.eu\/si\/wp-json\/wp\/v2\/media?parent=1337"}],"curies":[{"name":"wp","href":"https:\/\/api.w.org\/{rel}","templated":true}]}}