{"id":29,"date":"2023-02-22T16:28:05","date_gmt":"2023-02-22T16:28:05","guid":{"rendered":"https:\/\/circle2learning.eu\/si\/?page_id=29"},"modified":"2024-11-18T12:55:09","modified_gmt":"2024-11-18T12:55:09","slug":"about","status":"publish","type":"page","link":"https:\/\/circle2learning.eu\/si\/about\/","title":{"rendered":"O projektu"},"content":{"rendered":"<p>[et_pb_section fb_built=&#8221;1&#8243; _builder_version=&#8221;4.20.2&#8243; _module_preset=&#8221;default&#8221; global_colors_info=&#8221;{}&#8221;][et_pb_row _builder_version=&#8221;4.20.4&#8243; _module_preset=&#8221;default&#8221; global_colors_info=&#8221;{}&#8221;][et_pb_column type=&#8221;4_4&#8243; _builder_version=&#8221;4.20.4&#8243; _module_preset=&#8221;default&#8221; global_colors_info=&#8221;{}&#8221;][et_pb_text _builder_version=&#8221;4.20.4&#8243; _module_preset=&#8221;default&#8221; global_colors_info=&#8221;{}&#8221;]<\/p>\n<p>CIRCLE 2 je projekt, ki ga podpira program Erasmus, in je del programa strate\u0161kih partnerstev KA2. Circular economy through integrated LEarning in VET (k<span>ro\u017eno gospodarstvo skozi integrirano u\u010denje v poklicnem izobra\u017eevanju in usposabljanju)<\/span> je bil razvit kot podpora izobra\u017eevalcem s podro\u010dja poklicnega usposabljanja, ki udele\u017eencem izobra\u017eevanja v turisti\u010dnem, prometnem in kmetijskem sektorju predstavljajo koncepte kro\u017enega gospodarstva.<\/p>\n<p>Po zaklju\u010dku projekta CIRCLE je bilo razvito u\u010denje v okviru CIRCLE 2, ki zagotavlja dodatne vsebine in vire za poklicno izobra\u017eevanje na podro\u010dju turizma, prometa in kmetijstva. Vsak od teh sektorjev zaposluje mnoge po vsej Evropi, kar pomeni, da so prilo\u017enosti za ve\u010djo u\u010dinkovitost zelo velike.<\/p>\n<p>[\/et_pb_text][\/et_pb_column][\/et_pb_row][et_pb_row _builder_version=&#8221;4.20.4&#8243; _module_preset=&#8221;default&#8221; global_colors_info=&#8221;{}&#8221;][et_pb_column type=&#8221;4_4&#8243; _builder_version=&#8221;4.20.4&#8243; _module_preset=&#8221;default&#8221; global_colors_info=&#8221;{}&#8221;][et_pb_video src=&#8221;https:\/\/youtu.be\/Jns45DcJGsI&#8221; image_src=&#8221;https:\/\/circle2learning.eu\/si\/wp-content\/uploads\/2023\/04\/Untitled-design-1-1.png&#8221; _builder_version=&#8221;4.22.0&#8243; _module_preset=&#8221;default&#8221; global_colors_info=&#8221;{}&#8221;][\/et_pb_video][\/et_pb_column][\/et_pb_row][et_pb_row _builder_version=&#8221;4.20.4&#8243; _module_preset=&#8221;default&#8221; global_colors_info=&#8221;{}&#8221;][et_pb_column type=&#8221;4_4&#8243; _builder_version=&#8221;4.20.4&#8243; _module_preset=&#8221;default&#8221; global_colors_info=&#8221;{}&#8221;][et_pb_blurb title=&#8221;PARTNERJI&#8221; _builder_version=&#8221;4.21.0&#8243; _module_preset=&#8221;default&#8221; global_colors_info=&#8221;{}&#8221;]<\/p>\n<p class=\"_04xlpA direction-ltr align-start para-style-body\"><span class=\"S1PPyQ\"><\/span><\/p>\n<p>Projekt predstavlja konzorcij, ki je odli\u010den primer evropskega razvoja sodelovanja.<\/p>\n<p>To je prilo\u017enost za vse udele\u017eence, da se u\u010dijo drug od drugega, in prilo\u017enost za delo z razli\u010dnih vidikov, ki zdru\u017euje izobra\u017eevanje, raziskave in poslovanje.<\/p>\n<p>Na\u0161i partnerji so:<\/p>\n<p class=\"_04xlpA direction-ltr align-start para-style-body\"><span class=\"S1PPyQ\"><\/span><\/p>\n<ul>\n<li><span class=\"S1PPyQ\">Panevezio darbo rinkos mokymo centras, Litva<\/span><span class=\"S1PPyQ\"><\/span><\/li>\n<\/ul>\n<p><span class=\"S1PPyQ\"><\/span><\/p>\n<ul>\n<li><span class=\"S1PPyQ\">Bluebook srl, Italija<\/span><\/li>\n<\/ul>\n<p><span class=\"S1PPyQ\"><\/span><\/p>\n<ul>\n<li><span class=\"S1PPyQ\">\u0160olski center Celje, Slovenija<\/span><\/li>\n<\/ul>\n<p><span class=\"S1PPyQ\"><\/span><\/p>\n<ul>\n<li><span class=\"S1PPyQ\">Tarsus Ticaret Ve Sanayi Odasi, Tur\u010dija<\/span><\/li>\n<\/ul>\n<p><span class=\"S1PPyQ\"><\/span><\/p>\n<ul>\n<li><span class=\"S1PPyQ\">The Glasgow Caledonian University, \u0160kotska \u2013 ZK<\/span><\/li>\n<\/ul>\n<p><span class=\"S1PPyQ\"><\/span><\/p>\n<ul>\n<li><span class=\"S1PPyQ\"><span>The Asturian Association for International Cooperation (AACI), \u0160panija<\/span><\/span><\/li>\n<\/ul>\n<p>[\/et_pb_blurb][\/et_pb_column][\/et_pb_row][et_pb_row _builder_version=&#8221;4.21.0&#8243; _module_preset=&#8221;default&#8221; global_colors_info=&#8221;{}&#8221;][et_pb_column type=&#8221;4_4&#8243; _builder_version=&#8221;4.21.0&#8243; _module_preset=&#8221;default&#8221; global_colors_info=&#8221;{}&#8221;][et_pb_social_media_follow _builder_version=&#8221;4.21.0&#8243; _module_preset=&#8221;default&#8221; global_colors_info=&#8221;{}&#8221;][et_pb_social_media_follow_network social_network=&#8221;facebook&#8221; url=&#8221;https:\/\/www.facebook.com\/circleerasmus&#8221; _builder_version=&#8221;4.21.0&#8243; _module_preset=&#8221;default&#8221; background_color=&#8221;#3b5998&#8243; global_colors_info=&#8221;{}&#8221; follow_button=&#8221;off&#8221; url_new_window=&#8221;on&#8221;]facebook[\/et_pb_social_media_follow_network][et_pb_social_media_follow_network social_network=&#8221;tiktok&#8221; url=&#8221;https:\/\/www.tiktok.com\/@circle2learning&#8221; _builder_version=&#8221;4.21.0&#8243; _module_preset=&#8221;default&#8221; background_color=&#8221;#fe2c55&#8243; global_colors_info=&#8221;{}&#8221; follow_button=&#8221;off&#8221; url_new_window=&#8221;on&#8221;]tiktok[\/et_pb_social_media_follow_network][et_pb_social_media_follow_network social_network=&#8221;youtube&#8221; url=&#8221;https:\/\/www.youtube.com\/@circle9319&#8243; _builder_version=&#8221;4.21.0&#8243; _module_preset=&#8221;default&#8221; background_color=&#8221;#a82400&#8243; global_colors_info=&#8221;{}&#8221; follow_button=&#8221;off&#8221; url_new_window=&#8221;on&#8221;]youtube[\/et_pb_social_media_follow_network][\/et_pb_social_media_follow][\/et_pb_column][\/et_pb_row][\/et_pb_section]<\/p>\n","protected":false},"excerpt":{"rendered":"<p>CIRCLE 2 je projekt, ki ga podpira program Erasmus, in je del programa strate\u0161kih partnerstev KA2. Circular economy through integrated LEarning in VET (kro\u017eno gospodarstvo skozi integrirano u\u010denje v poklicnem izobra\u017eevanju in usposabljanju) je bil razvit kot podpora izobra\u017eevalcem s podro\u010dja poklicnega usposabljanja, ki udele\u017eencem izobra\u017eevanja v turisti\u010dnem, prometnem in kmetijskem sektorju predstavljajo koncepte kro\u017enega [&hellip;]<\/p>\n","protected":false},"author":2,"featured_media":0,"parent":0,"menu_order":0,"comment_status":"closed","ping_status":"closed","template":"","meta":{"_et_pb_use_builder":"on","_et_pb_old_content":"","_et_gb_content_width":"","footnotes":""},"class_list":["post-29","page","type-page","status-publish","hentry"],"_links":{"self":[{"href":"https:\/\/circle2learning.eu\/si\/wp-json\/wp\/v2\/pages\/29","targetHints":{"allow":["GET"]}}],"collection":[{"href":"https:\/\/circle2learning.eu\/si\/wp-json\/wp\/v2\/pages"}],"about":[{"href":"https:\/\/circle2learning.eu\/si\/wp-json\/wp\/v2\/types\/page"}],"author":[{"embeddable":true,"href":"https:\/\/circle2learning.eu\/si\/wp-json\/wp\/v2\/users\/2"}],"replies":[{"embeddable":true,"href":"https:\/\/circle2learning.eu\/si\/wp-json\/wp\/v2\/comments?post=29"}],"version-history":[{"count":27,"href":"https:\/\/circle2learning.eu\/si\/wp-json\/wp\/v2\/pages\/29\/revisions"}],"predecessor-version":[{"id":1027,"href":"https:\/\/circle2learning.eu\/si\/wp-json\/wp\/v2\/pages\/29\/revisions\/1027"}],"wp:attachment":[{"href":"https:\/\/circle2learning.eu\/si\/wp-json\/wp\/v2\/media?parent=29"}],"curies":[{"name":"wp","href":"https:\/\/api.w.org\/{rel}","templated":true}]}}