{"id":33,"date":"2023-02-22T16:28:43","date_gmt":"2023-02-22T16:28:43","guid":{"rendered":"https:\/\/circle2learning.eu\/si\/?page_id=33"},"modified":"2024-11-18T13:00:31","modified_gmt":"2024-11-18T13:00:31","slug":"training","status":"publish","type":"page","link":"https:\/\/circle2learning.eu\/si\/training\/","title":{"rendered":"Usposabljanje"},"content":{"rendered":"<p>[et_pb_section fb_built=&#8221;1&#8243; _builder_version=&#8221;4.19.5&#8243; _module_preset=&#8221;default&#8221; global_colors_info=&#8221;{}&#8221;][et_pb_row admin_label=&#8221;title&#8221; _builder_version=&#8221;4.27.2&#8243; _module_preset=&#8221;default&#8221; global_colors_info=&#8221;{}&#8221;][et_pb_column type=&#8221;4_4&#8243; _builder_version=&#8221;4.27.2&#8243; _module_preset=&#8221;default&#8221; global_colors_info=&#8221;{}&#8221;][et_pb_heading title=&#8221;Uvod v u\u010dna gradiva&#8221; _builder_version=&#8221;4.27.2&#8243; _module_preset=&#8221;default&#8221; title_font=&#8221;|700|||||||&#8221; title_font_size=&#8221;3em&#8221; background_color=&#8221;#f4ede5&#8243; custom_margin=&#8221;||||false|false&#8221; custom_padding=&#8221;4em||2em|1em|false|false&#8221; box_shadow_style=&#8221;preset4&#8243; box_shadow_horizontal=&#8221;21em&#8221; box_shadow_vertical=&#8221;0px&#8221; box_shadow_color=&#8221;#f4ede5&#8243; global_colors_info=&#8221;{}&#8221;][\/et_pb_heading][\/et_pb_column][\/et_pb_row][et_pb_row _builder_version=&#8221;4.27.2&#8243; _module_preset=&#8221;default&#8221; animation_style=&#8221;fade&#8221; global_colors_info=&#8221;{}&#8221;][et_pb_column type=&#8221;4_4&#8243; _builder_version=&#8221;4.27.0&#8243; _module_preset=&#8221;default&#8221; global_colors_info=&#8221;{}&#8221;][et_pb_text _builder_version=&#8221;4.27.2&#8243; _module_preset=&#8221;_initial&#8221; text_font=&#8221;||||||||&#8221; text_font_size=&#8221;1.5em&#8221; text_line_height=&#8221;1.6em&#8221; text_font_size_tablet=&#8221;1.3em&#8221; text_font_size_phone=&#8221;1.1em&#8221; text_font_size_last_edited=&#8221;on|phone&#8221; global_colors_info=&#8221;{}&#8221;]<\/p>\n<p><span data-position=\"V\">V<\/span><span>\u00a0<\/span><span data-position=\"okviru\">okviru<\/span><span>\u00a0<\/span><span data-position=\"projekta\">projekta<\/span><span>\u00a0<\/span><span data-position=\"so\">so<\/span><span>\u00a0<\/span><span data-position=\"bili\">bili<\/span><span>\u00a0<\/span><span data-position=\"razviti\">razviti<\/span><span>\u00a0<\/span><span data-position=\"interaktivni\">interaktivni<\/span><span>\u00a0<\/span><span data-position=\"moduli\">moduli<\/span><span>\u00a0<\/span><span data-position=\"usposabljanja\">usposabljanja<\/span><span>\u00a0<\/span><span data-position=\"za\">za<\/span><span>\u00a0<\/span><strong>turizem,\u00a0promet\u00a0in\u00a0kmetijstvo<\/strong><span>\u00a0<\/span><span data-position=\"z\">z<\/span><span>\u00a0<\/span><span data-position=\"uporabo\">uporabo<\/span><span><br \/><\/span><span data-position=\"odprtokodnega\">odprtokodnega<\/span><span>\u00a0<\/span><span data-position=\"vti\u010dnika\">vti\u010dnika<\/span><span>\u00a0<\/span><strong>H5P<\/strong><span>.<\/span><br \/><span data-position=\"Vsak\">Vsak<\/span><span>\u00a0<\/span><span data-position=\"modul\">modul<\/span><span>\u00a0<\/span><span data-position=\"vklju\u010duje\">vklju\u010duje<\/span><span>\u00a0<\/span><span data-position=\"video\">video<\/span><span>\u00a0<\/span><span data-position=\"intervjuje\">intervjuje<\/span><span>\u00a0<\/span><span data-position=\"s\">s<\/span><span>\u00a0<\/span><span data-position=\"predstavniki\">predstavniki<\/span><span>\u00a0<\/span><span data-position=\"malih\">malih<\/span><span>\u00a0<\/span><span data-position=\"in\">in<\/span><span>\u00a0<\/span><span data-position=\"srednje\">srednje<\/span><span>\u00a0<\/span><span data-position=\"velikih\">velikih<\/span><span>\u00a0<\/span><span data-position=\"podjetij\">podjetij<\/span><span>,\u00a0<\/span><span data-position=\"organizacij\">organizacij<\/span><span>\u00a0<\/span><span data-position=\"in\">in<\/span><span>\u00a0<\/span><span data-position=\"samostojnih\">samostojnih<\/span><span data-position=\"podjetnikov\">podjetnikov<\/span><span>\u00a0<\/span><span data-position=\"ter\">ter<\/span><span>\u00a0<\/span><span data-position=\"vire\">vire<\/span><span>,\u00a0<\/span><span data-position=\"ki\">ki<\/span><span>\u00a0<\/span><span data-position=\"jih\">jih<\/span><span>\u00a0<\/span><span data-position=\"je\">je<\/span><span>\u00a0<\/span><span data-position=\"mogo\u010de\">mogo\u010de<\/span><span>\u00a0<\/span><span data-position=\"prenesti\">prenesti<\/span><span>\u00a0(<\/span><span data-position=\"PDF\">PDF<\/span><span>,\u00a0<\/span><span data-position=\"Excel\">Excel<\/span><span>,\u00a0<\/span><span data-position=\"Word\">Word<\/span><span>).<br \/>Gradiva\u00a0so\u00a0zasnovana\u00a0tako,\u00a0da\u00a0u\u010diteljem\u00a0<strong>poklicnega\u00a0izobra\u017eevanja\u00a0in\u00a0usposabljanja<\/strong>\u00a0pomagajo\u00a0pri\u00a0<br \/>pou\u010devanju\u00a0na\u010del\u00a0kro\u017enega\u00a0gospodarstva\u00a0in\u00a0njihove\u00a0prakti\u010dne\u00a0uporabe\u00a0v\u00a0resni\u010dnem\u00a0svetu.<br \/>Gradiva so bila pripravljena pod strokovnim vodstvom<\/span>\u00a0<a href=\"https:\/\/www.gcu.ac.uk\/\" target=\"_blank\" rel=\"noopener\">GCU \u2014 Glasgow Caledonian University<\/a> (\u0160kotska, ZK).<br \/>Vsa gradiva so dostopna v angle\u0161\u010dini, \u0161pan\u0161\u010dini, italijan\u0161\u010dini, tur\u0161\u010dini, litvan\u0161\u010dini in sloven\u0161\u010dini.<\/p>\n<p>[\/et_pb_text][\/et_pb_column][\/et_pb_row][\/et_pb_section][et_pb_section fb_built=&#8221;1&#8243; admin_label=&#8221;Call to Action&#8221; _builder_version=&#8221;4.27.2&#8243; _module_preset=&#8221;default&#8221; custom_padding=&#8221;0px||8vw||false|false&#8221; animation_style=&#8221;fade&#8221; saved_tabs=&#8221;all&#8221; collapsed=&#8221;on&#8221; global_colors_info=&#8221;{}&#8221;][et_pb_row column_structure=&#8221;2_5,3_5&#8243; make_equal=&#8221;on&#8221; _builder_version=&#8221;4.27.2&#8243; _module_preset=&#8221;default&#8221; background_color=&#8221;gcid-fa957022-7f68-4c63-9382-2437a00591d9&#8243; custom_margin=&#8221;||||false|false&#8221; custom_padding=&#8221;0px||0px||true|false&#8221; box_shadow_style=&#8221;preset4&#8243; box_shadow_horizontal=&#8221;21em&#8221; box_shadow_vertical=&#8221;0px&#8221; box_shadow_color=&#8221;gcid-fa957022-7f68-4c63-9382-2437a00591d9&#8243; box_shadow_color_tablet=&#8221;RGBA(255,255,255,0)&#8221; box_shadow_color_phone=&#8221;&#8221; box_shadow_color_last_edited=&#8221;on|tablet&#8221; global_colors_info=&#8221;{%22gcid-fa957022-7f68-4c63-9382-2437a00591d9%22:%91%22background_color%22,%22box_shadow_color%22%93}&#8221;][et_pb_column type=&#8221;2_5&#8243; _builder_version=&#8221;4.19.2&#8243; _module_preset=&#8221;default&#8221; use_background_color_gradient=&#8221;on&#8221; background_color_gradient_direction=&#8221;90deg&#8221; background_color_gradient_stops=&#8221;#ffffff 70%|gcid-fa957022-7f68-4c63-9382-2437a00591d9 70%&#8221; global_colors_info=&#8221;{%22gcid-fa957022-7f68-4c63-9382-2437a00591d9%22:%91%22background_color_gradient_stops%22%93}&#8221;][et_pb_image src=&#8221;https:\/\/circle2learning.eu\/si\/wp-content\/uploads\/2023\/02\/Beach-small.jpg&#8221; alt=&#8221;beach&#8221; title_text=&#8221;Beach small&#8221; _builder_version=&#8221;4.27.2&#8243; _module_preset=&#8221;default&#8221; max_width=&#8221;600px&#8221; max_height=&#8221;402px&#8221; custom_margin=&#8221;8vw|-8vw|-4vw||false|false&#8221; custom_margin_tablet=&#8221;0vw|0vw|0vw||false|false&#8221; custom_margin_phone=&#8221;&#8221; custom_margin_last_edited=&#8221;on|tablet&#8221; global_colors_info=&#8221;{}&#8221;][\/et_pb_image][\/et_pb_column][et_pb_column type=&#8221;3_5&#8243; _builder_version=&#8221;4.27.2&#8243; _module_preset=&#8221;default&#8221; custom_padding=&#8221;4vw|||8vw|false|false&#8221; custom_padding_tablet=&#8221;0vw|30px|30px|30px|false|true&#8221; custom_padding_phone=&#8221;|20px|20px|20px|false|true&#8221; custom_padding_last_edited=&#8221;on|desktop&#8221; global_colors_info=&#8221;{}&#8221;][et_pb_text _builder_version=&#8221;4.27.0&#8243; _module_preset=&#8221;_initial&#8221; header_2_font=&#8221;|700|||||||&#8221; header_2_font_size=&#8221;3em&#8221; animation_style=&#8221;slide&#8221; animation_direction=&#8221;right&#8221; text_font_size_tablet=&#8221;&#8221; text_font_size_phone=&#8221;&#8221; text_font_size_last_edited=&#8221;on|desktop&#8221; header_2_font_size_tablet=&#8221;3em&#8221; header_2_font_size_phone=&#8221;2.5em&#8221; global_colors_info=&#8221;{}&#8221;]<\/p>\n<h2>Turizem<\/h2>\n<p>[\/et_pb_text][et_pb_text _builder_version=&#8221;4.27.0&#8243; _module_preset=&#8221;_initial&#8221; text_font=&#8221;||||||||&#8221; text_font_size=&#8221;1.2em&#8221; text_line_height=&#8221;1.8em&#8221; text_font_size_tablet=&#8221;1.2em&#8221; text_font_size_phone=&#8221;1.1em&#8221; text_font_size_last_edited=&#8221;on|desktop&#8221; global_colors_info=&#8221;{}&#8221;]<\/p>\n<p>Turisti\u010dni sektor EU je vreden 666 milijard evrov oziroma 3,98 % BDP regije in zagotavlja 11,9 milijona delovnih mest. Sektor sestavljajo razli\u010dne vrste podjetij, kot so potovalne dru\u017ebe, hoteli, restavracije, in je klju\u010dnega pomena za gospodarstvo obalnih regij, mest in dr\u017eav. Kako lahko torej turisti\u010dni sektor podpira na\u010dela trajnostnega kro\u017enega gospodarstva? V tem te\u010daju bodo obravnavani nastanitev in hrana, turisti\u010dni prevoz, prireditve in zanimivi kraji.<\/p>\n<p>[\/et_pb_text][et_pb_button button_url=&#8221;https:\/\/circle2learning.eu\/si\/tourism\/&#8221; url_new_window=&#8221;on&#8221; button_text=&#8221;Poglej ve\u010d&#8221; _builder_version=&#8221;4.27.0&#8243; _module_preset=&#8221;_initial&#8221; custom_button=&#8221;on&#8221; button_text_size=&#8221;14px&#8221; button_border_radius=&#8221;0px&#8221; button_letter_spacing=&#8221;0.2em&#8221; button_font=&#8221;Inter|600||on|||||&#8221; custom_margin=&#8221;||10px||false|false&#8221; custom_padding=&#8221;16px|24px|16px|24px|true|true&#8221; animation_style=&#8221;slide&#8221; animation_direction=&#8221;right&#8221; hover_enabled=&#8221;0&#8243; global_colors_info=&#8221;{}&#8221; sticky_enabled=&#8221;0&#8243;][\/et_pb_button][\/et_pb_column][\/et_pb_row][\/et_pb_section][et_pb_section fb_built=&#8221;1&#8243; admin_label=&#8221;Call to Action&#8221; _builder_version=&#8221;4.27.2&#8243; _module_preset=&#8221;default&#8221; custom_padding=&#8221;0px||8vw||false|false&#8221; animation_style=&#8221;fade&#8221; saved_tabs=&#8221;all&#8221; collapsed=&#8221;on&#8221; global_colors_info=&#8221;{}&#8221;][et_pb_row column_structure=&#8221;2_5,3_5&#8243; make_equal=&#8221;on&#8221; _builder_version=&#8221;4.27.2&#8243; _module_preset=&#8221;default&#8221; background_color=&#8221;gcid-fa957022-7f68-4c63-9382-2437a00591d9&#8243; custom_padding=&#8221;0px||0px||true|false&#8221; box_shadow_style=&#8221;preset4&#8243; box_shadow_horizontal=&#8221;21em&#8221; box_shadow_vertical=&#8221;0px&#8221; box_shadow_color=&#8221;gcid-fa957022-7f68-4c63-9382-2437a00591d9&#8243; box_shadow_color_tablet=&#8221;RGBA(255,255,255,0)&#8221; box_shadow_color_phone=&#8221;&#8221; box_shadow_color_last_edited=&#8221;on|tablet&#8221; global_colors_info=&#8221;{%22gcid-fa957022-7f68-4c63-9382-2437a00591d9%22:%91%22background_color%22,%22box_shadow_color%22%93}&#8221;][et_pb_column type=&#8221;2_5&#8243; _builder_version=&#8221;4.19.2&#8243; _module_preset=&#8221;default&#8221; use_background_color_gradient=&#8221;on&#8221; background_color_gradient_direction=&#8221;90deg&#8221; background_color_gradient_stops=&#8221;#ffffff 70%|gcid-fa957022-7f68-4c63-9382-2437a00591d9 70%&#8221; global_colors_info=&#8221;{%22gcid-fa957022-7f68-4c63-9382-2437a00591d9%22:%91%22background_color_gradient_stops%22%93}&#8221;][et_pb_image src=&#8221;https:\/\/circle2learning.eu\/si\/wp-content\/uploads\/2024\/11\/Train-e1730647305294.webp&#8221; alt=&#8221;train&#8221; title_text=&#8221;Train&#8221; _builder_version=&#8221;4.27.2&#8243; _module_preset=&#8221;default&#8221; max_width=&#8221;600px&#8221; max_height=&#8221;402px&#8221; custom_margin=&#8221;8vw|-8vw|-4vw||false|false&#8221; custom_margin_tablet=&#8221;0vw|0vw|0vw||false|false&#8221; custom_margin_phone=&#8221;&#8221; custom_margin_last_edited=&#8221;on|tablet&#8221; global_colors_info=&#8221;{}&#8221;][\/et_pb_image][\/et_pb_column][et_pb_column type=&#8221;3_5&#8243; _builder_version=&#8221;4.19.2&#8243; _module_preset=&#8221;default&#8221; custom_padding=&#8221;4vw|||8vw|false|false&#8221; custom_padding_tablet=&#8221;0vw|30px|30px|30px|false|true&#8221; custom_padding_phone=&#8221;|20px|20px|20px|false|true&#8221; custom_padding_last_edited=&#8221;on|desktop&#8221; global_colors_info=&#8221;{}&#8221;][et_pb_text _builder_version=&#8221;4.27.2&#8243; _module_preset=&#8221;_initial&#8221; header_2_font=&#8221;|700|||||||&#8221; header_2_font_size=&#8221;3em&#8221; animation_style=&#8221;slide&#8221; animation_direction=&#8221;right&#8221; header_2_font_size_tablet=&#8221;3em&#8221; header_2_font_size_phone=&#8221;2.5em&#8221; header_2_font_size_last_edited=&#8221;on|phone&#8221; global_colors_info=&#8221;{}&#8221;]<\/p>\n<h2>Transport<\/h2>\n<p>[\/et_pb_text][et_pb_text _builder_version=&#8221;4.27.0&#8243; _module_preset=&#8221;_initial&#8221; text_font=&#8221;||||||||&#8221; text_font_size=&#8221;1.2em&#8221; text_line_height=&#8221;1.8em&#8221; text_font_size_tablet=&#8221;1.2em&#8221; text_font_size_phone=&#8221;1.1em&#8221; text_font_size_last_edited=&#8221;on|desktop&#8221; global_colors_info=&#8221;{}&#8221;]<\/p>\n<p>V EU prometne storitve prispevajo 664 milijard evrov (oziroma 9 % BDP) in so klju\u010dnega pomena za podporo gospodarstev \u010dlanic EU, saj podpirajo prost pretok blaga in ljudi. V tem sektorju je zaposlenih ve\u010d kot 11 milijonov ljudi in je \u0161e vedno v veliki meri odvisen od fosilnih goriv za svoje energetske potrebe. V tem te\u010daju je obravnavano razmerje sektorja s porabo materialov.<\/p>\n<p>[\/et_pb_text][et_pb_button button_url=&#8221;https:\/\/circle2learning.eu\/si\/transport\/&#8221; url_new_window=&#8221;on&#8221; button_text=&#8221;poglej ve\u010d&#8221; _builder_version=&#8221;4.27.0&#8243; _module_preset=&#8221;_initial&#8221; custom_button=&#8221;on&#8221; button_text_size=&#8221;14px&#8221; button_border_radius=&#8221;0px&#8221; button_letter_spacing=&#8221;0.2em&#8221; button_font=&#8221;Inter|600||on|||||&#8221; custom_margin=&#8221;||10px||false|false&#8221; custom_padding=&#8221;16px|24px|16px|24px|true|true&#8221; animation_style=&#8221;slide&#8221; animation_direction=&#8221;right&#8221; hover_enabled=&#8221;0&#8243; global_colors_info=&#8221;{}&#8221; sticky_enabled=&#8221;0&#8243;][\/et_pb_button][\/et_pb_column][\/et_pb_row][\/et_pb_section][et_pb_section fb_built=&#8221;1&#8243; admin_label=&#8221;Call to Action&#8221; _builder_version=&#8221;4.27.2&#8243; _module_preset=&#8221;default&#8221; custom_padding=&#8221;0px||8vw||false|false&#8221; animation_style=&#8221;fade&#8221; saved_tabs=&#8221;all&#8221; collapsed=&#8221;on&#8221; global_colors_info=&#8221;{}&#8221;][et_pb_row column_structure=&#8221;2_5,3_5&#8243; make_equal=&#8221;on&#8221; _builder_version=&#8221;4.27.2&#8243; _module_preset=&#8221;default&#8221; background_color=&#8221;gcid-fa957022-7f68-4c63-9382-2437a00591d9&#8243; custom_padding=&#8221;0px||0px||true|false&#8221; box_shadow_style=&#8221;preset4&#8243; box_shadow_horizontal=&#8221;21em&#8221; box_shadow_vertical=&#8221;0px&#8221; box_shadow_color=&#8221;gcid-fa957022-7f68-4c63-9382-2437a00591d9&#8243; box_shadow_color_tablet=&#8221;RGBA(255,255,255,0)&#8221; box_shadow_color_phone=&#8221;&#8221; box_shadow_color_last_edited=&#8221;on|tablet&#8221; global_colors_info=&#8221;{%22gcid-fa957022-7f68-4c63-9382-2437a00591d9%22:%91%22background_color%22,%22box_shadow_color%22%93}&#8221;][et_pb_column type=&#8221;2_5&#8243; _builder_version=&#8221;4.19.2&#8243; _module_preset=&#8221;default&#8221; use_background_color_gradient=&#8221;on&#8221; background_color_gradient_direction=&#8221;90deg&#8221; background_color_gradient_stops=&#8221;#ffffff 70%|gcid-fa957022-7f68-4c63-9382-2437a00591d9 70%&#8221; global_colors_info=&#8221;{%22gcid-fa957022-7f68-4c63-9382-2437a00591d9%22:%91%22background_color_gradient_stops%22%93}&#8221;][et_pb_image src=&#8221;https:\/\/circle2learning.eu\/si\/wp-content\/uploads\/2023\/02\/rapeseed-small.jpg&#8221; alt=&#8221;rapeseed&#8221; title_text=&#8221;rapeseed small&#8221; _builder_version=&#8221;4.27.2&#8243; _module_preset=&#8221;default&#8221; max_width=&#8221;600px&#8221; max_height=&#8221;402px&#8221; custom_margin=&#8221;8vw|-8vw|-4vw||false|false&#8221; custom_margin_tablet=&#8221;0vw|0vw|0vw||false|false&#8221; custom_margin_phone=&#8221;&#8221; custom_margin_last_edited=&#8221;on|tablet&#8221; global_colors_info=&#8221;{}&#8221;][\/et_pb_image][\/et_pb_column][et_pb_column type=&#8221;3_5&#8243; _builder_version=&#8221;4.19.2&#8243; _module_preset=&#8221;default&#8221; custom_padding=&#8221;4vw|||8vw|false|false&#8221; custom_padding_tablet=&#8221;0vw|30px|30px|30px|false|true&#8221; custom_padding_phone=&#8221;|20px|20px|20px|false|true&#8221; custom_padding_last_edited=&#8221;on|desktop&#8221; global_colors_info=&#8221;{}&#8221;][et_pb_text _builder_version=&#8221;4.27.0&#8243; _module_preset=&#8221;_initial&#8221; header_2_font=&#8221;|700|||||||&#8221; header_2_font_size=&#8221;3em&#8221; animation_style=&#8221;slide&#8221; animation_direction=&#8221;right&#8221; header_2_font_size_tablet=&#8221;3em&#8221; header_2_font_size_phone=&#8221;2.5em&#8221; header_2_font_size_last_edited=&#8221;on|phone&#8221; global_colors_info=&#8221;{}&#8221;]<\/p>\n<h2>Kmetijstvo<\/h2>\n<p>[\/et_pb_text][et_pb_text _builder_version=&#8221;4.27.0&#8243; _module_preset=&#8221;_initial&#8221; text_font=&#8221;||||||||&#8221; text_font_size=&#8221;1.2em&#8221; text_line_height=&#8221;1.8em&#8221; text_font_size_tablet=&#8221;1.2em&#8221; text_font_size_phone=&#8221;1.1em&#8221; text_font_size_last_edited=&#8221;on|desktop&#8221; global_colors_info=&#8221;{}&#8221;]<\/p>\n<p>Leta 2022 je kmetijski sektor EU prispeval 222 milijard evrov in je bil glavni neto izvoznik v preostali svet. Sektor zagotavlja redno zaposlitev 20 milijonom ljudi. Vendar je lahko sektor nestanoviten trg, ki je izpostavljen vplivom globalne konkurence, podnebnim spremembam in stro\u0161kom vlo\u017ekov, kot so gnojila. Ta te\u010daj obravnava, kako se lahko sektor trajnostno razvija po na\u010delih kro\u017enega gospodarstva.<\/p>\n<p>[\/et_pb_text][et_pb_button button_url=&#8221;https:\/\/circle2learning.eu\/si\/agriculture\/&#8221; url_new_window=&#8221;on&#8221; button_text=&#8221;poglej ve\u010d&#8221; _builder_version=&#8221;4.27.0&#8243; _module_preset=&#8221;_initial&#8221; custom_button=&#8221;on&#8221; button_text_size=&#8221;14px&#8221; button_border_radius=&#8221;0px&#8221; button_letter_spacing=&#8221;0.2em&#8221; button_font=&#8221;Inter|600||on|||||&#8221; custom_margin=&#8221;||10px||false|false&#8221; custom_padding=&#8221;16px|24px|16px|24px|true|true&#8221; animation_style=&#8221;slide&#8221; animation_direction=&#8221;right&#8221; hover_enabled=&#8221;0&#8243; global_colors_info=&#8221;{}&#8221; sticky_enabled=&#8221;0&#8243;][\/et_pb_button][\/et_pb_column][\/et_pb_row][\/et_pb_section]<\/p>\n","protected":false},"excerpt":{"rendered":"<p>V\u00a0okviru\u00a0projekta\u00a0so\u00a0bili\u00a0razviti\u00a0interaktivni\u00a0moduli\u00a0usposabljanja\u00a0za\u00a0turizem,\u00a0promet\u00a0in\u00a0kmetijstvo\u00a0z\u00a0uporaboodprtokodnega\u00a0vti\u010dnika\u00a0H5P.Vsak\u00a0modul\u00a0vklju\u010duje\u00a0video\u00a0intervjuje\u00a0s\u00a0predstavniki\u00a0malih\u00a0in\u00a0srednje\u00a0velikih\u00a0podjetij,\u00a0organizacij\u00a0in\u00a0samostojnihpodjetnikov\u00a0ter\u00a0vire,\u00a0ki\u00a0jih\u00a0je\u00a0mogo\u010de\u00a0prenesti\u00a0(PDF,\u00a0Excel,\u00a0Word).Gradiva\u00a0so\u00a0zasnovana\u00a0tako,\u00a0da\u00a0u\u010diteljem\u00a0poklicnega\u00a0izobra\u017eevanja\u00a0in\u00a0usposabljanja\u00a0pomagajo\u00a0pri\u00a0pou\u010devanju\u00a0na\u010del\u00a0kro\u017enega\u00a0gospodarstva\u00a0in\u00a0njihove\u00a0prakti\u010dne\u00a0uporabe\u00a0v\u00a0resni\u010dnem\u00a0svetu.Gradiva so bila pripravljena pod strokovnim vodstvom\u00a0GCU \u2014 Glasgow Caledonian University (\u0160kotska, ZK).Vsa gradiva so dostopna v angle\u0161\u010dini, \u0161pan\u0161\u010dini, italijan\u0161\u010dini, tur\u0161\u010dini, litvan\u0161\u010dini in sloven\u0161\u010dini.TurizemTuristi\u010dni sektor EU je vreden 666 milijard evrov oziroma 3,98 % BDP regije in zagotavlja 11,9 milijona delovnih mest. Sektor sestavljajo razli\u010dne vrste podjetij, kot so potovalne dru\u017ebe, hoteli, restavracije, in je [&hellip;]<\/p>\n","protected":false},"author":2,"featured_media":0,"parent":0,"menu_order":0,"comment_status":"closed","ping_status":"closed","template":"","meta":{"_et_pb_use_builder":"on","_et_pb_old_content":"<!-- wp:divi\/placeholder \/-->","_et_gb_content_width":"","footnotes":""},"class_list":["post-33","page","type-page","status-publish","hentry"],"_links":{"self":[{"href":"https:\/\/circle2learning.eu\/si\/wp-json\/wp\/v2\/pages\/33","targetHints":{"allow":["GET"]}}],"collection":[{"href":"https:\/\/circle2learning.eu\/si\/wp-json\/wp\/v2\/pages"}],"about":[{"href":"https:\/\/circle2learning.eu\/si\/wp-json\/wp\/v2\/types\/page"}],"author":[{"embeddable":true,"href":"https:\/\/circle2learning.eu\/si\/wp-json\/wp\/v2\/users\/2"}],"replies":[{"embeddable":true,"href":"https:\/\/circle2learning.eu\/si\/wp-json\/wp\/v2\/comments?post=33"}],"version-history":[{"count":27,"href":"https:\/\/circle2learning.eu\/si\/wp-json\/wp\/v2\/pages\/33\/revisions"}],"predecessor-version":[{"id":1029,"href":"https:\/\/circle2learning.eu\/si\/wp-json\/wp\/v2\/pages\/33\/revisions\/1029"}],"wp:attachment":[{"href":"https:\/\/circle2learning.eu\/si\/wp-json\/wp\/v2\/media?parent=33"}],"curies":[{"name":"wp","href":"https:\/\/api.w.org\/{rel}","templated":true}]}}