{"id":342,"date":"2023-04-27T19:48:48","date_gmt":"2023-04-27T19:48:48","guid":{"rendered":"https:\/\/circle2learning.eu\/si\/?page_id=342"},"modified":"2025-01-08T16:25:44","modified_gmt":"2025-01-08T16:25:44","slug":"tourism-2","status":"publish","type":"page","link":"https:\/\/circle2learning.eu\/si\/tourism-2\/","title":{"rendered":"Tourism &#8211; Acc, Hotels &#038; CE"},"content":{"rendered":"<p>[et_pb_section fb_built=&#8221;1&#8243; _builder_version=&#8221;4.19.5&#8243; _module_preset=&#8221;default&#8221; global_colors_info=&#8221;{}&#8221;][et_pb_row _builder_version=&#8221;4.21.0&#8243; _module_preset=&#8221;default&#8221; global_colors_info=&#8221;{}&#8221;][et_pb_column type=&#8221;4_4&#8243; _builder_version=&#8221;4.21.0&#8243; _module_preset=&#8221;default&#8221; global_colors_info=&#8221;{}&#8221;][et_pb_text _builder_version=&#8221;4.27.4&#8243; _module_preset=&#8221;default&#8221; hover_enabled=&#8221;0&#8243; sticky_enabled=&#8221;0&#8243;]<\/p>\n<h2><strong>Nastanitve in kro\u017eno gospodarstvo<\/strong><\/h2>\n<p>To usposabljanje predstavlja <span>na\u010dine, kako lahko turisti\u010dne nastanitve sprejmejo na\u010dela kro\u017enega gospodarstva, da zmanj\u0161ajo svoj vpliv na okolje, zmanj\u0161ajo odpadke in onesna\u017eevanje ter spodbujajo trajnostne prakse.<\/span><\/p>\n<p>[\/et_pb_text][et_pb_video src=&#8221;https:\/\/www.youtube.com\/watch?v=LCLqH8qpuLQ&#8221; _builder_version=&#8221;4.21.0&#8243; _module_preset=&#8221;default&#8221; global_colors_info=&#8221;{}&#8221;][\/et_pb_video][et_pb_button button_url=&#8221;https:\/\/circle2learning.eu\/si\/wp-content\/uploads\/2024\/04\/CIRCLE2_Interview.Tourism_Slo-prilagojeno-8-9.pdf&#8221; url_new_window=&#8221;on&#8221; button_text=&#8221;Prenesite prepis videoposnetka tukaj&#8221; button_alignment=&#8221;center&#8221; _builder_version=&#8221;4.22.0&#8243; _module_preset=&#8221;default&#8221; custom_css_before=&#8221;et-download-button&#8221; global_colors_info=&#8221;{}&#8221;][\/et_pb_button][\/et_pb_column][\/et_pb_row][et_pb_row _builder_version=&#8221;4.19.5&#8243; _module_preset=&#8221;default&#8221; global_colors_info=&#8221;{}&#8221;][et_pb_column type=&#8221;4_4&#8243; _builder_version=&#8221;4.19.5&#8243; _module_preset=&#8221;default&#8221; global_colors_info=&#8221;{}&#8221;][et_pb_text _builder_version=&#8221;4.21.0&#8243; _module_preset=&#8221;default&#8221; global_colors_info=&#8221;{}&#8221;]<\/p>\n<p><code><div class=\"h5p-iframe-wrapper\"><iframe id=\"h5p-iframe-2\" class=\"h5p-iframe\" data-content-id=\"2\" style=\"height:1px\" src=\"about:blank\" frameBorder=\"0\" scrolling=\"no\" title=\"CIRCLE2 -  Nastanitve v turizmu\"><\/iframe><\/div><\/code><\/p>\n<p>[\/et_pb_text][\/et_pb_column][\/et_pb_row][et_pb_row _builder_version=&#8221;4.19.5&#8243; _module_preset=&#8221;default&#8221; global_colors_info=&#8221;{}&#8221;][et_pb_column type=&#8221;4_4&#8243; _builder_version=&#8221;4.19.5&#8243; _module_preset=&#8221;default&#8221; global_colors_info=&#8221;{}&#8221;][\/et_pb_column][\/et_pb_row][\/et_pb_section]<\/p>\n","protected":false},"excerpt":{"rendered":"<p>Nastanitve in kro\u017eno gospodarstvo To usposabljanje predstavlja na\u010dine, kako lahko turisti\u010dne nastanitve sprejmejo na\u010dela kro\u017enega gospodarstva, da zmanj\u0161ajo svoj vpliv na okolje, zmanj\u0161ajo odpadke in onesna\u017eevanje ter spodbujajo trajnostne prakse.<div class=\"h5p-iframe-wrapper\"><iframe id=\"h5p-iframe-2\" class=\"h5p-iframe\" data-content-id=\"2\" style=\"height:1px\" src=\"about:blank\" frameBorder=\"0\" scrolling=\"no\" title=\"CIRCLE2 -  Nastanitve v turizmu\"><\/iframe><\/div><\/p>\n","protected":false},"author":4,"featured_media":0,"parent":0,"menu_order":0,"comment_status":"closed","ping_status":"closed","template":"","meta":{"_et_pb_use_builder":"on","_et_pb_old_content":"<!-- wp:divi\/placeholder \/-->","_et_gb_content_width":"","footnotes":""},"class_list":["post-342","page","type-page","status-publish","hentry"],"_links":{"self":[{"href":"https:\/\/circle2learning.eu\/si\/wp-json\/wp\/v2\/pages\/342","targetHints":{"allow":["GET"]}}],"collection":[{"href":"https:\/\/circle2learning.eu\/si\/wp-json\/wp\/v2\/pages"}],"about":[{"href":"https:\/\/circle2learning.eu\/si\/wp-json\/wp\/v2\/types\/page"}],"author":[{"embeddable":true,"href":"https:\/\/circle2learning.eu\/si\/wp-json\/wp\/v2\/users\/4"}],"replies":[{"embeddable":true,"href":"https:\/\/circle2learning.eu\/si\/wp-json\/wp\/v2\/comments?post=342"}],"version-history":[{"count":12,"href":"https:\/\/circle2learning.eu\/si\/wp-json\/wp\/v2\/pages\/342\/revisions"}],"predecessor-version":[{"id":1093,"href":"https:\/\/circle2learning.eu\/si\/wp-json\/wp\/v2\/pages\/342\/revisions\/1093"}],"wp:attachment":[{"href":"https:\/\/circle2learning.eu\/si\/wp-json\/wp\/v2\/media?parent=342"}],"curies":[{"name":"wp","href":"https:\/\/api.w.org\/{rel}","templated":true}]}}