{"id":35,"date":"2023-02-22T16:29:04","date_gmt":"2023-02-22T16:29:04","guid":{"rendered":"https:\/\/circle2learning.eu\/si\/?page_id=35"},"modified":"2023-09-13T07:20:23","modified_gmt":"2023-09-13T07:20:23","slug":"circular-thinking","status":"publish","type":"page","link":"https:\/\/circle2learning.eu\/si\/circular-thinking\/","title":{"rendered":"Kro\u017eno razmi\u0161ljanje"},"content":{"rendered":"\n[et_pb_section fb_built=&#8221;1&#8243; _builder_version=&#8221;4.20.2&#8243; _module_preset=&#8221;default&#8221; global_colors_info=&#8221;{}&#8221;][et_pb_row column_structure=&#8221;1_2,1_2&#8243; _builder_version=&#8221;4.20.4&#8243; _module_preset=&#8221;default&#8221; global_colors_info=&#8221;{}&#8221;][et_pb_column type=&#8221;1_2&#8243; _builder_version=&#8221;4.20.4&#8243; _module_preset=&#8221;default&#8221; global_colors_info=&#8221;{}&#8221;][et_pb_image src=&#8221;https:\/\/circle2learning.eu\/si\/wp-content\/uploads\/2023\/04\/What-4.png&#8221; title_text=&#8221;What (4)&#8221; _builder_version=&#8221;4.20.4&#8243; _module_preset=&#8221;default&#8221; global_colors_info=&#8221;{}&#8221;][\/et_pb_image][\/et_pb_column][et_pb_column type=&#8221;1_2&#8243; _builder_version=&#8221;4.20.4&#8243; _module_preset=&#8221;default&#8221; global_colors_info=&#8221;{}&#8221;][et_pb_text _builder_version=&#8221;4.20.4&#8243; _module_preset=&#8221;default&#8221; text_font_size=&#8221;16px&#8221; text_line_height=&#8221;1.8em&#8221; global_colors_info=&#8221;{}&#8221;]<div class=\"et_pb_module et_pb_text et_pb_text_0  et_pb_text_align_left et_pb_bg_layout_light\">\n<div class=\"et_pb_text_inner\">\n<p>Kro\u017eno gospodarstvo je gospodarski sistem, katerega cilj je, da se viri uporabljajo \u010dim dlje, z minimalnim odpadom in onesna\u017eevanjem.<\/p>\n<p>V kro\u017enem gospodarstvu se viri<span> ne zavr\u017eejo kot odpadki, temve\u010d se aktivno uporabljajo, ponovno izkoristijo in obnavljajo.<\/span>\u00a0To dose\u017eemo z oblikovanjem izdelkov, storitev in sistemov, ki so po svoji naravi regenerativni in obnovitveni.<\/p>\n<p>Model kro\u017enega gospodarstva prina\u0161a \u0161tevilne prednosti, med drugim zmanj\u0161uje vpliv proizvodnje in potro\u0161nje, izbolj\u0161uje u\u010dinkovitost virov in ustvarja nove poslovne prilo\u017enosti. Podpira tudi trajnostno gospodarsko rast ter lahko pripomore k oblikovanju odpornej\u0161ega in stabilnej\u0161ega gospodarstva.<\/p>\n<\/div>\n<\/div>[\/et_pb_text][\/et_pb_column][\/et_pb_row][et_pb_row column_structure=&#8221;1_2,1_2&#8243; _builder_version=&#8221;4.21.0&#8243; _module_preset=&#8221;default&#8221; custom_margin=&#8221;|auto||392px||&#8221; global_colors_info=&#8221;{}&#8221;][et_pb_column type=&#8221;1_2&#8243; _builder_version=&#8221;4.21.0&#8243; _module_preset=&#8221;default&#8221; global_colors_info=&#8221;{}&#8221;][et_pb_text _builder_version=&#8221;4.21.0&#8243; _module_preset=&#8221;default&#8221; global_colors_info=&#8221;{}&#8221;]<h4><strong>Pridobivanje \u010dim ve\u010dje vrednosti iz virov<\/strong><\/h4>\n<p>Kro\u017eno gospodarstvo je v nasprotju z linearnim gospodarstvom, kjer vzamemo, naredimo in odstranimo. Na\u0161 cilj je zmanj\u0161ati obremenitev naravnih virov in zmanj\u0161ati koli\u010dino odpadkov v procesu proizvodnje in potro\u0161nje. Poudarek na zmanj\u0161evanju odpadkov ter odlaganju in vra\u010danju odpadkov nazaj v gospodarski cikel je klju\u010den za prehod v bolj kro\u017eno dru\u017ebo.<\/p>\n<p>Kako pa lahko to razmi\u0161ljanje uporabimo v turisti\u010dnem, prometnem in kmetijskem sektorju?\u00a0<\/p>\n<p><strong>Turizem <\/strong>je v glavnem storitvena panoga, kjer ni takoj jasno, kje se porabljajo materialni viri in kje so mo\u017enosti za zmanj\u0161anje odpadkov. Vendar pa hoteli, restavracije, organizatorji dogodkov ali potovalna podjetja vsi kupujejo blago.<\/p>\n<p><strong>Transport<\/strong>, bodisi gre za premike <span>ljudi ali blaga, zahteva uporabo vozil in goriva, za kar je potrebna<\/span><span style=\"font-size: 14px;\"> poraba virov.<\/span><\/p>\n<p><strong>Kmetijstvo<\/strong> je v osnovi biogospodarsko podro\u010dje, ki proizvaja u\u017eitne proizvode za potro\u0161njo. Prakse so se razvile v industrijskem obsegu, pri \u010demer pa odpadki nastajajo na vseh stopnjah.<\/p>\n<p><strong><\/strong><\/p>[\/et_pb_text][\/et_pb_column][et_pb_column type=&#8221;1_2&#8243; _builder_version=&#8221;4.21.0&#8243; _module_preset=&#8221;default&#8221; global_colors_info=&#8221;{}&#8221;][et_pb_image src=&#8221;https:\/\/circle2learning.eu\/si\/wp-content\/uploads\/2023\/06\/circular-economy.jpg&#8221; title_text=&#8221;Print&#8221; _builder_version=&#8221;4.21.0&#8243; _module_preset=&#8221;default&#8221; global_colors_info=&#8221;{}&#8221;][\/et_pb_image][\/et_pb_column][\/et_pb_row][\/et_pb_section]\n","protected":false},"excerpt":{"rendered":"<p>Kro\u017eno gospodarstvo je gospodarski sistem, katerega cilj je, da se viri uporabljajo \u010dim dlje, z minimalnim odpadom in onesna\u017eevanjem. V kro\u017enem gospodarstvu se viri ne zavr\u017eejo kot odpadki, temve\u010d se aktivno uporabljajo, ponovno izkoristijo in obnavljajo.\u00a0To dose\u017eemo z oblikovanjem izdelkov, storitev in sistemov, ki so po svoji naravi regenerativni in obnovitveni. Model kro\u017enega gospodarstva prina\u0161a [&hellip;]<\/p>\n","protected":false},"author":2,"featured_media":0,"parent":0,"menu_order":0,"comment_status":"closed","ping_status":"closed","template":"","meta":{"_et_pb_use_builder":"on","_et_pb_old_content":"","_et_gb_content_width":"","footnotes":""},"class_list":["post-35","page","type-page","status-publish","hentry"],"_links":{"self":[{"href":"https:\/\/circle2learning.eu\/si\/wp-json\/wp\/v2\/pages\/35","targetHints":{"allow":["GET"]}}],"collection":[{"href":"https:\/\/circle2learning.eu\/si\/wp-json\/wp\/v2\/pages"}],"about":[{"href":"https:\/\/circle2learning.eu\/si\/wp-json\/wp\/v2\/types\/page"}],"author":[{"embeddable":true,"href":"https:\/\/circle2learning.eu\/si\/wp-json\/wp\/v2\/users\/2"}],"replies":[{"embeddable":true,"href":"https:\/\/circle2learning.eu\/si\/wp-json\/wp\/v2\/comments?post=35"}],"version-history":[{"count":27,"href":"https:\/\/circle2learning.eu\/si\/wp-json\/wp\/v2\/pages\/35\/revisions"}],"predecessor-version":[{"id":889,"href":"https:\/\/circle2learning.eu\/si\/wp-json\/wp\/v2\/pages\/35\/revisions\/889"}],"wp:attachment":[{"href":"https:\/\/circle2learning.eu\/si\/wp-json\/wp\/v2\/media?parent=35"}],"curies":[{"name":"wp","href":"https:\/\/api.w.org\/{rel}","templated":true}]}}