{"id":420,"date":"2023-06-06T15:08:30","date_gmt":"2023-06-06T15:08:30","guid":{"rendered":"https:\/\/circle2learning.eu\/si\/?page_id=420"},"modified":"2025-02-07T14:56:32","modified_gmt":"2025-02-07T14:56:32","slug":"transport","status":"publish","type":"page","link":"https:\/\/circle2learning.eu\/si\/transport\/","title":{"rendered":"Transport"},"content":{"rendered":"<p>[et_pb_section fb_built=&#8221;1&#8243; fullwidth=&#8221;on&#8221; _builder_version=&#8221;4.21.0&#8243; _module_preset=&#8221;default&#8221; background_color=&#8221;#595959&#8243; global_colors_info=&#8221;{}&#8221;][et_pb_fullwidth_slider use_bg_overlay=&#8221;off&#8221; _builder_version=&#8221;4.21.0&#8243; _module_preset=&#8221;default&#8221; header_font=&#8221;|700|||||||&#8221; header_letter_spacing=&#8221;1px&#8221; header_line_height=&#8221;1.1em&#8221; body_font=&#8221;|600|||||||&#8221; body_font_size=&#8221;16px&#8221; body_letter_spacing=&#8221;1px&#8221; body_line_height=&#8221;1.8em&#8221; background_color=&#8221;#7c7c7c&#8221; background_color_tablet=&#8221;#686868&#8243; background_color_phone=&#8221;#999999&#8243; background_last_edited=&#8221;off|tablet&#8221; background_enable_color_tablet=&#8221;on&#8221; background_enable_color_phone=&#8221;on&#8221; global_colors_info=&#8221;{}&#8221;][et_pb_slide heading=&#8221;Transport&#8221; image=&#8221;https:\/\/circle2learning.eu\/si\/wp-content\/uploads\/2023\/02\/Train.jpg&#8221; _builder_version=&#8221;4.21.0&#8243; _module_preset=&#8221;default&#8221; background_color=&#8221;#707070&#8243; background_enable_color=&#8221;on&#8221; global_colors_info=&#8221;{}&#8221; sticky_transition=&#8221;on&#8221;]<\/p>\n<p><span>Promet ima pomembno vlogo pri trajnostnem razvoju, saj neposredno vpliva na razli\u010dne okoljske, dru\u017ebene in gospodarske vidike. Z vklju\u010devanjem trajnostnih na\u010del v na\u010drtovanje in delovanje prometa lahko ustvarimo okolju prijaznej\u0161i, dru\u017ebeno vklju\u010dujo\u010d in ekonomsko uspe\u0161nej\u0161i prometni sektor. Ta razdelek vsebuje izobra\u017eevalno gradivo o povezovanju prometa in kro\u017enega gospodarstva<\/span><\/p>\n<p>[\/et_pb_slide][\/et_pb_fullwidth_slider][\/et_pb_section][et_pb_section fb_built=&#8221;1&#8243; specialty=&#8221;on&#8221; admin_label=&#8221;All Courses&#8221; _builder_version=&#8221;4.22.0&#8243; custom_padding=&#8221;100px|0px|100px|0px&#8221; global_colors_info=&#8221;{}&#8221;][et_pb_column type=&#8221;1_3&#8243; _builder_version=&#8221;4.16&#8243; custom_padding=&#8221;|||&#8221; global_colors_info=&#8221;{}&#8221; parallax__hover=&#8221;off&#8221; parallax_method__hover=&#8221;on&#8221; custom_padding__hover=&#8221;|||&#8221;][et_pb_text _builder_version=&#8221;4.21.0&#8243; header_font=&#8221;||||||||&#8221; header_2_font=&#8221;|700|||||||&#8221; header_2_font_size=&#8221;36px&#8221; header_2_line_height=&#8221;1.3em&#8221; custom_margin=&#8221;||20px|&#8221; animation_style=&#8221;slide&#8221; animation_direction=&#8221;bottom&#8221; animation_intensity_slide=&#8221;10%&#8221; locked=&#8221;off&#8221; global_colors_info=&#8221;{}&#8221; header_font_size__hover=&#8221;30px&#8221; header_font_size__hover_enabled=&#8221;30px&#8221; header_letter_spacing__hover=&#8221;0px&#8221; header_letter_spacing__hover_enabled=&#8221;0px&#8221; header_text_shadow_style__hover=&#8221;none&#8221; header_text_shadow_style__hover_enabled=&#8221;none&#8221; header_text_shadow_color__hover=&#8221;rgba(0,0,0,0.4)&#8221; header_text_shadow_color__hover_enabled=&#8221;rgba(0,0,0,0.4)&#8221;]<\/p>\n<h2>Enote te\u010daja o kro\u017enem gospodarstvu v prometu<\/h2>\n<p>[\/et_pb_text][et_pb_divider color=&#8221;#09e1c0&#8243; divider_weight=&#8221;4px&#8221; disabled_on=&#8221;on|on|off&#8221; _builder_version=&#8221;4.16&#8243; background_size=&#8221;initial&#8221; background_position=&#8221;top_left&#8221; background_repeat=&#8221;repeat&#8221; max_width=&#8221;40px&#8221; module_alignment=&#8221;left&#8221; custom_margin=&#8221;||10px|&#8221; animation_style=&#8221;zoom&#8221; animation_direction=&#8221;left&#8221; saved_tabs=&#8221;all&#8221; locked=&#8221;off&#8221; global_colors_info=&#8221;{}&#8221;][\/et_pb_divider][et_pb_text _builder_version=&#8221;4.22.0&#8243; text_font=&#8221;||||||||&#8221; text_text_color=&#8221;#000000&#8243; text_font_size=&#8221;16px&#8221; text_line_height=&#8221;1.9em&#8221; header_font=&#8221;||||||||&#8221; header_4_font=&#8221;|700|||||||&#8221; header_4_font_size=&#8221;16px&#8221; header_4_line_height=&#8221;1.9em&#8221; animation_style=&#8221;zoom&#8221; animation_intensity_zoom=&#8221;6%&#8221; locked=&#8221;off&#8221; global_colors_info=&#8221;{}&#8221;]<\/p>\n<h4>V prometnem sektorju je zaposlenih veliko ljudi z razli\u010dnimi znanji in spretnostmi.<\/h4>\n<p>Prometni sektor v Evropi ima klju\u010dno vlogo pri pospe\u0161evanju gospodarske rasti, spodbujanju regionalnega povezovanja ter povezovanju ljudi in blaga po vsej celini. Vklju\u010duje razli\u010dne na\u010dine prevoza, vklju\u010dno s cestnim, \u017eelezni\u0161kim, zra\u010dnim in pomorskim, ki prispevajo k celotnemu prometnemu omre\u017eju.<\/p>\n<p>Kro\u017eno gospodarstvo je prilo\u017enost za dijake in u\u010ditelje, da trajnost in kro\u017eno gospodarstvo postavijo v sredi\u0161\u010de svojega dela. Vsak sektor lahko opredeli nove na\u010dine delovanja, ki vklju\u010dujejo manj odpadkov, zmanj\u0161ujejo vpliv ogljika in so energetsko u\u010dinkovitej\u0161i.<\/p>\n<p>[\/et_pb_text][et_pb_divider divider_weight=&#8221;4px&#8221; _builder_version=&#8221;4.21.0&#8243; _module_preset=&#8221;default&#8221; global_colors_info=&#8221;{}&#8221;][\/et_pb_divider][et_pb_blurb title=&#8221;Paket virov 1&#8243; url=&#8221;https:\/\/circle2learning.eu\/si\/transport-resource-pack-1\/&#8221; image=&#8221;https:\/\/circle2learning.eu\/si\/wp-content\/uploads\/2023\/06\/icons8-books-80.png&#8221; icon_placement=&#8221;left&#8221; image_icon_width=&#8221;180%&#8221; _builder_version=&#8221;4.22.0&#8243; _module_preset=&#8221;default&#8221; header_font=&#8221;|700|||||||&#8221; header_line_height=&#8221;1.5em&#8221; body_line_height=&#8221;1.9em&#8221; custom_padding=&#8221;||0px|||&#8221; link_option_url=&#8221;https:\/\/circle2learning.eu\/si\/transport-resource-pack-1\/&#8221; global_colors_info=&#8221;{}&#8221;]<\/p>\n<p>Dostopajte do datotek in orodij, pomembnih za va\u0161o pot v kro\u017eno gospodarstvo.<\/p>\n<p>[\/et_pb_blurb][et_pb_blurb title=&#8221;Paket virov 2&#8243; url=&#8221;https:\/\/circle2learning.eu\/si\/transport-resource-pack-2\/&#8221; image=&#8221;https:\/\/circle2learning.eu\/si\/wp-content\/uploads\/2023\/06\/icons8-books-80.png&#8221; icon_placement=&#8221;left&#8221; _builder_version=&#8221;4.22.0&#8243; _module_preset=&#8221;default&#8221; header_font=&#8221;|700|||||||&#8221; header_line_height=&#8221;1.5em&#8221; body_line_height=&#8221;1.9em&#8221; custom_padding=&#8221;||0px|||&#8221; link_option_url=&#8221;https:\/\/circle2learning.eu\/si\/transport-resource-pack-2\/&#8221; global_colors_info=&#8221;{}&#8221;]<\/p>\n<p>Dostopajte do datotek in orodij, pomembnih za va\u0161o pot v kro\u017eno gospodarstvo.<\/p>\n<p>[\/et_pb_blurb][et_pb_blurb title=&#8221;Pogovori o transportu&#8221; url=&#8221;https:\/\/circle2learning.eu\/si\/wp-content\/uploads\/2025\/02\/CIRCLE2_Interviews_Transport_Slo.pdf&#8221; image=&#8221;https:\/\/circle2learning.eu\/si\/wp-content\/uploads\/2023\/06\/icons8-books-80.png&#8221; icon_placement=&#8221;left&#8221; _builder_version=&#8221;4.27.4&#8243; _module_preset=&#8221;default&#8221; header_font=&#8221;|700|||||||&#8221; header_line_height=&#8221;1.5em&#8221; body_line_height=&#8221;1.9em&#8221; custom_padding=&#8221;||0px|||&#8221; link_option_url=&#8221;https:\/\/circle2learning.eu\/si\/wp-content\/uploads\/2025\/02\/CIRCLE2_Interviews_Transport_Slo.pdf&#8221; hover_enabled=&#8221;0&#8243; global_colors_info=&#8221;{}&#8221; url_new_window=&#8221;on&#8221; link_option_url_new_window=&#8221;on&#8221; sticky_enabled=&#8221;0&#8243;]<\/p>\n<p>Primerjava pogovorov o transportu<\/p>\n<p>[\/et_pb_blurb][\/et_pb_column][et_pb_column type=&#8221;2_3&#8243; specialty_columns=&#8221;2&#8243; _builder_version=&#8221;4.16&#8243; custom_padding=&#8221;|||&#8221; global_colors_info=&#8221;{}&#8221; parallax__hover=&#8221;off&#8221; parallax_method__hover=&#8221;on&#8221; custom_padding__hover=&#8221;|||&#8221;][et_pb_row_inner use_custom_gutter=&#8221;on&#8221; gutter_width=&#8221;1&#8243; _builder_version=&#8221;4.19.5&#8243; width=&#8221;100%&#8221; custom_margin=&#8221;|106px||||&#8221; custom_padding=&#8221;0px|0px|0px|0px&#8221; animation_style=&#8221;zoom&#8221; animation_intensity_zoom=&#8221;6%&#8221; box_shadow_style=&#8221;preset1&#8243; box_shadow_vertical=&#8221;10px&#8221; box_shadow_blur=&#8221;60px&#8221; box_shadow_color=&#8221;rgba(71,74,182,0.12)&#8221; global_colors_info=&#8221;{}&#8221;][et_pb_column_inner saved_specialty_column_type=&#8221;2_3&#8243; module_class=&#8221;et_pb_column_1_2&#8243; _builder_version=&#8221;4.16&#8243; custom_padding=&#8221;|||&#8221; global_colors_info=&#8221;{}&#8221; parallax__hover=&#8221;off&#8221; parallax_method__hover=&#8221;on&#8221; module_class__hover=&#8221;et_pb_column_1_2&#8243; custom_padding__hover=&#8221;|||&#8221;][et_pb_blurb title=&#8221;1. Transport in KG&#8221; url=&#8221;https:\/\/circle2learning.eu\/si\/transport-and-ce\/&#8221; image=&#8221;https:\/\/circle2learning.eu\/si\/wp-content\/uploads\/2023\/07\/bus-stop.png&#8221; _builder_version=&#8221;4.22.0&#8243; _module_preset=&#8221;07deac75-71bc-4a7b-a8bb-7de621d789f1&#8243; link_option_url=&#8221;https:\/\/circle2learning.eu\/si\/transport-and-ce\/&#8221; image_max_width=&#8221;64px&#8221; locked=&#8221;off&#8221; global_colors_info=&#8221;{}&#8221;]<\/p>\n<p><a href=\"https:\/\/circle2learning.eu\/si\/tourism-1\/\" target=\"_blank\" rel=\"noopener\"><\/a>Promet in kro\u017eno gospodarstvo sta pojma, ki v dana\u0161njem svetu postajata vse pomembnej\u0161a. Preberite, kako lahko s sprejetjem na\u010del kro\u017enega gospodarstva zmanj\u0161amo okoljski odtis in ustvarimo okolju prijaznej\u0161i, socialno vklju\u010dujo\u010d in ekonomsko uspe\u0161nej\u0161i prometni sektor.<\/p>\n<p>[\/et_pb_blurb][et_pb_blurb title=&#8221;2. Kro\u017eno gospodarstvo v logistiki &#8211; gibanje blaga&#8221; url=&#8221;https:\/\/circle2learning.eu\/si\/transport-and-logistics\/&#8221; image=&#8221;https:\/\/circle2learning.eu\/si\/wp-content\/uploads\/2023\/07\/logistics.png&#8221; icon_placement=&#8221;left&#8221; image_icon_width=&#8221;64px&#8221; content_max_width=&#8221;1100px&#8221; _builder_version=&#8221;4.22.0&#8243; header_font=&#8221;|on|||&#8221; header_text_color=&#8221;#2e2545&#8243; header_line_height=&#8221;1.5em&#8221; body_text_color=&#8221;#8585bd&#8221; body_line_height=&#8221;1.9em&#8221; background_color=&#8221;#ffffff&#8221; custom_margin=&#8221;|||&#8221; custom_padding=&#8221;30px|30px|30px|30px&#8221; animation_style=&#8221;zoom&#8221; animation_direction=&#8221;bottom&#8221; animation_intensity_zoom=&#8221;20%&#8221; animation_starting_opacity=&#8221;100%&#8221; link_option_url=&#8221;https:\/\/circle2learning.eu\/si\/transport-and-logistics\/&#8221; box_shadow_style=&#8221;preset7&#8243; box_shadow_horizontal=&#8221;-1px&#8221; box_shadow_vertical=&#8221;-1px&#8221; box_shadow_color=&#8221;rgba(71,74,182,0.12)&#8221; image_max_width=&#8221;64px&#8221; locked=&#8221;off&#8221; global_colors_info=&#8221;{}&#8221;]<\/p>\n<p style=\"text-align: justify;\"><span style=\"color: #000000;\">Kro\u017eno gospodarstvo ponuja prepri\u010dljiv okvir za preoblikovanje pretoka blaga v logisti\u010dnem sektorju. Logistika kro\u017enega gospodarstva lahko s prednostnim obravnavanjem u\u010dinkovite rabe virov, zmanj\u0161evanja odpadkov in sodelovanja, prispeva k bolj trajnostni in odporni dobavni verigi, hkrati pa ustvarja gospodarske in okoljske koristi.<\/span><\/p>\n<p>[\/et_pb_blurb][et_pb_blurb title=&#8221;3. Premikanje ljudi&#8221; url=&#8221;https:\/\/circle2learning.eu\/si\/transport-and-people\/&#8221; image=&#8221;https:\/\/circle2learning.eu\/si\/wp-content\/uploads\/2023\/07\/public-transport.png&#8221; icon_placement=&#8221;left&#8221; image_icon_width=&#8221;64px&#8221; content_max_width=&#8221;1100px&#8221; _builder_version=&#8221;4.22.0&#8243; header_font=&#8221;|on|||&#8221; header_text_color=&#8221;#2e2545&#8243; header_line_height=&#8221;1.5em&#8221; body_text_color=&#8221;#8585bd&#8221; body_line_height=&#8221;1.9em&#8221; background_color=&#8221;#ffffff&#8221; custom_margin=&#8221;|||&#8221; custom_padding=&#8221;30px|30px|30px|30px&#8221; animation_style=&#8221;zoom&#8221; animation_direction=&#8221;bottom&#8221; animation_intensity_zoom=&#8221;20%&#8221; animation_starting_opacity=&#8221;100%&#8221; link_option_url=&#8221;https:\/\/circle2learning.eu\/si\/transport-and-people\/&#8221; box_shadow_style=&#8221;preset7&#8243; box_shadow_horizontal=&#8221;-1px&#8221; box_shadow_vertical=&#8221;-1px&#8221; box_shadow_color=&#8221;rgba(71,74,182,0.12)&#8221; image_max_width=&#8221;64px&#8221; locked=&#8221;off&#8221; global_colors_info=&#8221;{}&#8221;]<\/p>\n<p><span style=\"color: #000000;\">Pristop kro\u017enega gospodarstva, ki se uporablja za gibanje ljudi, poudarja trajnostne prometne sisteme, zmanj\u0161anje emisij in izbolj\u0161anje blaginje. Prakse kro\u017enega gospodarstva lahko s spodbujanjem aktivnih na\u010dinov prevoza, storitev skupne mobilnosti in u\u010dinkovitega razporejanja virov spremenijo na\u010din potovanja ljudi ter spodbujajo bolj trajnostno in vklju\u010dujo\u010do dru\u017ebo.<\/span><\/p>\n<p>[\/et_pb_blurb][et_pb_blurb title=&#8221;4. Inovacije na podro\u010dju vozil&#8221; url=&#8221;https:\/\/circle2learning.eu\/si\/transport-and-innovation\/&#8221; image=&#8221;https:\/\/circle2learning.eu\/si\/wp-content\/uploads\/2023\/07\/innovation.png&#8221; icon_placement=&#8221;left&#8221; image_icon_width=&#8221;64px&#8221; content_max_width=&#8221;1100px&#8221; _builder_version=&#8221;4.21.0&#8243; header_font=&#8221;|on|||&#8221; header_text_color=&#8221;#2e2545&#8243; header_line_height=&#8221;1.5em&#8221; body_text_color=&#8221;#8585bd&#8221; body_line_height=&#8221;1.9em&#8221; background_color=&#8221;#ffffff&#8221; custom_margin=&#8221;|||&#8221; custom_padding=&#8221;30px|30px|30px|30px&#8221; animation_style=&#8221;zoom&#8221; animation_direction=&#8221;bottom&#8221; animation_intensity_zoom=&#8221;20%&#8221; animation_starting_opacity=&#8221;100%&#8221; link_option_url=&#8221;https:\/\/circle2learning.eu\/si\/transport-and-innovation\/&#8221; box_shadow_style=&#8221;preset7&#8243; box_shadow_horizontal=&#8221;-1px&#8221; box_shadow_vertical=&#8221;-1px&#8221; box_shadow_color=&#8221;rgba(71,74,182,0.12)&#8221; image_max_width=&#8221;64px&#8221; locked=&#8221;off&#8221; global_colors_info=&#8221;{}&#8221;]<\/p>\n<p style=\"text-align: justify;\"><span style=\"color: #000000;\">Inovacije na podro\u010dju vozil imajo klju\u010dno vlogo pri prehodu na bolj trajnostno in kro\u017eno gospodarstvo. Vklju\u010devanje na\u010del kro\u017enega gospodarstva v faze na\u010drtovanja, proizvodnje, uporabe in kon\u010dnega \u017eivljenjskega cikla vozil ponuja prilo\u017enosti za maksimiranje u\u010dinkovitosti virov, zmanj\u0161anje odpadkov in zmanj\u0161anje okoljskih vplivov.<\/span><\/p>\n<p>[\/et_pb_blurb][et_pb_blurb title=&#8221;5. Tehnologije elektri\u010dnih vozil&#8221; url=&#8221;https:\/\/circle2learning.eu\/si\/transport-and-electric-vehicles\/&#8221; image=&#8221;https:\/\/circle2learning.eu\/si\/wp-content\/uploads\/2023\/07\/eco-car.png&#8221; icon_placement=&#8221;left&#8221; image_icon_width=&#8221;64px&#8221; content_max_width=&#8221;1100px&#8221; _builder_version=&#8221;4.21.0&#8243; header_font=&#8221;|on|||&#8221; header_text_color=&#8221;#2e2545&#8243; header_line_height=&#8221;1.5em&#8221; body_text_color=&#8221;#8585bd&#8221; body_line_height=&#8221;1.9em&#8221; background_color=&#8221;#ffffff&#8221; custom_margin=&#8221;|||&#8221; custom_padding=&#8221;30px|30px|30px|30px&#8221; animation_style=&#8221;zoom&#8221; animation_direction=&#8221;bottom&#8221; animation_intensity_zoom=&#8221;20%&#8221; animation_starting_opacity=&#8221;100%&#8221; link_option_url=&#8221;https:\/\/circle2learning.eu\/si\/transport-and-electric-vehicles\/&#8221; box_shadow_style=&#8221;preset7&#8243; box_shadow_horizontal=&#8221;-1px&#8221; box_shadow_vertical=&#8221;-1px&#8221; box_shadow_color=&#8221;rgba(71,74,182,0.12)&#8221; image_max_width=&#8221;64px&#8221; locked=&#8221;off&#8221; global_colors_info=&#8221;{}&#8221;]<\/p>\n<p style=\"text-align: justify;\"><span style=\"color: #000000;\">Pojav elektri\u010dnih vozil (EV) je pomenil preobrazbeno prilo\u017enost za spodbujanje na\u010del kro\u017enega gospodarstva. Z uporabo recikliranih materialov, inovacijami na podro\u010dju baterij, u\u010dinkovito polnilno infrastrukturo in optimizacijo na podlagi podatkov, pristop kro\u017enega gospodarstva pove\u010duje u\u010dinkovitost virov in zmanj\u0161uje koli\u010dino odpadkov v celotnem \u017eivljenjskem ciklu elektri\u010dnih vozil.<\/span><\/p>\n<p>[\/et_pb_blurb][et_pb_blurb title=&#8221;6. Digitalizacija v prometnem sistemu&#8221; url=&#8221;https:\/\/circle2learning.eu\/si\/transport-and-digitization\/&#8221; image=&#8221;https:\/\/circle2learning.eu\/si\/wp-content\/uploads\/2023\/07\/map.png&#8221; icon_placement=&#8221;left&#8221; image_icon_width=&#8221;64px&#8221; content_max_width=&#8221;1100px&#8221; _builder_version=&#8221;4.21.0&#8243; header_font=&#8221;|on|||&#8221; header_text_color=&#8221;#2e2545&#8243; header_line_height=&#8221;1.5em&#8221; body_text_color=&#8221;#8585bd&#8221; body_line_height=&#8221;1.9em&#8221; background_color=&#8221;#ffffff&#8221; custom_margin=&#8221;|||&#8221; custom_padding=&#8221;30px|30px|30px|30px&#8221; animation_style=&#8221;zoom&#8221; animation_direction=&#8221;bottom&#8221; animation_intensity_zoom=&#8221;20%&#8221; animation_starting_opacity=&#8221;100%&#8221; link_option_url=&#8221;https:\/\/circle2learning.eu\/si\/transport-and-digitization\/&#8221; box_shadow_style=&#8221;preset7&#8243; box_shadow_horizontal=&#8221;-1px&#8221; box_shadow_vertical=&#8221;-1px&#8221; box_shadow_color=&#8221;rgba(71,74,182,0.12)&#8221; image_max_width=&#8221;64px&#8221; locked=&#8221;off&#8221; global_colors_info=&#8221;{}&#8221;]<\/p>\n<p style=\"text-align: justify;\"><span style=\"color: #000000;\">Digitalizacija omogo\u010da optimizacijo prevoznih poti in na\u010dinov prevoza, kar zmanj\u0161uje porabo energije in emisije ogljika. Z zbiranjem in analizo podatkov v realnem \u010dasu lahko prevozniki sprejemajo utemeljene odlo\u010ditve glede na\u010drtovanja poti, uporabe vozil in optimizacije tovora. Ta optimizacija vodi k zmanj\u0161anju \u0161tevila praznih prevozov, bolj\u0161i izkori\u0161\u010denosti sredstev in splo\u0161ni u\u010dinkovitosti virov.<\/span><\/p>\n<p>[\/et_pb_blurb][\/et_pb_column_inner][\/et_pb_row_inner][\/et_pb_column][\/et_pb_section]<\/p>\n","protected":false},"excerpt":{"rendered":"<p>Promet ima pomembno vlogo pri trajnostnem razvoju, saj neposredno vpliva na razli\u010dne okoljske, dru\u017ebene in gospodarske vidike. Z vklju\u010devanjem trajnostnih na\u010del v na\u010drtovanje in delovanje prometa lahko ustvarimo okolju prijaznej\u0161i, dru\u017ebeno vklju\u010dujo\u010d in ekonomsko uspe\u0161nej\u0161i prometni sektor. Ta razdelek vsebuje izobra\u017eevalno gradivo o povezovanju prometa in kro\u017enega gospodarstvaEnote te\u010daja o kro\u017enem gospodarstvu v prometuV prometnem [&hellip;]<\/p>\n","protected":false},"author":4,"featured_media":0,"parent":0,"menu_order":0,"comment_status":"closed","ping_status":"closed","template":"","meta":{"_et_pb_use_builder":"on","_et_pb_old_content":"","_et_gb_content_width":"","footnotes":""},"class_list":["post-420","page","type-page","status-publish","hentry"],"_links":{"self":[{"href":"https:\/\/circle2learning.eu\/si\/wp-json\/wp\/v2\/pages\/420","targetHints":{"allow":["GET"]}}],"collection":[{"href":"https:\/\/circle2learning.eu\/si\/wp-json\/wp\/v2\/pages"}],"about":[{"href":"https:\/\/circle2learning.eu\/si\/wp-json\/wp\/v2\/types\/page"}],"author":[{"embeddable":true,"href":"https:\/\/circle2learning.eu\/si\/wp-json\/wp\/v2\/users\/4"}],"replies":[{"embeddable":true,"href":"https:\/\/circle2learning.eu\/si\/wp-json\/wp\/v2\/comments?post=420"}],"version-history":[{"count":33,"href":"https:\/\/circle2learning.eu\/si\/wp-json\/wp\/v2\/pages\/420\/revisions"}],"predecessor-version":[{"id":1394,"href":"https:\/\/circle2learning.eu\/si\/wp-json\/wp\/v2\/pages\/420\/revisions\/1394"}],"wp:attachment":[{"href":"https:\/\/circle2learning.eu\/si\/wp-json\/wp\/v2\/media?parent=420"}],"curies":[{"name":"wp","href":"https:\/\/api.w.org\/{rel}","templated":true}]}}