{"id":438,"date":"2023-06-12T10:27:54","date_gmt":"2023-06-12T10:27:54","guid":{"rendered":"https:\/\/circle2learning.eu\/si\/?page_id=438"},"modified":"2025-02-07T14:59:19","modified_gmt":"2025-02-07T14:59:19","slug":"agriculture","status":"publish","type":"page","link":"https:\/\/circle2learning.eu\/si\/agriculture\/","title":{"rendered":"Agriculture"},"content":{"rendered":"<p>[et_pb_section fb_built=&#8221;1&#8243; fullwidth=&#8221;on&#8221; _builder_version=&#8221;4.21.0&#8243; _module_preset=&#8221;default&#8221; background_color=&#8221;RGBA(255,255,255,0)&#8221; background_image=&#8221;https:\/\/circle2learning.eu\/si\/wp-content\/uploads\/2023\/04\/jan-kopriva-LTMaAwxanGk-unsplash-scaled.jpg&#8221; global_colors_info=&#8221;{}&#8221;][et_pb_fullwidth_slider use_bg_overlay=&#8221;off&#8221; _builder_version=&#8221;4.21.0&#8243; _module_preset=&#8221;default&#8221; header_font=&#8221;|700|||||||&#8221; header_letter_spacing=&#8221;1px&#8221; header_line_height=&#8221;1.7em&#8221; body_font=&#8221;|600|||||||&#8221; body_font_size=&#8221;16px&#8221; body_letter_spacing=&#8221;1px&#8221; body_line_height=&#8221;1.8em&#8221; background_color=&#8221;RGBA(255,255,255,0)&#8221; background_image=&#8221;https:\/\/circle2learning.eu\/si\/wp-content\/uploads\/2023\/04\/carles-rabada-hd2jIyRo7iY-unsplash-scaled.jpg&#8221; animation_style=&#8221;fade&#8221; background_color_tablet=&#8221;#686868&#8243; background_color_phone=&#8221;#999999&#8243; background_last_edited=&#8221;off|tablet&#8221; background_enable_color_tablet=&#8221;on&#8221; background_enable_color_phone=&#8221;on&#8221; global_colors_info=&#8221;{}&#8221;][et_pb_slide heading=&#8221;Kmetijstvo&#8221; _builder_version=&#8221;4.21.0&#8243; _module_preset=&#8221;default&#8221; body_font=&#8221;|700|||||||&#8221; body_font_size=&#8221;20px&#8221; body_letter_spacing=&#8221;2px&#8221; background_color=&#8221;#6daa1d&#8221; background_enable_color=&#8221;on&#8221; body_text_shadow_style=&#8221;preset5&#8243; text_shadow_style=&#8221;preset2&#8243; text_shadow_horizontal_length=&#8221;0.11em&#8221; text_shadow_vertical_length=&#8221;0.17em&#8221; global_colors_info=&#8221;{}&#8221; sticky_transition=&#8221;on&#8221;]<\/p>\n<p style=\"text-align: justify;\">Kmetijstvo ima klju\u010dno vlogo v evropskem gospodarstvu, prehranski varnosti in razvoju pode\u017eelja. Z vklju\u010devanjem na\u010del kro\u017enega gospodarstva \u017eeli kmetijski sektor v Evropi preiti na bolj trajnosten in z viri u\u010dinkovit sistem. Ta razdelek vsebuje gradivo za usposabljanje o vklju\u010devanju kmetijstva in kro\u017enega gospodarstva.<\/p>\n<p>[\/et_pb_slide][\/et_pb_fullwidth_slider][\/et_pb_section][et_pb_section fb_built=&#8221;1&#8243; specialty=&#8221;on&#8221; admin_label=&#8221;All Courses&#8221; _builder_version=&#8221;4.16&#8243; custom_padding=&#8221;100px|0px|100px|0px&#8221; global_colors_info=&#8221;{}&#8221;][et_pb_column type=&#8221;1_3&#8243; _builder_version=&#8221;4.16&#8243; custom_padding=&#8221;|||&#8221; global_colors_info=&#8221;{}&#8221; parallax__hover=&#8221;off&#8221; parallax_method__hover=&#8221;on&#8221; custom_padding__hover=&#8221;|||&#8221;][et_pb_text _builder_version=&#8221;4.22.0&#8243; header_font=&#8221;||||||||&#8221; header_2_font=&#8221;|700|||||||&#8221; header_2_font_size=&#8221;36px&#8221; header_2_line_height=&#8221;1.3em&#8221; custom_margin=&#8221;||20px|&#8221; animation_style=&#8221;slide&#8221; animation_direction=&#8221;bottom&#8221; animation_intensity_slide=&#8221;10%&#8221; locked=&#8221;off&#8221; global_colors_info=&#8221;{}&#8221; header_font_size__hover=&#8221;30px&#8221; header_font_size__hover_enabled=&#8221;30px&#8221; header_letter_spacing__hover=&#8221;0px&#8221; header_letter_spacing__hover_enabled=&#8221;0px&#8221; header_text_shadow_style__hover=&#8221;none&#8221; header_text_shadow_style__hover_enabled=&#8221;none&#8221; header_text_shadow_color__hover=&#8221;rgba(0,0,0,0.4)&#8221; header_text_shadow_color__hover_enabled=&#8221;rgba(0,0,0,0.4)&#8221;]<\/p>\n<h2>Enote te\u010daja o kro\u017enem gospodarstvu v kmetijstvu<\/h2>\n<p>[\/et_pb_text][et_pb_divider color=&#8221;#09e1c0&#8243; divider_weight=&#8221;4px&#8221; disabled_on=&#8221;on|on|off&#8221; _builder_version=&#8221;4.16&#8243; background_size=&#8221;initial&#8221; background_position=&#8221;top_left&#8221; background_repeat=&#8221;repeat&#8221; max_width=&#8221;40px&#8221; module_alignment=&#8221;left&#8221; custom_margin=&#8221;||10px|&#8221; animation_style=&#8221;zoom&#8221; animation_direction=&#8221;left&#8221; saved_tabs=&#8221;all&#8221; locked=&#8221;off&#8221; global_colors_info=&#8221;{}&#8221;][\/et_pb_divider][et_pb_text _builder_version=&#8221;4.22.0&#8243; text_font=&#8221;||||||||&#8221; text_text_color=&#8221;#000000&#8243; text_font_size=&#8221;16px&#8221; text_line_height=&#8221;1.9em&#8221; header_font=&#8221;||||||||&#8221; header_4_font=&#8221;|700|||||||&#8221; header_4_font_size=&#8221;16px&#8221; header_4_line_height=&#8221;1.9em&#8221; animation_style=&#8221;zoom&#8221; animation_intensity_zoom=&#8221;6%&#8221; locked=&#8221;off&#8221; global_colors_info=&#8221;{}&#8221;]<\/p>\n<h4>Kmetijski sektor zaposluje \u0161iroko paleto ljudi z razli\u010dnimi znanji in spretnostmi.<\/h4>\n<p>Kmetijski sektor v Evropi in koncept kro\u017enega gospodarstva sta tesno prepletena, saj si prizadevamo za spodbujanje trajnostnih praks, zmanj\u0161anje odpadkov in \u010dim ve\u010djo u\u010dinkovitost virov.<\/p>\n<p>Moduli o kro\u017enem gospodarstvu so prilo\u017enost za dijake in u\u010ditelje, da trajnost in kro\u017eno gospodarstvo postavijo v sredi\u0161\u010de svojega dela. Vsak sektor lahko opredeli nove na\u010dine delovanja, ki vklju\u010dujejo manj odpadkov, zmanj\u0161ujejo vpliv ogljika in so energetsko u\u010dinkovitej\u0161i.<\/p>\n<p>[\/et_pb_text][et_pb_divider divider_weight=&#8221;4px&#8221; _builder_version=&#8221;4.21.0&#8243; _module_preset=&#8221;default&#8221; global_colors_info=&#8221;{}&#8221;][\/et_pb_divider][et_pb_blurb title=&#8221;Paket virov 1&#8243; url=&#8221;https:\/\/circle2learning.eu\/si\/agriculture-resource-pack-1\/&#8221; image=&#8221;https:\/\/circle2learning.eu\/si\/wp-content\/uploads\/2023\/06\/icons8-books-80.png&#8221; icon_placement=&#8221;left&#8221; image_icon_width=&#8221;180%&#8221; _builder_version=&#8221;4.22.0&#8243; _module_preset=&#8221;default&#8221; header_font=&#8221;|700|||||||&#8221; header_line_height=&#8221;1.5em&#8221; body_line_height=&#8221;1.9em&#8221; custom_padding=&#8221;3px|||||&#8221; link_option_url=&#8221;https:\/\/circle2learning.eu\/si\/agriculture-resource-pack-1\/&#8221; global_colors_info=&#8221;{}&#8221;]<\/p>\n<p>Dostopajte do datotek in orodij, pomembnih za va\u0161o pot v kro\u017eno gospodarstvo.<\/p>\n<p>[\/et_pb_blurb][et_pb_blurb title=&#8221;Paket virov 2&#8243; url=&#8221;https:\/\/circle2learning.eu\/si\/agriculture-resource-pack-2\/&#8221; image=&#8221;https:\/\/circle2learning.eu\/si\/wp-content\/uploads\/2023\/06\/icons8-books-80.png&#8221; icon_placement=&#8221;left&#8221; _builder_version=&#8221;4.22.0&#8243; _module_preset=&#8221;default&#8221; header_font=&#8221;|700|||||||&#8221; header_line_height=&#8221;1.5em&#8221; body_line_height=&#8221;1.9em&#8221; custom_padding=&#8221;9px|||||&#8221; link_option_url=&#8221;https:\/\/circle2learning.eu\/si\/agriculture-resource-pack-2\/&#8221; global_colors_info=&#8221;{}&#8221;]<\/p>\n<p>Dostopajte do datotek in orodij, pomembnih za va\u0161o pot v kro\u017eno gospodarstvo.<\/p>\n<p>[\/et_pb_blurb][et_pb_blurb title=&#8221;Pogovori o agrikulturi&#8221; url=&#8221;https:\/\/circle2learning.eu\/si\/wp-content\/uploads\/2025\/02\/CIRCLE2_Interviews_Agriculture_Slo.pdf&#8221; image=&#8221;https:\/\/circle2learning.eu\/si\/wp-content\/uploads\/2023\/06\/icons8-books-80.png&#8221; icon_placement=&#8221;left&#8221; _builder_version=&#8221;4.27.4&#8243; _module_preset=&#8221;default&#8221; header_font=&#8221;|700|||||||&#8221; header_line_height=&#8221;1.5em&#8221; body_line_height=&#8221;1.9em&#8221; custom_padding=&#8221;9px|||||&#8221; link_option_url=&#8221;https:\/\/circle2learning.eu\/si\/wp-content\/uploads\/2025\/02\/CIRCLE2_Interviews_Agriculture_Slo.pdf&#8221; hover_enabled=&#8221;0&#8243; global_colors_info=&#8221;{}&#8221; url_new_window=&#8221;on&#8221; link_option_url_new_window=&#8221;on&#8221; sticky_enabled=&#8221;0&#8243;]<\/p>\n<p>Primerjava pogovorov o agrikulturi.<\/p>\n<p>[\/et_pb_blurb][\/et_pb_column][et_pb_column type=&#8221;2_3&#8243; specialty_columns=&#8221;2&#8243; _builder_version=&#8221;4.16&#8243; custom_padding=&#8221;|||&#8221; global_colors_info=&#8221;{}&#8221; parallax__hover=&#8221;off&#8221; parallax_method__hover=&#8221;on&#8221; custom_padding__hover=&#8221;|||&#8221;][et_pb_row_inner use_custom_gutter=&#8221;on&#8221; gutter_width=&#8221;1&#8243; _builder_version=&#8221;4.19.5&#8243; width=&#8221;100%&#8221; custom_margin=&#8221;|106px||||&#8221; custom_padding=&#8221;0px|0px|0px|0px&#8221; animation_style=&#8221;zoom&#8221; animation_intensity_zoom=&#8221;6%&#8221; box_shadow_style=&#8221;preset1&#8243; box_shadow_vertical=&#8221;10px&#8221; box_shadow_blur=&#8221;60px&#8221; box_shadow_color=&#8221;rgba(71,74,182,0.12)&#8221; global_colors_info=&#8221;{}&#8221;][et_pb_column_inner saved_specialty_column_type=&#8221;2_3&#8243; module_class=&#8221;et_pb_column_1_2&#8243; _builder_version=&#8221;4.16&#8243; custom_padding=&#8221;|||&#8221; global_colors_info=&#8221;{}&#8221; parallax__hover=&#8221;off&#8221; parallax_method__hover=&#8221;on&#8221; module_class__hover=&#8221;et_pb_column_1_2&#8243; custom_padding__hover=&#8221;|||&#8221;][et_pb_blurb title=&#8221;1. Kmetijstvo in KG&#8221; url=&#8221;https:\/\/circle2learning.eu\/si\/agriculture-and-ce\/&#8221; image=&#8221;https:\/\/circle2learning.eu\/si\/wp-content\/uploads\/2023\/07\/agriculture.png&#8221; icon_placement=&#8221;left&#8221; image_icon_width=&#8221;64px&#8221; content_max_width=&#8221;1100px&#8221; _builder_version=&#8221;4.21.0&#8243; _module_preset=&#8221;_initial&#8221; header_font=&#8221;|on|||&#8221; header_text_color=&#8221;#2e2545&#8243; header_line_height=&#8221;1.5em&#8221; body_line_height=&#8221;1.9em&#8221; background_color=&#8221;#ffffff&#8221; width=&#8221;100%&#8221; custom_margin=&#8221;|||&#8221; custom_padding=&#8221;30px|30px|30px|30px&#8221; animation_style=&#8221;zoom&#8221; animation_direction=&#8221;bottom&#8221; animation_intensity_zoom=&#8221;20%&#8221; animation_starting_opacity=&#8221;100%&#8221; link_option_url=&#8221;https:\/\/circle2learning.eu\/si\/agriculture-and-ce\/&#8221; box_shadow_style=&#8221;preset7&#8243; box_shadow_horizontal=&#8221;-1px&#8221; box_shadow_vertical=&#8221;-1px&#8221; box_shadow_color=&#8221;rgba(71,74,182,0.12)&#8221; image_max_width=&#8221;64px&#8221; locked=&#8221;off&#8221; global_colors_info=&#8221;{}&#8221;]<\/p>\n<p>Kmetijstvo in kro\u017eno gospodarstvo sta medsebojno povezana koncepta, ki imata ogromen potencial za trajnostne kmetijske prakse, gospodarne z viri. To poglavje obravnava kro\u017eno gospodarstvo v kontekstu kmetijstva, si prizadeva za optimizacijo uporabe naravnih virov, zmanj\u0161anje vplivov na okolje in pove\u010danje splo\u0161ne kmetijske produktivnosti.<\/p>\n<p>[\/et_pb_blurb][et_pb_blurb title=&#8221;2. Kmetijstvo in kmetijski vlo\u017eki&#8221; url=&#8221;https:\/\/circle2learning.eu\/si\/agriculture-and-farm-inputs\/&#8221; image=&#8221;https:\/\/circle2learning.eu\/si\/wp-content\/uploads\/2023\/07\/agriculture-1.png&#8221; icon_placement=&#8221;left&#8221; image_icon_width=&#8221;64px&#8221; content_max_width=&#8221;1100px&#8221; _builder_version=&#8221;4.27.0&#8243; header_font=&#8221;|on|||&#8221; header_text_color=&#8221;#2e2545&#8243; header_line_height=&#8221;1.5em&#8221; body_text_color=&#8221;#8585bd&#8221; body_line_height=&#8221;1.9em&#8221; background_color=&#8221;#ffffff&#8221; width=&#8221;100%&#8221; custom_margin=&#8221;|||&#8221; custom_padding=&#8221;30px|30px|30px|30px&#8221; animation_style=&#8221;zoom&#8221; animation_direction=&#8221;bottom&#8221; animation_intensity_zoom=&#8221;20%&#8221; animation_starting_opacity=&#8221;100%&#8221; link_option_url=&#8221;https:\/\/circle2learning.eu\/si\/agriculture-and-farm-inputs\/&#8221; box_shadow_style=&#8221;preset7&#8243; box_shadow_horizontal=&#8221;-1px&#8221; box_shadow_vertical=&#8221;-1px&#8221; box_shadow_color=&#8221;rgba(71,74,182,0.12)&#8221; image_max_width=&#8221;64px&#8221; locked=&#8221;off&#8221; global_colors_info=&#8221;{}&#8221;]<\/p>\n<p><span style=\"color: #000000;\">Kro\u017eno gospodarstvo v kmetijstvu in na podro\u010dju kmetijskih vlo\u017ekov predstavlja transformativni pristop, katerega cilj je, da bi kmetijske prakse postale bolj trajnostne, u\u010dinkovite z viri in okolju prijazne. Poglavje se osredoto\u010da na trajnostno oskrbo, natan\u010dno kmetijstvo in \u0161e veliko ve\u010d. Sprejemanje kro\u017enega pristopa je bistvenega pomena za oblikovanje odpornega, trajnostnega in regenerativnega kmetijskega sistema, ki zadovoljuje potrebe sedanjosti, ne da bi pri tem ogro\u017eal sposobnost prihodnjih generacij, da zadovoljijo svoje potrebe.<\/span><\/p>\n<p>[\/et_pb_blurb][et_pb_blurb title=&#8221;3. Izogibanje nastajanju \u017eivilskih odpadkov &#8211; faza proizvodnje&#8221; url=&#8221;https:\/\/circle2learning.eu\/si\/agriculture-and-production\/&#8221; image=&#8221;https:\/\/circle2learning.eu\/si\/wp-content\/uploads\/2023\/07\/food-waste.png&#8221; icon_placement=&#8221;left&#8221; image_icon_width=&#8221;64px&#8221; content_max_width=&#8221;1100px&#8221; _builder_version=&#8221;4.21.0&#8243; header_font=&#8221;|on|||&#8221; header_text_color=&#8221;#2e2545&#8243; header_line_height=&#8221;1.5em&#8221; body_text_color=&#8221;#8585bd&#8221; body_line_height=&#8221;1.9em&#8221; background_color=&#8221;#ffffff&#8221; custom_margin=&#8221;|||&#8221; custom_padding=&#8221;30px|30px|30px|30px&#8221; animation_style=&#8221;zoom&#8221; animation_direction=&#8221;bottom&#8221; animation_intensity_zoom=&#8221;20%&#8221; animation_starting_opacity=&#8221;100%&#8221; link_option_url=&#8221;https:\/\/circle2learning.eu\/si\/agriculture-and-production\/&#8221; box_shadow_style=&#8221;preset7&#8243; box_shadow_horizontal=&#8221;-1px&#8221; box_shadow_vertical=&#8221;-1px&#8221; box_shadow_color=&#8221;rgba(71,74,182,0.12)&#8221; image_max_width=&#8221;64px&#8221; locked=&#8221;off&#8221; global_colors_info=&#8221;{}&#8221;]<\/p>\n<p><span style=\"color: #000000;\">Prepre\u010devanje nastajanja \u017eivilskih odpadkov v fazi proizvodnje je klju\u010dni vidik re\u0161evanja svetovnega izziva zavr\u017eene hrane. Nana\u0161a se na proaktivne ukrepe, ki jih sprejmejo proizvajalci, kmetje in kmetijska industrija, da bi zmanj\u0161ali izgube in odpadke hrane v razli\u010dnih fazah proizvodnje. To poglavje zajema strategije za prepre\u010devanje nastajanja \u017eivilskih odpadkov v fazi pridelave.<\/span><\/p>\n<p>[\/et_pb_blurb][et_pb_blurb title=&#8221;4. Ne-naravni odpadki hrane v kmetijstvu&#8221; url=&#8221;https:\/\/circle2learning.eu\/si\/agriculture-and-non-natural-waste\/&#8221; image=&#8221;https:\/\/circle2learning.eu\/si\/wp-content\/uploads\/2023\/07\/garbage.png&#8221; icon_placement=&#8221;left&#8221; image_icon_width=&#8221;64px&#8221; content_max_width=&#8221;1100px&#8221; _builder_version=&#8221;4.21.0&#8243; header_font=&#8221;|on|||&#8221; header_text_color=&#8221;#2e2545&#8243; header_line_height=&#8221;1.5em&#8221; body_text_color=&#8221;#8585bd&#8221; body_line_height=&#8221;1.9em&#8221; background_color=&#8221;#ffffff&#8221; custom_margin=&#8221;|||&#8221; custom_padding=&#8221;30px|30px|30px|30px&#8221; animation_style=&#8221;zoom&#8221; animation_direction=&#8221;bottom&#8221; animation_intensity_zoom=&#8221;20%&#8221; animation_starting_opacity=&#8221;100%&#8221; link_option_url=&#8221;https:\/\/circle2learning.eu\/si\/agriculture-and-non-natural-waste\/&#8221; box_shadow_style=&#8221;preset7&#8243; box_shadow_horizontal=&#8221;-1px&#8221; box_shadow_vertical=&#8221;-1px&#8221; box_shadow_color=&#8221;rgba(71,74,182,0.12)&#8221; image_max_width=&#8221;64px&#8221; locked=&#8221;off&#8221; global_colors_info=&#8221;{}&#8221;]<\/p>\n<p><span style=\"color: #000000;\">To poglavje obravnava odpadno hrano v kmetijstvu, ki ni naravna. Ta vrsta \u017eivilskih odpadkov se pojavlja v vseh fazah pridelave, ravnanja in distribucije v kmetijstvu ter ima lahko pomembne dru\u017ebene, gospodarske in okoljske posledice. Z zmanj\u0161anjem koli\u010dine odpadne hrane v kmetijstvu, lahko zagotovimo bolj\u0161o izkori\u0161\u010denost virov, pove\u010damo varnost preskrbe s hrano ter zmanj\u0161amo vpliv na okolje, povezan s proizvodnjo in odstranjevanjem hrane.<\/span><\/p>\n<p>[\/et_pb_blurb][et_pb_blurb title=&#8221;5. Dodajanje vrednosti organskim odpadkom&#8221; url=&#8221;https:\/\/circle2learning.eu\/si\/agriculture-value-from-organic-wastes\/&#8221; image=&#8221;https:\/\/circle2learning.eu\/si\/wp-content\/uploads\/2023\/07\/fertilizer.png&#8221; icon_placement=&#8221;left&#8221; image_icon_width=&#8221;64px&#8221; content_max_width=&#8221;1100px&#8221; _builder_version=&#8221;4.21.0&#8243; header_font=&#8221;|on|||&#8221; header_text_color=&#8221;#2e2545&#8243; header_line_height=&#8221;1.5em&#8221; body_text_color=&#8221;#8585bd&#8221; body_line_height=&#8221;1.9em&#8221; background_color=&#8221;#ffffff&#8221; custom_margin=&#8221;|||&#8221; custom_padding=&#8221;30px|30px|30px|30px&#8221; animation_style=&#8221;zoom&#8221; animation_direction=&#8221;bottom&#8221; animation_intensity_zoom=&#8221;20%&#8221; animation_starting_opacity=&#8221;100%&#8221; link_option_url=&#8221;https:\/\/circle2learning.eu\/si\/agriculture-value-from-organic-wastes\/&#8221; box_shadow_style=&#8221;preset7&#8243; box_shadow_horizontal=&#8221;-1px&#8221; box_shadow_vertical=&#8221;-1px&#8221; box_shadow_color=&#8221;rgba(71,74,182,0.12)&#8221; image_max_width=&#8221;64px&#8221; locked=&#8221;off&#8221; global_colors_info=&#8221;{}&#8221;]<\/p>\n<p><span style=\"color: #000000;\">Dodajanje vrednosti organskim odpadkom je trajnostni in inovativni pristop, ki odpadke spremeni v dragocen vir. Organske odpadke, kot so ostanki hrane, kmetijski ostanki in zeleni odpadki, je mogo\u010de preoblikovati z razli\u010dnimi procesi, da bi ustvarili uporabne izdelke, pridobili energijo in prispevali h kro\u017enemu gospodarstvu.<\/span><\/p>\n<p>[\/et_pb_blurb][et_pb_blurb title=&#8221;6. Ogljik in kmetijski sektor&#8221; url=&#8221;https:\/\/circle2learning.eu\/si\/agriculture-and-carbon\/&#8221; image=&#8221;https:\/\/circle2learning.eu\/si\/wp-content\/uploads\/2023\/07\/co2.png&#8221; icon_placement=&#8221;left&#8221; image_icon_width=&#8221;64px&#8221; content_max_width=&#8221;1100px&#8221; _builder_version=&#8221;4.21.0&#8243; header_font=&#8221;|on|||&#8221; header_text_color=&#8221;#2e2545&#8243; header_line_height=&#8221;1.5em&#8221; body_text_color=&#8221;#8585bd&#8221; body_line_height=&#8221;1.9em&#8221; background_color=&#8221;#ffffff&#8221; custom_margin=&#8221;|||&#8221; custom_padding=&#8221;30px|30px|30px|30px&#8221; animation_style=&#8221;zoom&#8221; animation_direction=&#8221;bottom&#8221; animation_intensity_zoom=&#8221;20%&#8221; animation_starting_opacity=&#8221;100%&#8221; link_option_url=&#8221;https:\/\/circle2learning.eu\/si\/agriculture-and-carbon\/&#8221; box_shadow_style=&#8221;preset7&#8243; box_shadow_horizontal=&#8221;-1px&#8221; box_shadow_vertical=&#8221;-1px&#8221; box_shadow_color=&#8221;rgba(71,74,182,0.12)&#8221; image_max_width=&#8221;64px&#8221; locked=&#8221;off&#8221; global_colors_info=&#8221;{}&#8221;]<\/p>\n<p><span style=\"color: #000000;\">Med ogljikom in kmetijskim sektorjem je zapletena medsebojna povezava. Kmetijstvo ima pomembno vlogo tako pri prispevanju k emisijam ogljika, kot tudi pri njihovem zmanj\u0161evanju, zato je klju\u010dni akter v boju proti podnebnim spremembam. Z uveljavljanjem podnebno pametnega kmetijstva in sprejemanjem praks, ki so prijazne do ogljika, lahko ta sektor pomembno prispeva k svetovnim prizadevanjem za boj proti podnebnim spremembam, hkrati pa zagotavlja varnost preskrbe s hrano in trajnostni razvoj.<\/span><\/p>\n<p>[\/et_pb_blurb][\/et_pb_column_inner][\/et_pb_row_inner][\/et_pb_column][\/et_pb_section]<\/p>\n","protected":false},"excerpt":{"rendered":"<p>Kmetijstvo ima klju\u010dno vlogo v evropskem gospodarstvu, prehranski varnosti in razvoju pode\u017eelja. Z vklju\u010devanjem na\u010del kro\u017enega gospodarstva \u017eeli kmetijski sektor v Evropi preiti na bolj trajnosten in z viri u\u010dinkovit sistem. Ta razdelek vsebuje gradivo za usposabljanje o vklju\u010devanju kmetijstva in kro\u017enega gospodarstva.Enote te\u010daja o kro\u017enem gospodarstvu v kmetijstvuKmetijski sektor zaposluje \u0161iroko paleto ljudi z [&hellip;]<\/p>\n","protected":false},"author":4,"featured_media":0,"parent":0,"menu_order":0,"comment_status":"closed","ping_status":"closed","template":"","meta":{"_et_pb_use_builder":"on","_et_pb_old_content":"","_et_gb_content_width":"","footnotes":""},"class_list":["post-438","page","type-page","status-publish","hentry"],"_links":{"self":[{"href":"https:\/\/circle2learning.eu\/si\/wp-json\/wp\/v2\/pages\/438","targetHints":{"allow":["GET"]}}],"collection":[{"href":"https:\/\/circle2learning.eu\/si\/wp-json\/wp\/v2\/pages"}],"about":[{"href":"https:\/\/circle2learning.eu\/si\/wp-json\/wp\/v2\/types\/page"}],"author":[{"embeddable":true,"href":"https:\/\/circle2learning.eu\/si\/wp-json\/wp\/v2\/users\/4"}],"replies":[{"embeddable":true,"href":"https:\/\/circle2learning.eu\/si\/wp-json\/wp\/v2\/comments?post=438"}],"version-history":[{"count":26,"href":"https:\/\/circle2learning.eu\/si\/wp-json\/wp\/v2\/pages\/438\/revisions"}],"predecessor-version":[{"id":1395,"href":"https:\/\/circle2learning.eu\/si\/wp-json\/wp\/v2\/pages\/438\/revisions\/1395"}],"wp:attachment":[{"href":"https:\/\/circle2learning.eu\/si\/wp-json\/wp\/v2\/media?parent=438"}],"curies":[{"name":"wp","href":"https:\/\/api.w.org\/{rel}","templated":true}]}}