{"id":561,"date":"2023-07-04T07:53:03","date_gmt":"2023-07-04T07:53:03","guid":{"rendered":"https:\/\/circle2learning.eu\/si\/?page_id=561"},"modified":"2025-01-15T18:54:41","modified_gmt":"2025-01-15T18:54:41","slug":"tourism-resource-pack-2","status":"publish","type":"page","link":"https:\/\/circle2learning.eu\/si\/tourism-resource-pack-2\/","title":{"rendered":"Tourism Resource Pack 2"},"content":{"rendered":"<p>[et_pb_section fb_built=&#8221;1&#8243; _builder_version=&#8221;4.21.0&#8243; _module_preset=&#8221;default&#8221; global_colors_info=&#8221;{}&#8221;][et_pb_row _builder_version=&#8221;4.21.0&#8243; _module_preset=&#8221;default&#8221; global_colors_info=&#8221;{}&#8221;][et_pb_column type=&#8221;4_4&#8243; _builder_version=&#8221;4.21.0&#8243; _module_preset=&#8221;default&#8221; global_colors_info=&#8221;{}&#8221;][et_pb_text _builder_version=&#8221;4.22.0&#8243; _module_preset=&#8221;default&#8221; custom_padding=&#8221;0px|||||&#8221; global_colors_info=&#8221;{}&#8221;]<\/p>\n<h2><strong>Paket virov za turizem 2<br \/><\/strong><\/h2>\n<p>[\/et_pb_text][et_pb_button button_url=&#8221;https:\/\/circle2learning.eu\/si\/wp-content\/uploads\/2025\/01\/Tourism-SI-RP2.zip&#8221; url_new_window=&#8221;on&#8221; button_text=&#8221;Prenesite paket virov za turizem 2&#8243; button_alignment=&#8221;center&#8221; _builder_version=&#8221;4.27.4&#8243; _module_preset=&#8221;default&#8221; hover_enabled=&#8221;0&#8243; custom_css_before=&#8221;et-download-button&#8221; global_colors_info=&#8221;{}&#8221; sticky_enabled=&#8221;0&#8243;][\/et_pb_button][\/et_pb_column][\/et_pb_row][et_pb_row column_structure=&#8221;1_3,2_3&#8243; _builder_version=&#8221;4.21.0&#8243; _module_preset=&#8221;default&#8221; global_colors_info=&#8221;{}&#8221;][et_pb_column type=&#8221;1_3&#8243; _builder_version=&#8221;4.21.0&#8243; _module_preset=&#8221;default&#8221; global_colors_info=&#8221;{}&#8221;][et_pb_image src=&#8221;https:\/\/circle2learning.eu\/wp-content\/uploads\/2024\/04\/Small-image.png&#8221; title_text=&#8221;Resource Pack 2-1&#8243; _builder_version=&#8221;4.27.4&#8243; _module_preset=&#8221;default&#8221; hover_enabled=&#8221;0&#8243; global_colors_info=&#8221;{}&#8221; sticky_enabled=&#8221;0&#8243;][\/et_pb_image][\/et_pb_column][et_pb_column type=&#8221;2_3&#8243; _builder_version=&#8221;4.21.0&#8243; _module_preset=&#8221;default&#8221; global_colors_info=&#8221;{}&#8221;][et_pb_text _builder_version=&#8221;4.22.0&#8243; _module_preset=&#8221;default&#8221; custom_padding=&#8221;0px|||||&#8221; global_colors_info=&#8221;{}&#8221;]<\/p>\n<h4><strong>CIRCLE Vaja za analizo polja sil<br \/><\/strong><\/h4>\n<p>Pri okoljskih izbolj\u0161avah na delovnem mestu boste naleteli na odpor. Pri tej vaji so uporabljena na\u010dela prvega Newtonovega zakona, ki pravi, da predmet ostane v nekem polo\u017eaju, razen \u010de nanj delujejo neuravnote\u017eene sile. V kro\u017enem gospodarstvu obstajajo sile, kot so predpisi ali cilji recikliranja, ki spodbujajo kro\u017eno agendo, medtem ko obstajajo odporne sile, ki prepre\u010dujejo gibanje. Pri raziskovanju teh sil sodelujte v skupini.<\/p>\n<p>[\/et_pb_text][\/et_pb_column][\/et_pb_row][et_pb_row column_structure=&#8221;1_3,2_3&#8243; _builder_version=&#8221;4.21.0&#8243; _module_preset=&#8221;default&#8221; global_colors_info=&#8221;{}&#8221;][et_pb_column type=&#8221;1_3&#8243; _builder_version=&#8221;4.21.0&#8243; _module_preset=&#8221;default&#8221; global_colors_info=&#8221;{}&#8221;][et_pb_image src=&#8221;https:\/\/circle2learning.eu\/si\/wp-content\/uploads\/2023\/07\/Resource-Pack-2-1.png&#8221; title_text=&#8221;Resource Pack 2-1&#8243; _builder_version=&#8221;4.21.0&#8243; _module_preset=&#8221;default&#8221; global_colors_info=&#8221;{}&#8221;][\/et_pb_image][\/et_pb_column][et_pb_column type=&#8221;2_3&#8243; _builder_version=&#8221;4.21.0&#8243; _module_preset=&#8221;default&#8221; global_colors_info=&#8221;{}&#8221;][et_pb_text _builder_version=&#8221;4.22.0&#8243; _module_preset=&#8221;default&#8221; custom_padding=&#8221;0px|||||&#8221; global_colors_info=&#8221;{}&#8221;]<\/p>\n<h4><strong>CIRCLE Vaja za analizo polja sil<br \/><\/strong><\/h4>\n<p>Pri okoljskih izbolj\u0161avah na delovnem mestu boste naleteli na odpor. Pri tej vaji so uporabljena na\u010dela prvega Newtonovega zakona, ki pravi, da predmet ostane v nekem polo\u017eaju, razen \u010de nanj delujejo neuravnote\u017eene sile. V kro\u017enem gospodarstvu obstajajo sile, kot so predpisi ali cilji recikliranja, ki spodbujajo kro\u017eno agendo, medtem ko obstajajo odporne sile, ki prepre\u010dujejo gibanje. Pri raziskovanju teh sil sodelujte v skupini.<\/p>\n<p>[\/et_pb_text][\/et_pb_column][\/et_pb_row][et_pb_row column_structure=&#8221;1_3,2_3&#8243; _builder_version=&#8221;4.21.0&#8243; _module_preset=&#8221;default&#8221; global_colors_info=&#8221;{}&#8221;][et_pb_column type=&#8221;1_3&#8243; _builder_version=&#8221;4.21.0&#8243; _module_preset=&#8221;default&#8221; global_colors_info=&#8221;{}&#8221;][et_pb_image src=&#8221;https:\/\/circle2learning.eu\/si\/wp-content\/uploads\/2023\/07\/Resource-Pack-2-2.png&#8221; title_text=&#8221;Resource Pack 2-2&#8243; _builder_version=&#8221;4.21.0&#8243; _module_preset=&#8221;default&#8221; global_colors_info=&#8221;{}&#8221;][\/et_pb_image][\/et_pb_column][et_pb_column type=&#8221;2_3&#8243; _builder_version=&#8221;4.21.0&#8243; _module_preset=&#8221;default&#8221; global_colors_info=&#8221;{}&#8221;][et_pb_text _builder_version=&#8221;4.21.0&#8243; _module_preset=&#8221;default&#8221; custom_padding=&#8221;4px|||||&#8221; global_colors_info=&#8221;{}&#8221;]<\/p>\n<h4><strong>CIRCLE Hrana in njen vpliv na okolje<\/strong><\/h4>\n<p>Obstaja mo\u010dna povezava med hrano kot porabljenim virom in njenim oglji\u010dnim vplivom. Le redki razumejo to razmerje, ali pa vedo, katera \u017eivila so bolj koristna za okolje. V manj\u0161i skupini razi\u0161\u010dite oglji\u010dni vpliv razli\u010dnih jedi, ki jih lahko najdete v restavraciji, in ugotovite, katere spremembe lahko uvedete, da se zmanj\u0161a njihov oglji\u010dni vpliv.<\/p>\n<p>[\/et_pb_text][\/et_pb_column][\/et_pb_row][\/et_pb_section]<\/p>\n","protected":false},"excerpt":{"rendered":"<p>Paket virov za turizem 2CIRCLE Vaja za analizo polja sil Pri okoljskih izbolj\u0161avah na delovnem mestu boste naleteli na odpor. Pri tej vaji so uporabljena na\u010dela prvega Newtonovega zakona, ki pravi, da predmet ostane v nekem polo\u017eaju, razen \u010de nanj delujejo neuravnote\u017eene sile. V kro\u017enem gospodarstvu obstajajo sile, kot so predpisi ali cilji recikliranja, ki [&hellip;]<\/p>\n","protected":false},"author":2,"featured_media":0,"parent":0,"menu_order":0,"comment_status":"closed","ping_status":"closed","template":"","meta":{"_et_pb_use_builder":"on","_et_pb_old_content":"","_et_gb_content_width":"","footnotes":""},"class_list":["post-561","page","type-page","status-publish","hentry"],"_links":{"self":[{"href":"https:\/\/circle2learning.eu\/si\/wp-json\/wp\/v2\/pages\/561","targetHints":{"allow":["GET"]}}],"collection":[{"href":"https:\/\/circle2learning.eu\/si\/wp-json\/wp\/v2\/pages"}],"about":[{"href":"https:\/\/circle2learning.eu\/si\/wp-json\/wp\/v2\/types\/page"}],"author":[{"embeddable":true,"href":"https:\/\/circle2learning.eu\/si\/wp-json\/wp\/v2\/users\/2"}],"replies":[{"embeddable":true,"href":"https:\/\/circle2learning.eu\/si\/wp-json\/wp\/v2\/comments?post=561"}],"version-history":[{"count":10,"href":"https:\/\/circle2learning.eu\/si\/wp-json\/wp\/v2\/pages\/561\/revisions"}],"predecessor-version":[{"id":1153,"href":"https:\/\/circle2learning.eu\/si\/wp-json\/wp\/v2\/pages\/561\/revisions\/1153"}],"wp:attachment":[{"href":"https:\/\/circle2learning.eu\/si\/wp-json\/wp\/v2\/media?parent=561"}],"curies":[{"name":"wp","href":"https:\/\/api.w.org\/{rel}","templated":true}]}}