{"id":584,"date":"2023-07-04T10:26:39","date_gmt":"2023-07-04T10:26:39","guid":{"rendered":"https:\/\/circle2learning.eu\/si\/?page_id=584"},"modified":"2025-01-13T18:32:43","modified_gmt":"2025-01-13T18:32:43","slug":"transport-resource-pack-1","status":"publish","type":"page","link":"https:\/\/circle2learning.eu\/si\/transport-resource-pack-1\/","title":{"rendered":"Transport Resource Pack 1"},"content":{"rendered":"<p>[et_pb_section fb_built=&#8221;1&#8243; _builder_version=&#8221;4.21.0&#8243; _module_preset=&#8221;default&#8221; custom_padding=&#8221;||13px|||&#8221; locked=&#8221;off&#8221; global_colors_info=&#8221;{}&#8221;][et_pb_row column_structure=&#8221;1_2,1_2&#8243; _builder_version=&#8221;4.27.3&#8243; _module_preset=&#8221;default&#8221; global_colors_info=&#8221;{}&#8221;][et_pb_column type=&#8221;1_2&#8243; _builder_version=&#8221;4.27.3&#8243; _module_preset=&#8221;default&#8221; global_colors_info=&#8221;{}&#8221;][et_pb_text _builder_version=&#8221;4.27.4&#8243; _module_preset=&#8221;default&#8221; global_colors_info=&#8221;{}&#8221;]<\/p>\n<h2><strong>Paket virov transport 1<\/strong><\/h2>\n<p>[\/et_pb_text][\/et_pb_column][et_pb_column type=&#8221;1_2&#8243; _builder_version=&#8221;4.27.3&#8243; _module_preset=&#8221;default&#8221; global_colors_info=&#8221;{}&#8221;][\/et_pb_column][\/et_pb_row][et_pb_row column_structure=&#8221;1_2,1_2&#8243; _builder_version=&#8221;4.27.3&#8243; _module_preset=&#8221;default&#8221; global_colors_info=&#8221;{}&#8221;][et_pb_column type=&#8221;1_2&#8243; _builder_version=&#8221;4.27.3&#8243; _module_preset=&#8221;default&#8221; global_colors_info=&#8221;{}&#8221;][et_pb_button button_url=&#8221;https:\/\/circle2learning.eu\/si\/wp-content\/uploads\/2025\/01\/Transport-SI-RP1.zip&#8221; url_new_window=&#8221;on&#8221; button_text=&#8221;Prenesite paket virov za transport 1&#8243; button_alignment=&#8221;center&#8221; _builder_version=&#8221;4.27.4&#8243; _module_preset=&#8221;default&#8221; z_index=&#8221;0&#8243; hover_enabled=&#8221;0&#8243; custom_css_before=&#8221;et-download-button&#8221; locked=&#8221;off&#8221; global_colors_info=&#8221;{}&#8221; sticky_enabled=&#8221;0&#8243;][\/et_pb_button][\/et_pb_column][et_pb_column type=&#8221;1_2&#8243; _builder_version=&#8221;4.27.3&#8243; _module_preset=&#8221;default&#8221; global_colors_info=&#8221;{}&#8221;][\/et_pb_column][\/et_pb_row][et_pb_row column_structure=&#8221;1_2,1_2&#8243; module_class=&#8221;freightcalculator&#8221; _builder_version=&#8221;4.27.2&#8243; _module_preset=&#8221;default&#8221; min_height=&#8221;319.6px&#8221; custom_margin=&#8221;-2px|auto||auto||&#8221; custom_padding=&#8221;||15px|||&#8221; global_colors_info=&#8221;{}&#8221;][et_pb_column type=&#8221;1_2&#8243; _builder_version=&#8221;4.22.0&#8243; _module_preset=&#8221;default&#8221; global_colors_info=&#8221;{}&#8221;][et_pb_image src=&#8221;https:\/\/circle2learning.eu\/wp-content\/uploads\/2024\/04\/Image-of-EU-Annual-Car-Cost-Tool.png&#8221; title_text=&#8221;Image of EU Annual Car Cost Tool&#8221; _builder_version=&#8221;4.22.0&#8243; _module_preset=&#8221;default&#8221; width=&#8221;83%&#8221; min_height=&#8221;260.6px&#8221; height=&#8221;152px&#8221; global_colors_info=&#8221;{}&#8221;][\/et_pb_image][\/et_pb_column][et_pb_column type=&#8221;1_2&#8243; _builder_version=&#8221;4.22.0&#8243; _module_preset=&#8221;default&#8221; global_colors_info=&#8221;{}&#8221;][et_pb_text _builder_version=&#8221;4.22.0&#8243; _module_preset=&#8221;default&#8221; custom_padding=&#8221;||0px|0px||&#8221; global_colors_info=&#8221;{}&#8221;]<\/p>\n<h4><strong>Letni stro\u0161ki avtomobila v EU<\/strong><\/h4>\n<p>To orodje, ki temelji na programu MS Excel, omogo\u010da pregled finan\u010dnih in okoljskih stro\u0161kov razli\u010dnih vrst avtomobilov. S tem orodjem lahko na podlagi povpre\u010dnih vrednosti v EU ocenite finan\u010dni in okoljski vpliv svojega avtomobila.<\/p>\n<p>[\/et_pb_text][\/et_pb_column][\/et_pb_row][et_pb_row column_structure=&#8221;1_2,1_2&#8243; _builder_version=&#8221;4.27.3&#8243; _module_preset=&#8221;default&#8221; global_colors_info=&#8221;{}&#8221;][et_pb_column type=&#8221;1_2&#8243; _builder_version=&#8221;4.27.3&#8243; _module_preset=&#8221;default&#8221; global_colors_info=&#8221;{}&#8221;][et_pb_image src=&#8221;https:\/\/circle2learning.eu\/wp-content\/uploads\/2024\/11\/Transport-RP1-2-image.png&#8221; title_text=&#8221;Transport RP1-2 image&#8221; _builder_version=&#8221;4.27.3&#8243; _module_preset=&#8221;default&#8221; global_colors_info=&#8221;{}&#8221;][\/et_pb_image][\/et_pb_column][et_pb_column type=&#8221;1_2&#8243; _builder_version=&#8221;4.27.3&#8243; _module_preset=&#8221;default&#8221; global_colors_info=&#8221;{}&#8221;][et_pb_text _builder_version=&#8221;4.27.4&#8243; _module_preset=&#8221;default&#8221; global_colors_info=&#8221;{}&#8221;]<\/p>\n<h4 style=\"padding-left: 40px;\"><strong>Stro\u0161ki javnega prevoza<\/strong><\/h4>\n<p>Bolj kro\u017eni pristop vklju\u010duje ve\u010djo uporabo javnega prevoza za premikanje ljudi. Koliko stane uporaba razli\u010dnih modelov prevoza v Evropi?<\/p>\n<p>[\/et_pb_text][\/et_pb_column][\/et_pb_row][et_pb_row column_structure=&#8221;1_2,1_2&#8243; module_class=&#8221;freightcalculator&#8221; _builder_version=&#8221;4.27.2&#8243; _module_preset=&#8221;default&#8221; min_height=&#8221;319.6px&#8221; custom_margin=&#8221;-2px|auto||auto||&#8221; custom_padding=&#8221;||15px|||&#8221; link_option_url_new_window=&#8221;on&#8221; custom_css_free_form=&#8221;.freightcalculator {||  transition: all 0.3s ease-in-out;||}||||.freightcalculator:hover {||  transform: scale(1.01);||}&#8221; global_colors_info=&#8221;{}&#8221;][et_pb_column type=&#8221;1_2&#8243; _builder_version=&#8221;4.22.0&#8243; _module_preset=&#8221;default&#8221; global_colors_info=&#8221;{}&#8221;][et_pb_image src=&#8221;https:\/\/circle2learning.eu\/wp-content\/uploads\/2024\/06\/Screenshot-2024-06-20-104606.png&#8221; alt=&#8221;Freight Calculator&#8221; title_text=&#8221;Freight Calculator&#8221; url=&#8221;https:\/\/circle2learning.eu\/freight-calculator\/&#8221; url_new_window=&#8221;on&#8221; _builder_version=&#8221;4.25.2&#8243; _module_preset=&#8221;default&#8221; width=&#8221;100%&#8221; max_width=&#8221;80%&#8221; min_height=&#8221;100%&#8221; height=&#8221;100%&#8221; global_colors_info=&#8221;{}&#8221;][\/et_pb_image][\/et_pb_column][et_pb_column type=&#8221;1_2&#8243; _builder_version=&#8221;4.22.0&#8243; _module_preset=&#8221;default&#8221; global_colors_info=&#8221;{}&#8221;][et_pb_text _builder_version=&#8221;4.27.0&#8243; _module_preset=&#8221;default&#8221; custom_padding=&#8221;0px|||24px||&#8221; link_option_url_new_window=&#8221;on&#8221; global_colors_info=&#8221;{}&#8221;]<\/p>\n<h4><strong>Tovorni kalkulator<\/strong><\/h4>\n<p data-sourcepos=\"3:1-3:47\"><strong>Ocenite stro\u0161ke po\u0161iljanja<\/strong><\/p>\n<p data-sourcepos=\"5:1-5:19\"><span>To orodje vam pomaga izra\u010dunati predvidene stro\u0161ke prevoza za va\u0161o po\u0161iljko ob upo\u0161tevanju cene goriva, razdalje, te\u017ee tovora in izkoristka goriva.<br \/>Z nadaljevanjem na <a href=\"https:\/\/circle2learning.eu\/si\/freight-calculator\/\"><span style=\"color: #3366ff;\"><strong>to stran<\/strong><\/span><\/a>, lahko orodje uporabljate neposredno na spletu ali ga prenesete v obliki html, cs, javascript ali Excel. Orodju so prilo\u017eena tudi navodila za osnovno in napredno uporabo.<br \/><\/span><\/p>\n<p>[\/et_pb_text][\/et_pb_column][\/et_pb_row][\/et_pb_section]<\/p>\n","protected":false},"excerpt":{"rendered":"<p>Paket virov transport 1Letni stro\u0161ki avtomobila v EU To orodje, ki temelji na programu MS Excel, omogo\u010da pregled finan\u010dnih in okoljskih stro\u0161kov razli\u010dnih vrst avtomobilov. S tem orodjem lahko na podlagi povpre\u010dnih vrednosti v EU ocenite finan\u010dni in okoljski vpliv svojega avtomobila.Stro\u0161ki javnega prevoza Bolj kro\u017eni pristop vklju\u010duje ve\u010djo uporabo javnega prevoza za premikanje ljudi. [&hellip;]<\/p>\n","protected":false},"author":2,"featured_media":0,"parent":0,"menu_order":0,"comment_status":"closed","ping_status":"closed","template":"","meta":{"_et_pb_use_builder":"on","_et_pb_old_content":"","_et_gb_content_width":"","footnotes":""},"class_list":["post-584","page","type-page","status-publish","hentry"],"_links":{"self":[{"href":"https:\/\/circle2learning.eu\/si\/wp-json\/wp\/v2\/pages\/584","targetHints":{"allow":["GET"]}}],"collection":[{"href":"https:\/\/circle2learning.eu\/si\/wp-json\/wp\/v2\/pages"}],"about":[{"href":"https:\/\/circle2learning.eu\/si\/wp-json\/wp\/v2\/types\/page"}],"author":[{"embeddable":true,"href":"https:\/\/circle2learning.eu\/si\/wp-json\/wp\/v2\/users\/2"}],"replies":[{"embeddable":true,"href":"https:\/\/circle2learning.eu\/si\/wp-json\/wp\/v2\/comments?post=584"}],"version-history":[{"count":10,"href":"https:\/\/circle2learning.eu\/si\/wp-json\/wp\/v2\/pages\/584\/revisions"}],"predecessor-version":[{"id":1139,"href":"https:\/\/circle2learning.eu\/si\/wp-json\/wp\/v2\/pages\/584\/revisions\/1139"}],"wp:attachment":[{"href":"https:\/\/circle2learning.eu\/si\/wp-json\/wp\/v2\/media?parent=584"}],"curies":[{"name":"wp","href":"https:\/\/api.w.org\/{rel}","templated":true}]}}