{"id":590,"date":"2023-07-04T10:28:28","date_gmt":"2023-07-04T10:28:28","guid":{"rendered":"https:\/\/circle2learning.eu\/si\/?page_id=590"},"modified":"2025-01-13T10:14:38","modified_gmt":"2025-01-13T10:14:38","slug":"agriculture-resource-pack-1","status":"publish","type":"page","link":"https:\/\/circle2learning.eu\/si\/agriculture-resource-pack-1\/","title":{"rendered":"Agriculture Resource Pack 1"},"content":{"rendered":"<p>[et_pb_section fb_built=&#8221;1&#8243; _builder_version=&#8221;4.21.0&#8243; _module_preset=&#8221;default&#8221; custom_padding=&#8221;||13px|||&#8221; locked=&#8221;off&#8221; global_colors_info=&#8221;{}&#8221;][et_pb_row column_structure=&#8221;1_2,1_2&#8243; _builder_version=&#8221;4.27.3&#8243; _module_preset=&#8221;default&#8221; global_colors_info=&#8221;{}&#8221;][et_pb_column type=&#8221;1_2&#8243; _builder_version=&#8221;4.27.3&#8243; _module_preset=&#8221;default&#8221; global_colors_info=&#8221;{}&#8221;][et_pb_text _builder_version=&#8221;4.27.4&#8243; _module_preset=&#8221;default&#8221; custom_padding=&#8221;1px|||||&#8221; global_colors_info=&#8221;{}&#8221;]<\/p>\n<h2><strong>Paket virov kmetijstvo 1<\/strong><\/h2>\n<p>[\/et_pb_text][\/et_pb_column][et_pb_column type=&#8221;1_2&#8243; _builder_version=&#8221;4.27.3&#8243; _module_preset=&#8221;default&#8221; global_colors_info=&#8221;{}&#8221;][\/et_pb_column][\/et_pb_row][et_pb_row column_structure=&#8221;1_2,1_2&#8243; _builder_version=&#8221;4.27.3&#8243; _module_preset=&#8221;default&#8221; global_colors_info=&#8221;{}&#8221;][et_pb_column type=&#8221;1_2&#8243; _builder_version=&#8221;4.27.3&#8243; _module_preset=&#8221;default&#8221; global_colors_info=&#8221;{}&#8221;][et_pb_button button_url=&#8221;https:\/\/circle2learning.eu\/si\/wp-content\/uploads\/2025\/01\/Agri-SI-RP1.zip&#8221; url_new_window=&#8221;on&#8221; button_text=&#8221;Prenesite paket virov za kmetijstvo 1&#8243; button_alignment=&#8221;center&#8221; _builder_version=&#8221;4.27.4&#8243; _module_preset=&#8221;default&#8221; z_index=&#8221;0&#8243; hover_enabled=&#8221;0&#8243; custom_css_before=&#8221;et-download-button&#8221; locked=&#8221;off&#8221; global_colors_info=&#8221;{}&#8221; sticky_enabled=&#8221;0&#8243;][\/et_pb_button][\/et_pb_column][et_pb_column type=&#8221;1_2&#8243; _builder_version=&#8221;4.27.3&#8243; _module_preset=&#8221;default&#8221; global_colors_info=&#8221;{}&#8221;][\/et_pb_column][\/et_pb_row][et_pb_row column_structure=&#8221;1_2,1_2&#8243; module_class=&#8221;freightcalculator&#8221; _builder_version=&#8221;4.27.2&#8243; _module_preset=&#8221;default&#8221; min_height=&#8221;319.6px&#8221; custom_margin=&#8221;-2px|auto||auto||&#8221; custom_padding=&#8221;||15px|||&#8221; global_colors_info=&#8221;{}&#8221;][et_pb_column type=&#8221;1_2&#8243; _builder_version=&#8221;4.22.0&#8243; _module_preset=&#8221;default&#8221; global_colors_info=&#8221;{}&#8221;][et_pb_image src=&#8221;https:\/\/circle2learning.eu\/wp-content\/uploads\/2024\/12\/Agric-tool-1.png&#8221; title_text=&#8221;Agric tool 1&#8243; _builder_version=&#8221;4.27.4&#8243; _module_preset=&#8221;default&#8221; width=&#8221;83%&#8221; min_height=&#8221;260.6px&#8221; height=&#8221;152px&#8221; global_colors_info=&#8221;{}&#8221;][\/et_pb_image][\/et_pb_column][et_pb_column type=&#8221;1_2&#8243; _builder_version=&#8221;4.22.0&#8243; _module_preset=&#8221;default&#8221; global_colors_info=&#8221;{}&#8221;][et_pb_text _builder_version=&#8221;4.27.4&#8243; _module_preset=&#8221;default&#8221; custom_padding=&#8221;|||0px||&#8221; global_colors_info=&#8221;{}&#8221;]<\/p>\n<h4><strong>Emisije iz kmetijskih dejavnosti<\/strong><\/h4>\n<p>Orodje na podlagi izbora najpogostej\u0161ih kmetijskih dejavnosti izpostavlja najpogostej\u0161e emisije toplogrednih plinov, njihov vpliv in predlaga kro\u017ene re\u0161itve za zmanj\u0161anje njihovega vpliva.<\/p>\n<p>[\/et_pb_text][\/et_pb_column][\/et_pb_row][et_pb_row column_structure=&#8221;1_2,1_2&#8243; _builder_version=&#8221;4.27.3&#8243; _module_preset=&#8221;default&#8221; global_colors_info=&#8221;{}&#8221;][et_pb_column type=&#8221;1_2&#8243; _builder_version=&#8221;4.27.3&#8243; _module_preset=&#8221;default&#8221; global_colors_info=&#8221;{}&#8221;][et_pb_image src=&#8221;https:\/\/circle2learning.eu\/wp-content\/uploads\/2024\/12\/small-steps.png&#8221; title_text=&#8221;small steps&#8221; _builder_version=&#8221;4.27.4&#8243; _module_preset=&#8221;default&#8221; global_colors_info=&#8221;{}&#8221;][\/et_pb_image][\/et_pb_column][et_pb_column type=&#8221;1_2&#8243; _builder_version=&#8221;4.27.3&#8243; _module_preset=&#8221;default&#8221; global_colors_info=&#8221;{}&#8221;][et_pb_text _builder_version=&#8221;4.27.4&#8243; _module_preset=&#8221;default&#8221; global_colors_info=&#8221;{}&#8221;]<\/p>\n<h4><strong>Majhni koraki v trajnostnem kmetijstvu<\/strong><\/h4>\n<p class=\"tw-data-text tw-text-large tw-ta\" data-placeholder=\"Prevod\" id=\"tw-target-text\" data-ved=\"2ahUKEwjty7Dz2uaKAxUSDRAIHUlXOoQQ3ewLegQICBAU\" dir=\"ltr\" aria-label=\"Prevedeno besedilo: Tudi majhni ciljno usmerjeni koraki lahko pripomorejo k izbolj\u0161anju okoljskega vpliva kmetijskih praks.\u00a0 \u010ce vzamemo obi\u010dajno gojene rastline, vaja spodbuja uporabnika, da razmisli o uporabi vode, zastirke in odlo\u010ditvi za kompostiranje vseh odpadkov ali ostankov rastlin.\"><span class=\"Y2IQFc\" lang=\"sl\">Tudi majhni ciljno usmerjeni koraki lahko pripomorejo k izbolj\u0161anju okoljskega vpliva kmetijskih praks.\u00a0 \u010ce vzamemo obi\u010dajno gojene rastline, vaja spodbuja uporabnika, da razmisli o uporabi vode, zastirke in odlo\u010ditvi za kompostiranje vseh odpadkov ali ostankov rastlin.<\/span><\/p>\n<p>[\/et_pb_text][\/et_pb_column][\/et_pb_row][et_pb_row column_structure=&#8221;1_2,1_2&#8243; module_class=&#8221;freightcalculator&#8221; _builder_version=&#8221;4.27.2&#8243; _module_preset=&#8221;default&#8221; min_height=&#8221;319.6px&#8221; custom_margin=&#8221;-2px|auto||auto||&#8221; custom_padding=&#8221;||15px|||&#8221; link_option_url_new_window=&#8221;on&#8221; custom_css_free_form=&#8221;.freightcalculator {||  transition: all 0.3s ease-in-out;||}||||.freightcalculator:hover {||  transform: scale(1.01);||}&#8221; global_colors_info=&#8221;{}&#8221;][et_pb_column type=&#8221;1_2&#8243; _builder_version=&#8221;4.22.0&#8243; _module_preset=&#8221;default&#8221; global_colors_info=&#8221;{}&#8221;][et_pb_image src=&#8221;https:\/\/circle2learning.eu\/wp-content\/uploads\/2024\/12\/cows-forest-scaled.jpeg&#8221; alt=&#8221;Freight Calculator&#8221; title_text=&#8221;Small herd of cows grazing in organic pasture field&#8221; url=&#8221;https:\/\/circle2learning.eu\/freight-calculator\/&#8221; url_new_window=&#8221;on&#8221; _builder_version=&#8221;4.27.4&#8243; _module_preset=&#8221;default&#8221; width=&#8221;100%&#8221; max_width=&#8221;80%&#8221; min_height=&#8221;100%&#8221; height=&#8221;100%&#8221; global_colors_info=&#8221;{}&#8221;][\/et_pb_image][\/et_pb_column][et_pb_column type=&#8221;1_2&#8243; _builder_version=&#8221;4.22.0&#8243; _module_preset=&#8221;default&#8221; global_colors_info=&#8221;{}&#8221;][et_pb_text _builder_version=&#8221;4.27.4&#8243; _module_preset=&#8221;default&#8221; custom_padding=&#8221;|||0px||&#8221; link_option_url_new_window=&#8221;on&#8221; global_colors_info=&#8221;{}&#8221;]<\/p>\n<h4 class=\"tw-data-text tw-text-large tw-ta\" data-placeholder=\"Prevod\" id=\"tw-target-text\" data-ved=\"2ahUKEwjty7Dz2uaKAxUSDRAIHUlXOoQQ3ewLegQICBAU\" dir=\"ltr\" aria-label=\"Prevedeno besedilo: Kalkulator kmetijskih emisij\"><strong><span class=\"Y2IQFc\" lang=\"sl\">Kalkulator kmetijskih emisij<\/span><\/strong><\/h4>\n<p class=\"tw-data-text tw-text-large tw-ta\" data-placeholder=\"Prevod\" id=\"tw-target-text\" data-ved=\"2ahUKEwjty7Dz2uaKAxUSDRAIHUlXOoQQ3ewLegQICBAU\" dir=\"ltr\" aria-label=\"Prevedeno besedilo: \u017divinoreja in gozdarstvo sta dve kmetijski dejavnosti, ki imata lahko precej razli\u010den vpliv na podnebne spremembe.\u00a0 Ta kalkulator emisij iz kmetijstva se osredoto\u010da na ti dve kmetijski dejavnosti in ponuja grobo oceno. \u010ceprav priznava, da je orodje poenostavljen pristop, omogo\u010da izbiro vrste in velikosti \u017eivine ter oceno z njimi povezanih emisij.\u00a0 Tudi izbira razpolo\u017eljivosti zemlje in spremembe v gozdarstvu lahko dolo\u010dijo obseg, do katerega poteka zajemanje ogljika.\"><span class=\"Y2IQFc\" lang=\"sl\">\u017divinoreja in gozdarstvo sta dve kmetijski dejavnosti, ki imata lahko precej razli\u010den vpliv na podnebne spremembe.\u00a0 Ta kalkulator emisij iz kmetijstva se osredoto\u010da na ti dve kmetijski dejavnosti in ponuja grobo oceno. \u010ceprav priznava, da je orodje poenostavljen pristop, omogo\u010da izbiro vrste in velikosti \u017eivine ter oceno z njimi povezanih emisij.\u00a0 Tudi izbira razpolo\u017eljivosti zemlje in spremembe v gozdarstvu lahko dolo\u010dijo obseg, do katerega poteka zajemanje ogljika.<\/span><\/p>\n<p>[\/et_pb_text][\/et_pb_column][\/et_pb_row][\/et_pb_section]<\/p>\n","protected":false},"excerpt":{"rendered":"<p>Paket virov kmetijstvo 1Emisije iz kmetijskih dejavnosti Orodje na podlagi izbora najpogostej\u0161ih kmetijskih dejavnosti izpostavlja najpogostej\u0161e emisije toplogrednih plinov, njihov vpliv in predlaga kro\u017ene re\u0161itve za zmanj\u0161anje njihovega vpliva.Majhni koraki v trajnostnem kmetijstvu Tudi majhni ciljno usmerjeni koraki lahko pripomorejo k izbolj\u0161anju okoljskega vpliva kmetijskih praks.\u00a0 \u010ce vzamemo obi\u010dajno gojene rastline, vaja spodbuja uporabnika, da [&hellip;]<\/p>\n","protected":false},"author":2,"featured_media":0,"parent":0,"menu_order":0,"comment_status":"closed","ping_status":"closed","template":"","meta":{"_et_pb_use_builder":"on","_et_pb_old_content":"","_et_gb_content_width":"","footnotes":""},"class_list":["post-590","page","type-page","status-publish","hentry"],"_links":{"self":[{"href":"https:\/\/circle2learning.eu\/si\/wp-json\/wp\/v2\/pages\/590","targetHints":{"allow":["GET"]}}],"collection":[{"href":"https:\/\/circle2learning.eu\/si\/wp-json\/wp\/v2\/pages"}],"about":[{"href":"https:\/\/circle2learning.eu\/si\/wp-json\/wp\/v2\/types\/page"}],"author":[{"embeddable":true,"href":"https:\/\/circle2learning.eu\/si\/wp-json\/wp\/v2\/users\/2"}],"replies":[{"embeddable":true,"href":"https:\/\/circle2learning.eu\/si\/wp-json\/wp\/v2\/comments?post=590"}],"version-history":[{"count":5,"href":"https:\/\/circle2learning.eu\/si\/wp-json\/wp\/v2\/pages\/590\/revisions"}],"predecessor-version":[{"id":1117,"href":"https:\/\/circle2learning.eu\/si\/wp-json\/wp\/v2\/pages\/590\/revisions\/1117"}],"wp:attachment":[{"href":"https:\/\/circle2learning.eu\/si\/wp-json\/wp\/v2\/media?parent=590"}],"curies":[{"name":"wp","href":"https:\/\/api.w.org\/{rel}","templated":true}]}}