{"id":67,"date":"2023-02-28T17:56:29","date_gmt":"2023-02-28T17:56:29","guid":{"rendered":"https:\/\/circle2learning.eu\/si\/?page_id=67"},"modified":"2025-02-07T14:54:47","modified_gmt":"2025-02-07T14:54:47","slug":"tourism","status":"publish","type":"page","link":"https:\/\/circle2learning.eu\/si\/tourism\/","title":{"rendered":"Tourism"},"content":{"rendered":"<p>[et_pb_section fb_built=&#8221;1&#8243; fullwidth=&#8221;on&#8221; _builder_version=&#8221;4.19.5&#8243; _module_preset=&#8221;default&#8221; global_colors_info=&#8221;{}&#8221;][et_pb_fullwidth_slider _builder_version=&#8221;4.21.0&#8243; _module_preset=&#8221;default&#8221; header_font=&#8221;|600|||||||&#8221; header_letter_spacing=&#8221;1px&#8221; header_line_height=&#8221;1.1em&#8221; body_font=&#8221;|600|||||||&#8221; body_font_size=&#8221;18px&#8221; body_letter_spacing=&#8221;1px&#8221; body_line_height=&#8221;1.8em&#8221; global_colors_info=&#8221;{}&#8221;][et_pb_slide heading=&#8221;Turizem&#8221; image=&#8221;https:\/\/circle2learning.eu\/si\/wp-content\/uploads\/2023\/02\/beach-gd8e66c392_1280.jpg&#8221; _builder_version=&#8221;4.20.4&#8243; _module_preset=&#8221;default&#8221; global_colors_info=&#8221;{}&#8221; sticky_transition=&#8221;on&#8221;]<\/p>\n<p>Turisti\u010dna industrija pomembno prispeva k svetovnemu gospodarstvu, saj ustvarja delovna mesta in dohodek za milijone ljudi po vsem svetu. Prav tako lahko spodbuja medkulturno razumevanje in trajnostni razvoj. V tem poglavju sta obravnavana kro\u017eno gospodarstvo in turizem.<\/p>\n<p>[\/et_pb_slide][\/et_pb_fullwidth_slider][\/et_pb_section][et_pb_section fb_built=&#8221;1&#8243; specialty=&#8221;on&#8221; admin_label=&#8221;All Courses&#8221; _builder_version=&#8221;4.22.0&#8243; custom_padding=&#8221;100px|0px|100px|0px&#8221; global_colors_info=&#8221;{}&#8221;][et_pb_column type=&#8221;1_3&#8243; _builder_version=&#8221;4.16&#8243; custom_padding=&#8221;|||&#8221; global_colors_info=&#8221;{}&#8221; parallax__hover=&#8221;off&#8221; parallax_method__hover=&#8221;on&#8221; custom_padding__hover=&#8221;|||&#8221;][et_pb_text _builder_version=&#8221;4.22.0&#8243; text_text_color=&#8221;#000000&#8243; text_font_size=&#8221;30px&#8221; text_line_height=&#8221;1.8em&#8221; header_font=&#8221;||||||||&#8221; header_2_font=&#8221;|700|||||||&#8221; header_2_font_size=&#8221;36px&#8221; header_2_line_height=&#8221;1.3em&#8221; custom_margin=&#8221;||20px|&#8221; animation_style=&#8221;slide&#8221; animation_direction=&#8221;bottom&#8221; animation_intensity_slide=&#8221;10%&#8221; locked=&#8221;off&#8221; global_colors_info=&#8221;{}&#8221; header_font_size__hover=&#8221;30px&#8221; header_font_size__hover_enabled=&#8221;30px&#8221; header_letter_spacing__hover=&#8221;0px&#8221; header_letter_spacing__hover_enabled=&#8221;0px&#8221; header_text_shadow_style__hover=&#8221;none&#8221; header_text_shadow_style__hover_enabled=&#8221;none&#8221; header_text_shadow_color__hover=&#8221;rgba(0,0,0,0.4)&#8221; header_text_shadow_color__hover_enabled=&#8221;rgba(0,0,0,0.4)&#8221;]<\/p>\n<p><strong>Enote te\u010daja o kro\u017enem gospodarstvu v turizmu<\/strong><\/p>\n<p>[\/et_pb_text][et_pb_divider color=&#8221;#09e1c0&#8243; divider_weight=&#8221;4px&#8221; disabled_on=&#8221;on|on|off&#8221; _builder_version=&#8221;4.16&#8243; background_size=&#8221;initial&#8221; background_position=&#8221;top_left&#8221; background_repeat=&#8221;repeat&#8221; max_width=&#8221;40px&#8221; module_alignment=&#8221;left&#8221; custom_margin=&#8221;||10px|&#8221; animation_style=&#8221;zoom&#8221; animation_direction=&#8221;left&#8221; saved_tabs=&#8221;all&#8221; locked=&#8221;off&#8221; global_colors_info=&#8221;{}&#8221;][\/et_pb_divider][et_pb_text _builder_version=&#8221;4.22.0&#8243; text_font=&#8221;||||||||&#8221; text_text_color=&#8221;#000000&#8243; text_font_size=&#8221;16px&#8221; text_line_height=&#8221;1.9em&#8221; header_font=&#8221;||||||||&#8221; header_4_font=&#8221;|700|||||||&#8221; header_4_font_size=&#8221;16px&#8221; header_4_line_height=&#8221;1.9em&#8221; custom_padding=&#8221;||8px|||&#8221; animation_style=&#8221;zoom&#8221; animation_intensity_zoom=&#8221;6%&#8221; locked=&#8221;off&#8221; global_colors_info=&#8221;{}&#8221;]<\/p>\n<h4>Turisti\u010dni sektor zaposluje \u0161iroko paleto ljudi z razli\u010dnimi znanji in spretnostmi.<\/h4>\n<p>Turisti\u010dna industrija v Evropi je pomemben zaposlitveni sektor. Kro\u017eno gospodarstvo je prilo\u017enost za \u0161tudente in poklicne izobra\u017eevalce, da trajnost in kro\u017eno gospodarstvo postavijo v sredi\u0161\u010de svojega dela. Vsak sektor lahko opredeli nove na\u010dine delovanja, ki vklju\u010dujejo manj odpadkov, zmanj\u0161ujejo vpliv ogljika in so energetsko u\u010dinkovitej\u0161i.<\/p>\n<p>[\/et_pb_text][et_pb_divider divider_weight=&#8221;4px&#8221; _builder_version=&#8221;4.21.0&#8243; _module_preset=&#8221;default&#8221; global_colors_info=&#8221;{}&#8221;][\/et_pb_divider][et_pb_blurb title=&#8221;Paket virov 1&#8243; url=&#8221;https:\/\/circle2learning.eu\/si\/tourism-resource-pack-1\/&#8221; image=&#8221;https:\/\/circle2learning.eu\/si\/wp-content\/uploads\/2023\/06\/icons8-books-80.png&#8221; _builder_version=&#8221;4.22.0&#8243; _module_preset=&#8221;07deac75-71bc-4a7b-a8bb-7de621d789f1&#8243; header_font=&#8221;|700|||||||&#8221; link_option_url=&#8221;https:\/\/circle2learning.eu\/si\/tourism-resource-pack-1\/&#8221; global_colors_info=&#8221;{}&#8221;]<\/p>\n<p>Ta paket lahko u\u010denci uporabljajo samostojno.<\/p>\n<p>[\/et_pb_blurb][et_pb_blurb title=&#8221;Paket virov 2&#8243; url=&#8221;https:\/\/circle2learning.eu\/si\/tourism-resource-pack-2\/&#8221; image=&#8221;https:\/\/circle2learning.eu\/si\/wp-content\/uploads\/2023\/06\/icons8-books-80.png&#8221; _builder_version=&#8221;4.22.0&#8243; _module_preset=&#8221;07deac75-71bc-4a7b-a8bb-7de621d789f1&#8243; header_font=&#8221;|700|||||||&#8221; link_option_url=&#8221;https:\/\/circle2learning.eu\/si\/tourism-resource-pack-2\/&#8221; global_colors_info=&#8221;{}&#8221;]<\/p>\n<p>S tem paketom lahko u\u010denci, trenerji in podjetja sodelujejo.<\/p>\n<p>[\/et_pb_blurb][et_pb_blurb title=&#8221;Pogovori o turizmu&#8221; url=&#8221;https:\/\/circle2learning.eu\/si\/wp-content\/uploads\/2025\/02\/CIRCLE2_Interview_Tourism_Slo.pdf&#8221; url_new_window=&#8221;on&#8221; image=&#8221;https:\/\/circle2learning.eu\/si\/wp-content\/uploads\/2023\/06\/icons8-books-80.png&#8221; _builder_version=&#8221;4.27.4&#8243; _module_preset=&#8221;07deac75-71bc-4a7b-a8bb-7de621d789f1&#8243; header_font=&#8221;|700|||||||&#8221; link_option_url=&#8221;https:\/\/circle2learning.eu\/si\/wp-content\/uploads\/2025\/02\/CIRCLE2_Interview_Tourism_Slo.pdf&#8221; link_option_url_new_window=&#8221;on&#8221; hover_enabled=&#8221;0&#8243; global_colors_info=&#8221;{}&#8221; sticky_enabled=&#8221;0&#8243;]<\/p>\n<p>Primerjava pogovorov o turizmu<\/p>\n<p>[\/et_pb_blurb][\/et_pb_column][et_pb_column type=&#8221;2_3&#8243; specialty_columns=&#8221;2&#8243; _builder_version=&#8221;4.16&#8243; custom_padding=&#8221;|||&#8221; global_colors_info=&#8221;{}&#8221; parallax__hover=&#8221;off&#8221; parallax_method__hover=&#8221;on&#8221; custom_padding__hover=&#8221;|||&#8221;][et_pb_row_inner use_custom_gutter=&#8221;on&#8221; gutter_width=&#8221;1&#8243; _builder_version=&#8221;4.19.5&#8243; width=&#8221;100%&#8221; custom_margin=&#8221;|106px||||&#8221; custom_padding=&#8221;0px|0px|0px|0px&#8221; animation_style=&#8221;zoom&#8221; animation_intensity_zoom=&#8221;6%&#8221; box_shadow_style=&#8221;preset1&#8243; box_shadow_vertical=&#8221;10px&#8221; box_shadow_blur=&#8221;60px&#8221; box_shadow_color=&#8221;rgba(71,74,182,0.12)&#8221; global_colors_info=&#8221;{}&#8221;][et_pb_column_inner saved_specialty_column_type=&#8221;2_3&#8243; module_class=&#8221;et_pb_column_1_2&#8243; _builder_version=&#8221;4.16&#8243; custom_padding=&#8221;|||&#8221; global_colors_info=&#8221;{}&#8221; parallax__hover=&#8221;off&#8221; parallax_method__hover=&#8221;on&#8221; module_class__hover=&#8221;et_pb_column_1_2&#8243; custom_padding__hover=&#8221;|||&#8221;][et_pb_blurb title=&#8221;1. Turizem in KG&#8221; url=&#8221;https:\/\/circle2learning.eu\/si\/tourism-1\/&#8221; image=&#8221;https:\/\/circle2learning.eu\/si\/wp-content\/uploads\/2023\/03\/icons8-tourism-64.png&#8221; icon_placement_tablet=&#8221;left&#8221; icon_placement_phone=&#8221;left&#8221; icon_placement_last_edited=&#8221;on|desktop&#8221; _builder_version=&#8221;4.22.0&#8243; _module_preset=&#8221;07deac75-71bc-4a7b-a8bb-7de621d789f1&#8243; link_option_url=&#8221;https:\/\/circle2learning.eu\/si\/tourism-1\/&#8221; image_max_width=&#8221;64px&#8221; locked=&#8221;off&#8221; global_colors_info=&#8221;{}&#8221;]<\/p>\n<p>Turizem in kro\u017eno gospodarstvo sta pojma, ki v dana\u0161njem svetu postajata vse pomembnej\u0161a. Spoznajte, kako lahko sprejemanje na\u010del kro\u017enega gospodarstva zmanj\u0161a okoljski odtis in prispeva k ohranjanju naravnih virov v turizmu.<\/p>\n<p>[\/et_pb_blurb][et_pb_blurb title=&#8221;2. Nastanitev in hoteli ter KG&#8221; url=&#8221;https:\/\/circle2learning.eu\/si\/tourism-2\/&#8221; image=&#8221;https:\/\/circle2learning.eu\/si\/wp-content\/uploads\/2023\/03\/icons8-accomodation-64.png&#8221; _builder_version=&#8221;4.22.0&#8243; _module_preset=&#8221;07deac75-71bc-4a7b-a8bb-7de621d789f1&#8243; link_option_url=&#8221;https:\/\/circle2learning.eu\/si\/tourism-2\/&#8221; image_max_width=&#8221;64px&#8221; locked=&#8221;off&#8221; global_colors_info=&#8221;{}&#8221;]<\/p>\n<p>Z izvajanjem na\u010del kro\u017enega gospodarstva lahko hoteli postanejo bolj trajnostni. Preberite, kako lahko hoteli sprejmejo na\u010dela kro\u017enega gospodarstva, da zmanj\u0161ajo svoj vpliv na okolje, zmanj\u0161ajo odpadke in onesna\u017eevanje ter spodbujajo trajnostne prakse.<\/p>\n<p>[\/et_pb_blurb][et_pb_blurb title=&#8221;3. Nastanitev in hrana ter KG&#8221; url=&#8221;https:\/\/circle2learning.eu\/si\/tourism-3\/&#8221; image=&#8221;https:\/\/circle2learning.eu\/si\/wp-content\/uploads\/2023\/03\/icons8-eating-64.png&#8221; _builder_version=&#8221;4.22.0&#8243; _module_preset=&#8221;07deac75-71bc-4a7b-a8bb-7de621d789f1&#8243; link_option_url=&#8221;https:\/\/circle2learning.eu\/si\/tourism-3\/&#8221; image_max_width=&#8221;64px&#8221; locked=&#8221;off&#8221; global_colors_info=&#8221;{}&#8221;]<\/p>\n<p>\u017divilska industrija lahko sprejme na\u010dela kro\u017enega gospodarstva, da zmanj\u0161a svoj vpliv na okolje in spodbuja trajnost. Preberite, kako lahko \u017eivilska industrija s sprejetjem na\u010del kro\u017enega gospodarstva postane bolj trajnostna, zmanj\u0161a svoj vpliv na okolje in podpre prehod v bolj kro\u017eno gospodarstvo.<\/p>\n<p>[\/et_pb_blurb][et_pb_blurb title=&#8221;4. Turisti\u010dni prevoz in KG&#8221; url=&#8221;https:\/\/circle2learning.eu\/si\/tourism-4\/&#8221; image=&#8221;https:\/\/circle2learning.eu\/si\/wp-content\/uploads\/2023\/03\/icons8-bus-64.png&#8221; _builder_version=&#8221;4.22.0&#8243; _module_preset=&#8221;07deac75-71bc-4a7b-a8bb-7de621d789f1&#8243; link_option_url=&#8221;https:\/\/circle2learning.eu\/si\/tourism-4\/&#8221; image_max_width=&#8221;64px&#8221; locked=&#8221;off&#8221; global_colors_info=&#8221;{}&#8221;]<\/p>\n<p>Promet je pomemben sektor, ki lahko sprejme na\u010dela kro\u017enega gospodarstva, da zmanj\u0161a svoj vpliv na okolje in spodbuja trajnost. Preberite, kako lahko prometni sektor s sprejetjem na\u010del kro\u017enega gospodarstva postane bolj trajnosten, zmanj\u0161a svoj vpliv na okolje in podpre prehod v bolj kro\u017eno gospodarstvo.<\/p>\n<p>[\/et_pb_blurb][et_pb_text _builder_version=&#8221;4.21.0&#8243; _module_preset=&#8221;default&#8221; global_colors_info=&#8221;{}&#8221;][\/et_pb_text][et_pb_blurb title=&#8221;5. Upravljanje turisti\u010dnih prireditev in KG&#8221; url=&#8221;https:\/\/circle2learning.eu\/si\/tourism-5\/&#8221; image=&#8221;https:\/\/circle2learning.eu\/si\/wp-content\/uploads\/2023\/03\/icons8-party-48.png&#8221; _builder_version=&#8221;4.22.0&#8243; _module_preset=&#8221;07deac75-71bc-4a7b-a8bb-7de621d789f1&#8243; link_option_url=&#8221;https:\/\/circle2learning.eu\/si\/tourism-5\/&#8221; image_max_width=&#8221;64px&#8221; locked=&#8221;off&#8221; global_colors_info=&#8221;{}&#8221;]<\/p>\n<p>Vodstvo turisti\u010dnih prireditev lahko sprejme na\u010dela kro\u017enega gospodarstva, da se zmanj\u0161a vpliv prireditev na okolje, spodbuja trajnost in podpira lokalne skupnosti. Spoznajte, kako lahko na\u010dela kro\u017enega gospodarstva pri upravljanju turisti\u010dnih prireditev razvijejo nove poslovne modele, ki podpirajo trajnost in zmanj\u0161ujejo koli\u010dino odpadkov.<\/p>\n<p>[\/et_pb_blurb][et_pb_blurb title=&#8221;6. Zanimive lokacije in KG&#8221; url=&#8221;https:\/\/circle2learning.eu\/si\/tourism-6\/&#8221; image=&#8221;https:\/\/circle2learning.eu\/si\/wp-content\/uploads\/2023\/03\/icons8-map-marker-94.png&#8221; _builder_version=&#8221;4.22.0&#8243; _module_preset=&#8221;07deac75-71bc-4a7b-a8bb-7de621d789f1&#8243; link_option_url=&#8221;https:\/\/circle2learning.eu\/si\/tourism-6\/&#8221; image_max_width=&#8221;64px&#8221; locked=&#8221;off&#8221; global_colors_info=&#8221;{}&#8221;]<\/p>\n<p>Zanimive lokacije, kot so turisti\u010dne znamenitosti, kulturni spomeniki in naravni rezervati, lahko sprejmejo na\u010dela kro\u017enega gospodarstva, da zmanj\u0161ajo svoj vpliv na okolje, spodbujajo trajnost in podpirajo lokalne skupnosti. Spoznajte, kako lahko ti kraji zmanj\u0161ajo svoj vpliv na okolje in prispevajo k ohranjanju naravnih virov.<\/p>\n<p>[\/et_pb_blurb][\/et_pb_column_inner][\/et_pb_row_inner][\/et_pb_column][\/et_pb_section]<\/p>\n","protected":false},"excerpt":{"rendered":"<p>Turisti\u010dna industrija pomembno prispeva k svetovnemu gospodarstvu, saj ustvarja delovna mesta in dohodek za milijone ljudi po vsem svetu. Prav tako lahko spodbuja medkulturno razumevanje in trajnostni razvoj. V tem poglavju sta obravnavana kro\u017eno gospodarstvo in turizem.Enote te\u010daja o kro\u017enem gospodarstvu v turizmuTuristi\u010dni sektor zaposluje \u0161iroko paleto ljudi z razli\u010dnimi znanji in spretnostmi. Turisti\u010dna industrija [&hellip;]<\/p>\n","protected":false},"author":2,"featured_media":0,"parent":0,"menu_order":0,"comment_status":"closed","ping_status":"closed","template":"","meta":{"_et_pb_use_builder":"on","_et_pb_old_content":"","_et_gb_content_width":"","footnotes":""},"class_list":["post-67","page","type-page","status-publish","hentry"],"_links":{"self":[{"href":"https:\/\/circle2learning.eu\/si\/wp-json\/wp\/v2\/pages\/67","targetHints":{"allow":["GET"]}}],"collection":[{"href":"https:\/\/circle2learning.eu\/si\/wp-json\/wp\/v2\/pages"}],"about":[{"href":"https:\/\/circle2learning.eu\/si\/wp-json\/wp\/v2\/types\/page"}],"author":[{"embeddable":true,"href":"https:\/\/circle2learning.eu\/si\/wp-json\/wp\/v2\/users\/2"}],"replies":[{"embeddable":true,"href":"https:\/\/circle2learning.eu\/si\/wp-json\/wp\/v2\/comments?post=67"}],"version-history":[{"count":84,"href":"https:\/\/circle2learning.eu\/si\/wp-json\/wp\/v2\/pages\/67\/revisions"}],"predecessor-version":[{"id":1393,"href":"https:\/\/circle2learning.eu\/si\/wp-json\/wp\/v2\/pages\/67\/revisions\/1393"}],"wp:attachment":[{"href":"https:\/\/circle2learning.eu\/si\/wp-json\/wp\/v2\/media?parent=67"}],"curies":[{"name":"wp","href":"https:\/\/api.w.org\/{rel}","templated":true}]}}