{"id":945,"date":"2024-07-29T15:27:51","date_gmt":"2024-07-29T15:27:51","guid":{"rendered":"https:\/\/circle2learning.eu\/si\/?page_id=945"},"modified":"2024-10-23T17:12:14","modified_gmt":"2024-10-23T17:12:14","slug":"privacy-policy","status":"publish","type":"page","link":"https:\/\/circle2learning.eu\/si\/privacy-policy\/","title":{"rendered":"Privacy Policy"},"content":{"rendered":"<p>[et_pb_section fb_built=&#8221;1&#8243; _builder_version=&#8221;4.25.0&#8243; _module_preset=&#8221;default&#8221; hover_enabled=&#8221;0&#8243; global_colors_info=&#8221;{}&#8221; sticky_enabled=&#8221;0&#8243;][et_pb_row _builder_version=&#8221;4.25.0&#8243; _module_preset=&#8221;default&#8221; global_colors_info=&#8221;{}&#8221;][et_pb_column type=&#8221;4_4&#8243; _builder_version=&#8221;4.25.0&#8243; _module_preset=&#8221;default&#8221; global_colors_info=&#8221;{}&#8221;][et_pb_text _builder_version=&#8221;4.27.0&#8243; _module_preset=&#8221;default&#8221; global_colors_info=&#8221;{}&#8221;]<\/p>\n<h1>Pravilnik o zasebnosti<\/h1>\n<p>Ta razlaga na\u0161e politike zasebnosti zajema naravo, obseg in namen zbiranja in uporabe osebnih podatkov na spletnem mestu: www.circle2learning.eu (v nadaljevanju \u201espletno mesto\u201c). To spleti\u0161\u010de je namenjeno projektu \u201eCIRCLE2\u201c &#8211; \u201eVET and SMEs on the road to CE\u201c s \u0161tevilko projekta: 2022-1-LT01-KA220-VET-000085809, ki ga financira Evropska komisija s podporo programa Evropske unije Erasmus+.<\/p>\n<p>Organ, odgovoren za vse osebne podatke, zbrane na tem spleti\u0161\u010du (razen \u010de je v tem pojasnilu politike zasebnosti navedeno druga\u010de), je konzorcij projekta:<\/p>\n<ul style=\"box-sizing: border-box; margin: 0px; padding: 0px 0px 23px 1em; border: 0px; outline: 0px; font-size: 14px; text-size-adjust: 100%; vertical-align: baseline; background: #ffffff; list-style: disc; line-height: 26px; color: #000000; font-family: 'Open Sans', Arial, sans-serif; font-style: normal; font-variant-ligatures: normal; font-variant-caps: normal; font-weight: 500; letter-spacing: normal; orphans: 2; text-align: left; text-indent: 0px; text-transform: none; widows: 2; word-spacing: 0px; -webkit-text-stroke-width: 0px; white-space: normal; text-decoration-thickness: initial; text-decoration-style: initial; text-decoration-color: initial;\">\n<li style=\"box-sizing: border-box; margin: 0px; padding: 0px; border: 0px; outline: 0px; font-size: 14px; text-size-adjust: 100%; vertical-align: baseline; background: transparent;\"><span class=\"S1PPyQ\" style=\"box-sizing: border-box; margin: 0px; padding: 0px; border: 0px; outline: 0px; font-size: 14px; text-size-adjust: 100%; vertical-align: baseline; background: transparent;\"><span style=\"box-sizing: border-box; margin: 0px; padding: 0px; border: 0px; outline: 0px; font-size: 14px; text-size-adjust: 100%; vertical-align: baseline; background: transparent; text-decoration: underline; color: #0c71c3;\"><a href=\"https:\/\/www.paneveziomc.lt\/\" style=\"box-sizing: border-box; text-decoration: underline; margin: 0px; padding: 0px; border: 0px; outline: 0px; font-size: 14px; text-size-adjust: 100%; vertical-align: baseline; background: transparent; color: #0c71c3;\">Panevezio mokymo centras<\/a><\/span>, Litva<\/span><\/li>\n<li style=\"box-sizing: border-box; margin: 0px; padding: 0px; border: 0px; outline: 0px; font-size: 14px; text-size-adjust: 100%; vertical-align: baseline; background: transparent;\"><span class=\"S1PPyQ\" style=\"box-sizing: border-box; margin: 0px; padding: 0px; border: 0px; outline: 0px; font-size: 14px; text-size-adjust: 100%; vertical-align: baseline; background: transparent;\"><a href=\"http:\/\/www.gcu.ac.uk\" target=\"_blank\" rel=\"noopener\"><span style=\"box-sizing: border-box; margin: 0px; padding: 0px; border: 0px; outline: 0px; font-size: 14px; text-size-adjust: 100%; vertical-align: baseline; background: transparent; text-decoration: underline; color: #0c71c3;\">The Glasgow Caledonian University<\/span><\/a>, \u0160kotska, ZK<\/span><\/li>\n<li style=\"box-sizing: border-box; margin: 0px; padding: 0px; border: 0px; outline: 0px; font-size: 14px; text-size-adjust: 100%; vertical-align: baseline; background: transparent;\"><span style=\"box-sizing: border-box; margin: 0px; padding: 0px; border: 0px; outline: 0px; font-size: 14px; text-size-adjust: 100%; vertical-align: baseline; background: transparent; text-decoration-line: underline; color: #0c71c3;\"><a href=\"https:\/\/www.bluebook.it\/\" style=\"box-sizing: border-box; text-decoration: none; margin: 0px; padding: 0px; border: 0px; outline: 0px; font-size: 14px; text-size-adjust: 100%; vertical-align: baseline; background: transparent; color: #0c71c3;\" target=\"_blank\" rel=\"noopener\">Bluebook srl<\/a><\/span><span style=\"box-sizing: border-box; margin: 0px; padding: 0px; border: 0px; outline: 0px; font-size: 14px; text-size-adjust: 100%; vertical-align: baseline; background: transparent;\">, Italija<\/span><\/li>\n<li style=\"box-sizing: border-box; margin: 0px; padding: 0px; border: 0px; outline: 0px; font-size: 14px; text-size-adjust: 100%; vertical-align: baseline; background: transparent;\"><span class=\"S1PPyQ\" style=\"box-sizing: border-box; margin: 0px; padding: 0px; border: 0px; outline: 0px; font-size: 14px; text-size-adjust: 100%; vertical-align: baseline; background: transparent;\"><span style=\"box-sizing: border-box; margin: 0px; padding: 0px; border: 0px; outline: 0px; font-size: 14px; text-size-adjust: 100%; vertical-align: baseline; background: transparent; text-decoration: underline; color: #0c71c3;\"><a href=\"https:\/\/www.sc-celje.si\/\" style=\"box-sizing: border-box; text-decoration: underline; margin: 0px; padding: 0px; border: 0px; outline: 0px; font-size: 14px; text-size-adjust: 100%; vertical-align: baseline; background: transparent; color: #0c71c3;\">Solski Center Celje,<\/a><\/span><span>\u00a0<\/span>Slovenija<\/span><\/li>\n<li style=\"box-sizing: border-box; margin: 0px; padding: 0px; border: 0px; outline: 0px; font-size: 14px; text-size-adjust: 100%; vertical-align: baseline; background: transparent;\"><span class=\"S1PPyQ\" style=\"box-sizing: border-box; margin: 0px; padding: 0px; border: 0px; outline: 0px; font-size: 14px; text-size-adjust: 100%; vertical-align: baseline; background: transparent;\"><span style=\"box-sizing: border-box; margin: 0px; padding: 0px; border: 0px; outline: 0px; font-size: 14px; text-size-adjust: 100%; vertical-align: baseline; background: transparent; text-decoration: underline; color: #0c71c3;\">Tarsus Ticaret Ve Sanayi Odasi<\/span>, Tur\u010dija<\/span><\/li>\n<li style=\"box-sizing: border-box; margin: 0px; padding: 0px; border: 0px; outline: 0px; font-size: 14px; text-size-adjust: 100%; vertical-align: baseline; background: transparent;\"><span style=\"box-sizing: border-box; margin: 0px; padding: 0px; border: 0px; outline: 0px; font-size: 14px; text-size-adjust: 100%; vertical-align: baseline; background: transparent;\"><span style=\"box-sizing: border-box; margin: 0px; padding: 0px; border: 0px; outline: 0px; font-size: 14px; text-size-adjust: 100%; vertical-align: baseline; background: transparent; text-decoration: underline; color: #0c71c3;\">The Asturian Association for International Cooperation (AACI)<\/span>, \u0160panija<\/span><\/li>\n<\/ul>\n<p>(v nadaljevanju \u201emi\u201c, \u201enas\u201c ali \u201ena\u0161e\u201c). \u010ce v tem pravilniku o zasebnosti ni navedeno druga\u010de, smo za vse osebne podatke, zbrane na spletnem mestu, odgovorni mi. Dodatne informacije o nas in na\u0161e kontaktne podatke najdete na strani za stike. Nadzorniki za varstvo podatkov za konzorcij so dosegljivi prek naslednjega e-po\u0161tnega naslova: vaida.sinkeviciene@paneveziomc.lt.<\/p>\n<h2>Podatki, ki jih zbiramo in njihova uporaba<\/h2>\n<p>Od uporabnikov ne zbiramo osebnih identifikacijskih podatkov. Zbiramo informacije, ki jih va\u0161 brskalnik po\u0161lje, ko obi\u0161\u010dete na\u0161e spletno mesto. Ti dnevni\u0161ki podatki lahko vklju\u010dujejo informacije, kot so naslov internetnega protokola (\u201eIP\u201c) va\u0161ega ra\u010dunalnika, vrsta brskalnika, razli\u010dica brskalnika, strani na\u0161ega spletnega mesta, ki jih obi\u0161\u010dete, \u010das in datum va\u0161ega obiska, \u010das, porabljen na teh straneh, in druge statisti\u010dne podatke. Ti podatki niso zdru\u017eeni z drugimi osebnimi podatki, ki jih aktivno vnesete med uporabo spletnega mesta. Naslovi IP se anonimizirajo takoj v najzgodnej\u0161i mo\u017eni fazi omre\u017eja za zbiranje podatkov.<\/p>\n<h2>Pi\u0161kotki<\/h2>\n<p>Na\u0161e spletno mesto uporablja pi\u0161kotke. Pi\u0161kotki ne vsebujejo nobenih informacij, ki bi vas osebno identificirale, vendar lahko osebne podatke, ki jih shranjujemo o vas, pove\u017eemo z informacijami, shranjenimi v pi\u0161kotkih in pridobljenimi iz njih. Pi\u0161kotki, ki se uporabljajo na spletnem mestu, vklju\u010dujejo pi\u0161kotke, ki so nujno potrebni za dostop in navigacijo, pi\u0161kotke, ki si zapomnijo va\u0161e izbire (funkcionalni pi\u0161kotki), in pi\u0161kotke, ki sledijo uporabi. Pi\u0161kotke, ki sledijo uporabi, lahko \u201esprejmete\u201c ali \u201ezavrnete\u201c.<\/p>\n<p>Uporabnik lahko svoj spletni brskalnik nastavi tako, da zavrne pi\u0161kotke ali da vas opozori na po\u0161iljanje pi\u0161kotkov. \u010ce to stori, upo\u0161tevajte, da nekateri deli spletnega mesta morda ne bodo pravilno delovali.<\/p>\n<h2>Google analitika<\/h2>\n<p>To spletno mesto lahko uporablja Google Analytics, storitev spletne analize dru\u017ebe Google Inc. (v nadaljnjem besedilu: Google). Google Analytics uporablja pi\u0161kotke, ki se shranijo v va\u0161 ra\u010dunalnik, da bi olaj\u0161ali analizo va\u0161e uporabe spletnega mesta. Informacije, ki jih ti pi\u0161kotki ustvarijo, kot so \u010das, kraj in pogostost va\u0161ih obiskov na\u0161ega spletnega mesta, vklju\u010dno z va\u0161im naslovom IP, se prenesejo na Googlovo lokacijo in tam shranijo. Pri uporabi storitve Google Analytics na\u0161e spletno mesto uporablja raz\u0161iritev \u201eanonymizeIp\u201c. Pri tem Google va\u0161 naslov IP pred prenosom skraj\u0161a in s tem anonimizira. Google te podatke uporablja za analizo va\u0161e uporabe na\u0161ega spletnega mesta, da za nas pripravlja poro\u010dila o internetnih dejavnostih in zagotavlja druge storitve, povezane z na\u0161im spletnim mestom.<\/p>\n<p>Ko prvi\u010d obi\u0161\u010dete spletno mesto, se lahko odlo\u010dite, ali \u201esprejemate\u201c ali \u201ezavra\u010date\u201c uporabo storitve Google Analytics v svojem ra\u010dunalniku.<\/p>\n<h2>Spremembe pravilnika o zasebnosti<\/h2>\n<p>Ta pravilnik o zasebnosti velja od 1. novembra 2022 in bo ostal v veljavi, razen glede morebitnih sprememb njegovih dolo\u010db v prihodnosti, ki bodo za\u010dele veljati takoj po objavi na tej strani.<\/p>\n<p>Pridr\u017eujemo si pravico, da kadar koli posodobimo ali spremenimo na\u0161 Pravilnik o zasebnosti, zato ga morate redno preverjati. Ko to storimo, bomo obvestilo objavili na glavni strani na\u0161ega spletnega mesta. Uporabnike spodbujamo, da pogosto preverjajo to stran za morebitne spremembe in tako ostanejo obve\u0161\u010deni o tem, kako pomagamo varovati osebne podatke, ki jih zbiramo. Potrjujete in se strinjate, da je va\u0161a odgovornost, da redno pregledujete to politiko zasebnosti in se seznanite s spremembami.<\/p>\n<h2>Stopite v stik z nami<\/h2>\n<p>\u010ce imate kakr\u0161na koli vpra\u0161anja o tem pravilniku o zasebnosti, praksah tega spletnega mesta ali svojem poslovanju s tem spletnim mestom, se obrnite na nas.<\/p>\n<p>[\/et_pb_text][\/et_pb_column][\/et_pb_row][\/et_pb_section]<\/p>\n","protected":false},"excerpt":{"rendered":"<p>Pravilnik o zasebnosti Ta razlaga na\u0161e politike zasebnosti zajema naravo, obseg in namen zbiranja in uporabe osebnih podatkov na spletnem mestu: www.circle2learning.eu (v nadaljevanju \u201espletno mesto\u201c). To spleti\u0161\u010de je namenjeno projektu \u201eCIRCLE2\u201c &#8211; \u201eVET and SMEs on the road to CE\u201c s \u0161tevilko projekta: 2022-1-LT01-KA220-VET-000085809, ki ga financira Evropska komisija s podporo programa Evropske unije [&hellip;]<\/p>\n","protected":false},"author":2,"featured_media":0,"parent":0,"menu_order":0,"comment_status":"closed","ping_status":"closed","template":"","meta":{"_et_pb_use_builder":"on","_et_pb_old_content":"<!-- wp:divi\/placeholder \/-->","_et_gb_content_width":"","footnotes":""},"class_list":["post-945","page","type-page","status-publish","hentry"],"_links":{"self":[{"href":"https:\/\/circle2learning.eu\/si\/wp-json\/wp\/v2\/pages\/945","targetHints":{"allow":["GET"]}}],"collection":[{"href":"https:\/\/circle2learning.eu\/si\/wp-json\/wp\/v2\/pages"}],"about":[{"href":"https:\/\/circle2learning.eu\/si\/wp-json\/wp\/v2\/types\/page"}],"author":[{"embeddable":true,"href":"https:\/\/circle2learning.eu\/si\/wp-json\/wp\/v2\/users\/2"}],"replies":[{"embeddable":true,"href":"https:\/\/circle2learning.eu\/si\/wp-json\/wp\/v2\/comments?post=945"}],"version-history":[{"count":5,"href":"https:\/\/circle2learning.eu\/si\/wp-json\/wp\/v2\/pages\/945\/revisions"}],"predecessor-version":[{"id":995,"href":"https:\/\/circle2learning.eu\/si\/wp-json\/wp\/v2\/pages\/945\/revisions\/995"}],"wp:attachment":[{"href":"https:\/\/circle2learning.eu\/si\/wp-json\/wp\/v2\/media?parent=945"}],"curies":[{"name":"wp","href":"https:\/\/api.w.org\/{rel}","templated":true}]}}