{"id":1202,"date":"2025-01-28T15:13:38","date_gmt":"2025-01-28T15:13:38","guid":{"rendered":"https:\/\/circle2learning.eu\/tr\/?page_id=1202"},"modified":"2025-02-10T10:48:57","modified_gmt":"2025-02-10T10:48:57","slug":"network","status":"publish","type":"page","link":"https:\/\/circle2learning.eu\/tr\/network\/","title":{"rendered":"Network"},"content":{"rendered":"<p>[et_pb_section fb_built=&#8221;1&#8243; _builder_version=&#8221;4.19.5&#8243; _module_preset=&#8221;default&#8221; locked=&#8221;off&#8221; global_colors_info=&#8221;{}&#8221;][et_pb_row admin_label=&#8221;title&#8221; _builder_version=&#8221;4.27.2&#8243; _module_preset=&#8221;default&#8221; global_colors_info=&#8221;{}&#8221;][et_pb_column type=&#8221;4_4&#8243; _builder_version=&#8221;4.27.2&#8243; _module_preset=&#8221;default&#8221; global_colors_info=&#8221;{}&#8221;][et_pb_heading title=&#8221;CIRCLE2 A\u011eI&#8221; _builder_version=&#8221;4.27.4&#8243; _module_preset=&#8221;default&#8221; title_font=&#8221;|700|||||||&#8221; title_font_size=&#8221;3em&#8221; background_color=&#8221;#f4ede5&#8243; custom_margin=&#8221;||||false|false&#8221; custom_padding=&#8221;4em||2em|1em|false|false&#8221; hover_enabled=&#8221;0&#8243; title_font_size_tablet=&#8221;3em&#8221; title_font_size_phone=&#8221;3em&#8221; title_font_size_last_edited=&#8221;on|desktop&#8221; box_shadow_style=&#8221;preset4&#8243; box_shadow_horizontal=&#8221;21em&#8221; box_shadow_vertical=&#8221;0px&#8221; box_shadow_color=&#8221;#f4ede5&#8243; global_colors_info=&#8221;{}&#8221; sticky_enabled=&#8221;0&#8243;][\/et_pb_heading][\/et_pb_column][\/et_pb_row][et_pb_row _builder_version=&#8221;4.27.2&#8243; _module_preset=&#8221;default&#8221; animation_style=&#8221;fade&#8221; global_colors_info=&#8221;{}&#8221;][et_pb_column type=&#8221;4_4&#8243; _builder_version=&#8221;4.27.0&#8243; _module_preset=&#8221;default&#8221; global_colors_info=&#8221;{}&#8221;][et_pb_text _builder_version=&#8221;4.27.4&#8243; _module_preset=&#8221;default&#8221; text_font=&#8221;||||||||&#8221; text_font_size=&#8221;1.5em&#8221; text_line_height=&#8221;1.6em&#8221; text_font_size_tablet=&#8221;1.3em&#8221; text_font_size_phone=&#8221;1.1em&#8221; text_font_size_last_edited=&#8221;on|desktop&#8221; global_colors_info=&#8221;{}&#8221;]<\/p>\n<p><span style=\"font-weight: 400;\">CIRCLE2, <\/span><b>mesleki e\u011fitim ve \u00f6\u011fretim (ME\u00d6)<\/b><span style=\"font-weight: 400;\"> sa\u011flay\u0131c\u0131lar\u0131 ile d\u00f6ng\u00fcsel ekonomi uygulamalar\u0131n\u0131 aktif olarak uygulayan veya s\u00fcrd\u00fcr\u00fclebilirli\u011fe kendini adam\u0131\u015f <\/span><b>k\u00fc\u00e7\u00fck ve orta \u00f6l\u00e7ekli i\u015fletmeler (KOB\u0130&#8217;ler) <\/b><span style=\"font-weight: 400;\">aras\u0131ndaki i\u015f birli\u011fini te\u015fvik eder.<\/span><\/p>\n<p><span style=\"font-weight: 400;\">Haritada a\u011f\u0131m\u0131z hakk\u0131nda bilgi edinin.<\/span><\/p>\n<p>[\/et_pb_text][\/et_pb_column][\/et_pb_row][\/et_pb_section][et_pb_section fb_built=&#8221;1&#8243; _builder_version=&#8221;4.25.1&#8243; _module_preset=&#8221;default&#8221; custom_padding=&#8221;||100px||false|false&#8221; locked=&#8221;off&#8221; global_colors_info=&#8221;{}&#8221;][et_pb_row _builder_version=&#8221;4.25.1&#8243; _module_preset=&#8221;default&#8221; global_colors_info=&#8221;{}&#8221;][et_pb_column type=&#8221;4_4&#8243; _builder_version=&#8221;4.25.1&#8243; _module_preset=&#8221;default&#8221; global_colors_info=&#8221;{}&#8221;][et_pb_divider color=&#8221;#f4ede5&#8243; divider_weight=&#8221;20px&#8221; _builder_version=&#8221;4.27.4&#8243; _module_preset=&#8221;default&#8221; global_colors_info=&#8221;{}&#8221;][\/et_pb_divider][et_pb_text _builder_version=&#8221;4.27.4&#8243; _module_preset=&#8221;default&#8221; header_font=&#8221;|700|||||||&#8221; header_font_size=&#8221;3em&#8221; header_2_font=&#8221;|700|||||||&#8221; header_2_font_size=&#8221;3em&#8221; animation_style=&#8221;slide&#8221; animation_direction=&#8221;right&#8221; header_font_size_tablet=&#8221;3em&#8221; header_font_size_phone=&#8221;3em&#8221; header_font_size_last_edited=&#8221;on|phone&#8221; global_colors_info=&#8221;{}&#8221;]<\/p>\n<h1 style=\"text-align: center;\">ME\u00d6 A\u011eI<\/h1>\n<p>[\/et_pb_text][et_pb_code _builder_version=&#8221;4.25.1&#8243; _module_preset=&#8221;default&#8221; text_orientation=&#8221;center&#8221; module_alignment=&#8221;center&#8221; custom_padding=&#8221;||0px|||&#8221; global_colors_info=&#8221;{}&#8221;]<\/p>\n<div style=\"height:480px; border:0px solid #eee; display:inline-block; overflow:hidden;\"><!-- [et_pb_line_break_holder] -->  <iframe style=\"position:relative; top:-65px; border:none;\"src=\"https:\/\/www.google.com\/maps\/d\/embed?mid=1BjlkMUMpUDNViUJB63tVYKz_MDzFCME&#038;ehbc=2E312F\" width=\"1080\" height=\"480\"><\/iframe><\/div>\n<p>[\/et_pb_code][et_pb_gallery gallery_ids=&#8221;1247,1246,1245,1244,1243,1242,1241,1240,1239,1238,1237,1236,1235,1234,1233,1232,1231,1230,1229,1228,1227,1226,1225,1224,1223,1222,1221,1220,1219,1218,1217,1216,1215,1214,1213,1212,1211,1210,1209,1208,1207,1206,1205&#8243; posts_number=&#8221;8&#8243; orientation=&#8221;portrait&#8221; show_title_and_caption=&#8221;off&#8221; zoom_icon_color=&#8221;RGBA(255,255,255,0)&#8221; hover_overlay_color=&#8221;RGBA(255,255,255,0)&#8221; _builder_version=&#8221;4.27.4&#8243; _module_preset=&#8221;default&#8221; pagination_text_align=&#8221;center&#8221; width=&#8221;100%&#8221; max_width=&#8221;50%&#8221; module_alignment=&#8221;center&#8221; custom_margin=&#8221;||100px||false|false&#8221; animation_style=&#8221;fade&#8221; global_colors_info=&#8221;{}&#8221;][\/et_pb_gallery][\/et_pb_column][\/et_pb_row][et_pb_row _builder_version=&#8221;4.25.1&#8243; _module_preset=&#8221;default&#8221; global_colors_info=&#8221;{}&#8221;][et_pb_column type=&#8221;4_4&#8243; _builder_version=&#8221;4.25.1&#8243; _module_preset=&#8221;default&#8221; global_colors_info=&#8221;{}&#8221;][et_pb_divider color=&#8221;#f4ede5&#8243; divider_weight=&#8221;20px&#8221; _builder_version=&#8221;4.27.4&#8243; _module_preset=&#8221;default&#8221; locked=&#8221;off&#8221; global_colors_info=&#8221;{}&#8221;][\/et_pb_divider][et_pb_text _builder_version=&#8221;4.27.4&#8243; _module_preset=&#8221;default&#8221; header_font=&#8221;|700|||||||&#8221; header_font_size=&#8221;3em&#8221; header_2_font=&#8221;|700|||||||&#8221; header_2_font_size=&#8221;3em&#8221; animation_style=&#8221;slide&#8221; animation_direction=&#8221;right&#8221; header_font_size_tablet=&#8221;3em&#8221; header_font_size_phone=&#8221;3em&#8221; header_font_size_last_edited=&#8221;on|phone&#8221; global_colors_info=&#8221;{}&#8221;]<\/p>\n<h1 style=\"text-align: center;\">KOB\u0130 A\u011eI<\/h1>\n<p>[\/et_pb_text][et_pb_code _builder_version=&#8221;4.25.1&#8243; _module_preset=&#8221;default&#8221; global_colors_info=&#8221;{}&#8221;]<\/p>\n<div style=\"height:480px; border:0px solid #eee; display:inline-block; overflow:hidden;\"><!-- [et_pb_line_break_holder] -->  <iframe style=\"position:relative; top:-65px; border:none;\"src=\"https:\/\/www.google.com\/maps\/d\/embed?mid=1EF_SP7T2m7Kmn9WglgSShpP9TlnCxCc&#038;ehbc=2E312F\" width=\"1080\" height=\"480\"><\/iframe><\/div>\n<p>[\/et_pb_code][et_pb_gallery gallery_ids=&#8221;1273,1272,1271,1270,1269,1268,1267,1266,1265,1264,1263,1262,1261,1260,1259,1258,1257,1256,1255,1254,1253,1252,1251,1250,1249,1248&#8243; posts_number=&#8221;8&#8243; orientation=&#8221;portrait&#8221; show_title_and_caption=&#8221;off&#8221; zoom_icon_color=&#8221;RGBA(255,255,255,0)&#8221; hover_overlay_color=&#8221;RGBA(255,255,255,0)&#8221; _builder_version=&#8221;4.27.4&#8243; _module_preset=&#8221;default&#8221; pagination_text_align=&#8221;center&#8221; width=&#8221;100%&#8221; max_width=&#8221;50%&#8221; module_alignment=&#8221;center&#8221; custom_margin=&#8221;||100px||false|false&#8221; animation_style=&#8221;fade&#8221; global_colors_info=&#8221;{}&#8221;][\/et_pb_gallery][\/et_pb_column][\/et_pb_row][\/et_pb_section][et_pb_section fb_built=&#8221;1&#8243; _builder_version=&#8221;4.25.2&#8243; _module_preset=&#8221;default&#8221; background_color=&#8221;#ededed&#8221; module_alignment=&#8221;center&#8221; locked=&#8221;off&#8221; global_colors_info=&#8221;{}&#8221;][et_pb_row _builder_version=&#8221;4.25.2&#8243; _module_preset=&#8221;default&#8221; custom_margin=&#8221;||25px||false|false&#8221; custom_padding=&#8221;12px|12px|12px|12px|false|false&#8221; global_colors_info=&#8221;{}&#8221;][et_pb_column type=&#8221;4_4&#8243; _builder_version=&#8221;4.25.2&#8243; _module_preset=&#8221;default&#8221; global_colors_info=&#8221;{}&#8221;][et_pb_image src=&#8221;https:\/\/circle2learning.eu\/wp-content\/uploads\/2024\/11\/Circle-2-and-EU-trasparente.png&#8221; title_text=&#8221;Circle-2-and-EU-trasparente&#8221; _builder_version=&#8221;4.25.2&#8243; _module_preset=&#8221;default&#8221; width=&#8221;40%&#8221; width_tablet=&#8221;60%&#8221; width_phone=&#8221;80%&#8221; width_last_edited=&#8221;on|phone&#8221; module_alignment=&#8221;center&#8221; border_radii=&#8221;on|1px|1px|1px|1px&#8221; border_width_all=&#8221;2px&#8221; border_color_all=&#8221;#FFFFFF&#8221; global_colors_info=&#8221;{}&#8221;][\/et_pb_image][\/et_pb_column][\/et_pb_row][et_pb_row _builder_version=&#8221;4.25.2&#8243; _module_preset=&#8221;default&#8221; custom_margin=&#8221;||||false|false&#8221; custom_padding=&#8221;0px|0px|0px|0px|false|false&#8221; global_colors_info=&#8221;{}&#8221;][et_pb_column type=&#8221;4_4&#8243; _builder_version=&#8221;4.25.2&#8243; _module_preset=&#8221;default&#8221; global_colors_info=&#8221;{}&#8221;][et_pb_text _builder_version=&#8221;4.27.4&#8243; _module_preset=&#8221;default&#8221; text_line_height=&#8221;1.2em&#8221; custom_margin=&#8221;0px|0px|0px|0px|false|false&#8221; custom_padding=&#8221;0px|0px|0px|0px|false|false&#8221; text_font_size_tablet=&#8221;12px&#8221; text_font_size_phone=&#8221;11px&#8221; text_font_size_last_edited=&#8221;on|phone&#8221; global_colors_info=&#8221;{}&#8221;]<\/p>\n<p style=\"text-align: center;\"><strong>Proje No: 2022-1-LT01-KA220-VET-000085809<\/strong><\/p>\n<p style=\"text-align: center;\">Avrupa Birli\u011fi taraf\u0131ndan finanse edilmi\u015ftir. Ancak ifade edilen g\u00f6ru\u0308\u015fler ve fikirler yaln\u0131zca yazar(lar)a aittir ve Avrupa Birli\u011fi veya Ulusal Ajans\u0131n g\u00f6ru\u0308\u015flerini yans\u0131tmaz. Ne Avrupa Birli\u011fi ne de Ulusal Ajans bunlardan sorumlu tutulamaz.<\/p>\n<p>[\/et_pb_text][et_pb_text _builder_version=&#8221;4.27.2&#8243; _module_preset=&#8221;default&#8221; text_font=&#8221;||||||||&#8221; text_orientation=&#8221;center&#8221; custom_padding=&#8221;10px||||false|false&#8221; text_font_size_tablet=&#8221;12px&#8221; text_font_size_phone=&#8221;11px&#8221; text_font_size_last_edited=&#8221;on|phone&#8221; global_colors_info=&#8221;{}&#8221;]<\/p>\n<p style=\"text-align: center;\"><a href=\"https:\/\/circle2learning.eu\/tr\/privacy-policy\/\" target=\"_blank\" rel=\"noopener\" title=\"Gizlilik Politikas\u0131\">Gizlilik Politikas\u0131<\/a><\/p>\n<p>[\/et_pb_text][\/et_pb_column][\/et_pb_row][\/et_pb_section]<\/p>\n","protected":false},"excerpt":{"rendered":"<p>CIRCLE2, mesleki e\u011fitim ve \u00f6\u011fretim (ME\u00d6) sa\u011flay\u0131c\u0131lar\u0131 ile d\u00f6ng\u00fcsel ekonomi uygulamalar\u0131n\u0131 aktif olarak uygulayan veya s\u00fcrd\u00fcr\u00fclebilirli\u011fe kendini adam\u0131\u015f k\u00fc\u00e7\u00fck ve orta \u00f6l\u00e7ekli i\u015fletmeler (KOB\u0130&#8217;ler) aras\u0131ndaki i\u015f birli\u011fini te\u015fvik eder. Haritada a\u011f\u0131m\u0131z hakk\u0131nda bilgi edinin.ME\u00d6 A\u011eIKOB\u0130 A\u011eIProje No: 2022-1-LT01-KA220-VET-000085809 Avrupa Birli\u011fi taraf\u0131ndan finanse edilmi\u015ftir. Ancak ifade edilen g\u00f6ru\u0308\u015fler ve fikirler yaln\u0131zca yazar(lar)a aittir ve Avrupa Birli\u011fi [&hellip;]<\/p>\n","protected":false},"author":7,"featured_media":0,"parent":0,"menu_order":0,"comment_status":"closed","ping_status":"closed","template":"","meta":{"_et_pb_use_builder":"on","_et_pb_old_content":"","_et_gb_content_width":"","footnotes":""},"class_list":["post-1202","page","type-page","status-publish","hentry"],"_links":{"self":[{"href":"https:\/\/circle2learning.eu\/tr\/wp-json\/wp\/v2\/pages\/1202","targetHints":{"allow":["GET"]}}],"collection":[{"href":"https:\/\/circle2learning.eu\/tr\/wp-json\/wp\/v2\/pages"}],"about":[{"href":"https:\/\/circle2learning.eu\/tr\/wp-json\/wp\/v2\/types\/page"}],"author":[{"embeddable":true,"href":"https:\/\/circle2learning.eu\/tr\/wp-json\/wp\/v2\/users\/7"}],"replies":[{"embeddable":true,"href":"https:\/\/circle2learning.eu\/tr\/wp-json\/wp\/v2\/comments?post=1202"}],"version-history":[{"count":4,"href":"https:\/\/circle2learning.eu\/tr\/wp-json\/wp\/v2\/pages\/1202\/revisions"}],"predecessor-version":[{"id":1399,"href":"https:\/\/circle2learning.eu\/tr\/wp-json\/wp\/v2\/pages\/1202\/revisions\/1399"}],"wp:attachment":[{"href":"https:\/\/circle2learning.eu\/tr\/wp-json\/wp\/v2\/media?parent=1202"}],"curies":[{"name":"wp","href":"https:\/\/api.w.org\/{rel}","templated":true}]}}