{"id":1275,"date":"2025-01-28T15:16:59","date_gmt":"2025-01-28T15:16:59","guid":{"rendered":"https:\/\/circle2learning.eu\/tr\/?page_id=1275"},"modified":"2025-02-02T17:01:51","modified_gmt":"2025-02-02T17:01:51","slug":"news","status":"publish","type":"page","link":"https:\/\/circle2learning.eu\/tr\/news\/","title":{"rendered":"News"},"content":{"rendered":"<p>[et_pb_section fb_built=&#8221;1&#8243; _builder_version=&#8221;4.22.2&#8243; _module_preset=&#8221;default&#8221; global_colors_info=&#8221;{}&#8221;][et_pb_row column_structure=&#8221;3_4,1_4&#8243; _builder_version=&#8221;4.22.2&#8243; _module_preset=&#8221;default&#8221; global_colors_info=&#8221;{}&#8221;][et_pb_column type=&#8221;3_4&#8243; _builder_version=&#8221;4.22.2&#8243; _module_preset=&#8221;default&#8221; global_colors_info=&#8221;{}&#8221;][et_pb_text _builder_version=&#8221;4.27.4&#8243; _module_preset=&#8221;_initial&#8221; header_text_color=&#8221;#000000&#8243; header_2_text_color=&#8221;#000000&#8243; custom_padding=&#8221;2px|||||&#8221; hover_enabled=&#8221;0&#8243; global_colors_info=&#8221;{}&#8221; sticky_enabled=&#8221;0&#8243;]<\/p>\n<h2><strong>CIRCLE2&#8217;deki Haberler ve D\u00f6ng\u00fcsel Ekonomiye Dair \u0130pu\u00e7lar\u0131<\/strong><\/h2>\n<p>&nbsp;<\/p>\n<p>Circle2&#8217;de, mesleki e\u011fitim verenleri D\u00f6ng\u00fcsel Ekonominin prensipleri ve avantajlar\u0131 konusunda e\u011fitmeye adad\u0131k kendimizi. Misyonumuz, bu s\u00fcrd\u00fcr\u00fclebilir paradigma de\u011fi\u015fiminde size g\u00fc\u00e7 verecek en son haberleri, i\u00e7g\u00f6r\u00fcleri ve de\u011ferli ipu\u00e7lar\u0131n\u0131 sa\u011flamakt\u0131r. D\u00f6ng\u00fcsel Ekonomi ve \u00e7e\u015fitli end\u00fcstriler \u00fczerindeki etkisine dair anlay\u0131\u015f\u0131n\u0131z\u0131 derinle\u015ftirecek b\u00fcy\u00fcleyici r\u00f6portajlar\u0131, bilgilendirici makaleleri ve zihni geni\u015fleten i\u00e7erikleri ke\u015ffedin. G\u00fcncellemelerimiz i\u00e7in bizi izlemeye devam edin ve bizimle bu d\u00f6n\u00fc\u015ft\u00fcr\u00fcc\u00fc yolculu\u011fa \u00e7\u0131k\u0131n!<\/p>\n<p>&nbsp;<\/p>\n<p>[\/et_pb_text][et_pb_image src=&#8221;https:\/\/circle2learning.eu\/tr\/wp-content\/uploads\/2025\/01\/Welcome.jpeg&#8221; title_text=&#8221;Welcome&#8221; _builder_version=&#8221;4.22.2&#8243; _module_preset=&#8221;default&#8221; global_colors_info=&#8221;{}&#8221;][\/et_pb_image][\/et_pb_column][et_pb_column type=&#8221;1_4&#8243; _builder_version=&#8221;4.22.2&#8243; _module_preset=&#8221;default&#8221; global_colors_info=&#8221;{}&#8221;][et_pb_blog posts_number=&#8221;4&#8243; use_manual_excerpt=&#8221;off&#8221; excerpt_length=&#8221;0&#8243; show_author=&#8221;off&#8221; show_date=&#8221;off&#8221; _builder_version=&#8221;4.27.4&#8243; _module_preset=&#8221;default&#8221; pagination_font_size=&#8221;20px&#8221; custom_margin=&#8221;||||true|true&#8221; custom_padding=&#8221;||||true|true&#8221; link_option_url_new_window=&#8221;on&#8221; sticky_limit_bottom=&#8221;body&#8221; border_radii_fullwidth=&#8221;off|||10px|10px&#8221; border_color_all_fullwidth=&#8221;rgba(2,2,2,0.11)&#8221; border_width_bottom_fullwidth=&#8221;2px&#8221; border_color_bottom_fullwidth=&#8221;#D6D6D6&#8243; border_radii_image=&#8221;off|12px|12px||&#8221; border_width_top_image=&#8221;2px&#8221; border_color_top_image=&#8221;#D6D6D6&#8243; border_color_right_image=&#8221;#D6D6D6&#8243; global_colors_info=&#8221;{}&#8221;][\/et_pb_blog][\/et_pb_column][\/et_pb_row][\/et_pb_section]<\/p>\n","protected":false},"excerpt":{"rendered":"<p>CIRCLE2&#8217;deki Haberler ve D\u00f6ng\u00fcsel Ekonomiye Dair \u0130pu\u00e7lar\u0131 &nbsp; Circle2&#8217;de, mesleki e\u011fitim verenleri D\u00f6ng\u00fcsel Ekonominin prensipleri ve avantajlar\u0131 konusunda e\u011fitmeye adad\u0131k kendimizi. Misyonumuz, bu s\u00fcrd\u00fcr\u00fclebilir paradigma de\u011fi\u015fiminde size g\u00fc\u00e7 verecek en son haberleri, i\u00e7g\u00f6r\u00fcleri ve de\u011ferli ipu\u00e7lar\u0131n\u0131 sa\u011flamakt\u0131r. D\u00f6ng\u00fcsel Ekonomi ve \u00e7e\u015fitli end\u00fcstriler \u00fczerindeki etkisine dair anlay\u0131\u015f\u0131n\u0131z\u0131 derinle\u015ftirecek b\u00fcy\u00fcleyici r\u00f6portajlar\u0131, bilgilendirici makaleleri ve zihni geni\u015fleten i\u00e7erikleri [&hellip;]<\/p>\n","protected":false},"author":7,"featured_media":0,"parent":0,"menu_order":0,"comment_status":"closed","ping_status":"closed","template":"","meta":{"_et_pb_use_builder":"on","_et_pb_old_content":"","_et_gb_content_width":"","footnotes":""},"class_list":["post-1275","page","type-page","status-publish","hentry"],"_links":{"self":[{"href":"https:\/\/circle2learning.eu\/tr\/wp-json\/wp\/v2\/pages\/1275","targetHints":{"allow":["GET"]}}],"collection":[{"href":"https:\/\/circle2learning.eu\/tr\/wp-json\/wp\/v2\/pages"}],"about":[{"href":"https:\/\/circle2learning.eu\/tr\/wp-json\/wp\/v2\/types\/page"}],"author":[{"embeddable":true,"href":"https:\/\/circle2learning.eu\/tr\/wp-json\/wp\/v2\/users\/7"}],"replies":[{"embeddable":true,"href":"https:\/\/circle2learning.eu\/tr\/wp-json\/wp\/v2\/comments?post=1275"}],"version-history":[{"count":5,"href":"https:\/\/circle2learning.eu\/tr\/wp-json\/wp\/v2\/pages\/1275\/revisions"}],"predecessor-version":[{"id":1379,"href":"https:\/\/circle2learning.eu\/tr\/wp-json\/wp\/v2\/pages\/1275\/revisions\/1379"}],"wp:attachment":[{"href":"https:\/\/circle2learning.eu\/tr\/wp-json\/wp\/v2\/media?parent=1275"}],"curies":[{"name":"wp","href":"https:\/\/api.w.org\/{rel}","templated":true}]}}