{"id":35,"date":"2023-02-22T16:29:04","date_gmt":"2023-02-22T16:29:04","guid":{"rendered":"https:\/\/circle2learning.eu\/tr\/?page_id=35"},"modified":"2023-09-13T07:00:12","modified_gmt":"2023-09-13T07:00:12","slug":"circular-thinking","status":"publish","type":"page","link":"https:\/\/circle2learning.eu\/tr\/circular-thinking\/","title":{"rendered":"Circular Thinking"},"content":{"rendered":"<p>[et_pb_section fb_built=&#8221;1&#8243; _builder_version=&#8221;4.20.2&#8243; _module_preset=&#8221;default&#8221; global_colors_info=&#8221;{}&#8221;][et_pb_row column_structure=&#8221;1_2,1_2&#8243; _builder_version=&#8221;4.20.4&#8243; _module_preset=&#8221;default&#8221; global_colors_info=&#8221;{}&#8221;][et_pb_column type=&#8221;1_2&#8243; _builder_version=&#8221;4.20.4&#8243; _module_preset=&#8221;default&#8221; global_colors_info=&#8221;{}&#8221;][et_pb_image src=&#8221;https:\/\/circle2learning.eu\/tr\/wp-content\/uploads\/2023\/04\/What-4.png&#8221; title_text=&#8221;What (4)&#8221; _builder_version=&#8221;4.20.4&#8243; _module_preset=&#8221;default&#8221; global_colors_info=&#8221;{}&#8221;][\/et_pb_image][\/et_pb_column][et_pb_column type=&#8221;1_2&#8243; _builder_version=&#8221;4.20.4&#8243; _module_preset=&#8221;default&#8221; global_colors_info=&#8221;{}&#8221;][et_pb_text _builder_version=&#8221;4.21.0&#8243; _module_preset=&#8221;default&#8221; text_font_size=&#8221;16px&#8221; text_line_height=&#8221;1.8em&#8221; hover_enabled=&#8221;0&#8243; global_colors_info=&#8221;{}&#8221; sticky_enabled=&#8221;0&#8243;]<\/p>\n<div class=\"et_pb_module et_pb_text et_pb_text_0  et_pb_text_align_left et_pb_bg_layout_light\">\n<div class=\"et_pb_text_inner\">\n<p>D\u00f6ng\u00fcsel ekonomi, minimum at\u0131k ve kirlilik ile kaynaklar\u0131 m\u00fcmk\u00fcn oldu\u011funca uzun s\u00fcre kullan\u0131mda tutmay\u0131 ama\u00e7layan bir ekonomik sistemdir.<\/p>\n<p>D\u00f6ng\u00fcsel ekonomide kaynaklar at\u0131k olarak bertaraf edilmek yerine kullan\u0131l\u0131r, yeniden kullan\u0131l\u0131r ve yeniden \u00fcretilir. Bu, do\u011fas\u0131 gere\u011fi yenileyici ve onar\u0131c\u0131 olan \u00fcr\u00fcn, hizmet ve sistemlerin tasarlanmas\u0131yla elde edilir.<\/p>\n<p>D\u00f6ng\u00fcsel ekonomi modeli, \u00fcretim ve t\u00fcketimin \u00e7evresel etkilerini azaltmak, kaynak verimlili\u011fini art\u0131rmak ve yeni i\u015f f\u0131rsatlar\u0131 yaratmak gibi bir\u00e7ok fayda sunmaktad\u0131r. Ayr\u0131ca s\u00fcrd\u00fcr\u00fclebilir ekonomik b\u00fcy\u00fcmeyi destekler ve daha diren\u00e7li ve istikrarl\u0131 bir ekonomi yarat\u0131lmas\u0131na yard\u0131mc\u0131 olabilir.<\/p>\n<\/div>\n<\/div>\n<p>[\/et_pb_text][\/et_pb_column][\/et_pb_row][et_pb_row column_structure=&#8221;1_2,1_2&#8243; _builder_version=&#8221;4.21.0&#8243; _module_preset=&#8221;default&#8221; global_colors_info=&#8221;{}&#8221;][et_pb_column type=&#8221;1_2&#8243; _builder_version=&#8221;4.21.0&#8243; _module_preset=&#8221;default&#8221; global_colors_info=&#8221;{}&#8221;][et_pb_text _builder_version=&#8221;4.21.0&#8243; _module_preset=&#8221;default&#8221; hover_enabled=&#8221;0&#8243; global_colors_info=&#8221;{}&#8221; sticky_enabled=&#8221;0&#8243;]<\/p>\n<p><strong>Kaynaklardan Olabildi\u011fince Fazla De\u011fer \u00c7\u0131kar\u0131n<\/strong><\/p>\n<p>D\u00f6ng\u00fcsel ekonomi, ald\u0131\u011f\u0131m\u0131z, yapt\u0131\u011f\u0131m\u0131z ve att\u0131\u011f\u0131m\u0131z do\u011frusal ekonomi ile tezat olu\u015fturmaktad\u0131r. D\u00f6ng\u00fcsel ekonomide amac\u0131m\u0131z, do\u011fal kaynaklara olan talebimizi en aza indirmek ve \u00fcretim ve t\u00fcketim s\u00fcrecinde israf etti\u011fimiz miktar\u0131 azaltmakt\u0131r. At\u0131k minimizasyonuna ve at\u0131klar\u0131n ekonomik d\u00f6ng\u00fcye geri kazand\u0131r\u0131lmas\u0131na odaklanmak, daha d\u00f6ng\u00fcsel bir toplum olmak i\u00e7in kritik \u00f6neme sahiptir.<\/p>\n<p>Ancak bu d\u00fc\u015f\u00fcnceyi turizm, ula\u015ft\u0131rma ve tar\u0131m sekt\u00f6rlerine nas\u0131l uygulayabiliriz?<\/p>\n<p><strong>Turizm<\/strong> esas olarak, maddi kaynaklar\u0131n nerede t\u00fcketildi\u011finin ve at\u0131k azaltma f\u0131rsatlar\u0131n\u0131n nerede bulundu\u011funun hemen belli olmad\u0131\u011f\u0131 bir hizmet sekt\u00f6r\u00fcd\u00fcr. Ancak oteller, restoranlar, etkinlik organizat\u00f6rleri veya seyahat \u015firketlerinin hepsi mal sat\u0131n al\u0131r.<\/p>\n<p><strong>Ula\u015f\u0131m<\/strong> ya da insanlar\u0131n ve mallar\u0131n hareketi, her ikisi de kaynak t\u00fcketimini gerektiren ara\u00e7 ve yak\u0131t gerektirir.<\/p>\n<p><strong>Tar\u0131m,<\/strong> temelde t\u00fcketim i\u00e7in yenilebilir \u00fcr\u00fcnler \u00fcreten bir biyoekonomidir. Uygulamalar end\u00fcstriyel \u00f6l\u00e7ekte geli\u015fmi\u015ftir ve her a\u015famada at\u0131k \u00fcretilmektedir.<\/p>\n<p>&nbsp;<\/p>\n<p>[\/et_pb_text][\/et_pb_column][et_pb_column type=&#8221;1_2&#8243; _builder_version=&#8221;4.21.0&#8243; _module_preset=&#8221;default&#8221; global_colors_info=&#8221;{}&#8221;][et_pb_image src=&#8221;https:\/\/circle2learning.eu\/tr\/wp-content\/uploads\/2023\/06\/circular-economy.jpg&#8221; title_text=&#8221;Print&#8221; _builder_version=&#8221;4.21.0&#8243; _module_preset=&#8221;default&#8221; global_colors_info=&#8221;{}&#8221;][\/et_pb_image][\/et_pb_column][\/et_pb_row][\/et_pb_section]<\/p>\n","protected":false},"excerpt":{"rendered":"<p>D\u00f6ng\u00fcsel ekonomi, minimum at\u0131k ve kirlilik ile kaynaklar\u0131 m\u00fcmk\u00fcn oldu\u011funca uzun s\u00fcre kullan\u0131mda tutmay\u0131 ama\u00e7layan bir ekonomik sistemdir. D\u00f6ng\u00fcsel ekonomide kaynaklar at\u0131k olarak bertaraf edilmek yerine kullan\u0131l\u0131r, yeniden kullan\u0131l\u0131r ve yeniden \u00fcretilir. Bu, do\u011fas\u0131 gere\u011fi yenileyici ve onar\u0131c\u0131 olan \u00fcr\u00fcn, hizmet ve sistemlerin tasarlanmas\u0131yla elde edilir. D\u00f6ng\u00fcsel ekonomi modeli, \u00fcretim ve t\u00fcketimin \u00e7evresel etkilerini azaltmak, [&hellip;]<\/p>\n","protected":false},"author":2,"featured_media":0,"parent":0,"menu_order":0,"comment_status":"closed","ping_status":"closed","template":"","meta":{"_et_pb_use_builder":"on","_et_pb_old_content":"","_et_gb_content_width":"","footnotes":""},"class_list":["post-35","page","type-page","status-publish","hentry"],"_links":{"self":[{"href":"https:\/\/circle2learning.eu\/tr\/wp-json\/wp\/v2\/pages\/35","targetHints":{"allow":["GET"]}}],"collection":[{"href":"https:\/\/circle2learning.eu\/tr\/wp-json\/wp\/v2\/pages"}],"about":[{"href":"https:\/\/circle2learning.eu\/tr\/wp-json\/wp\/v2\/types\/page"}],"author":[{"embeddable":true,"href":"https:\/\/circle2learning.eu\/tr\/wp-json\/wp\/v2\/users\/2"}],"replies":[{"embeddable":true,"href":"https:\/\/circle2learning.eu\/tr\/wp-json\/wp\/v2\/comments?post=35"}],"version-history":[{"count":25,"href":"https:\/\/circle2learning.eu\/tr\/wp-json\/wp\/v2\/pages\/35\/revisions"}],"predecessor-version":[{"id":776,"href":"https:\/\/circle2learning.eu\/tr\/wp-json\/wp\/v2\/pages\/35\/revisions\/776"}],"wp:attachment":[{"href":"https:\/\/circle2learning.eu\/tr\/wp-json\/wp\/v2\/media?parent=35"}],"curies":[{"name":"wp","href":"https:\/\/api.w.org\/{rel}","templated":true}]}}