{"id":386,"date":"2023-05-19T11:36:09","date_gmt":"2023-05-19T11:36:09","guid":{"rendered":"https:\/\/circle2learning.eu\/tr\/?page_id=386"},"modified":"2025-02-06T13:59:51","modified_gmt":"2025-02-06T13:59:51","slug":"contact-us","status":"publish","type":"page","link":"https:\/\/circle2learning.eu\/tr\/contact-us\/","title":{"rendered":"Contact"},"content":{"rendered":"<p>[et_pb_section fb_built=&#8221;1&#8243; _builder_version=&#8221;4.21.0&#8243; _module_preset=&#8221;default&#8221; global_colors_info=&#8221;{}&#8221;][et_pb_row _builder_version=&#8221;4.21.0&#8243; _module_preset=&#8221;default&#8221; global_colors_info=&#8221;{}&#8221;][et_pb_column type=&#8221;4_4&#8243; _builder_version=&#8221;4.21.0&#8243; _module_preset=&#8221;default&#8221; global_colors_info=&#8221;{}&#8221;][et_pb_image src=&#8221;https:\/\/circle2learning.eu\/tr\/wp-content\/uploads\/2025\/02\/CIRCLE2_Contatti_Image.png&#8221; alt=&#8221;Decorative imagine&#8221; title_text=&#8221;CIRCLE2_Contatti_Image&#8221; _builder_version=&#8221;4.27.4&#8243; _module_preset=&#8221;default&#8221; global_colors_info=&#8221;{}&#8221;][\/et_pb_image][\/et_pb_column][\/et_pb_row][et_pb_row _builder_version=&#8221;4.27.4&#8243; _module_preset=&#8221;default&#8221; global_colors_info=&#8221;{}&#8221;][et_pb_column type=&#8221;4_4&#8243; _builder_version=&#8221;4.27.4&#8243; _module_preset=&#8221;default&#8221; global_colors_info=&#8221;{}&#8221;][et_pb_text _builder_version=&#8221;4.27.4&#8243; _module_preset=&#8221;default&#8221; text_font_size=&#8221;19px&#8221; hover_enabled=&#8221;0&#8243; global_colors_info=&#8221;{}&#8221; sticky_enabled=&#8221;0&#8243;]<\/p>\n<h2><strong>Size yard\u0131mc\u0131 olmak i\u00e7in buraday\u0131z!<\/strong><\/h2>\n<p>Herhangi bir \u015f\u00fcpheniz, merak\u0131n\u0131z varsa veya daha fazla bilgi edinmek istiyorsan\u0131z l\u00fctfen bizimle ileti\u015fime ge\u00e7mekten \u00e7ekinmeyin.<\/p>\n<p>Bize nas\u0131l ula\u015fabilece\u011finizi burada bulabilirsiniz:<\/p>\n<p><strong>PMC (Litvanya) i\u00e7in lider ortak ve proje y\u00f6neticisi<\/strong><\/p>\n<p><strong><span>Email:<\/span><\/strong>\u00a0<a href=\"mailto:vaida.sinkeviciene@paneveziomc.lt\">vaida.sinkeviciene@paneveziomc.lt<\/a><\/p>\n<p><strong>TARSUS TSO\u00a0 i\u00e7in proje y\u00f6neticisi<\/strong><\/p>\n<p>Email: <a href=\"mailto:r.sari@tarsustso.org.tr\">r.sari@tarsustso.org.tr<\/a><\/p>\n<p>[\/et_pb_text][et_pb_button button_url=&#8221;https:\/\/circle2learning.eu\/tr\/wp-content\/uploads\/2024\/11\/CIRCLE2_Interview.Transport_Scotland_TR.pdf&#8221; url_new_window=&#8221;on&#8221; button_text=&#8221;Video Metnini Buradan \u0130ndirin&#8221; button_alignment=&#8221;center&#8221; _builder_version=&#8221;4.27.3&#8243; _module_preset=&#8221;default&#8221; locked=&#8221;off&#8221; global_colors_info=&#8221;{}&#8221;][\/et_pb_button][\/et_pb_column][\/et_pb_row][\/et_pb_section]<\/p>\n","protected":false},"excerpt":{"rendered":"<p>Size yard\u0131mc\u0131 olmak i\u00e7in buraday\u0131z! Herhangi bir \u015f\u00fcpheniz, merak\u0131n\u0131z varsa veya daha fazla bilgi edinmek istiyorsan\u0131z l\u00fctfen bizimle ileti\u015fime ge\u00e7mekten \u00e7ekinmeyin. Bize nas\u0131l ula\u015fabilece\u011finizi burada bulabilirsiniz: PMC (Litvanya) i\u00e7in lider ortak ve proje y\u00f6neticisi Email:\u00a0vaida.sinkeviciene@paneveziomc.lt TARSUS TSO\u00a0 i\u00e7in proje y\u00f6neticisi Email: r.sari@tarsustso.org.tr<\/p>\n","protected":false},"author":4,"featured_media":0,"parent":0,"menu_order":0,"comment_status":"closed","ping_status":"closed","template":"","meta":{"_et_pb_use_builder":"on","_et_pb_old_content":"<!-- wp:wpforms\/form-selector {\"clientId\":\"649283df-a2fa-4fea-a8eb-f6aa71e257a5\",\"formId\":\"388\",\"copyPasteValue\":\"{\\u0022displayTitle\\u0022:false,\\u0022displayDesc\\u0022:false,\\u0022fieldSize\\u0022:\\u0022medium\\u0022,\\u0022fieldBorderRadius\\u0022:\\u00223px\\u0022,\\u0022fieldBackgroundColor\\u0022:\\u0022#ffffff\\u0022,\\u0022fieldBorderColor\\u0022:\\u0022rgba( 0, 0, 0, 0.25 )\\u0022,\\u0022fieldTextColor\\u0022:\\u0022rgba( 0, 0, 0, 0.7 )\\u0022,\\u0022labelSize\\u0022:\\u0022medium\\u0022,\\u0022labelColor\\u0022:\\u0022rgba( 0, 0, 0, 0.85 )\\u0022,\\u0022labelSublabelColor\\u0022:\\u0022rgba( 0, 0, 0, 0.55 )\\u0022,\\u0022labelErrorColor\\u0022:\\u0022#d63637\\u0022,\\u0022buttonSize\\u0022:\\u0022medium\\u0022,\\u0022buttonBorderRadius\\u0022:\\u00223px\\u0022,\\u0022buttonBackgroundColor\\u0022:\\u0022#066aab\\u0022,\\u0022buttonTextColor\\u0022:\\u0022#ffffff\\u0022}\"} \/-->","_et_gb_content_width":"","footnotes":""},"class_list":["post-386","page","type-page","status-publish","hentry"],"_links":{"self":[{"href":"https:\/\/circle2learning.eu\/tr\/wp-json\/wp\/v2\/pages\/386","targetHints":{"allow":["GET"]}}],"collection":[{"href":"https:\/\/circle2learning.eu\/tr\/wp-json\/wp\/v2\/pages"}],"about":[{"href":"https:\/\/circle2learning.eu\/tr\/wp-json\/wp\/v2\/types\/page"}],"author":[{"embeddable":true,"href":"https:\/\/circle2learning.eu\/tr\/wp-json\/wp\/v2\/users\/4"}],"replies":[{"embeddable":true,"href":"https:\/\/circle2learning.eu\/tr\/wp-json\/wp\/v2\/comments?post=386"}],"version-history":[{"count":15,"href":"https:\/\/circle2learning.eu\/tr\/wp-json\/wp\/v2\/pages\/386\/revisions"}],"predecessor-version":[{"id":1384,"href":"https:\/\/circle2learning.eu\/tr\/wp-json\/wp\/v2\/pages\/386\/revisions\/1384"}],"wp:attachment":[{"href":"https:\/\/circle2learning.eu\/tr\/wp-json\/wp\/v2\/media?parent=386"}],"curies":[{"name":"wp","href":"https:\/\/api.w.org\/{rel}","templated":true}]}}