{"id":420,"date":"2023-06-06T15:08:30","date_gmt":"2023-06-06T15:08:30","guid":{"rendered":"https:\/\/circle2learning.eu\/tr\/?page_id=420"},"modified":"2025-02-07T15:11:07","modified_gmt":"2025-02-07T15:11:07","slug":"transport","status":"publish","type":"page","link":"https:\/\/circle2learning.eu\/tr\/transport\/","title":{"rendered":"Transport"},"content":{"rendered":"<p>[et_pb_section fb_built=&#8221;1&#8243; fullwidth=&#8221;on&#8221; _builder_version=&#8221;4.21.0&#8243; _module_preset=&#8221;default&#8221; background_color=&#8221;#595959&#8243; global_colors_info=&#8221;{}&#8221;][et_pb_fullwidth_slider use_bg_overlay=&#8221;off&#8221; _builder_version=&#8221;4.21.0&#8243; _module_preset=&#8221;default&#8221; header_font=&#8221;|700|||||||&#8221; header_letter_spacing=&#8221;1px&#8221; header_line_height=&#8221;1.1em&#8221; body_font=&#8221;|600|||||||&#8221; body_font_size=&#8221;16px&#8221; body_letter_spacing=&#8221;1px&#8221; body_line_height=&#8221;1.8em&#8221; background_color=&#8221;#7c7c7c&#8221; background_color_tablet=&#8221;#686868&#8243; background_color_phone=&#8221;#999999&#8243; background_last_edited=&#8221;off|tablet&#8221; background_enable_color_tablet=&#8221;on&#8221; background_enable_color_phone=&#8221;on&#8221; global_colors_info=&#8221;{}&#8221;][et_pb_slide heading=&#8221;Ula\u015f\u0131m&#8221; image=&#8221;https:\/\/circle2learning.eu\/tr\/wp-content\/uploads\/2023\/02\/Train.jpg&#8221; _builder_version=&#8221;4.21.0&#8243; _module_preset=&#8221;default&#8221; background_color=&#8221;#707070&#8243; background_enable_color=&#8221;on&#8221; global_colors_info=&#8221;{}&#8221; sticky_transition=&#8221;on&#8221;]<\/p>\n<p><span>Ula\u015f\u0131m, \u00e7e\u015fitli \u00e7evresel, sosyal ve ekonomik y\u00f6nleri do\u011frudan etkiledi\u011finden s\u00fcrd\u00fcr\u00fclebilir kalk\u0131nmada \u00f6nemli bir rol oynamaktad\u0131r. S\u00fcrd\u00fcr\u00fclebilirlik ilkelerini ula\u015f\u0131m planlamas\u0131na ve operasyonlar\u0131na entegre ederek daha \u00e7evre dostu, sosyal a\u00e7\u0131dan kapsay\u0131c\u0131 ve ekonomik a\u00e7\u0131dan s\u00fcrd\u00fcr\u00fclebilir bir ula\u015f\u0131m sekt\u00f6r\u00fc yaratabiliriz. Bu b\u00f6l\u00fcmde ula\u015f\u0131m ve d\u00f6ng\u00fcsel ekonominin entegrasyonuna ili\u015fkin e\u011fitim materyalleri yer almaktad\u0131r.<\/span><\/p>\n<p>[\/et_pb_slide][\/et_pb_fullwidth_slider][\/et_pb_section][et_pb_section fb_built=&#8221;1&#8243; specialty=&#8221;on&#8221; admin_label=&#8221;All Courses&#8221; _builder_version=&#8221;4.16&#8243; custom_padding=&#8221;100px|0px|100px|0px&#8221; global_colors_info=&#8221;{}&#8221;][et_pb_column type=&#8221;1_3&#8243; _builder_version=&#8221;4.16&#8243; custom_padding=&#8221;|||&#8221; global_colors_info=&#8221;{}&#8221; parallax__hover=&#8221;off&#8221; parallax_method__hover=&#8221;on&#8221; custom_padding__hover=&#8221;|||&#8221;][et_pb_text _builder_version=&#8221;4.21.0&#8243; header_font=&#8221;||||||||&#8221; header_2_font=&#8221;|700|||||||&#8221; header_2_text_color=&#8221;#7272ff&#8221; header_2_font_size=&#8221;36px&#8221; header_2_line_height=&#8221;1.3em&#8221; custom_margin=&#8221;||20px|&#8221; animation_style=&#8221;slide&#8221; animation_direction=&#8221;bottom&#8221; animation_intensity_slide=&#8221;10%&#8221; locked=&#8221;off&#8221; global_colors_info=&#8221;{}&#8221; header_font_size__hover=&#8221;30px&#8221; header_font_size__hover_enabled=&#8221;30px&#8221; header_letter_spacing__hover=&#8221;0px&#8221; header_letter_spacing__hover_enabled=&#8221;0px&#8221; header_text_shadow_style__hover=&#8221;none&#8221; header_text_shadow_style__hover_enabled=&#8221;none&#8221; header_text_shadow_color__hover=&#8221;rgba(0,0,0,0.4)&#8221; header_text_shadow_color__hover_enabled=&#8221;rgba(0,0,0,0.4)&#8221;]<\/p>\n<h2>D\u00f6ng\u00fcsel Ekonomi ve Ula\u015ft\u0131rma Ders \u00dcniteleri<\/h2>\n<p>[\/et_pb_text][et_pb_divider color=&#8221;#09e1c0&#8243; divider_weight=&#8221;4px&#8221; disabled_on=&#8221;on|on|off&#8221; _builder_version=&#8221;4.16&#8243; background_size=&#8221;initial&#8221; background_position=&#8221;top_left&#8221; background_repeat=&#8221;repeat&#8221; max_width=&#8221;40px&#8221; module_alignment=&#8221;left&#8221; custom_margin=&#8221;||10px|&#8221; animation_style=&#8221;zoom&#8221; animation_direction=&#8221;left&#8221; saved_tabs=&#8221;all&#8221; locked=&#8221;off&#8221; global_colors_info=&#8221;{}&#8221;][\/et_pb_divider][et_pb_text _builder_version=&#8221;4.21.0&#8243; text_font=&#8221;||||||||&#8221; text_text_color=&#8221;#000000&#8243; text_font_size=&#8221;16px&#8221; text_line_height=&#8221;1.9em&#8221; header_font=&#8221;||||||||&#8221; header_4_font=&#8221;|700|||||||&#8221; header_4_font_size=&#8221;16px&#8221; header_4_line_height=&#8221;1.9em&#8221; animation_style=&#8221;zoom&#8221; animation_intensity_zoom=&#8221;6%&#8221; locked=&#8221;off&#8221; global_colors_info=&#8221;{}&#8221;]<\/p>\n<h4>Ta\u015f\u0131mac\u0131l\u0131k sekt\u00f6r\u00fc farkl\u0131 becerilere sahip \u00e7ok \u00e7e\u015fitli insanlar\u0131 istihdam etmektedir<\/h4>\n<p>Avrupa&#8217;da ula\u015ft\u0131rma sekt\u00f6r\u00fc, ekonomik b\u00fcy\u00fcmenin kolayla\u015ft\u0131r\u0131lmas\u0131nda, b\u00f6lgesel entegrasyonun te\u015fvik edilmesinde ve k\u0131ta \u00e7ap\u0131nda insanlar\u0131 ve mallar\u0131 birbirine ba\u011flamada kritik bir rol oynamaktad\u0131r. Her biri genel ula\u015f\u0131m a\u011f\u0131na katk\u0131da bulunan karayolu, demiryolu, havayolu ve denizyolu dahil olmak \u00fczere \u00e7e\u015fitli ula\u015f\u0131m modlar\u0131n\u0131 kapsar.<\/p>\n<p>D\u00f6ng\u00fcsel ekonomi, \u00d6\u011frenciler ve mesleki e\u011fitimcilerin s\u00fcrd\u00fcr\u00fclebilirli\u011fi ve d\u00f6ng\u00fcsel ekonomiyi yapt\u0131klar\u0131 i\u015fin merkezine koymalar\u0131 i\u00e7in bir f\u0131rsatt\u0131r. Her sekt\u00f6r daha az at\u0131k i\u00e7eren, karbon etkisini azaltan ve enerji a\u00e7\u0131s\u0131ndan daha verimli yeni \u00e7al\u0131\u015fma y\u00f6ntemleri tan\u0131mlayabilir.<\/p>\n<p>&nbsp;<\/p>\n<p>[\/et_pb_text][et_pb_divider divider_weight=&#8221;4px&#8221; _builder_version=&#8221;4.21.0&#8243; _module_preset=&#8221;default&#8221; global_colors_info=&#8221;{}&#8221;][\/et_pb_divider][et_pb_blurb title=&#8221;Kaynak Paketi 1&#8243; url=&#8221;https:\/\/circle2learning.eu\/tr\/transport-resource-pack-1\/&#8221; image=&#8221;https:\/\/circle2learning.eu\/tr\/wp-content\/uploads\/2023\/06\/icons8-books-80.png&#8221; icon_placement=&#8221;left&#8221; image_icon_width=&#8221;180%&#8221; _builder_version=&#8221;4.27.4&#8243; _module_preset=&#8221;default&#8221; header_font=&#8221;|700|||||||&#8221; header_line_height=&#8221;1.5em&#8221; body_text_color=&#8221;#000000&#8243; body_line_height=&#8221;1.9em&#8221; link_option_url=&#8221;https:\/\/circle2learning.eu\/tr\/transport-resource-pack-1\/&#8221; global_colors_info=&#8221;{}&#8221;]<\/p>\n<p>D\u00f6ng\u00fcsel ekonomi yolculu\u011funuzla ilgili dosyalara ve ara\u00e7lara eri\u015fin.<\/p>\n<p>[\/et_pb_blurb][et_pb_blurb title=&#8221;Kaynak Paketi 2&#8243; url=&#8221;https:\/\/circle2learning.eu\/tr\/transport-resource-pack-2\/&#8221; image=&#8221;https:\/\/circle2learning.eu\/tr\/wp-content\/uploads\/2023\/06\/icons8-books-80.png&#8221; icon_placement=&#8221;left&#8221; _builder_version=&#8221;4.27.3&#8243; _module_preset=&#8221;default&#8221; header_font=&#8221;|700|||||||&#8221; header_line_height=&#8221;1.5em&#8221; body_text_color=&#8221;#000000&#8243; body_line_height=&#8221;1.9em&#8221; link_option_url=&#8221;https:\/\/circle2learning.eu\/tr\/transport-resource-pack-2\/&#8221; global_colors_info=&#8221;{}&#8221;]<\/p>\n<p>D\u00f6ng\u00fcsel ekonomi yolculu\u011funuzla ilgili dosyalara ve ara\u00e7lara eri\u015fin.<\/p>\n<p>[\/et_pb_blurb][et_pb_blurb title=&#8221;Ula\u015f\u0131m R\u00f6portajlar\u0131&#8221; url=&#8221;https:\/\/circle2learning.eu\/tr\/wp-content\/uploads\/2025\/02\/CIRCLE2_Interviews_Transport_TR_.pdf&#8221; image=&#8221;https:\/\/circle2learning.eu\/tr\/wp-content\/uploads\/2023\/06\/icons8-books-80.png&#8221; icon_placement=&#8221;left&#8221; _builder_version=&#8221;4.27.4&#8243; _module_preset=&#8221;default&#8221; header_font=&#8221;|700|||||||&#8221; header_line_height=&#8221;1.5em&#8221; body_text_color=&#8221;#000000&#8243; body_line_height=&#8221;1.9em&#8221; link_option_url=&#8221;https:\/\/circle2learning.eu\/tr\/wp-content\/uploads\/2025\/02\/CIRCLE2_Interviews_Transport_TR_.pdf&#8221; hover_enabled=&#8221;0&#8243; global_colors_info=&#8221;{}&#8221; url_new_window=&#8221;on&#8221; link_option_url_new_window=&#8221;on&#8221; sticky_enabled=&#8221;0&#8243;]<\/p>\n<p>Ula\u015f\u0131m i\u00e7in yap\u0131lan g\u00f6r\u00fc\u015fmelerin derlemesi<\/p>\n<p>[\/et_pb_blurb][\/et_pb_column][et_pb_column type=&#8221;2_3&#8243; specialty_columns=&#8221;2&#8243; _builder_version=&#8221;4.16&#8243; custom_padding=&#8221;|||&#8221; global_colors_info=&#8221;{}&#8221; parallax__hover=&#8221;off&#8221; parallax_method__hover=&#8221;on&#8221; custom_padding__hover=&#8221;|||&#8221;][et_pb_row_inner use_custom_gutter=&#8221;on&#8221; gutter_width=&#8221;1&#8243; _builder_version=&#8221;4.19.5&#8243; width=&#8221;100%&#8221; custom_margin=&#8221;|106px||||&#8221; custom_padding=&#8221;0px|0px|0px|0px&#8221; animation_style=&#8221;zoom&#8221; animation_intensity_zoom=&#8221;6%&#8221; box_shadow_style=&#8221;preset1&#8243; box_shadow_vertical=&#8221;10px&#8221; box_shadow_blur=&#8221;60px&#8221; box_shadow_color=&#8221;rgba(71,74,182,0.12)&#8221; global_colors_info=&#8221;{}&#8221;][et_pb_column_inner saved_specialty_column_type=&#8221;2_3&#8243; module_class=&#8221;et_pb_column_1_2&#8243; _builder_version=&#8221;4.16&#8243; custom_padding=&#8221;|||&#8221; global_colors_info=&#8221;{}&#8221; parallax__hover=&#8221;off&#8221; parallax_method__hover=&#8221;on&#8221; module_class__hover=&#8221;et_pb_column_1_2&#8243; custom_padding__hover=&#8221;|||&#8221;][et_pb_blurb title=&#8221;1. Ula\u015f\u0131m ve DE&#8221; url=&#8221;https:\/\/circle2learning.eu\/tr\/transport-and-ce\/&#8221; image=&#8221;https:\/\/circle2learning.eu\/tr\/wp-content\/uploads\/2023\/07\/bus-stop.png&#8221; icon_placement=&#8221;left&#8221; image_icon_width=&#8221;64px&#8221; content_max_width=&#8221;1100px&#8221; _builder_version=&#8221;4.21.0&#8243; header_font=&#8221;|on|||&#8221; header_text_color=&#8221;#2e2545&#8243; header_line_height=&#8221;1.5em&#8221; body_text_color=&#8221;#000000&#8243; body_line_height=&#8221;1.9em&#8221; background_color=&#8221;#ffffff&#8221; width=&#8221;100%&#8221; custom_margin=&#8221;|||&#8221; custom_padding=&#8221;30px|30px|30px|30px&#8221; animation_style=&#8221;zoom&#8221; animation_direction=&#8221;bottom&#8221; animation_intensity_zoom=&#8221;20%&#8221; animation_starting_opacity=&#8221;100%&#8221; link_option_url=&#8221;https:\/\/circle2learning.eu\/tr\/transport-and-ce\/&#8221; box_shadow_style=&#8221;preset7&#8243; box_shadow_horizontal=&#8221;-1px&#8221; box_shadow_vertical=&#8221;-1px&#8221; box_shadow_color=&#8221;rgba(71,74,182,0.12)&#8221; image_max_width=&#8221;64px&#8221; locked=&#8221;off&#8221; global_colors_info=&#8221;{}&#8221;]<\/p>\n<p>Ula\u015f\u0131m ve d\u00f6ng\u00fcsel ekonomi g\u00fcn\u00fcm\u00fcz d\u00fcnyas\u0131nda \u00f6nemi giderek artan iki kavramd\u0131r. D\u00f6ng\u00fcsel ekonomi ilkelerini benimsemenin \u00e7evresel ayak izini nas\u0131l azaltabilece\u011fini ve daha \u00e7evre dostu, sosyal a\u00e7\u0131dan kapsay\u0131c\u0131 ve ekonomik a\u00e7\u0131dan s\u00fcrd\u00fcr\u00fclebilir bir ula\u015f\u0131m sekt\u00f6r\u00fc yaratabilece\u011fini \u00f6\u011frenin.<\/p>\n<p>[\/et_pb_blurb][et_pb_blurb title=&#8221;2. Lojistikte D\u00f6ng\u00fcsel Ekonomi &#8211; Mallar\u0131n Hareketi&#8221; url=&#8221;https:\/\/circle2learning.eu\/tr\/transport-and-logistics\/&#8221; image=&#8221;https:\/\/circle2learning.eu\/tr\/wp-content\/uploads\/2023\/07\/logistics.png&#8221; icon_placement=&#8221;left&#8221; image_icon_width=&#8221;64px&#8221; content_max_width=&#8221;1100px&#8221; _builder_version=&#8221;4.21.0&#8243; header_font=&#8221;|on|||&#8221; header_text_color=&#8221;#2e2545&#8243; header_line_height=&#8221;1.5em&#8221; body_text_color=&#8221;#000000&#8243; body_line_height=&#8221;1.9em&#8221; background_color=&#8221;#ffffff&#8221; custom_margin=&#8221;|||&#8221; custom_padding=&#8221;30px|30px|30px|30px&#8221; animation_style=&#8221;zoom&#8221; animation_direction=&#8221;bottom&#8221; animation_intensity_zoom=&#8221;20%&#8221; animation_starting_opacity=&#8221;100%&#8221; link_option_url=&#8221;https:\/\/circle2learning.eu\/tr\/transport-and-logistics\/&#8221; box_shadow_style=&#8221;preset7&#8243; box_shadow_horizontal=&#8221;-1px&#8221; box_shadow_vertical=&#8221;-1px&#8221; box_shadow_color=&#8221;rgba(71,74,182,0.12)&#8221; image_max_width=&#8221;64px&#8221; locked=&#8221;off&#8221; global_colors_info=&#8221;{}&#8221;]<\/p>\n<p style=\"text-align: justify;\"><span>D\u00f6ng\u00fcsel ekonomi, lojistik sekt\u00f6r\u00fcnde mallar\u0131n hareketini d\u00f6n\u00fc\u015ft\u00fcrmek i\u00e7in ilgi \u00e7ekici bir \u00e7er\u00e7eve sunuyor. Kaynak verimlili\u011fine, at\u0131klar\u0131n azalt\u0131lmas\u0131na ve i\u015fbirli\u011fine \u00f6ncelik veren d\u00f6ng\u00fcsel ekonomi lojisti\u011fi, daha s\u00fcrd\u00fcr\u00fclebilir ve diren\u00e7li bir tedarik zincirine katk\u0131da bulunurken ayn\u0131 zamanda ekonomik ve \u00e7evresel faydalar da sa\u011flayabilir.<\/span><\/p>\n<p>[\/et_pb_blurb][et_pb_blurb title=&#8221;3. \u0130nsanlar\u0131n Hareketi&#8221; url=&#8221;https:\/\/circle2learning.eu\/tr\/transport-and-people\/&#8221; image=&#8221;https:\/\/circle2learning.eu\/tr\/wp-content\/uploads\/2023\/07\/public-transport.png&#8221; icon_placement=&#8221;left&#8221; image_icon_width=&#8221;64px&#8221; content_max_width=&#8221;1100px&#8221; _builder_version=&#8221;4.21.0&#8243; header_font=&#8221;|on|||&#8221; header_text_color=&#8221;#2e2545&#8243; header_line_height=&#8221;1.5em&#8221; body_text_color=&#8221;#000000&#8243; body_line_height=&#8221;1.9em&#8221; background_color=&#8221;#ffffff&#8221; custom_margin=&#8221;|||&#8221; custom_padding=&#8221;30px|30px|30px|30px&#8221; animation_style=&#8221;zoom&#8221; animation_direction=&#8221;bottom&#8221; animation_intensity_zoom=&#8221;20%&#8221; animation_starting_opacity=&#8221;100%&#8221; link_option_url=&#8221;https:\/\/circle2learning.eu\/tr\/transport-and-people\/&#8221; box_shadow_style=&#8221;preset7&#8243; box_shadow_horizontal=&#8221;-1px&#8221; box_shadow_vertical=&#8221;-1px&#8221; box_shadow_color=&#8221;rgba(71,74,182,0.12)&#8221; image_max_width=&#8221;64px&#8221; locked=&#8221;off&#8221; global_colors_info=&#8221;{}&#8221;]<\/p>\n<p><span>\u0130nsanlar\u0131n hareketine uygulanan d\u00f6ng\u00fcsel ekonomi yakla\u015f\u0131m\u0131, s\u00fcrd\u00fcr\u00fclebilir ula\u015f\u0131m sistemlerini, azalt\u0131lm\u0131\u015f emisyonlar\u0131 ve geli\u015fmi\u015f refah\u0131 vurguluyor. D\u00f6ng\u00fcsel ekonomi uygulamalar\u0131, aktif ula\u015f\u0131m modlar\u0131n\u0131, ortak mobilite hizmetlerini ve verimli kaynak tahsisini te\u015fvik ederek insanlar\u0131n seyahat etme \u015feklini d\u00f6n\u00fc\u015ft\u00fcrebilir ve daha s\u00fcrd\u00fcr\u00fclebilir ve kapsay\u0131c\u0131 bir toplumu te\u015fvik edebilir.<\/span><\/p>\n<p>[\/et_pb_blurb][et_pb_blurb title=&#8221;4. Ara\u00e7larda \u0130novasyon&#8221; url=&#8221;https:\/\/circle2learning.eu\/tr\/transport-and-innovation\/&#8221; image=&#8221;https:\/\/circle2learning.eu\/tr\/wp-content\/uploads\/2023\/07\/innovation.png&#8221; icon_placement=&#8221;left&#8221; image_icon_width=&#8221;64px&#8221; content_max_width=&#8221;1100px&#8221; _builder_version=&#8221;4.21.0&#8243; header_font=&#8221;|on|||&#8221; header_text_color=&#8221;#2e2545&#8243; header_line_height=&#8221;1.5em&#8221; body_text_color=&#8221;#000000&#8243; body_line_height=&#8221;1.9em&#8221; background_color=&#8221;#ffffff&#8221; custom_margin=&#8221;|||&#8221; custom_padding=&#8221;30px|30px|30px|30px&#8221; animation_style=&#8221;zoom&#8221; animation_direction=&#8221;bottom&#8221; animation_intensity_zoom=&#8221;20%&#8221; animation_starting_opacity=&#8221;100%&#8221; link_option_url=&#8221;https:\/\/circle2learning.eu\/tr\/transport-and-innovation\/&#8221; box_shadow_style=&#8221;preset7&#8243; box_shadow_horizontal=&#8221;-1px&#8221; box_shadow_vertical=&#8221;-1px&#8221; box_shadow_color=&#8221;rgba(71,74,182,0.12)&#8221; image_max_width=&#8221;64px&#8221; locked=&#8221;off&#8221; global_colors_info=&#8221;{}&#8221;]<\/p>\n<p style=\"text-align: justify;\"><span>Innovation in vehicles plays a pivotal role in transitioning towards a more sustainable and circular economy. The integration of circular economy principles in the design, production, use, and end-of-life stages of vehicles offers opportunities to maximize resource efficiency, reduce waste, and minimize environmental impacts.<\/span><\/p>\n<p>[\/et_pb_blurb][et_pb_blurb title=&#8221;5. Elektrikli Ara\u00e7 Teknolojileri&#8221; url=&#8221;https:\/\/circle2learning.eu\/tr\/transport-and-electric-vehicles\/&#8221; image=&#8221;https:\/\/circle2learning.eu\/tr\/wp-content\/uploads\/2023\/07\/eco-car.png&#8221; icon_placement=&#8221;left&#8221; image_icon_width=&#8221;64px&#8221; content_max_width=&#8221;1100px&#8221; _builder_version=&#8221;4.21.0&#8243; header_font=&#8221;|on|||&#8221; header_text_color=&#8221;#2e2545&#8243; header_line_height=&#8221;1.5em&#8221; body_text_color=&#8221;#000000&#8243; body_line_height=&#8221;1.9em&#8221; background_color=&#8221;#ffffff&#8221; custom_margin=&#8221;|||&#8221; custom_padding=&#8221;30px|30px|30px|30px&#8221; animation_style=&#8221;zoom&#8221; animation_direction=&#8221;bottom&#8221; animation_intensity_zoom=&#8221;20%&#8221; animation_starting_opacity=&#8221;100%&#8221; link_option_url=&#8221;https:\/\/circle2learning.eu\/tr\/transport-and-electric-vehicles\/&#8221; box_shadow_style=&#8221;preset7&#8243; box_shadow_horizontal=&#8221;-1px&#8221; box_shadow_vertical=&#8221;-1px&#8221; box_shadow_color=&#8221;rgba(71,74,182,0.12)&#8221; image_max_width=&#8221;64px&#8221; locked=&#8221;off&#8221; global_colors_info=&#8221;{}&#8221;]<\/p>\n<p style=\"text-align: justify;\"><span>Elektrikli ara\u00e7lar\u0131n (EV&#8217;ler) ortaya \u00e7\u0131k\u0131\u015f\u0131, d\u00f6ng\u00fcsel ekonominin ilkelerini ilerletmek i\u00e7in d\u00f6n\u00fc\u015ft\u00fcr\u00fcc\u00fc bir f\u0131rsat sundu. Geri d\u00f6n\u00fc\u015ft\u00fcr\u00fclm\u00fc\u015f malzemelerin kullan\u0131m\u0131, pil yenilikleri, verimli \u015farj altyap\u0131s\u0131 ve veriye dayal\u0131 optimizasyon yoluyla d\u00f6ng\u00fcsel ekonomi yakla\u015f\u0131m\u0131, elektrikli ara\u00e7lar\u0131n ya\u015fam d\u00f6ng\u00fcs\u00fc boyunca kaynak verimlili\u011fini en \u00fcst d\u00fczeye \u00e7\u0131kar\u0131r ve israf\u0131 en aza indirir.<\/span><\/p>\n<p>[\/et_pb_blurb][et_pb_blurb title=&#8221;6. Ula\u015ft\u0131rma Sisteminde Dijitalle\u015fme&#8221; url=&#8221;https:\/\/circle2learning.eu\/tr\/transport-and-digitization\/&#8221; image=&#8221;https:\/\/circle2learning.eu\/tr\/wp-content\/uploads\/2023\/07\/map.png&#8221; icon_placement=&#8221;left&#8221; image_icon_width=&#8221;64px&#8221; content_max_width=&#8221;1100px&#8221; _builder_version=&#8221;4.21.0&#8243; header_font=&#8221;|on|||&#8221; header_text_color=&#8221;#2e2545&#8243; header_line_height=&#8221;1.5em&#8221; body_text_color=&#8221;#000000&#8243; body_line_height=&#8221;1.9em&#8221; background_color=&#8221;#ffffff&#8221; custom_margin=&#8221;|||&#8221; custom_padding=&#8221;30px|30px|30px|30px&#8221; animation_style=&#8221;zoom&#8221; animation_direction=&#8221;bottom&#8221; animation_intensity_zoom=&#8221;20%&#8221; animation_starting_opacity=&#8221;100%&#8221; link_option_url=&#8221;https:\/\/circle2learning.eu\/tr\/transport-and-digitization\/&#8221; box_shadow_style=&#8221;preset7&#8243; box_shadow_horizontal=&#8221;-1px&#8221; box_shadow_vertical=&#8221;-1px&#8221; box_shadow_color=&#8221;rgba(71,74,182,0.12)&#8221; image_max_width=&#8221;64px&#8221; locked=&#8221;off&#8221; global_colors_info=&#8221;{}&#8221;]<\/p>\n<p style=\"text-align: justify;\"><span>Dijitalle\u015ftirme, ula\u015f\u0131m rotalar\u0131n\u0131n ve modlar\u0131n\u0131n optimizasyonunu kolayla\u015ft\u0131rarak enerji t\u00fcketimini en aza indirir ve karbon emisyonlar\u0131n\u0131 azalt\u0131r. Ger\u00e7ek zamanl\u0131 veri toplama ve analiz sayesinde ta\u015f\u0131mac\u0131l\u0131k operat\u00f6rleri rota planlamas\u0131, ara\u00e7 kullan\u0131m\u0131 ve y\u00fck optimizasyonu konusunda bilin\u00e7li kararlar alabiliyor. Bu optimizasyon, bo\u015f ta\u015f\u0131malar\u0131n azalt\u0131lmas\u0131na, varl\u0131k kullan\u0131m\u0131n\u0131n iyile\u015ftirilmesine ve genel kaynak verimlili\u011fine yol a\u00e7ar.<\/span><\/p>\n<p>[\/et_pb_blurb][\/et_pb_column_inner][\/et_pb_row_inner][\/et_pb_column][\/et_pb_section]<\/p>\n","protected":false},"excerpt":{"rendered":"<p>Ula\u015f\u0131m, \u00e7e\u015fitli \u00e7evresel, sosyal ve ekonomik y\u00f6nleri do\u011frudan etkiledi\u011finden s\u00fcrd\u00fcr\u00fclebilir kalk\u0131nmada \u00f6nemli bir rol oynamaktad\u0131r. S\u00fcrd\u00fcr\u00fclebilirlik ilkelerini ula\u015f\u0131m planlamas\u0131na ve operasyonlar\u0131na entegre ederek daha \u00e7evre dostu, sosyal a\u00e7\u0131dan kapsay\u0131c\u0131 ve ekonomik a\u00e7\u0131dan s\u00fcrd\u00fcr\u00fclebilir bir ula\u015f\u0131m sekt\u00f6r\u00fc yaratabiliriz. Bu b\u00f6l\u00fcmde ula\u015f\u0131m ve d\u00f6ng\u00fcsel ekonominin entegrasyonuna ili\u015fkin e\u011fitim materyalleri yer almaktad\u0131r.D\u00f6ng\u00fcsel Ekonomi ve Ula\u015ft\u0131rma Ders \u00dcniteleriTa\u015f\u0131mac\u0131l\u0131k sekt\u00f6r\u00fc [&hellip;]<\/p>\n","protected":false},"author":4,"featured_media":0,"parent":0,"menu_order":0,"comment_status":"closed","ping_status":"closed","template":"","meta":{"_et_pb_use_builder":"on","_et_pb_old_content":"","_et_gb_content_width":"","footnotes":""},"class_list":["post-420","page","type-page","status-publish","hentry"],"_links":{"self":[{"href":"https:\/\/circle2learning.eu\/tr\/wp-json\/wp\/v2\/pages\/420","targetHints":{"allow":["GET"]}}],"collection":[{"href":"https:\/\/circle2learning.eu\/tr\/wp-json\/wp\/v2\/pages"}],"about":[{"href":"https:\/\/circle2learning.eu\/tr\/wp-json\/wp\/v2\/types\/page"}],"author":[{"embeddable":true,"href":"https:\/\/circle2learning.eu\/tr\/wp-json\/wp\/v2\/users\/4"}],"replies":[{"embeddable":true,"href":"https:\/\/circle2learning.eu\/tr\/wp-json\/wp\/v2\/comments?post=420"}],"version-history":[{"count":30,"href":"https:\/\/circle2learning.eu\/tr\/wp-json\/wp\/v2\/pages\/420\/revisions"}],"predecessor-version":[{"id":1393,"href":"https:\/\/circle2learning.eu\/tr\/wp-json\/wp\/v2\/pages\/420\/revisions\/1393"}],"wp:attachment":[{"href":"https:\/\/circle2learning.eu\/tr\/wp-json\/wp\/v2\/media?parent=420"}],"curies":[{"name":"wp","href":"https:\/\/api.w.org\/{rel}","templated":true}]}}