{"id":438,"date":"2023-06-12T10:27:54","date_gmt":"2023-06-12T10:27:54","guid":{"rendered":"https:\/\/circle2learning.eu\/tr\/?page_id=438"},"modified":"2025-02-07T15:14:45","modified_gmt":"2025-02-07T15:14:45","slug":"agriculture","status":"publish","type":"page","link":"https:\/\/circle2learning.eu\/tr\/agriculture\/","title":{"rendered":"Agriculture"},"content":{"rendered":"<p>[et_pb_section fb_built=&#8221;1&#8243; fullwidth=&#8221;on&#8221; _builder_version=&#8221;4.21.0&#8243; _module_preset=&#8221;default&#8221; background_color=&#8221;RGBA(255,255,255,0)&#8221; background_image=&#8221;https:\/\/circle2learning.eu\/tr\/wp-content\/uploads\/2023\/04\/jan-kopriva-LTMaAwxanGk-unsplash-scaled.jpg&#8221; global_colors_info=&#8221;{}&#8221;][et_pb_fullwidth_slider use_bg_overlay=&#8221;off&#8221; _builder_version=&#8221;4.21.0&#8243; _module_preset=&#8221;default&#8221; header_font=&#8221;|700|||||||&#8221; header_letter_spacing=&#8221;1px&#8221; header_line_height=&#8221;1.7em&#8221; body_font=&#8221;|600|||||||&#8221; body_font_size=&#8221;16px&#8221; body_letter_spacing=&#8221;1px&#8221; body_line_height=&#8221;1.8em&#8221; background_color=&#8221;RGBA(255,255,255,0)&#8221; background_image=&#8221;https:\/\/circle2learning.eu\/tr\/wp-content\/uploads\/2023\/04\/carles-rabada-hd2jIyRo7iY-unsplash-scaled.jpg&#8221; animation_style=&#8221;fade&#8221; background_color_tablet=&#8221;#686868&#8243; background_color_phone=&#8221;#999999&#8243; background_last_edited=&#8221;off|tablet&#8221; background_enable_color_tablet=&#8221;on&#8221; background_enable_color_phone=&#8221;on&#8221; global_colors_info=&#8221;{}&#8221;][et_pb_slide heading=&#8221;Tar\u0131m&#8221; _builder_version=&#8221;4.21.0&#8243; _module_preset=&#8221;default&#8221; body_font=&#8221;|700|||||||&#8221; body_font_size=&#8221;20px&#8221; body_letter_spacing=&#8221;2px&#8221; background_color=&#8221;#6daa1d&#8221; background_enable_color=&#8221;on&#8221; body_text_shadow_style=&#8221;preset5&#8243; text_shadow_style=&#8221;preset2&#8243; text_shadow_horizontal_length=&#8221;0.11em&#8221; text_shadow_vertical_length=&#8221;0.17em&#8221; global_colors_info=&#8221;{}&#8221; sticky_transition=&#8221;on&#8221;]<\/p>\n<p style=\"text-align: justify;\"><span>Tar\u0131m, Avrupa&#8217;n\u0131n ekonomisi, g\u0131da g\u00fcvenli\u011fi ve k\u0131rsal kalk\u0131nmas\u0131nda hayati bir rol oynamaktad\u0131r. D\u00f6ng\u00fcsel ekonomi ilkelerinin entegrasyonu yoluyla, Avrupa&#8217;daki tar\u0131m sekt\u00f6r\u00fc daha s\u00fcrd\u00fcr\u00fclebilir ve kaynaklar\u0131 verimli kullanan bir sisteme ge\u00e7meyi hedeflemektedir. Bu b\u00f6l\u00fcmde tar\u0131m ve d\u00f6ng\u00fcsel ekonominin entegrasyonuna ili\u015fkin e\u011fitim materyalleri yer almaktad\u0131r.<\/span><\/p>\n<p>[\/et_pb_slide][\/et_pb_fullwidth_slider][\/et_pb_section][et_pb_section fb_built=&#8221;1&#8243; specialty=&#8221;on&#8221; admin_label=&#8221;All Courses&#8221; _builder_version=&#8221;4.16&#8243; custom_padding=&#8221;100px|0px|100px|0px&#8221; global_colors_info=&#8221;{}&#8221;][et_pb_column type=&#8221;1_3&#8243; _builder_version=&#8221;4.16&#8243; custom_padding=&#8221;|||&#8221; global_colors_info=&#8221;{}&#8221; parallax__hover=&#8221;off&#8221; parallax_method__hover=&#8221;on&#8221; custom_padding__hover=&#8221;|||&#8221;][et_pb_text _builder_version=&#8221;4.27.2&#8243; text_text_color=&#8221;#000000&#8243; header_font=&#8221;||||||||&#8221; header_text_color=&#8221;#000000&#8243; header_2_font=&#8221;|700|||||||&#8221; header_2_text_color=&#8221;#7272ff&#8221; header_2_font_size=&#8221;36px&#8221; header_2_line_height=&#8221;1.3em&#8221; custom_margin=&#8221;||20px|&#8221; animation_style=&#8221;slide&#8221; animation_direction=&#8221;bottom&#8221; animation_intensity_slide=&#8221;10%&#8221; locked=&#8221;off&#8221; global_colors_info=&#8221;{}&#8221; header_font_size__hover=&#8221;30px&#8221; header_font_size__hover_enabled=&#8221;30px&#8221; header_letter_spacing__hover=&#8221;0px&#8221; header_letter_spacing__hover_enabled=&#8221;0px&#8221; header_text_shadow_style__hover=&#8221;none&#8221; header_text_shadow_style__hover_enabled=&#8221;none&#8221; header_text_shadow_color__hover=&#8221;rgba(0,0,0,0.4)&#8221; header_text_shadow_color__hover_enabled=&#8221;rgba(0,0,0,0.4)&#8221;]<\/p>\n<h2>D\u00f6ng\u00fcsel Ekonomi ve Tar\u0131m Ders Birimleri<\/h2>\n<p>[\/et_pb_text][et_pb_divider color=&#8221;#09e1c0&#8243; divider_weight=&#8221;4px&#8221; disabled_on=&#8221;on|on|off&#8221; _builder_version=&#8221;4.16&#8243; background_size=&#8221;initial&#8221; background_position=&#8221;top_left&#8221; background_repeat=&#8221;repeat&#8221; max_width=&#8221;40px&#8221; module_alignment=&#8221;left&#8221; custom_margin=&#8221;||10px|&#8221; animation_style=&#8221;zoom&#8221; animation_direction=&#8221;left&#8221; saved_tabs=&#8221;all&#8221; locked=&#8221;off&#8221; global_colors_info=&#8221;{}&#8221;][\/et_pb_divider][et_pb_text _builder_version=&#8221;4.27.2&#8243; text_font=&#8221;||||||||&#8221; text_text_color=&#8221;#8585bd&#8221; text_font_size=&#8221;16px&#8221; text_line_height=&#8221;1.9em&#8221; header_font=&#8221;||||||||&#8221; header_4_font=&#8221;|700|||||||&#8221; header_4_font_size=&#8221;16px&#8221; header_4_line_height=&#8221;1.9em&#8221; animation_style=&#8221;zoom&#8221; animation_intensity_zoom=&#8221;6%&#8221; locked=&#8221;off&#8221; global_colors_info=&#8221;{}&#8221;]<\/p>\n<h4>Tar\u0131m sekt\u00f6r\u00fc farkl\u0131 becerilere sahip \u00e7ok \u00e7e\u015fitli insanlar\u0131 istihdam etmektedir<\/h4>\n<p>Avrupa&#8217;daki tar\u0131m sekt\u00f6r\u00fc ve d\u00f6ng\u00fcsel ekonomi kavram\u0131, s\u00fcrd\u00fcr\u00fclebilir uygulamalar\u0131 te\u015fvik etmek, at\u0131klar\u0131 azaltmak ve kaynak verimlili\u011fini en \u00fcst d\u00fczeye \u00e7\u0131karmak i\u00e7in g\u00f6sterilen \u00e7abalar nedeniyle yak\u0131ndan i\u00e7 i\u00e7e ge\u00e7mi\u015ftir.<\/p>\n<p>D\u00f6ng\u00fcsel ekonomi mod\u00fclleri, \u00f6\u011frencilere ve mesleki e\u011fitimcilere s\u00fcrd\u00fcr\u00fclebilirlik ve d\u00f6ng\u00fcsel ekonomiyi yapt\u0131klar\u0131 i\u015fin merkezine koymalar\u0131 i\u00e7in bir f\u0131rsat sunmaktad\u0131r. Her sekt\u00f6r daha az at\u0131k i\u00e7eren, karbon etkisini azaltan ve daha enerji verimli yeni \u00e7al\u0131\u015fma y\u00f6ntemleri tan\u0131mlayabilir.<\/p>\n<p>[\/et_pb_text][et_pb_divider divider_weight=&#8221;4px&#8221; _builder_version=&#8221;4.21.0&#8243; _module_preset=&#8221;default&#8221; global_colors_info=&#8221;{}&#8221;][\/et_pb_divider][et_pb_blurb title=&#8221;Kaynak Paketi 1&#8243; url=&#8221;https:\/\/circle2learning.eu\/tr\/agriculture-resource-pack-1\/&#8221; image=&#8221;https:\/\/circle2learning.eu\/tr\/wp-content\/uploads\/2023\/06\/icons8-books-80.png&#8221; icon_placement=&#8221;left&#8221; image_icon_width=&#8221;180%&#8221; _builder_version=&#8221;4.27.2&#8243; _module_preset=&#8221;default&#8221; header_font=&#8221;|700|||||||&#8221; header_line_height=&#8221;1.5em&#8221; body_text_color=&#8221;#000000&#8243; body_line_height=&#8221;1.9em&#8221; link_option_url=&#8221;https:\/\/circle2learning.eu\/tr\/agriculture-resource-pack-1\/&#8221; global_colors_info=&#8221;{}&#8221;]<\/p>\n<p>D\u00f6ng\u00fcsel ekonomi yolculu\u011funuzla ilgili dosyalara ve ara\u00e7lara eri\u015fin.<\/p>\n<p>[\/et_pb_blurb][et_pb_blurb title=&#8221;Kaynak Paketi  2&#8243; url=&#8221;https:\/\/circle2learning.eu\/tr\/agriculture-resource-pack-2\/&#8221; image=&#8221;https:\/\/circle2learning.eu\/tr\/wp-content\/uploads\/2023\/06\/icons8-books-80.png&#8221; icon_placement=&#8221;left&#8221; _builder_version=&#8221;4.27.2&#8243; _module_preset=&#8221;default&#8221; header_font=&#8221;|700|||||||&#8221; header_line_height=&#8221;1.5em&#8221; body_text_color=&#8221;#000000&#8243; body_line_height=&#8221;1.9em&#8221; link_option_url=&#8221;https:\/\/circle2learning.eu\/tr\/agriculture-resource-pack-2\/&#8221; global_colors_info=&#8221;{}&#8221;]<\/p>\n<p>D\u00f6ng\u00fcsel ekonomi yolculu\u011funuzla ilgili dosyalara ve ara\u00e7lara eri\u015fin.<\/p>\n<p>[\/et_pb_blurb][et_pb_blurb title=&#8221;Tar\u0131m R\u00f6portajlar\u0131&#8221; url=&#8221;https:\/\/circle2learning.eu\/tr\/wp-content\/uploads\/2025\/02\/CIRCLE2_Interview.Agri_TR.pdf&#8221; url_new_window=&#8221;on&#8221; image=&#8221;https:\/\/circle2learning.eu\/tr\/wp-content\/uploads\/2023\/06\/icons8-books-80.png&#8221; icon_placement=&#8221;left&#8221; _builder_version=&#8221;4.27.4&#8243; _module_preset=&#8221;default&#8221; header_font=&#8221;|700|||||||&#8221; header_line_height=&#8221;1.5em&#8221; body_text_color=&#8221;#000000&#8243; body_line_height=&#8221;1.9em&#8221; link_option_url=&#8221;https:\/\/circle2learning.eu\/tr\/wp-content\/uploads\/2025\/02\/CIRCLE2_Interview.Agri_TR.pdf&#8221; link_option_url_new_window=&#8221;on&#8221; global_colors_info=&#8221;{}&#8221;]<\/p>\n<p>Tar\u0131m i\u00e7in yap\u0131lan g\u00f6r\u00fc\u015fmelerin bir derlemesi<\/p>\n<p>[\/et_pb_blurb][\/et_pb_column][et_pb_column type=&#8221;2_3&#8243; specialty_columns=&#8221;2&#8243; _builder_version=&#8221;4.16&#8243; custom_padding=&#8221;|||&#8221; global_colors_info=&#8221;{}&#8221; parallax__hover=&#8221;off&#8221; parallax_method__hover=&#8221;on&#8221; custom_padding__hover=&#8221;|||&#8221;][et_pb_row_inner use_custom_gutter=&#8221;on&#8221; gutter_width=&#8221;1&#8243; _builder_version=&#8221;4.19.5&#8243; width=&#8221;100%&#8221; custom_margin=&#8221;|106px||||&#8221; custom_padding=&#8221;0px|0px|0px|0px&#8221; animation_style=&#8221;zoom&#8221; animation_intensity_zoom=&#8221;6%&#8221; box_shadow_style=&#8221;preset1&#8243; box_shadow_vertical=&#8221;10px&#8221; box_shadow_blur=&#8221;60px&#8221; box_shadow_color=&#8221;rgba(71,74,182,0.12)&#8221; global_colors_info=&#8221;{}&#8221;][et_pb_column_inner saved_specialty_column_type=&#8221;2_3&#8243; module_class=&#8221;et_pb_column_1_2&#8243; _builder_version=&#8221;4.16&#8243; custom_padding=&#8221;|||&#8221; global_colors_info=&#8221;{}&#8221; parallax__hover=&#8221;off&#8221; parallax_method__hover=&#8221;on&#8221; module_class__hover=&#8221;et_pb_column_1_2&#8243; custom_padding__hover=&#8221;|||&#8221;][et_pb_blurb title=&#8221;1. Tar\u0131m ve D\u00f6ng\u00fcsel Ekonomi&#8221; url=&#8221;https:\/\/circle2learning.eu\/tr\/agriculture-and-ce\/&#8221; image=&#8221;https:\/\/circle2learning.eu\/tr\/wp-content\/uploads\/2023\/07\/agriculture.png&#8221; icon_placement=&#8221;left&#8221; image_icon_width=&#8221;64px&#8221; content_max_width=&#8221;1100px&#8221; _builder_version=&#8221;4.27.2&#8243; header_font=&#8221;|on|||&#8221; header_text_color=&#8221;#2e2545&#8243; header_line_height=&#8221;1.5em&#8221; body_text_color=&#8221;#000000&#8243; body_line_height=&#8221;1.9em&#8221; background_color=&#8221;#ffffff&#8221; width=&#8221;100%&#8221; custom_margin=&#8221;|||&#8221; custom_padding=&#8221;30px|30px|30px|30px&#8221; animation_style=&#8221;zoom&#8221; animation_direction=&#8221;bottom&#8221; animation_intensity_zoom=&#8221;20%&#8221; animation_starting_opacity=&#8221;100%&#8221; link_option_url=&#8221;https:\/\/circle2learning.eu\/tr\/agriculture-and-ce\/&#8221; box_shadow_style=&#8221;preset7&#8243; box_shadow_horizontal=&#8221;-1px&#8221; box_shadow_vertical=&#8221;-1px&#8221; box_shadow_color=&#8221;rgba(71,74,182,0.12)&#8221; image_max_width=&#8221;64px&#8221; locked=&#8221;off&#8221; global_colors_info=&#8221;{}&#8221;]<\/p>\n<p>Tar\u0131m ve d\u00f6ng\u00fcsel ekonomi, s\u00fcrd\u00fcr\u00fclebilir ve kaynaklar\u0131 verimli kullanan tar\u0131msal uygulamalar i\u00e7in muazzam bir potansiyele sahip, birbiriyle ba\u011flant\u0131l\u0131 kavramlard\u0131r. Bu b\u00f6l\u00fcm, tar\u0131m ba\u011flam\u0131nda d\u00f6ng\u00fcsel ekonomiyi ele almakta, do\u011fal kaynaklar\u0131n kullan\u0131m\u0131n\u0131 optimize etmeyi, \u00e7evresel etkileri azaltmay\u0131 ve genel tar\u0131msal verimlili\u011fi art\u0131rmay\u0131 ama\u00e7lamaktad\u0131r.<\/p>\n<p>[\/et_pb_blurb][et_pb_blurb title=&#8221;2. Tar\u0131m ve \u00c7iftlik Girdileri&#8221; url=&#8221;https:\/\/circle2learning.eu\/tr\/agriculture-and-farm-inputs\/&#8221; image=&#8221;https:\/\/circle2learning.eu\/tr\/wp-content\/uploads\/2023\/07\/agriculture-1.png&#8221; icon_placement=&#8221;left&#8221; image_icon_width=&#8221;64px&#8221; content_max_width=&#8221;1100px&#8221; _builder_version=&#8221;4.27.3&#8243; header_font=&#8221;|on|||&#8221; header_text_color=&#8221;#2e2545&#8243; header_line_height=&#8221;1.5em&#8221; body_text_color=&#8221;#000000&#8243; body_line_height=&#8221;1.9em&#8221; background_color=&#8221;#ffffff&#8221; width=&#8221;100%&#8221; custom_margin=&#8221;|||&#8221; custom_padding=&#8221;30px|30px|30px|30px&#8221; animation_style=&#8221;zoom&#8221; animation_direction=&#8221;bottom&#8221; animation_intensity_zoom=&#8221;20%&#8221; animation_starting_opacity=&#8221;100%&#8221; link_option_url=&#8221;https:\/\/circle2learning.eu\/tr\/agriculture-and-farm-inputs\/&#8221; box_shadow_style=&#8221;preset7&#8243; box_shadow_horizontal=&#8221;-1px&#8221; box_shadow_vertical=&#8221;-1px&#8221; box_shadow_color=&#8221;rgba(71,74,182,0.12)&#8221; image_max_width=&#8221;64px&#8221; locked=&#8221;off&#8221; global_colors_info=&#8221;{}&#8221;]<\/p>\n<p>Tar\u0131m ve \u00e7iftlik girdilerinde d\u00f6ng\u00fcsel ekonomi, tar\u0131msal uygulamalar\u0131 daha s\u00fcrd\u00fcr\u00fclebilir, kaynaklar\u0131 verimli kullanan ve \u00e7evre dostu hale getirmeyi ama\u00e7layan d\u00f6n\u00fc\u015ft\u00fcr\u00fcc\u00fc bir yakla\u015f\u0131m\u0131 temsil etmektedir. Bu b\u00f6l\u00fcm s\u00fcrd\u00fcr\u00fclebilir kaynak kullan\u0131m\u0131, hassas tar\u0131m ve \u00e7ok daha fazlas\u0131na odaklanmaktad\u0131r. D\u00f6ng\u00fcsel yakla\u015f\u0131m\u0131 benimsemek, gelecek nesillerin kendi ihtiya\u00e7lar\u0131n\u0131 kar\u015f\u0131lama yetene\u011finden \u00f6d\u00fcn vermeden bug\u00fcn\u00fcn ihtiya\u00e7lar\u0131n\u0131 kar\u015f\u0131layan esnek, s\u00fcrd\u00fcr\u00fclebilir ve rejeneratif bir tar\u0131m sistemi olu\u015fturmak i\u00e7in gereklidir.<\/p>\n<p>[\/et_pb_blurb][et_pb_blurb title=&#8221;3. G\u0131da \u0130sraf\u0131n\u0131n \u00d6nlenmesi &#8211; \u00dcretim A\u015famas\u0131&#8221; url=&#8221;https:\/\/circle2learning.eu\/tr\/agriculture-and-production\/&#8221; image=&#8221;https:\/\/circle2learning.eu\/tr\/wp-content\/uploads\/2023\/07\/food-waste.png&#8221; icon_placement=&#8221;left&#8221; image_icon_width=&#8221;64px&#8221; content_max_width=&#8221;1100px&#8221; _builder_version=&#8221;4.27.2&#8243; header_font=&#8221;|on|||&#8221; header_text_color=&#8221;#2e2545&#8243; header_line_height=&#8221;1.5em&#8221; body_text_color=&#8221;#000000&#8243; body_line_height=&#8221;1.9em&#8221; background_color=&#8221;#ffffff&#8221; custom_margin=&#8221;|||&#8221; custom_padding=&#8221;30px|30px|30px|30px&#8221; animation_style=&#8221;zoom&#8221; animation_direction=&#8221;bottom&#8221; animation_intensity_zoom=&#8221;20%&#8221; animation_starting_opacity=&#8221;100%&#8221; link_option_url=&#8221;https:\/\/circle2learning.eu\/tr\/agriculture-and-production\/&#8221; box_shadow_style=&#8221;preset7&#8243; box_shadow_horizontal=&#8221;-1px&#8221; box_shadow_vertical=&#8221;-1px&#8221; box_shadow_color=&#8221;rgba(71,74,182,0.12)&#8221; image_max_width=&#8221;64px&#8221; locked=&#8221;off&#8221; global_colors_info=&#8221;{}&#8221;]<\/p>\n<p>\u00dcretim a\u015famas\u0131nda g\u0131da israf\u0131n\u0131n \u00f6nlenmesi, k\u00fcresel g\u0131da israf\u0131 sorununu ele alman\u0131n kritik bir y\u00f6n\u00fcd\u00fcr. G\u0131da \u00fcretiminin \u00e7e\u015fitli a\u015famalar\u0131nda g\u0131da kayb\u0131n\u0131 ve israf\u0131n\u0131 en aza indirmek i\u00e7in \u00fcreticiler, \u00e7ift\u00e7iler ve tar\u0131msal end\u00fcstriler taraf\u0131ndan al\u0131nan proaktif \u00f6nlemleri ifade eder. Bu b\u00f6l\u00fcm, \u00fcretim a\u015famas\u0131nda g\u0131da israf\u0131n\u0131 \u00f6nlemek i\u00e7in uygulanacak stratejileri kapsamaktad\u0131r<\/p>\n<p>[\/et_pb_blurb][et_pb_blurb title=&#8221;4. Tar\u0131mda Do\u011fal Olmayan G\u0131da At\u0131klar\u0131&#8221; url=&#8221;https:\/\/circle2learning.eu\/tr\/agriculture-and-non-natural-waste\/&#8221; image=&#8221;https:\/\/circle2learning.eu\/tr\/wp-content\/uploads\/2023\/07\/garbage.png&#8221; icon_placement=&#8221;left&#8221; image_icon_width=&#8221;64px&#8221; content_max_width=&#8221;1100px&#8221; _builder_version=&#8221;4.27.2&#8243; header_font=&#8221;|on|||&#8221; header_text_color=&#8221;#2e2545&#8243; header_line_height=&#8221;1.5em&#8221; body_text_color=&#8221;#000000&#8243; body_line_height=&#8221;1.9em&#8221; background_color=&#8221;#ffffff&#8221; custom_margin=&#8221;|||&#8221; custom_padding=&#8221;30px|30px|30px|30px&#8221; animation_style=&#8221;zoom&#8221; animation_direction=&#8221;bottom&#8221; animation_intensity_zoom=&#8221;20%&#8221; animation_starting_opacity=&#8221;100%&#8221; link_option_url=&#8221;https:\/\/circle2learning.eu\/tr\/agriculture-and-non-natural-waste\/&#8221; box_shadow_style=&#8221;preset7&#8243; box_shadow_horizontal=&#8221;-1px&#8221; box_shadow_vertical=&#8221;-1px&#8221; box_shadow_color=&#8221;rgba(71,74,182,0.12)&#8221; image_max_width=&#8221;64px&#8221; locked=&#8221;off&#8221; global_colors_info=&#8221;{}&#8221;]<\/p>\n<p>Bu b\u00f6l\u00fcm tar\u0131mda do\u011fal olmayan g\u0131da at\u0131klar\u0131n\u0131 kapsamaktad\u0131r. Bu t\u00fcr g\u0131da at\u0131klar\u0131 tar\u0131m\u0131n \u00fcretim, i\u015fleme ve da\u011f\u0131t\u0131m a\u015famalar\u0131nda ortaya \u00e7\u0131kar ve \u00f6nemli sosyal, ekonomik ve \u00e7evresel etkileri olabilir. Tar\u0131mda g\u0131da at\u0131\u011f\u0131n\u0131 en aza indirerek kaynaklar\u0131n daha iyi kullan\u0131lmas\u0131n\u0131 sa\u011flayabilir, g\u0131da g\u00fcvenli\u011fini art\u0131rabilir ve g\u0131da \u00fcretimi ve bertaraf\u0131 ile ili\u015fkili \u00e7evresel etkileri azaltabiliriz.<\/p>\n<p>[\/et_pb_blurb][et_pb_blurb title=&#8221;5. Organik At\u0131klardan De\u011fer Yaratmak&#8221; url=&#8221;https:\/\/circle2learning.eu\/tr\/agriculture-value-from-organic-wastes\/&#8221; image=&#8221;https:\/\/circle2learning.eu\/tr\/wp-content\/uploads\/2023\/07\/fertilizer.png&#8221; icon_placement=&#8221;left&#8221; image_icon_width=&#8221;64px&#8221; content_max_width=&#8221;1100px&#8221; _builder_version=&#8221;4.27.2&#8243; header_font=&#8221;|on|||&#8221; header_text_color=&#8221;#2e2545&#8243; header_line_height=&#8221;1.5em&#8221; body_text_color=&#8221;#000000&#8243; body_line_height=&#8221;1.9em&#8221; background_color=&#8221;#ffffff&#8221; custom_margin=&#8221;|||&#8221; custom_padding=&#8221;30px|30px|30px|30px&#8221; animation_style=&#8221;zoom&#8221; animation_direction=&#8221;bottom&#8221; animation_intensity_zoom=&#8221;20%&#8221; animation_starting_opacity=&#8221;100%&#8221; link_option_url=&#8221;https:\/\/circle2learning.eu\/tr\/agriculture-value-from-organic-wastes\/&#8221; box_shadow_style=&#8221;preset7&#8243; box_shadow_horizontal=&#8221;-1px&#8221; box_shadow_vertical=&#8221;-1px&#8221; box_shadow_color=&#8221;rgba(71,74,182,0.12)&#8221; image_max_width=&#8221;64px&#8221; locked=&#8221;off&#8221; global_colors_info=&#8221;{}&#8221;]<\/p>\n<p>Organik at\u0131klardan de\u011fer elde etmek, at\u0131klar\u0131 de\u011ferli bir kayna\u011fa d\u00f6n\u00fc\u015ft\u00fcren s\u00fcrd\u00fcr\u00fclebilir ve yenilik\u00e7i bir yakla\u015f\u0131md\u0131r. G\u0131da art\u0131klar\u0131, tar\u0131msal kal\u0131nt\u0131lar ve ye\u015fil at\u0131klar gibi organik at\u0131klar, faydal\u0131 \u00fcr\u00fcnler olu\u015fturmak, enerji \u00fcretmek ve d\u00f6ng\u00fcsel ekonomiye katk\u0131da bulunmak i\u00e7in \u00e7e\u015fitli s\u00fcre\u00e7lerle d\u00f6n\u00fc\u015ft\u00fcr\u00fclebilir.<\/p>\n<p>[\/et_pb_blurb][et_pb_blurb title=&#8221;6. Karbon ve Tar\u0131m Sekt\u00f6r\u00fc&#8221; url=&#8221;https:\/\/circle2learning.eu\/tr\/agriculture-and-carbon\/&#8221; image=&#8221;https:\/\/circle2learning.eu\/tr\/wp-content\/uploads\/2023\/07\/co2.png&#8221; icon_placement=&#8221;left&#8221; image_icon_width=&#8221;64px&#8221; content_max_width=&#8221;1100px&#8221; _builder_version=&#8221;4.27.2&#8243; header_font=&#8221;|on|||&#8221; header_text_color=&#8221;#2e2545&#8243; header_line_height=&#8221;1.5em&#8221; body_text_color=&#8221;#000000&#8243; body_line_height=&#8221;1.9em&#8221; background_color=&#8221;#ffffff&#8221; custom_margin=&#8221;|||&#8221; custom_padding=&#8221;30px|30px|30px|30px&#8221; animation_style=&#8221;zoom&#8221; animation_direction=&#8221;bottom&#8221; animation_intensity_zoom=&#8221;20%&#8221; animation_starting_opacity=&#8221;100%&#8221; link_option_url=&#8221;https:\/\/circle2learning.eu\/tr\/agriculture-and-carbon\/&#8221; box_shadow_style=&#8221;preset7&#8243; box_shadow_horizontal=&#8221;-1px&#8221; box_shadow_vertical=&#8221;-1px&#8221; box_shadow_color=&#8221;rgba(71,74,182,0.12)&#8221; image_max_width=&#8221;64px&#8221; locked=&#8221;off&#8221; global_colors_info=&#8221;{}&#8221;]<\/p>\n<p>Karbon ve tar\u0131m sekt\u00f6r\u00fc karma\u015f\u0131k ve birbirine ba\u011fl\u0131 bir ili\u015fkiye sahiptir. Tar\u0131m, karbon emisyonlar\u0131na hem katk\u0131da bulunmada hem de azaltmada \u00f6nemli bir rol oynamakta ve bu da onu iklim de\u011fi\u015fikli\u011fiyle m\u00fccadelede \u00e7ok \u00f6nemli bir oyuncu haline getirmektedir. Sekt\u00f6r, iklim-ak\u0131ll\u0131 tar\u0131m\u0131 benimseyerek ve karbon dostu uygulamalar\u0131 hayata ge\u00e7irerek, g\u0131da g\u00fcvenli\u011fi ve s\u00fcrd\u00fcr\u00fclebilir kalk\u0131nmay\u0131 sa\u011flarken iklim de\u011fi\u015fikli\u011fiyle m\u00fccadeleye y\u00f6nelik k\u00fcresel \u00e7abalara da \u00f6nemli \u00f6l\u00e7\u00fcde katk\u0131da bulunabilir.<\/p>\n<p>[\/et_pb_blurb][\/et_pb_column_inner][\/et_pb_row_inner][\/et_pb_column][\/et_pb_section]<\/p>\n","protected":false},"excerpt":{"rendered":"<p>Tar\u0131m, Avrupa&#8217;n\u0131n ekonomisi, g\u0131da g\u00fcvenli\u011fi ve k\u0131rsal kalk\u0131nmas\u0131nda hayati bir rol oynamaktad\u0131r. D\u00f6ng\u00fcsel ekonomi ilkelerinin entegrasyonu yoluyla, Avrupa&#8217;daki tar\u0131m sekt\u00f6r\u00fc daha s\u00fcrd\u00fcr\u00fclebilir ve kaynaklar\u0131 verimli kullanan bir sisteme ge\u00e7meyi hedeflemektedir. Bu b\u00f6l\u00fcmde tar\u0131m ve d\u00f6ng\u00fcsel ekonominin entegrasyonuna ili\u015fkin e\u011fitim materyalleri yer almaktad\u0131r.D\u00f6ng\u00fcsel Ekonomi ve Tar\u0131m Ders BirimleriTar\u0131m sekt\u00f6r\u00fc farkl\u0131 becerilere sahip \u00e7ok \u00e7e\u015fitli insanlar\u0131 istihdam [&hellip;]<\/p>\n","protected":false},"author":4,"featured_media":0,"parent":0,"menu_order":0,"comment_status":"closed","ping_status":"closed","template":"","meta":{"_et_pb_use_builder":"on","_et_pb_old_content":"","_et_gb_content_width":"","footnotes":""},"class_list":["post-438","page","type-page","status-publish","hentry"],"_links":{"self":[{"href":"https:\/\/circle2learning.eu\/tr\/wp-json\/wp\/v2\/pages\/438","targetHints":{"allow":["GET"]}}],"collection":[{"href":"https:\/\/circle2learning.eu\/tr\/wp-json\/wp\/v2\/pages"}],"about":[{"href":"https:\/\/circle2learning.eu\/tr\/wp-json\/wp\/v2\/types\/page"}],"author":[{"embeddable":true,"href":"https:\/\/circle2learning.eu\/tr\/wp-json\/wp\/v2\/users\/4"}],"replies":[{"embeddable":true,"href":"https:\/\/circle2learning.eu\/tr\/wp-json\/wp\/v2\/comments?post=438"}],"version-history":[{"count":26,"href":"https:\/\/circle2learning.eu\/tr\/wp-json\/wp\/v2\/pages\/438\/revisions"}],"predecessor-version":[{"id":1395,"href":"https:\/\/circle2learning.eu\/tr\/wp-json\/wp\/v2\/pages\/438\/revisions\/1395"}],"wp:attachment":[{"href":"https:\/\/circle2learning.eu\/tr\/wp-json\/wp\/v2\/media?parent=438"}],"curies":[{"name":"wp","href":"https:\/\/api.w.org\/{rel}","templated":true}]}}