{"id":557,"date":"2023-07-04T07:52:23","date_gmt":"2023-07-04T07:52:23","guid":{"rendered":"https:\/\/circle2learning.eu\/tr\/?page_id=557"},"modified":"2025-02-10T11:48:06","modified_gmt":"2025-02-10T11:48:06","slug":"tourism-resource-pack-1","status":"publish","type":"page","link":"https:\/\/circle2learning.eu\/tr\/tourism-resource-pack-1\/","title":{"rendered":"Tourism Resource Pack 1"},"content":{"rendered":"<p>[et_pb_section fb_built=&#8221;1&#8243; _builder_version=&#8221;4.21.0&#8243; _module_preset=&#8221;default&#8221; global_colors_info=&#8221;{}&#8221;][et_pb_row _builder_version=&#8221;4.21.0&#8243; _module_preset=&#8221;default&#8221; global_colors_info=&#8221;{}&#8221;][et_pb_column type=&#8221;4_4&#8243; _builder_version=&#8221;4.21.0&#8243; _module_preset=&#8221;default&#8221; global_colors_info=&#8221;{}&#8221;][et_pb_text _builder_version=&#8221;4.21.0&#8243; _module_preset=&#8221;default&#8221; global_colors_info=&#8221;{}&#8221;]<\/p>\n<h2><strong>Turizm Kaynak Paketi 1<\/strong><\/h2>\n<p>[\/et_pb_text][et_pb_button button_url=&#8221;https:\/\/circle2learning.eu\/tr\/wp-content\/uploads\/2025\/02\/Tourism-TR-RP1.zip&#8221; button_text=&#8221;Turizm Kaynak Paketi 1 Y\u00fckle Zip File olarak&#8221; button_alignment=&#8221;center&#8221; _builder_version=&#8221;4.27.4&#8243; _module_preset=&#8221;default&#8221; hover_enabled=&#8221;0&#8243; custom_css_before=&#8221;et-download-button&#8221; global_colors_info=&#8221;{}&#8221; sticky_enabled=&#8221;0&#8243;][\/et_pb_button][\/et_pb_column][\/et_pb_row][et_pb_row column_structure=&#8221;1_3,2_3&#8243; _builder_version=&#8221;4.21.0&#8243; _module_preset=&#8221;default&#8221; global_colors_info=&#8221;{}&#8221;][et_pb_column type=&#8221;1_3&#8243; _builder_version=&#8221;4.21.0&#8243; _module_preset=&#8221;default&#8221; global_colors_info=&#8221;{}&#8221;][et_pb_image src=&#8221;https:\/\/circle2learning.eu\/tr\/wp-content\/uploads\/2023\/07\/Resource-Pack-1-1.png&#8221; title_text=&#8221;Resource Pack 1-1&#8243; _builder_version=&#8221;4.21.0&#8243; _module_preset=&#8221;default&#8221; global_colors_info=&#8221;{}&#8221;][\/et_pb_image][\/et_pb_column][et_pb_column type=&#8221;2_3&#8243; _builder_version=&#8221;4.21.0&#8243; _module_preset=&#8221;default&#8221; global_colors_info=&#8221;{}&#8221;][et_pb_text _builder_version=&#8221;4.21.0&#8243; _module_preset=&#8221;default&#8221; global_colors_info=&#8221;{}&#8221;]<\/p>\n<h4><strong>CIRCLE Etkinlik g\u00f6nderisi yarat\u0131c\u0131s\u0131<\/strong><\/h4>\n<p>Bu Excel tabanl\u0131 ara\u00e7, etkinliklerinizin s\u00fcrd\u00fcr\u00fclebilirlik y\u00f6nlerini te\u015fvik etme konusunda rehberlik sa\u011flar. Bu, m\u00fc\u015fterilerinize ve sizin gibi d\u00fc\u015f\u00fcnen insanlara ula\u015fman\u0131za ve d\u00f6ng\u00fcsel ekonomiyi etkinliklerinizin merkezine yerle\u015ftirmenize yard\u0131mc\u0131 olacakt\u0131r.<\/p>\n<p>[\/et_pb_text][\/et_pb_column][\/et_pb_row][et_pb_row column_structure=&#8221;1_3,2_3&#8243; _builder_version=&#8221;4.21.0&#8243; _module_preset=&#8221;default&#8221; global_colors_info=&#8221;{}&#8221;][et_pb_column type=&#8221;1_3&#8243; _builder_version=&#8221;4.21.0&#8243; _module_preset=&#8221;default&#8221; global_colors_info=&#8221;{}&#8221;][et_pb_image src=&#8221;https:\/\/circle2learning.eu\/tr\/wp-content\/uploads\/2023\/07\/Resource-Pack-1-2.png&#8221; title_text=&#8221;Resource Pack 1-2&#8243; _builder_version=&#8221;4.21.0&#8243; _module_preset=&#8221;default&#8221; global_colors_info=&#8221;{}&#8221;][\/et_pb_image][\/et_pb_column][et_pb_column type=&#8221;2_3&#8243; _builder_version=&#8221;4.21.0&#8243; _module_preset=&#8221;default&#8221; global_colors_info=&#8221;{}&#8221;][et_pb_text _builder_version=&#8221;4.21.0&#8243; _module_preset=&#8221;default&#8221; global_colors_info=&#8221;{}&#8221;]<\/p>\n<h4><strong>CIRCLE Yerler i\u00e7in kontrol listesi<\/strong><\/h4>\n<p>M\u00fczeler ve \u015fehir \u00e7ap\u0131ndaki turistik mekanlar gibi ilgi \u00e7ekici yerlere y\u00f6nelik operasyonunuzun d\u00f6ng\u00fcselli\u011fini incelemek i\u00e7in bu kontrol listesi arac\u0131n\u0131 kullan\u0131n.<\/p>\n<p>[\/et_pb_text][\/et_pb_column][\/et_pb_row][et_pb_row column_structure=&#8221;1_3,2_3&#8243; _builder_version=&#8221;4.21.0&#8243; _module_preset=&#8221;default&#8221; global_colors_info=&#8221;{}&#8221;][et_pb_column type=&#8221;1_3&#8243; _builder_version=&#8221;4.21.0&#8243; _module_preset=&#8221;default&#8221; global_colors_info=&#8221;{}&#8221;][et_pb_image src=&#8221;https:\/\/circle2learning.eu\/tr\/wp-content\/uploads\/2023\/07\/Resource-Pack-1-3.png&#8221; title_text=&#8221;Resource Pack 1-3&#8243; _builder_version=&#8221;4.21.0&#8243; _module_preset=&#8221;default&#8221; global_colors_info=&#8221;{}&#8221;][\/et_pb_image][\/et_pb_column][et_pb_column type=&#8221;2_3&#8243; _builder_version=&#8221;4.21.0&#8243; _module_preset=&#8221;default&#8221; global_colors_info=&#8221;{}&#8221;][et_pb_text _builder_version=&#8221;4.21.0&#8243; _module_preset=&#8221;default&#8221; global_colors_info=&#8221;{}&#8221;]<\/p>\n<h4><strong>CIRCLE Karbon yolculu\u011fu tahmin arac\u0131<\/strong><\/h4>\n<p>Her g\u00fcn ula\u015f\u0131m \u015feklimizle ilgili kararlar veriyoruz. Ancak yolculu\u011fumuzun \u00e7evresel sonu\u00e7lar\u0131n\u0131n fark\u0131nda de\u011filiz. Yolculu\u011funuzu kar\u015f\u0131la\u015ft\u0131rmak i\u00e7in bu basit haz\u0131r hesaplay\u0131c\u0131<\/p>\n<p>[\/et_pb_text][\/et_pb_column][\/et_pb_row][et_pb_row column_structure=&#8221;1_3,2_3&#8243; _builder_version=&#8221;4.21.0&#8243; _module_preset=&#8221;default&#8221; global_colors_info=&#8221;{}&#8221;][et_pb_column type=&#8221;1_3&#8243; _builder_version=&#8221;4.21.0&#8243; _module_preset=&#8221;default&#8221; global_colors_info=&#8221;{}&#8221;][et_pb_image src=&#8221;https:\/\/circle2learning.eu\/tr\/wp-content\/uploads\/2023\/07\/Resource-Pack-1-4.png&#8221; title_text=&#8221;Resource Pack 1-4&#8243; _builder_version=&#8221;4.21.0&#8243; _module_preset=&#8221;default&#8221; global_colors_info=&#8221;{}&#8221;][\/et_pb_image][\/et_pb_column][et_pb_column type=&#8221;2_3&#8243; _builder_version=&#8221;4.21.0&#8243; _module_preset=&#8221;default&#8221; global_colors_info=&#8221;{}&#8221;][et_pb_text _builder_version=&#8221;4.21.0&#8243; _module_preset=&#8221;default&#8221; global_colors_info=&#8221;{}&#8221;]<\/p>\n<h4><strong>CIRCLE G\u0131da S\u00fcrd\u00fcr\u00fclebilirlik Kontrol\u00fc arac\u0131<\/strong><\/h4>\n<p>Bu ara\u00e7 size g\u0131da tedarikiniz, sa\u011flanan g\u0131da t\u00fcrleri ve ambalaj\u0131n ne \u00f6l\u00e7\u00fcde kullan\u0131ld\u0131\u011f\u0131 hakk\u0131nda sorular sorar. Puan\u0131n\u0131z\u0131n ne oldu\u011funu ve nerede iyile\u015ftirmeler yapabilece\u011finizi g\u00f6r\u00fcn<\/p>\n<p>[\/et_pb_text][\/et_pb_column][\/et_pb_row][\/et_pb_section]<\/p>\n","protected":false},"excerpt":{"rendered":"<p>Turizm Kaynak Paketi 1CIRCLE Etkinlik g\u00f6nderisi yarat\u0131c\u0131s\u0131 Bu Excel tabanl\u0131 ara\u00e7, etkinliklerinizin s\u00fcrd\u00fcr\u00fclebilirlik y\u00f6nlerini te\u015fvik etme konusunda rehberlik sa\u011flar. Bu, m\u00fc\u015fterilerinize ve sizin gibi d\u00fc\u015f\u00fcnen insanlara ula\u015fman\u0131za ve d\u00f6ng\u00fcsel ekonomiyi etkinliklerinizin merkezine yerle\u015ftirmenize yard\u0131mc\u0131 olacakt\u0131r.CIRCLE Yerler i\u00e7in kontrol listesi M\u00fczeler ve \u015fehir \u00e7ap\u0131ndaki turistik mekanlar gibi ilgi \u00e7ekici yerlere y\u00f6nelik operasyonunuzun d\u00f6ng\u00fcselli\u011fini incelemek i\u00e7in bu [&hellip;]<\/p>\n","protected":false},"author":2,"featured_media":0,"parent":0,"menu_order":0,"comment_status":"closed","ping_status":"closed","template":"","meta":{"_et_pb_use_builder":"on","_et_pb_old_content":"","_et_gb_content_width":"","footnotes":""},"class_list":["post-557","page","type-page","status-publish","hentry"],"_links":{"self":[{"href":"https:\/\/circle2learning.eu\/tr\/wp-json\/wp\/v2\/pages\/557","targetHints":{"allow":["GET"]}}],"collection":[{"href":"https:\/\/circle2learning.eu\/tr\/wp-json\/wp\/v2\/pages"}],"about":[{"href":"https:\/\/circle2learning.eu\/tr\/wp-json\/wp\/v2\/types\/page"}],"author":[{"embeddable":true,"href":"https:\/\/circle2learning.eu\/tr\/wp-json\/wp\/v2\/users\/2"}],"replies":[{"embeddable":true,"href":"https:\/\/circle2learning.eu\/tr\/wp-json\/wp\/v2\/comments?post=557"}],"version-history":[{"count":19,"href":"https:\/\/circle2learning.eu\/tr\/wp-json\/wp\/v2\/pages\/557\/revisions"}],"predecessor-version":[{"id":1403,"href":"https:\/\/circle2learning.eu\/tr\/wp-json\/wp\/v2\/pages\/557\/revisions\/1403"}],"wp:attachment":[{"href":"https:\/\/circle2learning.eu\/tr\/wp-json\/wp\/v2\/media?parent=557"}],"curies":[{"name":"wp","href":"https:\/\/api.w.org\/{rel}","templated":true}]}}